{"id":1477,"date":"2024-02-19T09:33:36","date_gmt":"2024-02-19T09:33:36","guid":{"rendered":"https:\/\/3dp.45612300.xyz\/?page_id=1477"},"modified":"2024-02-20T08:38:09","modified_gmt":"2024-02-20T08:38:09","slug":"demo","status":"publish","type":"page","link":"https:\/\/3dpmetal.com\/cs\/demo\/","title":{"rendered":"demo"},"content":{"rendered":"<div class=\"wp-block-greenshift-blocks-row alignfull gspb_row gspb_row-id-gsbp-06beeac\" id=\"gspb_row-id-gsbp-06beeac\"><div class=\"gspb_backgroundOverlay\"><\/div><div class=\"gspb_container__videoContainer\"><div class=\"gspb_videowrapper\"><video id=\"background-video-gsbp-06beeac\" playsinline muted loop autoplay><source src=\"https:\/\/3dpmetal.com\/wp-content\/uploads\/2024\/02\/d7e89d54-0b3d-4236-ac04-d5f66152809a.mp4\" type=\"video\/mp4\"\/><\/video><\/div><\/div><div class=\"gspb_row__content\"> \n<div class=\"wp-block-greenshift-blocks-row-column gspb_row__col--12 gspb_row__col--xs-12 gspb_col-id-gsbp-4ab6483\" id=\"gspb_col-id-gsbp-4ab6483\">\n<div id=\"gspb_text-id-gsbp-34bcbd0\" class=\"gspb_text gspb_text-id-gsbp-34bcbd0\">Vylep\u0161ete sv\u00e9 v\u00fdrobn\u00ed dovednosti pomoc\u00ed Metal3DP<\/div>\n\n\n\n<div id=\"gspb_text-id-gsbp-41372e0\" class=\"gspb_text gspb_text-id-gsbp-41372e0\">Od nejmodern\u011bj\u0161\u00ed SEBM technologie a\u017e po v\u00fdkonn\u00e9 kovov\u00e9 pr\u00e1\u0161ky nab\u00edz\u00edme komplexn\u00ed \u0159e\u0161en\u00ed, kter\u00e1 zaji\u0161\u0165uj\u00ed \u0161pi\u010dkov\u00e9 v\u00fdkony v leteck\u00e9m a kosmick\u00e9m pr\u016fmyslu, l\u00e9ka\u0159stv\u00ed, automobilov\u00e9m pr\u016fmyslu a v dal\u0161\u00edch oblastech.<\/div>\n\n\n\n<div class=\"gspb_button_wrapper gspb_button-id-gsbp-a809879\" id=\"gspb_button-id-gsbp-a809879\"><a class=\"wp-block-greenshift-blocks-buttonbox gspb-buttonbox wp-element-button\" rel=\"noopener\"><span class=\"gspb-buttonbox-textwrap\"><span class=\"gspb-buttonbox-text\"><span class=\"gspb-buttonbox-title\">DAL\u0160\u00cd INFORMACE<\/span><\/span><\/span><\/a><\/div>\n<\/div>\n\n\n\n<div class=\"wp-block-greenshift-blocks-row-column gspb_row__col--12 gspb_row__col--xs-12 gspb_col-id-gsbp-8d49e72\" id=\"gspb_col-id-gsbp-8d49e72\">\n<div class=\"wp-block-greenshift-blocks-row gspb_row gspb_row-id-gsbp-14fecec\" id=\"gspb_row-id-gsbp-14fecec\">\n<div class=\"wp-block-greenshift-blocks-row-column gspb_row__col--4 gspb_row__col--xs-4 gspb_col-id-gsbp-ecd57fc\" id=\"gspb_col-id-gsbp-ecd57fc\">\n<div class=\"wp-block-greenshift-blocks-iconbox gspb_iconBox gspb_iconBox-id-gsbp-c35651f\" id=\"gspb_iconBox-id-gsbp-c35651f\"><div class=\"gspb_iconBox__wrapper\" style=\"display:inline-flex\"><svg class=\"\" style=\"display:inline-block;vertical-align:middle\" width=\"72\" height=\"72\" viewbox=\"0 0 1024 1024\" xmlns=\"http:\/\/www.w3.org\/2000\/svg\"><path style=\"fill:#565D66\" d=\"M981.333 512c0-129.579-52.565-246.997-137.472-331.861s-202.283-137.472-331.861-137.472-246.997 52.565-331.861 137.472-137.472 202.283-137.472 331.861 52.565 246.997 137.472 331.861 202.283 137.472 331.861 137.472 246.997-52.565 331.861-137.472 137.472-202.283 137.472-331.861zM896 512c0 106.069-42.923 201.984-112.469 271.531s-165.461 112.469-271.531 112.469-201.984-42.923-271.531-112.469-112.469-165.461-112.469-271.531 42.923-201.984 112.469-271.531 165.461-112.469 271.531-112.469 201.984 42.923 271.531 112.469 112.469 165.461 112.469 271.531zM469.333 256v256c0 16.597 9.472 31.019 23.595 38.144l170.667 85.333c21.077 10.539 46.72 2.005 57.259-19.072s2.005-46.72-19.072-57.259l-147.115-73.515v-229.632c0-23.552-19.115-42.667-42.667-42.667s-42.667 19.115-42.667 42.667z\"><\/path><\/svg><\/div><\/div>\n\n\n\n<div id=\"gspb_text-id-gsbp-85f10f1\" class=\"gspb_text gspb_text-id-gsbp-85f10f1\">Rychl\u00e1 reakce<\/div>\n<\/div>\n\n\n\n<div class=\"wp-block-greenshift-blocks-row-column gspb_row__col--4 gspb_row__col--xs-4 gspb_col-id-gsbp-d081f9f\" id=\"gspb_col-id-gsbp-d081f9f\">\n<div class=\"wp-block-greenshift-blocks-iconbox gspb_iconBox gspb_iconBox-id-gsbp-f94281b\" id=\"gspb_iconBox-id-gsbp-f94281b\"><div class=\"gspb_iconBox__wrapper\" style=\"display:inline-flex\"><img decoding=\"async\" src=\"https:\/\/3dpmetal.com\/wp-content\/uploads\/2024\/02\/212121131.svg\" alt=\"\" title=\"\"><\/div><\/div>\n\n\n\n<div id=\"gspb_text-id-gsbp-f73a0c0\" class=\"gspb_text gspb_text-id-gsbp-f73a0c0\">ISO 9001<\/div>\n<\/div>\n\n\n\n<div class=\"wp-block-greenshift-blocks-row-column gspb_row__col--4 gspb_row__col--xs-4 gspb_col-id-gsbp-02bab08\" id=\"gspb_col-id-gsbp-02bab08\">\n<div class=\"wp-block-greenshift-blocks-iconbox gspb_iconBox gspb_iconBox-id-gsbp-aee5cf2\" id=\"gspb_iconBox-id-gsbp-aee5cf2\"><div class=\"gspb_iconBox__wrapper\" style=\"display:inline-flex\"><img decoding=\"async\" src=\"https:\/\/3dpmetal.com\/wp-content\/uploads\/2024\/02\/sasasa.svg\" alt=\"\" title=\"\"><\/div><\/div>\n\n\n\n<div id=\"gspb_text-id-gsbp-ae37b97\" class=\"gspb_text gspb_text-id-gsbp-ae37b97\">Vysok\u00e1 p\u0159esnost<\/div>\n<\/div>\n<\/div>\n<\/div>\n <\/div><\/div>\n\n\n\n<div class=\"wp-block-greenshift-blocks-row gspb_row gspb_row-id-gsbp-985f38b\" id=\"gspb_row-id-gsbp-985f38b\"><div class=\"gspb_row__content\"> \n<div class=\"wp-block-greenshift-blocks-row-column gspb_row__col--6 gspb_row__col--md-12 gspb_col-id-gsbp-900a7a2\" id=\"gspb_col-id-gsbp-900a7a2\">\n<div class=\"wp-block-greenshift-blocks-image gspb_image gspb_image-id-gsbp-d3a6611\" id=\"gspb_image-id-gsbp-d3a6611\"><img decoding=\"async\" src=\"https:\/\/3dpmetal.com\/wp-content\/uploads\/2024\/02\/13352834701.jpg\" data-src=\"\" alt=\"\" loading=\"lazy\" width=\"865\" height=\"576\" title=\"\"><\/div>\n<\/div>\n\n\n\n<div class=\"wp-block-greenshift-blocks-row-column gspb_row__col--6 gspb_row__col--md-12 gspb_col-id-gsbp-9cb404e\" id=\"gspb_col-id-gsbp-9cb404e\">\n<div class=\"wp-block-greenshift-blocks-iconlist gspb_iconsList gspb_iconsList-id-gsbp-9b584ce icon-15px\" id=\"gspb_iconsList-id-gsbp-9b584ce\"><div class=\"gspb_iconsList__item\" data-id=\"0\"><img decoding=\"async\" src=\"https:\/\/3dpmetal.com\/wp-content\/uploads\/2024\/02\/21231.svg\" alt=\"\" title=\"\"><span class=\"gspb_iconsList__item__text\">V\u00edtejte<\/span><\/div><\/div>\n\n\n\n<div id=\"gspb_text-id-gsbp-fc62578\" class=\"gspb_text gspb_text-id-gsbp-fc62578\">Kdo jsme<\/div>\n\n\n\n<div id=\"gspb_text-id-gsbp-182dbd3\" class=\"gspb_text gspb_text-id-gsbp-182dbd3\">Spole\u010dnost Metal3DP Technology Co., LTD je v \u010dele aditivn\u00edch v\u00fdrobn\u00edch \u0159e\u0161en\u00ed se s\u00eddlem v \u010cching-tau v \u010c\u00edn\u011b. Spole\u010dnost se specializuje na 3D tisk\u00e1rny a v\u00fdkonn\u00e9 kovov\u00e9 pr\u00e1\u0161ky, kter\u00e9 jsou navr\u017eeny na m\u00edru pro pr\u016fmyslov\u00e9 aplikace, a z\u00edsk\u00e1v\u00e1 uzn\u00e1n\u00ed pro sv\u00e9 nejmodern\u011bj\u0161\u00ed technologie.<br>Spole\u010dnost\u00ed Metal3DP nab\u00edz\u00ed rozs\u00e1hl\u00e9 odborn\u00e9 znalosti v oblastech selektivn\u00edho laserov\u00e9ho sp\u00e9k\u00e1n\u00ed (SLS), selektivn\u00edho laserov\u00e9ho taven\u00ed (SLM) a selektivn\u00edho taven\u00ed elektronov\u00fdm paprskem (SEBM). Tak\u00e9 nab\u00edz\u00ed nejmodern\u011bj\u0161\u00ed syst\u00e9my SEBM, s nimi\u017e mohou z\u00e1kazn\u00edci vyr\u00e1b\u011bt slo\u017eit\u00e9 kovov\u00e9 komponenty s v\u00fdjime\u010dn\u00fdmi mechanick\u00fdmi vlastnostmi. Tyto tisk\u00e1rny jsou zn\u00e1my p\u0159edn\u00edm objemem pracovn\u00edho prostoru, svou preciznost\u00ed a spolehliv\u00fdm v\u00fdkonem v r\u016fzn\u00fdch<br> <br>Kl\u00ed\u010dov\u00e9 aplikace jsou vysoce cen\u011bny, v\u010detn\u011b leteck\u00e9ho, l\u00e9ka\u0159sk\u00e9ho a automobilov\u00e9ho pr\u016fmyslu.<br>Krom\u011b toho je Metal3DP zn\u00e1m\u00fd sv\u00fdm rozs\u00e1hl\u00fdm sortimentem vysoce kvalitn\u00edch kovov\u00fdch pr\u00e1\u0161k\u016f, kter\u00e9 <br><br>Byly pe\u010dliv\u011b vyvinuty pro pou\u017eit\u00ed v laserov\u00fdch a elektronov\u00fdch procesech taven\u00ed pr\u00e1\u0161kov\u00fdch l\u016f\u017eek. Jejich portfolio obsahuje pr\u016fkopnick\u00e9 slitiny, jako jsou TiNi, TiTa, TiAl, TiNbZr, CoCrMo, nerezov\u00e9 oceli, super slitiny a dal\u0161\u00ed. Tyto pr\u00e1\u0161ky kulovit\u00e9ho tvaru hraj\u00ed rozhoduj\u00edc\u00ed roli v tom, aby z\u00e1kazn\u00edci byli schopni vyr\u00e1b\u011bt hust\u00e9 kovov\u00e9 sou\u010d\u00e1sti s v\u00fdjime\u010dn\u00fdm mechanick\u00fdm v\u00fdkonem.<\/div>\n\n\n\n<div class=\"gspb_button_wrapper gspb_button-id-gsbp-7b58da4\" id=\"gspb_button-id-gsbp-7b58da4\"><a class=\"wp-block-greenshift-blocks-buttonbox gspb-buttonbox wp-element-button\" rel=\"noopener\"><span class=\"gspb-buttonbox-textwrap\"><span class=\"gspb-buttonbox-text\"><span class=\"gspb-buttonbox-title\">DAL\u0160\u00cd INFORMACE<\/span><\/span><\/span><\/a><\/div>\n<\/div>\n <\/div><\/div>\n\n\n\n<div class=\"wp-block-greenshift-blocks-row gspb_row gspb_row-id-gsbp-47f8345 gspb_row--gutter-20\" id=\"gspb_row-id-gsbp-47f8345\"><div class=\"gspb_row__content\"> \n<div class=\"wp-block-greenshift-blocks-row-column gspb_row__col--4 gspb_row__col--md-12 gspb_col-id-gsbp-c38ba9e\" id=\"gspb_col-id-gsbp-c38ba9e\">\n<div class=\"wp-block-greenshift-blocks-iconlist gspb_iconsList gspb_iconsList-id-gsbp-9bef0fe icon-15px\" id=\"gspb_iconsList-id-gsbp-9bef0fe\"><div class=\"gspb_iconsList__item\" data-id=\"0\"><img decoding=\"async\" src=\"https:\/\/3dpmetal.com\/wp-content\/uploads\/2024\/02\/21231.svg\" alt=\"\" title=\"\"><span class=\"gspb_iconsList__item__text\">V\u00edtejte<\/span><\/div><\/div>\n\n\n\n<div class=\"wp-block-greenshift-blocks-container gspb_container gspb_container-gsbp-f30d476\" id=\"gspb_container-id-gsbp-f30d476\">\n<div id=\"gspb_text-id-gsbp-0e0815f\" class=\"gspb_text gspb_text-id-gsbp-0e0815f\">Pokroky v aditivn\u00ed kovov\u00e9 v\u00fdrob\u011b<\/div>\n<\/div>\n<\/div>\n\n\n\n<div class=\"wp-block-greenshift-blocks-row-column gspb_row__col--8 gspb_row__col--md-12 gspb_col-id-gsbp-d836617\" id=\"gspb_col-id-gsbp-d836617\">\n<div id=\"gspb_text-id-gsbp-fd61db4\" class=\"gspb_text gspb_text-id-gsbp-fd61db4\">U spole\u010dnosti Metal3DP jsme pr\u016fkopn\u00edky na poli kovov\u00e9 aditivn\u00ed v\u00fdroby. D\u00edky nejmodern\u011bj\u0161\u00ed technologii SEBM a nep\u0159ekonateln\u00fdm po\u017eadavk\u016fm na kvalitu disponujeme des\u00edtkami let zku\u0161enost\u00ed v oboru. Jsme spolehliv\u00fd l\u00eddr v oboru, kter\u00fd posune va\u0161i kovovou v\u00fdrobu komponent na novou \u00farove\u0148. Objevte je\u0161t\u011b dnes v\u00fdhodu spole\u010dnosti Metal3DP.<\/div>\n<\/div>\n\n\n\n<div class=\"wp-block-greenshift-blocks-row-column gspb_row__col--8 gspb_row__col--md-12 gspb_col-id-gsbp-20f3e90\" id=\"gspb_col-id-gsbp-20f3e90\">\n<div class=\"wp-block-greenshift-blocks-row gspb_row gspb_row-id-gsbp-98fc7a1 gspb_row--gutter-30\" id=\"gspb_row-id-gsbp-98fc7a1\">\n<div class=\"wp-block-greenshift-blocks-row-column gspb_row__col--3 gspb_row__col--md-6 gspb_row__col--xs-12 gspb_col-id-gsbp-b49ad0b\" id=\"gspb_col-id-gsbp-b49ad0b\">\n<div class=\"wp-block-greenshift-blocks-iconbox gspb_iconBox gspb_iconBox-id-gsbp-8f5358b\" id=\"gspb_iconBox-id-gsbp-8f5358b\"><div class=\"gspb_iconBox__wrapper\" style=\"display:inline-flex\"><img decoding=\"async\" src=\"https:\/\/3dpmetal.com\/wp-content\/uploads\/2024\/02\/121.svg\" alt=\"\" title=\"\"><\/div><\/div>\n\n\n\n<div id=\"gspb_text-id-gsbp-bb0f104\" class=\"gspb_text gspb_text-id-gsbp-bb0f104\">Pokro\u010dil\u00e1 technologie<\/div>\n\n\n\n<div id=\"gspb_text-id-gsbp-2678ec2\" class=\"gspb_text gspb_text-id-gsbp-2678ec2\">Metal3DP p\u0159in\u00e1\u0161\u00ed nejmodern\u011bj\u0161\u00ed technologii SEBM (Selective Electron Beam Melting) pro vynikaj\u00edc\u00ed v\u00fdrobu kovov\u00fdch sou\u010d\u00e1stek.<\/div>\n<\/div>\n\n\n\n<div class=\"wp-block-greenshift-blocks-row-column gspb_row__col--3 gspb_row__col--md-6 gspb_row__col--xs-12 gspb_col-id-gsbp-9c98153\" id=\"gspb_col-id-gsbp-9c98153\">\n<div class=\"wp-block-greenshift-blocks-iconbox gspb_iconBox gspb_iconBox-id-gsbp-51f69d3\" id=\"gspb_iconBox-id-gsbp-51f69d3\"><div class=\"gspb_iconBox__wrapper\" style=\"display:inline-flex\"><img decoding=\"async\" src=\"https:\/\/3dpmetal.com\/wp-content\/uploads\/2024\/02\/121.svg\" alt=\"\" title=\"\"><\/div><\/div>\n\n\n\n<div id=\"gspb_text-id-gsbp-a35088d\" class=\"gspb_text gspb_text-id-gsbp-a35088d\">Pokro\u010dil\u00e1 technologie<\/div>\n\n\n\n<div id=\"gspb_text-id-gsbp-2facbcb\" class=\"gspb_text gspb_text-id-gsbp-2facbcb\">Metal3DP p\u0159in\u00e1\u0161\u00ed nejmodern\u011bj\u0161\u00ed technologii SEBM (Selective Electron Beam Melting) pro vynikaj\u00edc\u00ed v\u00fdrobu kovov\u00fdch sou\u010d\u00e1stek.<\/div>\n<\/div>\n\n\n\n<div class=\"wp-block-greenshift-blocks-row-column gspb_row__col--3 gspb_row__col--md-6 gspb_row__col--xs-12 gspb_col-id-gsbp-7a94b0b\" id=\"gspb_col-id-gsbp-7a94b0b\">\n<div class=\"wp-block-greenshift-blocks-iconbox gspb_iconBox gspb_iconBox-id-gsbp-fd4c963\" id=\"gspb_iconBox-id-gsbp-fd4c963\"><div class=\"gspb_iconBox__wrapper\" style=\"display:inline-flex\"><img decoding=\"async\" src=\"https:\/\/3dpmetal.com\/wp-content\/uploads\/2024\/02\/121.svg\" alt=\"\" title=\"\"><\/div><\/div>\n\n\n\n<div id=\"gspb_text-id-gsbp-a25e359\" class=\"gspb_text gspb_text-id-gsbp-a25e359\">Pokro\u010dil\u00e1 technologie<\/div>\n\n\n\n<div id=\"gspb_text-id-gsbp-585cb70\" class=\"gspb_text gspb_text-id-gsbp-585cb70\">Metal3DP p\u0159in\u00e1\u0161\u00ed nejmodern\u011bj\u0161\u00ed technologii SEBM (Selective Electron Beam Melting) pro vynikaj\u00edc\u00ed v\u00fdrobu kovov\u00fdch sou\u010d\u00e1stek.<\/div>\n<\/div>\n\n\n\n<div class=\"wp-block-greenshift-blocks-row-column gspb_row__col--3 gspb_row__col--md-6 gspb_row__col--xs-12 gspb_col-id-gsbp-9c47d38\" id=\"gspb_col-id-gsbp-9c47d38\">\n<div class=\"wp-block-greenshift-blocks-iconbox gspb_iconBox gspb_iconBox-id-gsbp-c2fd101\" id=\"gspb_iconBox-id-gsbp-c2fd101\"><div class=\"gspb_iconBox__wrapper\" style=\"display:inline-flex\"><img decoding=\"async\" src=\"https:\/\/3dpmetal.com\/wp-content\/uploads\/2024\/02\/121.svg\" alt=\"\" title=\"\"><\/div><\/div>\n\n\n\n<div id=\"gspb_text-id-gsbp-efd7131\" class=\"gspb_text gspb_text-id-gsbp-efd7131\">Pokro\u010dil\u00e1 technologie<\/div>\n\n\n\n<div id=\"gspb_text-id-gsbp-e99a94c\" class=\"gspb_text gspb_text-id-gsbp-e99a94c\">Metal3DP p\u0159in\u00e1\u0161\u00ed nejmodern\u011bj\u0161\u00ed technologii SEBM (Selective Electron Beam Melting) pro vynikaj\u00edc\u00ed v\u00fdrobu kovov\u00fdch sou\u010d\u00e1stek.<\/div>\n<\/div>\n<\/div>\n<\/div>\n <\/div><\/div>\n\n\n\n<div class=\"wp-block-greenshift-blocks-row gspb_row gspb_row-id-gsbp-cca875e gspb_row--gutter-20 steps-container\" id=\"gspb_row-id-gsbp-cca875e\"><div class=\"gspb_row__content\"> \n<div class=\"wp-block-greenshift-blocks-row-column gspb_row__col--4 gspb_col-id-gsbp-ec4c2c6\" id=\"gspb_col-id-gsbp-ec4c2c6\">\n<div class=\"wp-block-greenshift-blocks-iconbox gspb_iconBox gspb_iconBox-id-gsbp-1e2c2d5 step\" id=\"gspb_iconBox-id-gsbp-1e2c2d5\"><div class=\"gspb_iconBox__wrapper\" style=\"display:inline-flex\"><svg xmlns=\"http:\/\/www.w3.org\/2000\/svg\" style=\"width:5rem;height:5rem;margin:10px\" class=\"icon\" viewbox=\"0 0 1024 1024\" width=\"200\" height=\"200\"><path d=\"M597.333333 64V938.666667h-85.333333V158.037333L320 209.493333V121.130667l213.333333-57.130667H597.333333z\"><\/path><\/svg><\/div><\/div>\n\n\n\n<div id=\"gspb_text-id-gsbp-69f4d22\" class=\"gspb_text gspb_text-id-gsbp-69f4d22\">Pokro\u010dil\u00e1 technologie<\/div>\n\n\n\n<div id=\"gspb_text-id-gsbp-80f82fb\" class=\"gspb_text gspb_text-id-gsbp-80f82fb\">Pe\u010dliv\u00fd v\u00fdb\u011br kovov\u00fdch slitin je z\u00e1sadn\u00ed a ovliv\u0148uje vlastnosti d\u00edl\u016f vyroben\u00fdch 3D tiskem.<\/div>\n<\/div>\n\n\n\n<div class=\"wp-block-greenshift-blocks-row-column gspb_row__col--4 gspb_col-id-gsbp-971ef00\" id=\"gspb_col-id-gsbp-971ef00\">\n<div class=\"wp-block-greenshift-blocks-iconbox gspb_iconBox gspb_iconBox-id-gsbp-405d5b5 step\" id=\"gspb_iconBox-id-gsbp-405d5b5\"><div class=\"gspb_iconBox__wrapper\" style=\"display:inline-flex\"><svg xmlns=\"http:\/\/www.w3.org\/2000\/svg\" style=\"width:5rem;height:5rem;margin:10px\" xmlns:xlink=\"http:\/\/www.w3.org\/1999\/xlink\" class=\"icon\" viewbox=\"0 0 1024 1024\" width=\"200\" height=\"200\"><path d=\"M682.666667 320a170.666667 170.666667 0 0 0-341.333334 0H256a256 256 0 1 1 454.954667 161.109333l-312.32 372.181334L768 853.333333v85.333334H256v-48.085334l386.730667-460.885333c25.856-30.72 40.021333-69.546667 39.936-109.696z\"><\/path><\/svg><\/div><\/div>\n\n\n\n<div id=\"gspb_text-id-gsbp-31cfa4d\" class=\"gspb_text gspb_text-id-gsbp-31cfa4d\">Pokro\u010dil\u00e1 technologie<\/div>\n\n\n\n<div id=\"gspb_text-id-gsbp-bf7dc96\" class=\"gspb_text gspb_text-id-gsbp-bf7dc96\">Pe\u010dliv\u00fd v\u00fdb\u011br kovov\u00fdch slitin je z\u00e1sadn\u00ed a ovliv\u0148uje vlastnosti d\u00edl\u016f vyroben\u00fdch 3D tiskem.<\/div>\n<\/div>\n\n\n\n<div class=\"wp-block-greenshift-blocks-row-column gspb_row__col--4 gspb_col-id-gsbp-f3da730\" id=\"gspb_col-id-gsbp-f3da730\">\n<div class=\"wp-block-greenshift-blocks-iconbox gspb_iconBox gspb_iconBox-id-gsbp-79102ad step\" id=\"gspb_iconBox-id-gsbp-79102ad\"><div class=\"gspb_iconBox__wrapper\" style=\"display:inline-flex\"><svg xmlns=\"http:\/\/www.w3.org\/2000\/svg\" style=\"width:5rem;height:5rem;margin:10px\" class=\"icon\" viewbox=\"0 0 1024 1024\" width=\"200\" height=\"200\"><path d=\"M768 85.333333v58.112L546.517333 407.466667a277.376 277.376 0 1 1-303.616 342.528l82.773334-20.736A192.085333 192.085333 0 0 0 704 682.666667a192 192 0 0 0-277.546667-171.946667l-9.728 5.205333-29.44-51.498666L633.813333 170.666667H277.333333V85.333333H768z\"><\/path><\/svg><\/div><\/div>\n\n\n\n<div id=\"gspb_text-id-gsbp-c7690e0\" class=\"gspb_text gspb_text-id-gsbp-c7690e0\">Pokro\u010dil\u00e1 technologie<\/div>\n\n\n\n<div id=\"gspb_text-id-gsbp-c232e7b\" class=\"gspb_text gspb_text-id-gsbp-c232e7b\">Pe\u010dliv\u00fd v\u00fdb\u011br kovov\u00fdch slitin je z\u00e1sadn\u00ed a ovliv\u0148uje vlastnosti d\u00edl\u016f vyroben\u00fdch 3D tiskem.<\/div>\n<\/div>\n <\/div><\/div>\n\n\n<style>.kb-row-layout-id1477_2e4877-db > .kt-row-column-wrap{align-content:start;}:where(.kb-row-layout-id1477_2e4877-db > .kt-row-column-wrap) > .wp-block-kadence-column{justify-content:start;}.kb-row-layout-id1477_2e4877-db > .kt-row-column-wrap{column-gap:var(--global-kb-gap-md, 2rem);row-gap:var(--global-kb-gap-md, 2rem);max-width:1600px;margin-left:auto;margin-right:auto;padding-top:var(--global-kb-spacing-sm, 1.5rem);padding-bottom:var(--global-kb-spacing-sm, 1.5rem);grid-template-columns:minmax(0, 1fr);}.kb-row-layout-id1477_2e4877-db > .kt-row-layout-overlay{opacity:0.30;}@media all and (max-width: 1024px){.kb-row-layout-id1477_2e4877-db > .kt-row-column-wrap{grid-template-columns:minmax(0, 1fr);}}@media all and (max-width: 767px){.kb-row-layout-id1477_2e4877-db > .kt-row-column-wrap{grid-template-columns:minmax(0, 1fr);}}<\/style><div class=\"kb-row-layout-wrap kb-row-layout-id1477_2e4877-db alignnone wp-block-kadence-rowlayout\"><div class=\"kt-row-column-wrap kt-has-1-columns kt-row-layout-equal kt-tab-layout-inherit kt-mobile-layout-row kt-row-valign-top\">\n<style>.kadence-column1477_8df6ae-88 > .kt-inside-inner-col,.kadence-column1477_8df6ae-88 > .kt-inside-inner-col:before{border-top-left-radius:0px;border-top-right-radius:0px;border-bottom-right-radius:0px;border-bottom-left-radius:0px;}.kadence-column1477_8df6ae-88 > .kt-inside-inner-col{column-gap:var(--global-kb-gap-sm, 1rem);}.kadence-column1477_8df6ae-88 > .kt-inside-inner-col{flex-direction:column;}.kadence-column1477_8df6ae-88 > .kt-inside-inner-col > .aligncenter{width:100%;}.kadence-column1477_8df6ae-88 > .kt-inside-inner-col:before{opacity:0.3;}.kadence-column1477_8df6ae-88{position:relative;}@media all and (max-width: 1024px){.kadence-column1477_8df6ae-88 > .kt-inside-inner-col{flex-direction:column;justify-content:center;}}@media all and (max-width: 767px){.kadence-column1477_8df6ae-88 > .kt-inside-inner-col{flex-direction:column;justify-content:center;}}<\/style>\n<div class=\"wp-block-kadence-column kadence-column1477_8df6ae-88\"><div class=\"kt-inside-inner-col\"><style>.kt-repeater1477_844f7c-a8 .wp-block-kadence-repeatertemplate{grid-template-columns:repeat(2, minmax(0, 1fr));column-gap:10px;row-gap:40px;}@media all and (max-width: 1024px){.kt-repeater1477_844f7c-a8 .wp-block-kadence-repeatertemplate{grid-template-columns:repeat(2, minmax(0, 1fr));column-gap:10px;row-gap:40px;}}@media all and (max-width: 767px){.kt-repeater1477_844f7c-a8 .wp-block-kadence-repeatertemplate{grid-template-columns:repeat(2, minmax(0, 1fr));column-gap:10px;row-gap:40px;}}<\/style>\n<div class=\"wp-block-kadence-repeater kt-repeater1477_844f7c-a8 is-layout-flow wp-block-kadence-repeater-is-layout-flow\"><ul class=\"wp-block-kadence-repeatertemplate\"><li>\n\n<figure class=\"wp-block-kadence-image kb-image-is-ratio-size\"><div class=\"kb-is-ratio-image kb-image-ratio-square\"><\/div><\/figure>\n\n\n\n<h2 class=\"wp-block-kadence-advancedheading\" data-kb-block=\"kb-adv-headingundefined\"><\/h2>\n\n\n\n<p class=\"wp-block-kadence-advancedheading\" data-kb-block=\"kb-adv-headingundefined\"><\/p>\n\n<\/li><li>\n\n<figure class=\"wp-block-kadence-image kb-image-is-ratio-size\"><div class=\"kb-is-ratio-image kb-image-ratio-square\"><\/div><\/figure>\n\n\n\n<h2 class=\"wp-block-kadence-advancedheading\" data-kb-block=\"kb-adv-headingundefined\"><\/h2>\n\n\n\n<p class=\"wp-block-kadence-advancedheading\" data-kb-block=\"kb-adv-headingundefined\"><\/p>\n\n<\/li><li>\n\n<figure class=\"wp-block-kadence-image kb-image-is-ratio-size\"><div class=\"kb-is-ratio-image kb-image-ratio-square\"><\/div><\/figure>\n\n\n\n<h2 class=\"wp-block-kadence-advancedheading\" data-kb-block=\"kb-adv-headingundefined\"><\/h2>\n\n\n\n<p class=\"wp-block-kadence-advancedheading\" data-kb-block=\"kb-adv-headingundefined\"><\/p>\n\n<\/li><\/ul><\/div>\n<\/div><\/div>\n\n<\/div><\/div>","protected":false},"excerpt":{"rendered":"","protected":false},"author":1,"featured_media":0,"parent":0,"menu_order":0,"comment_status":"closed","ping_status":"closed","template":"","meta":{"_acf_changed":false,"_kad_blocks_custom_css":"","_kad_blocks_head_custom_js":"","_kad_blocks_body_custom_js":"","_kad_blocks_footer_custom_js":"","_kad_post_transparent":"","_kad_post_title":"hide","_kad_post_layout":"fullwidth","_kad_post_sidebar_id":"","_kad_post_content_style":"unboxed","_kad_post_vertical_padding":"","_kad_post_feature":"","_kad_post_feature_position":"","_kad_post_header":false,"_kad_post_footer":false,"_kad_post_classname":"","footnotes":""},"class_list":["post-1477","page","type-page","status-publish","hentry"],"acf":[],"taxonomy_info":[],"featured_image_src_large":false,"author_info":{"display_name":"demo","author_link":"https:\/\/3dpmetal.com\/cs\/author\/demo\/"},"comment_info":0,"_links":{"self":[{"href":"https:\/\/3dpmetal.com\/cs\/wp-json\/wp\/v2\/pages\/1477","targetHints":{"allow":["GET"]}}],"collection":[{"href":"https:\/\/3dpmetal.com\/cs\/wp-json\/wp\/v2\/pages"}],"about":[{"href":"https:\/\/3dpmetal.com\/cs\/wp-json\/wp\/v2\/types\/page"}],"author":[{"embeddable":true,"href":"https:\/\/3dpmetal.com\/cs\/wp-json\/wp\/v2\/users\/1"}],"replies":[{"embeddable":true,"href":"https:\/\/3dpmetal.com\/cs\/wp-json\/wp\/v2\/comments?post=1477"}],"version-history":[{"count":6,"href":"https:\/\/3dpmetal.com\/cs\/wp-json\/wp\/v2\/pages\/1477\/revisions"}],"predecessor-version":[{"id":1691,"href":"https:\/\/3dpmetal.com\/cs\/wp-json\/wp\/v2\/pages\/1477\/revisions\/1691"}],"wp:attachment":[{"href":"https:\/\/3dpmetal.com\/cs\/wp-json\/wp\/v2\/media?parent=1477"}],"curies":[{"name":"wp","href":"https:\/\/api.w.org\/{rel}","templated":true}]}}