{"id":2883,"date":"2024-03-07T06:46:18","date_gmt":"2024-03-07T06:46:18","guid":{"rendered":"https:\/\/3dp.45612300.xyz\/?page_id=2883"},"modified":"2024-04-01T06:16:18","modified_gmt":"2024-04-01T06:16:18","slug":"aerospace-industry","status":"publish","type":"page","link":"https:\/\/3dpmetal.com\/cs\/aerospace-industry\/","title":{"rendered":"Leteck\u00fd pr\u016fmysl"},"content":{"rendered":"<style>.kadence-column2883_72d4ef-ee > .kt-inside-inner-col{display:flex;}.kadence-column2883_72d4ef-ee > .kt-inside-inner-col{min-height:300px;}.kadence-column2883_72d4ef-ee > .kt-inside-inner-col,.kadence-column2883_72d4ef-ee > .kt-inside-inner-col:before{border-top-left-radius:0px;border-top-right-radius:0px;border-bottom-right-radius:0px;border-bottom-left-radius:0px;}.kadence-column2883_72d4ef-ee > .kt-inside-inner-col{column-gap:var(--global-kb-gap-sm, 1rem);}.kadence-column2883_72d4ef-ee > .kt-inside-inner-col{flex-direction:column;justify-content:center;align-items:center;}.kadence-column2883_72d4ef-ee > .kt-inside-inner-col > .kb-image-is-ratio-size{align-self:stretch;}.kadence-column2883_72d4ef-ee > .kt-inside-inner-col > .wp-block-kadence-advancedgallery{align-self:stretch;}.kadence-column2883_72d4ef-ee > .kt-inside-inner-col > .aligncenter{width:100%;}.kt-row-column-wrap > .kadence-column2883_72d4ef-ee{align-self:center;}.kt-inner-column-height-full:not(.kt-has-1-columns) > .wp-block-kadence-column.kadence-column2883_72d4ef-ee{align-self:auto;}.kt-inner-column-height-full:not(.kt-has-1-columns) > .wp-block-kadence-column.kadence-column2883_72d4ef-ee > .kt-inside-inner-col{flex-direction:column;justify-content:center;}.kadence-column2883_72d4ef-ee > .kt-inside-inner-col{background-image:url('https:\/\/3dpmetal.com\/wp-content\/uploads\/2024\/02\/663f499e-1c8a-4d2f-9a72-f23b2ce6a317.png');background-size:cover;background-position:50% 0%;background-attachment:scroll;background-repeat:no-repeat;}.kadence-column2883_72d4ef-ee > .kt-inside-inner-col:before{opacity:0.63;background-color:#000000;}.kadence-column2883_72d4ef-ee{position:relative;}@media all and (max-width: 1024px){.kt-row-column-wrap > .kadence-column2883_72d4ef-ee{align-self:center;}}@media all and (max-width: 1024px){.kt-inner-column-height-full:not(.kt-has-1-columns) > .wp-block-kadence-column.kadence-column2883_72d4ef-ee{align-self:auto;}}@media all and (max-width: 1024px){.kt-inner-column-height-full:not(.kt-has-1-columns) > .wp-block-kadence-column.kadence-column2883_72d4ef-ee > .kt-inside-inner-col{flex-direction:column;justify-content:center;}}@media all and (max-width: 1024px){.kadence-column2883_72d4ef-ee > .kt-inside-inner-col{flex-direction:column;justify-content:center;align-items:center;}}@media all and (max-width: 767px){.kt-row-column-wrap > .kadence-column2883_72d4ef-ee{align-self:center;}.kt-inner-column-height-full:not(.kt-has-1-columns) > .wp-block-kadence-column.kadence-column2883_72d4ef-ee{align-self:auto;}.kt-inner-column-height-full:not(.kt-has-1-columns) > .wp-block-kadence-column.kadence-column2883_72d4ef-ee > .kt-inside-inner-col{flex-direction:column;justify-content:center;}.kadence-column2883_72d4ef-ee > .kt-inside-inner-col{flex-direction:column;justify-content:center;align-items:center;}}<\/style>\n<div class=\"wp-block-kadence-column kadence-column2883_72d4ef-ee kb-section-has-overlay\"><div class=\"kt-inside-inner-col\"><style>.wp-block-kadence-advancedheading.kt-adv-heading2883_4ebecb-1a, .wp-block-kadence-advancedheading.kt-adv-heading2883_4ebecb-1a[data-kb-block=\"kb-adv-heading2883_4ebecb-1a\"]{font-size:40px;font-style:normal;color:#fff9f9;}.wp-block-kadence-advancedheading.kt-adv-heading2883_4ebecb-1a mark.kt-highlight, .wp-block-kadence-advancedheading.kt-adv-heading2883_4ebecb-1a[data-kb-block=\"kb-adv-heading2883_4ebecb-1a\"] mark.kt-highlight{font-style:normal;color:#f76a0c;-webkit-box-decoration-break:clone;box-decoration-break:clone;padding-top:0px;padding-right:0px;padding-bottom:0px;padding-left:0px;}.wp-block-kadence-advancedheading.kt-adv-heading2883_4ebecb-1a img.kb-inline-image, .wp-block-kadence-advancedheading.kt-adv-heading2883_4ebecb-1a[data-kb-block=\"kb-adv-heading2883_4ebecb-1a\"] img.kb-inline-image{width:150px;vertical-align:baseline;}@media all and (max-width: 767px){.wp-block-kadence-advancedheading.kt-adv-heading2883_4ebecb-1a, .wp-block-kadence-advancedheading.kt-adv-heading2883_4ebecb-1a[data-kb-block=\"kb-adv-heading2883_4ebecb-1a\"]{font-size:var(--global-kb-font-size-lg, 2rem);}}<\/style>\n<h1 class=\"kt-adv-heading2883_4ebecb-1a wp-block-kadence-advancedheading\" data-kb-block=\"kb-adv-heading2883_4ebecb-1a\">Leteck\u00fd pr\u016fmysl<\/h1>\n<\/div><\/div>\n\n\n<style>.kb-row-layout-id2883_b463d7-7d > .kt-row-column-wrap{align-content:start;}:where(.kb-row-layout-id2883_b463d7-7d > .kt-row-column-wrap) > .wp-block-kadence-column{justify-content:start;}.kb-row-layout-id2883_b463d7-7d > .kt-row-column-wrap{column-gap:var(--global-kb-gap-lg, 4rem);row-gap:var(--global-kb-gap-md, 2rem);max-width:var( --global-content-width, 1600px );padding-left:var(--global-content-edge-padding);padding-right:var(--global-content-edge-padding);padding-top:var(--global-kb-spacing-xxl, 5rem);padding-bottom:var(--global-kb-spacing-sm, 1.5rem);grid-template-columns:minmax(0, calc(40% - ((var(--global-kb-gap-lg, 4rem) * 1 )\/2)))minmax(0, calc(60% - ((var(--global-kb-gap-lg, 4rem) * 1 )\/2)));}.kb-row-layout-id2883_b463d7-7d > .kt-row-layout-overlay{opacity:0.30;}@media all and (max-width: 1024px){.kb-row-layout-id2883_b463d7-7d > .kt-row-column-wrap{grid-template-columns:minmax(0, 1fr) minmax(0, 2fr);}}@media all and (max-width: 767px){.kb-row-layout-id2883_b463d7-7d > .kt-row-column-wrap{row-gap:var(--global-kb-gap-none, 0rem );padding-top:var(--global-kb-spacing-lg, 3rem);grid-template-columns:minmax(0, 1fr);}}<\/style><div class=\"kb-row-layout-wrap kb-row-layout-id2883_b463d7-7d alignnone wp-block-kadence-rowlayout\"><div class=\"kt-row-column-wrap kt-has-2-columns kt-row-layout-right-golden kt-tab-layout-inherit kt-mobile-layout-row kt-row-valign-top kb-theme-content-width\">\n<style>.kadence-column2883_5b5535-60 > .kt-inside-inner-col{display:flex;}.kadence-column2883_5b5535-60 > .kt-inside-inner-col,.kadence-column2883_5b5535-60 > .kt-inside-inner-col:before{border-top-left-radius:0px;border-top-right-radius:0px;border-bottom-right-radius:0px;border-bottom-left-radius:0px;}.kadence-column2883_5b5535-60 > .kt-inside-inner-col{column-gap:var(--global-kb-gap-sm, 1rem);}.kadence-column2883_5b5535-60 > .kt-inside-inner-col{flex-direction:column;justify-content:center;}.kadence-column2883_5b5535-60 > .kt-inside-inner-col > .aligncenter{width:100%;}.kt-row-column-wrap > .kadence-column2883_5b5535-60{align-self:center;}.kt-inner-column-height-full:not(.kt-has-1-columns) > .wp-block-kadence-column.kadence-column2883_5b5535-60{align-self:auto;}.kt-inner-column-height-full:not(.kt-has-1-columns) > .wp-block-kadence-column.kadence-column2883_5b5535-60 > .kt-inside-inner-col{flex-direction:column;justify-content:center;}.kadence-column2883_5b5535-60 > .kt-inside-inner-col:before{opacity:0.3;}.kadence-column2883_5b5535-60{position:relative;}@media all and (max-width: 1024px){.kt-row-column-wrap > .kadence-column2883_5b5535-60{align-self:center;}}@media all and (max-width: 1024px){.kt-inner-column-height-full:not(.kt-has-1-columns) > .wp-block-kadence-column.kadence-column2883_5b5535-60{align-self:auto;}}@media all and (max-width: 1024px){.kt-inner-column-height-full:not(.kt-has-1-columns) > .wp-block-kadence-column.kadence-column2883_5b5535-60 > .kt-inside-inner-col{flex-direction:column;justify-content:center;}}@media all and (max-width: 1024px){.kadence-column2883_5b5535-60 > .kt-inside-inner-col{flex-direction:column;justify-content:center;}}@media all and (max-width: 767px){.kt-row-column-wrap > .kadence-column2883_5b5535-60{align-self:center;}.kt-inner-column-height-full:not(.kt-has-1-columns) > .wp-block-kadence-column.kadence-column2883_5b5535-60{align-self:auto;}.kt-inner-column-height-full:not(.kt-has-1-columns) > .wp-block-kadence-column.kadence-column2883_5b5535-60 > .kt-inside-inner-col{flex-direction:column;justify-content:center;}.kadence-column2883_5b5535-60 > .kt-inside-inner-col{flex-direction:column;justify-content:center;}}<\/style>\n<div class=\"wp-block-kadence-column kadence-column2883_5b5535-60\"><div class=\"kt-inside-inner-col\">\n<figure class=\"wp-block-image size-full\"><img loading=\"lazy\" decoding=\"async\" width=\"600\" height=\"600\" src=\"https:\/\/3dpmetal.com\/wp-content\/uploads\/2024\/03\/airplane.jpg\" alt=\"\" class=\"wp-image-2875\" title=\"\" srcset=\"https:\/\/3dpmetal.com\/wp-content\/uploads\/2024\/03\/airplane.jpg 600w, https:\/\/3dpmetal.com\/wp-content\/uploads\/2024\/03\/airplane-300x300.jpg 300w, https:\/\/3dpmetal.com\/wp-content\/uploads\/2024\/03\/airplane-150x150.jpg 150w\" sizes=\"auto, (max-width: 600px) 100vw, 600px\" \/><\/figure>\n<\/div><\/div>\n\n\n<style>.kadence-column2883_00fca4-0c > .kt-inside-inner-col{display:flex;}.kadence-column2883_00fca4-0c > .kt-inside-inner-col,.kadence-column2883_00fca4-0c > .kt-inside-inner-col:before{border-top-left-radius:0px;border-top-right-radius:0px;border-bottom-right-radius:0px;border-bottom-left-radius:0px;}.kadence-column2883_00fca4-0c > .kt-inside-inner-col{column-gap:var(--global-kb-gap-sm, 1rem);}.kadence-column2883_00fca4-0c > .kt-inside-inner-col{flex-direction:column;justify-content:center;}.kadence-column2883_00fca4-0c > .kt-inside-inner-col > .aligncenter{width:100%;}.kt-row-column-wrap > .kadence-column2883_00fca4-0c{align-self:center;}.kt-inner-column-height-full:not(.kt-has-1-columns) > .wp-block-kadence-column.kadence-column2883_00fca4-0c{align-self:auto;}.kt-inner-column-height-full:not(.kt-has-1-columns) > .wp-block-kadence-column.kadence-column2883_00fca4-0c > .kt-inside-inner-col{flex-direction:column;justify-content:center;}.kadence-column2883_00fca4-0c > .kt-inside-inner-col:before{opacity:0.3;}.kadence-column2883_00fca4-0c{position:relative;}@media all and (max-width: 1024px){.kt-row-column-wrap > .kadence-column2883_00fca4-0c{align-self:center;}}@media all and (max-width: 1024px){.kt-inner-column-height-full:not(.kt-has-1-columns) > .wp-block-kadence-column.kadence-column2883_00fca4-0c{align-self:auto;}}@media all and (max-width: 1024px){.kt-inner-column-height-full:not(.kt-has-1-columns) > .wp-block-kadence-column.kadence-column2883_00fca4-0c > .kt-inside-inner-col{flex-direction:column;justify-content:center;}}@media all and (max-width: 1024px){.kadence-column2883_00fca4-0c > .kt-inside-inner-col{flex-direction:column;justify-content:center;}}@media all and (max-width: 767px){.kt-row-column-wrap > .kadence-column2883_00fca4-0c{align-self:center;}.kt-inner-column-height-full:not(.kt-has-1-columns) > .wp-block-kadence-column.kadence-column2883_00fca4-0c{align-self:auto;}.kt-inner-column-height-full:not(.kt-has-1-columns) > .wp-block-kadence-column.kadence-column2883_00fca4-0c > .kt-inside-inner-col{flex-direction:column;justify-content:center;}.kadence-column2883_00fca4-0c > .kt-inside-inner-col{flex-direction:column;justify-content:center;}}<\/style>\n<div class=\"wp-block-kadence-column kadence-column2883_00fca4-0c\"><div class=\"kt-inside-inner-col\"><style>.wp-block-kadence-advancedheading.kt-adv-heading2883_087fda-f3, .wp-block-kadence-advancedheading.kt-adv-heading2883_087fda-f3[data-kb-block=\"kb-adv-heading2883_087fda-f3\"]{font-style:normal;}.wp-block-kadence-advancedheading.kt-adv-heading2883_087fda-f3 mark.kt-highlight, .wp-block-kadence-advancedheading.kt-adv-heading2883_087fda-f3[data-kb-block=\"kb-adv-heading2883_087fda-f3\"] mark.kt-highlight{font-style:normal;color:#f76a0c;-webkit-box-decoration-break:clone;box-decoration-break:clone;padding-top:0px;padding-right:0px;padding-bottom:0px;padding-left:0px;}.wp-block-kadence-advancedheading.kt-adv-heading2883_087fda-f3 img.kb-inline-image, .wp-block-kadence-advancedheading.kt-adv-heading2883_087fda-f3[data-kb-block=\"kb-adv-heading2883_087fda-f3\"] img.kb-inline-image{width:150px;vertical-align:baseline;}@media all and (max-width: 767px){.wp-block-kadence-advancedheading.kt-adv-heading2883_087fda-f3, .wp-block-kadence-advancedheading.kt-adv-heading2883_087fda-f3[data-kb-block=\"kb-adv-heading2883_087fda-f3\"]{font-size:20px;}}<\/style>\n<h2 class=\"kt-adv-heading2883_087fda-f3 wp-block-kadence-advancedheading\" data-kb-block=\"kb-adv-heading2883_087fda-f3\">Pr\u016fmysl letectv\u00ed a kosmonautiky se neust\u00e1le m\u011bn\u00ed.<\/h2>\n\n\n\n<p>Aerospaziale pr\u016fmysl je v\u00fdznamn\u00fdm u\u017eivatelem 3D tisku s kovy a vyu\u017e\u00edv\u00e1 tuto technologii k v\u00fdrob\u011b lehk\u00fdch, vysoce v\u00fdkonn\u00fdch komponent\u016f. Aditivn\u00ed v\u00fdroba s kovy umo\u017e\u0148uje komplexn\u00ed geometrie a konsolidovan\u00e9 sestavy, co\u017e sni\u017euje hmotnost i po\u010det d\u00edl\u016f ve srovn\u00e1n\u00ed s tradi\u010dn\u00ed v\u00fdrobou. To je pro letadla z\u00e1sadn\u00ed, proto\u017ee ka\u017ed\u00fd u\u0161et\u0159en\u00fd kilogram se projev\u00ed v \u00faspor\u00e1ch paliva.<\/p>\n\n\n\n<p>Spole\u010dnost Meituo je ide\u00e1ln\u00edm partnerem pro leteck\u00e9 spole\u010dnosti zkoumaj\u00edc\u00ed aditivn\u00ed techniky. Na\u0161e pokro\u010dil\u00e9 selektivn\u00ed tavn\u00e9 syst\u00e9my elektronov\u00fdm paprskem vynikaj\u00ed v tisku reaktivn\u00edch kov\u016f, jako jsou slitiny titanu a niklu, kter\u00e9 se b\u011b\u017en\u011b pou\u017e\u00edvaj\u00ed v motorech, nosn\u00fdch r\u00e1mech a sou\u010d\u00e1stk\u00e1ch. Tento proces dosahuje v\u00fdjime\u010dn\u00fdch mechanick\u00fdch vlastnost\u00ed spl\u0148uj\u00edc\u00edch leteck\u00e9 standardy. Na\u0161e syst\u00e9my tak\u00e9 nab\u00edzej\u00ed velk\u00e9 objemy sestav, aby bylo mo\u017en\u00e9 vyr\u00e1b\u011bt sou\u010d\u00e1sti ve velk\u00e9m m\u011b\u0159\u00edtku.<\/p>\n\n\n\n<p>Spole\u010dnost Meituo dod\u00e1v\u00e1 tak\u00e9 \u0161irok\u00e9 portfolio sf\u00e9rick\u00fdch kovov\u00fdch pr\u00e1\u0161k\u016f, kter\u00e9 jsou optimalizov\u00e1ny pro na\u0161e tisk\u00e1rny. Pat\u0159\u00ed mezi n\u011b titan, hlin\u00edk, kobalt-chrom, niklov\u00e9 super slitiny atd. Na\u0161e pr\u00e1\u0161ky zaji\u0161\u0165uj\u00ed hust\u00fd kvalitn\u00ed tisk pro leteck\u00e9 d\u00edly pracuj\u00edc\u00ed pod extr\u00e9mn\u00edm nam\u00e1h\u00e1n\u00edm. D\u00edky hloubkov\u00fdm znalostem letectv\u00ed spole\u010dnost Meituo pom\u00e1h\u00e1 z\u00e1kazn\u00edk\u016fm implementovat kovovou AM a ov\u011b\u0159ovat vysoce v\u00fdkonn\u00e9 ti\u0161t\u011bn\u00e9 d\u00edly pro let.<\/p>\n\n\n\n<p>D\u00edky vyu\u017eit\u00ed na\u0161ich \u0161pi\u010dkov\u00fdch tisk\u00e1ren pro selektivn\u00ed taven\u00ed elektronov\u00fdm svazkem a speci\u00e1ln\u00edch kovov\u00fdch pr\u00e1\u0161k\u016f mohou v\u00fdrobci v letectv\u00ed vyu\u017e\u00edt aditivn\u00ed metody ke zjednodu\u0161en\u00ed v\u00fdroby a dos\u00e1hnout konstrukce vozidel nov\u00e9 generace. Meituo poskytuje komplexn\u00ed \u0159e\u0161en\u00ed pro podporu 3D tisku kov\u016f v letectv\u00ed.<\/p>\n<\/div><\/div>\n\n<\/div><\/div>","protected":false},"excerpt":{"rendered":"<p>Aerospace Industry The Aerospace Industry Is One Of Constant Change. The aerospace sector is a major adopter of metal 3D printing, leveraging the technology to produce lightweight, high-performance components. Metal additive manufacturing enables complex geometries and consolidated assemblies, reducing weight and part count versus traditional manufacturing. This is critical for aircraft as every kilogram reduced&#8230;<\/p>","protected":false},"author":1,"featured_media":0,"parent":0,"menu_order":0,"comment_status":"closed","ping_status":"closed","template":"","meta":{"_acf_changed":false,"_kad_blocks_custom_css":"","_kad_blocks_head_custom_js":"","_kad_blocks_body_custom_js":"","_kad_blocks_footer_custom_js":"","_kad_post_transparent":"","_kad_post_title":"","_kad_post_layout":"fullwidth","_kad_post_sidebar_id":"","_kad_post_content_style":"unboxed","_kad_post_vertical_padding":"","_kad_post_feature":"","_kad_post_feature_position":"","_kad_post_header":false,"_kad_post_footer":false,"_kad_post_classname":"","footnotes":""},"class_list":["post-2883","page","type-page","status-publish","hentry"],"acf":[],"taxonomy_info":[],"featured_image_src_large":false,"author_info":{"display_name":"demo","author_link":"https:\/\/3dpmetal.com\/cs\/author\/demo\/"},"comment_info":0,"_links":{"self":[{"href":"https:\/\/3dpmetal.com\/cs\/wp-json\/wp\/v2\/pages\/2883","targetHints":{"allow":["GET"]}}],"collection":[{"href":"https:\/\/3dpmetal.com\/cs\/wp-json\/wp\/v2\/pages"}],"about":[{"href":"https:\/\/3dpmetal.com\/cs\/wp-json\/wp\/v2\/types\/page"}],"author":[{"embeddable":true,"href":"https:\/\/3dpmetal.com\/cs\/wp-json\/wp\/v2\/users\/1"}],"replies":[{"embeddable":true,"href":"https:\/\/3dpmetal.com\/cs\/wp-json\/wp\/v2\/comments?post=2883"}],"version-history":[{"count":4,"href":"https:\/\/3dpmetal.com\/cs\/wp-json\/wp\/v2\/pages\/2883\/revisions"}],"predecessor-version":[{"id":4066,"href":"https:\/\/3dpmetal.com\/cs\/wp-json\/wp\/v2\/pages\/2883\/revisions\/4066"}],"wp:attachment":[{"href":"https:\/\/3dpmetal.com\/cs\/wp-json\/wp\/v2\/media?parent=2883"}],"curies":[{"name":"wp","href":"https:\/\/api.w.org\/{rel}","templated":true}]}}