{"id":2886,"date":"2024-03-07T06:59:41","date_gmt":"2024-03-07T06:59:41","guid":{"rendered":"https:\/\/3dp.45612300.xyz\/?page_id=2886"},"modified":"2024-04-01T06:17:06","modified_gmt":"2024-04-01T06:17:06","slug":"healthcare-sector","status":"publish","type":"page","link":"https:\/\/3dpmetal.com\/cs\/healthcare-sector\/","title":{"rendered":"Sektor zdravotn\u00ed p\u00e9\u010de"},"content":{"rendered":"<style>.kadence-column2886_bdc41f-10 > .kt-inside-inner-col{display:flex;}.kadence-column2886_bdc41f-10 > .kt-inside-inner-col{min-height:300px;}.kadence-column2886_bdc41f-10 > .kt-inside-inner-col,.kadence-column2886_bdc41f-10 > .kt-inside-inner-col:before{border-top-left-radius:0px;border-top-right-radius:0px;border-bottom-right-radius:0px;border-bottom-left-radius:0px;}.kadence-column2886_bdc41f-10 > .kt-inside-inner-col{column-gap:var(--global-kb-gap-sm, 1rem);}.kadence-column2886_bdc41f-10 > .kt-inside-inner-col{flex-direction:column;justify-content:center;align-items:center;}.kadence-column2886_bdc41f-10 > .kt-inside-inner-col > .kb-image-is-ratio-size{align-self:stretch;}.kadence-column2886_bdc41f-10 > .kt-inside-inner-col > .wp-block-kadence-advancedgallery{align-self:stretch;}.kadence-column2886_bdc41f-10 > .kt-inside-inner-col > .aligncenter{width:100%;}.kt-row-column-wrap > .kadence-column2886_bdc41f-10{align-self:center;}.kt-inner-column-height-full:not(.kt-has-1-columns) > .wp-block-kadence-column.kadence-column2886_bdc41f-10{align-self:auto;}.kt-inner-column-height-full:not(.kt-has-1-columns) > .wp-block-kadence-column.kadence-column2886_bdc41f-10 > .kt-inside-inner-col{flex-direction:column;justify-content:center;}.kadence-column2886_bdc41f-10 > .kt-inside-inner-col{background-image:url('https:\/\/3dpmetal.com\/wp-content\/uploads\/2024\/02\/663f499e-1c8a-4d2f-9a72-f23b2ce6a317.png');background-size:cover;background-position:50% 0%;background-attachment:scroll;background-repeat:no-repeat;}.kadence-column2886_bdc41f-10 > .kt-inside-inner-col:before{opacity:0.63;background-color:#000000;}.kadence-column2886_bdc41f-10{position:relative;}@media all and (max-width: 1024px){.kt-row-column-wrap > .kadence-column2886_bdc41f-10{align-self:center;}}@media all and (max-width: 1024px){.kt-inner-column-height-full:not(.kt-has-1-columns) > .wp-block-kadence-column.kadence-column2886_bdc41f-10{align-self:auto;}}@media all and (max-width: 1024px){.kt-inner-column-height-full:not(.kt-has-1-columns) > .wp-block-kadence-column.kadence-column2886_bdc41f-10 > .kt-inside-inner-col{flex-direction:column;justify-content:center;}}@media all and (max-width: 1024px){.kadence-column2886_bdc41f-10 > .kt-inside-inner-col{flex-direction:column;justify-content:center;align-items:center;}}@media all and (max-width: 767px){.kt-row-column-wrap > .kadence-column2886_bdc41f-10{align-self:center;}.kt-inner-column-height-full:not(.kt-has-1-columns) > .wp-block-kadence-column.kadence-column2886_bdc41f-10{align-self:auto;}.kt-inner-column-height-full:not(.kt-has-1-columns) > .wp-block-kadence-column.kadence-column2886_bdc41f-10 > .kt-inside-inner-col{flex-direction:column;justify-content:center;}.kadence-column2886_bdc41f-10 > .kt-inside-inner-col{flex-direction:column;justify-content:center;align-items:center;}}<\/style>\n<div class=\"wp-block-kadence-column kadence-column2886_bdc41f-10 kb-section-has-overlay\"><div class=\"kt-inside-inner-col\"><style>.wp-block-kadence-advancedheading.kt-adv-heading2886_cabb8d-de, .wp-block-kadence-advancedheading.kt-adv-heading2886_cabb8d-de[data-kb-block=\"kb-adv-heading2886_cabb8d-de\"]{font-size:40px;font-style:normal;color:#fff9f9;}.wp-block-kadence-advancedheading.kt-adv-heading2886_cabb8d-de mark.kt-highlight, .wp-block-kadence-advancedheading.kt-adv-heading2886_cabb8d-de[data-kb-block=\"kb-adv-heading2886_cabb8d-de\"] mark.kt-highlight{font-style:normal;color:#f76a0c;-webkit-box-decoration-break:clone;box-decoration-break:clone;padding-top:0px;padding-right:0px;padding-bottom:0px;padding-left:0px;}.wp-block-kadence-advancedheading.kt-adv-heading2886_cabb8d-de img.kb-inline-image, .wp-block-kadence-advancedheading.kt-adv-heading2886_cabb8d-de[data-kb-block=\"kb-adv-heading2886_cabb8d-de\"] img.kb-inline-image{width:150px;vertical-align:baseline;}@media all and (max-width: 767px){.wp-block-kadence-advancedheading.kt-adv-heading2886_cabb8d-de, .wp-block-kadence-advancedheading.kt-adv-heading2886_cabb8d-de[data-kb-block=\"kb-adv-heading2886_cabb8d-de\"]{font-size:var(--global-kb-font-size-lg, 2rem);}}<\/style>\n<h1 class=\"kt-adv-heading2886_cabb8d-de wp-block-kadence-advancedheading\" data-kb-block=\"kb-adv-heading2886_cabb8d-de\">Sektor zdravotn\u00ed p\u00e9\u010de<\/h1>\n<\/div><\/div>\n\n\n<style>.kb-row-layout-id2886_ff0ba9-f1 > .kt-row-column-wrap{align-content:start;}:where(.kb-row-layout-id2886_ff0ba9-f1 > .kt-row-column-wrap) > .wp-block-kadence-column{justify-content:start;}.kb-row-layout-id2886_ff0ba9-f1 > .kt-row-column-wrap{column-gap:var(--global-kb-gap-lg, 4rem);row-gap:var(--global-kb-gap-md, 2rem);max-width:var( --global-content-width, 1600px );padding-left:var(--global-content-edge-padding);padding-right:var(--global-content-edge-padding);padding-top:var(--global-kb-spacing-xxl, 5rem);padding-bottom:var(--global-kb-spacing-sm, 1.5rem);grid-template-columns:minmax(0, calc(40% - ((var(--global-kb-gap-lg, 4rem) * 1 )\/2)))minmax(0, calc(60% - ((var(--global-kb-gap-lg, 4rem) * 1 )\/2)));}.kb-row-layout-id2886_ff0ba9-f1 > .kt-row-layout-overlay{opacity:0.30;}@media all and (max-width: 1024px){.kb-row-layout-id2886_ff0ba9-f1 > .kt-row-column-wrap{grid-template-columns:minmax(0, 1fr) minmax(0, 2fr);}}@media all and (max-width: 767px){.kb-row-layout-id2886_ff0ba9-f1 > .kt-row-column-wrap{row-gap:var(--global-kb-gap-none, 0rem );padding-top:var(--global-kb-spacing-lg, 3rem);grid-template-columns:minmax(0, 1fr);}}<\/style><div class=\"kb-row-layout-wrap kb-row-layout-id2886_ff0ba9-f1 alignnone wp-block-kadence-rowlayout\"><div class=\"kt-row-column-wrap kt-has-2-columns kt-row-layout-right-golden kt-tab-layout-inherit kt-mobile-layout-row kt-row-valign-top kb-theme-content-width\">\n<style>.kadence-column2886_633ab8-b2 > .kt-inside-inner-col{display:flex;}.kadence-column2886_633ab8-b2 > .kt-inside-inner-col,.kadence-column2886_633ab8-b2 > .kt-inside-inner-col:before{border-top-left-radius:0px;border-top-right-radius:0px;border-bottom-right-radius:0px;border-bottom-left-radius:0px;}.kadence-column2886_633ab8-b2 > .kt-inside-inner-col{column-gap:var(--global-kb-gap-sm, 1rem);}.kadence-column2886_633ab8-b2 > .kt-inside-inner-col{flex-direction:column;justify-content:center;}.kadence-column2886_633ab8-b2 > .kt-inside-inner-col > .aligncenter{width:100%;}.kt-row-column-wrap > .kadence-column2886_633ab8-b2{align-self:center;}.kt-inner-column-height-full:not(.kt-has-1-columns) > .wp-block-kadence-column.kadence-column2886_633ab8-b2{align-self:auto;}.kt-inner-column-height-full:not(.kt-has-1-columns) > .wp-block-kadence-column.kadence-column2886_633ab8-b2 > .kt-inside-inner-col{flex-direction:column;justify-content:center;}.kadence-column2886_633ab8-b2 > .kt-inside-inner-col:before{opacity:0.3;}.kadence-column2886_633ab8-b2{position:relative;}@media all and (max-width: 1024px){.kt-row-column-wrap > .kadence-column2886_633ab8-b2{align-self:center;}}@media all and (max-width: 1024px){.kt-inner-column-height-full:not(.kt-has-1-columns) > .wp-block-kadence-column.kadence-column2886_633ab8-b2{align-self:auto;}}@media all and (max-width: 1024px){.kt-inner-column-height-full:not(.kt-has-1-columns) > .wp-block-kadence-column.kadence-column2886_633ab8-b2 > .kt-inside-inner-col{flex-direction:column;justify-content:center;}}@media all and (max-width: 1024px){.kadence-column2886_633ab8-b2 > .kt-inside-inner-col{flex-direction:column;justify-content:center;}}@media all and (max-width: 767px){.kt-row-column-wrap > .kadence-column2886_633ab8-b2{align-self:center;}.kt-inner-column-height-full:not(.kt-has-1-columns) > .wp-block-kadence-column.kadence-column2886_633ab8-b2{align-self:auto;}.kt-inner-column-height-full:not(.kt-has-1-columns) > .wp-block-kadence-column.kadence-column2886_633ab8-b2 > .kt-inside-inner-col{flex-direction:column;justify-content:center;}.kadence-column2886_633ab8-b2 > .kt-inside-inner-col{flex-direction:column;justify-content:center;}}<\/style>\n<div class=\"wp-block-kadence-column kadence-column2886_633ab8-b2\"><div class=\"kt-inside-inner-col\">\n<figure class=\"wp-block-image size-full\"><img loading=\"lazy\" decoding=\"async\" width=\"600\" height=\"600\" src=\"https:\/\/3dpmetal.com\/wp-content\/uploads\/2024\/03\/implants.jpg\" alt=\"\" class=\"wp-image-2874\" title=\"\" srcset=\"https:\/\/3dpmetal.com\/wp-content\/uploads\/2024\/03\/implants.jpg 600w, https:\/\/3dpmetal.com\/wp-content\/uploads\/2024\/03\/implants-300x300.jpg 300w, https:\/\/3dpmetal.com\/wp-content\/uploads\/2024\/03\/implants-150x150.jpg 150w\" sizes=\"auto, (max-width: 600px) 100vw, 600px\" \/><\/figure>\n<\/div><\/div>\n\n\n<style>.kadence-column2886_3f5ce1-e6 > .kt-inside-inner-col{display:flex;}.kadence-column2886_3f5ce1-e6 > .kt-inside-inner-col,.kadence-column2886_3f5ce1-e6 > .kt-inside-inner-col:before{border-top-left-radius:0px;border-top-right-radius:0px;border-bottom-right-radius:0px;border-bottom-left-radius:0px;}.kadence-column2886_3f5ce1-e6 > .kt-inside-inner-col{column-gap:var(--global-kb-gap-sm, 1rem);}.kadence-column2886_3f5ce1-e6 > .kt-inside-inner-col{flex-direction:column;justify-content:center;}.kadence-column2886_3f5ce1-e6 > .kt-inside-inner-col > .aligncenter{width:100%;}.kt-row-column-wrap > .kadence-column2886_3f5ce1-e6{align-self:center;}.kt-inner-column-height-full:not(.kt-has-1-columns) > .wp-block-kadence-column.kadence-column2886_3f5ce1-e6{align-self:auto;}.kt-inner-column-height-full:not(.kt-has-1-columns) > .wp-block-kadence-column.kadence-column2886_3f5ce1-e6 > .kt-inside-inner-col{flex-direction:column;justify-content:center;}.kadence-column2886_3f5ce1-e6 > .kt-inside-inner-col:before{opacity:0.3;}.kadence-column2886_3f5ce1-e6{position:relative;}@media all and (max-width: 1024px){.kt-row-column-wrap > .kadence-column2886_3f5ce1-e6{align-self:center;}}@media all and (max-width: 1024px){.kt-inner-column-height-full:not(.kt-has-1-columns) > .wp-block-kadence-column.kadence-column2886_3f5ce1-e6{align-self:auto;}}@media all and (max-width: 1024px){.kt-inner-column-height-full:not(.kt-has-1-columns) > .wp-block-kadence-column.kadence-column2886_3f5ce1-e6 > .kt-inside-inner-col{flex-direction:column;justify-content:center;}}@media all and (max-width: 1024px){.kadence-column2886_3f5ce1-e6 > .kt-inside-inner-col{flex-direction:column;justify-content:center;}}@media all and (max-width: 767px){.kt-row-column-wrap > .kadence-column2886_3f5ce1-e6{align-self:center;}.kt-inner-column-height-full:not(.kt-has-1-columns) > .wp-block-kadence-column.kadence-column2886_3f5ce1-e6{align-self:auto;}.kt-inner-column-height-full:not(.kt-has-1-columns) > .wp-block-kadence-column.kadence-column2886_3f5ce1-e6 > .kt-inside-inner-col{flex-direction:column;justify-content:center;}.kadence-column2886_3f5ce1-e6 > .kt-inside-inner-col{flex-direction:column;justify-content:center;}}<\/style>\n<div class=\"wp-block-kadence-column kadence-column2886_3f5ce1-e6\"><div class=\"kt-inside-inner-col\"><style>.wp-block-kadence-advancedheading.kt-adv-heading2886_15f5f7-c0, .wp-block-kadence-advancedheading.kt-adv-heading2886_15f5f7-c0[data-kb-block=\"kb-adv-heading2886_15f5f7-c0\"]{font-style:normal;}.wp-block-kadence-advancedheading.kt-adv-heading2886_15f5f7-c0 mark.kt-highlight, .wp-block-kadence-advancedheading.kt-adv-heading2886_15f5f7-c0[data-kb-block=\"kb-adv-heading2886_15f5f7-c0\"] mark.kt-highlight{font-style:normal;color:#f76a0c;-webkit-box-decoration-break:clone;box-decoration-break:clone;padding-top:0px;padding-right:0px;padding-bottom:0px;padding-left:0px;}.wp-block-kadence-advancedheading.kt-adv-heading2886_15f5f7-c0 img.kb-inline-image, .wp-block-kadence-advancedheading.kt-adv-heading2886_15f5f7-c0[data-kb-block=\"kb-adv-heading2886_15f5f7-c0\"] img.kb-inline-image{width:150px;vertical-align:baseline;}@media all and (max-width: 767px){.wp-block-kadence-advancedheading.kt-adv-heading2886_15f5f7-c0, .wp-block-kadence-advancedheading.kt-adv-heading2886_15f5f7-c0[data-kb-block=\"kb-adv-heading2886_15f5f7-c0\"]{font-size:20px;}}<\/style>\n<h2 class=\"kt-adv-heading2886_15f5f7-c0 wp-block-kadence-advancedheading\" data-kb-block=\"kb-adv-heading2886_15f5f7-c0\">Sektor zdravotn\u00ed p\u00e9\u010de je jedn\u00edm z konstantn\u00edch zm\u011bn.<\/h2>\n\n\n\n<p>Aditivn\u00ed v\u00fdroba transformuje v\u00fdrobu zdravotnick\u00fdch p\u0159\u00edstroj\u016f a umo\u017e\u0148uje vytv\u00e1\u0159et personalizovan\u00e9 implant\u00e1ty a n\u00e1stroje. 3D tisk kovu usnad\u0148uje vytv\u00e1\u0159en\u00ed slo\u017eit\u00fdch geometrick\u00fdch tvar\u016f, kter\u00e9 nejsou mo\u017en\u00e9 s vyu\u017eit\u00edm konven\u010dn\u00edch technik. D\u00edky tomu je mo\u017en\u00e9 dos\u00e1hnout anatomicky p\u0159esn\u011bj\u0161\u00edch implant\u00e1t\u016f s lep\u0161\u00edmi vlastnostmi. Umo\u017e\u0148uje tak\u00e9 konsolidovat komponenty do jedin\u00fdch ti\u0161t\u011bn\u00fdch \u010d\u00e1st\u00ed.<\/p>\n\n\n\n<p>Meituo je ide\u00e1ln\u00ed partner pro spole\u010dnosti zdravotnick\u00e9 techniky, kter\u00e9 zav\u00e1d\u011bj\u00ed \u0159e\u0161en\u00ed AM z kov\u016f. Na\u0161e vysp\u011bl\u00e9 syst\u00e9my taven\u00ed selektivn\u00edm svazkem elektron\u016f vynikaj\u00ed u tisku titanov\u00fdch a chrom-kobaltov\u00fdch slitin, kter\u00e9 se pou\u017e\u00edvaj\u00ed u ortopedick\u00fdch a zubn\u00edch implant\u00e1t\u016f. N\u00e1\u0161 postup dosahuje v\u00fdjime\u010dn\u00fdch mechanick\u00fdch vlastnost\u00ed a biokompatibility, kter\u00e9 jsou pot\u0159eba pro pou\u017eit\u00ed v chirurgick\u00fdch aplikac\u00edch. Na\u0161e tisk\u00e1rny tak\u00e9 zaji\u0161\u0165uj\u00ed p\u0159esnost a povrchovou \u00fapravu, je\u017e jsou pot\u0159ebn\u00e9 pro mal\u00e9 a slo\u017eit\u00e9 l\u00e9ka\u0159sk\u00e9 sou\u010d\u00e1sti.<\/p>\n\n\n\n<p>Meituo nav\u00edc nab\u00edz\u00ed \u0161irokou \u0161k\u00e1lu biokompatibiln\u00edch kovov\u00fdch pr\u00e1\u0161k\u016f optimalizovan\u00fdch pro na\u0161e syst\u00e9my. Pat\u0159\u00ed mezi n\u011b titan, kobalt chrom, nerezov\u00e1 ocel a dal\u0161\u00ed. Na\u0161e vysoce kvalitn\u00ed pr\u00e1\u0161ky zaji\u0161\u0165uj\u00ed spolehliv\u00fd a opakovateln\u00fd tisk hust\u00fdch a pevn\u00fdch sou\u010d\u00e1st\u00ed. D\u00edky sv\u00fdm odborn\u00fdm znalostem regulovan\u00fdch prost\u0159ed\u00ed pom\u00e1h\u00e1 Meituo z\u00e1kazn\u00edk\u016fm ov\u011b\u0159ovat ti\u0161t\u011bn\u00e9 l\u00e9ka\u0159sk\u00e9 sou\u010d\u00e1stky spl\u0148uj\u00edc\u00ed p\u0159\u00edsn\u00e9 normy.<\/p>\n\n\n\n<p>Vyu\u017eit\u00edm na\u0161ich \u0161pi\u010dkov\u00fdch mo\u017enost\u00ed pro aditivn\u00ed kovovou v\u00fdrobu mohou v\u00fdrobci zdravotnick\u00fdch prost\u0159edk\u016f p\u0159ijmout 3D tisk, aby zlep\u0161ili v\u00fdsledky l\u00e9\u010dby pacient\u016f. Meituo spolupracuje se zdravotnick\u00fdmi organizacemi, aby zavedl kovovou aplikaci AM a odkryl jej\u00ed v\u00fdhody pro personalizovanou medic\u00ednu.<\/p>\n<\/div><\/div>\n\n<\/div><\/div>","protected":false},"excerpt":{"rendered":"<p>Healthcare Sector The Healthcare Sector Is One Of Constant Change. Additive manufacturing is transforming medical device production, enabling personalized implants and instruments. Metal 3D printing facilitates complex geometries not possible with conventional techniques. This allows more anatomical fit and performance for implants. It also permits consolidation of components into single printed parts. Meituo is an&#8230;<\/p>","protected":false},"author":1,"featured_media":0,"parent":0,"menu_order":0,"comment_status":"closed","ping_status":"closed","template":"","meta":{"_acf_changed":false,"_kad_blocks_custom_css":"","_kad_blocks_head_custom_js":"","_kad_blocks_body_custom_js":"","_kad_blocks_footer_custom_js":"","_kad_post_transparent":"","_kad_post_title":"","_kad_post_layout":"fullwidth","_kad_post_sidebar_id":"","_kad_post_content_style":"unboxed","_kad_post_vertical_padding":"","_kad_post_feature":"","_kad_post_feature_position":"","_kad_post_header":false,"_kad_post_footer":false,"_kad_post_classname":"","footnotes":""},"class_list":["post-2886","page","type-page","status-publish","hentry"],"acf":[],"taxonomy_info":[],"featured_image_src_large":false,"author_info":{"display_name":"demo","author_link":"https:\/\/3dpmetal.com\/cs\/author\/demo\/"},"comment_info":0,"_links":{"self":[{"href":"https:\/\/3dpmetal.com\/cs\/wp-json\/wp\/v2\/pages\/2886","targetHints":{"allow":["GET"]}}],"collection":[{"href":"https:\/\/3dpmetal.com\/cs\/wp-json\/wp\/v2\/pages"}],"about":[{"href":"https:\/\/3dpmetal.com\/cs\/wp-json\/wp\/v2\/types\/page"}],"author":[{"embeddable":true,"href":"https:\/\/3dpmetal.com\/cs\/wp-json\/wp\/v2\/users\/1"}],"replies":[{"embeddable":true,"href":"https:\/\/3dpmetal.com\/cs\/wp-json\/wp\/v2\/comments?post=2886"}],"version-history":[{"count":3,"href":"https:\/\/3dpmetal.com\/cs\/wp-json\/wp\/v2\/pages\/2886\/revisions"}],"predecessor-version":[{"id":4069,"href":"https:\/\/3dpmetal.com\/cs\/wp-json\/wp\/v2\/pages\/2886\/revisions\/4069"}],"wp:attachment":[{"href":"https:\/\/3dpmetal.com\/cs\/wp-json\/wp\/v2\/media?parent=2886"}],"curies":[{"name":"wp","href":"https:\/\/api.w.org\/{rel}","templated":true}]}}