{"id":2888,"date":"2024-03-07T07:15:34","date_gmt":"2024-03-07T07:15:34","guid":{"rendered":"https:\/\/3dp.45612300.xyz\/?page_id=2888"},"modified":"2024-04-01T06:17:25","modified_gmt":"2024-04-01T06:17:25","slug":"automotive-industry","status":"publish","type":"page","link":"https:\/\/3dpmetal.com\/cs\/automotive-industry\/","title":{"rendered":"Automobilov\u00fd pr\u016fmysl"},"content":{"rendered":"<style>.kadence-column2888_e0b287-3a > .kt-inside-inner-col{display:flex;}.kadence-column2888_e0b287-3a > .kt-inside-inner-col{min-height:300px;}.kadence-column2888_e0b287-3a > .kt-inside-inner-col,.kadence-column2888_e0b287-3a > .kt-inside-inner-col:before{border-top-left-radius:0px;border-top-right-radius:0px;border-bottom-right-radius:0px;border-bottom-left-radius:0px;}.kadence-column2888_e0b287-3a > .kt-inside-inner-col{column-gap:var(--global-kb-gap-sm, 1rem);}.kadence-column2888_e0b287-3a > .kt-inside-inner-col{flex-direction:column;justify-content:center;align-items:center;}.kadence-column2888_e0b287-3a > .kt-inside-inner-col > .kb-image-is-ratio-size{align-self:stretch;}.kadence-column2888_e0b287-3a > .kt-inside-inner-col > .wp-block-kadence-advancedgallery{align-self:stretch;}.kadence-column2888_e0b287-3a > .kt-inside-inner-col > .aligncenter{width:100%;}.kt-row-column-wrap > .kadence-column2888_e0b287-3a{align-self:center;}.kt-inner-column-height-full:not(.kt-has-1-columns) > .wp-block-kadence-column.kadence-column2888_e0b287-3a{align-self:auto;}.kt-inner-column-height-full:not(.kt-has-1-columns) > .wp-block-kadence-column.kadence-column2888_e0b287-3a > .kt-inside-inner-col{flex-direction:column;justify-content:center;}.kadence-column2888_e0b287-3a > .kt-inside-inner-col{background-image:url('https:\/\/3dpmetal.com\/wp-content\/uploads\/2024\/02\/663f499e-1c8a-4d2f-9a72-f23b2ce6a317.png');background-size:cover;background-position:50% 0%;background-attachment:scroll;background-repeat:no-repeat;}.kadence-column2888_e0b287-3a > .kt-inside-inner-col:before{opacity:0.63;background-color:#000000;}.kadence-column2888_e0b287-3a{position:relative;}@media all and (max-width: 1024px){.kt-row-column-wrap > .kadence-column2888_e0b287-3a{align-self:center;}}@media all and (max-width: 1024px){.kt-inner-column-height-full:not(.kt-has-1-columns) > .wp-block-kadence-column.kadence-column2888_e0b287-3a{align-self:auto;}}@media all and (max-width: 1024px){.kt-inner-column-height-full:not(.kt-has-1-columns) > .wp-block-kadence-column.kadence-column2888_e0b287-3a > .kt-inside-inner-col{flex-direction:column;justify-content:center;}}@media all and (max-width: 1024px){.kadence-column2888_e0b287-3a > .kt-inside-inner-col{flex-direction:column;justify-content:center;align-items:center;}}@media all and (max-width: 767px){.kt-row-column-wrap > .kadence-column2888_e0b287-3a{align-self:center;}.kt-inner-column-height-full:not(.kt-has-1-columns) > .wp-block-kadence-column.kadence-column2888_e0b287-3a{align-self:auto;}.kt-inner-column-height-full:not(.kt-has-1-columns) > .wp-block-kadence-column.kadence-column2888_e0b287-3a > .kt-inside-inner-col{flex-direction:column;justify-content:center;}.kadence-column2888_e0b287-3a > .kt-inside-inner-col{flex-direction:column;justify-content:center;align-items:center;}}<\/style>\n<div class=\"wp-block-kadence-column kadence-column2888_e0b287-3a kb-section-has-overlay\"><div class=\"kt-inside-inner-col\"><style>.wp-block-kadence-advancedheading.kt-adv-heading2888_7eb6aa-b1, .wp-block-kadence-advancedheading.kt-adv-heading2888_7eb6aa-b1[data-kb-block=\"kb-adv-heading2888_7eb6aa-b1\"]{font-size:40px;font-style:normal;color:#fff9f9;}.wp-block-kadence-advancedheading.kt-adv-heading2888_7eb6aa-b1 mark.kt-highlight, .wp-block-kadence-advancedheading.kt-adv-heading2888_7eb6aa-b1[data-kb-block=\"kb-adv-heading2888_7eb6aa-b1\"] mark.kt-highlight{font-style:normal;color:#f76a0c;-webkit-box-decoration-break:clone;box-decoration-break:clone;padding-top:0px;padding-right:0px;padding-bottom:0px;padding-left:0px;}.wp-block-kadence-advancedheading.kt-adv-heading2888_7eb6aa-b1 img.kb-inline-image, .wp-block-kadence-advancedheading.kt-adv-heading2888_7eb6aa-b1[data-kb-block=\"kb-adv-heading2888_7eb6aa-b1\"] img.kb-inline-image{width:150px;vertical-align:baseline;}@media all and (max-width: 767px){.wp-block-kadence-advancedheading.kt-adv-heading2888_7eb6aa-b1, .wp-block-kadence-advancedheading.kt-adv-heading2888_7eb6aa-b1[data-kb-block=\"kb-adv-heading2888_7eb6aa-b1\"]{font-size:var(--global-kb-font-size-lg, 2rem);}}<\/style>\n<h1 class=\"kt-adv-heading2888_7eb6aa-b1 wp-block-kadence-advancedheading\" data-kb-block=\"kb-adv-heading2888_7eb6aa-b1\">Automobilov\u00fd pr\u016fmysl<\/h1>\n<\/div><\/div>\n\n\n<style>.kb-row-layout-id2888_34a69f-f2 > .kt-row-column-wrap{align-content:start;}:where(.kb-row-layout-id2888_34a69f-f2 > .kt-row-column-wrap) > .wp-block-kadence-column{justify-content:start;}.kb-row-layout-id2888_34a69f-f2 > .kt-row-column-wrap{column-gap:var(--global-kb-gap-lg, 4rem);row-gap:var(--global-kb-gap-md, 2rem);max-width:var( --global-content-width, 1600px );padding-left:var(--global-content-edge-padding);padding-right:var(--global-content-edge-padding);padding-top:var(--global-kb-spacing-xxl, 5rem);padding-bottom:var(--global-kb-spacing-sm, 1.5rem);grid-template-columns:minmax(0, calc(40% - ((var(--global-kb-gap-lg, 4rem) * 1 )\/2)))minmax(0, calc(60% - ((var(--global-kb-gap-lg, 4rem) * 1 )\/2)));}.kb-row-layout-id2888_34a69f-f2 > .kt-row-layout-overlay{opacity:0.30;}@media all and (max-width: 1024px){.kb-row-layout-id2888_34a69f-f2 > .kt-row-column-wrap{grid-template-columns:minmax(0, 1fr) minmax(0, 2fr);}}@media all and (max-width: 767px){.kb-row-layout-id2888_34a69f-f2 > .kt-row-column-wrap{row-gap:var(--global-kb-gap-none, 0rem );padding-top:var(--global-kb-spacing-lg, 3rem);grid-template-columns:minmax(0, 1fr);}}<\/style><div class=\"kb-row-layout-wrap kb-row-layout-id2888_34a69f-f2 alignnone wp-block-kadence-rowlayout\"><div class=\"kt-row-column-wrap kt-has-2-columns kt-row-layout-right-golden kt-tab-layout-inherit kt-mobile-layout-row kt-row-valign-top kb-theme-content-width\">\n<style>.kadence-column2888_e9fde1-20 > .kt-inside-inner-col{display:flex;}.kadence-column2888_e9fde1-20 > .kt-inside-inner-col,.kadence-column2888_e9fde1-20 > .kt-inside-inner-col:before{border-top-left-radius:0px;border-top-right-radius:0px;border-bottom-right-radius:0px;border-bottom-left-radius:0px;}.kadence-column2888_e9fde1-20 > .kt-inside-inner-col{column-gap:var(--global-kb-gap-sm, 1rem);}.kadence-column2888_e9fde1-20 > .kt-inside-inner-col{flex-direction:column;justify-content:center;}.kadence-column2888_e9fde1-20 > .kt-inside-inner-col > .aligncenter{width:100%;}.kt-row-column-wrap > .kadence-column2888_e9fde1-20{align-self:center;}.kt-inner-column-height-full:not(.kt-has-1-columns) > .wp-block-kadence-column.kadence-column2888_e9fde1-20{align-self:auto;}.kt-inner-column-height-full:not(.kt-has-1-columns) > .wp-block-kadence-column.kadence-column2888_e9fde1-20 > .kt-inside-inner-col{flex-direction:column;justify-content:center;}.kadence-column2888_e9fde1-20 > .kt-inside-inner-col:before{opacity:0.3;}.kadence-column2888_e9fde1-20{position:relative;}@media all and (max-width: 1024px){.kt-row-column-wrap > .kadence-column2888_e9fde1-20{align-self:center;}}@media all and (max-width: 1024px){.kt-inner-column-height-full:not(.kt-has-1-columns) > .wp-block-kadence-column.kadence-column2888_e9fde1-20{align-self:auto;}}@media all and (max-width: 1024px){.kt-inner-column-height-full:not(.kt-has-1-columns) > .wp-block-kadence-column.kadence-column2888_e9fde1-20 > .kt-inside-inner-col{flex-direction:column;justify-content:center;}}@media all and (max-width: 1024px){.kadence-column2888_e9fde1-20 > .kt-inside-inner-col{flex-direction:column;justify-content:center;}}@media all and (max-width: 767px){.kt-row-column-wrap > .kadence-column2888_e9fde1-20{align-self:center;}.kt-inner-column-height-full:not(.kt-has-1-columns) > .wp-block-kadence-column.kadence-column2888_e9fde1-20{align-self:auto;}.kt-inner-column-height-full:not(.kt-has-1-columns) > .wp-block-kadence-column.kadence-column2888_e9fde1-20 > .kt-inside-inner-col{flex-direction:column;justify-content:center;}.kadence-column2888_e9fde1-20 > .kt-inside-inner-col{flex-direction:column;justify-content:center;}}<\/style>\n<div class=\"wp-block-kadence-column kadence-column2888_e9fde1-20\"><div class=\"kt-inside-inner-col\">\n<figure class=\"wp-block-image size-full\"><img loading=\"lazy\" decoding=\"async\" width=\"600\" height=\"600\" src=\"https:\/\/3dpmetal.com\/wp-content\/uploads\/2024\/03\/car.jpg\" alt=\"\" class=\"wp-image-2868\" title=\"\" srcset=\"https:\/\/3dpmetal.com\/wp-content\/uploads\/2024\/03\/car.jpg 600w, https:\/\/3dpmetal.com\/wp-content\/uploads\/2024\/03\/car-300x300.jpg 300w, https:\/\/3dpmetal.com\/wp-content\/uploads\/2024\/03\/car-150x150.jpg 150w\" sizes=\"auto, (max-width: 600px) 100vw, 600px\" \/><\/figure>\n<\/div><\/div>\n\n\n<style>.kadence-column2888_eea6ed-3c > .kt-inside-inner-col{display:flex;}.kadence-column2888_eea6ed-3c > .kt-inside-inner-col,.kadence-column2888_eea6ed-3c > .kt-inside-inner-col:before{border-top-left-radius:0px;border-top-right-radius:0px;border-bottom-right-radius:0px;border-bottom-left-radius:0px;}.kadence-column2888_eea6ed-3c > .kt-inside-inner-col{column-gap:var(--global-kb-gap-sm, 1rem);}.kadence-column2888_eea6ed-3c > .kt-inside-inner-col{flex-direction:column;justify-content:center;}.kadence-column2888_eea6ed-3c > .kt-inside-inner-col > .aligncenter{width:100%;}.kt-row-column-wrap > .kadence-column2888_eea6ed-3c{align-self:center;}.kt-inner-column-height-full:not(.kt-has-1-columns) > .wp-block-kadence-column.kadence-column2888_eea6ed-3c{align-self:auto;}.kt-inner-column-height-full:not(.kt-has-1-columns) > .wp-block-kadence-column.kadence-column2888_eea6ed-3c > .kt-inside-inner-col{flex-direction:column;justify-content:center;}.kadence-column2888_eea6ed-3c > .kt-inside-inner-col:before{opacity:0.3;}.kadence-column2888_eea6ed-3c{position:relative;}@media all and (max-width: 1024px){.kt-row-column-wrap > .kadence-column2888_eea6ed-3c{align-self:center;}}@media all and (max-width: 1024px){.kt-inner-column-height-full:not(.kt-has-1-columns) > .wp-block-kadence-column.kadence-column2888_eea6ed-3c{align-self:auto;}}@media all and (max-width: 1024px){.kt-inner-column-height-full:not(.kt-has-1-columns) > .wp-block-kadence-column.kadence-column2888_eea6ed-3c > .kt-inside-inner-col{flex-direction:column;justify-content:center;}}@media all and (max-width: 1024px){.kadence-column2888_eea6ed-3c > .kt-inside-inner-col{flex-direction:column;justify-content:center;}}@media all and (max-width: 767px){.kt-row-column-wrap > .kadence-column2888_eea6ed-3c{align-self:center;}.kt-inner-column-height-full:not(.kt-has-1-columns) > .wp-block-kadence-column.kadence-column2888_eea6ed-3c{align-self:auto;}.kt-inner-column-height-full:not(.kt-has-1-columns) > .wp-block-kadence-column.kadence-column2888_eea6ed-3c > .kt-inside-inner-col{flex-direction:column;justify-content:center;}.kadence-column2888_eea6ed-3c > .kt-inside-inner-col{flex-direction:column;justify-content:center;}}<\/style>\n<div class=\"wp-block-kadence-column kadence-column2888_eea6ed-3c\"><div class=\"kt-inside-inner-col\"><style>.wp-block-kadence-advancedheading.kt-adv-heading2888_c07e79-09, .wp-block-kadence-advancedheading.kt-adv-heading2888_c07e79-09[data-kb-block=\"kb-adv-heading2888_c07e79-09\"]{font-style:normal;}.wp-block-kadence-advancedheading.kt-adv-heading2888_c07e79-09 mark.kt-highlight, .wp-block-kadence-advancedheading.kt-adv-heading2888_c07e79-09[data-kb-block=\"kb-adv-heading2888_c07e79-09\"] mark.kt-highlight{font-style:normal;color:#f76a0c;-webkit-box-decoration-break:clone;box-decoration-break:clone;padding-top:0px;padding-right:0px;padding-bottom:0px;padding-left:0px;}.wp-block-kadence-advancedheading.kt-adv-heading2888_c07e79-09 img.kb-inline-image, .wp-block-kadence-advancedheading.kt-adv-heading2888_c07e79-09[data-kb-block=\"kb-adv-heading2888_c07e79-09\"] img.kb-inline-image{width:150px;vertical-align:baseline;}@media all and (max-width: 767px){.wp-block-kadence-advancedheading.kt-adv-heading2888_c07e79-09, .wp-block-kadence-advancedheading.kt-adv-heading2888_c07e79-09[data-kb-block=\"kb-adv-heading2888_c07e79-09\"]{font-size:20px;}}<\/style>\n<h2 class=\"kt-adv-heading2888_c07e79-09 wp-block-kadence-advancedheading\" data-kb-block=\"kb-adv-heading2888_c07e79-09\">Automobilov\u00fd pr\u016fmysl je ve znamen\u00ed neust\u00e1l\u00fdch zm\u011bn.<\/h2>\n\n\n\n<p>Aditivn\u00ed v\u00fdroba v automobilov\u00e9m pr\u016fmyslu z\u00edsk\u00e1v\u00e1 na popularit\u011b pro v\u00fdrobu lehk\u00fdch a optimalizovan\u00fdch komponent. 3D tisk kovu umo\u017e\u0148uje pou\u017e\u00edvat slo\u017eit\u00e9 konstrukce, kter\u00e9 sni\u017euj\u00ed hmotnost a z\u00e1rove\u0148 si zachov\u00e1vaj\u00ed pevnost. To je z\u00e1sadn\u00ed pro zlep\u0161en\u00ed \u00faspory paliva a v\u00fdkonu vozidel. Slou\u010den\u00edm sestav do jedin\u00e9ho ti\u0161t\u011bn\u00e9ho d\u00edlu se tak\u00e9 zefektivn\u00ed v\u00fdroba.<\/p>\n\n\n\n<p>Meituo je ide\u00e1ln\u00ed partner pro v\u00fdrobu automobil\u016f implementuj\u00edc\u00ed kovovou aditivn\u00ed v\u00fdrobu. Na\u0161e pokro\u010dil\u00e9 tisk\u00e1rny vyu\u017e\u00edvaj\u00edc\u00ed selektivn\u00ed taven\u00ed elektronov\u00fdm svazkem vynikaj\u00ed ve zpracov\u00e1n\u00ed hlin\u00edkov\u00fdch, titanov\u00fdch a ocelov\u00fdch slitin, kter\u00e9 se b\u011b\u017en\u011b pou\u017e\u00edvaj\u00ed ve v\u00fdrob\u011b automobil\u016f. Na\u0161e syst\u00e9my dosahuj\u00ed p\u0159esnosti, hladkosti povrchu a mechanick\u00fdch vlastnost\u00ed, kter\u00e9 jsou zapot\u0159eb\u00ed pro hotov\u00e9 automobilov\u00e9 d\u00edly a n\u00e1stroje.<\/p>\n\n\n\n<p>Krom\u011b toho Meituo poskytuje \u0161irok\u00fd v\u00fdb\u011br kovov\u00fdch pr\u00e1\u0161k\u016f optimalizovan\u00fdch pro na\u0161e tisk\u00e1rny. Pat\u0159\u00ed mezi n\u011b hlin\u00edk, titan, nikl, nerezov\u00e1 ocel a dal\u0161\u00ed. Na\u0161e vysoce kvalitn\u00ed pr\u00e1\u0161ky zaji\u0161\u0165uj\u00ed spolehliv\u00fd, opakovateln\u00fd tisk hust\u00fdch, odoln\u00fdch automobilov\u00fdch d\u00edl\u016f.<\/p>\n\n\n\n<p>S nejmodern\u011bj\u0161\u00edmi metodami zpracov\u00e1n\u00ed kov\u016f Meituo napom\u00e1h\u00e1 v\u00fdrobc\u016fm automobil\u016f ov\u011b\u0159it ti\u0161t\u011bn\u00e9 sou\u010d\u00e1stky pro masovou v\u00fdrobu. D\u00edky na\u0161im \u0161pi\u010dkov\u00fdm 3D tisk\u00e1rn\u00e1m a speci\u00e1ln\u00edm pr\u00e1\u0161k\u016fm mohou automobilov\u00e9 spole\u010dnosti vyu\u017e\u00edt technologii kovov\u00e9 aditivn\u00ed v\u00fdroby a dos\u00e1hnout tak v\u011bt\u0161\u00ed flexibility v\u00fdroby a lep\u0161\u00edho v\u00fdkonu vozidel.<\/p>\n\n\n\n<p>Spole\u010dnost Meituo spolupracuje s organizacemi v automobilov\u00e9m pr\u016fmyslu a pom\u00e1h\u00e1 jim zav\u00e1d\u011bt kovov\u00fd 3D tisk a dos\u00e1hnout tak jeho v\u00fdhod. Na\u0161e komplexn\u00ed \u0159e\u0161en\u00ed posouvaj\u00ed aditivn\u00ed v\u00fdrobu v automobilov\u00e9m pr\u016fmyslu.<\/p>\n<\/div><\/div>\n\n<\/div><\/div>","protected":false},"excerpt":{"rendered":"<p>Automotive Industry The Automotive Industry Is One Of Constant Change. Additive manufacturing is gaining traction in automotive for producing lightweight, optimized components. Metal 3D printing enables complex designs to reduce weight while retaining strength. This is crucial for improving vehicle fuel efficiency and performance. Consolidating assemblies into single printed parts also streamlines production. Meituo is&#8230;<\/p>","protected":false},"author":1,"featured_media":0,"parent":0,"menu_order":0,"comment_status":"closed","ping_status":"closed","template":"","meta":{"_acf_changed":false,"_kad_blocks_custom_css":"","_kad_blocks_head_custom_js":"","_kad_blocks_body_custom_js":"","_kad_blocks_footer_custom_js":"","_kad_post_transparent":"","_kad_post_title":"","_kad_post_layout":"fullwidth","_kad_post_sidebar_id":"","_kad_post_content_style":"unboxed","_kad_post_vertical_padding":"","_kad_post_feature":"","_kad_post_feature_position":"","_kad_post_header":false,"_kad_post_footer":false,"_kad_post_classname":"","footnotes":""},"class_list":["post-2888","page","type-page","status-publish","hentry"],"acf":[],"taxonomy_info":[],"featured_image_src_large":false,"author_info":{"display_name":"demo","author_link":"https:\/\/3dpmetal.com\/cs\/author\/demo\/"},"comment_info":0,"_links":{"self":[{"href":"https:\/\/3dpmetal.com\/cs\/wp-json\/wp\/v2\/pages\/2888","targetHints":{"allow":["GET"]}}],"collection":[{"href":"https:\/\/3dpmetal.com\/cs\/wp-json\/wp\/v2\/pages"}],"about":[{"href":"https:\/\/3dpmetal.com\/cs\/wp-json\/wp\/v2\/types\/page"}],"author":[{"embeddable":true,"href":"https:\/\/3dpmetal.com\/cs\/wp-json\/wp\/v2\/users\/1"}],"replies":[{"embeddable":true,"href":"https:\/\/3dpmetal.com\/cs\/wp-json\/wp\/v2\/comments?post=2888"}],"version-history":[{"count":4,"href":"https:\/\/3dpmetal.com\/cs\/wp-json\/wp\/v2\/pages\/2888\/revisions"}],"predecessor-version":[{"id":4070,"href":"https:\/\/3dpmetal.com\/cs\/wp-json\/wp\/v2\/pages\/2888\/revisions\/4070"}],"wp:attachment":[{"href":"https:\/\/3dpmetal.com\/cs\/wp-json\/wp\/v2\/media?parent=2888"}],"curies":[{"name":"wp","href":"https:\/\/api.w.org\/{rel}","templated":true}]}}