{"id":3866,"date":"2024-03-18T06:10:08","date_gmt":"2024-03-18T06:10:08","guid":{"rendered":"https:\/\/3dp.45612300.xyz\/product\/pure-titanium-powder\/"},"modified":"2024-03-18T06:10:08","modified_gmt":"2024-03-18T06:10:08","slug":"pure-titanium-powder","status":"publish","type":"product","link":"https:\/\/3dpmetal.com\/cs\/product\/pure-titanium-powder\/","title":{"rendered":"\u010cist\u00fd titanov\u00fd pr\u00e1\u0161ek"},"content":{"rendered":"<p><span style=\"vertical-align: inherit;\"><span style=\"vertical-align: inherit;\"><\/p>\n<h2><strong>P\u0159ehled \u010dist\u00e9ho titanov\u00e9ho pr\u00e1\u0161ku<\/strong><\/h2>\n<p class=\"whitespace-pre-wrap\">Titanov\u00fd pr\u00e1\u0161ek je kovov\u00fd pr\u00e1\u0161ek vyroben\u00fd z kovov\u00e9ho titanu. Vyzna\u010duje se vysok\u00fdm pom\u011brem pevnosti k hmotnosti, odolnost\u00ed proti korozi a biokompatibilitou. Titanov\u00fd pr\u00e1\u0161ek m\u00e1 rozmanit\u00e9 vyu\u017eit\u00ed v r\u016fzn\u00fdch pr\u016fmyslov\u00fdch odv\u011btv\u00edch, jako je leteck\u00fd pr\u016fmysl, l\u00e9ka\u0159stv\u00ed, automobilov\u00fd pr\u016fmysl a spot\u0159ebn\u00ed v\u00fdrobky.<\/p>\n<p class=\"whitespace-pre-wrap\">Tento \u010dl\u00e1nek poskytuje komplexn\u00edho pr\u016fvodce titanov\u00fdm pr\u00e1\u0161kem. Zab\u00fdv\u00e1 se slo\u017een\u00edm, vlastnostmi, aplikacemi, specifikacemi, dodavateli, manipulac\u00ed, kontrolou, srovn\u00e1n\u00edm, v\u00fdhodami a nev\u00fdhodami a \u010dasto kladen\u00fdmi ot\u00e1zkami o titanov\u00e9m pr\u00e1\u0161ku. Kvantitativn\u00ed \u00fadaje jsou uvedeny v p\u0159ehledn\u00fdch tabulk\u00e1ch pro rychlou orientaci.<\/p>\n<h3><strong>Slo\u017een\u00ed titanov\u00e9ho pr\u00e1\u0161ku<\/strong><\/h3>\n<p class=\"whitespace-pre-wrap\">Titanov\u00fd pr\u00e1\u0161ek m\u016f\u017ee b\u00fdt \u010dist\u00fd titan nebo slitina obsahuj\u00edc\u00ed titan jako hlavn\u00ed prvek. Slo\u017een\u00ed ur\u010duje vlastnosti a pou\u017eit\u00ed.<\/p>\n<table>\n<thead>\n<tr>\n<th>Kompozice<\/th>\n<th>Podrobnosti<\/th>\n<\/tr>\n<\/thead>\n<tbody>\n<tr>\n<td>\u010cist\u00fd titan<\/td>\n<td>Obsahuje titan &gt;99%. Nejni\u017e\u0161\u00ed pevnost, ale vynikaj\u00edc\u00ed odolnost proti korozi.<\/td>\n<\/tr>\n<tr>\n<td>Ti-6Al-4V<\/td>\n<td>6% hlin\u00edk, 4% vanad. Nejb\u011b\u017en\u011bj\u0161\u00ed slitina titanu s vysokou pevnost\u00ed.<\/td>\n<\/tr>\n<tr>\n<td>Ti-3Al-2,5V<\/td>\n<td>3% hlin\u00edku, 2,5% vanadu. Vy\u0161\u0161\u00ed ta\u017enost ne\u017e Ti-6Al-4V.<\/td>\n<\/tr>\n<tr>\n<td>Ti-6Al-7Nb<\/td>\n<td>6% hlin\u00edk, 7% niob. Vy\u0161\u0161\u00ed pevnost pro leteck\u00e9 aplikace.<\/td>\n<\/tr>\n<tr>\n<td>Ti-15Mo-3Nb-3Al-0.2Si<\/td>\n<td>15% molybdenu, 3% niobu, 3% hlin\u00edku, 0,2% k\u0159em\u00edku. Slitina titanu Beta.<\/td>\n<\/tr>\n<\/tbody>\n<\/table>\n<p class=\"whitespace-pre-wrap\">Titanov\u00fd pr\u00e1\u0161ek lze tak\u00e9 sm\u00edchat s jin\u00fdmi element\u00e1rn\u00edmi pr\u00e1\u0161ky, jako je \u017eelezo, hlin\u00edk nebo b\u00f3r, a vytvo\u0159it tak slitiny na m\u00edru.<\/p>\n<h3><strong>Vlastnosti titanov\u00e9ho pr\u00e1\u0161ku<\/strong><\/h3>\n<p class=\"whitespace-pre-wrap\">D\u00edky sv\u00fdm jedine\u010dn\u00fdm vlastnostem je titan vhodn\u00fd pro n\u00e1ro\u010dn\u00e9 aplikace v r\u016fzn\u00fdch pr\u016fmyslov\u00fdch odv\u011btv\u00edch.<\/p>\n<table>\n<thead>\n<tr>\n<th>Nemovitost<\/th>\n<th>Popis<\/th>\n<\/tr>\n<\/thead>\n<tbody>\n<tr>\n<td>vysok\u00e1 pevnost<\/td>\n<td>M\u00e1 vynikaj\u00edc\u00ed pom\u011br pevnosti k hustot\u011b, bl\u00edzk\u00fd vysokopevnostn\u00edm ocel\u00edm.<\/td>\n<\/tr>\n<tr>\n<td>N\u00edzk\u00e1 hustota<\/td>\n<td>V\u00e1\u017e\u00ed 60% m\u00e9n\u011b ne\u017e ocel nebo niklov\u00e9 slitiny.<\/td>\n<\/tr>\n<tr>\n<td>Odolnost proti korozi<\/td>\n<td>Vytv\u00e1\u0159\u00ed stabiln\u00ed oxidov\u00fd film TiO2 pro ochranu proti korozi.<\/td>\n<\/tr>\n<tr>\n<td>biokompatibilita<\/td>\n<td>Netoxick\u00fd a kompatibiln\u00ed s tk\u00e1n\u011bmi lidsk\u00e9ho t\u011bla.<\/td>\n<\/tr>\n<tr>\n<td>Tepeln\u00e1 odolnost<\/td>\n<td>Zachov\u00e1v\u00e1 si mechanick\u00e9 vlastnosti a\u017e do 600\u00a1\"C.<\/td>\n<\/tr>\n<tr>\n<td>Nemagnetick\u00e9<\/td>\n<td>U\u017eite\u010dn\u00e9 pro nemagnetick\u00e9 aplikace.<\/td>\n<\/tr>\n<tr>\n<td>Bez jisk\u0159en\u00ed<\/td>\n<td>V porovn\u00e1n\u00ed s ocel\u00ed je bezpe\u010dn\u011bj\u0161\u00ed pro ho\u0159lav\u00e9 prost\u0159ed\u00ed.<\/td>\n<\/tr>\n<\/tbody>\n<\/table>\n<p class=\"whitespace-pre-wrap\">Vlastnosti lze upravit zm\u011bnou slo\u017een\u00ed, velikosti zrn, p\u00f3rovitosti a zp\u016fsobu zpracov\u00e1n\u00ed.<\/p>\n<p><img loading=\"lazy\" decoding=\"async\" class=\"alignnone size-medium wp-image-1409\" src=\"https:\/\/met3dp.com\/wp-content\/uploads\/2023\/09\/ed7a94ec-3c10-4b1b-87ed--300x300.jpg\" alt=\"Titanov\u00fd pr\u00e1\u0161ek\" width=\"300\" height=\"300\" title=\"\"><\/p>\n<h3><strong>Aplikace titanov\u00e9ho pr\u00e1\u0161ku<\/strong><\/h3>\n<p class=\"whitespace-pre-wrap\">Univerz\u00e1ln\u00ed vlastnosti titanov\u00e9ho pr\u00e1\u0161ku umo\u017e\u0148uj\u00ed jedine\u010dn\u00e9 vyu\u017eit\u00ed v n\u00e1sleduj\u00edc\u00edch pr\u016fmyslov\u00fdch odv\u011btv\u00edch:<\/p>\n<table>\n<thead>\n<tr>\n<th>Pr\u016fmysl<\/th>\n<th>APLIKACE<\/th>\n<\/tr>\n<\/thead>\n<tbody>\n<tr>\n<td>Letectv\u00ed a kosmonautika<\/td>\n<td>Sou\u010d\u00e1sti motor\u016f, konstrukce letadel, vesm\u00edrn\u00e1 vozidla<\/td>\n<\/tr>\n<tr>\n<td>Medical<\/td>\n<td>Implant\u00e1ty, chirurgick\u00e9 n\u00e1stroje, zdravotnick\u00e9 prost\u0159edky<\/td>\n<\/tr>\n<tr>\n<td>Automotivn\u00ed<\/td>\n<td>ojnice, ventily, pru\u017einy, spojovac\u00ed materi\u00e1l<\/td>\n<\/tr>\n<tr>\n<td>Chemick\u00fd<\/td>\n<td>Korozivzdorn\u00e9 n\u00e1doby, v\u00fdm\u011bn\u00edky tepla, potrub\u00ed<\/td>\n<\/tr>\n<tr>\n<td>Sportovn\u00ed zbo\u017e\u00ed<\/td>\n<td>Golfov\u00e9 hole, tenisov\u00e9 rakety, j\u00edzdn\u00ed kola, helmy<\/td>\n<\/tr>\n<tr>\n<td>aditivn\u00ed v\u00fdroba<\/td>\n<td>3D ti\u0161t\u011bn\u00e9 d\u00edly pro leteck\u00fd, automobilov\u00fd a l\u00e9ka\u0159sk\u00fd pr\u016fmysl<\/td>\n<\/tr>\n<\/tbody>\n<\/table>\n<p class=\"whitespace-pre-wrap\">Biokompatibilita titanu jej p\u0159edur\u010duje k pou\u017eit\u00ed v implant\u00e1tech a zdravotnick\u00fdch prost\u0159edc\u00edch. Jeho odolnost proti korozi je vhodn\u00e1 pro pou\u017eit\u00ed v mo\u0159sk\u00e9 vod\u011b. Vysok\u00e1 pevnost je u\u017eite\u010dn\u00e1 pro kritick\u00e9 sou\u010d\u00e1sti v letectv\u00ed a kosmonautice.<\/p>\n<h3><strong>Specifikace titanov\u00e9ho pr\u00e1\u0161ku<\/strong><\/h3>\n<p class=\"whitespace-pre-wrap\">Titanov\u00fd pr\u00e1\u0161ek je k dispozici v r\u016fzn\u00fdch velikostech, tvarech, stupn\u00edch \u010distoty a slo\u017een\u00ed, aby vyhovoval konkr\u00e9tn\u00edm aplikac\u00edm.<\/p>\n<table>\n<thead>\n<tr>\n<th>Parametr<\/th>\n<th>Specifikace<\/th>\n<\/tr>\n<\/thead>\n<tbody>\n<tr>\n<td>Velikosti \u010d\u00e1stic<\/td>\n<td>15-45 mikron\u016f, 45-105 mikron\u016f, 105-250 mikron\u016f<\/td>\n<\/tr>\n<tr>\n<td>Tvar \u010d\u00e1stice<\/td>\n<td>Sf\u00e9rick\u00e1, hranat\u00e1, sm\u00ed\u0161en\u00e1 morfologie<\/td>\n<\/tr>\n<tr>\n<td>\u010cistota<\/td>\n<td>T\u0159\u00edda 1 (99,2% Ti), t\u0159\u00edda 2 (99,5% Ti), t\u0159\u00edda 4 (99,9% Ti)<\/td>\n<\/tr>\n<tr>\n<td>T\u0159\u00eddy slitin<\/td>\n<td>Ti-6Al-4V, Ti-6Al-7Nb, Ti-64, Ti-1023<\/td>\n<\/tr>\n<tr>\n<td>Zp\u016fsob v\u00fdroby<\/td>\n<td>Plynov\u00e1 atomizace, plazmov\u00e1 atomizace, hydrid-dehydrid<\/td>\n<\/tr>\n<\/tbody>\n<\/table>\n<p class=\"whitespace-pre-wrap\">Rozlo\u017een\u00ed velikosti \u010d\u00e1stic, morfologie, obsah kysl\u00edku a dus\u00edku a mikrostruktura se \u0159\u00edd\u00ed podle po\u017eadavk\u016f aplikace.<\/p>\n<h3><strong>Dodavatel\u00e9 titanov\u00e9ho pr\u00e1\u0161ku<\/strong><\/h3>\n<p class=\"whitespace-pre-wrap\">Titanov\u00fd pr\u00e1\u0161ek dod\u00e1vaj\u00ed p\u0159edn\u00ed sv\u011btov\u00ed v\u00fdrobci kovov\u00e9ho pr\u00e1\u0161ku:<\/p>\n<table>\n<thead>\n<tr>\n<th>Dodavatel<\/th>\n<th>Um\u00edst\u011bn\u00ed<\/th>\n<\/tr>\n<\/thead>\n<tbody>\n<tr>\n<td>AMETEK<\/td>\n<td>USA<\/td>\n<\/tr>\n<tr>\n<td>AP&amp;C<\/td>\n<td>Kanada<\/td>\n<\/tr>\n<tr>\n<td>TLS Technologie<\/td>\n<td>N\u011bmecko<\/td>\n<\/tr>\n<tr>\n<td>Tekna<\/td>\n<td>Kanada<\/td>\n<\/tr>\n<tr>\n<td>Metalysis<\/td>\n<td>Spojen\u00e9 kr\u00e1lovstv\u00ed<\/td>\n<\/tr>\n<tr>\n<td>Praxair<\/td>\n<td>USA<\/td>\n<\/tr>\n<tr>\n<td>Rio Tinto<\/td>\n<td>Kanada<\/td>\n<\/tr>\n<tr>\n<td>ATI Powder Metals<\/td>\n<td>USA<\/td>\n<\/tr>\n<tr>\n<td>CNPC Powder Group<\/td>\n<td>\u010c\u00edna<\/td>\n<\/tr>\n<\/tbody>\n<\/table>\n<p class=\"whitespace-pre-wrap\">Ceny titanov\u00e9ho pr\u00e1\u0161ku se pohybuj\u00ed od $50\/kg do $500\/kg v z\u00e1vislosti na \u010distot\u011b, velikosti \u010d\u00e1stic, zp\u016fsobu v\u00fdroby a objemu objedn\u00e1vky. Zak\u00e1zkov\u00e9 slitiny, speci\u00e1ln\u00ed morfologie \u010d\u00e1stic a p\u0159\u00edsn\u00e9 tolerance stoj\u00ed v\u00edce.<\/p>\n<h3><strong>Manipulace s titanov\u00fdm pr\u00e1\u0161kem a jeho skladov\u00e1n\u00ed<\/strong><\/h3>\n<p class=\"whitespace-pre-wrap\">P\u0159i manipulaci s titanov\u00fdm pr\u00e1\u0161kem jsou nutn\u00e1 zvl\u00e1\u0161tn\u00ed bezpe\u010dnostn\u00ed opat\u0159en\u00ed, aby se zabr\u00e1nilo po\u017e\u00e1r\u016fm, v\u00fdbuch\u016fm a \u0161kod\u00e1m na majetku:<\/p>\n<ul class=\"list-disc pl-8 space-y-2\">\n<li class=\"whitespace-normal\">Skladujte v chladn\u00e9m, such\u00e9m a inertn\u00edm prost\u0159ed\u00ed, mimo dosah vlhkosti, jisker a plamene.<\/li>\n<li class=\"whitespace-normal\">Pou\u017e\u00edvejte uzemn\u011bn\u00e9 vodiv\u00e9 n\u00e1doby, abyste zabr\u00e1nili hromad\u011bn\u00ed statick\u00e9ho n\u00e1boje.<\/li>\n<li class=\"whitespace-normal\">Pro kontrolu pra\u0161nosti se doporu\u010duje m\u00edstn\u00ed ods\u00e1vac\u00ed ventilace<\/li>\n<li class=\"whitespace-normal\">Zabra\u0148te hromad\u011bn\u00ed prachu, abyste minimalizovali nebezpe\u010d\u00ed v\u00fdbuchu.<\/li>\n<li class=\"whitespace-normal\">Pou\u017e\u00edvejte protiprachov\u00e9 masky, ochrann\u00e9 br\u00fdle a rukavice, abyste zabr\u00e1nili vdechnut\u00ed a kontaktu s poko\u017ekou.<\/li>\n<li class=\"whitespace-normal\">Dodr\u017eujte pokyny bezpe\u010dnostn\u00edho listu materi\u00e1lu (MSDS) pro bezpe\u010dnou manipulaci.<\/li>\n<\/ul>\n<h3><strong>Kontrola a testov\u00e1n\u00ed titanov\u00e9ho pr\u00e1\u0161ku<\/strong><\/h3>\n<p class=\"whitespace-pre-wrap\">D\u00e1vky titanov\u00e9ho pr\u00e1\u0161ku jsou testov\u00e1ny, aby se zajistilo, \u017ee spl\u0148uj\u00ed po\u017eadovan\u00e9 specifikace materi\u00e1lu:<\/p>\n<table>\n<thead>\n<tr>\n<th>Metoda testov\u00e1n\u00ed<\/th>\n<th>M\u011b\u0159en\u00fd parametr<\/th>\n<\/tr>\n<\/thead>\n<tbody>\n<tr>\n<td>S\u00edtov\u00fd rozbor<\/td>\n<td>Distribuce velikosti \u010d\u00e1stic<\/td>\n<\/tr>\n<tr>\n<td>Difrakce laseru<\/td>\n<td>Rozlo\u017een\u00ed velikosti \u010d\u00e1stic, st\u0159edn\u00ed velikost<\/td>\n<\/tr>\n<tr>\n<td>Skenovac\u00ed elektronov\u00e1 mikroskopie<\/td>\n<td>Morfologie \u010d\u00e1stic, mikrostruktura<\/td>\n<\/tr>\n<tr>\n<td>Energie disperzivn\u00ed rentgenov\u00e1 spektroskopie<\/td>\n<td>Chemick\u00e9 slo\u017een\u00ed<\/td>\n<\/tr>\n<tr>\n<td>Difrakce rentgenov\u00fdch paprsk\u016f<\/td>\n<td>F\u00e1zov\u00e9 slo\u017een\u00ed<\/td>\n<\/tr>\n<tr>\n<td>Spektrofotometrie<\/td>\n<td>Obsah kysl\u00edku, dus\u00edku a vod\u00edku<\/td>\n<\/tr>\n<tr>\n<td>Hustota poklep\u00e1n\u00ed<\/td>\n<td>Zd\u00e1nliv\u00e1 hustota, tekutost<\/td>\n<\/tr>\n<tr>\n<td>Pyknometr<\/td>\n<td>Hustota kostry<\/td>\n<\/tr>\n<\/tbody>\n<\/table>\n<p class=\"whitespace-pre-wrap\">Odb\u011br vzork\u016f a testov\u00e1n\u00ed podle norem ASTM zaji\u0161\u0165uje kvalitu titanov\u00e9ho pr\u00e1\u0161ku pro kritick\u00e9 aplikace.<\/p>\n<h3><strong>Porovn\u00e1n\u00ed titanov\u00e9ho pr\u00e1\u0161ku s alternativami<\/strong><\/h3>\n<p class=\"whitespace-pre-wrap\">Titan m\u00e1 ve srovn\u00e1n\u00ed s n\u00e1hradn\u00edmi materi\u00e1ly sv\u00e9 v\u00fdhody i nev\u00fdhody:<\/p>\n<table>\n<thead>\n<tr>\n<th><\/th>\n<th>Titan<\/th>\n<th>Hlin\u00edk<\/th>\n<th>Nerezov\u00e1 ocel<\/th>\n<\/tr>\n<\/thead>\n<tbody>\n<tr>\n<td>Hustota<\/td>\n<td>N\u00edzk\u00fd<\/td>\n<td>Niz\u0161\u00ed<\/td>\n<td>Vy\u0161\u0161\u00ed<\/td>\n<\/tr>\n<tr>\n<td>S\u00edla<\/td>\n<td>Vysok\u00e1<\/td>\n<td>St\u0159edn\u00ed<\/td>\n<td>Vysok\u00e1<\/td>\n<\/tr>\n<tr>\n<td>Odolnost proti korozi<\/td>\n<td>V\u00fdborn\u00fd<\/td>\n<td>Dobr\u00e9<\/td>\n<td>Dobr\u00e9<\/td>\n<\/tr>\n<tr>\n<td>Teplotn\u00ed odolnost<\/td>\n<td>Dobr\u00e9<\/td>\n<td>St\u0159edn\u00ed<\/td>\n<td>Lep\u0161\u00ed<\/td>\n<\/tr>\n<tr>\n<td>Cena<\/td>\n<td>Vysok\u00e1<\/td>\n<td>N\u00edzk\u00fd<\/td>\n<td>St\u0159edn\u00ed<\/td>\n<\/tr>\n<tr>\n<td>Magnetick\u00e1 permeabilita<\/td>\n<td>N\u00edzk\u00fd<\/td>\n<td>N\u00edzk\u00fd<\/td>\n<td>Vysok\u00e1<\/td>\n<\/tr>\n<tr>\n<td>biokompatibilita<\/td>\n<td>V\u00fdborn\u00fd<\/td>\n<td>\u0160patn\u00e9<\/td>\n<td>Dobr\u00e9<\/td>\n<\/tr>\n<\/tbody>\n<\/table>\n<p class=\"whitespace-pre-wrap\">Titan vynik\u00e1 svou odolnost\u00ed proti korozi a biokompatibilitou, p\u0159esto\u017ee je dra\u017e\u0161\u00ed. Hlin\u00edk a nerezov\u00e1 ocel mohou b\u00fdt levn\u011bj\u0161\u00edmi alternativami v z\u00e1vislosti na po\u017eadavc\u00edch aplikace.<\/p>\n<h3><strong>V\u00fdhody a nev\u00fdhody titanov\u00e9ho pr\u00e1\u0161ku<\/strong><\/h3>\n<table>\n<thead>\n<tr>\n<th>Klady<\/th>\n<th>Nev\u00fdhody<\/th>\n<\/tr>\n<\/thead>\n<tbody>\n<tr>\n<td>Vysok\u00fd pom\u011br pevnosti a hmotnosti<\/td>\n<td>Drah\u00e9 ve srovn\u00e1n\u00ed s ocel\u00ed<\/td>\n<\/tr>\n<tr>\n<td>Odoln\u00fd proti korozi<\/td>\n<td>Reaktivita s kysl\u00edkem p\u0159i vysok\u00fdch teplot\u00e1ch<\/td>\n<\/tr>\n<tr>\n<td>Netoxick\u00fd a nealergick\u00fd<\/td>\n<td>N\u00edzk\u00fd modul pru\u017enosti m\u016f\u017ee znamenat zp\u011btn\u00fd r\u00e1z p\u0159i obr\u00e1b\u011bn\u00ed<\/td>\n<\/tr>\n<tr>\n<td>Vynikaj\u00edc\u00ed biokompatibilita<\/td>\n<td>N\u00edzk\u00e1 tepeln\u00e1 vodivost<\/td>\n<\/tr>\n<tr>\n<td>Zachov\u00e1v\u00e1 si vlastnosti p\u0159i vysok\u00fdch teplot\u00e1ch<\/td>\n<td>Vy\u017eaduje zpracov\u00e1n\u00ed v inertn\u00ed atmosf\u00e9\u0159e<\/td>\n<\/tr>\n<tr>\n<td>\u0160irok\u00e1 \u0161k\u00e1la mo\u017enost\u00ed legov\u00e1n\u00ed<\/td>\n<td>Omezen\u00e1 pevnost p\u0159i vysok\u00fdch teplot\u00e1ch<\/td>\n<\/tr>\n<\/tbody>\n<\/table>\n<p class=\"whitespace-pre-wrap\">Pr\u00e1\u0161kov\u00fd titan umo\u017e\u0148uje vyr\u00e1b\u011bt lehk\u00e9 a pevn\u00e9 d\u00edly, ale vy\u017eaduje kontrolovan\u00e9 zach\u00e1zen\u00ed a zpracov\u00e1n\u00ed. N\u00e1klady jsou vy\u0161\u0161\u00ed ne\u017e u b\u011b\u017en\u00fdch slitin.<\/p>\n<h2><strong>\u010casto kladen\u00e9 ot\u00e1zky o titanov\u00e9m pr\u00e1\u0161ku<\/strong><\/h2>\n<p class=\"whitespace-pre-wrap\">Zde jsou odpov\u011bdi na n\u011bkter\u00e9 \u010dast\u00e9 ot\u00e1zky t\u00fdkaj\u00edc\u00ed se titanov\u00e9ho pr\u00e1\u0161ku:<\/p>\n<p class=\"whitespace-pre-wrap\"><strong>Ot\u00e1zka: K \u010demu se pou\u017e\u00edv\u00e1 titanov\u00fd pr\u00e1\u0161ek?<\/strong><\/p>\n<p class=\"whitespace-pre-wrap\">Odpov\u011b\u010f: Titanov\u00fd pr\u00e1\u0161ek m\u00e1 d\u00edky sv\u00e9 vysok\u00e9 pevnosti, n\u00edzk\u00e9 hmotnosti, odolnosti proti korozi, tepeln\u00e9 odolnosti a biokompatibilit\u011b vyu\u017eit\u00ed v leteck\u00e9m, l\u00e9ka\u0159sk\u00e9m, automobilov\u00e9m, chemick\u00e9m a sportovn\u00edm pr\u016fmyslu. B\u011b\u017en\u011b se pou\u017e\u00edv\u00e1 pro kritick\u00e9 rotuj\u00edc\u00ed sou\u010d\u00e1sti v leteck\u00fdch motorech, ortopedick\u00e9 implant\u00e1ty, automobilov\u00e9 sou\u010d\u00e1sti, v\u00fdm\u011bn\u00edky tepla a aditivn\u011b vyr\u00e1b\u011bn\u00e9 d\u00edly.<\/p>\n<p class=\"whitespace-pre-wrap\"><strong>Ot\u00e1zka: Je manipulace s titanov\u00fdm pr\u00e1\u0161kem bezpe\u010dn\u00e1?<\/strong><\/p>\n<p class=\"whitespace-pre-wrap\">Odpov\u011b\u010f: Titanov\u00fd pr\u00e1\u0161ek se m\u016f\u017ee vzn\u00edtit a explodovat, pokud je velmi jemn\u011b rozd\u011blen a vystaven p\u016fsoben\u00ed vzduchu. P\u0159i manipulaci s titanov\u00fdm pr\u00e1\u0161kem je nezbytn\u00e9 spr\u00e1vn\u00e9 uzemn\u011bn\u00ed, inertn\u00ed atmosf\u00e9ra, v\u011btr\u00e1n\u00ed a ochrann\u00e9 pom\u016fcky. P\u0159i styku s poko\u017ekou je rovn\u011b\u017e netoxick\u00fd a hypoalergenn\u00ed.<\/p>\n<p class=\"whitespace-pre-wrap\"><strong>Ot\u00e1zka: Jak\u00fd je rozd\u00edl mezi titanov\u00fdm pr\u00e1\u0161kem t\u0159\u00eddy 1 a t\u0159\u00eddy 5?<\/strong><\/p>\n<p class=\"whitespace-pre-wrap\">Odpov\u011b\u010f: Titanov\u00fd pr\u00e1\u0161ek t\u0159\u00eddy 1 m\u00e1 vy\u0161\u0161\u00ed \u010distotu a ni\u017e\u0161\u00ed obsah kysl\u00edku a \u017eeleza ve srovn\u00e1n\u00ed s t\u0159\u00eddou 5. T\u0159\u00edda 1 poskytuje lep\u0161\u00ed odolnost proti korozi, zat\u00edmco t\u0159\u00edda 5 nab\u00edz\u00ed vy\u0161\u0161\u00ed pevnost. Pr\u00e1\u0161ek t\u0159\u00eddy 5 by se pou\u017e\u00edval tam, kde je pevnost kritick\u00e1, zat\u00edmco t\u0159\u00edda 1 vyhovuje pot\u0159eb\u00e1m chemick\u00e9 odolnosti.<\/p>\n<p class=\"whitespace-pre-wrap\"><strong>Ot\u00e1zka: Rezav\u00ed titanov\u00fd pr\u00e1\u0161ek?<\/strong><\/p>\n<p class=\"whitespace-pre-wrap\">Odpov\u011b\u010f: Titan vytv\u00e1\u0159\u00ed nepropustnou a samoopravnou vrstvu oxidu, kter\u00e1 ho chr\u00e1n\u00ed p\u0159ed koroz\u00ed a reziv\u011bn\u00edm. Vykazuje vynikaj\u00edc\u00ed odolnost proti korozi ve v\u011bt\u0161in\u011b prost\u0159ed\u00ed v\u010detn\u011b slan\u00e9 vody. D\u00edky t\u00e9to vlastnosti je vhodn\u00fd pro n\u00e1mo\u0159n\u00ed aplikace.<\/p>\n<p class=\"whitespace-pre-wrap\"><strong>Ot\u00e1zka: Je titanov\u00fd pr\u00e1\u0161ek magnetick\u00fd?<\/strong><\/p>\n<p class=\"whitespace-pre-wrap\">Odpov\u011b\u010f: Ne, titanov\u00fd pr\u00e1\u0161ek nen\u00ed magnetick\u00fd. Jeho relativn\u00ed magnetick\u00e1 permeabilita je velmi bl\u00edzk\u00e1 1, co\u017e jej \u010din\u00ed u\u017eite\u010dn\u00fdm pro nemagnetick\u00e9 aplikace m\u00edsto feritick\u00fdch ocel\u00ed.<\/p>\n<p class=\"whitespace-pre-wrap\"><strong>Ot\u00e1zka: Jak\u00e1 je cena titanov\u00e9ho pr\u00e1\u0161ku?<\/strong><\/p>\n<p class=\"whitespace-pre-wrap\">Odpov\u011b\u010f: Titanov\u00fd pr\u00e1\u0161ek se m\u016f\u017ee pohybovat od $50\/kg do $500\/kg v z\u00e1vislosti na \u010distot\u011b, velikosti \u010d\u00e1stic, v\u00fdrobn\u00ed metod\u011b, morfologii a objemu objedn\u00e1vky. T\u0159\u00eddy vysok\u00e9 \u010distoty vhodn\u00e9 pro l\u00e9ka\u0159sk\u00e9 pou\u017eit\u00ed jsou dra\u017e\u0161\u00ed. Tak\u00e9 zak\u00e1zkov\u00e9 slitiny a speci\u00e1ln\u00ed tvary \u010d\u00e1stic stoj\u00ed v\u00edce.<\/p>\n<p class=\"whitespace-pre-wrap\"><strong>Ot\u00e1zka: Jak\u00fd je rozd\u00edl mezi pr\u00e1\u0161kov\u00fdm titanem rozpra\u0161ovan\u00fdm plynem a hydriddehydridem?<\/strong><\/p>\n<p class=\"whitespace-pre-wrap\">Odpov\u011b\u010f: Plynem atomizovan\u00fd titanov\u00fd pr\u00e1\u0161ek m\u00e1 kulovitou morfologii ide\u00e1ln\u00ed pro aditivn\u00ed v\u00fdrobu, zat\u00edmco hydrid-dehydridov\u00fd pr\u00e1\u0161ek m\u00e1 hranat\u00fd, nepravideln\u00fd tvar vhodn\u00fd pro lisov\u00e1n\u00ed a sp\u00e9k\u00e1n\u00ed. Vlastnosti pr\u00e1\u0161ku, chemie povrchu, mikrostruktura a n\u00e1klady se u obou v\u00fdrobn\u00edch metod li\u0161\u00ed.<\/p>\n<p class=\"whitespace-pre-wrap\"><strong>Ot\u00e1zka: Jak se vyr\u00e1b\u00ed titanov\u00fd pr\u00e1\u0161ek?<\/strong><\/p>\n<p class=\"whitespace-pre-wrap\">Odpov\u011b\u010f: Hlavn\u00edmi v\u00fdrobn\u00edmi metodami jsou plynov\u00e1 atomizace, plazmov\u00e1 atomizace a hydrid-dehydridov\u00fd proces. Plynov\u00e1 atomizace za pou\u017eit\u00ed argonu nebo dus\u00edku je b\u011b\u017enou metodou v\u00fdroby jemn\u00e9ho sf\u00e9rick\u00e9ho pr\u00e1\u0161ku pro AM. Hydridov\u00fd proces vytv\u00e1\u0159\u00ed hranat\u00fd pr\u00e1\u0161ek pro lisov\u00e1n\u00ed do tvar\u016f p\u0159ed sp\u00e9k\u00e1n\u00edm. Plazmovou atomizac\u00ed lze z\u00edskat velmi jemn\u00e9 sf\u00e9rick\u00e9 pr\u00e1\u0161ky.<\/p>\n<p class=\"whitespace-pre-wrap\"><strong>Ot\u00e1zka: Jak\u00fd je obsah bezpe\u010dnostn\u00edho listu titanov\u00e9ho pr\u00e1\u0161ku (MSDS)?<\/strong><\/p>\n<p class=\"whitespace-pre-wrap\">Odpov\u011b\u010f: Bezpe\u010dnostn\u00ed list obsahuje informace o nebezpe\u010dnosti pro zdrav\u00ed, \u00fadaje o reaktivit\u011b, toxikologick\u00e9 \u00fadaje, opat\u0159en\u00ed pro manipulaci, informace o skladov\u00e1n\u00ed, postupy p\u0159i rozlit\u00ed, pokyny pro ha\u0161en\u00ed po\u017e\u00e1ru, opat\u0159en\u00ed prvn\u00ed pomoci a pokyny pro likvidaci. P\u0159ed prac\u00ed s jak\u00fdmkoli mno\u017estv\u00edm titanov\u00e9ho pr\u00e1\u0161ku je nezbytn\u00e9 prostudovat bezpe\u010dnostn\u00ed list.<\/p>\n<p class=\"whitespace-pre-wrap\"><strong>Ot\u00e1zka: Jak\u00e9 normy plat\u00ed pro titanov\u00fd pr\u00e1\u0161ek?<\/strong><\/p>\n<p class=\"whitespace-pre-wrap\">Odpov\u011b\u010f: Mezi kl\u00ed\u010dov\u00e9 normy pat\u0159\u00ed ASTM B833 pro sf\u00e9rick\u00fd titanov\u00fd pr\u00e1\u0161ek, ASTM B981 pro titanov\u00e9 slitiny pro pr\u00e1\u0161kovou metalurgii, ASTM B988 pro pr\u00e1\u0161ek z titanov\u00e9 slitiny rozpra\u0161ovan\u00fd plynem a ISO 22068 pro aditivn\u00ed v\u00fdrobu s titanov\u00fdmi slitinami. Specifikace se t\u00fdkaj\u00ed odb\u011bru vzork\u016f, zkou\u0161en\u00ed, anal\u00fdzy velikosti, chemick\u00e9 anal\u00fdzy a zaji\u0161t\u011bn\u00ed kvality.<\/p>\n<p><\/span><\/span><\/p>","protected":false},"excerpt":{"rendered":"<p>P\u0159ehled \u010dist\u00e9ho titanov\u00e9ho pr\u00e1\u0161ku Titanov\u00fd pr\u00e1\u0161ek je kovov\u00fd pr\u00e1\u0161ek vyroben\u00fd z kovov\u00e9ho titanu. Vyzna\u010duje se vysok\u00fdm pom\u011brem pevnosti k hmotnosti, odolnost\u00ed proti korozi a biokompatibilitou. Titanov\u00fd pr\u00e1\u0161ek m\u00e1 rozmanit\u00e9 vyu\u017eit\u00ed v r\u016fzn\u00fdch pr\u016fmyslov\u00fdch odv\u011btv\u00edch, jako je leteck\u00fd pr\u016fmysl, l\u00e9ka\u0159stv\u00ed, automobilov\u00fd pr\u016fmysl a spot\u0159ebn\u00ed v\u00fdrobky. Tento \u010dl\u00e1nek poskytuje komplexn\u00edho pr\u016fvodce titanov\u00fdm pr\u00e1\u0161kem. Zab\u00fdv\u00e1 se slo\u017een\u00edm,...<\/p>","protected":false},"featured_media":1740,"parent":0,"template":"","meta":{"_acf_changed":false,"_kad_blocks_custom_css":"","_kad_blocks_head_custom_js":"","_kad_blocks_body_custom_js":"","_kad_blocks_footer_custom_js":"","_kad_post_transparent":"","_kad_post_title":"","_kad_post_layout":"","_kad_post_sidebar_id":"","_kad_post_content_style":"","_kad_post_vertical_padding":"","_kad_post_feature":"","_kad_post_feature_position":"","_kad_post_header":false,"_kad_post_footer":false,"_kad_post_classname":""},"product-category":[119,123],"class_list":["post-3866","product","type-product","status-publish","has-post-thumbnail","hentry","product-category-3d-printing-metal-powder","product-category-titanium-based-alloy-powder"],"acf":[],"taxonomy_info":{"product-category":[{"value":119,"label":"3D Printing Metal Powder"},{"value":123,"label":"Titanium Based Alloy Powder"}]},"featured_image_src_large":["https:\/\/3dpmetal.com\/wp-content\/uploads\/2024\/02\/Pure-Titanium-Powder.jpg",600,600,false],"author_info":[],"comment_info":"","_links":{"self":[{"href":"https:\/\/3dpmetal.com\/cs\/wp-json\/wp\/v2\/product\/3866","targetHints":{"allow":["GET"]}}],"collection":[{"href":"https:\/\/3dpmetal.com\/cs\/wp-json\/wp\/v2\/product"}],"about":[{"href":"https:\/\/3dpmetal.com\/cs\/wp-json\/wp\/v2\/types\/product"}],"wp:featuredmedia":[{"embeddable":true,"href":"https:\/\/3dpmetal.com\/cs\/wp-json\/wp\/v2\/media\/1740"}],"wp:attachment":[{"href":"https:\/\/3dpmetal.com\/cs\/wp-json\/wp\/v2\/media?parent=3866"}],"wp:term":[{"taxonomy":"product-category","embeddable":true,"href":"https:\/\/3dpmetal.com\/cs\/wp-json\/wp\/v2\/product-category?post=3866"}],"curies":[{"name":"wp","href":"https:\/\/api.w.org\/{rel}","templated":true}]}}