{"id":3881,"date":"2024-03-18T06:10:10","date_gmt":"2024-03-18T06:10:10","guid":{"rendered":"https:\/\/3dp.45612300.xyz\/product\/feconicrmo-powder\/"},"modified":"2024-03-18T06:10:10","modified_gmt":"2024-03-18T06:10:10","slug":"feconicrmo-powder","status":"publish","type":"product","link":"https:\/\/3dpmetal.com\/cs\/product\/feconicrmo-powder\/","title":{"rendered":"FeCoNiCrMo pr\u00e1\u0161ek"},"content":{"rendered":"<p><span style=\"vertical-align: inherit;\"><span style=\"vertical-align: inherit;\"><\/p>\n<h2>Overview of FeCoNiCrMo Powder<\/h2>\n<p class=\"whitespace-pre-wrap\">FeCoNiCrMo belongs to a class of high temperature alloys exhibiting good mechanical properties, microstructural stability and environmental resistance at temperatures exceeding 750\u00a1\u00abC. Iron and cobalt provide strength. Nickel enhances ductility and toughness. Chromium imparts oxidation and corrosion resistance. Molybdenum further improves high temperature strength and creep resistance.<\/p>\n<p class=\"whitespace-pre-wrap\">Key characteristics of FeCoNiCrMo powder include:<\/p>\n<ul class=\"list-disc pl-8 space-y-2\">\n<li class=\"whitespace-normal\">Vynikaj\u00edc\u00ed pevnost p\u0159i vysok\u00fdch teplot\u00e1ch a odolnost proti te\u010den\u00ed<\/li>\n<li class=\"whitespace-normal\">Dobr\u00e1 \u00fanavov\u00e1 pevnost a tuhost<\/li>\n<li class=\"whitespace-normal\">Vysok\u00e1 tvrdost, odolnost proti opot\u0159eben\u00ed a od\u011bru<\/li>\n<li class=\"whitespace-normal\">V\u00fdjime\u010dn\u011b odoln\u00fd proti korozi a oxidaci<\/li>\n<li class=\"whitespace-normal\">Dostupn\u00e9 v r\u016fzn\u00fdch distribuc\u00edch velikosti \u010d\u00e1stic a morfologi\u00ed<\/li>\n<\/ul>\n<p class=\"whitespace-pre-wrap\">FeCoNiCrMo powder is designed for protective coatings, thermal spray, welding, additive manufacturing and other demanding high temperature applications.<\/p>\n<h2>Composition of FeCoNiCrMo Powder<\/h2>\n<p class=\"whitespace-pre-wrap\">FeCoNiCrMo powder has the following nominal composition:<\/p>\n<table>\n<thead>\n<tr>\n<th>Element<\/th>\n<th>Kompozice<\/th>\n<\/tr>\n<\/thead>\n<tbody>\n<tr>\n<td>\u017delezo (Fe)<\/td>\n<td>Balance<\/td>\n<\/tr>\n<tr>\n<td>Kobalt (Co)<\/td>\n<td>35-50%<\/td>\n<\/tr>\n<tr>\n<td>Nikl (Ni)<\/td>\n<td>10-30%<\/td>\n<\/tr>\n<tr>\n<td>Chrom (Cr)<\/td>\n<td>8-12%<\/td>\n<\/tr>\n<tr>\n<td>Molybden (Mo)<\/td>\n<td>1-3%<\/td>\n<\/tr>\n<tr>\n<td>Uhl\u00edk (C)<\/td>\n<td>&lt;0,5 %<\/td>\n<\/tr>\n<tr>\n<td>K\u0159em\u00edk (Si)<\/td>\n<td>&lt; 1,5 %<\/td>\n<\/tr>\n<tr>\n<td>Mangan (Mn)<\/td>\n<td>M\u00e9n\u011b ne\u017e 1 %<\/td>\n<\/tr>\n<\/tbody>\n<\/table>\n<p class=\"whitespace-pre-wrap\">The levels of alloying elements can be adjusted to optimize mechanical properties and environmental resistance based on application requirements. Impurities are minimized.<\/p>\n<p><img loading=\"lazy\" decoding=\"async\" class=\"aligncenter wp-image-1391 size-full\" src=\"https:\/\/met3dp.com\/wp-content\/uploads\/2023\/09\/Ti22Al25Nb-Powder.png\" alt=\"FeCoNiCrMo pr\u00e1\u0161ek\" width=\"842\" height=\"756\" title=\"\"><\/p>\n<h2>Properties of FeCoNiCrMo Powder<\/h2>\n<p class=\"whitespace-pre-wrap\">Key properties of FeCoNiCrMo powder include:<\/p>\n<table>\n<thead>\n<tr>\n<th>Nemovitost<\/th>\n<th>Hodnota<\/th>\n<\/tr>\n<\/thead>\n<tbody>\n<tr>\n<td>Hustota<\/td>\n<td>8,0\u20138,5 g\/cm3<\/td>\n<\/tr>\n<tr>\n<td>Teplota t\u00e1n\u00ed<\/td>\n<td>1350-1450\u00a1\u00abC<\/td>\n<\/tr>\n<tr>\n<td>Tepeln\u00e1 vodivost<\/td>\n<td>15-30 W\/mK<\/td>\n<\/tr>\n<tr>\n<td>Elektrick\u00fd odpor<\/td>\n<td>70-85 \u00c3\u00d7\u00b4\u00ce.cm<\/td>\n<\/tr>\n<tr>\n<td>Young\u016fv modul<\/td>\n<td>190\u2013220 GPa<\/td>\n<\/tr>\n<tr>\n<td>Poisson\u016fv pom\u011br<\/td>\n<td>0.28-0.32<\/td>\n<\/tr>\n<tr>\n<td>Pevnost v tahu<\/td>\n<td>650-1200 MPa<\/td>\n<\/tr>\n<tr>\n<td>Mez kluzu<\/td>\n<td>450-900 MPa<\/td>\n<\/tr>\n<tr>\n<td>Prodlou\u017een\u00ed<\/td>\n<td>15-30%<\/td>\n<\/tr>\n<tr>\n<td>Tvrdost<\/td>\n<td>30-50 HRC<\/td>\n<\/tr>\n<\/tbody>\n<\/table>\n<p class=\"whitespace-pre-wrap\">Vlastnosti, jako je pevnost p\u0159i vysok\u00fdch teplot\u00e1ch, tvrdost, odolnost proti opot\u0159eben\u00ed a korozivzdorn\u00fd, z n\u011bj \u010din\u00ed materi\u00e1l vhodn\u00fd pro nejn\u00e1ro\u010dn\u011bj\u0161\u00ed aplikace.<\/p>\n<h2>Production Method for FeCoNiCrMo Powder<\/h2>\n<p class=\"whitespace-pre-wrap\">FeCoNiCrMo powder can be produced via:<\/p>\n<ul class=\"list-disc pl-8 space-y-2\">\n<li class=\"whitespace-normal\"><strong>Plynul\u00e1 atomizace<\/strong>?- Vysokotlak\u00fd inertn\u00ed plyn pou\u017e\u00edvan\u00fd k atomizaci roztaven\u00e9 slitiny s v\u00fdsledkem jemn\u00e9ho sf\u00e9rick\u00e9ho pr\u00e1\u0161ku ide\u00e1ln\u00edho pro AM.<\/li>\n<li class=\"whitespace-normal\"><strong>Atomizace vody<\/strong>?- Tryska s vysokotlakou vodou rozkl\u00e1d\u00e1 roztaven\u00fd kov na jemn\u00e9 nepravideln\u00e9 \u010d\u00e1stice. Ekonomick\u00e9, ale s vy\u0161\u0161\u00edm dopl\u0148kem kysl\u00edku.<\/li>\n<li class=\"whitespace-normal\"><strong>Mechanick\u00e9 legov\u00e1n\u00ed<\/strong>?- Mlet\u00ed sm\u011bsi prvk\u016f v kulov\u00e9m ml\u00fdnu, n\u00e1sledn\u00e9 sp\u00e9k\u00e1n\u00ed a sekund\u00e1rn\u00ed atomizace.<\/li>\n<\/ul>\n<p class=\"whitespace-pre-wrap\">Gas atomization provides the best control over particle characteristics like size, shape, purity and microstructure.<\/p>\n<h2>Applications of FeCoNiCrMo Powder<\/h2>\n<p class=\"whitespace-pre-wrap\">Typical applications of FeCoNiCrMo powder include:<\/p>\n<ul class=\"list-disc pl-8 space-y-2\">\n<li class=\"whitespace-normal\"><strong>Tepeln\u00e9 povlaky<\/strong>?- HVOF or plasma spraying to deposit thick wear and corrosion resistant coatings on valves, seals, bearings etc. operating at high temperatures.<\/li>\n<li class=\"whitespace-normal\"><strong>aditivn\u00ed v\u00fdroba<\/strong>?- Selective laser melting to produce complex components like turbine blades for extreme environments.<\/li>\n<li class=\"whitespace-normal\"><strong>Sv\u00e1\u0159ec\u00ed p\u0159\u00edsada<\/strong>?- Ve sva\u0159ovan\u00e9 z\u00f3n\u011b se vykazuj\u00ed vynikaj\u00edc\u00ed elevativn\u00ed teplotn\u00ed s\u00edlu, tvrdost a rezistenci v\u016f\u010di korozi.<\/li>\n<li class=\"whitespace-normal\"><strong>P\u00e1jec\u00ed p\u0159\u00edsada<\/strong>? - Pou\u017e\u00edv\u00e1 se k p\u0159ipojen\u00ed komponent pracuj\u00edc\u00edch p\u0159i velmi vysok\u00fdch teplot\u00e1ch a vy\u017eaduj\u00edc\u00edch odolnost proti oxidaci.<\/li>\n<li class=\"whitespace-normal\"><strong>Skl\u00e1\u0159sk\u00e9 zpracov\u00e1n\u00ed<\/strong>?- V\u00e1lce dopravn\u00edk\u016f pr\u00e1\u0161kov\u00e9 metalurgie s vysokou teplotn\u00ed pevnost\u00ed pou\u017e\u00edvan\u00e9 ve skl\u00e1\u0159sk\u00fdch tavic\u00edch pec\u00edch.<\/li>\n<\/ul>\n<h2>Specifications of FeCoNiCrMo Powder<\/h2>\n<p class=\"whitespace-pre-wrap\">FeCoNiCrMo powder is available under various size ranges, shapes, grades and purity levels:<\/p>\n<ul class=\"list-disc pl-8 space-y-2\">\n<li class=\"whitespace-normal\"><strong>Velikost \u010d\u00e1stic:<\/strong>?15 a\u017e 45 \u00b5m pro AM metody, a\u017e 150 \u00b5m pro procesy tepeln\u00e9ho st\u0159\u00edk\u00e1n\u00ed.<\/li>\n<li class=\"whitespace-normal\"><strong>Morfologie:<\/strong>?Kulovit\u00e9 a sm\u00ed\u0161en\u00e9 tvary nepravideln\u00e9ho tvaru. Kulat\u00fd pr\u00e1\u0161ek zaji\u0161\u0165uje optim\u00e1ln\u00ed tok a balen\u00ed.<\/li>\n<li class=\"whitespace-normal\"><strong>\u010cistota:<\/strong>?From commercial to ultra high purity levels based on stringent chemical analysis and application requirements.<\/li>\n<li class=\"whitespace-normal\"><strong>Povrchov\u00e1 plocha:<\/strong>? Mal\u00e1 povrchov\u00e1 plocha je v\u00fdhodn\u00e1 k minimalizaci oxidace b\u011bhem manipulace a skladov\u00e1n\u00ed.<\/li>\n<li class=\"whitespace-normal\"><strong>Zn\u00e1mky:<\/strong>?Customized composition and powder characteristics tailored for application and processing method.<\/li>\n<\/ul>\n<h2>Global Suppliers of FeCoNiCrMo Powder<\/h2>\n<p class=\"whitespace-pre-wrap\">Some of the major global suppliers of FeCoNiCrMo powder include:<\/p>\n<ul class=\"list-disc pl-8 space-y-2\">\n<li class=\"whitespace-normal\">Sandvik Osprey (UK)<\/li>\n<li class=\"whitespace-normal\">Erasteel (Francie)<\/li>\n<li class=\"whitespace-normal\">Tekna (Kanada)<\/li>\n<li class=\"whitespace-normal\">Edgetech Industries (USA)<\/li>\n<li class=\"whitespace-normal\">\u010c\u00ednsk\u00e1 ropn\u00e1 a plyn\u00e1rensk\u00e1 spole\u010dnost (CNPC)<\/li>\n<li class=\"whitespace-normal\">Hoganas (\u0160v\u00e9dsko)<\/li>\n<li class=\"whitespace-normal\">AMETEK (USA)<\/li>\n<\/ul>\n<p class=\"whitespace-pre-wrap\">These companies produce various grades of FeCoNiCrMo powder using gas atomization, water atomization, mechanical alloying and other techniques tailored for specific applications.<\/p>\n<h2>Pricing of FeCoNiCrMo Powder<\/h2>\n<p class=\"whitespace-pre-wrap\">FeCoNiCrMo powder prices depend on factors like:<\/p>\n<ul class=\"list-disc pl-8 space-y-2\">\n<li class=\"whitespace-normal\">Slo\u017een\u00ed, \u00farovn\u011b \u010distoty<\/li>\n<li class=\"whitespace-normal\">Distribuce velikosti \u010d\u00e1stic a morfologie<\/li>\n<li class=\"whitespace-normal\">Zp\u016fsob v\u00fdroby<\/li>\n<li class=\"whitespace-normal\">Mno\u017estv\u00ed objedn\u00e1vky<\/li>\n<li class=\"whitespace-normal\">V\u00fdrobce a geografick\u00e1 poloha<\/li>\n<\/ul>\n<table>\n<thead>\n<tr>\n<th>Hodnost<\/th>\n<th>Cenov\u00e9 rozp\u011bt\u00ed<\/th>\n<\/tr>\n<\/thead>\n<tbody>\n<tr>\n<td>Reklamn\u00ed<\/td>\n<td>80-120 CZK za kg<\/td>\n<\/tr>\n<tr>\n<td>Vysok\u00e1 \u010distota<\/td>\n<td>120\u2013250 za kg<\/td>\n<\/tr>\n<tr>\n<td>Ultrajemn\u00fd<\/td>\n<td>250\u2013450 K\u010d za kg<\/td>\n<\/tr>\n<tr>\n<td>Speci\u00e1ln\u00ed kvality<\/td>\n<td>450-850 za kg<\/td>\n<\/tr>\n<\/tbody>\n<\/table>\n<p class=\"whitespace-pre-wrap\">Gas atomized, controlled particle size, high purity powders command much higher pricing compared to commercial grades of powder.<\/p>\n<h2>Storage and Handling of FeCoNiCrMo Powder<\/h2>\n<p class=\"whitespace-pre-wrap\">FeCoNiCrMo powder requires careful storage and handling:<\/p>\n<ul class=\"list-disc pl-8 space-y-2\">\n<li class=\"whitespace-normal\">Aby se p\u0159ede\u0161lo oxidaci, skladuje se v zape\u010det\u011bn\u00fdch n\u00e1dob\u00e1ch s inertn\u00edm plynem<\/li>\n<li class=\"whitespace-normal\">Avoid accumulation of fine powder to minimize explosion risks<\/li>\n<li class=\"whitespace-normal\">Use proper PPE, ventilation, grounding and safety practices during handling<\/li>\n<li class=\"whitespace-normal\">Zabra\u0148te styku s pr\u00e1\u0161ky a nekompatibiln\u00edmi materi\u00e1ly<\/li>\n<li class=\"whitespace-normal\">Postupujte podle p\u0159\u00edslu\u0161n\u00fdch pokyn\u016f pro bezpe\u010dnost z bezpe\u010dnostn\u00edch list\u016f dodavatele<\/li>\n<\/ul>\n<p class=\"whitespace-pre-wrap\">Proper protective measures are essential when handling this reactive alloy powder.<\/p>\n<h2>Inspection and Testing of FeCoNiCrMo Powder<\/h2>\n<p class=\"whitespace-pre-wrap\">Key quality control tests performed on FeCoNiCrMo powder:<\/p>\n<ul class=\"list-disc pl-8 space-y-2\">\n<li class=\"whitespace-normal\">Chemick\u00e1 anal\u00fdza pomoc\u00ed OES nebo XRF pro zaji\u0161t\u011bn\u00ed toho, \u017ee slo\u017een\u00ed bude spl\u0148ovat stanoven\u00e9 limity<\/li>\n<li class=\"whitespace-normal\">Distribuce velikosti \u010d\u00e1stic pomoc\u00ed laserov\u00e9 difrakce podle normy ASTM B822<\/li>\n<li class=\"whitespace-normal\">Anal\u00fdza morfologie za pomoci SEM zobrazov\u00e1n\u00ed<\/li>\n<li class=\"whitespace-normal\">M\u011b\u0159en\u00ed hmotnostn\u00edho pr\u016ftoku pr\u00e1\u0161ku podle standardu ASTM B213<\/li>\n<li class=\"whitespace-normal\">Stanoven\u00ed hustoty pomoc\u00ed pyknometru s heliem<\/li>\n<li class=\"whitespace-normal\">Testov\u00e1n\u00ed ne\u010distot pomoc\u00ed ICP-MS<\/li>\n<li class=\"whitespace-normal\">Mikrostruktur\u00e1ln\u00ed charakterizace pomoc\u00ed rentgenov\u00e9 difrakce<\/li>\n<\/ul>\n<p class=\"whitespace-pre-wrap\">Z d\u016fkladn\u00e9ho testov\u00e1n\u00ed se ov\u011b\u0159uje kvalita a st\u00e1lost pr\u00e1\u0161ku pro zam\u00fd\u0161lenou aplikaci p\u0159i vysok\u00e9 teplot\u011b.<\/p>\n<h2>Comparison Between FeCoNiCrMo and 316L Stainless Steel Powders<\/h2>\n<p class=\"whitespace-pre-wrap\">FeCoNiCrMo and 316L stainless steel powders compared:<\/p>\n<table>\n<thead>\n<tr>\n<th>Parametr<\/th>\n<th>FeCoNiCrMo<\/th>\n<th>316L SS<\/th>\n<\/tr>\n<\/thead>\n<tbody>\n<tr>\n<td>Kompozice<\/td>\n<td>High-temp quinary alloy<\/td>\n<td>Nerezov\u00e1 slitina Fe-Cr-Ni<\/td>\n<\/tr>\n<tr>\n<td>Cena<\/td>\n<td>Vy\u0161\u0161\u00ed<\/td>\n<td>Niz\u0161\u00ed<\/td>\n<\/tr>\n<tr>\n<td>Pevnost za vysok\u00fdch teplot<\/td>\n<td>Far superior<\/td>\n<td>St\u0159edn\u00ed<\/td>\n<\/tr>\n<tr>\n<td>Odolnost proti korozi<\/td>\n<td>Srovnateln\u00fd<\/td>\n<td>Lep\u0161\u00ed<\/td>\n<\/tr>\n<tr>\n<td>Tepeln\u00e1 vodivost<\/td>\n<td>Vy\u0161\u0161\u00ed<\/td>\n<td>Niz\u0161\u00ed<\/td>\n<\/tr>\n<tr>\n<td>Zpracovatelnost<\/td>\n<td>St\u0159edn\u00ed<\/td>\n<td>V\u00fdborn\u00fd<\/td>\n<\/tr>\n<tr>\n<td>APLIKACE<\/td>\n<td>Tepeln\u00fd n\u00e1st\u0159ik, AM<\/td>\n<td>Automotive, construction<\/td>\n<\/tr>\n<\/tbody>\n<\/table>\n<p class=\"whitespace-pre-wrap\">FeCoNiCrMo offers much better high temperature strength whereas 316L provides good fabrication characteristics and corrosion resistance at lower cost.<\/p>\n<h2>FeCoNiCrMo Powder FAQs<\/h2>\n<p class=\"whitespace-pre-wrap\"><strong>Q: How is FeCoNiCrMo powder produced?<\/strong><\/p>\n<p class=\"whitespace-pre-wrap\">A: FeCoNiCrMo powder is commercially produced using gas atomization, water atomization and mechanical alloying followed by sintering. Gas atomization offers the best powder characteristics.<\/p>\n<p class=\"whitespace-pre-wrap\"><strong>Q: What are the main applications for FeCoNiCrMo powder?<\/strong><\/p>\n<p class=\"whitespace-pre-wrap\">A: Mezi hlavn\u00ed aplikace pat\u0159\u00ed tepeln\u011b st\u0159\u00edkan\u00e9 povlaky, aditivn\u00ed v\u00fdroba, letovac\u00ed v\u00fdpl\u0148ov\u00fd materi\u00e1l, tv\u00e1\u0159ec\u00ed n\u00e1stroje pr\u00e1\u0161kov\u00e9 metalurgie za tepla, za\u0159\u00edzen\u00ed na zpracov\u00e1n\u00ed skla, kde je vy\u017eadov\u00e1na vysokoteplotn\u00ed pevnost a odolnost.<\/p>\n<p class=\"whitespace-pre-wrap\"><strong>Ot\u00e1zka: Jak\u00e1 je doporu\u010den\u00e1 velikost \u010d\u00e1stic pro \u017e\u00e1rov\u00fd n\u00e1st\u0159ik?<\/strong><\/p>\n<p class=\"whitespace-pre-wrap\">A: For most thermal spray processes, a particle size range of 45-150 microns is preferred for FeCoNiCrMo powder to maximize deposition efficiency and coating properties.<\/p>\n<p class=\"whitespace-pre-wrap\"><strong>Q: Does FeCoNiCrMo powder require special handling precautions?<\/strong><\/p>\n<p class=\"whitespace-pre-wrap\">A: Ano, \u0159\u00e1dn\u00e1 ochrann\u00e1 opat\u0159en\u00ed jsou nezbytn\u00e1 p\u0159i manipulaci s t\u00edmto reaktivn\u00edm jemn\u00fdm pr\u00e1\u0161kem slitiny, v\u010detn\u011b inertn\u00ed atmosf\u00e9ry, uzemn\u011bn\u00ed, ventilace a osobn\u00edch ochrann\u00fdch prost\u0159edk\u016f.<\/p>\n<p class=\"whitespace-pre-wrap\"><strong>Q: Where can I purchase FeCoNiCrMo powder suitable for additive manufacturing?<\/strong><\/p>\n<p class=\"whitespace-pre-wrap\">A: For AM applications requiring high temperature strength, fine FeCoNiCrMo powder can be purchased from leading manufacturers including Sandvik, Erasteel, Tekna, and Edgetech Industries.<\/p>\n<p><\/span><\/span><\/p>","protected":false},"excerpt":{"rendered":"<p>P\u0159ehled pr\u00e1\u0161ku FeCoNiCrMo FeCoNiCrMo pat\u0159\u00ed do t\u0159\u00eddy vysokoteplotn\u00edch slitin, kter\u00e9 vykazuj\u00ed dobr\u00e9 mechanick\u00e9 vlastnosti, mikrostrukturn\u00ed stabilitu a odolnost v\u016f\u010di vliv\u016fm prost\u0159ed\u00ed p\u0159i teplot\u00e1ch vy\u0161\u0161\u00edch ne\u017e 750 \u00a1\"C. \u017delezo a kobalt zaji\u0161\u0165uj\u00ed pevnost. Nikl zvy\u0161uje ta\u017enost a hou\u017eevnatost. Chrom dod\u00e1v\u00e1 odolnost proti oxidaci a korozi. Molybden d\u00e1le zvy\u0161uje pevnost p\u0159i vysok\u00fdch teplot\u00e1ch a odolnost proti te\u010den\u00ed. Kl\u00ed\u010dov\u00e9 vlastnosti FeCoNiCrMo...<\/p>","protected":false},"featured_media":1766,"parent":0,"template":"","meta":{"_acf_changed":false,"_kad_blocks_custom_css":"","_kad_blocks_head_custom_js":"","_kad_blocks_body_custom_js":"","_kad_blocks_footer_custom_js":"","_kad_post_transparent":"","_kad_post_title":"","_kad_post_layout":"","_kad_post_sidebar_id":"","_kad_post_content_style":"","_kad_post_vertical_padding":"","_kad_post_feature":"","_kad_post_feature_position":"","_kad_post_header":false,"_kad_post_footer":false,"_kad_post_classname":""},"product-category":[119,127],"class_list":["post-3881","product","type-product","status-publish","has-post-thumbnail","hentry","product-category-3d-printing-metal-powder","product-category-high-entropy-alloy-powder"],"acf":[],"taxonomy_info":{"product-category":[{"value":119,"label":"3D Printing Metal Powder"},{"value":127,"label":"High Entropy Alloy Powder"}]},"featured_image_src_large":["https:\/\/3dpmetal.com\/wp-content\/uploads\/2024\/02\/FeCoNiCrTi-Powder.png",600,600,false],"author_info":[],"comment_info":"","_links":{"self":[{"href":"https:\/\/3dpmetal.com\/cs\/wp-json\/wp\/v2\/product\/3881","targetHints":{"allow":["GET"]}}],"collection":[{"href":"https:\/\/3dpmetal.com\/cs\/wp-json\/wp\/v2\/product"}],"about":[{"href":"https:\/\/3dpmetal.com\/cs\/wp-json\/wp\/v2\/types\/product"}],"wp:featuredmedia":[{"embeddable":true,"href":"https:\/\/3dpmetal.com\/cs\/wp-json\/wp\/v2\/media\/1766"}],"wp:attachment":[{"href":"https:\/\/3dpmetal.com\/cs\/wp-json\/wp\/v2\/media?parent=3881"}],"wp:term":[{"taxonomy":"product-category","embeddable":true,"href":"https:\/\/3dpmetal.com\/cs\/wp-json\/wp\/v2\/product-category?post=3881"}],"curies":[{"name":"wp","href":"https:\/\/api.w.org\/{rel}","templated":true}]}}