{"id":3884,"date":"2024-03-18T06:10:10","date_gmt":"2024-03-18T06:10:10","guid":{"rendered":"https:\/\/3dp.45612300.xyz\/product\/titanium-and-aluminum-ta7-powder\/"},"modified":"2024-03-18T06:10:10","modified_gmt":"2024-03-18T06:10:10","slug":"titanium-and-aluminum-ta7-powder","status":"publish","type":"product","link":"https:\/\/3dpmetal.com\/cs\/product\/titanium-and-aluminum-ta7-powder\/","title":{"rendered":"Titanov\u00fd a hlin\u00edkov\u00fd pr\u00e1\u0161ek TA7"},"content":{"rendered":"<p><span style=\"vertical-align: inherit;\"><span style=\"vertical-align: inherit;\"><\/p>\n<h2>P\u0159ehled titanov\u00e9ho a hlin\u00edkov\u00e9ho pr\u00e1\u0161ku TA7<\/h2>\n<p class=\"whitespace-pre-wrap\">TA7 pat\u0159\u00ed do syst\u00e9mu intermetalick\u00fdch slitin titanu a hlin\u00edku, kter\u00e9 kombinuj\u00ed lehk\u00e9 vlastnosti hlin\u00edku s pevnost\u00ed a odolnost\u00ed proti korozi titanu. T\u00e9m\u011b\u0159 rovnom\u011brn\u00fd pom\u011br Ti a Al poskytuje vynikaj\u00edc\u00ed rovnov\u00e1hu vlastnost\u00ed pro aplikace p\u0159i zv\u00fd\u0161en\u00fdch teplot\u00e1ch.<\/p>\n<p class=\"whitespace-pre-wrap\">Mezi hlavn\u00ed vlastnosti pr\u00e1\u0161ku TA7 pat\u0159\u00ed:<\/p>\n<ul class=\"list-disc pl-8 space-y-2\">\n<li class=\"whitespace-normal\">Velmi vysok\u00e1 specifick\u00e1 pevnost (pom\u011br pevnosti k hmotnosti)<\/li>\n<li class=\"whitespace-normal\">Vynikaj\u00edc\u00ed pevnost v tahu p\u0159i vysok\u00fdch teplot\u00e1ch a pevnost p\u0159i te\u010den\u00ed<\/li>\n<li class=\"whitespace-normal\">N\u00edzk\u00e1 hustota ve srovn\u00e1n\u00ed se slitinami niklu nebo oceli.<\/li>\n<li class=\"whitespace-normal\">Dobr\u00e1 odolnost proti korozi v r\u016fzn\u00fdch prost\u0159ed\u00edch<\/li>\n<li class=\"whitespace-normal\">K dispozici je \u0159ada velikost\u00ed a morfologi\u00ed \u010d\u00e1stic<\/li>\n<\/ul>\n<p class=\"whitespace-pre-wrap\">Pr\u00e1\u0161ek TA7 se stal vynikaj\u00edc\u00ed volbou pro sn\u00ed\u017een\u00ed hmotnosti a zv\u00fd\u0161en\u00ed \u00fa\u010dinnosti leteck\u00fdch motor\u016f a drak\u016f letadel pracuj\u00edc\u00edch p\u0159i vysok\u00fdch teplot\u00e1ch.<\/p>\n<h2>Chemick\u00e9 slo\u017een\u00ed pr\u00e1\u0161ku TA7<\/h2>\n<p class=\"whitespace-pre-wrap\">Pr\u00e1\u0161ek TA7 m\u00e1 n\u00e1sleduj\u00edc\u00ed jmenovit\u00e9 slo\u017een\u00ed:<\/p>\n<table>\n<thead>\n<tr>\n<th>Element<\/th>\n<th>Hmotnostn\u00ed %<\/th>\n<\/tr>\n<\/thead>\n<tbody>\n<tr>\n<td>Titan (Ti)<\/td>\n<td>Balance<\/td>\n<\/tr>\n<tr>\n<td>Hlin\u00edk (Al)<\/td>\n<td>7%<\/td>\n<\/tr>\n<tr>\n<td>C\u00edn (Sn)<\/td>\n<td>2-5%<\/td>\n<\/tr>\n<tr>\n<td>Zirkon (Zr)<\/td>\n<td>1-4%<\/td>\n<\/tr>\n<tr>\n<td>K\u0159em\u00edk (Si)<\/td>\n<td>max. 0,5 %<\/td>\n<\/tr>\n<tr>\n<td>Uhl\u00edk (C)<\/td>\n<td>Maxim\u00e1ln\u011b 0.1 %<\/td>\n<\/tr>\n<tr>\n<td>Kysl\u00edk (O)<\/td>\n<td>0,13% max<\/td>\n<\/tr>\n<\/tbody>\n<\/table>\n<p><img loading=\"lazy\" decoding=\"async\" class=\"size-medium wp-image-1409 aligncenter\" src=\"https:\/\/met3dp.com\/wp-content\/uploads\/2023\/09\/ed7a94ec-3c10-4b1b-87ed--300x300.jpg\" alt=\"Titanov\u00fd a hlin\u00edkov\u00fd pr\u00e1\u0161ek TA7\" width=\"300\" height=\"300\" title=\"\"><\/p>\n<p class=\"whitespace-pre-wrap\">Mno\u017estv\u00ed c\u00ednu a zirkonia lze m\u011bnit za \u00fa\u010delem optimalizace mechanick\u00fdch vlastnost\u00ed p\u0159i vysok\u00fdch teplot\u00e1ch. Mno\u017estv\u00ed ne\u010distot Si, C, O je minimalizov\u00e1no.<\/p>\n<h2>Vlastnosti pr\u00e1\u0161ku TA7<\/h2>\n<p class=\"whitespace-pre-wrap\">Mezi kl\u00ed\u010dov\u00e9 vlastnosti pr\u00e1\u0161ku TA7 pat\u0159\u00ed:<\/p>\n<table>\n<thead>\n<tr>\n<th>Nemovitost<\/th>\n<th>Hodnota<\/th>\n<\/tr>\n<\/thead>\n<tbody>\n<tr>\n<td>Hustota<\/td>\n<td>3.7-4.0 g\/cm3<\/td>\n<\/tr>\n<tr>\n<td>Teplota t\u00e1n\u00ed<\/td>\n<td>1460 r.<\/td>\n<\/tr>\n<tr>\n<td>Tepeln\u00e1 vodivost<\/td>\n<td>6,7 W\/mK<\/td>\n<\/tr>\n<tr>\n<td>Elektrick\u00fd odpor<\/td>\n<td>1,78 \u00c3\u00d7\u00b4\u00ce.cm<\/td>\n<\/tr>\n<tr>\n<td>Young\u016fv modul<\/td>\n<td>110 GPa<\/td>\n<\/tr>\n<tr>\n<td>Poisson\u016fv pom\u011br<\/td>\n<td>0.32<\/td>\n<\/tr>\n<tr>\n<td>Pevnost v tahu<\/td>\n<td>800 MPa<\/td>\n<\/tr>\n<tr>\n<td>Mez kluzu<\/td>\n<td>760 MPa<\/td>\n<\/tr>\n<tr>\n<td>Prodlou\u017een\u00ed<\/td>\n<td>1-2%<\/td>\n<\/tr>\n<tr>\n<td>Odolnost proti te\u010den\u00ed<\/td>\n<td>190 MPa p\u0159i 700\u00a1\"C<\/td>\n<\/tr>\n<\/tbody>\n<\/table>\n<p>&nbsp;<\/p>\n<p class=\"whitespace-pre-wrap\">D\u00edky sv\u00fdm vlastnostem, jako je vysok\u00e1 pevnost, n\u00edzk\u00e1 hustota, odolnost proti oxidaci a tepeln\u00e1 stabilita, je TA7 vhodn\u00fd pro nejn\u00e1ro\u010dn\u011bj\u0161\u00ed aplikace p\u0159i zv\u00fd\u0161en\u00fdch teplot\u00e1ch.<\/p>\n<h2>Metoda v\u00fdroby pr\u00e1\u0161ku TA7<\/h2>\n<p class=\"whitespace-pre-wrap\">Pr\u00e1\u0161ek TA7 lze vyr\u00e1b\u011bt metodami, jako jsou:<\/p>\n<ul class=\"list-disc pl-8 space-y-2\">\n<li class=\"whitespace-normal\"><strong>Plynul\u00e1 atomizace<\/strong>?- Vysokotlak\u00fd inertn\u00ed plyn pou\u017e\u00edvan\u00fd k atomizaci roztaven\u00e9 slitiny TA7, jej\u00edm\u017e v\u00fdsledkem je sf\u00e9rick\u00fd pr\u00e1\u0161ek ide\u00e1ln\u00ed pro AM.<\/li>\n<li class=\"whitespace-normal\"><strong>Proces s rota\u010dn\u00edmi plazmov\u00fdmi elektrodami<\/strong>?- Odst\u0159edivou dezintegrac\u00ed rychle rotuj\u00edc\u00edho proudu roztaven\u00e9ho kovu vznik\u00e1 sf\u00e9rick\u00fd pr\u00e1\u0161ek.<\/li>\n<li class=\"whitespace-normal\"><strong>Mechanick\u00e9 legov\u00e1n\u00ed<\/strong>?- Vysokoenergetick\u00e9 kulov\u00e9 mlet\u00ed sm\u011bsn\u00fdch pr\u00e1\u0161k\u016f element\u00e1rn\u00edho Ti a Al s n\u00e1sledn\u00fdm \u017e\u00edh\u00e1n\u00edm.<\/li>\n<\/ul>\n<p class=\"whitespace-pre-wrap\">Plynov\u00e1 atomizace poskytuje vynikaj\u00edc\u00ed kontrolu nad vlastnostmi pr\u00e1\u0161ku, jako je distribuce velikosti \u010d\u00e1stic, morfologie, mikro\u010distota a tekutost.<\/p>\n<h2>Aplikace pr\u00e1\u0161ku TA7<\/h2>\n<p class=\"whitespace-pre-wrap\">Pr\u00e1\u0161ek TA7 se b\u011b\u017en\u011b pou\u017e\u00edv\u00e1 v:<\/p>\n<ul class=\"list-disc pl-8 space-y-2\">\n<li class=\"whitespace-normal\"><strong>aditivn\u00ed v\u00fdroba<\/strong>?- Selektivn\u00ed laserov\u00e9 taven\u00ed pro v\u00fdrobu slo\u017eit\u00fdch tvar\u016f aerodynamick\u00fdch profil\u016f, ob\u011b\u017en\u00fdch kol, lopatek turb\u00edn.<\/li>\n<li class=\"whitespace-normal\"><strong>Metal Injection Molding<\/strong>?- K v\u00fdrob\u011b mal\u00fdch, slo\u017eit\u00fdch d\u00edl\u016f ve tvaru s\u00edt\u011b, jako jsou sou\u010d\u00e1sti turbodmychadel, kter\u00e9 vy\u017eaduj\u00ed vysokou pevnost a teplotn\u00ed odolnost.<\/li>\n<li class=\"whitespace-normal\"><strong>Tepeln\u00e9 povlaky<\/strong>?- aplikuje se pomoc\u00ed plazmov\u00e9ho nebo HVOF n\u00e1st\u0159iku na povrchy ventil\u016f, lo\u017eisek, sou\u010d\u00e1st\u00ed podvozku, kter\u00e9 pot\u0159ebuj\u00ed odolnost proti opot\u0159eben\u00ed\/korozn\u00edmu po\u0161kozen\u00ed p\u0159i vysok\u00fdch teplot\u00e1ch.<\/li>\n<li class=\"whitespace-normal\"><strong>Pr\u00e1\u0161kov\u00e1 metalurgie<\/strong>?- Lisov\u00e1n\u00ed a sp\u00e9k\u00e1n\u00ed pro v\u00fdrobu lehk\u00fdch, vysoce pevn\u00fdch konstruk\u010dn\u00edch d\u00edl\u016f pro leteck\u00e9 aplikace.<\/li>\n<\/ul>\n<h2>Specifikace pr\u00e1\u0161ku TA7<\/h2>\n<p class=\"whitespace-pre-wrap\">Pr\u00e1\u0161ek TA7 je k dispozici v r\u016fzn\u00fdch velikostech, tvarech a stupn\u00edch \u010distoty:<\/p>\n<ul class=\"list-disc pl-8 space-y-2\">\n<li class=\"whitespace-normal\"><strong>Velikost \u010d\u00e1stic:<\/strong>?Od 15-45 \u00c3\u00d7m u metod AM, a\u017e do 100 \u00c3\u00d7m u proces\u016f tepeln\u00e9ho n\u00e1st\u0159iku.<\/li>\n<li class=\"whitespace-normal\"><strong>Morfologie:<\/strong>?T\u00e9m\u011b\u0159 kulovit\u00fd tvar pr\u00e1\u0161ku zaji\u0161\u0165uje optim\u00e1ln\u00ed tok a hustotu balen\u00ed.<\/li>\n<li class=\"whitespace-normal\"><strong>\u010cistota:<\/strong>?Od komer\u010dn\u00ed \u010distoty a\u017e po velmi vysokou \u010distotu na z\u00e1klad\u011b limit\u016f ne\u010distot a procesn\u00edch po\u017eadavk\u016f.<\/li>\n<li class=\"whitespace-normal\"><strong>Obsah kysl\u00edku:<\/strong>?Hladiny udr\u017eovan\u00e9 pod 2000 ppm pro v\u011bt\u0161inu aplikac\u00ed.<\/li>\n<li class=\"whitespace-normal\"><strong>Pr\u016ftok:<\/strong>?Pr\u00e1\u0161ek p\u0159izp\u016fsoben\u00fd pro vynikaj\u00edc\u00ed pr\u016ftoky nad 25 s\/50 g.<\/li>\n<\/ul>\n<h2>Glob\u00e1ln\u00ed dodavatel\u00e9 pr\u00e1\u0161ku TA7<\/h2>\n<p class=\"whitespace-pre-wrap\">Mezi hlavn\u00ed sv\u011btov\u00e9 dodavatele pr\u00e1\u0161ku TA7 pat\u0159\u00ed:<\/p>\n<ul class=\"list-disc pl-8 space-y-2\">\n<li class=\"whitespace-normal\">AP&amp;C (Kanada)<\/li>\n<li class=\"whitespace-normal\">TLS Technik (N\u011bmecko)<\/li>\n<li class=\"whitespace-normal\">Sandvik Osprey (UK)<\/li>\n<li class=\"whitespace-normal\">Tekna (Kanada)<\/li>\n<li class=\"whitespace-normal\">ECKA Granule (N\u011bmecko)<\/li>\n<li class=\"whitespace-normal\">Metal Technology (Velk\u00e1 Brit\u00e1nie)<\/li>\n<\/ul>\n<p class=\"whitespace-pre-wrap\">Tyto spole\u010dnosti vyr\u00e1b\u011bj\u00ed r\u016fzn\u00e9 druhy pr\u00e1\u0161ku TA7 pro aditivn\u00ed v\u00fdrobu, tepeln\u00e9 st\u0159\u00edk\u00e1n\u00ed, pr\u00e1\u0161kovou metalurgii a dal\u0161\u00ed vysokoteplotn\u00ed aplikace.<\/p>\n<h2>Ceny pr\u00e1\u0161ku TA7<\/h2>\n<p class=\"whitespace-pre-wrap\">Cena pr\u00e1\u0161ku TA7 je vy\u0161\u0161\u00ed ne\u017e u ocel\u00ed a niklov\u00fdch slitin:<\/p>\n<ul class=\"list-disc pl-8 space-y-2\">\n<li class=\"whitespace-normal\"><strong>Mno\u017estv\u00ed<\/strong>?- $100-150 za kg pro hromadn\u00e9 objedn\u00e1vky nad 500 kg. U men\u0161\u00edch mno\u017estv\u00ed jsou ceny v\u00fdrazn\u011b vy\u0161\u0161\u00ed.<\/li>\n<li class=\"whitespace-normal\"><strong>Kvalita<\/strong>?- Vysoce \u010dist\u00fd sf\u00e9rick\u00fd pr\u00e1\u0161ek vyr\u00e1b\u011bn\u00fd za p\u0159\u00edsn\u011b kontrolovan\u00fdch podm\u00ednek pomoc\u00ed pokro\u010dil\u00fdch proces\u016f vy\u017eaduje pr\u00e9miov\u00e9 ceny.<\/li>\n<li class=\"whitespace-normal\"><strong>Dodavatel<\/strong>?- Velc\u00ed glob\u00e1ln\u00ed dodavatel\u00e9 nab\u00edzej\u00ed n\u00e1kladov\u00e9 v\u00fdhody ve srovn\u00e1n\u00ed s men\u0161\u00edmi v\u00fdrobci d\u00edky vy\u0161\u0161\u00edm objem\u016fm v\u00fdroby.<\/li>\n<li class=\"whitespace-normal\"><strong>Zem\u011bpis<\/strong>?- Ceny se v jednotliv\u00fdch regionech li\u0161\u00ed, p\u0159i\u010dem\u017e Evropa a Severn\u00ed Amerika jsou ve srovn\u00e1n\u00ed s Asi\u00ed trhy s vy\u0161\u0161\u00edmi cenami.<\/li>\n<\/ul>\n<p class=\"whitespace-pre-wrap\">U kritick\u00fdch aplikac\u00ed by se kupuj\u00edc\u00ed m\u011bli p\u0159i n\u00e1kupu pr\u00e1\u0161ku TA7 zam\u011b\u0159it sp\u00ed\u0161e na kvalitu pr\u00e1\u0161ku ne\u017e na nejni\u017e\u0161\u00ed cenu.<\/p>\n<h2>Skladov\u00e1n\u00ed a manipulace s pr\u00e1\u0161kem TA7<\/h2>\n<p class=\"whitespace-pre-wrap\">Pr\u00e1\u0161ek TA7 vy\u017eaduje pe\u010dliv\u00e9 skladov\u00e1n\u00ed a manipulaci:<\/p>\n<ul class=\"list-disc pl-8 space-y-2\">\n<li class=\"whitespace-normal\">M\u011bly by se skladovat v uzav\u0159en\u00fdch n\u00e1dob\u00e1ch pod inertn\u00edm plynem, nap\u0159. argonem, aby se zabr\u00e1nilo oxidaci.<\/li>\n<li class=\"whitespace-normal\">Zabra\u0148te hromad\u011bn\u00ed jemn\u00e9ho pr\u00e1\u0161ku, abyste minimalizovali riziko v\u00fdbuchu prachu.<\/li>\n<li class=\"whitespace-normal\">P\u0159i manipulaci s pr\u00e1\u0161kem pou\u017e\u00edvejte spr\u00e1vn\u00e9 osobn\u00ed ochrann\u00e9 prost\u0159edky, v\u011btr\u00e1n\u00ed, uzemn\u011bn\u00ed a bezpe\u010dnostn\u00ed postupy.<\/li>\n<li class=\"whitespace-normal\">Zabra\u0148te kontaktu pr\u00e1\u0161ku se zdroji vzn\u00edcen\u00ed kv\u016fli nebezpe\u010d\u00ed vzn\u00edcen\u00ed.<\/li>\n<li class=\"whitespace-normal\">Dodr\u017eujte p\u0159\u00edslu\u0161n\u00e9 bezpe\u010dnostn\u00ed pokyny z bezpe\u010dnostn\u00edch list\u016f dodavatele.<\/li>\n<\/ul>\n<p class=\"whitespace-pre-wrap\">P\u0159i manipulaci s touto vysoce reaktivn\u00ed pr\u00e1\u0161kovou slitinou je t\u0159eba db\u00e1t zv\u00fd\u0161en\u00e9 opatrnosti.<\/p>\n<h2>Kontrola a testov\u00e1n\u00ed pr\u00e1\u0161ku TA7<\/h2>\n<p class=\"whitespace-pre-wrap\">Kl\u00ed\u010dov\u00e9 testy kontroly kvality proveden\u00e9 na pr\u00e1\u0161ku TA7:<\/p>\n<ul class=\"list-disc pl-8 space-y-2\">\n<li class=\"whitespace-normal\">Chemick\u00e1 anal\u00fdza pomoc\u00ed ICP-OES nebo XRF, aby se zajistilo, \u017ee slo\u017een\u00ed odpov\u00edd\u00e1 specifikac\u00edm.<\/li>\n<li class=\"whitespace-normal\">Rozd\u011blen\u00ed velikosti \u010d\u00e1stic pomoc\u00ed laserov\u00e9 difrakce podle normy ASTM B822.<\/li>\n<li class=\"whitespace-normal\">Morfologick\u00e1 anal\u00fdza pomoc\u00ed SEM.<\/li>\n<li class=\"whitespace-normal\">M\u011b\u0159en\u00ed pr\u016ftoku pr\u00e1\u0161ku pomoc\u00ed Hallova pr\u016ftokom\u011bru podle normy ASTM B213.<\/li>\n<li class=\"whitespace-normal\">M\u011b\u0159en\u00ed hustoty pomoc\u00ed heliov\u00e9 pyknometrie.<\/li>\n<li class=\"whitespace-normal\">Anal\u00fdza ne\u010distot pomoc\u00ed f\u00faze inertn\u00edch plyn\u016f nebo ICP-MS.<\/li>\n<li class=\"whitespace-normal\">Charakterizace mikrostruktury pomoc\u00ed difrakce rentgenov\u00e9ho z\u00e1\u0159en\u00ed.<\/li>\n<\/ul>\n<p class=\"whitespace-pre-wrap\">D\u016fkladn\u00e9 testov\u00e1n\u00ed zaji\u0161\u0165uje konzistenci \u0161ar\u017e\u00ed a kvalitu pr\u00e1\u0161ku pro zam\u00fd\u0161len\u00e9 pou\u017eit\u00ed.<\/p>\n<h2>Srovn\u00e1n\u00ed pr\u00e1\u0161k\u016f TA7 a Inconel 718<\/h2>\n<p class=\"whitespace-pre-wrap\">Srovn\u00e1n\u00ed pr\u00e1\u0161k\u016f TA7 a Inconel 718:<\/p>\n<table>\n<thead>\n<tr>\n<th>Parametr<\/th>\n<th>TA7<\/th>\n<th>Inconel 718<\/th>\n<\/tr>\n<\/thead>\n<tbody>\n<tr>\n<td>Hustota<\/td>\n<td>3.7-4.0 g\/cm3<\/td>\n<td>8,2 g\/cm3<\/td>\n<\/tr>\n<tr>\n<td>Pevnost za vysok\u00fdch teplot<\/td>\n<td>Srovnateln\u00fd<\/td>\n<td>Srovnateln\u00fd<\/td>\n<\/tr>\n<tr>\n<td>Oxida\u010dn\u00ed odolnost<\/td>\n<td>Lep\u0161\u00ed<\/td>\n<td>Dobr\u00e9<\/td>\n<\/tr>\n<tr>\n<td>Cena<\/td>\n<td>Vy\u0161\u0161\u00ed<\/td>\n<td>Niz\u0161\u00ed<\/td>\n<\/tr>\n<tr>\n<td>Zpracovatelnost<\/td>\n<td>\u0160patn\u00e9<\/td>\n<td>V\u00fdborn\u00fd<\/td>\n<\/tr>\n<tr>\n<td>APLIKACE<\/td>\n<td>Aerospace komponenty<\/td>\n<td>Letectv\u00ed, automobilov\u00fd pr\u016fmysl<\/td>\n<\/tr>\n<tr>\n<td>Dostupnost<\/td>\n<td>N\u00edzk\u00fd<\/td>\n<td>Snadno dostupn\u00fd<\/td>\n<\/tr>\n<\/tbody>\n<\/table>\n<p>&nbsp;<\/p>\n<p class=\"whitespace-pre-wrap\">TA7 nab\u00edz\u00ed \u00fasporu hmotnosti oproti Inconelu 718. Pr\u00e1\u0161ek oxidu titani\u010dit\u00e9ho je v\u0161ak \u0161patn\u011b zpracovateln\u00fd a jeho dostupnost je ni\u017e\u0161\u00ed.<\/p>\n<h2>\u010casto kladen\u00e9 dotazy k pr\u00e1\u0161ku TA7<\/h2>\n<p class=\"whitespace-pre-wrap\"><strong>Ot\u00e1zka: Jak se pr\u00e1\u0161ek TA7 vyr\u00e1b\u00ed?<\/strong><\/p>\n<p class=\"whitespace-pre-wrap\">Odpov\u011b\u010f: Pr\u00e1\u0161ek TA7 se komer\u010dn\u011b vyr\u00e1b\u00ed pomoc\u00ed plynov\u00e9 atomizace, plazmov\u00e9ho procesu s rota\u010dn\u00ed elektrodou a mechanick\u00e9ho legov\u00e1n\u00ed s n\u00e1sledn\u00fdm \u017e\u00edh\u00e1n\u00edm. Plynov\u00e1 atomizace nab\u00edz\u00ed nejlep\u0161\u00ed kontrolu vlastnost\u00ed pr\u00e1\u0161ku.<\/p>\n<p class=\"whitespace-pre-wrap\"><strong>Ot\u00e1zka: Jak\u00e9 jsou hlavn\u00ed aplikace pr\u00e1\u0161ku TA7?<\/strong><\/p>\n<p class=\"whitespace-pre-wrap\">Odpov\u011b\u010f: Mezi hlavn\u00ed aplikace pr\u00e1\u0161ku TA7 pat\u0159\u00ed aditivn\u00ed v\u00fdroba, tepeln\u00e9 n\u00e1st\u0159iky, vst\u0159ikov\u00e1n\u00ed kov\u016f a pr\u00e1\u0161kov\u00e1 metalurgie pro v\u00fdrobu lehk\u00fdch konstruk\u010dn\u00edch d\u00edl\u016f vy\u017eaduj\u00edc\u00edch vysokou teplotu.<\/p>\n<p class=\"whitespace-pre-wrap\"><strong>Ot\u00e1zka: Jak\u00e1 je typick\u00e1 velikost pr\u00e1\u0161ku TA7 pou\u017e\u00edvan\u00e9ho pro selektivn\u00ed laserov\u00e9 taven\u00ed?<\/strong><\/p>\n<p class=\"whitespace-pre-wrap\">Odpov\u011b\u010f: Pro proces SLM je ide\u00e1ln\u00ed velikost pr\u00e1\u0161ku TA7 v rozmez\u00ed 15-45 mikron\u016f se sf\u00e9rickou morfologi\u00ed a dobr\u00fdm tokem pr\u00e1\u0161ku a hustotou balen\u00ed.<\/p>\n<p class=\"whitespace-pre-wrap\"><strong>Ot\u00e1zka: Vy\u017eaduje pr\u00e1\u0161ek TA7 zvl\u00e1\u0161tn\u00ed opat\u0159en\u00ed p\u0159i manipulaci?<\/strong><\/p>\n<p class=\"whitespace-pre-wrap\">Odpov\u011b\u010f: Ano, je vysoce reaktivn\u00ed a vy\u017eaduje opatrnou manipulaci v inertn\u00ed atmosf\u00e9\u0159e za pou\u017eit\u00ed spr\u00e1vn\u00e9ho v\u011btr\u00e1n\u00ed, uzemn\u011bn\u00ed a osobn\u00edch ochrann\u00fdch pom\u016fcek, aby se zabr\u00e1nilo nebezpe\u010d\u00ed po\u017e\u00e1ru nebo v\u00fdbuchu.<\/p>\n<p class=\"whitespace-pre-wrap\"><strong>Ot\u00e1zka: Kde lze zakoupit pr\u00e1\u0161ek TA7 vhodn\u00fd pro leteck\u00e9 d\u00edly?<\/strong><\/p>\n<p class=\"whitespace-pre-wrap\">Odpov\u011b\u010f: Pro aplikace v letectv\u00ed a kosmonautice, kter\u00e9 vy\u017eaduj\u00ed n\u00edzkou hmotnost a vysokou pevnost, lze pr\u00e1\u0161ek TA7 zakoupit od p\u0159edn\u00edch v\u00fdrobc\u016f, jako jsou AP&amp;C, TLS Technik, Sandvik Osprey a Tekna.<\/p>\n<p><\/span><\/span><\/p>","protected":false},"excerpt":{"rendered":"<p>P\u0159ehled pr\u00e1\u0161ku titanu a hlin\u00edku TA7 Pr\u00e1\u0161ek TA7 pat\u0159\u00ed do syst\u00e9mu intermetalick\u00e9 slitiny titanu a hlin\u00edku, kter\u00e1 kombinuje lehk\u00e9 vlastnosti hlin\u00edku s pevnost\u00ed a odolnost\u00ed proti korozi titanu. T\u00e9m\u011b\u0159 rovnom\u011brn\u00fd pom\u011br Ti a Al poskytuje vynikaj\u00edc\u00ed rovnov\u00e1hu vlastnost\u00ed pro aplikace p\u0159i zv\u00fd\u0161en\u00fdch teplot\u00e1ch. Mezi kl\u00ed\u010dov\u00e9 vlastnosti pr\u00e1\u0161ku TA7 pat\u0159\u00ed: Velmi vysok\u00e1 m\u011brn\u00e1 hmotnost,...<\/p>","protected":false},"featured_media":1772,"parent":0,"template":"","meta":{"_acf_changed":false,"_kad_blocks_custom_css":"","_kad_blocks_head_custom_js":"","_kad_blocks_body_custom_js":"","_kad_blocks_footer_custom_js":"","_kad_post_transparent":"","_kad_post_title":"","_kad_post_layout":"","_kad_post_sidebar_id":"","_kad_post_content_style":"","_kad_post_vertical_padding":"","_kad_post_feature":"","_kad_post_feature_position":"","_kad_post_header":false,"_kad_post_footer":false,"_kad_post_classname":""},"product-category":[119,123],"class_list":["post-3884","product","type-product","status-publish","has-post-thumbnail","hentry","product-category-3d-printing-metal-powder","product-category-titanium-based-alloy-powder"],"acf":[],"taxonomy_info":{"product-category":[{"value":119,"label":"3D Printing Metal Powder"},{"value":123,"label":"Titanium Based Alloy Powder"}]},"featured_image_src_large":["https:\/\/3dpmetal.com\/wp-content\/uploads\/2024\/02\/TA7.jpg",216,216,false],"author_info":[],"comment_info":"","_links":{"self":[{"href":"https:\/\/3dpmetal.com\/cs\/wp-json\/wp\/v2\/product\/3884","targetHints":{"allow":["GET"]}}],"collection":[{"href":"https:\/\/3dpmetal.com\/cs\/wp-json\/wp\/v2\/product"}],"about":[{"href":"https:\/\/3dpmetal.com\/cs\/wp-json\/wp\/v2\/types\/product"}],"wp:featuredmedia":[{"embeddable":true,"href":"https:\/\/3dpmetal.com\/cs\/wp-json\/wp\/v2\/media\/1772"}],"wp:attachment":[{"href":"https:\/\/3dpmetal.com\/cs\/wp-json\/wp\/v2\/media?parent=3884"}],"wp:term":[{"taxonomy":"product-category","embeddable":true,"href":"https:\/\/3dpmetal.com\/cs\/wp-json\/wp\/v2\/product-category?post=3884"}],"curies":[{"name":"wp","href":"https:\/\/api.w.org\/{rel}","templated":true}]}}