{"id":3888,"date":"2024-03-18T06:10:10","date_gmt":"2024-03-18T06:10:10","guid":{"rendered":"https:\/\/3dp.45612300.xyz\/product\/tc18-powder-unlocking-the-power-of-titanium-carbide\/"},"modified":"2024-03-18T06:10:10","modified_gmt":"2024-03-18T06:10:10","slug":"tc18-powder-unlocking-the-power-of-titanium-carbide","status":"publish","type":"product","link":"https:\/\/3dpmetal.com\/cs\/product\/tc18-powder-unlocking-the-power-of-titanium-carbide\/","title":{"rendered":"Pr\u00e1\u0161ek TC18 : Odhalen\u00ed s\u00edly karbidu titanu"},"content":{"rendered":"<p><span style=\"vertical-align: inherit;\"><span style=\"vertical-align: inherit;\"><\/p>\n<h2><strong>Vlastnosti pr\u00e1\u0161ku TC18<\/strong><\/h2>\n<p>D\u00edky sv\u00fdm vlastnostem je pr\u00e1\u0161ek TC18 velmi vyhled\u00e1van\u00fdm materi\u00e1lem pro r\u016fzn\u00e9 aplikace. Mezi kl\u00ed\u010dov\u00e9 vlastnosti pat\u0159\u00ed:<\/p>\n<ol>\n<li><strong>Vysok\u00e1 tvrdost:<\/strong>?Pr\u00e1\u0161ek TC18 vykazuje v\u00fdjime\u010dnou tvrdost srovnatelnou s diamanty, tak\u017ee je ide\u00e1ln\u00ed pro aplikace odoln\u00e9 proti opot\u0159eben\u00ed.<\/li>\n<li><strong>Vynikaj\u00edc\u00ed tepeln\u00e1 stabilita:<\/strong>?D\u00edky vysok\u00e9mu bodu t\u00e1n\u00ed p\u0159ibli\u017en\u011b 3140\u2032\"C (5675\u2032\"F) m\u016f\u017ee pr\u00e1\u0161ek TC18 odol\u00e1vat extr\u00e9mn\u00edm teplot\u00e1m bez v\u00fdrazn\u00e9 degradace.<\/li>\n<li><strong>Vynikaj\u00edc\u00ed odolnost proti korozi:<\/strong>?Pr\u00e1\u0161ek TC18 vykazuje p\u016fsobivou odolnost proti korozi, tak\u017ee je vhodn\u00fd pro pou\u017eit\u00ed v drsn\u00e9m prost\u0159ed\u00ed.<\/li>\n<li><strong>Dobr\u00e1 elektrick\u00e1 vodivost:<\/strong>?P\u0159esto\u017ee se jedn\u00e1 o keramick\u00fd materi\u00e1l, pr\u00e1\u0161ek TC18 vykazuje dobrou elektrickou vodivost, co\u017e umo\u017e\u0148uje jeho pou\u017eit\u00ed v elektronick\u00fdch aplikac\u00edch.<\/li>\n<li><strong>N\u00edzk\u00e1 hustota:<\/strong>?pr\u00e1\u0161ek TC18 m\u00e1 relativn\u011b n\u00edzkou hustotu, co\u017e p\u0159isp\u00edv\u00e1 k jeho n\u00edzk\u00e9 hmotnosti a potenci\u00e1ln\u00edmu vyu\u017eit\u00ed v leteck\u00e9m a automobilov\u00e9m pr\u016fmyslu.<\/li>\n<\/ol>\n<h2><strong>Aplikace pr\u00e1\u0161ku TC18<\/strong><\/h2>\n<p>Univerz\u00e1ln\u00ed charakter pr\u00e1\u0161ku TC18 umo\u017e\u0148uje jeho pou\u017eit\u00ed v r\u016fzn\u00fdch pr\u016fmyslov\u00fdch odv\u011btv\u00edch. Mezi nejv\u00fdznamn\u011bj\u0161\u00ed aplikace pat\u0159\u00ed:<\/p>\n<ol>\n<li><strong>\u0158ezn\u00e9 n\u00e1stroje a desti\u010dky:<\/strong>?Pr\u00e1\u0161ek TC18 se d\u00edky sv\u00e9 v\u00fdjime\u010dn\u00e9 tvrdosti a odolnosti proti opot\u0159eben\u00ed hojn\u011b pou\u017e\u00edv\u00e1 p\u0159i v\u00fdrob\u011b \u0159ezn\u00fdch n\u00e1stroj\u016f a desti\u010dek.<\/li>\n<li><strong>Povlaky odoln\u00e9 proti opot\u0159eben\u00ed:<\/strong>?Pr\u00e1\u0161ek TC18 se pou\u017e\u00edv\u00e1 p\u0159i vytv\u00e1\u0159en\u00ed povlak\u016f odoln\u00fdch proti opot\u0159eben\u00ed, \u010d\u00edm\u017e se zvy\u0161uje odolnost a \u017eivotnost r\u016fzn\u00fdch sou\u010d\u00e1st\u00ed.<\/li>\n<li><strong>Aditivn\u00ed v\u00fdroba:<\/strong>?Pr\u00e1\u0161ek TC18 se pou\u017e\u00edv\u00e1 v aditivn\u00edch v\u00fdrobn\u00edch procesech, jako je 3D tisk, k vytv\u00e1\u0159en\u00ed vysoce pevn\u00fdch a slo\u017eit\u00fdch struktur.<\/li>\n<li><strong>Elektronika:<\/strong>?D\u00edky dobr\u00e9 elektrick\u00e9 vodivosti je pr\u00e1\u0161ek TC18 cenn\u00fd pro elektronick\u00e9 aplikace, v\u010detn\u011b elektrick\u00fdch kontakt\u016f a desek plo\u0161n\u00fdch spoj\u016f.<\/li>\n<li><strong>Leteck\u00fd a automobilov\u00fd pr\u016fmysl:<\/strong>?Pr\u00e1\u0161ek TC18 se pou\u017e\u00edv\u00e1 v leteck\u00e9m a automobilov\u00e9m pr\u016fmyslu pro svou lehkost a schopnost odol\u00e1vat vysok\u00fdm teplot\u00e1m a korozivn\u00edmu prost\u0159ed\u00ed.<\/li>\n<\/ol>\n<h2><strong>V\u00fdhody pr\u00e1\u0161ku TC18<\/strong><\/h2>\n<p>Pou\u017eit\u00ed pr\u00e1\u0161ku TC18 nab\u00edz\u00ed n\u011bkolik v\u00fdhod, v\u010detn\u011b:<\/p>\n<ol>\n<li><strong>Zv\u00fd\u0161en\u00e1 odolnost:<\/strong>?Vysok\u00e1 tvrdost a odolnost proti opot\u0159eben\u00ed pr\u00e1\u0161ku TC18 zvy\u0161uje trvanlivost a \u017eivotnost sou\u010d\u00e1st\u00ed v r\u016fzn\u00fdch aplikac\u00edch.<\/li>\n<li><strong>Vylep\u0161en\u00fd v\u00fdkon:<\/strong>? \"Pou\u017eit\u00edm pr\u00e1\u0161ku TC18 mohou v\u00fdrobci dos\u00e1hnout vy\u0161\u0161\u00edho v\u00fdkonu v \u0159ezn\u00fdch n\u00e1stroj\u00edch, povlac\u00edch a elektronick\u00fdch sou\u010d\u00e1stk\u00e1ch.<\/li>\n<li><strong>Lehk\u00fd design:<\/strong>?N\u00edzk\u00e1 hustota pr\u00e1\u0161ku TC18 p\u0159isp\u00edv\u00e1 k lehk\u00fdm konstrukc\u00edm v leteck\u00e9m a automobilov\u00e9m pr\u016fmyslu, co\u017e umo\u017e\u0148uje sn\u00ed\u017eit spot\u0159ebu paliva a zv\u00fd\u0161it nosnost.<\/li>\n<li><strong>\u00daspora n\u00e1klad\u016f:<\/strong>? \"Zv\u00fd\u0161en\u00e1 odolnost a v\u00fdkonnost pr\u00e1\u0161ku TC18 m\u016f\u017ee v\u00e9st k \u00faspor\u00e1m n\u00e1klad\u016f d\u00edky sn\u00ed\u017een\u00ed n\u00e1klad\u016f na \u00fadr\u017ebu a v\u00fdm\u011bnu.<\/li>\n<li><strong>P\u0159\u00ednosy pro \u017eivotn\u00ed prost\u0159ed\u00ed:<\/strong>?Odolnost proti korozi a dlouh\u00e1 \u017eivotnost pr\u00e1\u0161ku TC18 p\u0159isp\u00edvaj\u00ed ke sn\u00ed\u017een\u00ed mno\u017estv\u00ed odpadu a dopadu na \u017eivotn\u00ed prost\u0159ed\u00ed.<\/li>\n<\/ol>\n<h2><strong>V\u00fdroba a v\u00fdrobn\u00ed proces pr\u00e1\u0161ku TC18<\/strong><\/h2>\n<p>V\u00fdroba pr\u00e1\u0161ku TC18 zahrnuje n\u011bkolik f\u00e1z\u00ed, v\u010detn\u011b:<\/p>\n<ol>\n<li><strong>P\u0159\u00edprava surovin:<\/strong>?\u010cist\u00fd titan a zdrojov\u00e9 materi\u00e1ly uhl\u00edku se vyberou a zpracuj\u00ed tak, aby se z\u00edskala sm\u011bs vhodn\u00e1 pro reakci.<\/li>\n<li><strong>F\u00e1ze reakce:<\/strong>?P\u0159ipraven\u00e1 sm\u011bs proch\u00e1z\u00ed vysokoteplotn\u00ed reakc\u00ed, obvykle karbotermickou redukc\u00ed, jej\u00edm\u017e v\u00fdsledkem je vznik karbidu titanu.<\/li>\n<li><strong>Pr\u00e1\u0161kov\u00e1n\u00ed:<\/strong>?Syntetizovan\u00fd karbid titanu se pot\u00e9 mechanicky rozemele na jemn\u00fd pr\u00e1\u0161ek, \u010d\u00edm\u017e vznikne pr\u00e1\u0161ek TC18.<\/li>\n<li><strong>Kontrola kvality a testov\u00e1n\u00ed:<\/strong>?Pro zaji\u0161t\u011bn\u00ed po\u017eadovan\u00e9 velikosti \u010d\u00e1stic, \u010distoty a konzistence pr\u00e1\u0161ku TC18 jsou zavedena p\u0159\u00edsn\u00e1 opat\u0159en\u00ed pro kontrolu kvality.<\/li>\n<\/ol>\n<h2><strong>Opat\u0159en\u00ed pro kontrolu kvality<\/strong><\/h2>\n<p>Pro zachov\u00e1n\u00ed kvality a integrity pr\u00e1\u0161ku TC18 se v pr\u016fb\u011bhu cel\u00e9ho v\u00fdrobn\u00edho procesu pou\u017e\u00edvaj\u00ed p\u0159\u00edsn\u00e1 opat\u0159en\u00ed pro kontrolu kvality. Tato opat\u0159en\u00ed zahrnuj\u00ed:<\/p>\n<ol>\n<li><strong>Anal\u00fdza velikosti \u010d\u00e1stic:<\/strong>?Zajistit, aby pr\u00e1\u0161ek spl\u0148oval po\u017eadovan\u00e9 specifikace velikosti pro konkr\u00e9tn\u00ed aplikace.<\/li>\n<li><strong>Testov\u00e1n\u00ed chemick\u00e9ho slo\u017een\u00ed:<\/strong>?Ov\u011b\u0159en\u00ed \u010distoty a prvkov\u00e9ho slo\u017een\u00ed pr\u00e1\u0161ku TC18, aby spl\u0148oval pr\u016fmyslov\u00e9 normy.<\/li>\n<li><strong>Mikrostrukturn\u00ed anal\u00fdza:<\/strong>?Zkoum\u00e1n\u00ed mikrostruktury pr\u00e1\u0161ku TC18 za \u00fa\u010delem posouzen\u00ed jeho homogenity a zaji\u0161t\u011bn\u00ed st\u00e1l\u00e9 kvality.<\/li>\n<li><strong>Hodnocen\u00ed fyzick\u00fdch vlastnost\u00ed:<\/strong>?Prov\u00e1d\u011bn\u00ed zkou\u0161ek pro hodnocen\u00ed vlastnost\u00ed, jako je tvrdost, tepeln\u00e1 stabilita a elektrick\u00e1 vodivost.<\/li>\n<\/ol>\n<h2><strong>Budouc\u00ed vyhl\u00eddky pr\u00e1\u0161ku TC18<\/strong><\/h2>\n<p>D\u00edky sv\u00fdm pozoruhodn\u00fdm vlastnostem a v\u0161estrann\u00e9mu vyu\u017eit\u00ed m\u00e1 pr\u00e1\u0161ek TC18 obrovsk\u00fd potenci\u00e1l pro budouc\u00ed pokrok. C\u00edlem prob\u00edhaj\u00edc\u00edho v\u00fdzkumu a v\u00fdvoje je d\u00e1le optimalizovat jeho vlastnosti, roz\u0161\u00ed\u0159it \u0161k\u00e1lu jeho aplikac\u00ed a prozkoumat nov\u00e1 pr\u016fmyslov\u00e1 odv\u011btv\u00ed, kter\u00e1 mohou tento inovativn\u00ed materi\u00e1l vyu\u017e\u00edvat.<\/p>\n<h2><strong>Z\u00e1v\u011br<\/strong><\/h2>\n<p>Pr\u00e1\u0161ek TC18, z\u00edskan\u00fd z karbidu titanu, je pr\u016flomov\u00fd materi\u00e1l s v\u00fdjime\u010dn\u00fdmi vlastnostmi, d\u00edky nim\u017e je velmi \u017e\u00e1dan\u00fd v r\u016fzn\u00fdch pr\u016fmyslov\u00fdch odv\u011btv\u00edch. Jeho vysok\u00e1 tvrdost, vynikaj\u00edc\u00ed tepeln\u00e1 stabilita a vynikaj\u00edc\u00ed odolnost proti korozi umo\u017e\u0148uj\u00ed jeho pou\u017eit\u00ed v \u0159ezn\u00fdch n\u00e1stroj\u00edch, povlac\u00edch, aditivn\u00ed v\u00fdrob\u011b a elektronice. Vyu\u017eit\u00edm pr\u00e1\u0161ku TC18 mohou v\u00fdrobci zv\u00fd\u0161it odolnost, zlep\u0161it v\u00fdkon a dos\u00e1hnout \u00faspory n\u00e1klad\u016f. S postupuj\u00edc\u00edm v\u00fdzkumem jsou vyhl\u00eddky pr\u00e1\u0161ku TC18 do budoucna slibn\u00e9 a nab\u00edzej\u00ed se mo\u017enosti dal\u0161\u00edho pokroku a aplikac\u00ed.<\/p>\n<h2><strong>\u010cast\u00e9 dotazy<\/strong><\/h2>\n<ol>\n<li><strong>Co je pr\u00e1\u0161ek TC18?<\/strong>?Pr\u00e1\u0161ek TC18 je jemn\u00fd pr\u00e1\u0161ek karbidu titanu, tvrd\u00e9 keramick\u00e9 slou\u010deniny zn\u00e1m\u00e9 sv\u00fdmi v\u00fdjime\u010dn\u00fdmi vlastnostmi.<\/li>\n<li><strong>Jak\u00e9 jsou aplikace pr\u00e1\u0161ku TC18?<\/strong>?Pr\u00e1\u0161ek TC18 nach\u00e1z\u00ed uplatn\u011bn\u00ed v \u0159ezn\u00fdch n\u00e1stroj\u00edch, povlac\u00edch odoln\u00fdch proti opot\u0159eben\u00ed, aditivn\u00ed v\u00fdrob\u011b, elektronice a v pr\u016fmyslov\u00fdch odv\u011btv\u00edch vy\u017eaduj\u00edc\u00edch lehk\u00e9 materi\u00e1ly odoln\u00e9 proti korozi.<\/li>\n<li><strong>Jak\u00e9 jsou v\u00fdhody pou\u017e\u00edv\u00e1n\u00ed pr\u00e1\u0161ku TC18?<\/strong>?Pou\u017eit\u00ed pr\u00e1\u0161ku TC18 nab\u00edz\u00ed v\u00fdhody, jako je zv\u00fd\u0161en\u00e1 odolnost, lep\u0161\u00ed v\u00fdkon, lehk\u00e1 konstrukce, \u00faspora n\u00e1klad\u016f a p\u0159\u00ednos pro \u017eivotn\u00ed prost\u0159ed\u00ed.<\/li>\n<li><strong>Jak se pr\u00e1\u0161ek TC18 vyr\u00e1b\u00ed?<\/strong>?Pr\u00e1\u0161ek TC18 se vyr\u00e1b\u00ed procesem zahrnuj\u00edc\u00edm reakci titanu a uhl\u00edkov\u00fdch v\u00fdchoz\u00edch materi\u00e1l\u016f s n\u00e1sledn\u00fdm mechanick\u00fdm mlet\u00edm na jemn\u00fd pr\u00e1\u0161ek.<\/li>\n<li><strong>Jak\u00e1 je budoucnost pr\u00e1\u0161ku TC18?<\/strong>?C\u00edlem prob\u00edhaj\u00edc\u00edho v\u00fdzkumu a v\u00fdvoje je optimalizovat vlastnosti pr\u00e1\u0161ku TC18, roz\u0161\u00ed\u0159it jeho pou\u017eit\u00ed a prozkoumat nov\u00e1 odv\u011btv\u00ed, kter\u00e1 mohou t\u011b\u017eit z jeho pozoruhodn\u00fdch vlastnost\u00ed.<\/li>\n<\/ol>\n<p><\/span><\/span><\/p>","protected":false},"excerpt":{"rendered":"<p>Vlastnosti pr\u00e1\u0161ku TC18 Vlastnosti pr\u00e1\u0161ku TC18 z n\u011bj \u010din\u00ed velmi vyhled\u00e1van\u00fd materi\u00e1l pro r\u016fzn\u00e9 aplikace. Mezi kl\u00ed\u010dov\u00e9 vlastnosti pat\u0159\u00ed: Pr\u00e1\u0161ek TC18 vykazuje v\u00fdjime\u010dnou tvrdost srovnatelnou s diamanty, tak\u017ee je ide\u00e1ln\u00ed pro aplikace odoln\u00e9 proti opot\u0159eben\u00ed. Vynikaj\u00edc\u00ed tepeln\u00e1 stabilita:?D\u00edky vysok\u00e9mu bodu t\u00e1n\u00ed p\u0159ibli\u017en\u011b 3140\u2032\"C (5675\u2032\"F) m\u016f\u017ee pr\u00e1\u0161ek TC18 odol\u00e1vat extr\u00e9mn\u00edm teplot\u00e1m....<\/p>","protected":false},"featured_media":1779,"parent":0,"template":"","meta":{"_acf_changed":false,"_kad_blocks_custom_css":"","_kad_blocks_head_custom_js":"","_kad_blocks_body_custom_js":"","_kad_blocks_footer_custom_js":"","_kad_post_transparent":"","_kad_post_title":"","_kad_post_layout":"","_kad_post_sidebar_id":"","_kad_post_content_style":"","_kad_post_vertical_padding":"","_kad_post_feature":"","_kad_post_feature_position":"","_kad_post_header":false,"_kad_post_footer":false,"_kad_post_classname":""},"product-category":[119,123],"class_list":["post-3888","product","type-product","status-publish","has-post-thumbnail","hentry","product-category-3d-printing-metal-powder","product-category-titanium-based-alloy-powder"],"acf":[],"taxonomy_info":{"product-category":[{"value":119,"label":"3D Printing Metal Powder"},{"value":123,"label":"Titanium Based Alloy Powder"}]},"featured_image_src_large":["https:\/\/3dpmetal.com\/wp-content\/uploads\/2024\/02\/TC18-Powder.jpg",600,600,false],"author_info":[],"comment_info":"","_links":{"self":[{"href":"https:\/\/3dpmetal.com\/cs\/wp-json\/wp\/v2\/product\/3888","targetHints":{"allow":["GET"]}}],"collection":[{"href":"https:\/\/3dpmetal.com\/cs\/wp-json\/wp\/v2\/product"}],"about":[{"href":"https:\/\/3dpmetal.com\/cs\/wp-json\/wp\/v2\/types\/product"}],"wp:featuredmedia":[{"embeddable":true,"href":"https:\/\/3dpmetal.com\/cs\/wp-json\/wp\/v2\/media\/1779"}],"wp:attachment":[{"href":"https:\/\/3dpmetal.com\/cs\/wp-json\/wp\/v2\/media?parent=3888"}],"wp:term":[{"taxonomy":"product-category","embeddable":true,"href":"https:\/\/3dpmetal.com\/cs\/wp-json\/wp\/v2\/product-category?post=3888"}],"curies":[{"name":"wp","href":"https:\/\/api.w.org\/{rel}","templated":true}]}}