{"id":3900,"date":"2024-03-18T06:10:12","date_gmt":"2024-03-18T06:10:12","guid":{"rendered":"https:\/\/3dp.45612300.xyz\/product\/al-2024-powder\/"},"modified":"2024-03-18T06:10:12","modified_gmt":"2024-03-18T06:10:12","slug":"al-2024-powder","status":"publish","type":"product","link":"https:\/\/3dpmetal.com\/cs\/product\/al-2024-powder\/","title":{"rendered":"Pr\u00e1\u0161ek Al-2024"},"content":{"rendered":"<p><span style=\"vertical-align: inherit;\"><span style=\"vertical-align: inherit;\"><\/p>\n<h2>P\u0159ehled pr\u00e1\u0161ku Al 2024<\/h2>\n<p class=\"whitespace-pre-wrap\">Al 2024 pat\u0159\u00ed mezi nejobl\u00edben\u011bj\u0161\u00ed hlin\u00edkov\u00e9 slitiny \u0159ady 2000, kter\u00e9 jsou zn\u00e1m\u00e9 svou pevnost\u00ed, odolnost\u00ed proti \u00fanav\u011b, vynikaj\u00edc\u00ed obrobitelnost\u00ed a odolnost\u00ed proti korozi. D\u00edky p\u0159\u00eddavk\u016fm m\u011bdi doch\u00e1z\u00ed k v\u00fdrazn\u00e9mu zpevn\u011bn\u00ed vytvrzen\u00edm sr\u00e1\u017een\u00edm, p\u0159i zachov\u00e1n\u00ed tvarovatelnosti a sva\u0159itelnosti.<\/p>\n<p class=\"whitespace-pre-wrap\">Kl\u00ed\u010dov\u00e9 vlastnosti pr\u00e1\u0161ku Al 2024 zahrnuj\u00ed:<\/p>\n<ul class=\"list-disc pl-8 space-y-2\">\n<li class=\"whitespace-normal\">Vysok\u00e1 pevnost s um\u00edrn\u011bnou tv\u00e1rnost\u00ed a hou\u017eevnatost\u00ed<\/li>\n<li class=\"whitespace-normal\">Skv\u011bl\u00e1 odolnost proti \u00fanav\u011b a zlomen\u00ed<\/li>\n<li class=\"whitespace-normal\">Vysok\u00e1 obrobitelnost a le\u0161titelnost<\/li>\n<li class=\"whitespace-normal\">Dobr\u00e1 sva\u0159itelnost a tv\u00e1\u0159itelnost<\/li>\n<li class=\"whitespace-normal\">Vysok\u00e1 tepeln\u00e1 a elektrick\u00e1 vodivost<\/li>\n<li class=\"whitespace-normal\">K dispozici v \u0159ad\u011b velikost\u00ed a tvar\u016f pr\u00e1\u0161ku<\/li>\n<\/ul>\n<p class=\"whitespace-pre-wrap\">Pr\u00e1\u0161ok A12024 je vhodn\u00fd pro komponenty leteck\u00fdch konstrukc\u00ed a dal\u0161\u00ed vysokov\u00fdkonn\u00e9 aplikace vy\u017eaduj\u00edc\u00ed pevnost v kombinaci s v\u00fdrobn\u00edmi mo\u017enostmi.<\/p>\n<h2>Chemick\u00e9 slo\u017een\u00ed Al 2024 Powder<\/h2>\n<p class=\"whitespace-pre-wrap\">Typick\u00e9 slo\u017een\u00ed pr\u00e1\u0161ku Al 2024 je:<\/p>\n<table>\n<thead>\n<tr>\n<th>Element<\/th>\n<th>Hmotnostn\u00ed %<\/th>\n<\/tr>\n<\/thead>\n<tbody>\n<tr>\n<td>Hlin\u00edk (Al)<\/td>\n<td>90.7-94.7%<\/td>\n<\/tr>\n<tr>\n<td>M\u011b\u010f (Cu)<\/td>\n<td>3.8-4.9%<\/td>\n<\/tr>\n<tr>\n<td>Ho\u0159\u010d\u00edk (Mg)<\/td>\n<td>1.2-1.8%<\/td>\n<\/tr>\n<tr>\n<td>Mangan (Mn)<\/td>\n<td>0.3-0.9%<\/td>\n<\/tr>\n<tr>\n<td>\u017delezo (Fe)<\/td>\n<td>0-0.5%<\/td>\n<\/tr>\n<tr>\n<td>K\u0159em\u00edk (Si)<\/td>\n<td>0-0.5%<\/td>\n<\/tr>\n<tr>\n<td>Zinek (Zn)<\/td>\n<td>0-0.25%<\/td>\n<\/tr>\n<tr>\n<td>Chrom (Cr)<\/td>\n<td>0-0.1%<\/td>\n<\/tr>\n<tr>\n<td>Titan (Ti)<\/td>\n<td>0-0.15%<\/td>\n<\/tr>\n<\/tbody>\n<\/table>\n<p><img loading=\"lazy\" decoding=\"async\" class=\"size-medium wp-image-1409 aligncenter\" src=\"https:\/\/met3dp.com\/wp-content\/uploads\/2023\/09\/ed7a94ec-3c10-4b1b-87ed--300x300.jpg\" alt=\"Pr\u00e1\u0161ek Al-2024\" width=\"300\" height=\"300\" title=\"\"><\/p>\n<p class=\"whitespace-pre-wrap\">M\u011b\u010f je hlavn\u00ed slitinov\u00fd prvek, zat\u00edmco ho\u0159\u010d\u00edk zlep\u0161uje pevnost prost\u0159ednictv\u00edm precipita\u010dn\u00edho tvrdnut\u00ed. Dal\u0161\u00ed prvky, jako jsou mangan, \u017eelezo a chrom, maj\u00ed na mechanick\u00e9 vlastnosti men\u0161\u00ed \u00fa\u010dinek.<\/p>\n<h2>Vlastnosti pr\u00e1\u0161ku Al 2024<\/h2>\n<p class=\"whitespace-pre-wrap\">Mezi kl\u00ed\u010dov\u00e9 vlastnosti pr\u00e1\u0161ku Al 2024 pat\u0159\u00ed:<\/p>\n<table>\n<thead>\n<tr>\n<th>Nemovitost<\/th>\n<th>Hodnota<\/th>\n<\/tr>\n<\/thead>\n<tbody>\n<tr>\n<td>Hustota<\/td>\n<td>2,77 g\/cm\u00b3<\/td>\n<\/tr>\n<tr>\n<td>Teplota t\u00e1n\u00ed<\/td>\n<td>500-638\u00a1\u00abC<\/td>\n<\/tr>\n<tr>\n<td>Tepeln\u00e1 vodivost<\/td>\n<td>121-190 W\/mK<\/td>\n<\/tr>\n<tr>\n<td>Elektrick\u00e1 vodivost<\/td>\n<td>26\u201335% IACS<\/td>\n<\/tr>\n<tr>\n<td>Young\u016fv modul<\/td>\n<td>73 GPa<\/td>\n<\/tr>\n<tr>\n<td>Poisson\u016fv pom\u011br<\/td>\n<td>0.33<\/td>\n<\/tr>\n<tr>\n<td>Pevnost v tahu<\/td>\n<td>400-500 MPa<\/td>\n<\/tr>\n<tr>\n<td>Mez kluzu<\/td>\n<td>290\u2013385 MPa<\/td>\n<\/tr>\n<tr>\n<td>Prodlou\u017een\u00ed<\/td>\n<td>8-20%<\/td>\n<\/tr>\n<tr>\n<td>Tvrdost<\/td>\n<td>90-150 Vickers<\/td>\n<\/tr>\n<\/tbody>\n<\/table>\n<p>&nbsp;<\/p>\n<p class=\"whitespace-pre-wrap\">P\u0159id\u00e1n\u00ed m\u011bdi m\u00e1 za n\u00e1sledek v\u00fdrazn\u00e9 zv\u00fd\u0161en\u00ed pevnosti p\u0159i zachov\u00e1n\u00ed st\u0159edn\u00ed duktility a vynikaj\u00edc\u00ed \u00fanavov\u00e9 pevnosti d\u00edky precipita\u010dn\u00edmu kalen\u00ed. Nab\u00edz\u00ed optim\u00e1ln\u00ed kombinaci vlastnost\u00ed pro aplikace s vysok\u00fdm v\u00fdkonem.<\/p>\n<h2>V\u00fdrobn\u00ed metody pr\u00e1\u0161kov\u00e9 Al 2024<\/h2>\n<p class=\"whitespace-pre-wrap\">Komer\u010dn\u00ed v\u00fdrobn\u00ed metody pro pr\u00e1\u0161ek Al 2024 zahrnuj\u00ed:<\/p>\n<ul class=\"list-disc pl-8 space-y-2\">\n<li class=\"whitespace-normal\"><strong>Plynul\u00e1 atomizace<\/strong>?- Roztaven\u00e1 slitina se proudem vysoko tlak\u00e9ho inertn\u00edho plynu rozpad\u00e1 na jemn\u00fd sf\u00e9rick\u00fd pr\u00e1\u0161ek. \u0158\u00edzen\u00e9 rozlo\u017een\u00ed velikosti \u010d\u00e1stic.<\/li>\n<li class=\"whitespace-normal\"><strong>Atomizace vody<\/strong>?- Vysokorychlostn\u00ed vodn\u00ed tryska nar\u00e1\u017e\u00ed a rozkl\u00e1d\u00e1 proud roztaven\u00e9ho kovu a vytv\u00e1\u0159\u00ed jemn\u00fd nepravideln\u00fd pr\u00e1\u0161ek.<\/li>\n<li class=\"whitespace-normal\"><strong>Mechanick\u00e9 legov\u00e1n\u00ed<\/strong>?- Mlet\u00ed sm\u011bsi hlin\u00edkov\u00fdch a legovan\u00fdch element\u00e1rn\u00edch pr\u00e1\u0161k\u016f s n\u00e1sleduj\u00edc\u00edm za studena prov\u00e1d\u011bn\u00fdm stla\u010dov\u00e1n\u00edm a sp\u00e9k\u00e1n\u00edm.<\/li>\n<li class=\"whitespace-normal\"><strong>Elektrol\u00fdza<\/strong>?- Hlin\u00edk vyr\u00e1b\u011bn\u00fd pomoc\u00ed elektrolytick\u00e9ho procesu, pot\u00e9 slitinovan\u00fd a atomizovan\u00fd.<\/li>\n<\/ul>\n<p class=\"whitespace-pre-wrap\">Plynul\u00e1 atomizace poskytuje nejlep\u0161\u00ed kontrolu nad vlastnostmi \u010d\u00e1stic, jako je velikost, tvar a mikrostruktura.<\/p>\n<h2>Pou\u017eit\u00ed pr\u00e1\u0161ku Al 2024<\/h2>\n<p class=\"whitespace-pre-wrap\">Mezi kl\u00ed\u010dov\u00e9 aplikace pr\u00e1\u0161kov\u00e9ho hlin\u00edku Al 2024 pat\u0159\u00ed:<\/p>\n<ul class=\"list-disc pl-8 space-y-2\">\n<li class=\"whitespace-normal\"><strong>aditivn\u00ed v\u00fdroba<\/strong>?- Vy\u017e\u00edv\u00e1 se p\u0159i selektivn\u00edm laserov\u00e9m taven\u00ed, p\u0159\u00edm\u00e9m laserov\u00e9m sp\u00e9k\u00e1n\u00ed kov\u016f pro v\u00fdrobu slo\u017eit\u00fdch komponent\u016f pro leteck\u00fd a automobilov\u00fd pr\u016fmysl.<\/li>\n<li class=\"whitespace-normal\"><strong>Metal Injection Molding<\/strong>?- Vyr\u00e1b\u011bt mal\u00e9 slo\u017eit\u00e9 d\u00edly s dobr\u00fdmi mechanick\u00fdmi vlastnostmi a odolnost\u00ed proti korozi.<\/li>\n<li class=\"whitespace-normal\"><strong>Pr\u00e1\u0161kov\u00e1 metalurgie<\/strong>?- Proces lisov\u00e1n\u00ed a sp\u00e9k\u00e1n\u00ed pro vytvo\u0159en\u00ed vysoce v\u00fdkonn\u00fdch automobilov\u00fdch a stroj\u00edrensk\u00fdch sou\u010d\u00e1st\u00ed.<\/li>\n<li class=\"whitespace-normal\"><strong>Tepeln\u00e9 post\u0159ik<\/strong>?- Plazmov\u00e9 nebo obloukov\u00e9 n\u00e1st\u0159iky pro nan\u00e1\u0161en\u00ed ochrann\u00fdch povlak\u016f Al 2024 proti opot\u0159eben\u00ed a korozi.<\/li>\n<li class=\"whitespace-normal\"><strong>Sv\u00e1\u0159ec\u00ed p\u0159\u00edsada<\/strong>?- Pou\u017e\u00edv\u00e1 se jako v\u00fdpl\u0148ov\u00fd dr\u00e1t \/ ty\u010d pro obloukov\u00e9 sva\u0159ov\u00e1n\u00ed hlin\u00edkov\u00fdch slitin. Poskytuje vynikaj\u00edc\u00ed pevnost svaru.<\/li>\n<li class=\"whitespace-normal\"><strong>Oh\u0148ostroj<\/strong>?- V pyrotechnick\u00fdch kompozic\u00edch p\u0159id\u00e1van\u00e9 jako palivo, d\u00edky ho\u0159lavosti hlin\u00edku.<\/li>\n<\/ul>\n<h2>Specifikace pr\u00e1\u0161ku Al 2024<\/h2>\n<p class=\"whitespace-pre-wrap\">Pr\u00e1\u0161ek Al 2024 je dod\u00e1v\u00e1n v r\u016fzn\u00fdch velikostech, tvarech a jakostech, v\u010detn\u011b:<\/p>\n<ul class=\"list-disc pl-8 space-y-2\">\n<li class=\"whitespace-normal\"><strong>Velikost \u010d\u00e1stic:<\/strong>?Od 10\u2013150 mikron\u016f pro AM a\u017e po 300 mikron\u016f pro procesy tepeln\u00e9ho st\u0159\u00edk\u00e1n\u00ed.<\/li>\n<li class=\"whitespace-normal\"><strong>Morfologie:<\/strong>\u010c\u00e1stice s kulovit\u00fdm, zrnit\u00fdm, dendritick\u00fdm a nepravideln\u00fdm tvarem. Jemn\u00fd pr\u00e1\u0161ek te\u010de l\u00e9pe.<\/li>\n<li class=\"whitespace-normal\"><strong>Zn\u00e1mky:<\/strong>Vyhovuj\u00edc\u00ed specifikac\u00edm AMS 4255, ASTM B221, EN 573-3, ISO 209 a dal\u0161\u00edm z\u00e1kaznick\u00fdm stup\u0148\u016fm kvality.<\/li>\n<li class=\"whitespace-normal\"><strong>\u010cistota:<\/strong>?Od komer\u010dn\u00edch po vysoce \u010dist\u00e9 stupn\u011b na z\u00e1klad\u011b chemick\u00e9ho slo\u017een\u00ed a aplika\u010dn\u00edch pot\u0159eb.<\/li>\n<\/ul>\n<h2>Glob\u00e1ln\u00ed dodavatel\u00e9 hlin\u00edkov\u00e9ho pr\u00e1\u0161ku Al 2024<\/h2>\n<p class=\"whitespace-pre-wrap\">N\u011bkte\u0159\u00ed z nejv\u011bt\u0161\u00edch glob\u00e1ln\u00edch dodavatel\u016f jsou:<\/p>\n<ul class=\"list-disc pl-8 space-y-2\">\n<li class=\"whitespace-normal\">Sandvik Osprey (UK)<\/li>\n<li class=\"whitespace-normal\">Valimet Inc. (USA)<\/li>\n<li class=\"whitespace-normal\">TLS Technik (N\u011bmecko)<\/li>\n<li class=\"whitespace-normal\">CNPC Powder Group (\u010c\u00edna)<\/li>\n<li class=\"whitespace-normal\">Metal Powder Company (USA)<\/li>\n<li class=\"whitespace-normal\">Makin Metal Powders (UK)<\/li>\n<li class=\"whitespace-normal\">AMETEK Reading Alloys (USA)<\/li>\n<\/ul>\n<p class=\"whitespace-pre-wrap\">Tyto spole\u010dnosti vyr\u00e1b\u011bj\u00ed pr\u00e1\u0161ek Al2024 vhodn\u00fd pro AM, tepeln\u00fd post\u0159ik, automobilov\u00fd, leteck\u00fd a dal\u0161\u00ed n\u00e1ro\u010dn\u00fd pr\u016fmysl.<\/p>\n<h2>Cenov\u00e1 politika b\u00edlkovin Al 2024<\/h2>\n<p class=\"whitespace-pre-wrap\">Cena pr\u00e1\u0161ku Al 2024 z\u00e1vis\u00ed na faktorech jako:<\/p>\n<ul class=\"list-disc pl-8 space-y-2\">\n<li class=\"whitespace-normal\">\u00darove\u0148 \u010distoty<\/li>\n<li class=\"whitespace-normal\">Vlastnosti a kvalita pr\u00e1\u0161ku<\/li>\n<li class=\"whitespace-normal\">Zp\u016fsob v\u00fdroby<\/li>\n<li class=\"whitespace-normal\">Mno\u017estv\u00ed objedn\u00e1vky<\/li>\n<li class=\"whitespace-normal\">Dodavatel a lokalita<\/li>\n<\/ul>\n<table>\n<thead>\n<tr>\n<th>Hodnost<\/th>\n<th>Cenov\u00e9 rozp\u011bt\u00ed<\/th>\n<\/tr>\n<\/thead>\n<tbody>\n<tr>\n<td>Reklamn\u00ed<\/td>\n<td>8-15 K\u010d za kg<\/td>\n<\/tr>\n<tr>\n<td>Vysok\u00e1 \u010distota<\/td>\n<td>15\u201330 K\u010d\/kg<\/td>\n<\/tr>\n<tr>\n<td>Ultrajemn\u00fd<\/td>\n<td>30\u201360 K\u010d za kg<\/td>\n<\/tr>\n<tr>\n<td>Speci\u00e1ln\u00ed kvality<\/td>\n<td>50\u2013100 K\u010d\/kg<\/td>\n<\/tr>\n<\/tbody>\n<\/table>\n<p>&nbsp;<\/p>\n<p class=\"whitespace-pre-wrap\">Plyny atomizovan\u00e9, vysoce \u010dist\u00e9 a vlastn\u00ed slitiny jsou oproti b\u011b\u017en\u00fdm komer\u010dn\u00edm t\u0159\u00edd\u00e1m pr\u00e1\u0161ku mnohem dra\u017e\u0161\u00ed.<\/p>\n<h2>Skladov\u00e1n\u00ed a manipulaci Al 2024 Powder<\/h2>\n<p class=\"whitespace-pre-wrap\">Pr\u00e1\u0161ek Al 2024 vy\u017eaduje pe\u010dliv\u00e9 skladov\u00e1n\u00ed a manipulaci, aby se zabr\u00e1nilo:<\/p>\n<ul class=\"list-disc pl-8 space-y-2\">\n<li class=\"whitespace-normal\">Oxidace a reakce s vlhkost\u00ed<\/li>\n<li class=\"whitespace-normal\">Prachov\u00e9 v\u00fdbuchy z vzn\u00edcen\u00ed jemn\u00e9ho pr\u00e1\u0161ku<\/li>\n<li class=\"whitespace-normal\">Zdravotn\u00ed probl\u00e9my spojen\u00e9 s inhalac\u00ed<\/li>\n<li class=\"whitespace-normal\">Bezpe\u010dnostn\u00ed postupy doporu\u010den\u00e9 dodavatelem by m\u011bly b\u00fdt dodr\u017eov\u00e1ny<\/li>\n<\/ul>\n<p class=\"whitespace-pre-wrap\">P\u0159i manipulaci s pr\u00e1\u0161kem je t\u0159eba pou\u017e\u00edvat inertn\u00ed plyn, spr\u00e1vn\u00e9 uzemn\u011bn\u00ed, v\u011btr\u00e1n\u00ed a OOPP.<\/p>\n<h2>Metody testov\u00e1n\u00ed a charakterizace<\/h2>\n<p class=\"whitespace-pre-wrap\">Kl\u00ed\u010dov\u00e9 testovac\u00ed metody pou\u017e\u00edvan\u00e9 pro pr\u00e1\u0161kov\u00fd AI 2024 zahrnuj\u00ed:<\/p>\n<ul class=\"list-disc pl-8 space-y-2\">\n<li class=\"whitespace-normal\">Chemick\u00e1 anal\u00fdza za pou\u017eit\u00ed spektroskopie OES a XRF<\/li>\n<li class=\"whitespace-normal\">Distribuce velikosti \u010d\u00e1stic dle normy ASTM B822<\/li>\n<li class=\"whitespace-normal\">Anal\u00fdza morfologie pomoc\u00ed skenovac\u00ed elektronov\u00e9 mikroskopie<\/li>\n<li class=\"whitespace-normal\">M\u011b\u0159en\u00ed pr\u016ftoku pr\u00e1\u0161ku pomoc\u00ed Hallova pr\u016ftokom\u011bru<\/li>\n<li class=\"whitespace-normal\">M\u011b\u0159en\u00ed hustoty pomoc\u00ed pyknometrie helia<\/li>\n<li class=\"whitespace-normal\">Testov\u00e1n\u00ed ne\u010distot pomoc\u00ed ICP-MS<\/li>\n<li class=\"whitespace-normal\">Vy\u0161et\u0159en\u00ed mikrostruktury pomoc\u00ed rentgenov\u00e9 difrakce<\/li>\n<\/ul>\n<p class=\"whitespace-pre-wrap\">Tyto testy zaji\u0161\u0165uj\u00ed, \u017ee pr\u00e1\u0161ek odpov\u00edd\u00e1 po\u017eadovan\u00e9 chemii, fyzik\u00e1ln\u00edm vlastnostem a mikrostruktu\u0159e podle po\u017eadavk\u016f aplikace.<\/p>\n<h2>Porovn\u00e1n\u00ed pr\u00e1\u0161k\u016f Al 2024 a Al 7075<\/h2>\n<p class=\"whitespace-pre-wrap\">Al 2024 a Al 7075 jsou dva druhy hlin\u00edkov\u00fdch pr\u00e1\u0161k\u016f s vysokou pevnost\u00ed v porovn\u00e1n\u00ed:<\/p>\n<table>\n<thead>\n<tr>\n<th>Parametr<\/th>\n<th>Do roku 2024<\/th>\n<th>Leteck\u00fd hlin\u00edk 7075<\/th>\n<\/tr>\n<\/thead>\n<tbody>\n<tr>\n<td>Typ slitiny<\/td>\n<td>Tepeln\u011b zpracovateln\u00fd<\/td>\n<td>Tepeln\u011b zpracovateln\u00fd<\/td>\n<\/tr>\n<tr>\n<td>Cu obsah<\/td>\n<td>3.8-4.9%<\/td>\n<td>1.2-2%<\/td>\n<\/tr>\n<tr>\n<td>Zn obsah<\/td>\n<td>0-0.25%<\/td>\n<td>5.1-6.1%<\/td>\n<\/tr>\n<tr>\n<td>S\u00edla<\/td>\n<td>Vysok\u00e1<\/td>\n<td>Velmi vysok\u00fd<\/td>\n<\/tr>\n<tr>\n<td>Hou\u017eevnatost lomu<\/td>\n<td>Vy\u0161\u0161\u00ed<\/td>\n<td>St\u0159edn\u00ed<\/td>\n<\/tr>\n<tr>\n<td>Odolnost proti korozi<\/td>\n<td>Dobr\u00e9<\/td>\n<td>St\u0159edn\u00ed<\/td>\n<\/tr>\n<tr>\n<td>Schwei\u00dfbarkeit<\/td>\n<td>F\u00e9rov\u00e1<\/td>\n<td>\u0160patn\u00e9<\/td>\n<\/tr>\n<tr>\n<td>Cena<\/td>\n<td>Niz\u0161\u00ed<\/td>\n<td>Vy\u0161\u0161\u00ed<\/td>\n<\/tr>\n<\/tbody>\n<\/table>\n<p>&nbsp;<\/p>\n<p class=\"whitespace-pre-wrap\">Al 2024 nab\u00edz\u00ed lep\u0161\u00ed zpracovatelnost, kde\u017eto Al 7075 poskytuje velmi vysokou pevnost po tepeln\u00e9m zpracov\u00e1n\u00ed. Al 2024 je efektivn\u011bj\u0161\u00ed z hlediska n\u00e1klad\u016f.<\/p>\n<h2>\u010cast\u00e9 dotazy o ly\u017e\u00edch Al 2024 Powder<\/h2>\n<p class=\"whitespace-pre-wrap\"><strong>Ot\u00e1zka: Jak se vyr\u00e1b\u00ed Al 2024 pr\u00e1\u0161ek?<\/strong><\/p>\n<p class=\"whitespace-pre-wrap\">A: Pr\u00e1\u0161ek Al 2024 se vyr\u00e1b\u00ed komer\u010dn\u011b pomoc\u00ed technik plynov\u00e9 atomizace, vodn\u00ed atomizace, mechanick\u00e9ho legov\u00e1n\u00ed a elektrol\u00fdzy. Plynov\u00e1 atomizace poskytuje nejlep\u0161\u00ed kontrolu nad velikost\u00ed a morfologi\u00ed \u010d\u00e1stic.<\/p>\n<p class=\"whitespace-pre-wrap\"><strong>Q: Jak\u00e9 jsou hlavn\u00ed aplikace pr\u00e1\u0161kov\u00e9 slitiny Al 2024?<\/strong><\/p>\n<p class=\"whitespace-pre-wrap\">A: Mezi hlavn\u00ed aplikace pat\u0159\u00ed aditivn\u00ed v\u00fdroba, termick\u00e9 st\u0159\u00edk\u00e1n\u00ed, pr\u00e1\u0161kov\u00e1 metalurgie, kovov\u00e9 vst\u0159ikovac\u00ed lit\u00ed, p\u00e1jec\u00ed tavidla a pyrotechnick\u00e9 sm\u011bsi, kde je vy\u017eadov\u00e1na vysok\u00e1 pevnost a dobr\u00e1 odolnost proti korozi.<\/p>\n<p class=\"whitespace-pre-wrap\"><strong>O: Obvykl\u00e1 velikost \u010d\u00e1stic pou\u017e\u00edvan\u00e1 u pr\u00e1\u0161ku Al 2024 pou\u017e\u00edvan\u00e9ho v AM?<\/strong><\/p>\n<p class=\"whitespace-pre-wrap\">A: U v\u011bt\u0161iny proces\u016f 3D tisku kov\u016f je ide\u00e1ln\u00ed rozmez\u00ed velikosti \u010d\u00e1stic pro pr\u00e1\u0161ek Al 2024 15\u201345 mikron\u016f s kulovitou morfologi\u00ed a dobr\u00fdmi vlastnostmi toku.<\/p>\n<p class=\"whitespace-pre-wrap\"><strong>Odpov\u011b\u010f: Ano, pr\u00e1\u0161kov\u00fd Al 2024 m\u00e1 specifick\u00e9 po\u017eadavky na manipulaci. Z d\u016fvodu sv\u00e9 jemnosti a vysoce reaktivn\u00ed povahy mus\u00ed b\u00fdt pr\u00e1\u0161ek Al 2024 uchov\u00e1v\u00e1n mimo zdroje tepla, jisker a otev\u0159en\u00e9ho ohn\u011b. Manipulace s n\u00edm mus\u00ed prob\u00edhat v dob\u0159e v\u011btran\u00fdch prostor\u00e1ch a je nezbytn\u00e9 pou\u017e\u00edvat vhodn\u00fd ochrann\u00fd od\u011bv, v\u010detn\u011b masky proti prachu a rukavic.<\/strong><\/p>\n<p class=\"whitespace-pre-wrap\">A: Ano, doporu\u010duje se manipulovat jemn\u00e9 hlin\u00edkov\u00e9 pr\u00e1\u0161ky v inertn\u00edch plynech pomoc\u00ed \u0159\u00e1dn\u00e9ho uzemn\u011bn\u00ed, ventilace a OOPP k zabr\u00e1n\u011bn\u00ed rizika po\u017e\u00e1r\u016f a v\u00fdbuch\u016f.<\/p>\n<p class=\"whitespace-pre-wrap\"><strong>Kde mohu zakoupit pr\u00e1\u0161ek Al 2024 vhodn\u00fd pro v\u00fdrobu leteck\u00fdch sou\u010d\u00e1st\u00ed?<\/strong><\/p>\n<p class=\"whitespace-pre-wrap\">A: Vysoce \u010dist\u00e9 plynem atomizovan\u00e9 Al 2024 pr\u00e1\u0161ky spl\u0148uj\u00edc\u00ed po\u017eadavky leteck\u00e9ho pr\u016fmyslu mohou b\u00fdt dod\u00e1ny spole\u010dnostmi jako Sandvik Osprey, Valimet Inc., TLS Technik a AMETEK Reading Alloys.<\/p>\n<p><\/span><\/span><\/p>","protected":false},"excerpt":{"rendered":"<p>P\u0159ehled pr\u00e1\u0161ku Al 2024 Al 2024 je jednou z nejobl\u00edben\u011bj\u0161\u00edch kovan\u00fdch hlin\u00edkov\u00fdch slitin \u0159ady 2000, kter\u00e1 je zn\u00e1m\u00e1 svou pevnost\u00ed, odolnost\u00ed proti \u00fanav\u011b a vynikaj\u00edc\u00ed obrobitelnost\u00ed a odolnost\u00ed proti korozi. P\u0159\u00edm\u011bsi m\u011bdi dod\u00e1vaj\u00ed v\u00fdrazn\u00e9 zpevn\u011bn\u00ed sr\u00e1\u017ekov\u00fdm kalen\u00edm p\u0159i zachov\u00e1n\u00ed tv\u00e1\u0159itelnosti a sva\u0159itelnosti. Mezi kl\u00ed\u010dov\u00e9 vlastnosti pr\u00e1\u0161ku Al 2024 pat\u0159\u00ed: Vysok\u00e1 pevnost se st\u0159edn\u00edm...<\/p>","protected":false},"featured_media":1802,"parent":0,"template":"","meta":{"_acf_changed":false,"_kad_blocks_custom_css":"","_kad_blocks_head_custom_js":"","_kad_blocks_body_custom_js":"","_kad_blocks_footer_custom_js":"","_kad_post_transparent":"","_kad_post_title":"","_kad_post_layout":"","_kad_post_sidebar_id":"","_kad_post_content_style":"","_kad_post_vertical_padding":"","_kad_post_feature":"","_kad_post_feature_position":"","_kad_post_header":false,"_kad_post_footer":false,"_kad_post_classname":""},"product-category":[119,124],"class_list":["post-3900","product","type-product","status-publish","has-post-thumbnail","hentry","product-category-3d-printing-metal-powder","product-category-aluminum-based-alloy-powder"],"acf":[],"taxonomy_info":{"product-category":[{"value":119,"label":"3D Printing Metal Powder"},{"value":124,"label":"Aluminum Based Alloy Powder"}]},"featured_image_src_large":["https:\/\/3dpmetal.com\/wp-content\/uploads\/2024\/02\/GA-Al-2024.png",981,745,false],"author_info":[],"comment_info":"","_links":{"self":[{"href":"https:\/\/3dpmetal.com\/cs\/wp-json\/wp\/v2\/product\/3900","targetHints":{"allow":["GET"]}}],"collection":[{"href":"https:\/\/3dpmetal.com\/cs\/wp-json\/wp\/v2\/product"}],"about":[{"href":"https:\/\/3dpmetal.com\/cs\/wp-json\/wp\/v2\/types\/product"}],"wp:featuredmedia":[{"embeddable":true,"href":"https:\/\/3dpmetal.com\/cs\/wp-json\/wp\/v2\/media\/1802"}],"wp:attachment":[{"href":"https:\/\/3dpmetal.com\/cs\/wp-json\/wp\/v2\/media?parent=3900"}],"wp:term":[{"taxonomy":"product-category","embeddable":true,"href":"https:\/\/3dpmetal.com\/cs\/wp-json\/wp\/v2\/product-category?post=3900"}],"curies":[{"name":"wp","href":"https:\/\/api.w.org\/{rel}","templated":true}]}}