{"id":3901,"date":"2024-03-18T06:10:12","date_gmt":"2024-03-18T06:10:12","guid":{"rendered":"https:\/\/3dp.45612300.xyz\/product\/al-6061-powder\/"},"modified":"2024-03-18T06:10:12","modified_gmt":"2024-03-18T06:10:12","slug":"al-6061-powder","status":"publish","type":"product","link":"https:\/\/3dpmetal.com\/cs\/product\/al-6061-powder\/","title":{"rendered":"Pr\u00e1\u0161ek Al 6061"},"content":{"rendered":"<p><span style=\"vertical-align: inherit;\"><span style=\"vertical-align: inherit;\"><\/p>\n<h2>P\u0159ehled pr\u00e1\u0161ku Al 6061<\/h2>\n<p class=\"whitespace-pre-wrap\">Slitina Al 6061 pat\u0159\u00ed mezi nejv\u0161estrann\u011bj\u0161\u00ed tepeln\u011b zpracovateln\u00e9 hlin\u00edkov\u00e9 slitiny. P\u0159\u00edm\u011bsi ho\u0159\u010d\u00edku a k\u0159em\u00edku umo\u017e\u0148uj\u00ed jej\u00ed vytvrzen\u00ed vylu\u010dov\u00e1n\u00edm. Tato slitina je nesm\u00edrn\u011b obl\u00edben\u00e1 d\u00edky sv\u00e9 v\u00fdborn\u00e9 odolnosti v\u016f\u010di korozi, obrobitelnosti, sva\u0159itelnosti a st\u0159edn\u00ed a\u017e vysok\u00e9 pevnosti.<\/p>\n<p class=\"whitespace-pre-wrap\">Kl\u00ed\u010dov\u00e9 charakteristiky pr\u00e1\u0161ku Al 6061 zahrnuj\u00ed:<\/p>\n<ul class=\"list-disc pl-8 space-y-2\">\n<li class=\"whitespace-normal\">St\u0159edn\u011b vysok\u00e1 a\u017e vysok\u00e1 pevnost se vynikaj\u00edc\u00ed ta\u017enost\u00ed a hou\u017eevnatost\u00ed<\/li>\n<li class=\"whitespace-normal\">V\u00fdborn\u00e1 odolnost proti korozi a povrchov\u00e1 \u00faprava<\/li>\n<li class=\"whitespace-normal\">Vynikaj\u00edc\u00ed sva\u0159itelnost a obrobitelnost<\/li>\n<li class=\"whitespace-normal\">Vysok\u00e1 tepeln\u00e1 a elektrick\u00e1 vodivost<\/li>\n<li class=\"whitespace-normal\">N\u00edzk\u00e1 hustota<\/li>\n<li class=\"whitespace-normal\">Dod\u00e1v\u00e1me pr\u00e1\u0161ky v \u0161irok\u00e9 \u0161k\u00e1le sypkost\u00ed a tvar\u016f<\/li>\n<\/ul>\n<p class=\"whitespace-pre-wrap\">Al 6061 pr\u00e1\u0161ek je \u0161iroce pou\u017e\u00edv\u00e1n v letectv\u00ed, mo\u0159eplavb\u011b, automobilov\u00e9m pr\u016fmyslu, stavebnictv\u00ed a obecn\u00fdch stroj\u00edrensk\u00fdch aplikac\u00edch, kde je pot\u0159eba n\u00edzk\u00e9 hmotnosti a dobr\u00fdch mechanick\u00fdch vlastnost\u00ed.<\/p>\n<h2>Chemick\u00e9 slo\u017een\u00ed pr\u00e1\u0161ku Al 6061<\/h2>\n<p class=\"whitespace-pre-wrap\">Typick\u00e9 chemick\u00e9 slo\u017een\u00ed pr\u00e1\u0161ku Al 6061:<\/p>\n<table>\n<thead>\n<tr>\n<th>Element<\/th>\n<th>Hmotnostn\u00ed %<\/th>\n<\/tr>\n<\/thead>\n<tbody>\n<tr>\n<td>Hlin\u00edk (Al)<\/td>\n<td>Balance<\/td>\n<\/tr>\n<tr>\n<td>K\u0159em\u00edk (Si)<\/td>\n<td>0.4-0.8%<\/td>\n<\/tr>\n<tr>\n<td>\u017delezo (Fe)<\/td>\n<td>0-0.7%<\/td>\n<\/tr>\n<tr>\n<td>M\u011b\u010f (Cu)<\/td>\n<td>0.15-0.4%<\/td>\n<\/tr>\n<tr>\n<td>Mangan (Mn)<\/td>\n<td>0-0.15%<\/td>\n<\/tr>\n<tr>\n<td>Ho\u0159\u010d\u00edk (Mg)<\/td>\n<td>0.8-1.2%<\/td>\n<\/tr>\n<tr>\n<td>Chrom (Cr)<\/td>\n<td>0.04-0.35%<\/td>\n<\/tr>\n<tr>\n<td>Zinek (Zn)<\/td>\n<td>0-0.25%<\/td>\n<\/tr>\n<tr>\n<td>Titan (Ti)<\/td>\n<td>0-0.15%<\/td>\n<\/tr>\n<\/tbody>\n<\/table>\n<p><img loading=\"lazy\" decoding=\"async\" class=\"size-medium wp-image-1409 aligncenter\" src=\"https:\/\/met3dp.com\/wp-content\/uploads\/2023\/09\/ed7a94ec-3c10-4b1b-87ed--300x300.jpg\" alt=\"Pr\u00e1\u0161ek Al 6061\" width=\"300\" height=\"300\" title=\"\"><\/p>\n<p class=\"whitespace-pre-wrap\">Hlavn\u00ed leguj\u00edc\u00edmi prvky jsou ho\u0159\u010d\u00edk a k\u0159em\u00edk. V mal\u00e9m mno\u017estv\u00ed obsa\u017een\u00e9 stopy \u017eeleza, m\u011bdi, manganu a chromu maj\u00ed rovn\u011b\u017e men\u0161\u00ed vliv na vlastnosti slitiny<\/p>\n<h2>Vlastnosti pr\u00e1\u0161ku Al 6061<\/h2>\n<p class=\"whitespace-pre-wrap\">Kl\u00ed\u010dov\u00fdmi vlastnostmi pr\u00e1\u0161ku slitiny hlin\u00edku 6061 jsou:<\/p>\n<table>\n<thead>\n<tr>\n<th>Nemovitost<\/th>\n<th>Hodnota<\/th>\n<\/tr>\n<\/thead>\n<tbody>\n<tr>\n<td>Hustota<\/td>\n<td>2,7 g\/cm3<\/td>\n<\/tr>\n<tr>\n<td>Teplota t\u00e1n\u00ed<\/td>\n<td>582-652\u00a1\u00abC<\/td>\n<\/tr>\n<tr>\n<td>Tepeln\u00e1 vodivost<\/td>\n<td>167 W\/(m.K)<\/td>\n<\/tr>\n<tr>\n<td>Elektrick\u00e1 vodivost<\/td>\n<td>43-45 % IACS<\/td>\n<\/tr>\n<tr>\n<td>Young\u016fv modul<\/td>\n<td>68-72 GPa<\/td>\n<\/tr>\n<tr>\n<td>Poisson\u016fv pom\u011br<\/td>\n<td>0.33<\/td>\n<\/tr>\n<tr>\n<td>Pevnost v tahu<\/td>\n<td>124\u2013290 MPa<\/td>\n<\/tr>\n<tr>\n<td>Mez kluzu<\/td>\n<td>55\u2013250 MPa<\/td>\n<\/tr>\n<tr>\n<td>Prodlou\u017een\u00ed<\/td>\n<td>10-25%<\/td>\n<\/tr>\n<tr>\n<td>Tvrdost<\/td>\n<td>40-95 Brinell<\/td>\n<\/tr>\n<\/tbody>\n<\/table>\n<p>&nbsp;<\/p>\n<p class=\"whitespace-pre-wrap\">Al 6061 nab\u00edzej\u00ed st\u0159edn\u00ed a\u017e vysokou pevnost, kter\u00e1 m\u016f\u017ee b\u00fdt je\u0161t\u011b zv\u00fd\u0161ena tepeln\u00fdm zpracov\u00e1n\u00edm. Vyzna\u010duje se skv\u011blou odolnost\u00ed proti korozi a dokon\u010dov\u00e1n\u00edm.<\/p>\n<h2>V\u00fdrobn\u00ed metoda pro pr\u00e1\u0161ek Al 6061<\/h2>\n<p class=\"whitespace-pre-wrap\">Mezi ostatn\u00ed pr\u016fmyslov\u00e9 metody v\u00fdroby pr\u00e1\u0161ku Al 6061 pat\u0159\u00ed:<\/p>\n<ul class=\"list-disc pl-8 space-y-2\">\n<li class=\"whitespace-normal\"><strong>Plynul\u00e1 atomizace<\/strong>?- Vysokotlak\u00fd inertn\u00ed plyn rozlo\u017e\u00ed taven\u00fd tok slitiny na jemn\u00fd sf\u00e9rick\u00fd pr\u00e1\u0161ek s \u0159\u00edzen\u00fdm rozd\u011blen\u00edm velikosti.<\/li>\n<li class=\"whitespace-normal\"><strong>Atomizace vody<\/strong>?- Vysokorychlostn\u00ed vodn\u00ed tryska dopad\u00e1 na roztaven\u00fd kov a rozbije ho na jemn\u00e9, nepravideln\u00e9 \u010d\u00e1stice pr\u00e1\u0161ku.<\/li>\n<li class=\"whitespace-normal\"><strong>Mechanick\u00e9 legov\u00e1n\u00ed<\/strong>?- Mlet\u00ed kuli\u010dek sm\u011bsi hlin\u00edku a pr\u00e1\u0161k\u016f leguj\u00edc\u00edch prvk\u016f po kter\u00e9m n\u00e1sleduje utu\u017een\u00ed a sp\u00e9k\u00e1n\u00ed<\/li>\n<\/ul>\n<p class=\"whitespace-pre-wrap\">Plynov\u00e1 atomizace poskytuje vynikaj\u00edc\u00ed kontrolu nad charakteristikou pr\u00e1\u0161ku.<\/p>\n<h2>Pou\u017eit\u00ed pr\u00e1\u0161ku Al 6061<\/h2>\n<p class=\"whitespace-pre-wrap\">Typick\u00e9 aplikace pr\u00e1\u0161ku Al 6061 zahrnuj\u00ed:<\/p>\n<ul class=\"list-disc pl-8 space-y-2\">\n<li class=\"whitespace-normal\"><strong>aditivn\u00ed v\u00fdroba<\/strong>?- Vyu\u017e\u00edv\u00e1no p\u0159i selektivn\u00edm laserov\u00e9m taven\u00ed, taven\u00ed elektronov\u00fdm paprskem a lepen\u00ed pojivy s c\u00edlem vytv\u00e1\u0159et slo\u017eit\u00e9 sou\u010d\u00e1stky.<\/li>\n<li class=\"whitespace-normal\"><strong>Metal Injection Molding<\/strong>?- zum Herstellen kleiner und komplexer Teile in engen Toleranzen und mit hervorragenden Eigenschaften.<\/li>\n<li class=\"whitespace-normal\"><strong>Pr\u00e1\u0161kov\u00e1 metalurgie<\/strong>lisov\u00e1n\u00edm a sp\u00e9k\u00e1n\u00edm pro v\u00fdrobu vysoce v\u00fdkonn\u00fdch automobilov\u00fdch a mechanick\u00fdch d\u00edl\u016f.<\/li>\n<li class=\"whitespace-normal\"><strong>Tepeln\u00e9 post\u0159ik<\/strong>?- Nast\u0159\u00edk\u00e1n\u00ed elektrick\u00fdm obloukem pro vytvo\u0159en\u00ed ochrann\u00fdch povlak\u016f Al 6061 nab\u00edzej\u00edc\u00edch odolnost proti opot\u0159eben\u00ed a korozi.<\/li>\n<li class=\"whitespace-normal\"><strong>Sv\u00e1\u0159ec\u00ed p\u0159\u00edsada<\/strong>?- Pou\u017e\u00edv\u00e1 se jako p\u0159\u00eddavn\u00fd dr\u00e1t, aby svar m\u011bl podobnou pevnost jako z\u00e1kladn\u00ed kov.<\/li>\n<li class=\"whitespace-normal\"><strong>Pigmenty<\/strong>?- P\u0159id\u00e1no do barev a polymer\u016f ke zv\u00fd\u0161en\u00ed lesku a ochrany proti korozi.<\/li>\n<\/ul>\n<h2>Specifikace pr\u00e1\u0161ku Al 6061<\/h2>\n<p class=\"whitespace-pre-wrap\">Pr\u00e1\u0161ok Al 6061 je k dispoz\u00edcii v r\u00f4znych rozsahoch ve\u013ekosti, tvarov, stup\u0148ov a \u00farovniach \u010distoty:<\/p>\n<ul class=\"list-disc pl-8 space-y-2\">\n<li class=\"whitespace-normal\"><strong>Velikost \u010d\u00e1stic:<\/strong>Od 10 do 150 mikron\u016f pro AM metody a\u017e po 300 mikron\u016f pro procesy termick\u00e9ho n\u00e1st\u0159iku.<\/li>\n<li class=\"whitespace-normal\"><strong>Morfologie:<\/strong>\u010c\u00e1stice s kulovit\u00fdm, zrnit\u00fdm, dendritick\u00fdm a nepravideln\u00fdm tvarem. Jemn\u00fd pr\u00e1\u0161ek te\u010de l\u00e9pe.<\/li>\n<li class=\"whitespace-normal\"><strong>\u010cistota:<\/strong>?Od komer\u010dn\u00edho pro vysokou \u010distotu (99,9%) p\u0159izp\u016fsoben\u00e9 pro spln\u011bn\u00ed po\u017eadavk\u016f.<\/li>\n<li class=\"whitespace-normal\"><strong>Zn\u00e1mky:<\/strong>Spl\u0148uje specifikace norem ASTM B221, EN 573 a ISO 209. Nab\u00edzej\u00ed se vlastn\u00ed t\u0159\u00eddy.<\/li>\n<li class=\"whitespace-normal\"><strong>Te\u010den\u00ed:<\/strong>?Pr\u00e1\u0161ok lze p\u0159izp\u016fsobit na specifick\u00e9 rychlosti pr\u016ftoku na z\u00e1klad\u011b pou\u017eit\u00ed.<\/li>\n<\/ul>\n<h2>Glob\u00e1ln\u00ed dodavatel\u00e9 pr\u00e1\u0161ku Al 6061<\/h2>\n<p class=\"whitespace-pre-wrap\">N\u011bkte\u0159\u00ed z hlavn\u00edch glob\u00e1ln\u00edch dodavatel\u016f jsou:<\/p>\n<ul class=\"list-disc pl-8 space-y-2\">\n<li class=\"whitespace-normal\">Valimet Inc. (USA)<\/li>\n<li class=\"whitespace-normal\">Makin Metal Powders (UK)<\/li>\n<li class=\"whitespace-normal\">Metal Powder Company (USA)<\/li>\n<li class=\"whitespace-normal\">CNPC Powder Group (\u010c\u00edna)<\/li>\n<li class=\"whitespace-normal\">SCM Metal Products (USA)<\/li>\n<li class=\"whitespace-normal\">Shanghai Chaowei Nanotechnology (\u010c\u00edna)<\/li>\n<li class=\"whitespace-normal\">Titanov\u00fd pr\u00e1\u0161ek (Rusko)<\/li>\n<\/ul>\n<p class=\"whitespace-pre-wrap\">Tyto spole\u010dnosti vyr\u00e1b\u00ed pr\u00e1\u0161ek Al 6061 vhodn\u00fd pro aditivn\u00ed v\u00fdrobu, tepeln\u00e9 st\u0159\u00edk\u00e1n\u00ed, leteck\u00fd, automobilov\u00fd a dal\u0161\u00ed n\u00e1ro\u010dn\u00e9 aplikace, to v\u0161e r\u016fzn\u00fdmi metodami.<\/p>\n<h2>Cena pr\u00e1\u0161ku Al 6061<\/h2>\n<p class=\"whitespace-pre-wrap\">Cena pr\u00e1\u0161ku Al 6061 z\u00e1vis\u00ed na n\u011bkolika faktorech:<\/p>\n<ul class=\"list-disc pl-8 space-y-2\">\n<li class=\"whitespace-normal\">\u00darove\u0148 \u010distoty<\/li>\n<li class=\"whitespace-normal\">Charakteristiky \u010d\u00e1stic<\/li>\n<li class=\"whitespace-normal\">Zp\u016fsob v\u00fdroby pr\u00e1\u0161ku<\/li>\n<li class=\"whitespace-normal\">Objem objedn\u00e1vky<\/li>\n<li class=\"whitespace-normal\">Dodavatel a geografick\u00e1 lokalita<\/li>\n<\/ul>\n<table>\n<thead>\n<tr>\n<th>Hodnost<\/th>\n<th>Cenov\u00e9 rozp\u011bt\u00ed<\/th>\n<\/tr>\n<\/thead>\n<tbody>\n<tr>\n<td>Reklamn\u00ed<\/td>\n<td>$5\u201315 za kg<\/td>\n<\/tr>\n<tr>\n<td>Vysok\u00e1 \u010distota<\/td>\n<td>15\u201330 K\u010d\/kg<\/td>\n<\/tr>\n<tr>\n<td>Ultrajemn\u00fd<\/td>\n<td>30\u201360 K\u010d za kg<\/td>\n<\/tr>\n<tr>\n<td>Speci\u00e1ln\u00ed kvality<\/td>\n<td>60\u2013120 USD za kg<\/td>\n<\/tr>\n<\/tbody>\n<\/table>\n<p>&nbsp;<\/p>\n<p class=\"whitespace-pre-wrap\">Sferick\u00e9, kontrolovan\u00e9 velikosti \u010d\u00e1stic a pr\u00e1\u0161ky o vysok\u00e9 \u010distot\u011b jsou na mnohem vy\u0161\u0161\u00ed cenov\u00e9 \u00farovni ne\u017e b\u011b\u017en\u00e9 komer\u010dn\u00ed kvality pr\u00e1\u0161ku Al 6061.<\/p>\n<h2>Skladov\u00e1n\u00ed a manipulace s pr\u00e1\u0161kem Al 6061<\/h2>\n<p class=\"whitespace-pre-wrap\">Pr\u00e1\u0161ek Al 6061 by m\u011bl b\u00fdt spr\u00e1vn\u011b manipulov\u00e1n a skladov\u00e1n, aby se p\u0159ede\u0161lo:<\/p>\n<ul class=\"list-disc pl-8 space-y-2\">\n<li class=\"whitespace-normal\">Oxidace a reakce s vlhkost\u00ed<\/li>\n<li class=\"whitespace-normal\">Riziko v\u00fdbuchu prachu z jemn\u00fdch pr\u00e1\u0161k\u016f<\/li>\n<li class=\"whitespace-normal\">Zdravotn\u00ed probl\u00e9my spojen\u00e9 s inhalac\u00ed<\/li>\n<li class=\"whitespace-normal\">Bezpe\u010dnostn\u00ed postupy z dodavatele SDS by m\u011bly b\u00fdt n\u00e1sledov\u00e1ny<\/li>\n<\/ul>\n<p class=\"whitespace-pre-wrap\">Doporu\u010duje se p\u0159i manipulaci s pr\u00e1\u0161kem uskladn\u011bn\u00ed v inertn\u00edm plynu, dostate\u010dn\u00e9 v\u011btr\u00e1n\u00ed, uzemn\u011bn\u00ed a OOPP.<\/p>\n<h2>Metody testov\u00e1n\u00ed a charakterizace<\/h2>\n<p class=\"whitespace-pre-wrap\">Mezi hlavn\u00ed zku\u0161ebn\u00ed metody pou\u017e\u00edvan\u00e9 pro pr\u00e1\u0161ek Al 6061 pat\u0159\u00ed:<\/p>\n<ul class=\"list-disc pl-8 space-y-2\">\n<li class=\"whitespace-normal\">Chemick\u00e1 anal\u00fdza pomoc\u00ed OES nebo XRF pro stanoven\u00ed slo\u017een\u00ed<\/li>\n<li class=\"whitespace-normal\">Distribuce velikosti \u010d\u00e1stic dle normy ASTM B822<\/li>\n<li class=\"whitespace-normal\">Morfologick\u00e1 anal\u00fdza pomoc\u00ed SEM<\/li>\n<li class=\"whitespace-normal\">Rychlost toku pr\u00e1\u0161ku m\u011b\u0159ena pomoc\u00ed Hallova trycht\u00fd\u0159e<\/li>\n<li class=\"whitespace-normal\">Stanoven\u00ed hustoty pomoc\u00ed pyknometru s heliem<\/li>\n<li class=\"whitespace-normal\">Testov\u00e1n\u00ed ne\u010distot metodou ICP-MS<\/li>\n<li class=\"whitespace-normal\">Vy\u0161et\u0159en\u00ed mikrostruktury pomoc\u00ed rentgenov\u00e9 difrakce<\/li>\n<\/ul>\n<p class=\"whitespace-pre-wrap\">Tyto testy zaji\u0161\u0165uj\u00ed konzistenci d\u00e1vky a soulad s po\u017eadavky aplikace.<\/p>\n<h2>Porovn\u00e1n\u00ed pr\u00e1\u0161kov\u00fdch slitin Al 6061 a Al 7075<\/h2>\n<p class=\"whitespace-pre-wrap\">Porovn\u00e1n\u00ed pr\u00e1\u0161kov\u00fdch slitin hlin\u00edku Al 6061 a Al 7075:<\/p>\n<table>\n<thead>\n<tr>\n<th>Parametr<\/th>\n<th>Al 6061<\/th>\n<th>Leteck\u00fd hlin\u00edk 7075<\/th>\n<\/tr>\n<\/thead>\n<tbody>\n<tr>\n<td>Typ slitiny<\/td>\n<td>Tepeln\u011b zpracovateln\u00fd<\/td>\n<td>Tepeln\u011b zpracovateln\u00fd<\/td>\n<\/tr>\n<tr>\n<td>Obsah Mg<\/td>\n<td>0.8-1.2%<\/td>\n<td>2.1-2.9%<\/td>\n<\/tr>\n<tr>\n<td>S\u00edla<\/td>\n<td>St\u0159edn\u00ed<\/td>\n<td>Velmi vysok\u00fd<\/td>\n<\/tr>\n<tr>\n<td>Obr\u00e1bitelnost<\/td>\n<td>V\u00fdborn\u00fd<\/td>\n<td>\u0160patn\u00e9<\/td>\n<\/tr>\n<tr>\n<td>Schwei\u00dfbarkeit<\/td>\n<td>V\u00fdborn\u00fd<\/td>\n<td>\u0160patn\u00e9<\/td>\n<\/tr>\n<tr>\n<td>Odolnost proti korozi<\/td>\n<td>V\u00fdborn\u00fd<\/td>\n<td>Dobr\u00e9<\/td>\n<\/tr>\n<tr>\n<td>Cena<\/td>\n<td>Niz\u0161\u00ed<\/td>\n<td>Vy\u0161\u0161\u00ed<\/td>\n<\/tr>\n<\/tbody>\n<\/table>\n<p>&nbsp;<\/p>\n<p class=\"whitespace-pre-wrap\">Al 6061 disponuje lep\u0161\u00ed odolnost\u00ed proti korozi a zpracovatelnost\u00ed, zat\u00edmco Al 7075 poskytuje mnohem v\u011bt\u0161\u00ed pevnost po tepeln\u00e9m zpracov\u00e1n\u00ed.<\/p>\n<h2>\u010casto kladen\u00e9 ot\u00e1zky k pr\u00e1\u0161ku Al 6061<\/h2>\n<p class=\"whitespace-pre-wrap\"><strong>Ot\u00e1zka: Jak se vyr\u00e1b\u00ed pr\u00e1\u0161ek Al 6061?<\/strong><\/p>\n<p class=\"whitespace-pre-wrap\">A: Pr\u00e1\u0161ek 6061 se vyr\u00e1b\u00ed pr\u016fmyslov\u011b pomoc\u00ed techniky plynov\u00e9 atomizace, vodn\u00ed atomizace, mechanick\u00e9ho legov\u00e1n\u00ed a elektrol\u00fdzy. Plynov\u00e1 atomizace zaji\u0161\u0165uje optim\u00e1ln\u00ed kontrolu charakteristik pr\u00e1\u0161ku.<\/p>\n<p class=\"whitespace-pre-wrap\"><strong>Q: Jak\u00e9 jsou hlavn\u00ed aplikace pr\u00e1\u0161kov\u00e9ho Al 6061?<\/strong><\/p>\n<p class=\"whitespace-pre-wrap\">A: Mezi hlavn\u00ed aplikace pr\u00e1\u0161kov\u00e9 slitiny Al 6061 pat\u0159\u00ed aditivn\u00ed v\u00fdroba, povlaky n\u00e1st\u0159ikem za tepla, pr\u00e1\u0161kov\u011b metalurgick\u00e9 d\u00edly, vst\u0159ikov\u00e1n\u00ed kovu, pigmenty a sva\u0159ovac\u00ed p\u0159\u00eddavn\u00e9 dr\u00e1ty vy\u017eaduj\u00edc\u00ed st\u0159edn\u00ed pevnost a vynikaj\u00edc\u00ed korozivzdornost.<\/p>\n<p class=\"whitespace-pre-wrap\"><strong>Jak\u00e1 se doporu\u010duje velikost pr\u00e1\u0161ku Al 6061 pro vst\u0159ikov\u00e1n\u00ed pojiv?<\/strong><\/p>\n<p class=\"whitespace-pre-wrap\">A: Pro procesy Jetting pojiv se typick\u00e1 velikost pr\u00e1\u0161ku Al 6061 v rozmez\u00ed 20-45 mikron\u016f s kulovitou morfologi\u00ed, aby se umo\u017enila dobr\u00e1 hustota lo\u017ee pr\u00e1\u0161ku a infiltrace pojiv.<\/p>\n<p class=\"whitespace-pre-wrap\"><strong>Ot\u00e1zka: Vy\u017eaduje pr\u00e1\u0161ek Al 6061 speci\u00e1ln\u00ed opat\u0159en\u00ed p\u0159i manipulaci?<\/strong><\/p>\n<p class=\"whitespace-pre-wrap\">A: Ano, je doporu\u010deno manipulovat s hlin\u00edkov\u00fdmi slitinov\u00fdmi pr\u00e1\u0161ky opatrn\u011b v inertn\u00ed atmosf\u00e9\u0159e se spr\u00e1vn\u00fdm uzemn\u011bn\u00ed, ventilac\u00ed a OOPP, aby se p\u0159ede\u0161lo nebezpe\u010d\u00ed po\u017e\u00e1ru nebo v\u00fdbuchu.<\/p>\n<p class=\"whitespace-pre-wrap\"><strong>Kde mohu zakoupit pr\u00e1\u0161kovou slitinu Al 6061, kter\u00e1 vyhovuje aplikac\u00edm v leteck\u00e9m pr\u016fmyslu?<\/strong><\/p>\n<p class=\"whitespace-pre-wrap\">A: Vysoce \u010dist\u00fd plynem atomizovan\u00fd pr\u00e1\u0161ek Al 6061 spl\u0148uj\u00edc\u00ed leteck\u00e9 standardy lze zakoupit od p\u0159edn\u00edch v\u00fdrobc\u016f, jako jsou Valimet, Makin Metal Powders a AMETEK.<\/p>\n<p><\/span><\/span><\/p>","protected":false},"excerpt":{"rendered":"<p>P\u0159ehled pr\u00e1\u0161ku Al 6061 Al 6061 je jednou z nejuniverz\u00e1ln\u011bj\u0161\u00edch tepeln\u011b zpracovateln\u00fdch slitin hlin\u00edku. P\u0159\u00eddavky ho\u0159\u010d\u00edku a k\u0159em\u00edku umo\u017e\u0148uj\u00ed jeho zpevn\u011bn\u00ed sr\u00e1\u017ekov\u00fdm kalen\u00edm. Tato slitina se stala nesm\u00edrn\u011b popul\u00e1rn\u00ed d\u00edky sv\u00e9 vynikaj\u00edc\u00ed odolnosti proti korozi, obrobitelnosti, sva\u0159itelnosti a st\u0159edn\u00ed a\u017e vysok\u00e9 pevnosti. Mezi kl\u00ed\u010dov\u00e9 vlastnosti pr\u00e1\u0161ku Al 6061 pat\u0159\u00ed:...<\/p>","protected":false},"featured_media":1804,"parent":0,"template":"","meta":{"_acf_changed":false,"_kad_blocks_custom_css":"","_kad_blocks_head_custom_js":"","_kad_blocks_body_custom_js":"","_kad_blocks_footer_custom_js":"","_kad_post_transparent":"","_kad_post_title":"","_kad_post_layout":"","_kad_post_sidebar_id":"","_kad_post_content_style":"","_kad_post_vertical_padding":"","_kad_post_feature":"","_kad_post_feature_position":"","_kad_post_header":false,"_kad_post_footer":false,"_kad_post_classname":""},"product-category":[119,124],"class_list":["post-3901","product","type-product","status-publish","has-post-thumbnail","hentry","product-category-3d-printing-metal-powder","product-category-aluminum-based-alloy-powder"],"acf":[],"taxonomy_info":{"product-category":[{"value":119,"label":"3D Printing Metal Powder"},{"value":124,"label":"Aluminum Based Alloy Powder"}]},"featured_image_src_large":["https:\/\/3dpmetal.com\/wp-content\/uploads\/2024\/02\/Al-6061-powder.png",422,316,false],"author_info":[],"comment_info":"","_links":{"self":[{"href":"https:\/\/3dpmetal.com\/cs\/wp-json\/wp\/v2\/product\/3901","targetHints":{"allow":["GET"]}}],"collection":[{"href":"https:\/\/3dpmetal.com\/cs\/wp-json\/wp\/v2\/product"}],"about":[{"href":"https:\/\/3dpmetal.com\/cs\/wp-json\/wp\/v2\/types\/product"}],"wp:featuredmedia":[{"embeddable":true,"href":"https:\/\/3dpmetal.com\/cs\/wp-json\/wp\/v2\/media\/1804"}],"wp:attachment":[{"href":"https:\/\/3dpmetal.com\/cs\/wp-json\/wp\/v2\/media?parent=3901"}],"wp:term":[{"taxonomy":"product-category","embeddable":true,"href":"https:\/\/3dpmetal.com\/cs\/wp-json\/wp\/v2\/product-category?post=3901"}],"curies":[{"name":"wp","href":"https:\/\/api.w.org\/{rel}","templated":true}]}}