{"id":3904,"date":"2024-03-18T06:10:12","date_gmt":"2024-03-18T06:10:12","guid":{"rendered":"https:\/\/3dp.45612300.xyz\/product\/al-3103-powder\/"},"modified":"2024-03-18T06:10:12","modified_gmt":"2024-03-18T06:10:12","slug":"al-3103-powder","status":"publish","type":"product","link":"https:\/\/3dpmetal.com\/cs\/product\/al-3103-powder\/","title":{"rendered":"Pr\u00e1\u0161ek Al 3103"},"content":{"rendered":"<p><span style=\"vertical-align: inherit;\"><span style=\"vertical-align: inherit;\"><\/p>\n<h2>P\u0159ehled pr\u00e1\u0161ku Al 3103<\/h2>\n<p class=\"whitespace-pre-wrap\">Al 3103 je nedeformovateln\u00e1, kujn\u00e1 slitina hlin\u00edku, kter\u00e1 je zn\u00e1ma svou vynikaj\u00edc\u00ed odolnost\u00ed v\u016f\u010di korozi, dobrou tv\u00e1\u0159itelnost\u00ed a sva\u0159itelnost\u00ed. P\u0159\u00edsady manganu zlep\u0161uj\u00ed pevnost prost\u0159ednictv\u00edm vytvrzov\u00e1n\u00ed roztokem, p\u0159i\u010dem\u017e zachov\u00e1vaj\u00ed v\u00fdbornou ta\u017enost.<\/p>\n<p class=\"whitespace-pre-wrap\">Mezi kl\u00ed\u010dov\u00e9 vlastnosti pr\u00e1\u0161kov\u00e9ho Al 3103 pat\u0159\u00ed:<\/p>\n<ul class=\"list-disc pl-8 space-y-2\">\n<li class=\"whitespace-normal\">St\u0159edn\u00ed pevnost s vysokou ta\u017enost\u00ed a hou\u017eevnatost\u00ed<\/li>\n<li class=\"whitespace-normal\">Vynikaj\u00edc\u00ed sva\u0159itelnost a tv\u00e1\u0159itelnost<\/li>\n<li class=\"whitespace-normal\">Velmi dobr\u00e1 odolnost proti korozi<\/li>\n<li class=\"whitespace-normal\">Vysok\u00e1 tepeln\u00e1 a elektrick\u00e1 vodivost<\/li>\n<li class=\"whitespace-normal\">N\u00edzk\u00e1 hustota<\/li>\n<li class=\"whitespace-normal\">K dispozici v r\u016fzn\u00fdch distribuc\u00edch velikosti \u010d\u00e1stic<\/li>\n<\/ul>\n<p class=\"whitespace-pre-wrap\">Pr\u00e1\u0161ek Al 3103 je vhodn\u00fd pro aplikace, jako jsou chemick\u00e9 n\u00e1dr\u017ee, vybaven\u00ed na zpracov\u00e1n\u00ed potravin, v\u00fdm\u011bn\u00edky tepla, silni\u010dn\u00ed cisterny, n\u00e1dob\u00ed atd., kter\u00e9 vy\u017eaduj\u00ed st\u0159edn\u00ed pevnost v kombinaci s vynikaj\u00edc\u00ed odolnost\u00ed proti korozi.<\/p>\n<h2>Chemick\u00e9 slo\u017een\u00ed hlin\u00edkov\u00e9ho pr\u00e1\u0161ku 3103<\/h2>\n<p class=\"whitespace-pre-wrap\">Typick\u00e9 chemick\u00e9 slo\u017een\u00ed pr\u00e1\u0161kov\u00e9 Al 3103:<\/p>\n<table>\n<thead>\n<tr>\n<th>Element<\/th>\n<th>Hmotnostn\u00ed %<\/th>\n<\/tr>\n<\/thead>\n<tbody>\n<tr>\n<td>Hlin\u00edk (Al)<\/td>\n<td>Balance<\/td>\n<\/tr>\n<tr>\n<td>Mangan (Mn)<\/td>\n<td>1.0-1.5%<\/td>\n<\/tr>\n<tr>\n<td>K\u0159em\u00edk (Si)<\/td>\n<td>max. 0,6 %<\/td>\n<\/tr>\n<tr>\n<td>\u017delezo (Fe)<\/td>\n<td>max. 0,7 %<\/td>\n<\/tr>\n<tr>\n<td>M\u011b\u010f (Cu)<\/td>\n<td>max. 0,10%<\/td>\n<\/tr>\n<tr>\n<td>Ho\u0159\u010d\u00edk (Mg)<\/td>\n<td>max. 0,10%<\/td>\n<\/tr>\n<tr>\n<td>Zinek (Zn)<\/td>\n<td>max. 0,10%<\/td>\n<\/tr>\n<tr>\n<td>Chrom (Cr)<\/td>\n<td>0.05-0.20%<\/td>\n<\/tr>\n<\/tbody>\n<\/table>\n<p>&nbsp;<\/p>\n<p class=\"whitespace-pre-wrap\">Mangan je hlavn\u00edm leguj\u00edc\u00edm prvkem v hlin\u00edku 3103. \u017delezo, k\u0159em\u00edk, m\u011b\u010f a zinek jsou zde v podob\u011b ne\u010distot s ur\u010dit\u00fdmi limity.<\/p>\n<h2>Vlastnosti pr\u00e1\u0161kov\u00e9 slitiny Al 3103<\/h2>\n<p class=\"whitespace-pre-wrap\">Kl\u00ed\u010dov\u00e9 vlastnosti hlin\u00edkov\u00e9ho pr\u00e1\u0161ku Al 3103 zahrnuj\u00ed:<\/p>\n<table>\n<thead>\n<tr>\n<th>Nemovitost<\/th>\n<th>Hodnota<\/th>\n<\/tr>\n<\/thead>\n<tbody>\n<tr>\n<td>Hustota<\/td>\n<td>2,73 g\/cm3<\/td>\n<\/tr>\n<tr>\n<td>Teplota t\u00e1n\u00ed<\/td>\n<td>630-654  \u00a1\u00abC<\/td>\n<\/tr>\n<tr>\n<td>Tepeln\u00e1 vodivost<\/td>\n<td>130 W\/mK<\/td>\n<\/tr>\n<tr>\n<td>Elektrick\u00e1 vodivost<\/td>\n<td>41\u201343 % IACS<\/td>\n<\/tr>\n<tr>\n<td>Young\u016fv modul<\/td>\n<td>70 GPa<\/td>\n<\/tr>\n<tr>\n<td>Poisson\u016fv pom\u011br<\/td>\n<td>0.33<\/td>\n<\/tr>\n<tr>\n<td>Pevnost v tahu<\/td>\n<td>110\u2013180 MPa<\/td>\n<\/tr>\n<tr>\n<td>Mez kluzu<\/td>\n<td>55\u2013110 MPa<\/td>\n<\/tr>\n<tr>\n<td>Prodlou\u017een\u00ed<\/td>\n<td>18-30%<\/td>\n<\/tr>\n<tr>\n<td>Tvrdost<\/td>\n<td>25-55 Brinell<\/td>\n<\/tr>\n<\/tbody>\n<\/table>\n<p>&nbsp;<\/p>\n<p class=\"whitespace-pre-wrap\">Slitina poskytuje st\u0159edn\u00ed pevnost s v\u00fdbornou ta\u017enost\u00ed, hou\u017eevnatost\u00ed a tv\u00e1rnost\u00ed. M\u00e1 velmi dobrou odolnost proti atmosf\u00e9rick\u00fdm a mo\u0159sk\u00fdm prost\u0159ed\u00edm.<\/p>\n<p><img loading=\"lazy\" decoding=\"async\" class=\"alignnone size-medium wp-image-1409\" src=\"https:\/\/met3dp.com\/wp-content\/uploads\/2023\/09\/ed7a94ec-3c10-4b1b-87ed--300x300.jpg\" alt=\"Pr\u00e1\u0161ek Al 3103\" width=\"300\" height=\"300\" title=\"\"><\/p>\n<h2>Metoda v\u00fdroby pr\u00e1\u0161ku Al 3103<\/h2>\n<p class=\"whitespace-pre-wrap\">Mezi b\u011b\u017en\u00e9 v\u00fdrobn\u00ed metody pr\u00e1\u0161ku Al 3103 pat\u0159\u00ed:<\/p>\n<ul class=\"list-disc pl-8 space-y-2\">\n<li class=\"whitespace-normal\"><strong>Plynul\u00e1 atomizace<\/strong>?- proud proudu proudem proudy proud\u016f proudem proud\u016fm proudy proudech v proudech na proudech s proudy o proudech k proud\u016fm z proud\u016f<\/li>\n<li class=\"whitespace-normal\"><strong>Atomizace vody<\/strong>?- Vysokorychlostn\u00ed vodn\u00ed paprsek pou\u017eit\u00fd pro v\u00fdrobu jemn\u00fdch nepravideln\u00fdch \u010d\u00e1stic Al 3103. \u00dasporn\u011bj\u0161\u00ed, ale s vy\u0161\u0161\u00edm obsahem kysl\u00edku.<\/li>\n<li class=\"whitespace-normal\"><strong>Mechanick\u00e9 legov\u00e1n\u00ed<\/strong>Mlet\u00ed kuli\u010dek z alum\u00ednov\u00fdch a manganov\u00fdch pr\u00e1\u0161k\u016f n\u00e1sleduje chladn\u00e9 lisov\u00e1n\u00ed a sp\u00e9k\u00e1n\u00ed.<\/li>\n<\/ul>\n<p class=\"whitespace-pre-wrap\">Atomov\u00e1 plynov\u00e1 disperze poskytuje nejlep\u0161\u00ed kontrolu nad vlastnostmi pr\u00e1\u0161ku, jako jsou velikost \u010d\u00e1stic, tvar a mikrostruktura.<\/p>\n<h2>Aplikace pr\u00e1\u0161ku Al 3103<\/h2>\n<p class=\"whitespace-pre-wrap\">Typick\u00e9 aplikace pr\u00e1\u0161kov\u00e9ho materi\u00e1lu Al 3103 zahrnuj\u00ed:<\/p>\n<ul class=\"list-disc pl-8 space-y-2\">\n<li class=\"whitespace-normal\"><strong>aditivn\u00ed v\u00fdroba<\/strong>?- Vhodn\u00e9 pro odl\u00e9v\u00e1n\u00ed pojivem a procesy selektivn\u00edho laserov\u00e9ho taven\u00ed pro v\u00fdrobu slo\u017eit\u00fdch hlin\u00edkov\u00fdch d\u00edl\u016f.<\/li>\n<li class=\"whitespace-normal\"><strong>Pr\u00e1\u0161kov\u00e1 metalurgie<\/strong>?- lisov\u00e1n\u00ed a sp\u00e9k\u00e1n\u00ed za \u00fa\u010delem vyroben\u00ed d\u00edl\u016f s dobr\u00fdmi mechanick\u00fdmi vlastnostmi a obrobitelnost\u00ed.<\/li>\n<li class=\"whitespace-normal\"><strong>Metal Injection Molding<\/strong>?- Vyr\u00e1b\u011bt mal\u00e9 slo\u017eit\u00e9 komponenty, kter\u00e9 vy\u017eaduj\u00ed st\u0159edn\u00ed pevnost a odolnost proti korozi.<\/li>\n<li class=\"whitespace-normal\"><strong>Tepeln\u00e9 post\u0159ik<\/strong>- Pr\u00e1\u0161kov\u00e9 dr\u00e1ty pro ochrann\u00e9 pokovov\u00e1n\u00ed se st\u0159edn\u00ed odolnost\u00ed proti opot\u0159eben\u00ed a korozi.<\/li>\n<li class=\"whitespace-normal\"><strong>Sv\u00e1\u0159ec\u00ed p\u0159\u00edsada<\/strong>?- Pou\u017e\u00edv\u00e1 se jako plnic\u00ed dr\u00e1tek poskytuj\u00edc\u00ed pevnost svrabu, kter\u00e1 je podobn\u00e1 z\u00e1kladn\u00edmu materi\u00e1lu.<\/li>\n<li class=\"whitespace-normal\"><strong>Pigmenty<\/strong>?- P\u0159id\u00e1no k barv\u00e1m a n\u00e1t\u011br\u016fm, aby byl zaji\u0161t\u011bn lesk a ochrana proti korozi.<\/li>\n<\/ul>\n<h2>Specifikace pr\u00e1\u0161ku Al 3103<\/h2>\n<p class=\"whitespace-pre-wrap\">Pr\u00e1\u0161ek Al 3103 je k dispozici v r\u016fzn\u00fdch velikostech, tvarech, stupn\u00edch \u010distoty a t\u0159\u00edd\u00e1ch:<\/p>\n<ul class=\"list-disc pl-8 space-y-2\">\n<li class=\"whitespace-normal\"><strong>Velikost \u010d\u00e1stic:<\/strong>Od 10 do 150 mikron\u016f pro AM metody a\u017e po 300 mikron\u016f pro procesy termick\u00e9ho n\u00e1st\u0159iku.<\/li>\n<li class=\"whitespace-normal\"><strong>Morfologie:<\/strong>\u010c\u00e1stice s kulovit\u00fdm, zrnit\u00fdm, dendritick\u00fdm a nepravideln\u00fdm tvarem. Jemn\u00fd pr\u00e1\u0161ek te\u010de l\u00e9pe.<\/li>\n<li class=\"whitespace-normal\"><strong>\u010cistota:<\/strong>?Od komer\u010dn\u00ed t\u0159\u00eddy po t\u0159\u00eddy s vysokou \u010distotou (99,8 %), uzp\u016fsoben\u00e9 pro pou\u017eit\u00ed.<\/li>\n<li class=\"whitespace-normal\"><strong>Zn\u00e1mky:<\/strong>?Je v souladu se specifikacemi ASTM B209, EN 573, ISO. Nab\u00edz\u00ed se vlastn\u00ed t\u0159\u00eddy.<\/li>\n<li class=\"whitespace-normal\"><strong>Te\u010den\u00ed:<\/strong>?Vynikaj\u00edc\u00ed pr\u016ftokov\u00e1 rychlost pr\u00e1\u0161ku p\u0159es 25 s\/50 g lze upravit.<\/li>\n<\/ul>\n<h2>Glob\u00e1ln\u00ed dodavatel\u00e9 pr\u00e1\u0161ku Al 3103<\/h2>\n<p class=\"whitespace-pre-wrap\">N\u011bkte\u0159\u00ed z hlavn\u00edch glob\u00e1ln\u00edch dodavatel\u016f jsou:<\/p>\n<ul class=\"list-disc pl-8 space-y-2\">\n<li class=\"whitespace-normal\">Valimet Inc. (USA)<\/li>\n<li class=\"whitespace-normal\">Makin Metal Powders (UK)<\/li>\n<li class=\"whitespace-normal\">Micron Metals (USA)<\/li>\n<li class=\"whitespace-normal\">Shanghai Chaowei Nanotechnology (\u010c\u00edna)<\/li>\n<li class=\"whitespace-normal\">\u010c\u00ednsk\u00e1 spole\u010dnost Shandong Yamei Nanotechnology<\/li>\n<li class=\"whitespace-normal\">CNPC Powder Group (\u010c\u00edna)<\/li>\n<li class=\"whitespace-normal\">Titanov\u00fd pr\u00e1\u0161ek (Rusko)<\/li>\n<\/ul>\n<p class=\"whitespace-pre-wrap\">Tyto spole\u010dnosti vyr\u00e1b\u011bj\u00ed pr\u00e1\u0161ek Al 3103 vhodn\u00fd pro AM, MIM, tepeln\u00e9 st\u0159\u00edk\u00e1n\u00ed, pro automobilov\u00fd, n\u00e1mo\u0159n\u00ed a dal\u0161\u00ed pr\u016fmysl pomoc\u00ed r\u016fzn\u00fdch metod.<\/p>\n<h2>3103 Pr\u00e1\u0161kov\u00e1 Cena<\/h2>\n<p class=\"whitespace-pre-wrap\">Cena pr\u00e1\u0161ku Al 3103 z\u00e1vis\u00ed na n\u011bkolika faktorech:<\/p>\n<ul class=\"list-disc pl-8 space-y-2\">\n<li class=\"whitespace-normal\">\u00darove\u0148 \u010distoty<\/li>\n<li class=\"whitespace-normal\">Charakteristika pr\u00e1\u0161k\u016f<\/li>\n<li class=\"whitespace-normal\">Zp\u016fsob v\u00fdroby<\/li>\n<li class=\"whitespace-normal\">Objem objedn\u00e1vky<\/li>\n<li class=\"whitespace-normal\">Dodavatel a lokalita<\/li>\n<\/ul>\n<table>\n<thead>\n<tr>\n<th>Hodnost<\/th>\n<th>Cenov\u00e9 rozp\u011bt\u00ed<\/th>\n<\/tr>\n<\/thead>\n<tbody>\n<tr>\n<td>Reklamn\u00ed<\/td>\n<td>$5\u201315 za kg<\/td>\n<\/tr>\n<tr>\n<td>Vysok\u00e1 \u010distota<\/td>\n<td>15-25 USD za kg<\/td>\n<\/tr>\n<tr>\n<td>Ultrajemn\u00fd<\/td>\n<td>25\u201345 K\u010d\/kg<\/td>\n<\/tr>\n<tr>\n<td>Speci\u00e1ln\u00ed kvality<\/td>\n<td>45-90 K\u010d na kg<\/td>\n<\/tr>\n<\/tbody>\n<\/table>\n<p>&nbsp;<\/p>\n<p class=\"whitespace-pre-wrap\">Vysok\u00e1 \u010distota, kulov\u00e9 \u010d\u00e1stice a kontrolovan\u00e1 velikost \u010d\u00e1stic pr\u00e1\u0161k\u016f maj\u00ed vy\u0161\u0161\u00ed cenu ne\u017e b\u011b\u017en\u00e9 obchodn\u00ed stupn\u011b pr\u00e1\u0161ku Al 3103.<\/p>\n<h2>Ulo\u017een\u00ed a manipulace s pr\u00e1\u0161kem Al 3103<\/h2>\n<p class=\"whitespace-pre-wrap\">Al 3103 powder by m\u011bl b\u00fdt \u0159\u00e1dn\u011b manipulov\u00e1n a skladov\u00e1n, aby se zabr\u00e1nilo:<\/p>\n<ul class=\"list-disc pl-8 space-y-2\">\n<li class=\"whitespace-normal\">Oxidace a reakce s vlhkost\u00ed<\/li>\n<li class=\"whitespace-normal\">Riziko v\u00fdbuchu prachu z jemn\u00fdch pr\u00e1\u0161k\u016f<\/li>\n<li class=\"whitespace-normal\">D\u00fdchac\u00edch pot\u00ed\u017ee souvisej\u00edc\u00ed se zdrav\u00edm<\/li>\n<li class=\"whitespace-normal\">Bezpe\u010dnostn\u00ed postupy z dodavatele SDS by m\u011bly b\u00fdt n\u00e1sledov\u00e1ny<\/li>\n<\/ul>\n<p class=\"whitespace-pre-wrap\">P\u0159i manipulaci s pr\u00e1\u0161kem se doporu\u010duje nete\u010dn\u00e1 plynov\u00e1 p\u0159ikr\u00fdvka, spr\u00e1vn\u00e9 uzemn\u011bn\u00ed, ventilace a OOPP.<\/p>\n<h2>Metody testov\u00e1n\u00ed a charakterizace<\/h2>\n<p class=\"whitespace-pre-wrap\">Hlavn\u00edmi testovac\u00edmi metodami, kter\u00e9 mohou b\u00fdt pou\u017eity pro pr\u00e1\u0161ek Al 3103, jsou:<\/p>\n<ul class=\"list-disc pl-8 space-y-2\">\n<li class=\"whitespace-normal\">Chemick\u00e1 anal\u00fdza pomoc\u00ed OES nebo XRF pro stanoven\u00ed slo\u017een\u00ed<\/li>\n<li class=\"whitespace-normal\">Distribuce velikosti \u010d\u00e1stic dle normy ASTM B822<\/li>\n<li class=\"whitespace-normal\">Morfologick\u00e1 anal\u00fdza pomoc\u00ed SEM<\/li>\n<li class=\"whitespace-normal\">Rychlost toku pr\u00e1\u0161ku m\u011b\u0159ena pomoc\u00ed Hallova trycht\u00fd\u0159e<\/li>\n<li class=\"whitespace-normal\">Stanoven\u00ed hustoty pomoc\u00ed pyknometru s heliem<\/li>\n<li class=\"whitespace-normal\">Testov\u00e1n\u00ed ne\u010distot metodou ICP-MS<\/li>\n<li class=\"whitespace-normal\">Vy\u0161et\u0159en\u00ed mikrostruktury pomoc\u00ed rentgenov\u00e9 difrakce<\/li>\n<\/ul>\n<p class=\"whitespace-pre-wrap\">Tyto testy zaji\u0161\u0165uj\u00ed konzistenci d\u00e1vek a soulad se specifikacemi.<\/p>\n<h2>Srovn\u00e1n\u00ed pr\u00e1\u0161k\u016f AI 3103 a AI 3003<\/h2>\n<p class=\"whitespace-pre-wrap\">Al 3103 a Al 3003 jsou dva porovn\u00e1van\u00e9 pr\u00e1\u0161kov\u00e9 hlin\u00edkov\u00e9 slitiny:<\/p>\n<table>\n<thead>\n<tr>\n<th>Parametr<\/th>\n<th>Al 3103<\/th>\n<th>Al 3003<\/th>\n<\/tr>\n<\/thead>\n<tbody>\n<tr>\n<td>Typ slitiny<\/td>\n<td>Nezu\u0161lechtiteln\u00e9 tv\u00e1\u0159en\u00edm<\/td>\n<td>Nezu\u0161lechtiteln\u00e9 tv\u00e1\u0159en\u00edm<\/td>\n<\/tr>\n<tr>\n<td>Obsah Mn<\/td>\n<td>1.0-1.5%<\/td>\n<td>1.0-1.5%<\/td>\n<\/tr>\n<tr>\n<td>S\u00edla<\/td>\n<td>Trochu n\u00ed\u017e<\/td>\n<td>O n\u011bco v\u00fd\u0161<\/td>\n<\/tr>\n<tr>\n<td>Odolnost proti korozi<\/td>\n<td>V\u00fdborn\u00fd<\/td>\n<td>V\u00fdborn\u00fd<\/td>\n<\/tr>\n<tr>\n<td>Schwei\u00dfbarkeit<\/td>\n<td>V\u00fdborn\u00fd<\/td>\n<td>V\u00fdborn\u00fd<\/td>\n<\/tr>\n<tr>\n<td>Cena<\/td>\n<td>Niz\u0161\u00ed<\/td>\n<td>Vy\u0161\u0161\u00ed<\/td>\n<\/tr>\n<\/tbody>\n<\/table>\n<p>&nbsp;<\/p>\n<p class=\"whitespace-pre-wrap\">slitina Al 3103 m\u00e1 vy\u0161\u0161\u00ed ta\u017enost, kde\u017eto Al 3003 vykazuje nepatrn\u011b vy\u0161\u0161\u00ed pevnost. Ob\u011b maj\u00ed vynikaj\u00edc\u00ed odolnost proti korozi.<\/p>\n<h2>Nej\u010dast\u011bj\u0161\u00ed ot\u00e1zky k pr\u00e1\u0161ku Al 3103<\/h2>\n<p class=\"whitespace-pre-wrap\"><strong>Ot\u00e1zka: Jak se vyr\u00e1b\u00ed pr\u00e1\u0161ok Al 3103?<\/strong><\/p>\n<p class=\"whitespace-pre-wrap\">Pr\u00e1\u0161ky Al 3103 se komer\u010dn\u011b vyr\u00e1b\u011bj\u00ed pomoc\u00ed plynov\u00e9 atomizace, vodn\u00ed atomizace a mechanick\u00e9ho legov\u00e1n\u00ed, po kter\u00e9m n\u00e1sleduje sp\u00e9k\u00e1n\u00ed. Plynov\u00e1 atomizace zaji\u0161\u0165uje nejlep\u0161\u00ed kontrolu vlastnost\u00ed \u010d\u00e1stic.<\/p>\n<p class=\"whitespace-pre-wrap\"><strong>Ot\u00e1zka: Jak\u00e9 jsou hlavn\u00ed aplikace pr\u00e1\u0161ku Al 3103?<\/strong><\/p>\n<p class=\"whitespace-pre-wrap\">A: Hlavn\u00ed aplikace pr\u00e1\u0161ku Al 3103 zahrnuj\u00ed aditivn\u00ed v\u00fdrobu, vst\u0159ikov\u00e1n\u00ed kov\u016f do formy, tepeln\u011b st\u0159\u00edkan\u00e9 povlaky, sou\u010d\u00e1stky z pr\u00e1\u0161kov\u00e9 metalurgie, pigmenty a p\u0159\u00eddavn\u00fd dr\u00e1t pro sva\u0159ov\u00e1n\u00ed.<\/p>\n<p class=\"whitespace-pre-wrap\"><strong>Q: Jak\u00e1 je typick\u00e1 velikost pr\u00e1\u0161ku Al 3103 pou\u017e\u00edvan\u00e1 pro selektivn\u00ed laserov\u00e9 taven\u00ed?<\/strong><\/p>\n<p class=\"whitespace-pre-wrap\">A: Ide\u00e1ln\u00ed rozsah velikosti pr\u00e1\u0161ku Al 3103 pro proces SLM je 20-45 mikrometr\u016f u sf\u00e9roidn\u00ed morfologie, aby bylo mo\u017eno zajistit dobrou hustotu lo\u017ee pr\u00e1\u0161ku a tvorbu taveniny.<\/p>\n<p class=\"whitespace-pre-wrap\"><strong>Ot\u00e1zka: Vy\u017eaduje pr\u00e1\u0161ok Al 3103 n\u011bjak\u00e1 speci\u00e1ln\u00ed bezpe\u010dnostn\u00ed opat\u0159en\u00ed?<\/strong><\/p>\n<p class=\"whitespace-pre-wrap\">A: Ano, doporu\u010duje se s hlin\u00edkov\u00fdmi pr\u00e1\u0161ky zach\u00e1zet opatrn\u011b v inertn\u00ed atmosf\u00e9\u0159e p\u0159i pou\u017eit\u00ed \u0159\u00e1dn\u00e9ho uzemn\u011bn\u00ed, ventilace a OOPP, aby se zabr\u00e1nilo rizik\u016fm vzniku po\u017e\u00e1ru nebo v\u00fdbuchu.<\/p>\n<p class=\"whitespace-pre-wrap\"><strong>Q: Kde mohu koupit pr\u00e1\u0161ek Al 3103, kter\u00fd je vhodn\u00fd pro n\u00e1mo\u0159n\u00ed aplikace?<\/strong><\/p>\n<p class=\"whitespace-pre-wrap\">A: Pr\u00e1\u0161ek Al 3103 s vysokou odolnost\u00ed proti korozi, ur\u010den\u00fd pro n\u00e1mo\u0159n\u00ed prost\u0159ed\u00ed, lze zakoupit od p\u0159edn\u00edch v\u00fdrobc\u016f, jako jsou Valimet, Makin Metal Powders a Micron Metals.<\/p>\n<p><\/span><\/span><\/p>","protected":false},"excerpt":{"rendered":"<p>P\u0159ehled pr\u00e1\u0161ku Al 3103 Al 3103 je tepeln\u011b neopracovateln\u00e1 kovan\u00e1 slitina hlin\u00edku zn\u00e1m\u00e1 svou vynikaj\u00edc\u00ed odolnost\u00ed proti korozi, dobrou tva\u0159itelnost\u00ed a sva\u0159itelnost\u00ed. P\u0159\u00eddavky manganu zvy\u0161uj\u00ed pevnost d\u00edky zpevn\u011bn\u00ed pevn\u00fdm roztokem p\u0159i zachov\u00e1n\u00ed vynikaj\u00edc\u00ed ta\u017enosti. Mezi kl\u00ed\u010dov\u00e9 vlastnosti pr\u00e1\u0161ku Al 3103 pat\u0159\u00ed: St\u0159edn\u00ed pevnost s vysokou ta\u017enost\u00ed a hou\u017eevnatost\u00ed V\u00fdborn\u00e1 sva\u0159itelnost a tv\u00e1\u0159itelnost Velmi...<\/p>","protected":false},"featured_media":1810,"parent":0,"template":"","meta":{"_acf_changed":false,"_kad_blocks_custom_css":"","_kad_blocks_head_custom_js":"","_kad_blocks_body_custom_js":"","_kad_blocks_footer_custom_js":"","_kad_post_transparent":"","_kad_post_title":"","_kad_post_layout":"","_kad_post_sidebar_id":"","_kad_post_content_style":"","_kad_post_vertical_padding":"","_kad_post_feature":"","_kad_post_feature_position":"","_kad_post_header":false,"_kad_post_footer":false,"_kad_post_classname":""},"product-category":[119,124],"class_list":["post-3904","product","type-product","status-publish","has-post-thumbnail","hentry","product-category-3d-printing-metal-powder","product-category-aluminum-based-alloy-powder"],"acf":[],"taxonomy_info":{"product-category":[{"value":119,"label":"3D Printing Metal Powder"},{"value":124,"label":"Aluminum Based Alloy Powder"}]},"featured_image_src_large":["https:\/\/3dpmetal.com\/wp-content\/uploads\/2024\/02\/Ti22Al25Nb.jpg",406,304,false],"author_info":[],"comment_info":"","_links":{"self":[{"href":"https:\/\/3dpmetal.com\/cs\/wp-json\/wp\/v2\/product\/3904","targetHints":{"allow":["GET"]}}],"collection":[{"href":"https:\/\/3dpmetal.com\/cs\/wp-json\/wp\/v2\/product"}],"about":[{"href":"https:\/\/3dpmetal.com\/cs\/wp-json\/wp\/v2\/types\/product"}],"wp:featuredmedia":[{"embeddable":true,"href":"https:\/\/3dpmetal.com\/cs\/wp-json\/wp\/v2\/media\/1810"}],"wp:attachment":[{"href":"https:\/\/3dpmetal.com\/cs\/wp-json\/wp\/v2\/media?parent=3904"}],"wp:term":[{"taxonomy":"product-category","embeddable":true,"href":"https:\/\/3dpmetal.com\/cs\/wp-json\/wp\/v2\/product-category?post=3904"}],"curies":[{"name":"wp","href":"https:\/\/api.w.org\/{rel}","templated":true}]}}