{"id":3916,"date":"2024-03-18T06:10:14","date_gmt":"2024-03-18T06:10:14","guid":{"rendered":"https:\/\/3dp.45612300.xyz\/product\/copper-base-solder\/"},"modified":"2024-03-18T06:10:14","modified_gmt":"2024-03-18T06:10:14","slug":"copper-base-solder","status":"publish","type":"product","link":"https:\/\/3dpmetal.com\/cs\/product\/copper-base-solder\/","title":{"rendered":"M\u011bd\u011bn\u00e1 p\u00e1jka"},"content":{"rendered":"<p><span style=\"vertical-align: inherit;\"><span style=\"vertical-align: inherit;\"><\/p>\n<h2>Popis produktu<\/h2>\n<p>Pasta s p\u0159\u00eddavkem m\u011bd\u011bn\u00e9 tavidla se p\u0159ipravuje speci\u00e1ln\u00ed technologi\u00ed z poniklovan\u00e9ho leguj\u00edc\u00edho pr\u00e1\u0161ku na b\u00e1zi m\u011bdi, stopov\u00fdch aktivn\u00edch slo\u017eek, rozpou\u0161t\u011bdel, polymern\u00edch nosi\u010d\u016f a dal\u0161\u00edch p\u0159\u00edsad.<\/p>\n<h2>T\u0159\u00eddy a specifikace<\/h2>\n<div>\n<table>\n<tbody>\n<tr>\n<td data-sheets-value=\"{&quot;1&quot;:2,&quot;2&quot;:&quot;Model&quot;}\">Model<\/td>\n<td data-sheets-value=\"{&quot;1&quot;:2,&quot;2&quot;:&quot;Product Type&quot;}\">Druh produktu<\/td>\n<td data-sheets-value=\"{&quot;1&quot;:2,&quot;2&quot;:&quot;Composition(wt%)&quot;}\">Slo\u017een\u00ed (hm%)<\/td>\n<td data-sheets-value=\"{&quot;1&quot;:2,&quot;2&quot;:&quot;Powder Size&quot;}\">\u0412\u0435\u043b\u0438\u0447\u0438\u043d\u0430 \u0447\u0430\u0441\u0442\u0438\u0446 (\u043c)<\/td>\n<td data-sheets-value=\"{&quot;1&quot;:2,&quot;2&quot;:&quot;Brazing temperature(C)&quot;}\">Teplota p\u00e1jen\u00ed (\u00a1\u00cd)<\/td>\n<td data-sheets-value=\"{&quot;1&quot;:2,&quot;2&quot;:&quot;Brazing method&quot;}\">\n<div>\n<div>Metoda p\u00e1jen\u00ed<\/div>\n<\/div>\n<\/td>\n<\/tr>\n<tr>\n<td data-sheets-value=\"{&quot;1&quot;:2,&quot;2&quot;:&quot;YTCu-1&quot;}\">YTCu-1<\/td>\n<td data-sheets-value=\"{&quot;1&quot;:2,&quot;2&quot;:&quot;Paste&quot;}\">Vlo\u017eit<\/td>\n<td data-sheets-value=\"{&quot;1&quot;:2,&quot;2&quot;:&quot;Cu:93:P:7&quot;}\">Cu:93:P:7 - m\u011b\u010f (93 %), fosfor (7 %)<\/td>\n<td data-sheets-value=\"{&quot;1&quot;:2,&quot;2&quot;:&quot;-200n-235&quot;}\">-200<br \/>\n-235<\/td>\n<td data-sheets-value=\"{&quot;1&quot;:2,&quot;2&quot;:&quot;743-840&quot;}\">743-840<\/td>\n<td colspan=\"1\" rowspan=\"5\" data-sheets-value=\"{&quot;1&quot;:2,&quot;2&quot;:&quot;FuranceflameresistancenHigh frequency brazing&quot;}\">\n<div>Pec, plamen, odolnost<br \/>\nVysokofrekven\u010dn\u00ed p\u00e1jen\u00ed<\/div>\n<\/td>\n<\/tr>\n<tr>\n<td data-sheets-value=\"{&quot;1&quot;:2,&quot;2&quot;:&quot;YTCu-2&quot;}\">YTCu-2<\/td>\n<td data-sheets-value=\"{&quot;1&quot;:2,&quot;2&quot;:&quot;Paste&quot;}\">Vlo\u017eit<\/td>\n<td data-sheets-value=\"{&quot;1&quot;:2,&quot;2&quot;:&quot;Cu:92.5;P:7.5&quot;}\">Cu: 92,5; P: 7,5<\/td>\n<td data-sheets-value=\"{&quot;1&quot;:2,&quot;2&quot;:&quot;-200n-235&quot;}\">-200<br \/>\n-235<\/td>\n<td data-sheets-value=\"{&quot;1&quot;:2,&quot;2&quot;:&quot;730-830&quot;}\">730-830<\/td>\n<\/tr>\n<tr>\n<td data-sheets-value=\"{&quot;1&quot;:2,&quot;2&quot;:&quot;YTCu-3&quot;}\">YTCu-3<\/td>\n<td data-sheets-value=\"{&quot;1&quot;:2,&quot;2&quot;:&quot;Paste&quot;}\">Vlo\u017eit<\/td>\n<td data-sheets-value=\"{&quot;1&quot;:2,&quot;2&quot;:&quot;Cu:86;P:7;Sn:7&quot;}\">Cu:86;P:7;Sn:7<\/td>\n<td data-sheets-value=\"{&quot;1&quot;:2,&quot;2&quot;:&quot;-200n-235&quot;}\">-200<br \/>\n-235<\/td>\n<td data-sheets-value=\"{&quot;1&quot;:2,&quot;2&quot;:&quot;700-750&quot;}\">700-750<\/td>\n<\/tr>\n<tr>\n<td data-sheets-value=\"{&quot;1&quot;:2,&quot;2&quot;:&quot;YTCu-4&quot;}\">YTCu-4<\/td>\n<td data-sheets-value=\"{&quot;1&quot;:2,&quot;2&quot;:&quot;Paste&quot;}\">Vlo\u017eit<\/td>\n<td data-sheets-value=\"{&quot;1&quot;:2,&quot;2&quot;:&quot;Cu:75;Sn;P;Ni, etc.&quot;}\">Cu:75;Sn;P;Ni, atd.<\/td>\n<td data-sheets-value=\"{&quot;1&quot;:2,&quot;2&quot;:&quot;-200n-235&quot;}\">-200<br \/>\n-235<\/td>\n<td data-sheets-value=\"{&quot;1&quot;:2,&quot;2&quot;:&quot;600-650&quot;}\">600-650<\/td>\n<\/tr>\n<tr>\n<td data-sheets-value=\"{&quot;1&quot;:3,&quot;3&quot;:9414}\">9414<\/td>\n<td data-sheets-value=\"{&quot;1&quot;:2,&quot;2&quot;:&quot;Powder&quot;}\">Pr\u00e1\u0161ek<\/td>\n<td data-sheets-value=\"{&quot;1&quot;:2,&quot;2&quot;:&quot;Cu:88;Ni:5;Sn:7&quot;}\">Cu:88;Ni:5;Sn:7<\/td>\n<td data-sheets-value=\"{&quot;1&quot;:2,&quot;2&quot;:&quot;-200n-235&quot;}\">-200<br \/>\n-235<\/td>\n<td data-sheets-value=\"{&quot;1&quot;:2,&quot;2&quot;:&quot;890-900&quot;}\">890-900<\/td>\n<\/tr>\n<\/tbody>\n<\/table>\n<\/div>\n<p>1. Vhodn\u00e9 pro plamenov\u00e9 sva\u0159ov\u00e1n\u00ed, odporov\u00e9 sva\u0159ov\u00e1n\u00ed, vysokofrekven\u010dn\u00ed sva\u0159ov\u00e1n\u00ed a pecn\u00ed sva\u0159ov\u00e1n\u00ed mezi r\u016fzn\u00fdmi m\u011bd\u011bn\u00fdmi a m\u011bd\u011bn\u00fdmi slitinami.<\/p>\n<p>2. Pastu pro p\u00e1jen\u00ed lze aplikovat ru\u010dn\u011b na m\u00edsto, kter\u00e9 se m\u00e1 p\u00e1jet, a lze ji tak\u00e9 pou\u017e\u00edt k poloautomatick\u00e9mu a automatick\u00e9mu \u0161ablonov\u00e9mu tisku a ke vst\u0159ikov\u00e1n\u00ed jehlou. Je efektivn\u00ed a jednoduch\u00e1 a m\u016f\u017ee kvantitativn\u011b kontrolovat mno\u017estv\u00ed pou\u017eit\u00e9 p\u00e1jec\u00ed pasty, co\u017e v\u00fdrazn\u011b zvy\u0161uje pracovn\u00ed efektivitu a v\u00fdnos produktu a tak\u00e9 zlep\u0161uje pracovn\u00ed prost\u0159ed\u00ed.<\/p>\n<p>3. P\u00e1jec\u00ed pasta na b\u00e1zi m\u011bdi a fosforu je \u0161iroce pou\u017e\u00edv\u00e1na p\u0159i p\u00e1jen\u00ed a v\u00fdrob\u011b m\u011bd\u011bn\u00fdch produkt\u016f, jako jsou m\u011bd\u011bn\u00e9 trubky, elektrick\u00e9 topn\u00e9 trubky z m\u011bd\u011bn\u00e9 slitiny, d\u00edly kov\u00e1n\u00ed a r\u016fzn\u00e9 m\u011bd\u011bn\u00e9 radi\u00e1tory. V oblasti odporov\u00e9ho p\u00e1jen\u00ed se \u0161iroce pou\u017e\u00edv\u00e1 p\u0159i odporov\u00e9m p\u00e1jen\u00ed r\u016fzn\u00fdch elektronick\u00fdch sou\u010d\u00e1stek, jako jsou jisti\u010de, elektrom\u011bry a dal\u0161\u00ed sou\u010d\u00e1sti.<\/p>\n<div id=\"gtx-trans\" style=\"position: absolute; left: 582px; top: 188.625px;\">\n<div class=\"gtx-trans-icon\"><\/div>\n<\/div>\n<p><\/span><\/span><\/p>","protected":false},"excerpt":{"rendered":"<p>Popis produktu M\u011bd\u011bn\u00e1 p\u00e1jec\u00ed pasta se p\u0159ipravuje speci\u00e1ln\u00edm postupem z p\u00e1jec\u00edho pr\u00e1\u0161ku na b\u00e1zi m\u011bdi, stopov\u00fdch aktivn\u00edch slo\u017eek, rozpou\u0161t\u011bdel, polymern\u00edch nosi\u010d\u016f a dal\u0161\u00edch p\u0159\u00edsad. T\u0159\u00eddy a specifikace Model Typ v\u00fdrobku Slo\u017een\u00ed (wt%) Velikost pr\u00e1\u0161ku (M) Teplota p\u00e1jen\u00ed (\u00a1\u00cd) Metoda p\u00e1jen\u00ed YTCu-1 Pasta Cu:93:P:7 -200 -235 743-840 V\u00fddr\u017e, plamen, odolnost, vysokofrekven\u010dn\u00ed p\u00e1jen\u00ed YTCu-2 Pasta Cu:92,5;P:7,5 -200 -235 730-830...<\/p>","protected":false},"featured_media":1833,"parent":0,"template":"","meta":{"_acf_changed":false,"_kad_blocks_custom_css":"","_kad_blocks_head_custom_js":"","_kad_blocks_body_custom_js":"","_kad_blocks_footer_custom_js":"","_kad_post_transparent":"","_kad_post_title":"","_kad_post_layout":"","_kad_post_sidebar_id":"","_kad_post_content_style":"","_kad_post_vertical_padding":"","_kad_post_feature":"","_kad_post_feature_position":"","_kad_post_header":false,"_kad_post_footer":false,"_kad_post_classname":""},"product-category":[119,129],"class_list":["post-3916","product","type-product","status-publish","has-post-thumbnail","hentry","product-category-3d-printing-metal-powder","product-category-copper-alloy-powder"],"acf":[],"taxonomy_info":{"product-category":[{"value":119,"label":"3D Printing Metal Powder"},{"value":129,"label":"Copper Alloy Powder"}]},"featured_image_src_large":["https:\/\/3dpmetal.com\/wp-content\/uploads\/2024\/02\/Copper-base-Solder.png",600,600,false],"author_info":[],"comment_info":"","_links":{"self":[{"href":"https:\/\/3dpmetal.com\/cs\/wp-json\/wp\/v2\/product\/3916","targetHints":{"allow":["GET"]}}],"collection":[{"href":"https:\/\/3dpmetal.com\/cs\/wp-json\/wp\/v2\/product"}],"about":[{"href":"https:\/\/3dpmetal.com\/cs\/wp-json\/wp\/v2\/types\/product"}],"wp:featuredmedia":[{"embeddable":true,"href":"https:\/\/3dpmetal.com\/cs\/wp-json\/wp\/v2\/media\/1833"}],"wp:attachment":[{"href":"https:\/\/3dpmetal.com\/cs\/wp-json\/wp\/v2\/media?parent=3916"}],"wp:term":[{"taxonomy":"product-category","embeddable":true,"href":"https:\/\/3dpmetal.com\/cs\/wp-json\/wp\/v2\/product-category?post=3916"}],"curies":[{"name":"wp","href":"https:\/\/api.w.org\/{rel}","templated":true}]}}