{"id":3922,"date":"2024-03-18T06:10:14","date_gmt":"2024-03-18T06:10:14","guid":{"rendered":"https:\/\/3dp.45612300.xyz\/product\/t15-powder\/"},"modified":"2024-03-18T06:10:14","modified_gmt":"2024-03-18T06:10:14","slug":"t15-powder","status":"publish","type":"product","link":"https:\/\/3dpmetal.com\/cs\/product\/t15-powder\/","title":{"rendered":"T15 pr\u00e1\u0161ek"},"content":{"rendered":"<p><span style=\"vertical-align: inherit;\"><span style=\"vertical-align: inherit;\"><\/p>\n<h2>P\u0159ehled pr\u00e1\u0161ku T15<\/h2>\n<p class=\"whitespace-pre-wrap\">Pr\u00e1\u0161ek T15 je karbid wolframu-kobaltu, kter\u00fd nab\u00edz\u00ed v\u00fdjime\u010dnou kombinaci tvrdosti, pevnosti a hou\u017eevnatosti. Obsahuje vysok\u00e9 procento karbidu wolframu spolu s 15% kobaltu jako pojivov\u00e9 f\u00e1ze.<\/p>\n<p class=\"whitespace-pre-wrap\">Kl\u00ed\u010dov\u00e9 vlastnosti a v\u00fdhody pr\u00e1\u0161ku T15:<\/p>\n<p class=\"whitespace-pre-wrap\"><strong>Vlastnosti a charakteristiky pr\u00e1\u0161ku T15<\/strong><\/p>\n<table>\n<thead>\n<tr>\n<th>Vlastnosti<\/th>\n<th>Podrobnosti<\/th>\n<\/tr>\n<\/thead>\n<tbody>\n<tr>\n<td>Kompozice<\/td>\n<td>Ocelov\u00e9 WC s pojivy Co 85 % 15 %<\/td>\n<\/tr>\n<tr>\n<td>Hustota<\/td>\n<td>13,0 - 14,5 g\/cm\u00b3<\/td>\n<\/tr>\n<tr>\n<td>Tvar \u010d\u00e1stice<\/td>\n<td>Okrouhl\u00fd, mnoho\u00faheln\u00edkov\u00fd<\/td>\n<\/tr>\n<tr>\n<td>Rozsah velikost\u00ed<\/td>\n<td>0,5-15 mikron\u016f<\/td>\n<\/tr>\n<tr>\n<td>Tvrdost<\/td>\n<td>88\u201393 % HRA po sp\u00e9k\u00e1n\u00ed<\/td>\n<\/tr>\n<tr>\n<td>Pevnost p\u0159\u00ed\u010dn\u00e9ho tahu<\/td>\n<td>550-650 MPa<\/td>\n<\/tr>\n<\/tbody>\n<\/table>\n<p class=\"whitespace-pre-wrap\">Velmi tvrd\u00e9 \u010d\u00e1ste\u010dky karbidu wolframu dr\u017een\u00e9 pohromad\u011b v kobaltov\u00e9 matrici \u010din\u00ed T15 ide\u00e1ln\u00ed pro nejextr\u00e9mn\u011bj\u0161\u00ed podm\u00ednky opot\u0159eben\u00ed a od\u011bru v pr\u016fmyslov\u00e9m, hornick\u00e9m a stavebn\u00edm sektoru.<\/p>\n<h2>Slo\u017een\u00ed pr\u00e1\u0161ku T15<\/h2>\n<p class=\"whitespace-pre-wrap\">Typick\u00e9 slo\u017een\u00ed pr\u00e1\u0161ku ze slinut\u00e9 karbidov\u00e9 oceli T15:<\/p>\n<p class=\"whitespace-pre-wrap\"><strong>Slo\u017een\u00ed pr\u00e1\u0161ku T15<\/strong><\/p>\n<table>\n<thead>\n<tr>\n<th>Komponent<\/th>\n<th>Hmotnostn\u00ed %<\/th>\n<\/tr>\n<\/thead>\n<tbody>\n<tr>\n<td>Karbid wolframu (WC)<\/td>\n<td>84-86%<\/td>\n<\/tr>\n<tr>\n<td>Kobalt (Co)<\/td>\n<td>14-16%<\/td>\n<\/tr>\n<tr>\n<td>Uhl\u00edk (C)<\/td>\n<td>Max. 0,8 %<\/td>\n<\/tr>\n<tr>\n<td>Kysl\u00edk (O)<\/td>\n<td>max. 0,5 %<\/td>\n<\/tr>\n<tr>\n<td>\u017delezo (Fe)<\/td>\n<td>Max. 0,3 %<\/td>\n<\/tr>\n<tr>\n<td>Nikl (Ni)<\/td>\n<td>Max. 0,3 %<\/td>\n<\/tr>\n<\/tbody>\n<\/table>\n<ul class=\"list-disc pl-8 space-y-2\">\n<li class=\"whitespace-normal\">Karbid wolframu poskytuje extr\u00e9mn\u00ed tvrdost a odolnost proti opot\u0159eben\u00ed<\/li>\n<li class=\"whitespace-normal\">Kobalt je odoln\u00e9 a ohebn\u00e9 pojivo, kter\u00e9 dr\u017e\u00ed \u010d\u00e1stice WC pohromad\u011b<\/li>\n<li class=\"whitespace-normal\">P\u0159\u00edtomn\u00e9 ne\u010distoty, jako jsou uhl\u00edk a kysl\u00edk<\/li>\n<li class=\"whitespace-normal\">Sledov\u00e1n\u00ed \u017eeleza a niklu ze surov\u00fdch materi\u00e1l\u016f<\/li>\n<\/ul>\n<p class=\"whitespace-pre-wrap\">Optimalizovan\u00fd pom\u011br WC-Co poskytuje nejlep\u0161\u00ed kombinaci tvrdosti, hou\u017eevnatosti a r\u00e1zov\u00e9 \u00fanavov\u00e9 pevnosti pot\u0159ebn\u00fdch pro tv\u00e1\u0159\u00edc\u00ed aplikace.<\/p>\n<h2>T15 pr\u00e1\u0161ek fyzik\u00e1ln\u00ed vlastnosti<\/h2>\n<p class=\"whitespace-pre-wrap\"><strong>T15 pr\u00e1\u0161ek fyzik\u00e1ln\u00ed vlastnosti<\/strong><\/p>\n<table>\n<thead>\n<tr>\n<th>Nemovitost<\/th>\n<th>Hodnoty<\/th>\n<\/tr>\n<\/thead>\n<tbody>\n<tr>\n<td>Hustota<\/td>\n<td>13,0 - 14,5 g\/cm\u00b3<\/td>\n<\/tr>\n<tr>\n<td>Teplota t\u00e1n\u00ed<\/td>\n<td>2870 \u00a1\u00abC (WC) a 1495 \u00a1\u00abC (Co)<\/td>\n<\/tr>\n<tr>\n<td>Tepeln\u00e1 vodivost<\/td>\n<td>60-100 W\/mK<\/td>\n<\/tr>\n<tr>\n<td>Elektrick\u00fd odpor<\/td>\n<td>25-35 \u00c3\u2014 10^-2 m<\/td>\n<\/tr>\n<tr>\n<td>Sou\u010dinitel tepeln\u00e9 rozta\u017enosti<\/td>\n<td>4,5-6,0 \u00d7 10^-6 \/K<\/td>\n<\/tr>\n<tr>\n<td>Maxim\u00e1ln\u00ed provozn\u00ed teplota<\/td>\n<td>500\u00a1\u00abC ve vzduchu<\/td>\n<\/tr>\n<\/tbody>\n<\/table>\n<ul class=\"list-disc pl-8 space-y-2\">\n<li class=\"whitespace-normal\">Velmi vysok\u00e1 hustota umo\u017e\u0148uje pou\u017eit\u00ed ve kompaktn\u00edch, miniaturizovan\u00fdch sou\u010d\u00e1stech<\/li>\n<li class=\"whitespace-normal\">Velmi n\u00edzk\u00fd CTE sni\u017euje tepeln\u00e9 nam\u00e1h\u00e1n\u00ed a deformace<\/li>\n<li class=\"whitespace-normal\">Odol\u00e1 nep\u0159etr\u017eit\u00e9mu provozu a\u017e do 500 \u00b0C<\/li>\n<li class=\"whitespace-normal\">Dobr\u00e1 tepeln\u00e1 vodivost sni\u017euje teplotn\u00ed gradienty<\/li>\n<\/ul>\n<p class=\"whitespace-pre-wrap\">Tyto vlastnosti hacen que el T15 sea adecuado para condiciones de abrasi\u00f3n severa y fuerza de impacto repetida experimentada en entornos de miner\u00eda, perforaci\u00f3n y construcci\u00f3n.<\/p>\n<h2>Mechanick\u00e9 vlastnosti pr\u00e1\u0161ku T15<\/h2>\n<p class=\"whitespace-pre-wrap\"><strong>Mechanick\u00e9 vlastnosti pr\u00e1\u0161ku T15<\/strong><\/p>\n<table>\n<thead>\n<tr>\n<th>Nemovitost<\/th>\n<th>Hodnoty<\/th>\n<\/tr>\n<\/thead>\n<tbody>\n<tr>\n<td>Tvrdost<\/td>\n<td>88-93 HRA<\/td>\n<\/tr>\n<tr>\n<td>Pevnost p\u0159\u00ed\u010dn\u00e9ho tahu<\/td>\n<td>550-650 MPa<\/td>\n<\/tr>\n<tr>\n<td>Tlakov\u00e1 pevnost<\/td>\n<td>5500\u20136200 MPa<\/td>\n<\/tr>\n<tr>\n<td>Hou\u017eevnatost lomu<\/td>\n<td>10-12 MPa.m^1\/2<\/td>\n<\/tr>\n<tr>\n<td>Young\u016fv modul<\/td>\n<td>550-650 GPa<\/td>\n<\/tr>\n<tr>\n<td>\u00daderov\u00e1 pevnost<\/td>\n<td>350\u2013900 kJ\/m2<\/td>\n<\/tr>\n<\/tbody>\n<\/table>\n<ul class=\"list-disc pl-8 space-y-2\">\n<li class=\"whitespace-normal\">Extr\u00e9mn\u00ed tvrdost poskytuje odolnost proti opot\u0159eben\u00ed a od\u011bru<\/li>\n<li class=\"whitespace-normal\">velmi vysok\u00e1 pevnost v tlaku odol\u00e1v\u00e1 drt\u00edc\u00edm sil\u00e1m<\/li>\n<li class=\"whitespace-normal\">P\u0159im\u011b\u0159en\u00e1 hou\u017eevnatost a r\u00e1zov\u00e1 hou\u017eevnatost<\/li>\n<li class=\"whitespace-normal\">Tvrdost a pevnost ur\u010den\u00e1 velikost\u00ed a distribuc\u00ed \u010d\u00e1stic WC<\/li>\n<\/ul>\n<p class=\"whitespace-pre-wrap\">Tato v\u00fdjime\u010dn\u00e1 kombinace tvrdosti, pevnosti a hou\u017eevnatosti \u010din\u00ed T15 vhodnou pro nejv\u011bt\u0161\u00ed r\u00e1zov\u00e9, abrasivn\u00ed a r\u00fdhovac\u00ed z\u00e1t\u011b\u017ee.<\/p>\n<h2>Aplikace pr\u00e1\u0161ku T15<\/h2>\n<p class=\"whitespace-pre-wrap\">Mezi typick\u00e9 aplikace pr\u00e1\u0161ku z wolfram karbid-kobalt T15 pat\u0159\u00ed:<\/p>\n<p class=\"whitespace-pre-wrap\"><strong>Aplikace pr\u00e1\u0161ku T15<\/strong><\/p>\n<table>\n<thead>\n<tr>\n<th>Pr\u016fmysl<\/th>\n<th>Uk\u00e1zkov\u00e9 pou\u017eit\u00ed<\/th>\n<\/tr>\n<\/thead>\n<tbody>\n<tr>\n<td>T\u011b\u017eba<\/td>\n<td>Vrtac\u00ed korunky, trysky pro otrysk\u00e1v\u00e1n\u00ed<\/td>\n<\/tr>\n<tr>\n<td>Konstrukce<\/td>\n<td>Demoli\u010dn\u00ed n\u00e1stroje, rockov\u00e9 drti\u010de<\/td>\n<\/tr>\n<tr>\n<td>V\u00fdroba<\/td>\n<td>Formy \u2013 Ta\u017een\u00ed kov\u016f<\/td>\n<\/tr>\n<tr>\n<td>Nafta a plyn<\/td>\n<td>Stabiliz\u00e1tory, spodn\u00ed d\u00edlov\u00e9 motory<\/td>\n<\/tr>\n<tr>\n<td>Obecn\u011b<\/td>\n<td>N\u00e1stroje pro \u0159ez\u00e1n\u00ed a obr\u00e1b\u011bn\u00ed<\/td>\n<\/tr>\n<\/tbody>\n<\/table>\n<p class=\"whitespace-pre-wrap\">Konkr\u00e9tn\u00ed pou\u017eit\u00ed produktu:<\/p>\n<ul class=\"list-disc pl-8 space-y-2\">\n<li class=\"whitespace-normal\">Vrt\u00e1ky pro perkusn\u00ed vrt\u00e1n\u00ed hornin, n\u00e1stroje k vyvrt\u00e1v\u00e1n\u00ed dol\u016f<\/li>\n<li class=\"whitespace-normal\">Vysoce abrazivn\u00ed \u010d\u00e1sti kalov\u00fdch \u010derpadel jako h\u0159\u00eddele, ob\u011b\u017en\u00e1 kola<\/li>\n<li class=\"whitespace-normal\">Extru\u010dnice pro v\u00fdrobu cihel a keramiky<\/li>\n<li class=\"whitespace-normal\">Odoln\u00e9 komponenty v p\u00edskovac\u00edch za\u0159\u00edzen\u00edch<\/li>\n<li class=\"whitespace-normal\">\u0158ez\u00e1n\u00ed \u010depel\u00ed, no\u017e\u016f, vid\u011bn\u00fdch zub\u016f, kter\u00e9 pot\u0159ebuj\u00ed extr\u00e9mn\u00ed tvrdost<\/li>\n<\/ul>\n<p class=\"whitespace-pre-wrap\">T15\u00ae poskytuje bezkonkuren\u010dn\u00ed tvrdost a odolnost proti opot\u0159eben\u00ed, co\u017e z n\u011bj d\u011bl\u00e1 \u0161pi\u010dkovou volbu pro za\u0159\u00edzen\u00ed pou\u017e\u00edvan\u00e1 v t\u011bch nejt\u011b\u017e\u0161\u00edch podm\u00ednk\u00e1ch abrazivn\u00edch n\u00e1raz\u016f v r\u016fzn\u00fdch pr\u016fmyslov\u00fdch odv\u011btv\u00edch.<\/p>\n<h2>Technick\u00e9 \u0161pecifik\u00e1cie prachu T15<\/h2>\n<p class=\"whitespace-pre-wrap\">Kl\u00ed\u010dov\u00e9 specifikace pro cementovan\u00fd karbidov\u00fd pr\u00e1\u0161ek T15:<\/p>\n<p class=\"whitespace-pre-wrap\"><strong>T15 Pr\u00e1\u0161kov\u00e9 normy<\/strong><\/p>\n<table>\n<thead>\n<tr>\n<th>Standard<\/th>\n<th>Popis<\/th>\n<\/tr>\n<\/thead>\n<tbody>\n<tr>\n<td>ISO 513<\/td>\n<td>Klasifikace a pou\u017eit\u00ed slinut\u00fdch karbid\u016f<\/td>\n<\/tr>\n<tr>\n<td>ASTM B276<\/td>\n<td>Pr\u00e1\u0161ky z karbidu kobaltu a wolframu a tvrd\u00e9 kovy<\/td>\n<\/tr>\n<tr>\n<td>JIS G 4053<\/td>\n<td>Slinut\u00e9 tvrdokovy<\/td>\n<\/tr>\n<tr>\n<td>GB\/T 4661-2006<\/td>\n<td>\u010c\u00ednsk\u00e1 norma pro slinut\u00e9 karbidy<\/td>\n<\/tr>\n<\/tbody>\n<\/table>\n<p class=\"whitespace-pre-wrap\">Ty definuj\u00ed:<\/p>\n<ul class=\"list-disc pl-8 space-y-2\">\n<li class=\"whitespace-normal\">Chemick\u00e9 slo\u017een\u00ed \u2013 obsah kobaltu a wolframu<\/li>\n<li class=\"whitespace-normal\">Velikost zrna karbid\u016f a distribuce velikosti \u010d\u00e1stic pr\u00e1\u0161ku<\/li>\n<li class=\"whitespace-normal\">Po\u017eadovan\u00e9 mechanick\u00e9 vlastnosti<\/li>\n<li class=\"whitespace-normal\">P\u0159\u00edpustn\u00e9 ne\u010distoty<\/li>\n<li class=\"whitespace-normal\">Schv\u00e1len\u00e9 v\u00fdrobn\u00ed metody, jako je nauhli\u010dov\u00e1n\u00ed a reduk\u010dn\u011b difuzn\u00ed<\/li>\n<\/ul>\n<p class=\"whitespace-pre-wrap\">Dodr\u017een\u00ed t\u011bchto specifikac\u00ed zaji\u0161\u0165uje optim\u00e1ln\u00ed kombinaci tvrdosti, pevnosti a hou\u017eevnatosti pro maxim\u00e1ln\u00ed \u017eivotnost.<\/p>\n<h2>T15 velikosti \u010d\u00e1stic pr\u00e1\u0161ku<\/h2>\n<p class=\"whitespace-pre-wrap\"><strong>T15 Pr\u00e1\u0161kov\u00e1 distribuce velikosti \u010d\u00e1stic<\/strong><\/p>\n<table>\n<thead>\n<tr>\n<th>Velikost \u010d\u00e1stic<\/th>\n<th>Charakteristiky<\/th>\n<\/tr>\n<\/thead>\n<tbody>\n<tr>\n<td>0,5\u20132 mikrony<\/td>\n<td>Ultrajemn\u00e9 zrna zaji\u0161\u0165uj\u00ed super povrchovou \u00fapravu<\/td>\n<\/tr>\n<tr>\n<td>0,5\u20135 mikron\u016f<\/td>\n<td>Rozsah submikron\u016f zvy\u0161uje odolnost<\/td>\n<\/tr>\n<tr>\n<td>3 a\u017e 15 mikrometr\u016f<\/td>\n<td>Nej\u010dast\u011bji pou\u017e\u00edvan\u00e1 velikost pro optim\u00e1ln\u00ed vlastnosti<\/td>\n<\/tr>\n<\/tbody>\n<\/table>\n<ul class=\"list-disc pl-8 space-y-2\">\n<li class=\"whitespace-normal\">Jemn\u00e9 pr\u00e1\u0161ky zvy\u0161uj\u00ed tvrdost a fin\u00e1ln\u00ed vrstvu<\/li>\n<li class=\"whitespace-normal\">Hrub\u0161\u00ed pr\u00e1\u0161ky zlep\u0161uj\u00ed pevnost lomu a odolnost proti n\u00e1razu<\/li>\n<li class=\"whitespace-normal\">Optim\u00e1ln\u00ed distribuce velikosti \u010d\u00e1stic podle provozn\u00edch podm\u00ednek<\/li>\n<li class=\"whitespace-normal\">Pou\u017e\u00edvaj\u00ed se jak drcen\u00fd, tak sintrovan\u00fd karbidov\u00fd pr\u00e1\u0161ek<\/li>\n<\/ul>\n<p class=\"whitespace-pre-wrap\">\u0158\u00edzen\u00ed distribuce velikosti \u010d\u00e1stic a morfologie optimalizuje kone\u010dn\u00e9 vlastnosti komponent\u016f a jejich v\u00fdkon.<\/p>\n<h2>Metoda v\u00fdroby T15 pr\u00e1\u0161ku<\/h2>\n<p class=\"whitespace-pre-wrap\"><strong>V\u00fdroba pr\u00e1\u0161ku T15<\/strong><\/p>\n<table>\n<thead>\n<tr>\n<th>Metoda<\/th>\n<th>Podrobnosti<\/th>\n<\/tr>\n<\/thead>\n<tbody>\n<tr>\n<td>Karburace a reduk\u010dn\u011bdifuzn\u00ed cementov\u00e1n\u00ed<\/td>\n<td>Vyr\u00e1b\u00ed jemn\u00e9 sf\u00e9rick\u00e9 pr\u00e1\u0161ky<\/td>\n<\/tr>\n<tr>\n<td>Dr\u0165ov\u00e1 k\u0159emi\u010ditanov\u00e1 deska<\/td>\n<td>Ni\u017e\u0161\u00ed n\u00e1klady, nepravideln\u00e9 \u00fahlov\u00e9 \u010d\u00e1stice<\/td>\n<\/tr>\n<tr>\n<td>Fr\u00e9zov\u00e1n\u00ed<\/td>\n<td>Mlet\u00ed v kulov\u00e9m ml\u00fdnu se pou\u017e\u00edv\u00e1 pro zmen\u0161en\u00ed velikosti \u010d\u00e1stic<\/td>\n<\/tr>\n<tr>\n<td>Rozpra\u0161ovac\u00ed su\u0161en\u00ed<\/td>\n<td>Proces granulace a sferoidizace<\/td>\n<\/tr>\n<tr>\n<td>Degassing<\/td>\n<td>Odstra\u0148uje plynov\u00e9 ne\u010distoty<\/td>\n<\/tr>\n<\/tbody>\n<\/table>\n<ul class=\"list-disc pl-8 space-y-2\">\n<li class=\"whitespace-normal\">Sf\u00e9rick\u00e1 morfologie pr\u00e1\u0161ku zaji\u0161\u0165uje vysokou hustotu balen\u00ed<\/li>\n<li class=\"whitespace-normal\">Mlet\u00e9 pr\u00e1\u0161ky maj\u00ed ni\u017e\u0161\u00ed v\u00fdrobn\u00ed n\u00e1klady<\/li>\n<li class=\"whitespace-normal\">Pro mlet\u00ed a su\u0161en\u00ed rozpr\u00e1\u0161en\u00edm se pou\u017e\u00edv\u00e1 regulace velikosti \u010d\u00e1stic<\/li>\n<li class=\"whitespace-normal\">Odplyn\u011bn\u00ed optimalizuje \u010distotu pr\u00e1\u0161ku a slinovanou mikrostrukturu<\/li>\n<\/ul>\n<p class=\"whitespace-pre-wrap\">Automatizovan\u00e9, vysoce objemov\u00e9 v\u00fdrobn\u00ed procesy vedou ke konzistentn\u00ed surovin\u011b optimalizovan\u00e9 pro v\u00fdkon d\u00edl\u016f.<\/p>\n<h2>T15 Ceny pr\u00e1\u0161k\u016f<\/h2>\n<p class=\"whitespace-pre-wrap\"><strong>T15 Ceny pr\u00e1\u0161k\u016f<\/strong><\/p>\n<table>\n<thead>\n<tr>\n<th>Faktor<\/th>\n<th>Vliv na cenu<\/th>\n<\/tr>\n<\/thead>\n<tbody>\n<tr>\n<td>Zrnitost<\/td>\n<td>Vy\u0161\u0161\u00ed stupe\u0148 \u010distoty stoj\u00ed v\u00edc<\/td>\n<\/tr>\n<tr>\n<td>Velikost \u010d\u00e1stic<\/td>\n<td>Ultrajemn\u00fd pr\u00e1\u0161ek je dra\u017e\u0161\u00ed<\/td>\n<\/tr>\n<tr>\n<td>Mno\u017estv\u00ed objedn\u00e1vky<\/td>\n<td>Cena kles\u00e1 s rostouc\u00edm objemem<\/td>\n<\/tr>\n<tr>\n<td>Zp\u016fsob v\u00fdroby<\/td>\n<td>Komplexn\u00ed metody zvy\u0161uj\u00ed cenu<\/td>\n<\/tr>\n<tr>\n<td>Balen\u00ed<\/td>\n<td>Speci\u00e1ln\u00ed ta\u0161ky nebo plechovky zvy\u0161uj\u00ed n\u00e1klady<\/td>\n<\/tr>\n<\/tbody>\n<\/table>\n<p class=\"whitespace-pre-wrap\"><strong>Orienta\u010dn\u00ed ceny<\/strong><\/p>\n<ul class=\"list-disc pl-8 space-y-2\">\n<li class=\"whitespace-normal\">T15 sf\u00e9rick\u00fd pr\u00e1\u0161ek: 45\u201360 USD za kg<\/li>\n<li class=\"whitespace-normal\">Pr\u00e1\u0161ek T15 drcen\u00fd: 35\u201345 $ za kg<\/li>\n<li class=\"whitespace-normal\">Ceny pro velkoobjemov\u00e9 odb\u011bry od 20 do 30 % ni\u017e\u0161\u00ed<\/li>\n<\/ul>\n<p class=\"whitespace-pre-wrap\">Cena z\u00e1vis\u00ed na vlastnostech pr\u00e1\u0161ku, zp\u016fsobu v\u00fdroby, velikosti objedn\u00e1vky, balen\u00ed a dob\u011b realizace.<\/p>\n<h2>Dodavatel\u00e9 pr\u00e1\u0161ku T15<\/h2>\n<p class=\"whitespace-pre-wrap\"><strong>Dodavatel\u00e9 pr\u00e1\u0161ku T15<\/strong><\/p>\n<table>\n<thead>\n<tr>\n<th>Spole\u010dnost<\/th>\n<th>Um\u00edst\u011bn\u00ed<\/th>\n<\/tr>\n<\/thead>\n<tbody>\n<tr>\n<td>Sandvik<\/td>\n<td>\u0160v\u00e9dsko<\/td>\n<\/tr>\n<tr>\n<td>Kennametal<\/td>\n<td>USA<\/td>\n<\/tr>\n<tr>\n<td>H.C. Starck<\/td>\n<td>N\u011bmecko<\/td>\n<\/tr>\n<tr>\n<td>Jingdong Nov\u00fd Materi\u00e1l<\/td>\n<td>\u010c\u00edna<\/td>\n<\/tr>\n<tr>\n<td>Zhuzhou Cemented Carbide Group<\/td>\n<td>\u010c\u00edna<\/td>\n<\/tr>\n<tr>\n<td>Toshiba Materials<\/td>\n<td>Japonsko<\/td>\n<\/tr>\n<\/tbody>\n<\/table>\n<p class=\"whitespace-pre-wrap\">Faktory v\u00fdb\u011bru:<\/p>\n<ul class=\"list-disc pl-8 space-y-2\">\n<li class=\"whitespace-normal\">Zrnitost pr\u00e1\u0161k\u016f a morfologie \u010d\u00e1stic<\/li>\n<li class=\"whitespace-normal\">Produktivn\u00ed kapacita a dodac\u00ed lhuty<\/li>\n<li class=\"whitespace-normal\">Technick\u00e9 odborn\u00e9 znalosti a z\u00e1kaznick\u00fd servis<\/li>\n<li class=\"whitespace-normal\">Postupy odb\u011bru vzork\u016f, testov\u00e1n\u00ed a kontroly kvality<\/li>\n<li class=\"whitespace-normal\">\u00darovn\u011b cen a platebn\u00ed podm\u00ednky<\/li>\n<li class=\"whitespace-normal\">Dodr\u017eov\u00e1n\u00ed mezin\u00e1rodn\u00edch materi\u00e1lov\u00fdch norem<\/li>\n<\/ul>\n<h2>T15 Manipulace a skladov\u00e1n\u00ed pr\u00e1\u0161ku<\/h2>\n<p class=\"whitespace-pre-wrap\"><strong>Manipulace s pr\u00e1\u0161kem T15<\/strong><\/p>\n<table>\n<thead>\n<tr>\n<th>Doporu\u010den\u00ed<\/th>\n<th>D\u016fvod<\/th>\n<\/tr>\n<\/thead>\n<tbody>\n<tr>\n<td>Pou\u017eijte OOPP a ventilaci<\/td>\n<td>Zabra\u0148te expozici jemn\u00fdm \u010d\u00e1stic\u00edm<\/td>\n<\/tr>\n<tr>\n<td>Zabra\u0148te zdroj\u016fm zap\u00e1len\u00ed<\/td>\n<td>Pr\u00e1\u0161ek m\u016f\u017ee sho\u0159et, pokud se p\u0159eh\u0159eje na vzduchu<\/td>\n<\/tr>\n<tr>\n<td>Dodr\u017eujte bezpe\u010dn\u00e9 protokoly<\/td>\n<td>Sn\u00ed\u017een\u00ed zdravotn\u00edch rizik a nebezpe\u010d\u00ed po\u017e\u00e1ru<\/td>\n<\/tr>\n<tr>\n<td>Pou\u017e\u00edvejte inertn\u00ed atmosf\u00e9ru<\/td>\n<td>Zabr\u00e1nit oxidaci b\u011bhem zpracov\u00e1n\u00ed pr\u00e1\u0161ku<\/td>\n<\/tr>\n<tr>\n<td>Uchov\u00e1vejte v uzav\u0159en\u00fdch n\u00e1dob\u00e1ch<\/td>\n<td>Zabr\u00e1nit kontaminaci nebo absorpci<\/td>\n<\/tr>\n<\/tbody>\n<\/table>\n<p class=\"whitespace-pre-wrap\"><strong>Doporu\u010den\u00ed pro \u00falo\u017ei\u0161t\u011b<\/strong><\/p>\n<ul class=\"list-disc pl-8 space-y-2\">\n<li class=\"whitespace-normal\">Skladujte ve stabiln\u00edch n\u00e1dob\u00e1ch a p\u0159i okoln\u00ed teplot\u011b<\/li>\n<li class=\"whitespace-normal\">Omezte vystavov\u00e1n\u00ed vlhkosti, kyselin\u00e1m, chloru<\/li>\n<li class=\"whitespace-normal\">Vyhn\u011bte se k\u0159\u00ed\u017eov\u00e9 kontaminaci z jin\u00fdch pr\u00e1\u0161k\u016f<\/li>\n<\/ul>\n<p class=\"whitespace-pre-wrap\">Vhodn\u00e1 opat\u0159en\u00ed chr\u00e1n\u00ed \u010distotu a zaji\u0161\u0165uj\u00ed, \u017ee pr\u00e1\u0161ek je bezpe\u010dn\u00fd pro manipulaci a skladov\u00e1n\u00ed.<\/p>\n<h2>Zkou\u0161ky a inspekce pr\u00e1\u0161ku T15<\/h2>\n<p class=\"whitespace-pre-wrap\"><strong>Ov\u011b\u0159ov\u00e1n\u00ed pr\u00e1\u0161ku T15<\/strong><\/p>\n<table>\n<thead>\n<tr>\n<th>Test<\/th>\n<th>Podrobnosti<\/th>\n<\/tr>\n<\/thead>\n<tbody>\n<tr>\n<td>Chemick\u00e1 anal\u00fdza<\/td>\n<td>Ov\u011b\u0159uje slo\u017een\u00ed pou\u017eit\u00edm ICP, EDX nebo XRF<\/td>\n<\/tr>\n<tr>\n<td>Distribuce velikosti \u010d\u00e1stic<\/td>\n<td>Laserov\u00e1 difrakce nebo sedimenta\u010dn\u00ed anal\u00fdza<\/td>\n<\/tr>\n<tr>\n<td>Morfologie pr\u00e1\u0161ku<\/td>\n<td>Sn\u00edmkov\u00e1n\u00ed SEM tvaru \u010d\u00e1stic<\/td>\n<\/tr>\n<tr>\n<td>Zd\u00e1nliv\u00e1 hustota<\/td>\n<td>Nam\u011b\u0159eno v souladu s normou ASTM B212<\/td>\n<\/tr>\n<tr>\n<td>Hustota poklep\u00e1n\u00ed<\/td>\n<td>Hustota nam\u011b\u0159en\u00e1 po mechanick\u00e9m poklep\u00e1n\u00ed<\/td>\n<\/tr>\n<tr>\n<td>Hmotnostn\u00ed pr\u016ftok halou<\/td>\n<td>Stanovuje sypkost pr\u00e1\u0161ku<\/td>\n<\/tr>\n<\/tbody>\n<\/table>\n<p class=\"whitespace-pre-wrap\">Testov\u00e1n\u00ed zaji\u0161\u0165uje, aby pr\u00e1\u0161ek odpov\u00eddal po\u017eadavk\u016fm na chemick\u00e9 slo\u017een\u00ed, vlastnosti \u010d\u00e1stic, morfologii, hustotu a sypnost podle p\u0159\u00edslu\u0161n\u00fdch norem.<\/p>\n<h2>Klady a z\u00e1pory pr\u00e1\u0161ku T15<\/h2>\n<p class=\"whitespace-pre-wrap\"><strong>V\u00fdhody T15 Powder<\/strong><\/p>\n<ul class=\"list-disc pl-8 space-y-2\">\n<li class=\"whitespace-normal\">Mimo\u0159\u00e1dn\u00e1 tvrdost, odolnost v\u016f\u010di opot\u0159eben\u00ed a pevnost<\/li>\n<li class=\"whitespace-normal\">Odol\u00e1v\u00e1 vysok\u00e9mu tlaku bez prasknut\u00ed<\/li>\n<li class=\"whitespace-normal\">Dobr\u00e1 hou\u017eevnatost lomu a odolnost proti n\u00e1razu<\/li>\n<li class=\"whitespace-normal\">Rozm\u011brov\u00e1 stabilita pod t\u011b\u017ek\u00fdm n\u00e1kladem<\/li>\n<li class=\"whitespace-normal\">Odol\u00e1v\u00e1 deformaci p\u0159i zv\u00fd\u0161en\u00fdch teplot\u00e1ch<\/li>\n<li class=\"whitespace-normal\">Umo\u017e\u0148uje men\u0161\u00ed a leh\u010d\u00ed komponenty<\/li>\n<\/ul>\n<p class=\"whitespace-pre-wrap\"><strong>Omezen\u00ed pr\u00e1\u0161ku T15<\/strong><\/p>\n<ul class=\"list-disc pl-8 space-y-2\">\n<li class=\"whitespace-normal\">Po slinov\u00e1n\u00ed t\u011b\u017eko obrobiteln\u00e9<\/li>\n<li class=\"whitespace-normal\">Nevhodn\u00e9 pro dynamick\u00e9 aplikace s lo\u017eisky<\/li>\n<li class=\"whitespace-normal\">Relativn\u011b k\u0159ehk\u00e9 chov\u00e1n\u00ed<\/li>\n<li class=\"whitespace-normal\">Oxeidace p\u0159i vysok\u00fdch teplot\u00e1ch bez rezistentn\u00edch n\u00e1t\u011br\u016f<\/li>\n<li class=\"whitespace-normal\">Vy\u0161\u0161\u00ed n\u00e1klady na suroviny v porovn\u00e1n\u00ed s ocelov\u00fdmi pr\u00e1\u0161ky<\/li>\n<li class=\"whitespace-normal\">Pro optim\u00e1ln\u00ed vyu\u017eit\u00ed vy\u017eaduje specializovan\u00e9 zku\u0161enosti<\/li>\n<\/ul>\n<h2>Srovn\u00e1n\u00ed s karbidem wolframu-titanem-tantalem<\/h2>\n<p class=\"whitespace-pre-wrap\"><strong>T15 vs WC-TiC-TaC<\/strong><\/p>\n<table>\n<thead>\n<tr>\n<th>Parametr<\/th>\n<th>T15<\/th>\n<th>WC-TiC-TaC<\/th>\n<\/tr>\n<\/thead>\n<tbody>\n<tr>\n<td>Tvrdost<\/td>\n<td>88-93 HRA<\/td>\n<td>92-96 HRA<\/td>\n<\/tr>\n<tr>\n<td>Hou\u017eevnatost lomu<\/td>\n<td>10-12 MPa.m^1\/2<\/td>\n<td>8-9 MPa\u00b7m^1\/2<\/td>\n<\/tr>\n<tr>\n<td>S\u00edla<\/td>\n<td>Velmi vysok\u00fd<\/td>\n<td>Extr\u00e9mn\u011b vysok\u00fd<\/td>\n<\/tr>\n<tr>\n<td>Cena<\/td>\n<td>St\u0159edn\u00ed<\/td>\n<td>Velmi vysok\u00fd<\/td>\n<\/tr>\n<tr>\n<td>Odolnost proti korozi<\/td>\n<td>F\u00e9rov\u00e1<\/td>\n<td>V\u00fdborn\u00fd<\/td>\n<\/tr>\n<tr>\n<td>APLIKACE<\/td>\n<td>D\u00edly b\u011b\u017en\u00e9ho opot\u0159eben\u00ed<\/td>\n<td>Extr\u00e9mn\u00ed od\u011br a koroze<\/td>\n<\/tr>\n<\/tbody>\n<\/table>\n<ul class=\"list-disc pl-8 space-y-2\">\n<li class=\"whitespace-normal\">WC-TiC-TaC m\u00e1 m\u00edrn\u011b vy\u0161\u0161\u00ed tvrdost a pevnost<\/li>\n<li class=\"whitespace-normal\">T15 zaji\u0161\u0165uje v\u00fdznamn\u011b lep\u0161\u00ed odolnost proti lomu<\/li>\n<li class=\"whitespace-normal\">WC-TiC-TaC nab\u00edz\u00ed vynikaj\u00edc\u00ed odolnost proti korozi<\/li>\n<li class=\"whitespace-normal\">T15 je cenov\u011b v\u00fdhodn\u011bj\u0161\u00ed<\/li>\n<li class=\"whitespace-normal\">WC-TiC-TaC pro kriti\u010dt\u011bj\u0161\u00ed, dra\u017e\u0161\u00ed aplikace<\/li>\n<\/ul>\n<h2>Nej\u010dast\u011bj\u0161\u00ed dotazy t\u00fdkaj\u00edc\u00ed se T15 Powder<\/h2>\n<p class=\"whitespace-pre-wrap\"><strong>Q: Jak\u00e9 jsou hlavn\u00ed pou\u017eit\u00ed pr\u00e1\u0161ku z karbidu wolframu kobaltu T15?<\/strong><\/p>\n<p class=\"whitespace-pre-wrap\">A: Mezi hlavn\u00ed aplikace pat\u0159\u00ed n\u00e1stroje pro t\u011b\u017ebu jako vrt\u00e1ky, drti\u010dky hornin a bagrovac\u00ed za\u0159\u00edzen\u00ed; stavebn\u00ed n\u00e1stroje, jako je demoli\u010dn\u00ed a drt\u00edc\u00ed za\u0159\u00edzen\u00ed; odlitky, ta\u017en\u00e9 d\u00edly, n\u00e1stroje pro vytla\u010dov\u00e1n\u00ed; komponenty odoln\u00e9 proti ot\u011bru; a obecn\u00e9 \u0159ezn\u00e9 a obr\u00e1b\u011bc\u00ed n\u00e1stroje.<\/p>\n<p class=\"whitespace-pre-wrap\"><strong>Ot\u00e1zka: Pro\u010d se kobalt pou\u017e\u00edv\u00e1 jako pojivo ve t\u0159\u00edd\u00e1ch slinut\u00fdch karbid\u016f?<\/strong><\/p>\n<p class=\"whitespace-pre-wrap\">A: Kobalt poskytuje dobrou odolnost proti korozi, vysokou pevnost a hou\u017eevnatost. Umo\u017e\u0148uje kapalinof\u00e1zov\u00e9 sp\u00e9k\u00e1n\u00ed \u010d\u00e1stic karbidu wolframu b\u011bhem zhu\u0161\u0165ov\u00e1n\u00ed, aby bylo dosa\u017eeno pln\u00e9 hustoty a optim\u00e1ln\u00edch vlastnost\u00ed.<\/p>\n<p class=\"whitespace-pre-wrap\"><strong>Q: Jak\u00e9 tepeln\u00e9 zpracov\u00e1n\u00ed je pou\u017eito pro sou\u010d\u00e1sti z wolfram-kobaltov\u00e9 slitiny T15?<\/strong><\/p>\n<p class=\"whitespace-pre-wrap\">A: T15 nevy\u017eaduje \u017e\u00e1dnou post-sintrovac\u00ed tepelnou \u00fapravu. Proces kapaln\u00e9 f\u00e1ze sintrov\u00e1n\u00ed umo\u017e\u0148uje dos\u00e1hnout pln\u00e9 hustoty a po\u017eadovan\u00fdch vlastnost\u00ed b\u011bhem konsolidace pr\u00e1\u0161ku.<\/p>\n<p class=\"whitespace-pre-wrap\"><strong>Q: Jak se vyr\u00e1b\u00ed pr\u00e1\u0161ek z karbidu wolframu kobaltu T15?<\/strong><\/p>\n<p class=\"whitespace-pre-wrap\">A: Hlavn\u00ed metody v\u00fdroby zahrnuj\u00ed karburaci a reduk\u010dn\u00ed difuzi, aby se z\u00edskaly sf\u00e9rick\u00e9 pr\u00e1\u0161ky nebo rozdrcen\u00edm a mlet\u00edm slinovan\u00e9ho materi\u00e1lu karbidu wolframu na nepravideln\u00e9 \u010d\u00e1stice. Tyto pr\u00e1\u0161ky se pak sm\u00edchaj\u00ed s kobaltov\u00fdm pr\u00e1\u0161kem v po\u017eadovan\u00e9m pom\u011bru.<\/p>\n<div id=\"gtx-trans\" style=\"position: absolute; left: -76px; top: 49.8125px;\">\n<div class=\"gtx-trans-icon\"><\/div>\n<\/div>\n<p><\/span><\/span><\/p>","protected":false},"excerpt":{"rendered":"<p>P\u0159ehled pr\u00e1\u0161ku T15 Pr\u00e1\u0161ek T15 je pr\u00e1\u0161ek z karbidu wolframu a kobaltu, kter\u00fd poskytuje v\u00fdjime\u010dnou kombinaci tvrdosti, pevnosti a hou\u017eevnatosti. Obsahuje vysok\u00fd pod\u00edl karbidu wolframu spolu s kobaltem 15% jako pojivovou f\u00e1z\u00ed. Kl\u00ed\u010dov\u00e9 vlastnosti a v\u00fdhody pr\u00e1\u0161ku T15: Pr\u00e1\u0161ek T15 Vlastnosti a charakteristiky Vlastnosti Podrobnosti Slo\u017een\u00ed 85%...<\/p>","protected":false},"featured_media":1845,"parent":0,"template":"","meta":{"_acf_changed":false,"_kad_blocks_custom_css":"","_kad_blocks_head_custom_js":"","_kad_blocks_body_custom_js":"","_kad_blocks_footer_custom_js":"","_kad_post_transparent":"","_kad_post_title":"","_kad_post_layout":"","_kad_post_sidebar_id":"","_kad_post_content_style":"","_kad_post_vertical_padding":"","_kad_post_feature":"","_kad_post_feature_position":"","_kad_post_header":false,"_kad_post_footer":false,"_kad_post_classname":""},"product-category":[119,122],"class_list":["post-3922","product","type-product","status-publish","has-post-thumbnail","hentry","product-category-3d-printing-metal-powder","product-category-iron-based-alloy-powder"],"acf":[],"taxonomy_info":{"product-category":[{"value":119,"label":"3D Printing Metal Powder"},{"value":122,"label":"Iron Based Alloy Powder"}]},"featured_image_src_large":["https:\/\/3dpmetal.com\/wp-content\/uploads\/2024\/02\/T15-Powder.jpg",600,600,false],"author_info":[],"comment_info":"","_links":{"self":[{"href":"https:\/\/3dpmetal.com\/cs\/wp-json\/wp\/v2\/product\/3922","targetHints":{"allow":["GET"]}}],"collection":[{"href":"https:\/\/3dpmetal.com\/cs\/wp-json\/wp\/v2\/product"}],"about":[{"href":"https:\/\/3dpmetal.com\/cs\/wp-json\/wp\/v2\/types\/product"}],"wp:featuredmedia":[{"embeddable":true,"href":"https:\/\/3dpmetal.com\/cs\/wp-json\/wp\/v2\/media\/1845"}],"wp:attachment":[{"href":"https:\/\/3dpmetal.com\/cs\/wp-json\/wp\/v2\/media?parent=3922"}],"wp:term":[{"taxonomy":"product-category","embeddable":true,"href":"https:\/\/3dpmetal.com\/cs\/wp-json\/wp\/v2\/product-category?post=3922"}],"curies":[{"name":"wp","href":"https:\/\/api.w.org\/{rel}","templated":true}]}}