{"id":3931,"date":"2024-03-18T06:10:14","date_gmt":"2024-03-18T06:10:14","guid":{"rendered":"https:\/\/3dp.45612300.xyz\/product\/copper-alloy-series\/"},"modified":"2024-03-18T06:10:14","modified_gmt":"2024-03-18T06:10:14","slug":"copper-alloy-series","status":"publish","type":"product","link":"https:\/\/3dpmetal.com\/cs\/product\/copper-alloy-series\/","title":{"rendered":"\u0158ada slitin m\u011bd\u011bn\u00fdch"},"content":{"rendered":"<p><span style=\"vertical-align: inherit;\"><span style=\"vertical-align: inherit;\"><\/p>\n<div>\n<table>\n<tbody>\n<tr>\n<td data-sheets-value=\"{&quot;1&quot;:2,&quot;2&quot;:&quot;Product&quot;}\">Produkt<\/td>\n<td data-sheets-value=\"{&quot;1&quot;:2,&quot;2&quot;:&quot;Specification&quot;}\">Specifikace<\/td>\n<td data-sheets-value=\"{&quot;1&quot;:2,&quot;2&quot;:&quot;Apparent Density&quot;}\">Zd\u00e1nliv\u00e1 hustota<\/td>\n<td data-sheets-value=\"{&quot;1&quot;:2,&quot;2&quot;:&quot;Flow Ability&quot;}\">Tok plynulosti<\/td>\n<td data-sheets-value=\"{&quot;1&quot;:2,&quot;2&quot;:&quot;Oxygen Content&quot;}\">Obsah kysl\u00edku<\/td>\n<td data-sheets-value=\"{&quot;1&quot;:2,&quot;2&quot;:&quot;Tensile Strength&quot;}\">Pevnost v tahu<\/td>\n<td data-sheets-value=\"{&quot;1&quot;:2,&quot;2&quot;:&quot;Yield Strength&quot;}\">Mez kluzu<\/td>\n<td data-sheets-value=\"{&quot;1&quot;:2,&quot;2&quot;:&quot;Elongation&quot;}\">Prodlou\u017een\u00ed<\/td>\n<\/tr>\n<tr>\n<td data-sheets-value=\"{&quot;1&quot;:2,&quot;2&quot;:&quot;CuCrZr&quot;}\">CuCrZr<\/td>\n<td colspan=\"1\" rowspan=\"3\" data-sheets-value=\"{&quot;1&quot;:2,&quot;2&quot;:&quot;15-53\u00c3\u00d7mn45-105\u00c3\u00d7mn75-150\u00c3\u00d7m&quot;}\">\n<div>15\u201353 \u03bcm<br \/>\n45\u2013105 \u03bcm<br \/>\n75\u2013150 \u00d7 10\u221212 m<\/div>\n<\/td>\n<td data-sheets-value=\"{&quot;1&quot;:2,&quot;2&quot;:&quot;\u00a1\u00d44.10g\/cm3&quot;}\">\u00a1\u00d44,10 g\/cm3<\/td>\n<td data-sheets-value=\"{&quot;1&quot;:2,&quot;2&quot;:&quot;\u00a8P30s\/50g&quot;}\">\u00a8P30s\/50 g<\/td>\n<td data-sheets-value=\"{&quot;1&quot;:2,&quot;2&quot;:&quot;\u00a8P600ppm&quot;}\">\u00a8P600ppm<\/td>\n<td data-sheets-value=\"{&quot;1&quot;:2,&quot;2&quot;:&quot;350\u00a9I35Mpa &quot;}\">350\u00a9I35Mpa<\/td>\n<td data-sheets-value=\"{&quot;1&quot;:2,&quot;2&quot;:&quot;175\u00a9I10Mpa &quot;}\">175 \u00b0C, 10 MPa<\/td>\n<td data-sheets-value=\"{&quot;1&quot;:2,&quot;2&quot;:&quot;8\u00a9I2%&quot;}\">8\u00a9I2%<\/td>\n<\/tr>\n<tr>\n<td data-sheets-value=\"{&quot;1&quot;:2,&quot;2&quot;:&quot;CuZn40&quot;}\">CuZn40<\/td>\n<td data-sheets-value=\"{&quot;1&quot;:2,&quot;2&quot;:&quot;\u00a1\u00d44.25g\/cm3&quot;}\">\u00a1\u00d4 4,25 g\/cm\u00b3<\/td>\n<td data-sheets-value=\"{&quot;1&quot;:2,&quot;2&quot;:&quot;\u00a8P30s\/50g&quot;}\">\u00a8P30s\/50 g<\/td>\n<td data-sheets-value=\"{&quot;1&quot;:2,&quot;2&quot;:&quot;\u00a8P600ppm&quot;}\">\u00a8P600ppm<\/td>\n<td data-sheets-value=\"{&quot;1&quot;:2,&quot;2&quot;:&quot;\\&quot;}\"><\/td>\n<td data-sheets-value=\"{&quot;1&quot;:2,&quot;2&quot;:&quot;\\&quot;}\"><\/td>\n<td data-sheets-value=\"{&quot;1&quot;:2,&quot;2&quot;:&quot;\\&quot;}\"><\/td>\n<\/tr>\n<tr>\n<td data-sheets-value=\"{&quot;1&quot;:2,&quot;2&quot;:&quot;CuSn10&quot;}\">CuSn10<\/td>\n<td data-sheets-value=\"{&quot;1&quot;:2,&quot;2&quot;:&quot;\u00a1\u00d44.10g\/cm3&quot;}\">\u00a1\u00d44,10 g\/cm3<\/td>\n<td data-sheets-value=\"{&quot;1&quot;:2,&quot;2&quot;:&quot;\u00a8P30s\/50g&quot;}\">\u00a8P30s\/50 g<\/td>\n<td data-sheets-value=\"{&quot;1&quot;:2,&quot;2&quot;:&quot;\u00a8P600ppm&quot;}\">\u00a8P600ppm<\/td>\n<td data-sheets-value=\"{&quot;1&quot;:2,&quot;2&quot;:&quot;\\&quot;}\"><\/td>\n<td data-sheets-value=\"{&quot;1&quot;:2,&quot;2&quot;:&quot;\\&quot;}\"><\/td>\n<td data-sheets-value=\"{&quot;1&quot;:2,&quot;2&quot;:&quot;\\&quot;}\"><\/td>\n<\/tr>\n<\/tbody>\n<\/table>\n<\/div>\n<p><img loading=\"lazy\" decoding=\"async\" class=\"size-medium wp-image-1409 aligncenter\" src=\"https:\/\/met3dp.com\/wp-content\/uploads\/2023\/09\/ed7a94ec-3c10-4b1b-87ed--300x300.jpg\" alt=\"\u0158ada slitin m\u011bd\u011bn\u00fdch\" width=\"300\" height=\"300\" title=\"\"><\/p>\n<p><strong>Proces<\/strong>: Metoda vakuov\u00e9 vzduchov\u00e9 atomizace<\/p>\n<p><strong>V\u00fdhody<\/strong>: Ti\u0161t\u011bn\u00e9 v\u00fdrobky maj\u00ed dobr\u00fd tepeln\u00fd a elektrick\u00fd proud, a kombinovan\u00e9 s designem, mohou vyr\u00e1b\u011bt d\u00edly s komplexn\u00edmi vnit\u0159n\u00edmi strukturamia chladic\u00edmi kan\u00e1ly<\/p>\n<p><strong>APLIKACE<\/strong>Kosmick\u00e9 motory, spalovac\u00ed komory a dal\u0161\u00ed komponenty, 3D ti\u0161t\u011bn\u00e9 formy s lep\u0161\u00edm chladic\u00edm efektem atd.<\/p>\n<p><strong>Balen\u00ed<\/strong>: b\u011b\u017en\u00e9 balen\u00ed jako jsou hlin\u00edkov\u00e9 f\u00f3liov\u00e9 s\u00e1\u010dky\/plastov\u00e9 lahve\/\u017eelezn\u00e9 sudy, vakuov\u00e9 balen\u00ed nebo balen\u00ed pln\u011bn\u00e9 inertn\u00edmi plyny atd.<\/span><\/span><\/p>","protected":false},"excerpt":{"rendered":"<p>Specifikace v\u00fdrobku Zjevn\u00e1 hustota Tekutost Obsah kysl\u00edku Pevnost v tahu Mez kluzu Prodlou\u017een\u00ed CuCrZr 15-53\u00c3\u00d7m 45-105\u00c3\u00d7m 75-150\u00c3\u00d7m \u00a1\u00d44.10g\/cm3 \u00a8P30s\/50g \u00a8P600ppm 350\u00a9I35Mpa 175\u00a9I10Mpa 8\u00a9I2% CuZn40 \u00a1\u00d44,25g\/cm3 \u00a8P30s\/50g \u00a8P600ppm CuSn10 \u00a1\u00d44,10g\/cm3 \u00a8P30s\/50g \u00a8P600ppm Proces: V\u00fdhody: Vakuov\u00e1 metoda rozpra\u0161ov\u00e1n\u00ed vzduchem: V kombinaci s konstrukc\u00ed maj\u00ed ti\u0161t\u011bn\u00e9 v\u00fdrobky dobrou tepelnou a elektrickou vodivost a \u010d\u00e1sti v\u00fdrobk\u016f se slo\u017eit\u00fdmi vnit\u0159n\u00edmi...<\/p>","protected":false},"featured_media":1860,"parent":0,"template":"","meta":{"_acf_changed":false,"_kad_blocks_custom_css":"","_kad_blocks_head_custom_js":"","_kad_blocks_body_custom_js":"","_kad_blocks_footer_custom_js":"","_kad_post_transparent":"","_kad_post_title":"","_kad_post_layout":"","_kad_post_sidebar_id":"","_kad_post_content_style":"","_kad_post_vertical_padding":"","_kad_post_feature":"","_kad_post_feature_position":"","_kad_post_header":false,"_kad_post_footer":false,"_kad_post_classname":""},"product-category":[119,129],"class_list":["post-3931","product","type-product","status-publish","has-post-thumbnail","hentry","product-category-3d-printing-metal-powder","product-category-copper-alloy-powder"],"acf":[],"taxonomy_info":{"product-category":[{"value":119,"label":"3D Printing Metal Powder"},{"value":129,"label":"Copper Alloy Powder"}]},"featured_image_src_large":["https:\/\/3dpmetal.com\/wp-content\/uploads\/2024\/02\/Copper-alloy-series.jpg",600,600,false],"author_info":[],"comment_info":"","_links":{"self":[{"href":"https:\/\/3dpmetal.com\/cs\/wp-json\/wp\/v2\/product\/3931","targetHints":{"allow":["GET"]}}],"collection":[{"href":"https:\/\/3dpmetal.com\/cs\/wp-json\/wp\/v2\/product"}],"about":[{"href":"https:\/\/3dpmetal.com\/cs\/wp-json\/wp\/v2\/types\/product"}],"wp:featuredmedia":[{"embeddable":true,"href":"https:\/\/3dpmetal.com\/cs\/wp-json\/wp\/v2\/media\/1860"}],"wp:attachment":[{"href":"https:\/\/3dpmetal.com\/cs\/wp-json\/wp\/v2\/media?parent=3931"}],"wp:term":[{"taxonomy":"product-category","embeddable":true,"href":"https:\/\/3dpmetal.com\/cs\/wp-json\/wp\/v2\/product-category?post=3931"}],"curies":[{"name":"wp","href":"https:\/\/api.w.org\/{rel}","templated":true}]}}