{"id":3939,"date":"2024-03-18T06:10:15","date_gmt":"2024-03-18T06:10:15","guid":{"rendered":"https:\/\/3dp.45612300.xyz\/product\/gh3625-powderinconel-625-powder\/"},"modified":"2024-03-18T06:10:15","modified_gmt":"2024-03-18T06:10:15","slug":"gh3625-powderinconel-625-powder","status":"publish","type":"product","link":"https:\/\/3dpmetal.com\/cs\/product\/gh3625-powderinconel-625-powder\/","title":{"rendered":"Pr\u00e1\u0161ek GH3625 (pr\u00e1\u0161ek Inconel 625)"},"content":{"rendered":"<p><span style=\"vertical-align: inherit;\"><span style=\"vertical-align: inherit;\"><\/p>\n<h2>P\u0159ehled<\/h2>\n<p><img loading=\"lazy\" decoding=\"async\" class=\"wp-image-2160 size-full aligncenter\" src=\"https:\/\/met3dp.com\/wp-content\/uploads\/2023\/09\/in718-powder.jpg\" alt=\"Inconel powder\" width=\"600\" height=\"600\" title=\"\"><\/p>\n<p class=\"whitespace-pre-wrap\">Pr\u00e1\u0161ek GH3625 je slitinov\u00fd pr\u00e1\u0161ek pou\u017e\u00edvan\u00fd pro metalurgii. <a href=\"https:\/\/en.wikipedia.org\/wiki\/3D_printing\" target=\"_blank\" rel=\"noopener\">aditivn\u00ed v\u00fdroba<\/a> procesy, jako je selektivn\u00ed laserov\u00e9 sp\u00e9k\u00e1n\u00ed (SLS) a p\u0159\u00edm\u00e9 laserov\u00e9 sp\u00e9k\u00e1n\u00ed kovu (DMLS). Jedn\u00e1 se o niklovou superslitinu, kter\u00e1 nab\u00edz\u00ed vysokou pevnost, odolnost proti korozi a v\u00fdborn\u00e9 vlastnosti p\u0159i vysok\u00fdch teplot\u00e1ch.<\/p>\n<p class=\"whitespace-pre-wrap\">GH3625 je navr\u017een speci\u00e1ln\u011b pro aditivn\u00ed v\u00fdrobu slo\u017eit\u00fdch, hutn\u00fdch d\u00edl\u016f s v\u00fdjime\u010dn\u00fdmi mechanick\u00fdmi vlastnostmi, srovnateln\u00fdmi s kovan\u00fdmi materi\u00e1ly. Umo\u017e\u0148uje v\u00fdrobu lehk\u00fdch komponent\u016f se slo\u017eit\u00fdmi geometrie pro leteck\u00e9, automobilov\u00e9, l\u00e9ka\u0159sk\u00e9 a pr\u016fmyslov\u00e9 aplikace.<\/p>\n<p class=\"whitespace-pre-wrap\">Tato p\u0159\u00edru\u010dka nab\u00edz\u00ed podrobn\u00fd p\u0159ehled o pr\u00e1\u0161kov\u00e9m materi\u00e1lu GH3625, v\u010detn\u011b jeho slo\u017een\u00ed, vlastnost\u00ed, pou\u017eit\u00ed, specifikace, ceny, v\u00fdhod a omezen\u00ed. Nab\u00edz\u00ed srovn\u00e1n\u00ed s jin\u00fdmi b\u011b\u017en\u00fdmi slitinami, jako jsou Inconel 718 a Stellite 21, aby uk\u00e1zal v\u00fdkon a vhodnost materi\u00e1lu GH3625 pro r\u016fzn\u00e9 \u00fa\u010dely. Sekce nej\u010dast\u011bji kladen\u00fdch ot\u00e1zek \u0159e\u0161\u00ed kl\u00ed\u010dov\u00e9 dotazy ohledn\u011b tohoto materi\u00e1lu.<\/p>\n<h2>GH3625 slo\u017een\u00ed pr\u00e1\u0161ku<\/h2>\n<p class=\"whitespace-pre-wrap\">GH3625 obsahuje slo\u017eitou chemickou kompozici navr\u017eenou tak, aby poskytovala kombinaci vysok\u00e9 pevnosti, odolnosti proti tepeln\u00e9 \u00fanav\u011b, oxidaci a korozi. Zde je p\u0159ehled jej\u00edho slo\u017een\u00ed:<\/p>\n<table>\n<thead>\n<tr>\n<th><strong>Element<\/strong><\/th>\n<th><strong>Hmotnostn\u00ed %<\/strong><\/th>\n<\/tr>\n<\/thead>\n<tbody>\n<tr>\n<td>Nikl<\/td>\n<td>Balance<\/td>\n<\/tr>\n<tr>\n<td>Chromium<\/td>\n<td>15-17%<\/td>\n<\/tr>\n<tr>\n<td>Kobalt<\/td>\n<td>10%<\/td>\n<\/tr>\n<tr>\n<td>Molybden<\/td>\n<td>8-10%<\/td>\n<\/tr>\n<tr>\n<td>Tantal<\/td>\n<td>5-6%<\/td>\n<\/tr>\n<tr>\n<td>Hlin\u00edk<\/td>\n<td>1.2-1.7%<\/td>\n<\/tr>\n<tr>\n<td>Titan<\/td>\n<td>0.5-1.2%<\/td>\n<\/tr>\n<tr>\n<td>Bor<\/td>\n<td>0.01%<\/td>\n<\/tr>\n<\/tbody>\n<\/table>\n<p class=\"whitespace-pre-wrap\">Nikl p\u0159edstavuje z\u00e1klad t\u00e9to super slitiny, kter\u00e1 zaji\u0161\u0165uje ta\u017enost a hou\u017eevnatost. Prvky jako chrom, kobalt a molybden p\u0159isp\u00edvaj\u00ed pevnosti p\u0159i vysok\u00fdch teplot\u00e1ch prost\u0159ednictv\u00edm zpev\u0148ov\u00e1n\u00ed pevn\u00e9ho roztoku.<\/p>\n<p class=\"whitespace-pre-wrap\">Tantale poskytuje zes\u00edlen\u00ed pevn\u00e9ho roztoku a tvo\u0159\u00ed karbidov\u00e9 \u010d\u00e1stice p\u0159i vytvrzov\u00e1n\u00ed precipitac\u00ed. Hlin\u00edk a titan tvo\u0159\u00ed f\u00e1zi gama-prvn\u00ed Ni3(Al,Ti), aby poskytly v\u00fdborn\u00e9 mechanick\u00e9 vlastnosti pro vysok\u00e9 teploty. Bor zvy\u0161uje pevnost hranice zrna.<\/p>\n<p class=\"whitespace-pre-wrap\">Vyv\u00e1\u017een\u00e9 slo\u017een\u00ed d\u00e1v\u00e1 pr\u00e1\u0161ku GH3625 vynikaj\u00edc\u00ed sva\u0159itelnost ve srovn\u00e1n\u00ed s nerezov\u00fdmi ocelemi s vytvrzov\u00e1n\u00edm vylu\u010dov\u00e1n\u00edm. Lze jej snadno dodate\u010dn\u011b zpracovat zhutn\u011bn\u00edm za tepla a tlaku (HIP), tepeln\u00fdm zpracov\u00e1n\u00edm a obr\u00e1b\u011bn\u00edm.<\/p>\n<h2>Vlastnosti pr\u00e1\u0161ku GH3625<\/h2>\n<p class=\"whitespace-pre-wrap\">Pr\u00e1\u0161ek GH3625 m\u00e1 n\u00e1sleduj\u00edc\u00ed fyzik\u00e1ln\u00ed a mechanick\u00e9 vlastnosti, kter\u00e9 ho \u010din\u00ed vhodn\u00fdm pro n\u00e1ro\u010dn\u00e9 aplikace:<\/p>\n<p class=\"whitespace-pre-wrap\"><strong>Vlastnosti pr\u00e1\u0161ku GH3625<\/strong><\/p>\n<table>\n<thead>\n<tr>\n<th><strong>Nemovitost<\/strong><\/th>\n<th><strong>Hodnota<\/strong><\/th>\n<\/tr>\n<\/thead>\n<tbody>\n<tr>\n<td>Hustota<\/td>\n<td>8,1\u20138,5 g\/cm\u00b3<\/td>\n<\/tr>\n<tr>\n<td>Teplota t\u00e1n\u00ed<\/td>\n<td>1260-1335\u00a1\u00abS<\/td>\n<\/tr>\n<tr>\n<td>Tepeln\u00e1 vodivost<\/td>\n<td>11-12,5 W\/(m.K)<\/td>\n<\/tr>\n<tr>\n<td>Sou\u010dinitel tepeln\u00e9 rozta\u017enosti<\/td>\n<td>12,5\u201313,5 x 10&lt;sup&gt;-6&lt;\/sup&gt;\/K<\/td>\n<\/tr>\n<tr>\n<td>Modul pru\u017enosti<\/td>\n<td>156\u2013186 GPa<\/td>\n<\/tr>\n<tr>\n<td>Poisson\u016fv pom\u011br<\/td>\n<td>0.29-0.33<\/td>\n<\/tr>\n<tr>\n<td>Pevnost v tahu<\/td>\n<td>1050-1280 MPa<\/td>\n<\/tr>\n<tr>\n<td>Mez kluzu (posun 0,2 %)<\/td>\n<td>860\u20131050 MPa<\/td>\n<\/tr>\n<tr>\n<td>Prodlou\u017een\u00ed<\/td>\n<td>8-15%<\/td>\n<\/tr>\n<tr>\n<td>Tvrdost<\/td>\n<td>32-38 HRC<\/td>\n<\/tr>\n<\/tbody>\n<\/table>\n<p class=\"whitespace-pre-wrap\">Vysok\u00fd bod taven\u00ed, tepeln\u00e1 vodivost a n\u00edzk\u00fd koeficient teplotn\u00ed rozta\u017enosti zaji\u0161\u0165uje dobrou rozm\u011brovou stabilitu, a to i p\u0159i vysok\u00fdch pracovn\u00edch teplot\u00e1ch a\u017e 1000 \u00b0C v omezen\u00e9m \u010dase.<\/p>\n<p class=\"whitespace-pre-wrap\">Slitina m\u00e1 vynikaj\u00edc\u00ed ta\u017enost a mez kluzu srovnatelnou s kovan\u00fdmi materi\u00e1ly, spolu s dobrou duktilitou a hou\u017eevnatost\u00ed lomu. Vykazuje vysokou tvrdost, odolnost proti opot\u0159eben\u00ed, zad\u00edr\u00e1n\u00ed a od\u011bru.<\/p>\n<p class=\"whitespace-pre-wrap\">D\u00edky sv\u00fdm vlastnostem GH3625 p\u0159ekon\u00e1v\u00e1 nerezov\u00e9 oceli, kobaltov\u00e9 slitiny a dokonce i st\u00e1rnut\u00edm tvrzen\u00e9 niklov\u00e9 super slitiny ve vysokoteplotn\u00ed pevnosti. Nab\u00edz\u00ed tak\u00e9 lep\u0161\u00ed sva\u0159itelnost ne\u017e Inconel 718.<\/p>\n<h2>Aplika\u010dn\u00ed povolen\u00ed GH3625 Powder<\/h2>\n<p class=\"whitespace-pre-wrap\">Kombinac\u00ed vysok\u00e9 pevnosti, tvrdosti, hou\u017eevnatosti a tepeln\u00e9 stability je GH3625 vhodn\u00fd pro:<\/p>\n<p class=\"whitespace-pre-wrap\"><strong>Aplikace GH3625<\/strong><\/p>\n<table>\n<thead>\n<tr>\n<th><strong>Pr\u016fmysl<\/strong><\/th>\n<th><strong>Komponenty<\/strong><\/th>\n<\/tr>\n<\/thead>\n<tbody>\n<tr>\n<td>Letectv\u00ed a kosmonautika<\/td>\n<td>Lopatky turb\u00edny, sou\u010d\u00e1sti spalovac\u00ed komory, lopatky rozv\u00e1d\u011bc\u00edho kola<\/td>\n<\/tr>\n<tr>\n<td>Automotivn\u00ed<\/td>\n<td>Lopatky turbodmychadla, potrubn\u00ed rozvody, ventily<\/td>\n<\/tr>\n<tr>\n<td>Nafta a plyn<\/td>\n<td>D\u00edly hlavy vrtu, n\u00e1stroje do otvor\u016f vrt\u016f, ventily<\/td>\n<\/tr>\n<tr>\n<td>V\u00fdroba energie<\/td>\n<td>V\u00fdm\u011bn\u00edky tepla, komponenty ho\u0159\u00e1k\u016f<\/td>\n<\/tr>\n<tr>\n<td>Chemick\u00e9 zpracov\u00e1n\u00ed<\/td>\n<td>Ob\u011b\u017en\u00e1 kola \u010derpadel, ventily, reak\u010dn\u00ed n\u00e1doby<\/td>\n<\/tr>\n<tr>\n<td>Medical<\/td>\n<td>Dent\u00e1ln\u00ed implant\u00e1ty, prot\u00e9zy, chirurgick\u00e9 n\u00e1stroje<\/td>\n<\/tr>\n<\/tbody>\n<\/table>\n<p class=\"whitespace-pre-wrap\">Schopnost 3D tisku slo\u017eit\u00fdch geometri\u00ed umo\u017e\u0148uje slu\u010dov\u00e1n\u00ed v\u00edce \u010d\u00e1st\u00ed do jednoho komponentu a struktur lehk\u00fdch m\u0159\u00ed\u017e\u00ed. To umo\u017e\u0148uje rychlej\u0161\u00ed tisk komponent\u016f z jednoho kusu oproti mont\u00e1\u017ei v\u00edce sekc\u00ed.<\/p>\n<p class=\"whitespace-pre-wrap\">GH3625 se pou\u017e\u00edv\u00e1 k tisku lopatek, ob\u011b\u017en\u00fdch kol, desek, disk\u016f, trubek s kan\u00e1ly p\u0159izp\u016fsoben\u00fdmi chlazen\u00ed a dal\u0161\u00edch d\u016fle\u017eit\u00fdch komponent\u016f pracuj\u00edc\u00edch p\u0159i vysok\u00fdch tlac\u00edch a teplot\u00e1ch.<\/p>\n<h2>GH3625 Pr\u00e1\u0161kov\u00e9 specifikace<\/h2>\n<p class=\"whitespace-pre-wrap\">Pr\u00e1\u0161ek GH3625 pro procesy AM je k dispozici v r\u016fzn\u00fdch velikostech, tvarech a formulac\u00edch od r\u016fzn\u00fdch v\u00fdrobc\u016f pr\u00e1\u0161k\u016f.<\/p>\n<p class=\"whitespace-pre-wrap\"><strong>Typy pr\u00e1\u0161ku GH3625<\/strong><\/p>\n<table>\n<thead>\n<tr>\n<th><strong>Specifikace<\/strong><\/th>\n<th><strong>Podrobnosti<\/strong><\/th>\n<\/tr>\n<\/thead>\n<tbody>\n<tr>\n<td>Distribuce velikosti \u010d\u00e1stic<\/td>\n<td>15\u201345 xm, 15\u201353 xm, 53\u2013150 xm<\/td>\n<\/tr>\n<tr>\n<td>Tvar \u010d\u00e1stice<\/td>\n<td>Koule, satelit, mnohohran<\/td>\n<\/tr>\n<tr>\n<td>\u00dapravy slitin<\/td>\n<td>S B, C, Zr, Nb, Ta<\/td>\n<\/tr>\n<tr>\n<td>Metoda v\u00fdroby<\/td>\n<td>Plynov\u00e1 atomizace, plazmov\u00e1 atomizace<\/td>\n<\/tr>\n<\/tbody>\n<\/table>\n<p class=\"whitespace-pre-wrap\">Plynov\u00e1 a plazmov\u00e1 atomizace vytv\u00e1\u0159\u00ed sf\u00e9rick\u00e9 pr\u00e1\u0161ky, kter\u00e9 jsou optim\u00e1ln\u00ed pro procesy SLS\/DMLS. Satelitn\u00ed pr\u00e1\u0161ky maj\u00ed vy\u0161\u0161\u00ed utl\u00e1p\u011bc\u00ed hustotu a lep\u0161\u00ed sypnost pr\u00e1\u0161k\u016f.<\/p>\n<p class=\"whitespace-pre-wrap\">Jemn\u00e9 pr\u00e1\u0161ky 15-45 \u00c3\u00d7m poskytuj\u00ed vysok\u00e9 rozli\u0161en\u00ed a povrchovou \u00fapravu, zat\u00edmco v\u011bt\u0161\u00ed 53-150 \u00c3\u00d7m umo\u017e\u0148uj\u00ed rychlej\u0161\u00ed rychlosti sestaven\u00ed. Pro \u00fapravu vlastnost\u00ed materi\u00e1lu jsou pou\u017e\u00edv\u00e1ny r\u016fzn\u00e9 p\u0159\u00edsady slitinov\u00fdch prvk\u016f, nap\u0159. boru, uhl\u00edku, zirkonia, niobu a tantalu.<\/p>\n<p class=\"whitespace-pre-wrap\"><strong>GH3625 Pr\u00e1\u0161kov\u00e9 standardy<\/strong><\/p>\n<table>\n<thead>\n<tr>\n<th><strong>Standard<\/strong><\/th>\n<th><strong>Popis<\/strong><\/th>\n<\/tr>\n<\/thead>\n<tbody>\n<tr>\n<td>ASTM F3056<\/td>\n<td>Standardn\u00ed specifikace pro niklovou slitinu pro aditivn\u00ed v\u00fdrobu<\/td>\n<\/tr>\n<tr>\n<td>AMS7016<\/td>\n<td>Niklov\u00fd pr\u00e1\u0161ek pro vysoce teplotn\u00ed provoz<\/td>\n<\/tr>\n<tr>\n<td>ASME B46.1<\/td>\n<td>Po\u017eadavky na povrchovou texturu<\/td>\n<\/tr>\n<\/tbody>\n<\/table>\n<p class=\"whitespace-pre-wrap\">Pr\u00e1\u0161ek pro GH3625 je kvalifikovan\u00fd na z\u00e1klad\u011b limit\u016f slo\u017een\u00ed, distribuce velikosti \u010d\u00e1stic, morfologie, tekutosti, zd\u00e1nliv\u00e9 hustoty a mikrostruktury dle normy ASTM F3056. Vy\u017eaduje se dal\u0161\u00ed testov\u00e1n\u00ed dle standard\u016f aplikace.<\/p>\n<h2>Ceny pr\u00e1\u0161ku GH3625<\/h2>\n<p class=\"whitespace-pre-wrap\">Pr\u00e1\u0161ek GH3625 je dra\u017e\u0161\u00ed ne\u017e pr\u00e1\u0161kov\u00e1 nerezov\u00e1 ocel z d\u016fvod\u016f slo\u017eit\u00e9ho slo\u017een\u00ed a chr\u00e1n\u011bn\u00e9 povahy. Zde jsou typick\u00e9 cenov\u00e9 rozsahy:<\/p>\n<p class=\"whitespace-pre-wrap\"><strong>Cena prachu GH3625<\/strong><\/p>\n<table>\n<thead>\n<tr>\n<th><strong>Zrnitost<\/strong><\/th>\n<th><strong>Cenov\u00e9 rozp\u011bt\u00ed<\/strong><\/th>\n<\/tr>\n<\/thead>\n<tbody>\n<tr>\n<td>GH3625<\/td>\n<td>90-200 K\u010d za kg<\/td>\n<\/tr>\n<tr>\n<td>GH3625 + Bor<\/td>\n<td>110\u2013250 K\u010d za kg<\/td>\n<\/tr>\n<tr>\n<td>GH3625 + Carbon<\/td>\n<td>100\u2013220 K\u010d za kg<\/td>\n<\/tr>\n<\/tbody>\n<\/table>\n<p class=\"whitespace-pre-wrap\">Ceny se li\u0161\u00ed podle mno\u017estv\u00ed objedn\u00e1vky, distribuce velikosti \u010d\u00e1stic, tvaru, zp\u016fsobu v\u00fdroby, dodavatele a dal\u0161\u00edch po\u017eadavk\u016f na charakterizaci pr\u00e1\u0161ku nebo kvalifikaci.<\/p>\n<h2>Klady a z\u00e1pory GH3625 Powder<\/h2>\n<p class=\"whitespace-pre-wrap\">GH3625 m\u00e1 n\u00e1sleduj\u00edc\u00ed v\u00fdhody, kter\u00e9 z n\u00ed d\u011blaj\u00ed popul\u00e1rn\u00ed volbu:<\/p>\n<p class=\"whitespace-pre-wrap\"><strong>V\u00fdhody GH3625<\/strong><\/p>\n<ul class=\"list-disc pl-8 space-y-2\">\n<li class=\"whitespace-normal\">Vynikaj\u00edc\u00ed pevnost a tvrdost a\u017e do 1000 \u00b0C<\/li>\n<li class=\"whitespace-normal\">Dobr\u00e1 odolnost v\u016f\u010di korozi a oxidaci<\/li>\n<li class=\"whitespace-normal\">Sva\u0159iteln\u00e9 pro dodate\u010dn\u00e9 zpracov\u00e1n\u00ed<\/li>\n<li class=\"whitespace-normal\">Vy\u0161\u0161\u00ed ta\u017enost ne\u017e Inconel 718<\/li>\n<li class=\"whitespace-normal\">Lze jej zpevnit st\u00e1rnut\u00edm tepeln\u00fdm zpracov\u00e1n\u00edm<\/li>\n<li class=\"whitespace-normal\">Slo\u017eit\u00e9 geometrie umo\u017en\u011bn\u00e9 AM<\/li>\n<li class=\"whitespace-normal\">Rychlej\u0161\u00ed a levn\u011bj\u0161\u00ed ne\u017e odl\u00e9v\u00e1n\u00ed<\/li>\n<li class=\"whitespace-normal\">Sn\u00ed\u017een\u00ed po\u010dtu sou\u010d\u00e1stek prost\u0159ednictv\u00edm konsolidace<\/li>\n<\/ul>\n<p class=\"whitespace-pre-wrap\"><strong>GH3625 Nev\u00fdhody<\/strong><\/p>\n<ul class=\"list-disc pl-8 space-y-2\">\n<li class=\"whitespace-normal\">Dra\u017e\u0161\u00ed ne\u017e nerezov\u00e1 ocel<\/li>\n<li class=\"whitespace-normal\">Ni\u017e\u0161\u00ed pevnost ne\u017e Inconel 718 nad 550\u00a1\u00abC<\/li>\n<li class=\"whitespace-normal\">N\u00e1chyln\u00fd na st\u00e1rnut\u00ed nap\u011bt\u00edm<\/li>\n<li class=\"whitespace-normal\">Vy\u017eaduje hork\u00e9 izostatick\u00e9 lisov\u00e1n\u00ed (HIP)<\/li>\n<li class=\"whitespace-normal\">T\u011b\u017eko strojiteln\u00e9 \u2013 za\u0159\u00edzen\u00ed pro stroj\u00edrensk\u00e9 technologie<\/li>\n<li class=\"whitespace-normal\">Omezen\u00e1 data o dlouhodob\u00e9m v\u00fdkonu dodavatele<\/li>\n<\/ul>\n<p class=\"whitespace-pre-wrap\">Spr\u00e1vn\u00fd v\u00fdb\u011br parametr\u016f procesu AM a n\u00e1sledn\u00e9 zpracov\u00e1n\u00ed zm\u00edr\u0148uje n\u011bkter\u00e1 omezen\u00ed pr\u00e1\u0161ku GH3625.<\/p>\n<h2>Srovn\u00e1n\u00ed GH3625 s <a href=\"https:\/\/met3dp.com\/inconel-718-alloy-powder\/\" target=\"_blank\" rel=\"noopener\">Inconel 718<\/a> a Stellite 21<\/h2>\n<p class=\"whitespace-pre-wrap\">GH3625 zauj\u00edm\u00e1 mezi Inconel 718 a Stellite 21 v\u00fdhodnou pozici v oblasti vlastnost\u00ed a n\u00e1klad\u016f:<\/p>\n<p class=\"whitespace-pre-wrap\"><strong>Srovn\u00e1n\u00ed slitiny<\/strong><\/p>\n<table>\n<thead>\n<tr>\n<th><strong>Nemovitost<\/strong><\/th>\n<th><strong>GH3625<\/strong><\/th>\n<th><strong>Inconel 718<\/strong><\/th>\n<th><strong>Stellite 21<\/strong><\/th>\n<\/tr>\n<\/thead>\n<tbody>\n<tr>\n<td>Cena<\/td>\n<td>St\u0159edn\u00ed<\/td>\n<td>Vysok\u00e1<\/td>\n<td>N\u00edzk\u00fd<\/td>\n<\/tr>\n<tr>\n<td>Hustota<\/td>\n<td>Vysok\u00e1<\/td>\n<td>St\u0159edn\u00ed<\/td>\n<td>Vysok\u00e1<\/td>\n<\/tr>\n<tr>\n<td>S\u00edla<\/td>\n<td>St\u0159edn\u00ed<\/td>\n<td>Velmi vysok\u00fd<\/td>\n<td>St\u0159edn\u00ed<\/td>\n<\/tr>\n<tr>\n<td>Tvrdost<\/td>\n<td>Vysok\u00e1<\/td>\n<td>St\u0159edn\u00ed<\/td>\n<td>Velmi vysok\u00fd<\/td>\n<\/tr>\n<tr>\n<td>Odolnost proti opot\u0159eben\u00ed<\/td>\n<td>St\u0159edn\u00ed<\/td>\n<td>N\u00edzk\u00fd<\/td>\n<td>Velmi vysok\u00fd<\/td>\n<\/tr>\n<tr>\n<td>Odolnost proti korozi<\/td>\n<td>St\u0159edn\u00ed<\/td>\n<td>Vysok\u00e1<\/td>\n<td>St\u0159edn\u00ed<\/td>\n<\/tr>\n<tr>\n<td>Oxida\u010dn\u00ed odolnost<\/td>\n<td>St\u0159edn\u00ed<\/td>\n<td>Vysok\u00e1<\/td>\n<td>St\u0159edn\u00ed<\/td>\n<\/tr>\n<tr>\n<td>Tepeln\u00e1 stabilita<\/td>\n<td>a\u017e 1000 \u00b0C<\/td>\n<td>A\u017e 700 \u00b0C<\/td>\n<td>A\u017e do 900 \u00a1\u00abC<\/td>\n<\/tr>\n<tr>\n<td>Schwei\u00dfbarkeit<\/td>\n<td>Dobr\u00e9<\/td>\n<td>\u0160patn\u00e9<\/td>\n<td>St\u0159edn\u00ed<\/td>\n<\/tr>\n<tr>\n<td>Vyrobitelnosti<\/td>\n<td>St\u0159edn\u00ed<\/td>\n<td>N\u00e1ro\u010dn\u00e9<\/td>\n<td>Snadn\u00e9<\/td>\n<\/tr>\n<\/tbody>\n<\/table>\n<p class=\"whitespace-pre-wrap\">GH3625 v oblasti odolnosti proti opot\u0159eben\u00ed a korozi dosahuje stejn\u00fdch nebo lep\u0161\u00edch parametr\u016f ne\u017e slitiny kobaltu Stellite 21, a to p\u0159i ni\u017e\u0161\u00edch n\u00e1kladech. Jej\u00ed pevnost se bl\u00ed\u017e\u00ed pevnosti slitiny Inconel 718 a\u017e do 550 \u00b0C a vykazuje lep\u0161\u00ed sva\u0159itelnost a zpracovatelnost.<\/p>\n<p class=\"whitespace-pre-wrap\">D\u00edky tomu je v\u00fdhodnou alternative k mnoha aplikac\u00edm vy\u017eaduj\u00edc\u00edm v\u00fdkon ve srovn\u00e1n\u00ed s t\u011bmito standardn\u00edmi slitinami. Schopnost tisknout slo\u017eit\u00e9 geometrie 3D j\u00ed d\u00e1v\u00e1 tak\u00e9 p\u0159ednost.<\/p>\n<h2>GH3625 Pr\u00e1\u0161ek \u2013 \u010casto kladen\u00e9 ot\u00e1zky<\/h2>\n<p class=\"whitespace-pre-wrap\"><strong>O: \u010c\u00edm je pr\u00e1\u0161ek GH3625?<\/strong><\/p>\n<p class=\"whitespace-pre-wrap\">A: GH3625 je metalick\u00fd pr\u00e1\u0161ek ze slitiny niklu, kter\u00fd byl navr\u017een speci\u00e1ln\u011b pro aditivn\u00ed v\u00fdrobn\u00ed procesy jako je selektivn\u00ed laserov\u00e9 sp\u00e9k\u00e1n\u00ed (SLS) a p\u0159\u00edm\u00e9 laserov\u00e9 sp\u00e9k\u00e1n\u00ed kov\u016f (DMLS). Poskytuje vynikaj\u00edc\u00ed kombinaci pevnosti p\u0159i vysok\u00e9 teplot\u011b, tvrdosti, odolnosti proti opot\u0159eben\u00ed a korozi.<\/p>\n<p class=\"whitespace-pre-wrap\"><strong>Ot\u00e1zka: K \u010demu se pou\u017e\u00edv\u00e1 pr\u00e1\u0161ek GH3625?<\/strong><\/p>\n<p class=\"whitespace-pre-wrap\">Pr\u00e1\u0161ek GH3625 se pou\u017e\u00edv\u00e1 k 3D tisku kritick\u00fdch komponent, jako jsou lopatky turb\u00edn, sb\u011brn\u00e1 potrub\u00ed, ob\u011b\u017en\u00e1 kola, tepeln\u00e9 v\u00fdm\u011bn\u00edky, kter\u00e9 vy\u017eaduj\u00ed vysok\u00e9 mechanick\u00e9 vlastnosti, rozm\u011brovou stabilitu a tepelnou odolnost a\u017e do 1000 \u00b0C. Nach\u00e1z\u00ed uplatn\u011bn\u00ed v letectv\u00ed a kosmonautice, automobilov\u00e9m pr\u016fmyslu, energetice, chemick\u00e9m zpracov\u00e1n\u00ed a ve zdravotnictv\u00ed.<\/p>\n<p class=\"whitespace-pre-wrap\"><strong>Q: Kter\u00e9 postupy 3D tisku kovu pou\u017e\u00edvaj\u00ed pr\u00e1\u0161ek GH3625?<\/strong><\/p>\n<p class=\"whitespace-pre-wrap\">A: Selektivn\u00ed laserov\u00e9 sp\u00e9k\u00e1n\u00ed (SLS) a p\u0159\u00edm\u00e9 laserov\u00e9 sp\u00e9k\u00e1n\u00ed kovu (DMLS) jsou 3D tiskov\u00e9 postupy f\u00faze pr\u00e1\u0161kov\u00e9ho lo\u017ee, kter\u00e9 se b\u011b\u017en\u011b pou\u017e\u00edvaj\u00ed s pr\u00e1\u0161kem GH3625. V\u00e1z\u00e1n\u00ed pojivem je tak\u00e9 vhodn\u00e9 pro GH3625.<\/p>\n<p class=\"whitespace-pre-wrap\"><strong>Q: Jak\u00e9 jsou materi\u00e1lov\u00e9 vlastnosti GH3625?<\/strong><\/p>\n<p class=\"whitespace-pre-wrap\">GH 3625 se vyzna\u010duje v\u00fdbornou ta\u017enou pevnost\u00ed 1050\u20131280 MPa, mez\u00ed kluzu 860\u20131050 MPa a tvrdost\u00ed 32\u201338 HRC podobn\u011b jako u kovan\u00fdch materi\u00e1l\u016f. M\u00e1 dobrou ta\u017enost prota\u017een\u00ed 8\u201315 % a vysokou odolnost proti opot\u0159eben\u00ed, zad\u00edr\u00e1n\u00ed, abrazivn\u00edmu p\u016fsoben\u00ed a korozi. Vlastnosti tepeln\u00e9 odolnosti umo\u017e\u0148uj\u00ed pou\u017eit\u00ed a\u017e do 1000 \u00b0C.<\/p>\n<p class=\"whitespace-pre-wrap\"><strong>Q: Vy\u017eaduje GH3625 pr\u00e1\u0161ek tepeln\u00e9 zpracov\u00e1n\u00ed?<\/strong><\/p>\n<p class=\"whitespace-pre-wrap\">Odpov\u011b\u010f: Ano, sou\u010d\u00e1stky GH3625 vyti\u0161t\u011bn\u00e9 pomoc\u00ed SLS\/DMLS vy\u017eaduj\u00ed pro dosa\u017een\u00ed optim\u00e1ln\u00edch mechanick\u00fdch vlastnost\u00ed, zpevn\u011bn\u00ed materi\u00e1lu a mikrostruktury hork\u00e9 izostatick\u00e9 lisov\u00e1n\u00ed (HIP) n\u00e1sledovan\u00e9 tepeln\u00fdm zpracov\u00e1n\u00edm. HIP pom\u00e1h\u00e1 uzav\u0159\u00edt vnit\u0159n\u00ed p\u00f3ry a mezery.<\/p>\n<p class=\"whitespace-pre-wrap\"><strong>Q: lze GH3625 sva\u0159ovat?<\/strong><\/p>\n<p class=\"whitespace-pre-wrap\">A: GH3625 byl navr\u017een tak, aby m\u011bl vynikaj\u00edc\u00ed sva\u0159itelnost v porovn\u00e1n\u00ed s nerezov\u00fdmi ocelemi s vytvrzov\u00e1n\u00edm vylu\u010dov\u00e1n\u00edm a Inconel 718. To umo\u017e\u0148uje opravovat a spojovat d\u00edly AM GH3625 sva\u0159ov\u00e1n\u00edm. Po sva\u0159ov\u00e1n\u00ed m\u016f\u017ee b\u00fdt nutn\u00e9 prov\u00e9st odstran\u011bn\u00ed nap\u011bt\u00ed, aby se zabr\u00e1nilo prasknut\u00ed.<\/p>\n<p class=\"whitespace-pre-wrap\"><strong>Ot\u00e1zka: Je GH3625 obr\u00e1b\u011bc\u00ed?<\/strong><\/p>\n<p class=\"whitespace-pre-wrap\">A: GH3625 je t\u011b\u017ek\u00e9 obr\u00e1b\u011bt v porovn\u00e1n\u00ed s nerezovou ocel\u00ed a vy\u017eaduje vysokoot\u00e1\u010dkov\u00e9 obr\u00e1b\u011bn\u00ed se speci\u00e1ln\u00edmi karbidov\u00fdmi n\u00e1stroji. Opot\u0159eben\u00ed n\u00e1stroje je vy\u0161\u0161\u00ed, tak\u017ee jsou nutn\u00e9 optim\u00e1ln\u00ed posuvy, rychlosti a dr\u00e1hy n\u00e1stroj\u016f.<\/p>\n<p class=\"whitespace-pre-wrap\"><strong>Ot\u00e1zka: Kolik stoj\u00ed pr\u00e1\u0161ek GH3625?<\/strong><\/p>\n<p class=\"whitespace-pre-wrap\">A: GH3625 obvykle stoj\u00ed 90\u2013250 USD za kg v z\u00e1vislosti na velikosti objedn\u00e1vky, distribuci velikosti \u010d\u00e1stic, metod\u011b v\u00fdroby a po\u017eadavc\u00edch na dodate\u010dn\u00e9 testov\u00e1n\u00ed\/kvalifikaci. Je dra\u017e\u0161\u00ed ne\u017e pr\u00e1\u0161ky z nerezov\u00e9 oceli, ale levn\u011bj\u0161\u00ed ne\u017e Inconel 718.<\/p>\n<h2>Z\u00e1v\u011br<\/h2>\n<p class=\"whitespace-pre-wrap\">GH3625 je pokro\u010dil\u00e1 niklov\u00e1 super slitina, kter\u00e1 byla specificky navr\u017eena pro aditivn\u00ed v\u00fdrobu vysoce v\u00fdkonn\u00fdch sou\u010d\u00e1st\u00ed. Nab\u00edz\u00ed v\u00fdhody jak konven\u010dn\u00edch slitin, tak konstruk\u010dn\u00ed flexibility umo\u017en\u011bn\u00e9 AM.<\/p>\n<p class=\"whitespace-pre-wrap\">Prec\u00edzn\u00ed regulace vlastnost\u00ed pr\u00e1\u0161ku a optimalizace specializovan\u00fdch parametr\u016f umo\u017e\u0148uj\u00ed pln\u011b vyu\u017e\u00edt potenci\u00e1l GH3625. Se sv\u00fdmi vlastnostmi a ekonomickou efektivnost\u00ed se GH3625 prosazuje jako perspektivn\u00ed alternativa k tradi\u010dn\u00edm slitin\u00e1m nap\u0159\u00ed\u010d kl\u00ed\u010dov\u00fdmi leteck\u00fdmi, automobilov\u00fdmi, energetick\u00fdmi a pr\u016fmyslov\u00fdmi aplikacemi.<\/p>\n<p><\/span><\/span><\/p>","protected":false},"excerpt":{"rendered":"<p>Overview GH3625 powder is an alloy powder used for metal additive manufacturing processes like selective laser sintering (SLS) and direct metal laser sintering (DMLS). It is a nickel-based superalloy that offers high strength, corrosion resistance, and excellent high-temperature properties. GH3625 is designed specifically for additive manufacturing to produce complex, dense parts with exceptional mechanical properties&#8230;<\/p>","protected":false},"featured_media":1875,"parent":0,"template":"","meta":{"_acf_changed":false,"_kad_blocks_custom_css":"","_kad_blocks_head_custom_js":"","_kad_blocks_body_custom_js":"","_kad_blocks_footer_custom_js":"","_kad_post_transparent":"","_kad_post_title":"","_kad_post_layout":"","_kad_post_sidebar_id":"","_kad_post_content_style":"","_kad_post_vertical_padding":"","_kad_post_feature":"","_kad_post_feature_position":"","_kad_post_header":false,"_kad_post_footer":false,"_kad_post_classname":""},"product-category":[119,120],"class_list":["post-3939","product","type-product","status-publish","has-post-thumbnail","hentry","product-category-3d-printing-metal-powder","product-category-high-temperature-alloy-powder"],"acf":[],"taxonomy_info":{"product-category":[{"value":119,"label":"3D Printing Metal Powder"},{"value":120,"label":"High Temperature Alloy Powder"}]},"featured_image_src_large":["https:\/\/3dpmetal.com\/wp-content\/uploads\/2024\/02\/GH3625.jpg",600,600,false],"author_info":[],"comment_info":"","_links":{"self":[{"href":"https:\/\/3dpmetal.com\/cs\/wp-json\/wp\/v2\/product\/3939","targetHints":{"allow":["GET"]}}],"collection":[{"href":"https:\/\/3dpmetal.com\/cs\/wp-json\/wp\/v2\/product"}],"about":[{"href":"https:\/\/3dpmetal.com\/cs\/wp-json\/wp\/v2\/types\/product"}],"wp:featuredmedia":[{"embeddable":true,"href":"https:\/\/3dpmetal.com\/cs\/wp-json\/wp\/v2\/media\/1875"}],"wp:attachment":[{"href":"https:\/\/3dpmetal.com\/cs\/wp-json\/wp\/v2\/media?parent=3939"}],"wp:term":[{"taxonomy":"product-category","embeddable":true,"href":"https:\/\/3dpmetal.com\/cs\/wp-json\/wp\/v2\/product-category?post=3939"}],"curies":[{"name":"wp","href":"https:\/\/api.w.org\/{rel}","templated":true}]}}