{"id":3944,"date":"2024-03-18T06:10:15","date_gmt":"2024-03-18T06:10:15","guid":{"rendered":"https:\/\/3dp.45612300.xyz\/product\/aermet100-stainless-steel-powder\/"},"modified":"2024-03-18T06:10:15","modified_gmt":"2024-03-18T06:10:15","slug":"aermet100-stainless-steel-powder","status":"publish","type":"product","link":"https:\/\/3dpmetal.com\/cs\/product\/aermet100-stainless-steel-powder\/","title":{"rendered":"Pr\u00e1\u0161kov\u00e1 ocel AerMet100 z nerezav\u011bj\u00edc\u00ed oceli"},"content":{"rendered":"<p><span style=\"vertical-align: inherit;\"><span style=\"vertical-align: inherit;\"><\/p>\n<p class=\"whitespace-pre-wrap\">Pr\u00e1\u0161kov\u00e1 ocel AerMet100 je vysoce v\u00fdkonn\u00fd pr\u00e1\u0161kov\u00fd materi\u00e1l ur\u010den\u00fd pro aplikace aditivn\u00ed v\u00fdroby, kter\u00e9 vy\u017eaduj\u00ed vysokou pevnost a odolnost proti \u00fanav\u011b. Mezi n\u011bkter\u00e9 z kl\u00ed\u010dov\u00fdch vlastnost\u00ed tohoto materi\u00e1lu pat\u0159\u00ed:<\/p>\n<ul class=\"list-disc pl-8 space-y-2\">\n<li class=\"whitespace-normal\">Vysok\u00e1 pevnost a tvrdost - slitina AerMet100 m\u00e1 vynikaj\u00edc\u00ed pevnost s pevnost\u00ed v tahu p\u0159es 200 ksi a tvrdost\u00ed v rozsahu 30-36 HRC.<\/li>\n<li class=\"whitespace-normal\">Dobr\u00e1 ta\u017enost \u2013 Navzdory vysok\u00e9 pevnosti si AerMet100 st\u00e1le zachov\u00e1v\u00e1 dobrou ta\u017enost a r\u00e1zovou hou\u017eevnatost. Hodnoty prota\u017een\u00ed jsou vy\u0161\u0161\u00ed ne\u017e 10 %.<\/li>\n<li class=\"whitespace-normal\">V\u00fdborn\u00e1 \u00fanavov\u00e1 odolnost &#8211; \u00fanavov\u00fd limit slitiny AerMet100 je velmi vysok\u00fd a \u010din\u00ed kolem 50 % jej\u00ed pevnosti v tahu. To usnad\u0148uje v\u00fdrobu trvanliv\u00fdch sou\u010d\u00e1stek vystaven\u00fdch cyklick\u00e9mu nam\u00e1h\u00e1n\u00ed.<\/li>\n<li class=\"whitespace-normal\">Odolnost v\u016f\u010di te\u010den\u00ed \u2013 AerMet100 odol\u00e1v\u00e1 deformaci pod zat\u00ed\u017een\u00edm p\u0159i vysok\u00fdch teplot\u00e1ch a\u017e do 700 \u00b0C, tak\u017ee je vhodn\u00fd pro pou\u017eit\u00ed p\u0159i zv\u00fd\u0161en\u00fdch teplot\u00e1ch.<\/li>\n<li class=\"whitespace-normal\">Korozivzdorn\u00fd &#8211; Kompozice nerezov\u00e9 oceli zaji\u0161\u0165uje odolnost v\u016f\u010di korozi a oxidaci pro pou\u017eit\u00ed v drsn\u00fdch prost\u0159ed\u00edch.<\/li>\n<li class=\"whitespace-normal\">Sva\u0159itelnost \u2013 N\u00edzk\u00fd obsah uhl\u00edku umo\u017e\u0148uje dobrou sva\u0159itelnost pomoc\u00ed standardn\u00edch metod spojov\u00e1n\u00ed za taveni.<\/li>\n<li class=\"whitespace-normal\">N\u00e1kladov\u00e1 efektivnost &#8211; AerMet100 je cenov\u011b dostupn\u011bj\u0161\u00ed ne\u017e jin\u00e9 exotick\u00e9 slitiny se srovnateln\u00fdmi vlastnostmi.<\/li>\n<\/ul>\n<p class=\"whitespace-pre-wrap\">Tato v\u00fdjime\u010dn\u00e1 rovnov\u00e1ha vlastnost\u00ed d\u011bl\u00e1 AerMet100 vhodn\u00fd pro n\u00e1ro\u010dn\u00e9 aplikace v leteck\u00e9m, ropn\u00e9m a plyn\u00e1rensk\u00e9m, automobilov\u00e9m a pr\u016fmyslov\u00e9m odv\u011btv\u00ed. D\u00edly vyroben\u00e9 z pr\u00e1\u0161ku AerMet100 vykazuj\u00ed vysok\u00fd pom\u011br pevnosti k hmotnosti, odolnost a spolehlivost p\u0159i pracovn\u00edch zat\u00ed\u017een\u00edch.<\/p>\n<h2>Slo\u017een\u00ed pr\u00e1\u0161ku z nerezov\u00e9 oceli AerMet 100<\/h2>\n<p class=\"whitespace-pre-wrap\">AerMet100 je martenzitick\u00e1 nerezov\u00e1 ocel s p\u0159\u00eddavky kobaltu, niklu a molybdenu pro pevnost a tvrdost. Nomin\u00e1ln\u00ed slo\u017een\u00ed je uvedeno n\u00ed\u017ee:<\/p>\n<table>\n<thead>\n<tr>\n<th>Element<\/th>\n<th>Hmotnostn\u00ed %<\/th>\n<\/tr>\n<\/thead>\n<tbody>\n<tr>\n<td>\u017delezo (Fe)<\/td>\n<td>Balance<\/td>\n<\/tr>\n<tr>\n<td>Chrom (Cr)<\/td>\n<td>15.0 &#8211; 17.0<\/td>\n<\/tr>\n<tr>\n<td>Nikl (Ni)<\/td>\n<td>7.0 &#8211; 10.0<\/td>\n<\/tr>\n<tr>\n<td>Kobalt (Co)<\/td>\n<td>8.0 &#8211; 10.0<\/td>\n<\/tr>\n<tr>\n<td>Molybden (Mo)<\/td>\n<td>4.0 &#8211; 5.0<\/td>\n<\/tr>\n<tr>\n<td>Mangan (Mn)<\/td>\n<td>&lt; 1,0<\/td>\n<\/tr>\n<tr>\n<td>K\u0159em\u00edk (Si)<\/td>\n<td>&lt; 1,0<\/td>\n<\/tr>\n<tr>\n<td>Uhl\u00edk (C)<\/td>\n<td>&lt; 0,03<\/td>\n<\/tr>\n<\/tbody>\n<\/table>\n<p class=\"whitespace-pre-wrap\">Kl\u00ed\u010dov\u00e9 legovac\u00ed prvky a jejich \u00fa\u010dinky jsou:<\/p>\n<ul class=\"list-disc pl-8 space-y-2\">\n<li class=\"whitespace-normal\"><strong>Chromium<\/strong>?- Poskytuje odolnost v\u016f\u010di korozi a oxidaci<\/li>\n<li class=\"whitespace-normal\"><strong>Nikl<\/strong>?- Zvy\u0161uje tuhost a ta\u017enost<\/li>\n<li class=\"whitespace-normal\"><strong>Kobalt<\/strong>?- Zpev\u0148ovac\u00ed p\u0159\u00edsady do pevn\u00fdch roztok\u016f, zvy\u0161uje pevnost<\/li>\n<li class=\"whitespace-normal\"><strong>Molybden<\/strong>?- Zes\u00edlen\u00ed roztoku tuh\u00e9 l\u00e1tky, zvy\u0161uje pevnost a odolnost proti te\u010den\u00ed<\/li>\n<li class=\"whitespace-normal\"><strong>Mangan a k\u0159em\u00edk<\/strong>?- Deoxidiza\u010dn\u00ed \u010dinidla ke zlep\u0161en\u00ed vyrobitelnosti pr\u00e1\u0161ku<\/li>\n<li class=\"whitespace-normal\"><strong>Uhl\u00edk<\/strong>?- Dr\u017eeno n\u00edzko pro lep\u0161\u00ed sva\u0159itelnost<\/li>\n<\/ul>\n<p class=\"whitespace-pre-wrap\">Kombinace t\u011bchto prvk\u016f d\u00e1v\u00e1 nerezav\u011bj\u00edc\u00ed oceli AerMet100 jej\u00ed jedine\u010dnou sadu vlastnost\u00ed.<\/p>\n<h2>Vlastnosti pr\u00e1\u0161ku z nerezov\u00e9 oceli AerMet100<\/h2>\n<p class=\"whitespace-pre-wrap\">AerMet100 vykazuje tyto fyzik\u00e1ln\u00ed a mechanick\u00e9 vlastnosti v jak-vytvo\u0159en\u00fdch AM a tepeln\u011b o\u0161et\u0159en\u00fdch podm\u00ednk\u00e1ch:<\/p>\n<table>\n<thead>\n<tr>\n<th>Nemovitost<\/th>\n<th>Dokumentace skute\u010dn\u00e9ho proveden\u00ed<\/th>\n<th>Tepeln\u011b o\u0161et\u0159en\u00e9<\/th>\n<\/tr>\n<\/thead>\n<tbody>\n<tr>\n<td><strong>Hustota<\/strong><\/td>\n<td>7,9 g\/cm3<\/td>\n<td>7,9 g\/cm3<\/td>\n<\/tr>\n<tr>\n<td><strong>Porozita<\/strong><\/td>\n<td>&lt; 1 %<\/td>\n<td>&lt; 1 %<\/td>\n<\/tr>\n<tr>\n<td><strong>Hrubost povrchu (Ra)<\/strong><\/td>\n<td>15\u201325 \u00c3\u2026m<\/td>\n<td>15\u201325 \u00c3\u2026m<\/td>\n<\/tr>\n<tr>\n<td><strong>Tvrdost<\/strong><\/td>\n<td>30-35 HRC<\/td>\n<td>34-38 HRC<\/td>\n<\/tr>\n<tr>\n<td><strong>Pevnost v tahu<\/strong><\/td>\n<td>170\u2013190 ksi<\/td>\n<td>190-220 ksi<\/td>\n<\/tr>\n<tr>\n<td><strong>Mez kluzu (posun 0,2 %)<\/strong><\/td>\n<td>160-180 ksi<\/td>\n<td>180-210 ksi<\/td>\n<\/tr>\n<tr>\n<td><strong>Prodlou\u017een\u00ed<\/strong><\/td>\n<td>8-13%<\/td>\n<td>10-15%<\/td>\n<\/tr>\n<tr>\n<td><strong>Sn\u00ed\u017een\u00ed plochy<\/strong><\/td>\n<td>15-25%<\/td>\n<td>15-25%<\/td>\n<\/tr>\n<tr>\n<td><strong>Modul pru\u017enosti<\/strong><\/td>\n<td>27 - 30 m\u011bs\u00edc\u016f<\/td>\n<td>29-32 Msi<\/td>\n<\/tr>\n<tr>\n<td><strong>CTE (70-400\u00a1\u00abC)<\/strong><\/td>\n<td>11-12 d\/m\/r \u00abC<\/td>\n<td>11-12 d\/m\/r \u00abC<\/td>\n<\/tr>\n<tr>\n<td><strong>M\u011brn\u00e1 vodivost<\/strong><\/td>\n<td>25\u201330 % IACS<\/td>\n<td>25\u201330 % IACS<\/td>\n<\/tr>\n<\/tbody>\n<\/table>\n<p class=\"whitespace-pre-wrap\">D\u00edky sv\u00fdm vlastnostem je AerMet100 vhodn\u00fd pro vysoce pevn\u00e9 struktur\u00e1ln\u00ed sou\u010d\u00e1sti, leteck\u00e9 spojovac\u00ed prvky, doly, ventily a \u010derpadla a dal\u0161\u00ed kl\u00ed\u010dov\u00e9 sou\u010d\u00e1sti, u kter\u00fdch je odolnost proti \u00fanav\u011b prvo\u0159ad\u00e1.<\/p>\n<h2>Pou\u017eit\u00ed pr\u00e1\u0161kov\u00e9 nerezov\u00e9 oceli AerMet100<\/h2>\n<p class=\"whitespace-pre-wrap\">Jedine\u010dn\u00e9 vlastnosti slitiny AerMet100 z n\u00ed \u010din\u00ed v\u00fdbornou volbu pro n\u00e1sleduj\u00edc\u00ed aplikace:<\/p>\n<h3>Letectv\u00ed a kosmonautika<\/h3>\n<ul class=\"list-disc pl-8 space-y-2\">\n<li class=\"whitespace-normal\">Struktur\u00e1ln\u00ed konzoly, vzp\u011bry, sou\u010d\u00e1sti draku letadla<\/li>\n<li class=\"whitespace-normal\">D\u00edly podvozku, \u010d\u00e1sti k\u0159\u00eddel, ocasn\u00ed plochy<\/li>\n<li class=\"whitespace-normal\">Uchycen\u00ed motoru, v\u00fdfukov\u00e9 sou\u010d\u00e1sti<\/li>\n<li class=\"whitespace-normal\">Turb\u00ednov\u00e9 lopatky, ob\u011b\u017en\u00e1 kola, d\u00edly kompresoru<\/li>\n<li class=\"whitespace-normal\">Vysokopevnostn\u00ed spojovac\u00ed materi\u00e1l, \u0161rouby, matice, n\u00fdty<\/li>\n<\/ul>\n<h3>Ropn\u00fd a plynov\u00fd pr\u016fmysl<\/h3>\n<ul class=\"list-disc pl-8 space-y-2\">\n<li class=\"whitespace-normal\">Doln\u00ed vrtac\u00ed n\u00e1stroje a komponenty<\/li>\n<li class=\"whitespace-normal\">Hlavov\u00e9 d\u00edly, ventily, \u010derpadla<\/li>\n<li class=\"whitespace-normal\">Tlakov\u00e9 n\u00e1doby, trubn\u00ed armatury<\/li>\n<li class=\"whitespace-normal\">Konstruk\u010dn\u00ed \u010d\u00e1sti pro podmo\u0159skou\/mo\u0159skou t\u011b\u017ebu<\/li>\n<\/ul>\n<h3>Automotivn\u00ed<\/h3>\n<ul class=\"list-disc pl-8 space-y-2\">\n<li class=\"whitespace-normal\">Komponenty v\u00fdroby elekt\u0159iny<\/li>\n<li class=\"whitespace-normal\">D\u00edly pohonn\u00fdch syst\u00e9m\u016f jako p\u0159evody, h\u0159\u00eddele<\/li>\n<li class=\"whitespace-normal\">Konstruk\u010dn\u00ed vzp\u011bry, \u010d\u00e1sti \u0161asi<\/li>\n<li class=\"whitespace-normal\">Vysoce v\u00fdkonn\u00e9 z\u00e1vodn\u00ed d\u00edly<\/li>\n<\/ul>\n<h3>Pr\u016fmyslov\u00fd<\/h3>\n<ul class=\"list-disc pl-8 space-y-2\">\n<li class=\"whitespace-normal\">D\u00edly robot\u016f vystaven\u00e9 opot\u0159eben\u00ed a n\u00e1raz\u016fm<\/li>\n<li class=\"whitespace-normal\">Z\u00e1pustky, formy, n\u00e1\u0159ad\u00ed<\/li>\n<li class=\"whitespace-normal\">Komponenty pro manipulaci s kapalinami, jako jsou ventily a \u010derpadla<\/li>\n<li class=\"whitespace-normal\">Dal\u0161\u00ed vysoce zat\u011b\u017eovan\u00e9 komponenty<\/li>\n<\/ul>\n<p class=\"whitespace-pre-wrap\">Vynikaj\u00edc\u00ed \u00fanavov\u00e1 pevnost oceli AerMet100 ji p\u0159edur\u010duje k pou\u017eit\u00ed jako ide\u00e1ln\u00ed n\u00e1hradu tradi\u010dn\u00edch sou\u010d\u00e1st\u00ed vyr\u00e1b\u011bn\u00fdch z titanu nebo niklov\u00fdch slitin. Vysok\u00e1 tvrdost zaji\u0161\u0165uje tak\u00e9 dobrou odolnost proti opot\u0159eben\u00ed.<\/p>\n<h2>Specifikace nerezov\u00e9ho ocelov\u00e9ho pr\u00e1\u0161ku AerMet100<\/h2>\n<p class=\"whitespace-pre-wrap\">Powderov\u00e9 v\u00fdrobky AerMet100 spl\u0148uj\u00ed n\u00e1sleduj\u00edc\u00ed specifikace:<\/p>\n<table>\n<thead>\n<tr>\n<th><strong>Specifikace<\/strong><\/th>\n<th><strong>T\u0159\u00edda\/Slitina<\/strong><\/th>\n<\/tr>\n<\/thead>\n<tbody>\n<tr>\n<td>AMS 7245<\/td>\n<td>AerMet100<\/td>\n<\/tr>\n<tr>\n<td>ASTM F3056<\/td>\n<td>AlloySpec 23A<\/td>\n<\/tr>\n<tr>\n<td>DIN 17224<\/td>\n<td>X3NiCoMoAl 15-7-3<\/td>\n<\/tr>\n<\/tbody>\n<\/table>\n<p class=\"whitespace-pre-wrap\">Typick\u00e9 velikostn\u00ed distribuce pro AM zpracov\u00e1n\u00ed jsou:<\/p>\n<table>\n<thead>\n<tr>\n<th><strong>Velikost \u010d\u00e1stic<\/strong><\/th>\n<th><strong>Distribuce<\/strong><\/th>\n<\/tr>\n<\/thead>\n<tbody>\n<tr>\n<td>15\u201353 \u00b5m<\/td>\n<td>98%<\/td>\n<\/tr>\n<tr>\n<td>&lt;<\/td>\n<td>99%<\/td>\n<\/tr>\n<\/tbody>\n<\/table>\n<p class=\"whitespace-pre-wrap\">Chemick\u00e9 slo\u017een\u00ed mus\u00ed odpov\u00eddat povolen\u00fdm rozsah\u016fm pro prvky jako Cr, Ni, Co, Mo, C atd., jak je uvedeno ve specifikaci AMS 7245 pro slitinu AerMet100.<\/p>\n<p class=\"whitespace-pre-wrap\">Mechanick\u00e9 vlastnosti mus\u00ed dosahovat nebo p\u0159ekra\u010dovat minim\u00e1ln\u00ed hodnoty tvrdosti, pevnosti v tahu, meze kluzu, ta\u017enosti a sn\u00ed\u017een\u00ed plochy p\u0159edepsan\u00e9 v norm\u011b AMS 7245.<\/p>\n<p class=\"whitespace-pre-wrap\">Nede\u0161truktivn\u00ed zkou\u0161en\u00ed, jako je zkou\u0161ka pronikavou kapalinou nebo magnetick\u00fdmi \u010d\u00e1sticemi, nesm\u00ed uk\u00e1zat \u017e\u00e1dn\u00e9 kritick\u00e9 vady nebo defekty. Pr\u00e1\u0161ek mus\u00ed m\u00edt dobrou tekutost a nevykazovat \u017e\u00e1dn\u00e9 shlukov\u00e1n\u00ed.<\/p>\n<h2>Dodavatel\u00e9 a ceny pr\u00e1\u0161ku z nerezov\u00e9 oceli AerMet100<\/h2>\n<p class=\"whitespace-pre-wrap\">Pr\u00e1\u0161ek AerMet100 se dod\u00e1v\u00e1 od t\u011bchto p\u0159edn\u00edch dodavatel\u016f:<\/p>\n<table>\n<thead>\n<tr>\n<th><strong>Dodavatel<\/strong><\/th>\n<th><strong>Ozna\u010den\u00ed produktu<\/strong><\/th>\n<th><strong>Cenov\u00e9 rozp\u011bt\u00ed na kg<\/strong><\/th>\n<\/tr>\n<\/thead>\n<tbody>\n<tr>\n<td>Carpenter Additive<\/td>\n<td>CarTech AerMet100<\/td>\n<td>$85-110<\/td>\n<\/tr>\n<tr>\n<td>H\u00e5gan\u00e4s<\/td>\n<td>Digital Metal DM100<\/td>\n<td>$90-120<\/td>\n<\/tr>\n<tr>\n<td>Praxair<\/td>\n<td>TRU100<\/td>\n<td>$80-100<\/td>\n<\/tr>\n<tr>\n<td>Sandvik Osprey<\/td>\n<td>Osprey Met 100<\/td>\n<td>$75-95<\/td>\n<\/tr>\n<\/tbody>\n<\/table>\n<p class=\"whitespace-pre-wrap\">Ceny se li\u0161\u00ed dle objemu objedn\u00e1vky, velikosti \u0161ar\u017ee, region\u00e1ln\u00edho distributora a dal\u0161\u00edch slev. Men\u0161\u00ed v\u00fdzkumn\u00e1 mno\u017estv\u00ed mohou st\u00e1t v\u00edce ne\u017e objemy hromadn\u00e9 v\u00fdroby.<\/p>\n<h2>Skladov\u00e1n\u00ed a manipulace<\/h2>\n<p class=\"whitespace-pre-wrap\">Aby se udr\u017eela kvalita pr\u00e1\u0161ku AerMet100 pro pou\u017eit\u00ed v AM, plat\u00ed n\u00e1sleduj\u00edc\u00ed pokyny pro skladov\u00e1n\u00ed a manipulaci:<\/p>\n<ul class=\"list-disc pl-8 space-y-2\">\n<li class=\"whitespace-normal\">Uchov\u00e1vejte uzav\u0159en\u00e9 n\u00e1doby v chladn\u00e9m a such\u00e9m prost\u0159ed\u00ed, mimo vlhkost a zdroje kontaminace<\/li>\n<li class=\"whitespace-normal\">Vyvarujte se vystaven\u00ed pr\u00e1\u0161ku vysok\u00e9 vlhkosti (&gt;60 % RH) po del\u0161\u00ed dobu<\/li>\n<li class=\"whitespace-normal\">P\u0159ed otev\u0159en\u00edm n\u00e1doby nechte pr\u00e1\u0161ek vyrovnat na pokojovou teplotu, aby nedo\u0161lo ke kondenzaci.<\/li>\n<li class=\"whitespace-normal\">Nalijte a p\u0159esu\u0148te pr\u00e1\u0161ek v inertn\u00edm prost\u0159ed\u00ed s n\u00edzkou koncentrac\u00ed kysl\u00edku, pokud je to mo\u017en\u00e9<\/li>\n<li class=\"whitespace-normal\">Pou\u017eijte za\u0159\u00edzen\u00ed na manipulaci s pr\u00e1\u0161kem a p\u0159\u00edslu\u0161enstv\u00ed vyr\u00e1b\u011bn\u00e9 z kompatibiln\u00edch materi\u00e1l\u016f, aby nedo\u0161lo ke kontaminaci<\/li>\n<li class=\"whitespace-normal\">Maxim\u00e1ln\u00ed opakovan\u00e9 pou\u017eit\u00ed pr\u00e1\u0161ku omezte na 2\u20133 cykly, abyste zabr\u00e1nili zhor\u0161en\u00ed vlastnost\u00ed<\/li>\n<li class=\"whitespace-normal\">Prove\u010fte testov\u00e1n\u00ed pou\u017eit\u00e9ho pr\u00e1\u0161ku, abyste zajistili, \u017ee st\u00e1le spl\u0148uje v\u0161echny specifikace pro op\u011btovn\u00e9 pou\u017eit\u00ed<\/li>\n<\/ul>\n<p class=\"whitespace-pre-wrap\">Spr\u00e1vn\u00e9 skladov\u00e1n\u00ed a pe\u010dliv\u00e9 zach\u00e1zen\u00ed jsou kl\u00ed\u010dem k prevenci oxidace pr\u00e1\u0161ku, kontaminace nebo zm\u011bn tekutosti.<\/p>\n<h2>Informace o bezpe\u010dnosti<\/h2>\n<ul class=\"list-disc pl-8 space-y-2\">\n<li class=\"whitespace-normal\">P\u0159i manipulaci s pr\u00e1\u0161kem noste OOPP \u2013 rukavice, respir\u00e1tor, br\u00fdle<\/li>\n<li class=\"whitespace-normal\">Zamezen\u00ed kontaktu s poko\u017ekou zabr\u00e1n\u00ed mo\u017en\u00fdm alergick\u00fdm reakc\u00edm<\/li>\n<li class=\"whitespace-normal\">Zabra\u0148te vdechov\u00e1n\u00ed jemn\u00fdch pr\u00e1\u0161k\u016f po del\u0161\u00ed dobu<\/li>\n<li class=\"whitespace-normal\">Zajist\u011bte dostate\u010dn\u00e9 v\u011btr\u00e1n\u00ed a ods\u00e1v\u00e1n\u00ed prachu p\u0159i zpracov\u00e1n\u00ed<\/li>\n<li class=\"whitespace-normal\">Pou\u017e\u00edvejte nejisk\u0159\u00edc\u00ed n\u00e1\u0159ad\u00ed k d\u00e1vkov\u00e1n\u00ed a manipulaci s pr\u00e1\u0161kem<\/li>\n<li class=\"whitespace-normal\">P\u0159i manipulaci s pr\u00e1\u0161kem se doporu\u010duje pou\u017eit\u00ed inertn\u00edho plynu<\/li>\n<li class=\"whitespace-normal\">Dodr\u017eujte v\u0161echny platn\u00e9 bezpe\u010dnostn\u00ed pokyny v bezpe\u010dnostn\u00edm listu (SDS)<\/li>\n<li class=\"whitespace-normal\">Odstra\u0148te podle m\u00edstn\u00edch p\u0159edpis\u016f a zajist\u011bte izolaci<\/li>\n<\/ul>\n<p class=\"whitespace-pre-wrap\">Pr\u00e1\u0161ky ze slitiny AerMet100 obecn\u011b nejsou nebezpe\u010dn\u00fdmi materi\u00e1ly, ale doporu\u010duje se dodr\u017eovat z\u00e1kladn\u00ed bezpe\u010dnostn\u00ed z\u00e1sady b\u011bhem skladov\u00e1n\u00ed, manipulace a zpracov\u00e1n\u00ed.<\/p>\n<h2>Inspekce a testov\u00e1n\u00ed<\/h2>\n<p class=\"whitespace-pre-wrap\">P\u0159i kontrole, aby AerMet100 spl\u0148ovalo specifikace, lze vyu\u017e\u00edt n\u00e1sleduj\u00edc\u00ed inspek\u010dn\u00ed a testovac\u00ed procedury:<\/p>\n<table>\n<thead>\n<tr>\n<th><strong>Metoda testov\u00e1n\u00ed<\/strong><\/th>\n<th><strong>Vlastnost ov\u011b\u0159ena<\/strong><\/th>\n<\/tr>\n<\/thead>\n<tbody>\n<tr>\n<td>Vizueln\u00ed prohl\u00eddka<\/td>\n<td>Tok pr\u00e1\u0161k\u016f, kontaminace<\/td>\n<\/tr>\n<tr>\n<td>Skenovac\u00ed elektronov\u00e1 mikroskopie<\/td>\n<td>Distribuce velikosti \u010d\u00e1stic a morfologie<\/td>\n<\/tr>\n<tr>\n<td>Energie disperzivn\u00ed rentgenov\u00e1 spektroskopie<\/td>\n<td>Slo\u017een\u00ed slitiny, kontaminace<\/td>\n<\/tr>\n<tr>\n<td>Difrakce rentgenov\u00fdch paprsk\u016f<\/td>\n<td>P\u0159\u00edtomn\u00e9 f\u00e1ze, kontaminace<\/td>\n<\/tr>\n<tr>\n<td>Hlubicov\u00fd pr\u016ftokom\u011br<\/td>\n<td>Pr\u016ftokov\u00e1 rychlost pr\u00e1\u0161ku<\/td>\n<\/tr>\n<tr>\n<td>Zd\u00e1nliv\u00e1 hustota<\/td>\n<td>Hustota pr\u00e1\u0161kov\u00e9ho z\u00e1sypu<\/td>\n<\/tr>\n<tr>\n<td>Test hustoty klepnut\u00ed<\/td>\n<td>Te\u010den\u00ed pr\u00e1\u0161k\u016f<\/td>\n<\/tr>\n<tr>\n<td>S\u00edtov\u00fd rozbor<\/td>\n<td>Distribuce velikosti \u010d\u00e1stic dle ASTM B214<\/td>\n<\/tr>\n<tr>\n<td>Chemick\u00e1 anal\u00fdza<\/td>\n<td>Slo\u017een\u00ed podle AMS 7245, oxidy<\/td>\n<\/tr>\n<tr>\n<td>M\u011b\u0159en\u00ed hustoty<\/td>\n<td>Hustota pr\u00e1\u0161ku vs AMS 7245<\/td>\n<\/tr>\n<\/tbody>\n<\/table>\n<p class=\"whitespace-pre-wrap\">Mechanick\u00e9 zkou\u0161en\u00ed ti\u0161t\u011bn\u00fdch vzork\u016f dle normy AMS 7245 potvrzuje, \u017ee vlastnosti kone\u010dn\u00e9 sou\u010d\u00e1sti spl\u0148uj\u00ed po\u017eadavky. Metody zkou\u0161en\u00ed zahrnuj\u00ed tvrdost, pevnost v tahu, r\u00e1zovou hou\u017eevnatost Charpyho, \u00fanavov\u00e9 zkou\u0161ky s vysok\u00fdm a n\u00edzk\u00fdm po\u010dtem cykl\u016f, zkou\u0161ky na lom p\u0159i te\u010den\u00ed, zkou\u0161ky tahov\u00e9 pevnosti a tak\u00e9 zkou\u0161ky korozn\u00ed odolnosti.<\/p>\n<h2>Porovn\u00e1n\u00ed pr\u00e1\u0161kov\u00e9 nerezov\u00e9 oceli AerMet100 s podobn\u00fdmi materi\u00e1ly<\/h2>\n<p class=\"whitespace-pre-wrap\">Slitina AerMet100 ve srovn\u00e1n\u00ed s jin\u00fdmi vysokopevnostn\u00edmi martenzitick\u00fdmi korozivzdorn\u00fdmi ocelemi:<\/p>\n<table>\n<thead>\n<tr>\n<th><strong>Slitina<\/strong><\/th>\n<th><strong>S\u00edla<\/strong><\/th>\n<th><strong>Ta\u017enost<\/strong><\/th>\n<th><strong>Schwei\u00dfbarkeit<\/strong><\/th>\n<th><strong>Cena<\/strong><\/th>\n<\/tr>\n<\/thead>\n<tbody>\n<tr>\n<td>AerMet100<\/td>\n<td>Velmi vysok\u00fd<\/td>\n<td>St\u0159edn\u00ed<\/td>\n<td>F\u00e9rov\u00e1<\/td>\n<td>St\u0159edn\u00ed<\/td>\n<\/tr>\n<tr>\n<td>17-4PH<\/td>\n<td>Vysok\u00e1<\/td>\n<td>N\u00edzk\u00fd<\/td>\n<td>\u0160patn\u00e9<\/td>\n<td>N\u00edzk\u00fd<\/td>\n<\/tr>\n<tr>\n<td>U\u017eivatelsk\u00fd form\u00e1t 465<\/td>\n<td>Velmi vysok\u00fd<\/td>\n<td>N\u00edzk\u00fd<\/td>\n<td>\u0160patn\u00e9<\/td>\n<td>Vysok\u00e1<\/td>\n<\/tr>\n<tr>\n<td>316L<\/td>\n<td>St\u0159edn\u00ed<\/td>\n<td>Vysok\u00e1<\/td>\n<td>V\u00fdborn\u00fd<\/td>\n<td>N\u00edzk\u00fd<\/td>\n<\/tr>\n<tr>\n<td>Inconel 718<\/td>\n<td>Vysok\u00e1<\/td>\n<td>Vysok\u00e1<\/td>\n<td>St\u0159edn\u00ed<\/td>\n<td>Velmi vysok\u00fd<\/td>\n<\/tr>\n<\/tbody>\n<\/table>\n<p class=\"whitespace-pre-wrap\"><strong>V\u00fdhody AerMet100:<\/strong><\/p>\n<ul class=\"list-disc pl-8 space-y-2\">\n<li class=\"whitespace-normal\">V\u011bt\u0161\u00ed pevnost ne\u017e 17-4PH a 316L<\/li>\n<li class=\"whitespace-normal\">Lep\u0161\u00ed ta\u017enost ne\u017e u Custom 465 pro vy\u0161\u0161\u00ed odolnost proti n\u00e1razu<\/li>\n<li class=\"whitespace-normal\">Sva\u0159iteln\u011bj\u0161\u00ed ne\u017e slitiny vytvrzovan\u00e9 vylu\u010dov\u00e1n\u00edm<\/li>\n<li class=\"whitespace-normal\">Ni\u017e\u0161\u00ed n\u00e1klady ne\u017e Inconel 718<\/li>\n<\/ul>\n<p class=\"whitespace-pre-wrap\"><strong>Omezen\u00ed AerMet100:<\/strong><\/p>\n<ul class=\"list-disc pl-8 space-y-2\">\n<li class=\"whitespace-normal\">Ni\u017e\u0161\u00ed ta\u017enost\/odolnost proti lomu ne\u017e austenitick\u00e9 316L<\/li>\n<li class=\"whitespace-normal\">Hor\u0161\u00ed sva\u0159itelnost ve srovn\u00e1n\u00ed s 316L<\/li>\n<li class=\"whitespace-normal\">Vy\u0161\u0161\u00ed cena ne\u017e 17-4PH nebo 316L<\/li>\n<li class=\"whitespace-normal\">Ni\u017e\u0161\u00ed pevnost ne\u017e Custom 465 za stavu optim\u00e1ln\u00edho st\u00e1rnut\u00ed<\/li>\n<\/ul>\n<p class=\"whitespace-pre-wrap\">Celkov\u011b AerMet100 poskytuje optim\u00e1ln\u00ed kombinaci pevnosti, ta\u017enosti, sva\u0159itelnosti a n\u00e1klad\u016f pro vysoce v\u00fdkonn\u00e9 sou\u010d\u00e1sti vyroben\u00e9 prost\u0159ednictv\u00edm AM proces\u016f.<\/p>\n<h2>\u010casto kladen\u00e9 ot\u00e1zky (FAQ)<\/h2>\n<p class=\"whitespace-pre-wrap\"><strong>Ot\u00e1zka: Jak\u00e9 jsou hlavn\u00ed v\u00fdhody slitiny AerMet100?<\/strong><\/p>\n<p class=\"whitespace-pre-wrap\">A: Hlavn\u00edmi v\u00fdhodami materi\u00e1lu AerMet100 jsou jeho vysok\u00e1 pevnost a tvrdost spolu s dobrou tv\u00e1rnost\u00ed, vynikaj\u00edc\u00ed odolnost\u00ed v\u016f\u010di \u00fanav\u011b, odolnost\u00ed v\u016f\u010di te\u010den\u00ed, odolnost\u00ed v\u016f\u010di korozi a p\u0159ijateln\u00fdmi n\u00e1klady. D\u00edky tomu je tento materi\u00e1l velmi vhodn\u00fd pro kritick\u00e9 aplikace AM.<\/p>\n<p class=\"whitespace-pre-wrap\"><strong>Ot\u00e1zka: Jak\u00e9 tepeln\u00e9 zpracov\u00e1n\u00ed se pou\u017e\u00edv\u00e1 pro AerMet100?<\/strong><\/p>\n<p class=\"whitespace-pre-wrap\">A: Typick\u00fd postup tepeln\u00e9ho zpracov\u00e1n\u00ed spo\u010d\u00edv\u00e1 v 1\u20132hodinov\u00e9m rozpou\u0161t\u011bn\u00ed p\u0159i 1040\u20131080 \u00b0C, po n\u011bm\u017e n\u00e1sleduje chlazen\u00ed vzduchem nebo v peci na pokojovou teplotu a n\u00e1sledn\u011b vytvrzen\u00ed p\u0159i 480 \u00b0C po dobu 4 hodin, aby se dos\u00e1hlo optim\u00e1ln\u00ed pevnosti a tvrdosti.<\/p>\n<p class=\"whitespace-pre-wrap\"><strong>Ot\u00e1zka: Jak\u00fdm zp\u016fsobem sva\u0159ov\u00e1n\u00ed lze spojit sou\u010d\u00e1sti z materi\u00e1lu AerMet100?<\/strong><\/p>\n<p class=\"whitespace-pre-wrap\">A: U tavn\u00fdch metod sva\u0159ov\u00e1n\u00ed se u AerMet100 kv\u016fli vyvarov\u00e1n\u00ed se trhlin a minimalizov\u00e1n\u00ed deformac\u00ed doporu\u010duje pou\u017eit\u00ed metod GTAW, GMAW a PAW. Tak\u00e9 je doporu\u010dov\u00e1n n\u00edzk\u00fd tepeln\u00fd p\u0159\u00edkon a \u010d\u00ed\u0161t\u011bn\u00ed svar\u016f. Spoje dobr\u00e9 kvality lze z\u00edskat i p\u00e1jen\u00edm.<\/p>\n<p class=\"whitespace-pre-wrap\"><strong>Ot\u00e1zka: Jak se AerMet100 porovn\u00e1v\u00e1 se zu\u0161lechtiteln\u00fdmi ocelemi pro aditivn\u00ed v\u00fdrobu?<\/strong><\/p>\n<p class=\"whitespace-pre-wrap\">A: AerMet100 m\u00e1 vy\u0161\u0161\u00ed ta\u017enost, ale pon\u011bkud ni\u017e\u0161\u00ed pevnost ne\u017e maragingov\u00e9 oceli jako jsou 18Ni300 nebo 18Ni350. Maragingov\u00e9 oceli maj\u00ed \u0161patnou sva\u0159itelnost. AerMet100 je dobr\u00e1 levn\u011bj\u0161\u00ed n\u00e1hrada za maraging.<\/p>\n<p class=\"whitespace-pre-wrap\"><strong>Ot\u00e1zka: Lze AerMet100 obrab\u011bt po AM zpracov\u00e1n\u00ed?<\/strong><\/p>\n<p class=\"whitespace-pre-wrap\">Ano: Ano, AerMet100 lze obr\u00e1b\u011bt po AM, ale je t\u0159eba v\u011bnovat pozornost \u00fa\u010dink\u016fm vytvrzen\u00ed. Doporu\u010duj\u00ed se n\u00edzk\u00e9 \u0159ezn\u00e9 s\u00edly, karbidov\u00e9 n\u00e1stroje a dostate\u010dn\u00e9 chlazen\u00ed. Po rozs\u00e1hl\u00e9m obr\u00e1b\u011bn\u00ed m\u016f\u017ee b\u00fdt nutn\u00e9 \u017e\u00edh\u00e1n\u00ed.<\/p>\n<p class=\"whitespace-pre-wrap\"><strong>Q: Jak\u00fd rozsah velikosti \u010d\u00e1stic pr\u00e1\u0161ku AerMet100 je pro AM optim\u00e1ln\u00ed?<\/strong><\/p>\n<p class=\"whitespace-pre-wrap\">A: Doporu\u010den\u00e1 velikost \u010d\u00e1stic pro AM je 15\u201345 \u03bcm. Jemn\u011bj\u0161\u00ed pr\u00e1\u0161ky zlep\u0161uj\u00ed rozli\u0161en\u00ed, ale mohou negativn\u011b ovlivnit tekutost. Hrub\u0161\u00ed pr\u00e1\u0161ky nad 53 \u03bcm mohou zp\u016fsobit vady tisku. Typick\u00fd optim\u00e1ln\u00ed bod je 25\u201335 \u03bcm.<\/p>\n<p><\/span><\/span><\/p>","protected":false},"excerpt":{"rendered":"<p>Pr\u00e1\u0161ek z nerezov\u00e9 oceli AerMet100 je vysoce v\u00fdkonn\u00e1 pr\u00e1\u0161kov\u00e1 slitina ur\u010den\u00e1 pro aditivn\u00ed v\u00fdrobn\u00ed aplikace vy\u017eaduj\u00edc\u00ed vysokou pevnost a odolnost proti \u00fanav\u011b. Mezi kl\u00ed\u010dov\u00e9 vlastnosti tohoto materi\u00e1lu pat\u0159\u00ed: Vysok\u00e1 pevnost a tvrdost - AerMet100 m\u00e1 vynikaj\u00edc\u00ed pevnost s pevnost\u00ed v tahu p\u0159es 200 ksi a tvrdost v rozmez\u00ed 30-36 HRC. Dobr\u00e1 ta\u017enost - Navzdory vysok\u00e9 pevnosti je...<\/p>","protected":false},"featured_media":1950,"parent":0,"template":"","meta":{"_acf_changed":false,"_kad_blocks_custom_css":"","_kad_blocks_head_custom_js":"","_kad_blocks_body_custom_js":"","_kad_blocks_footer_custom_js":"","_kad_post_transparent":"","_kad_post_title":"","_kad_post_layout":"","_kad_post_sidebar_id":"","_kad_post_content_style":"","_kad_post_vertical_padding":"","_kad_post_feature":"","_kad_post_feature_position":"","_kad_post_header":false,"_kad_post_footer":false,"_kad_post_classname":""},"product-category":[119,122],"class_list":["post-3944","product","type-product","status-publish","has-post-thumbnail","hentry","product-category-3d-printing-metal-powder","product-category-iron-based-alloy-powder"],"acf":[],"taxonomy_info":{"product-category":[{"value":119,"label":"3D Printing Metal Powder"},{"value":122,"label":"Iron Based Alloy Powder"}]},"featured_image_src_large":["https:\/\/3dpmetal.com\/wp-content\/uploads\/2024\/02\/300M-Stainless-Steel-Powder.jpg",545,408,false],"author_info":[],"comment_info":"","_links":{"self":[{"href":"https:\/\/3dpmetal.com\/cs\/wp-json\/wp\/v2\/product\/3944","targetHints":{"allow":["GET"]}}],"collection":[{"href":"https:\/\/3dpmetal.com\/cs\/wp-json\/wp\/v2\/product"}],"about":[{"href":"https:\/\/3dpmetal.com\/cs\/wp-json\/wp\/v2\/types\/product"}],"wp:featuredmedia":[{"embeddable":true,"href":"https:\/\/3dpmetal.com\/cs\/wp-json\/wp\/v2\/media\/1950"}],"wp:attachment":[{"href":"https:\/\/3dpmetal.com\/cs\/wp-json\/wp\/v2\/media?parent=3944"}],"wp:term":[{"taxonomy":"product-category","embeddable":true,"href":"https:\/\/3dpmetal.com\/cs\/wp-json\/wp\/v2\/product-category?post=3944"}],"curies":[{"name":"wp","href":"https:\/\/api.w.org\/{rel}","templated":true}]}}