{"id":4293,"date":"2024-04-07T08:17:04","date_gmt":"2024-04-07T08:17:04","guid":{"rendered":"https:\/\/3dpmetal.com\/product\/titanium-ti6242-powder\/"},"modified":"2024-04-08T00:48:43","modified_gmt":"2024-04-08T00:48:43","slug":"titanium-ti6242-powder","status":"publish","type":"product","link":"https:\/\/3dpmetal.com\/cs\/product\/titanium-ti6242-powder\/","title":{"rendered":"Titanov\u00fd pr\u00e1\u0161ek Ti6242"},"content":{"rendered":"<h2>Titanov\u00fd pr\u00e1\u0161ek Ti6242: P\u0159ehled<\/h2>\n<p>Titan<a href=\"https:\/\/en.wikipedia.org\/wiki\/Metal_powder\" target=\"_blank\" rel=\"noopener\"> Pr\u00e1\u0161ek Ti6242<\/a> je velmi \u017e\u00e1dan\u00e1 pr\u00e1\u0161kov\u00e1 slitina na b\u00e1zi titanu, kter\u00e1 je zn\u00e1m\u00e1 sv\u00fdm v\u00fdjime\u010dn\u00fdm pom\u011brem pevnosti a hmotnosti, odolnost\u00ed proti korozi a biokompatibilitou. Tento pr\u00e1\u0161ek je \u0161iroce vyu\u017e\u00edv\u00e1n v r\u016fzn\u00fdch pr\u016fmyslov\u00fdch odv\u011btv\u00edch, zejm\u00e9na v leteck\u00e9m, zdravotnick\u00e9m a automobilov\u00e9m pr\u016fmyslu, a pln\u00ed kl\u00ed\u010dovou \u00falohu v aplikac\u00edch vy\u017eaduj\u00edc\u00edch vynikaj\u00edc\u00ed v\u00fdkon v n\u00e1ro\u010dn\u00fdch podm\u00ednk\u00e1ch.<\/p>\n<h2>Kompozice<\/h2>\n<p>Titanov\u00fd pr\u00e1\u0161ek Ti6242 je pe\u010dliv\u011b vyroben s p\u0159esn\u00fdmi leguj\u00edc\u00edmi prvky, aby bylo dosa\u017eeno jeho vynikaj\u00edc\u00edch vlastnost\u00ed:<\/p>\n<table>\n<thead>\n<tr>\n<th>Element<\/th>\n<th>Hmotnostn\u00ed %<\/th>\n<\/tr>\n<\/thead>\n<tbody>\n<tr>\n<td>Titan (Ti)<\/td>\n<td>88.0-91.0<\/td>\n<\/tr>\n<tr>\n<td>Hlin\u00edk (Al)<\/td>\n<td>5.5-6.5<\/td>\n<\/tr>\n<tr>\n<td>C\u00edn (Sn)<\/td>\n<td>3.5-4.5<\/td>\n<\/tr>\n<tr>\n<td>Zirkon (Zr)<\/td>\n<td>1.8-2.2<\/td>\n<\/tr>\n<tr>\n<td>Kysl\u00edk (O)<\/td>\n<td>\u22640.12<\/td>\n<\/tr>\n<tr>\n<td>\u017delezo (Fe)<\/td>\n<td>\u22640.25<\/td>\n<\/tr>\n<tr>\n<td>Uhl\u00edk (C)<\/td>\n<td>\u22640.08<\/td>\n<\/tr>\n<tr>\n<td>Dus\u00edk (N)<\/td>\n<td>\u22640.05<\/td>\n<\/tr>\n<tr>\n<td>Vod\u00edk (H)<\/td>\n<td>\u22640.015<\/td>\n<\/tr>\n<\/tbody>\n<\/table>\n<p>Tyto leguj\u00edc\u00ed prvky synergicky p\u0159isp\u00edvaj\u00ed k vysok\u00e9 pevnosti, odolnosti proti korozi a biokompatibilit\u011b slitiny.<\/p>\n<h2>Vlastnosti<\/h2>\n<p>Titan Ti6242 Powder vykazuje pozoruhodn\u00e9 vlastnosti nezbytn\u00e9 pro n\u00e1ro\u010dn\u00e9 aplikace:<\/p>\n<table>\n<thead>\n<tr>\n<th>Nemovitost<\/th>\n<th>Hodnota<\/th>\n<\/tr>\n<\/thead>\n<tbody>\n<tr>\n<td>Hustota<\/td>\n<td>4,5 g\/cm\u00b3<\/td>\n<\/tr>\n<tr>\n<td>Tvrdost (HB)<\/td>\n<td>330-380<\/td>\n<\/tr>\n<tr>\n<td>Pevnost v tahu<\/td>\n<td>950-1000 MPa<\/td>\n<\/tr>\n<tr>\n<td>Mez kluzu<\/td>\n<td>800-850 MPa<\/td>\n<\/tr>\n<tr>\n<td>Prodlou\u017een\u00ed<\/td>\n<td>10-12%<\/td>\n<\/tr>\n<tr>\n<td>Teplota t\u00e1n\u00ed<\/td>\n<td>1600-1650\u00b0C<\/td>\n<\/tr>\n<tr>\n<td>Tepeln\u00e1 vodivost<\/td>\n<td>6,7 W\/m-K<\/td>\n<\/tr>\n<tr>\n<td>Koeficient rozta\u017enosti<\/td>\n<td>8,6 \u00b5m\/m-K<\/td>\n<\/tr>\n<\/tbody>\n<\/table>\n<p>D\u00edky t\u011bmto vynikaj\u00edc\u00edm vlastnostem je titanov\u00fd pr\u00e1\u0161ek Ti6242 vhodn\u00fd pro \u0161irokou \u0161k\u00e1lu aplikac\u00ed vy\u017eaduj\u00edc\u00edch vysokou pevnost, odolnost proti korozi a biokompatibilitu.<\/p>\n<h2>APLIKACE<\/h2>\n<p>Titanov\u00fd pr\u00e1\u0161ek Ti6242 nach\u00e1z\u00ed \u0161irok\u00e9 uplatn\u011bn\u00ed v r\u016fzn\u00fdch pr\u016fmyslov\u00fdch odv\u011btv\u00edch:<\/p>\n<ul>\n<li>Letectv\u00ed a kosmonautika: sou\u010d\u00e1sti letadel, d\u00edly motor\u016f<\/li>\n<li>Zdravotnictv\u00ed: chirurgick\u00e9 implant\u00e1ty, protetick\u00e9 pom\u016fcky<\/li>\n<li>Automobilov\u00fd pr\u016fmysl: lehk\u00e9 komponenty, v\u00fdfukov\u00e9 syst\u00e9my<\/li>\n<li>Sportovn\u00ed vybaven\u00ed: r\u00e1my j\u00edzdn\u00edch kol, golfov\u00e9 hole<\/li>\n<li>Chemick\u00e9 zpracov\u00e1n\u00ed: reaktory, v\u00fdm\u011bn\u00edky tepla<\/li>\n<\/ul>\n<p>D\u00edky kombinaci vynikaj\u00edc\u00edch vlastnost\u00ed je ide\u00e1ln\u00ed pro kritick\u00e9 sou\u010d\u00e1sti vystaven\u00e9 korozivn\u00edmu prost\u0159ed\u00ed a vysoce nam\u00e1han\u00fdm podm\u00ednk\u00e1m.<\/p>\n<h2>Proces aditivn\u00ed v\u00fdroby<\/h2>\n<p>Titanov\u00fd pr\u00e1\u0161ek Ti6242 se obvykle vyr\u00e1b\u00ed pokro\u010dil\u00fdmi v\u00fdrobn\u00edmi technikami, jako je atomizace plazmou nebo plynov\u00e1 atomizace, jejich\u017e v\u00fdsledkem jsou sf\u00e9rick\u00e9 \u010d\u00e1stice vhodn\u00e9 pro aditivn\u00ed v\u00fdrobn\u00ed techniky, jako je selektivn\u00ed laserov\u00e9 taven\u00ed (SLM) a taven\u00ed elektronov\u00fdm svazkem (EBM).<\/p>\n<h2>Specifikace pr\u00e1\u0161ku<\/h2>\n<p>Titanov\u00fd pr\u00e1\u0161ek Ti6242 je k dispozici v r\u016fzn\u00fdch specifikac\u00edch p\u0159izp\u016fsoben\u00fdch specifick\u00fdm po\u017eadavk\u016fm na pou\u017eit\u00ed, kter\u00e9 zahrnuj\u00ed distribuci velikosti \u010d\u00e1stic, morfologii, zd\u00e1nlivou hustotu, \u010distotu a obsah kysl\u00edku.<\/p>\n<h2>Standardy a zn\u00e1mky<\/h2>\n<p>Pr\u00e1\u0161ek titanu Ti6242 odpov\u00edd\u00e1 pr\u016fmyslov\u00fdm norm\u00e1m, jako jsou ASTM B348 a AMS 4919, co\u017e zaji\u0161\u0165uje jeho kvalitu a vhodnost pro r\u016fzn\u00e9 aplikace.<\/p>\n<h2>Kontrola kvality<\/h2>\n<p>Pro pr\u00e1\u0161ek titanu Ti6242 jsou zavedena p\u0159\u00edsn\u00e1 opat\u0159en\u00ed pro kontrolu kvality, v\u010detn\u011b chemick\u00e9 anal\u00fdzy, anal\u00fdzy velikosti \u010d\u00e1stic, hodnocen\u00ed morfologie pr\u00e1\u0161ku, testov\u00e1n\u00ed hustoty, hodnocen\u00ed \u010distoty a anal\u00fdzy obsahu kysl\u00edku, aby byla zaji\u0161t\u011bna konzistence a spolehlivost.<\/p>\n<h2>Anal\u00fdza n\u00e1klad\u016f<\/h2>\n<p>Cena titanov\u00e9ho pr\u00e1\u0161ku Ti6242 se li\u0161\u00ed v z\u00e1vislosti na n\u011bkolika faktorech, v\u010detn\u011b objemu objedn\u00e1vky, rozsahu velikosti \u010d\u00e1stic, morfologie pr\u00e1\u0161ku, \u00farovn\u011b \u010distoty a mar\u017e\u00ed v\u00fdrobce\/distributora.<\/p>\n<h2>Skladov\u00e1n\u00ed pr\u00e1\u0161ku a manipulace s n\u00edm<\/h2>\n<p>Pro zachov\u00e1n\u00ed integrity titanov\u00e9ho pr\u00e1\u0161ku Ti6242 je nezbytn\u00e9 spr\u00e1vn\u00e9 skladov\u00e1n\u00ed a manipulace, v\u010detn\u011b skladov\u00e1n\u00ed v uzav\u0159en\u00fdch n\u00e1dob\u00e1ch v kontrolovan\u00e9m prost\u0159ed\u00ed a dodr\u017eov\u00e1n\u00ed p\u0159\u00edslu\u0161n\u00fdch manipula\u010dn\u00edch protokol\u016f.<\/p>\n<h2>Zdrav\u00ed a bezpe\u010dnost<\/h2>\n<p>Titanov\u00fd pr\u00e1\u0161ek Ti6242 p\u0159edstavuje p\u0159i spr\u00e1vn\u00e9 manipulaci minim\u00e1ln\u00ed zdravotn\u00ed rizika, co\u017e vy\u017eaduje pou\u017eit\u00ed osobn\u00edch ochrann\u00fdch pom\u016fcek a dodr\u017eov\u00e1n\u00ed bezpe\u010dnostn\u00edch protokol\u016f p\u0159i manipulaci a zpracov\u00e1n\u00ed.<\/p>\n<h2>\u010casto kladen\u00e9 ot\u00e1zky (FAQ)<\/h2>\n<ol>\n<li><strong>Jak\u00e9 jsou hlavn\u00ed v\u00fdhody titanov\u00e9ho pr\u00e1\u0161ku Ti6242?<\/strong> Titan Ti6242 Powder nab\u00edz\u00ed v\u00fdjime\u010dn\u00fd pom\u011br pevnosti a hmotnosti, odolnost proti korozi a biokompatibilitu, tak\u017ee je vhodn\u00fd pro \u0161irokou \u0161k\u00e1lu aplikac\u00ed v leteck\u00e9m, zdravotnick\u00e9m a automobilov\u00e9m pr\u016fmyslu.<\/li>\n<li><strong>Je titanov\u00fd pr\u00e1\u0161ek Ti6242 vhodn\u00fd pro l\u00e9ka\u0159sk\u00e9 implant\u00e1ty?<\/strong> Ano, titanov\u00fd pr\u00e1\u0161ek Ti6242 se b\u011b\u017en\u011b pou\u017e\u00edv\u00e1 v l\u00e9ka\u0159sk\u00fdch aplikac\u00edch pro svou biokompatibilitu a odolnost proti korozi, tak\u017ee je ide\u00e1ln\u00ed pro chirurgick\u00e9 implant\u00e1ty a protetick\u00e9 pom\u016fcky.<\/li>\n<li><strong>M\u016f\u017ee b\u00fdt titanov\u00fd pr\u00e1\u0161ek Ti6242 pou\u017eit v leteck\u00fdch aplikac\u00edch?<\/strong> Ano, titanov\u00fd pr\u00e1\u0161ek Ti6242 je d\u00edky vysok\u00e9mu pom\u011bru pevnosti k hmotnosti a odolnosti proti korozi vhodn\u00fd pro pou\u017eit\u00ed v letectv\u00ed a kosmonautice, v\u010detn\u011b sou\u010d\u00e1st\u00ed letadel a motor\u016f.<\/li>\n<li><strong>V jak\u00fdch aditivn\u00edch v\u00fdrobn\u00edch procesech lze pou\u017e\u00edt titanov\u00fd pr\u00e1\u0161ek Ti6242?<\/strong> Titanov\u00fd pr\u00e1\u0161ek Ti6242 lze zpracov\u00e1vat aditivn\u00edmi v\u00fdrobn\u00edmi technikami, jako je selektivn\u00ed laserov\u00e9 taven\u00ed (SLM) a taven\u00ed elektronov\u00fdm svazkem (EBM), a vyr\u00e1b\u011bt tak slo\u017eit\u00e9 komponenty s vysokou p\u0159esnost\u00ed.<\/li>\n<li><strong>Jak\u00e9 jsou typick\u00e9 n\u00e1klady spojen\u00e9 s titanov\u00fdm pr\u00e1\u0161kem Ti6242?<\/strong> N\u00e1klady na titanov\u00fd pr\u00e1\u0161ek Ti6242 se li\u0161\u00ed v z\u00e1vislosti na faktorech, jako je objem, rozsah velikosti \u010d\u00e1stic, \u00farove\u0148 \u010distoty a podm\u00ednky na trhu.<\/li>\n<\/ol>","protected":false},"excerpt":{"rendered":"<p>Pr\u00e1\u0161ek titanu Ti6242: Pr\u00e1\u0161ek titanu Ti6242 je velmi \u017e\u00e1dan\u00e1 pr\u00e1\u0161kov\u00e1 slitina na b\u00e1zi titanu, kter\u00e1 je zn\u00e1m\u00e1 sv\u00fdm v\u00fdjime\u010dn\u00fdm pom\u011brem pevnosti a hmotnosti, odolnost\u00ed proti korozi a biokompatibilitou. Tento pr\u00e1\u0161ek je \u0161iroce vyu\u017e\u00edv\u00e1n v r\u016fzn\u00fdch pr\u016fmyslov\u00fdch odv\u011btv\u00edch, zejm\u00e9na v leteck\u00e9m, zdravotnick\u00e9m a automobilov\u00e9m pr\u016fmyslu, a pln\u00ed kl\u00ed\u010dovou \u00falohu v aplikac\u00edch vy\u017eaduj\u00edc\u00edch vynikaj\u00edc\u00ed v\u00fdkon v n\u00e1ro\u010dn\u00fdch podm\u00ednk\u00e1ch. Slo\u017een\u00ed Titanov\u00fd pr\u00e1\u0161ek Ti6242 je pe\u010dliv\u011b vyroben...<\/p>","protected":false},"featured_media":4173,"parent":0,"template":"","meta":{"_acf_changed":false,"_kad_blocks_custom_css":"","_kad_blocks_head_custom_js":"","_kad_blocks_body_custom_js":"","_kad_blocks_footer_custom_js":"","_kad_post_transparent":"","_kad_post_title":"","_kad_post_layout":"","_kad_post_sidebar_id":"","_kad_post_content_style":"","_kad_post_vertical_padding":"","_kad_post_feature":"","_kad_post_feature_position":"","_kad_post_header":false,"_kad_post_footer":false,"_kad_post_classname":""},"product-category":[119],"class_list":["post-4293","product","type-product","status-publish","has-post-thumbnail","hentry","product-category-3d-printing-metal-powder"],"acf":[],"taxonomy_info":{"product-category":[{"value":119,"label":"3D Printing Metal Powder"}]},"featured_image_src_large":["https:\/\/3dpmetal.com\/wp-content\/uploads\/2024\/04\/Al-3104-powder.jpg",600,600,false],"author_info":[],"comment_info":"","_links":{"self":[{"href":"https:\/\/3dpmetal.com\/cs\/wp-json\/wp\/v2\/product\/4293","targetHints":{"allow":["GET"]}}],"collection":[{"href":"https:\/\/3dpmetal.com\/cs\/wp-json\/wp\/v2\/product"}],"about":[{"href":"https:\/\/3dpmetal.com\/cs\/wp-json\/wp\/v2\/types\/product"}],"wp:featuredmedia":[{"embeddable":true,"href":"https:\/\/3dpmetal.com\/cs\/wp-json\/wp\/v2\/media\/4173"}],"wp:attachment":[{"href":"https:\/\/3dpmetal.com\/cs\/wp-json\/wp\/v2\/media?parent=4293"}],"wp:term":[{"taxonomy":"product-category","embeddable":true,"href":"https:\/\/3dpmetal.com\/cs\/wp-json\/wp\/v2\/product-category?post=4293"}],"curies":[{"name":"wp","href":"https:\/\/api.w.org\/{rel}","templated":true}]}}