{"id":4305,"date":"2024-04-07T08:17:24","date_gmt":"2024-04-07T08:17:24","guid":{"rendered":"https:\/\/3dpmetal.com\/product\/maraging-steel-350-powder\/"},"modified":"2024-04-08T01:17:43","modified_gmt":"2024-04-08T01:17:43","slug":"maraging-steel-350-powder","status":"publish","type":"product","link":"https:\/\/3dpmetal.com\/cs\/product\/maraging-steel-350-powder\/","title":{"rendered":"Maraging Steel 350 Pr\u00e1\u0161ek"},"content":{"rendered":"<h2>Maraging Steel 350 Pr\u00e1\u0161ek: P\u0159ehled<\/h2>\n<p><a href=\"https:\/\/en.wikipedia.org\/wiki\/Maraging_steel\" target=\"_blank\" rel=\"noopener\">Maraging Steel<\/a> 350 Powder je vysoce cen\u011bn\u00e1 slitina zn\u00e1m\u00e1 svou v\u00fdjime\u010dnou pevnost\u00ed, hou\u017eevnatost\u00ed a odolnost\u00ed proti korozi. Tento pr\u00e1\u0161ek je \u0161iroce vyu\u017e\u00edv\u00e1n v leteck\u00e9m, obrann\u00e9m a automobilov\u00e9m pr\u016fmyslu a hraje kl\u00ed\u010dovou roli p\u0159i v\u00fdrob\u011b komponent\u016f vy\u017eaduj\u00edc\u00edch vysokou pevnost a spolehlivost.<\/p>\n<h2>Kompozice<\/h2>\n<p>Pr\u00e1\u0161ek z maragingov\u00e9 oceli 350 je pe\u010dliv\u011b vyroben s pou\u017eit\u00edm p\u0159esn\u00fdch leguj\u00edc\u00edch prvk\u016f, aby se dos\u00e1hlo jeho vynikaj\u00edc\u00edch vlastnost\u00ed:<\/p>\n<table>\n<thead>\n<tr>\n<th>Element<\/th>\n<th>Hmotnostn\u00ed %<\/th>\n<\/tr>\n<\/thead>\n<tbody>\n<tr>\n<td>\u017delezo (Fe)<\/td>\n<td>65.0<\/td>\n<\/tr>\n<tr>\n<td>Nikl (Ni)<\/td>\n<td>17.0<\/td>\n<\/tr>\n<tr>\n<td>Kobalt (Co)<\/td>\n<td>8.0<\/td>\n<\/tr>\n<tr>\n<td>Molybden (Mo)<\/td>\n<td>4.8<\/td>\n<\/tr>\n<tr>\n<td>Titan (Ti)<\/td>\n<td>1.4<\/td>\n<\/tr>\n<tr>\n<td>Hlin\u00edk (Al)<\/td>\n<td>0.10<\/td>\n<\/tr>\n<tr>\n<td>Uhl\u00edk (C)<\/td>\n<td>\u22640.03<\/td>\n<\/tr>\n<tr>\n<td>K\u0159em\u00edk (Si)<\/td>\n<td>\u22640.10<\/td>\n<\/tr>\n<tr>\n<td>Mangan (Mn)<\/td>\n<td>\u22640.10<\/td>\n<\/tr>\n<tr>\n<td>Fosfor (P)<\/td>\n<td>\u22640.01<\/td>\n<\/tr>\n<tr>\n<td>S\u00edra (S)<\/td>\n<td>\u22640.01<\/td>\n<\/tr>\n<\/tbody>\n<\/table>\n<p>Tyto leguj\u00edc\u00ed prvky p\u016fsob\u00ed synergicky a zvy\u0161uj\u00ed pevnost, hou\u017eevnatost a odolnost slitiny proti korozi.<\/p>\n<h2>Vlastnosti<\/h2>\n<p>Maraging Steel 350 Powder vykazuje pozoruhodn\u00e9 vlastnosti nezbytn\u00e9 pro n\u00e1ro\u010dn\u00e9 aplikace:<\/p>\n<table>\n<thead>\n<tr>\n<th>Nemovitost<\/th>\n<th>Hodnota<\/th>\n<\/tr>\n<\/thead>\n<tbody>\n<tr>\n<td>Hustota<\/td>\n<td>8,0 g\/cm\u00b3<\/td>\n<\/tr>\n<tr>\n<td>Pevnost v tahu<\/td>\n<td>2070 MPa<\/td>\n<\/tr>\n<tr>\n<td>Mez kluzu<\/td>\n<td>1800 MPa<\/td>\n<\/tr>\n<tr>\n<td>Prodlou\u017een\u00ed<\/td>\n<td>12%<\/td>\n<\/tr>\n<tr>\n<td>Tvrdost (HRC)<\/td>\n<td>52 HRC<\/td>\n<\/tr>\n<tr>\n<td>Teplota t\u00e1n\u00ed<\/td>\n<td>~1410\u00b0C<\/td>\n<\/tr>\n<\/tbody>\n<\/table>\n<p>D\u00edky t\u011bmto vynikaj\u00edc\u00edm vlastnostem je Maraging Steel 350 Powder vhodn\u00e1 pro \u0161irokou \u0161k\u00e1lu aplikac\u00ed vy\u017eaduj\u00edc\u00edch vysokou pevnost, hou\u017eevnatost a odolnost proti korozi.<\/p>\n<h2>APLIKACE<\/h2>\n<p>Maraging Steel 350 Powder nach\u00e1z\u00ed \u0161irok\u00e9 uplatn\u011bn\u00ed v r\u016fzn\u00fdch pr\u016fmyslov\u00fdch odv\u011btv\u00edch:<\/p>\n<ul>\n<li>Letectv\u00ed a kosmonautika: konstruk\u010dn\u00ed sou\u010d\u00e1sti letadel, pouzdra raketov\u00fdch motor\u016f.<\/li>\n<li>Obrana: sou\u010d\u00e1sti raket a satelit\u016f, panc\u00e9\u0159ov\u00e1n\u00ed<\/li>\n<li>Automobilov\u00fd pr\u016fmysl: vysoce v\u00fdkonn\u00e9 sou\u010d\u00e1sti motor\u016f, hnac\u00ed h\u0159\u00eddele<\/li>\n<li>N\u00e1stroje: j\u00e1dra vst\u0159ikovac\u00edch forem, vytla\u010dovac\u00ed formy<\/li>\n<li>Zdravotnictv\u00ed: chirurgick\u00e9 n\u00e1stroje, ortopedick\u00e9 implant\u00e1ty<\/li>\n<\/ul>\n<p>D\u00edky kombinaci vynikaj\u00edc\u00edch vlastnost\u00ed je ide\u00e1ln\u00ed pro kritick\u00e9 sou\u010d\u00e1sti vystaven\u00e9 vysok\u00e9mu nam\u00e1h\u00e1n\u00ed a n\u00e1ro\u010dn\u00e9mu prost\u0159ed\u00ed.<\/p>\n<h2>Proces aditivn\u00ed v\u00fdroby<\/h2>\n<p>Maraging Steel 350 Pr\u00e1\u0161ek se obvykle vyr\u00e1b\u00ed procesem atomizace plynem nebo plazmou, jeho\u017e v\u00fdsledkem jsou sf\u00e9rick\u00e9 \u010d\u00e1stice vhodn\u00e9 pro aditivn\u00ed v\u00fdrobn\u00ed techniky, jako je selektivn\u00ed laserov\u00e9 taven\u00ed (SLM) a taven\u00ed elektronov\u00fdm svazkem (EBM).<\/p>\n<h2>Specifikace pr\u00e1\u0161ku<\/h2>\n<p>Pr\u00e1\u0161ek z maragingov\u00e9 oceli 350 je k dispozici v r\u016fzn\u00fdch rozm\u011brov\u00fdch \u0159ad\u00e1ch, morfologi\u00edch a \u00farovn\u00edch kvality, kter\u00e9 spl\u0148uj\u00ed specifick\u00e9 po\u017eadavky na pou\u017eit\u00ed.<\/p>\n<h2>Standardy a zn\u00e1mky<\/h2>\n<p>Pr\u00e1\u0161ek z maragingov\u00e9 oceli 350 odpov\u00edd\u00e1 pr\u016fmyslov\u00fdm norm\u00e1m, jako jsou AMS 6515 a MIL-S-46850, co\u017e zaji\u0161\u0165uje jeho kvalitu a vhodnost pro r\u016fzn\u00e9 aplikace.<\/p>\n<h2>Kontrola kvality<\/h2>\n<p>Pro pr\u00e1\u0161ek z maragingov\u00e9 oceli 350 jsou zavedena p\u0159\u00edsn\u00e1 opat\u0159en\u00ed pro kontrolu kvality, v\u010detn\u011b chemick\u00e9 anal\u00fdzy, anal\u00fdzy velikosti \u010d\u00e1stic, hodnocen\u00ed morfologie pr\u00e1\u0161ku, testov\u00e1n\u00ed hustoty, hodnocen\u00ed \u010distoty a anal\u00fdzy obsahu kysl\u00edku, aby byla zaji\u0161t\u011bna konzistence a spolehlivost.<\/p>\n<h2>Anal\u00fdza n\u00e1klad\u016f<\/h2>\n<p>Cena pr\u00e1\u0161ku z maragingov\u00e9 oceli 350 se li\u0161\u00ed v z\u00e1vislosti na n\u011bkolika faktorech, v\u010detn\u011b objemu objedn\u00e1vky, rozsahu velikosti \u010d\u00e1stic, morfologie pr\u00e1\u0161ku, \u00farovn\u011b \u010distoty a mar\u017e\u00ed v\u00fdrobce\/distributora.<\/p>\n<h2>Skladov\u00e1n\u00ed pr\u00e1\u0161ku a manipulace s n\u00edm<\/h2>\n<p>Spr\u00e1vn\u00e9 skladov\u00e1n\u00ed a manipulace jsou nezbytn\u00e9 pro zachov\u00e1n\u00ed integrity pr\u00e1\u0161kov\u00e9 oceli Maraging Steel 350, v\u010detn\u011b skladov\u00e1n\u00ed v uzav\u0159en\u00fdch n\u00e1dob\u00e1ch v kontrolovan\u00e9m prost\u0159ed\u00ed a dodr\u017eov\u00e1n\u00ed p\u0159\u00edslu\u0161n\u00fdch manipula\u010dn\u00edch protokol\u016f.<\/p>\n<h2>Zdrav\u00ed a bezpe\u010dnost<\/h2>\n<p>Pr\u00e1\u0161ek z maragingov\u00e9 oceli 350 p\u0159edstavuje p\u0159i spr\u00e1vn\u00e9 manipulaci minim\u00e1ln\u00ed zdravotn\u00ed rizika, co\u017e vy\u017eaduje pou\u017eit\u00ed osobn\u00edch ochrann\u00fdch pom\u016fcek a dodr\u017eov\u00e1n\u00ed bezpe\u010dnostn\u00edch protokol\u016f p\u0159i manipulaci a zpracov\u00e1n\u00ed.<\/p>\n<h2>\u010casto kladen\u00e9 ot\u00e1zky (FAQ)<\/h2>\n<ol>\n<li><strong>Jak\u00e9 jsou hlavn\u00ed v\u00fdhody pr\u00e1\u0161kov\u00e9 oceli Maraging Steel 350?<\/strong> Pr\u00e1\u0161ek z maragingov\u00e9 oceli 350 se vyzna\u010duje v\u00fdjime\u010dnou pevnost\u00ed, hou\u017eevnatost\u00ed a odolnost\u00ed proti korozi, tak\u017ee je vhodn\u00fd pro \u0161irokou \u0161k\u00e1lu n\u00e1ro\u010dn\u00fdch aplikac\u00ed v leteck\u00e9m, obrann\u00e9m a automobilov\u00e9m pr\u016fmyslu.<\/li>\n<li><strong>Lze pou\u017e\u00edt pr\u00e1\u0161ek z maragingov\u00e9 oceli 350 v aditivn\u00ed v\u00fdrob\u011b?<\/strong> Ano, pr\u00e1\u0161kov\u00e1 ocel Maraging Steel 350 se b\u011b\u017en\u011b pou\u017e\u00edv\u00e1 v aditivn\u00edch v\u00fdrobn\u00edch technik\u00e1ch, jako je selektivn\u00ed laserov\u00e9 taven\u00ed (SLM) a taven\u00ed elektronov\u00fdm svazkem (EBM), k v\u00fdrob\u011b slo\u017eit\u00fdch sou\u010d\u00e1st\u00ed s vysokou pevnost\u00ed a spolehlivost\u00ed.<\/li>\n<li><strong>Je Maraging Steel 350 Powder vhodn\u00fd pro pou\u017eit\u00ed v letectv\u00ed a kosmonautice?<\/strong> Ano, pr\u00e1\u0161kov\u00e1 ocel Maraging Steel 350 je d\u00edky sv\u00e9 vysok\u00e9 pevnosti a hou\u017eevnatosti vhodn\u00e1 pro pou\u017eit\u00ed v letectv\u00ed a kosmonautice, v\u010detn\u011b konstruk\u010dn\u00edch sou\u010d\u00e1st\u00ed letadel a sk\u0159\u00edn\u00ed raketov\u00fdch motor\u016f.<\/li>\n<li><strong>Jak\u00e9 jsou typick\u00e9 n\u00e1klady spojen\u00e9 s Maraging Steel 350 Powder?<\/strong> N\u00e1klady na pr\u00e1\u0161ek z maragingov\u00e9 oceli 350 se li\u0161\u00ed v z\u00e1vislosti na faktorech, jako je objem, rozsah velikosti \u010d\u00e1stic, \u00farove\u0148 \u010distoty a podm\u00ednky na trhu.<\/li>\n<\/ol>","protected":false},"excerpt":{"rendered":"<p>Maraging Steel 350 Pr\u00e1\u0161ek: P\u0159ehled Maraging Steel 350 Powder je vysoce cen\u011bn\u00e1 slitina zn\u00e1m\u00e1 svou v\u00fdjime\u010dnou pevnost\u00ed, hou\u017eevnatost\u00ed a odolnost\u00ed proti korozi. Tento pr\u00e1\u0161ek, \u0161iroce vyu\u017e\u00edvan\u00fd v leteck\u00e9m, obrann\u00e9m a automobilov\u00e9m pr\u016fmyslu, hraje kl\u00ed\u010dovou roli p\u0159i v\u00fdrob\u011b sou\u010d\u00e1st\u00ed vy\u017eaduj\u00edc\u00edch vysokou pevnost a spolehlivost. Slo\u017een\u00ed pr\u00e1\u0161kov\u00e9 oceli Maraging Steel 350 je pe\u010dliv\u011b vyrobeno s p\u0159esn\u00fdm...<\/p>","protected":false},"featured_media":1845,"parent":0,"template":"","meta":{"_acf_changed":false,"_kad_blocks_custom_css":"","_kad_blocks_head_custom_js":"","_kad_blocks_body_custom_js":"","_kad_blocks_footer_custom_js":"","_kad_post_transparent":"","_kad_post_title":"","_kad_post_layout":"","_kad_post_sidebar_id":"","_kad_post_content_style":"","_kad_post_vertical_padding":"","_kad_post_feature":"","_kad_post_feature_position":"","_kad_post_header":false,"_kad_post_footer":false,"_kad_post_classname":""},"product-category":[119],"class_list":["post-4305","product","type-product","status-publish","has-post-thumbnail","hentry","product-category-3d-printing-metal-powder"],"acf":[],"taxonomy_info":{"product-category":[{"value":119,"label":"3D Printing Metal Powder"}]},"featured_image_src_large":["https:\/\/3dpmetal.com\/wp-content\/uploads\/2024\/02\/T15-Powder.jpg",600,600,false],"author_info":[],"comment_info":"","_links":{"self":[{"href":"https:\/\/3dpmetal.com\/cs\/wp-json\/wp\/v2\/product\/4305","targetHints":{"allow":["GET"]}}],"collection":[{"href":"https:\/\/3dpmetal.com\/cs\/wp-json\/wp\/v2\/product"}],"about":[{"href":"https:\/\/3dpmetal.com\/cs\/wp-json\/wp\/v2\/types\/product"}],"wp:featuredmedia":[{"embeddable":true,"href":"https:\/\/3dpmetal.com\/cs\/wp-json\/wp\/v2\/media\/1845"}],"wp:attachment":[{"href":"https:\/\/3dpmetal.com\/cs\/wp-json\/wp\/v2\/media?parent=4305"}],"wp:term":[{"taxonomy":"product-category","embeddable":true,"href":"https:\/\/3dpmetal.com\/cs\/wp-json\/wp\/v2\/product-category?post=4305"}],"curies":[{"name":"wp","href":"https:\/\/api.w.org\/{rel}","templated":true}]}}