{"id":4311,"date":"2024-04-07T08:17:24","date_gmt":"2024-04-07T08:17:24","guid":{"rendered":"https:\/\/3dpmetal.com\/product\/nickel-alloy-52-powder\/"},"modified":"2024-04-08T01:25:33","modified_gmt":"2024-04-08T01:25:33","slug":"nickel-alloy-52-powder","status":"publish","type":"product","link":"https:\/\/3dpmetal.com\/cs\/product\/nickel-alloy-52-powder\/","title":{"rendered":"Pr\u00e1\u0161ek ze slitiny niklu 52"},"content":{"rendered":"<h2>Pr\u00e1\u0161ek ze slitiny niklu 52: P\u0159ehled<\/h2>\n<p><a href=\"https:\/\/en.wikipedia.org\/wiki\/Metal_powder\" target=\"_blank\" rel=\"noopener\">Pr\u00e1\u0161ek ze slitiny niklu 52<\/a> je vysoce cen\u011bn\u00e1 pr\u00e1\u0161kov\u00e1 slitina niklu a \u017eeleza, kter\u00e1 je zn\u00e1m\u00e1 sv\u00fdmi v\u00fdjime\u010dn\u00fdmi tepeln\u011b rozta\u017en\u00fdmi vlastnostmi, n\u00edzkou tepelnou vodivost\u00ed a vysok\u00fdm elektrick\u00fdm odporem. Tento pr\u00e1\u0161ek je \u0161iroce vyu\u017e\u00edv\u00e1n v elektronick\u00fdch a elektrotechnick\u00fdch aplikac\u00edch a hraje kl\u00ed\u010dovou roli p\u0159i v\u00fdrob\u011b sou\u010d\u00e1st\u00ed vy\u017eaduj\u00edc\u00edch p\u0159esnou kontrolu tepeln\u00e9 rozta\u017enosti a vysokou spolehlivost.<\/p>\n<h2>Kompozice<\/h2>\n<p>Pr\u00e1\u0161ek ze slitiny niklu 52 je pe\u010dliv\u011b vyroben s pou\u017eit\u00edm p\u0159esn\u00fdch leguj\u00edc\u00edch prvk\u016f, aby bylo dosa\u017eeno jeho vynikaj\u00edc\u00edch vlastnost\u00ed:<\/p>\n<table>\n<thead>\n<tr>\n<th>Element<\/th>\n<th>Hmotnostn\u00ed %<\/th>\n<\/tr>\n<\/thead>\n<tbody>\n<tr>\n<td>Nikl (Ni)<\/td>\n<td>49.0-51.0<\/td>\n<\/tr>\n<tr>\n<td>\u017delezo (Fe)<\/td>\n<td>Balance<\/td>\n<\/tr>\n<tr>\n<td>Mangan (Mn)<\/td>\n<td>\u22640.60<\/td>\n<\/tr>\n<tr>\n<td>K\u0159em\u00edk (Si)<\/td>\n<td>\u22640.30<\/td>\n<\/tr>\n<tr>\n<td>Uhl\u00edk (C)<\/td>\n<td>\u22640.05<\/td>\n<\/tr>\n<tr>\n<td>S\u00edra (S)<\/td>\n<td>\u22640.02<\/td>\n<\/tr>\n<tr>\n<td>Fosfor (P)<\/td>\n<td>\u22640.02<\/td>\n<\/tr>\n<\/tbody>\n<\/table>\n<p>Tyto leguj\u00edc\u00ed prvky p\u016fsob\u00ed synergicky a zlep\u0161uj\u00ed tepeln\u011b rozta\u017en\u00e9 vlastnosti slitiny a jej\u00ed elektrick\u00fd odpor.<\/p>\n<h2>Vlastnosti<\/h2>\n<p>Pr\u00e1\u0161ek ze slitiny niklu 52 vykazuje pozoruhodn\u00e9 vlastnosti nezbytn\u00e9 pro n\u00e1ro\u010dn\u00e9 aplikace:<\/p>\n<table>\n<thead>\n<tr>\n<th>Nemovitost<\/th>\n<th>Hodnota<\/th>\n<\/tr>\n<\/thead>\n<tbody>\n<tr>\n<td>Hustota<\/td>\n<td>8,25 g\/cm\u00b3<\/td>\n<\/tr>\n<tr>\n<td>Koeficient rozta\u017enosti<\/td>\n<td>10,9 \u00b5m\/m-K<\/td>\n<\/tr>\n<tr>\n<td>Tepeln\u00e1 vodivost<\/td>\n<td>17,1 W\/m-K<\/td>\n<\/tr>\n<tr>\n<td>Elektrick\u00fd odpor<\/td>\n<td>0,44 \u00b5\u03a9-m<\/td>\n<\/tr>\n<tr>\n<td>Pevnost v tahu<\/td>\n<td>450 MPa<\/td>\n<\/tr>\n<tr>\n<td>Mez kluzu<\/td>\n<td>175 MPa<\/td>\n<\/tr>\n<tr>\n<td>Prodlou\u017een\u00ed<\/td>\n<td>40%<\/td>\n<\/tr>\n<tr>\n<td>Teplota t\u00e1n\u00ed<\/td>\n<td>~1330-1370\u00b0C<\/td>\n<\/tr>\n<\/tbody>\n<\/table>\n<p>D\u00edky t\u011bmto vynikaj\u00edc\u00edm vlastnostem je niklov\u00e1 slitina 52 v pr\u00e1\u0161ku vhodn\u00e1 pro \u0161irokou \u0161k\u00e1lu aplikac\u00ed vy\u017eaduj\u00edc\u00edch p\u0159esnou regulaci tepeln\u00e9 rozta\u017enosti a vysok\u00fd elektrick\u00fd odpor.<\/p>\n<h2>APLIKACE<\/h2>\n<p>Pr\u00e1\u0161ek ze slitiny niklu 52 nach\u00e1z\u00ed \u0161irok\u00e9 uplatn\u011bn\u00ed v r\u016fzn\u00fdch pr\u016fmyslov\u00fdch odv\u011btv\u00edch:<\/p>\n<ul>\n<li>Elektronika: olov\u011bn\u00e9 r\u00e1me\u010dky, t\u011bsn\u011bn\u00ed z keramiky na kov, t\u011bsn\u011bn\u00ed ze skla na kov.<\/li>\n<li>Elektrotechnika: dr\u00e1tov\u00e9 rezistory, p\u0159esn\u00e9 p\u0159\u00edstroje, termo\u010dl\u00e1nky<\/li>\n<li>Automobilov\u00fd pr\u016fmysl: komponenty senzor\u016f, komponenty rel\u00e9<\/li>\n<li>Letectv\u00ed a kosmonautika: satelitn\u00ed komponenty, leteck\u00e1 a kosmick\u00e1 elektronika<\/li>\n<\/ul>\n<p>D\u00edky kombinaci vynikaj\u00edc\u00edch vlastnost\u00ed je ide\u00e1ln\u00ed pro kritick\u00e9 komponenty vy\u017eaduj\u00edc\u00ed p\u0159esn\u00e9 \u0159\u00edzen\u00ed tepla a vysokou spolehlivost.<\/p>\n<h2>Proces aditivn\u00ed v\u00fdroby<\/h2>\n<p>Pr\u00e1\u0161ek ze slitiny niklu 52 se obvykle vyr\u00e1b\u00ed procesem atomizace plynem nebo plazmou, jeho\u017e v\u00fdsledkem jsou sf\u00e9rick\u00e9 \u010d\u00e1stice vhodn\u00e9 pro aditivn\u00ed v\u00fdrobn\u00ed techniky, jako je selektivn\u00ed laserov\u00e9 taven\u00ed (SLM) a taven\u00ed elektronov\u00fdm svazkem (EBM).<\/p>\n<h2>Specifikace pr\u00e1\u0161ku<\/h2>\n<p>Pr\u00e1\u0161ek ze slitiny niklu 52 je k dispozici v r\u016fzn\u00fdch rozm\u011brov\u00fdch \u0159ad\u00e1ch, morfologi\u00edch a \u00farovn\u00edch kvality, kter\u00e9 spl\u0148uj\u00ed specifick\u00e9 po\u017eadavky na pou\u017eit\u00ed.<\/p>\n<h2>Standardy a zn\u00e1mky<\/h2>\n<p>Pr\u00e1\u0161ek ze slitiny niklu 52 odpov\u00edd\u00e1 pr\u016fmyslov\u00fdm norm\u00e1m, jako jsou ASTM F a AMS 4, co\u017e zaji\u0161\u0165uje jeho kvalitu a vhodnost pro r\u016fzn\u00e9 aplikace.<\/p>\n<h2>Kontrola kvality<\/h2>\n<p>Pro pr\u00e1\u0161ek ze slitiny niklu 52 jsou zavedena p\u0159\u00edsn\u00e1 opat\u0159en\u00ed pro kontrolu kvality, v\u010detn\u011b chemick\u00e9 anal\u00fdzy, anal\u00fdzy velikosti \u010d\u00e1stic, hodnocen\u00ed morfologie pr\u00e1\u0161ku, testov\u00e1n\u00ed hustoty, hodnocen\u00ed \u010distoty a anal\u00fdzy obsahu kysl\u00edku, aby byla zaji\u0161t\u011bna konzistence a spolehlivost.<\/p>\n<h2>Anal\u00fdza n\u00e1klad\u016f<\/h2>\n<p>N\u00e1klady na pr\u00e1\u0161ek ze slitiny niklu 52 se li\u0161\u00ed v z\u00e1vislosti na n\u011bkolika faktorech, v\u010detn\u011b objemu objedn\u00e1vky, rozsahu velikosti \u010d\u00e1stic, morfologie pr\u00e1\u0161ku, \u00farovn\u011b \u010distoty a podm\u00ednek na trhu.<\/p>\n<h2>Skladov\u00e1n\u00ed pr\u00e1\u0161ku a manipulace s n\u00edm<\/h2>\n<p>Pro zachov\u00e1n\u00ed integrity pr\u00e1\u0161ku ze slitiny niklu 52 je nezbytn\u00e9 spr\u00e1vn\u00e9 skladov\u00e1n\u00ed a manipulace, v\u010detn\u011b skladov\u00e1n\u00ed v uzav\u0159en\u00fdch n\u00e1dob\u00e1ch v kontrolovan\u00e9m prost\u0159ed\u00ed a dodr\u017eov\u00e1n\u00ed p\u0159\u00edslu\u0161n\u00fdch manipula\u010dn\u00edch protokol\u016f.<\/p>\n<h2>Zdrav\u00ed a bezpe\u010dnost<\/h2>\n<p>Pr\u00e1\u0161ek ze slitiny niklu 52 p\u0159edstavuje p\u0159i spr\u00e1vn\u00e9 manipulaci minim\u00e1ln\u00ed zdravotn\u00ed rizika, co\u017e vy\u017eaduje pou\u017eit\u00ed osobn\u00edch ochrann\u00fdch pom\u016fcek a dodr\u017eov\u00e1n\u00ed bezpe\u010dnostn\u00edch protokol\u016f p\u0159i manipulaci a zpracov\u00e1n\u00ed.<\/p>","protected":false},"excerpt":{"rendered":"<p>Pr\u00e1\u0161ek ze slitiny niklu 52: Pr\u00e1\u0161ek ze slitiny niklu 52 je vysoce cen\u011bn\u00e1 pr\u00e1\u0161kov\u00e1 slitina niklu a \u017eeleza, kter\u00e1 je zn\u00e1m\u00e1 sv\u00fdmi v\u00fdjime\u010dn\u00fdmi tepeln\u011b rozta\u017en\u00fdmi vlastnostmi, n\u00edzkou tepelnou vodivost\u00ed a vysok\u00fdm elektrick\u00fdm odporem. Tento pr\u00e1\u0161ek je \u0161iroce vyu\u017e\u00edv\u00e1n v elektronick\u00fdch a elektrick\u00fdch aplikac\u00edch a hraje kl\u00ed\u010dovou roli p\u0159i v\u00fdrob\u011b sou\u010d\u00e1st\u00ed vy\u017eaduj\u00edc\u00edch p\u0159esnou kontrolu tepeln\u00e9 rozta\u017enosti a vysokou spolehlivost. Slo\u017een\u00ed...<\/p>","protected":false},"featured_media":1798,"parent":0,"template":"","meta":{"_acf_changed":false,"_kad_blocks_custom_css":"","_kad_blocks_head_custom_js":"","_kad_blocks_body_custom_js":"","_kad_blocks_footer_custom_js":"","_kad_post_transparent":"","_kad_post_title":"","_kad_post_layout":"","_kad_post_sidebar_id":"","_kad_post_content_style":"","_kad_post_vertical_padding":"","_kad_post_feature":"","_kad_post_feature_position":"","_kad_post_header":false,"_kad_post_footer":false,"_kad_post_classname":""},"product-category":[119],"class_list":["post-4311","product","type-product","status-publish","has-post-thumbnail","hentry","product-category-3d-printing-metal-powder"],"acf":[],"taxonomy_info":{"product-category":[{"value":119,"label":"3D Printing Metal Powder"}]},"featured_image_src_large":["https:\/\/3dpmetal.com\/wp-content\/uploads\/2024\/02\/GH-3625-Powder.jpg",600,600,false],"author_info":[],"comment_info":"","_links":{"self":[{"href":"https:\/\/3dpmetal.com\/cs\/wp-json\/wp\/v2\/product\/4311","targetHints":{"allow":["GET"]}}],"collection":[{"href":"https:\/\/3dpmetal.com\/cs\/wp-json\/wp\/v2\/product"}],"about":[{"href":"https:\/\/3dpmetal.com\/cs\/wp-json\/wp\/v2\/types\/product"}],"wp:featuredmedia":[{"embeddable":true,"href":"https:\/\/3dpmetal.com\/cs\/wp-json\/wp\/v2\/media\/1798"}],"wp:attachment":[{"href":"https:\/\/3dpmetal.com\/cs\/wp-json\/wp\/v2\/media?parent=4311"}],"wp:term":[{"taxonomy":"product-category","embeddable":true,"href":"https:\/\/3dpmetal.com\/cs\/wp-json\/wp\/v2\/product-category?post=4311"}],"curies":[{"name":"wp","href":"https:\/\/api.w.org\/{rel}","templated":true}]}}