{"id":4316,"date":"2024-04-07T08:17:24","date_gmt":"2024-04-07T08:17:24","guid":{"rendered":"https:\/\/3dpmetal.com\/product\/maraging-steel-c250-powder\/"},"modified":"2024-04-08T01:37:15","modified_gmt":"2024-04-08T01:37:15","slug":"maraging-steel-c250-powder","status":"publish","type":"product","link":"https:\/\/3dpmetal.com\/cs\/product\/maraging-steel-c250-powder\/","title":{"rendered":"Maraging Steel C250 Powder"},"content":{"rendered":"<h2>Maraging Steel C250 Powder: P\u0159ehled<\/h2>\n<p><a href=\"https:\/\/en.wikipedia.org\/wiki\/Maraging_steel\" target=\"_blank\" rel=\"noopener\">Maraging Steel C250 Powder<\/a> je vysoce cen\u011bn pro svou v\u00fdjime\u010dnou pevnost, hou\u017eevnatost a odolnost proti korozi, co\u017e z n\u011bj \u010din\u00ed cenn\u00fd materi\u00e1l v r\u016fzn\u00fdch pr\u016fmyslov\u00fdch odv\u011btv\u00edch. D\u00edky sv\u00e9 jedine\u010dn\u00e9 kombinaci vlastnost\u00ed je vhodn\u00fd pro kritick\u00e9 aplikace, kde je vy\u017eadov\u00e1n vysok\u00fd v\u00fdkon.<\/p>\n<h2>Kompozice<\/h2>\n<p>Pr\u00e1\u0161ek z maragingov\u00e9 oceli C250 je pe\u010dliv\u011b p\u0159ipraven s p\u0159esn\u00fdmi leguj\u00edc\u00edmi prvky:<\/p>\n<table>\n<thead>\n<tr>\n<th>Element<\/th>\n<th>Hmotnostn\u00ed %<\/th>\n<\/tr>\n<\/thead>\n<tbody>\n<tr>\n<td>\u017delezo (Fe)<\/td>\n<td>70,0 min<\/td>\n<\/tr>\n<tr>\n<td>Nikl (Ni)<\/td>\n<td>17.0-19.0<\/td>\n<\/tr>\n<tr>\n<td>Kobalt (Co)<\/td>\n<td>8.0-10.0<\/td>\n<\/tr>\n<tr>\n<td>Molybden (Mo)<\/td>\n<td>3.0-5.0<\/td>\n<\/tr>\n<\/tbody>\n<\/table>\n<h2>Vlastnosti<\/h2>\n<p>Pr\u00e1\u0161ek z maragingov\u00e9 oceli C250 se m\u016f\u017ee pochlubit vynikaj\u00edc\u00edmi vlastnostmi:<\/p>\n<table>\n<thead>\n<tr>\n<th>Nemovitost<\/th>\n<th>Hodnota<\/th>\n<\/tr>\n<\/thead>\n<tbody>\n<tr>\n<td>Hustota<\/td>\n<td>8,10 g\/cm\u00b3<\/td>\n<\/tr>\n<tr>\n<td>Pevnost v tahu<\/td>\n<td>1900-2300 MPa<\/td>\n<\/tr>\n<tr>\n<td>Mez kluzu<\/td>\n<td>1700-2000 MPa<\/td>\n<\/tr>\n<tr>\n<td>Prodlou\u017een\u00ed<\/td>\n<td>10-15%<\/td>\n<\/tr>\n<tr>\n<td>Tvrdost (HRC)<\/td>\n<td>48-53 HRC<\/td>\n<\/tr>\n<tr>\n<td>Teplota t\u00e1n\u00ed<\/td>\n<td>~1420\u00b0C<\/td>\n<\/tr>\n<tr>\n<td>Tepeln\u00e1 vodivost<\/td>\n<td>21,6 W\/m-K<\/td>\n<\/tr>\n<tr>\n<td>Elektrick\u00fd odpor<\/td>\n<td>0,75 \u00b5\u03a9-m<\/td>\n<\/tr>\n<\/tbody>\n<\/table>\n<h2>APLIKACE<\/h2>\n<p>Pr\u00e1\u0161ek z maragingov\u00e9 oceli C250 nach\u00e1z\u00ed \u0161irok\u00e9 uplatn\u011bn\u00ed v leteck\u00e9m, automobilov\u00e9m a n\u00e1strojov\u00e9m pr\u016fmyslu pro komponenty, jako jsou konstruk\u010dn\u00ed \u010d\u00e1sti letadel, bezpe\u010dnostn\u00ed sou\u010d\u00e1sti automobil\u016f a vysoce v\u00fdkonn\u00e9 n\u00e1stroje.<\/p>\n<h2>Proces aditivn\u00ed v\u00fdroby<\/h2>\n<p>Pr\u00e1\u0161ek z maragingov\u00e9 oceli C250, vyr\u00e1b\u011bn\u00fd procesem atomizace plynem nebo plazmou, je vhodn\u00fd pro aditivn\u00ed v\u00fdrobn\u00ed techniky, jako je selektivn\u00ed laserov\u00e9 taven\u00ed (SLM) a taven\u00ed elektronov\u00fdm svazkem (EBM).<\/p>\n<h2>Specifikace pr\u00e1\u0161ku<\/h2>\n<p>Pr\u00e1\u0161ek z maragingov\u00e9 oceli C250 je k dispozici v r\u016fzn\u00fdch rozm\u011brov\u00fdch \u0159ad\u00e1ch, morfologi\u00edch a \u00farovn\u00edch kvality a spl\u0148uje specifick\u00e9 po\u017eadavky na pou\u017eit\u00ed.<\/p>\n<h2>Standardy a zn\u00e1mky<\/h2>\n<p>Pr\u00e1\u0161ek z maragingov\u00e9 oceli C250 spl\u0148uje pr\u016fmyslov\u00e9 normy, jako je AMS 4676, co\u017e zaru\u010duje kvalitu a vhodnost pro r\u016fzn\u00e9 aplikace.<\/p>\n<h2>Kontrola kvality<\/h2>\n<p>P\u0159\u00edsn\u00e1 opat\u0159en\u00ed pro kontrolu kvality, v\u010detn\u011b chemick\u00e9 anal\u00fdzy a anal\u00fdzy velikosti \u010d\u00e1stic, zaji\u0161\u0165uj\u00ed konzistenci a spolehlivost pr\u00e1\u0161ku z maragingov\u00e9 oceli C250.<\/p>\n<h2>Anal\u00fdza n\u00e1klad\u016f<\/h2>\n<p>Cena pr\u00e1\u0161ku z maragingov\u00e9 oceli C250 se li\u0161\u00ed v z\u00e1vislosti na faktorech, jako je objem, rozsah velikosti \u010d\u00e1stic a podm\u00ednky na trhu.<\/p>\n<h2>Skladov\u00e1n\u00ed pr\u00e1\u0161ku a manipulace s n\u00edm<\/h2>\n<p>Spr\u00e1vn\u00e9 skladov\u00e1n\u00ed v uzav\u0159en\u00fdch n\u00e1dob\u00e1ch a dodr\u017eov\u00e1n\u00ed manipula\u010dn\u00edch protokol\u016f je nezbytn\u00e9 pro zachov\u00e1n\u00ed integrity pr\u00e1\u0161ku z maragingov\u00e9 oceli C250.<\/p>\n<h2>Zdrav\u00ed a bezpe\u010dnost<\/h2>\n<p>Pr\u00e1\u0161ek z maragingov\u00e9 oceli C250 p\u0159edstavuje minim\u00e1ln\u00ed zdravotn\u00ed rizika, ale p\u0159i manipulaci a zpracov\u00e1n\u00ed vy\u017eaduje pou\u017eit\u00ed osobn\u00edch ochrann\u00fdch prost\u0159edk\u016f.<\/p>\n<h2>\u010casto kladen\u00e9 ot\u00e1zky (FAQ)<\/h2>\n<ol>\n<li><strong>Jak\u00e9 jsou hlavn\u00ed v\u00fdhody pr\u00e1\u0161kov\u00e9 oceli C250?<\/strong> Pr\u00e1\u0161ek z maragingov\u00e9 oceli C250 se vyzna\u010duje v\u00fdjime\u010dnou pevnost\u00ed, hou\u017eevnatost\u00ed a odolnost\u00ed proti korozi, tak\u017ee je vhodn\u00fd pro vysoce v\u00fdkonn\u00e9 aplikace v leteck\u00e9m a automobilov\u00e9m pr\u016fmyslu a pro v\u00fdrobu n\u00e1stroj\u016f.<\/li>\n<li><strong>Lze pr\u00e1\u0161ek z maragingov\u00e9 oceli C250 pou\u017e\u00edt v aditivn\u00ed v\u00fdrob\u011b?<\/strong> Ano, pr\u00e1\u0161ek z maragingov\u00e9 oceli C250 se b\u011b\u017en\u011b pou\u017e\u00edv\u00e1 v aditivn\u00edch v\u00fdrobn\u00edch technik\u00e1ch, jako je selektivn\u00ed laserov\u00e9 taven\u00ed (SLM) a taven\u00ed elektronov\u00fdm svazkem (EBM), k v\u00fdrob\u011b sou\u010d\u00e1st\u00ed s vynikaj\u00edc\u00ed pevnost\u00ed a v\u00fdkonem.<\/li>\n<li><strong>Je pr\u00e1\u0161ek z maragingov\u00e9 oceli C250 vhodn\u00fd pro pou\u017eit\u00ed v letectv\u00ed a kosmonautice?<\/strong> Ano, pr\u00e1\u0161ek z maragingov\u00e9 oceli C250 se d\u00edky sv\u00fdm vynikaj\u00edc\u00edm pevnostn\u00edm a hou\u017eevnat\u00fdm vlastnostem \u0161iroce pou\u017e\u00edv\u00e1 v leteck\u00e9m pr\u016fmyslu, v\u010detn\u011b konstruk\u010dn\u00edch d\u00edl\u016f letadel a vysoce v\u00fdkonn\u00fdch n\u00e1stroj\u016f.<\/li>\n<li><strong>Jak\u00e9 jsou typick\u00e9 n\u00e1klady spojen\u00e9 s pr\u00e1\u0161kovou ocel\u00ed Maraging Steel C250?<\/strong> N\u00e1klady na pr\u00e1\u0161ek z maragingov\u00e9 oceli C250 se li\u0161\u00ed v z\u00e1vislosti na faktorech, jako je objem, rozsah velikosti \u010d\u00e1stic, morfologie pr\u00e1\u0161ku, \u00farove\u0148 \u010distoty a podm\u00ednky na trhu.<\/li>\n<\/ol>","protected":false},"excerpt":{"rendered":"<p>Maraging Steel C250 Powder: P\u0159ehled Pr\u00e1\u0161ek z maragingov\u00e9 oceli C250 je vysoce cen\u011bn pro svou v\u00fdjime\u010dnou pevnost, hou\u017eevnatost a odolnost v\u016f\u010di korozi, co\u017e z n\u011bj \u010din\u00ed cenn\u00fd materi\u00e1l v r\u016fzn\u00fdch pr\u016fmyslov\u00fdch odv\u011btv\u00edch. D\u00edky sv\u00e9 jedine\u010dn\u00e9 kombinaci vlastnost\u00ed je vhodn\u00fd pro kritick\u00e9 aplikace, kde je vy\u017eadov\u00e1n vysok\u00fd v\u00fdkon. Slo\u017een\u00ed Pr\u00e1\u0161ek z maragingov\u00e9 oceli C250 je pe\u010dliv\u011b formulov\u00e1n s p\u0159esn\u00fdm...<\/p>","protected":false},"featured_media":1716,"parent":0,"template":"","meta":{"_acf_changed":false,"_kad_blocks_custom_css":"","_kad_blocks_head_custom_js":"","_kad_blocks_body_custom_js":"","_kad_blocks_footer_custom_js":"","_kad_post_transparent":"","_kad_post_title":"","_kad_post_layout":"","_kad_post_sidebar_id":"","_kad_post_content_style":"","_kad_post_vertical_padding":"","_kad_post_feature":"","_kad_post_feature_position":"","_kad_post_header":false,"_kad_post_footer":false,"_kad_post_classname":""},"product-category":[119],"class_list":["post-4316","product","type-product","status-publish","has-post-thumbnail","hentry","product-category-3d-printing-metal-powder"],"acf":[],"taxonomy_info":{"product-category":[{"value":119,"label":"3D Printing Metal Powder"}]},"featured_image_src_large":["https:\/\/3dpmetal.com\/wp-content\/uploads\/2024\/02\/in718-powder.jpg",600,600,false],"author_info":[],"comment_info":"","_links":{"self":[{"href":"https:\/\/3dpmetal.com\/cs\/wp-json\/wp\/v2\/product\/4316","targetHints":{"allow":["GET"]}}],"collection":[{"href":"https:\/\/3dpmetal.com\/cs\/wp-json\/wp\/v2\/product"}],"about":[{"href":"https:\/\/3dpmetal.com\/cs\/wp-json\/wp\/v2\/types\/product"}],"wp:featuredmedia":[{"embeddable":true,"href":"https:\/\/3dpmetal.com\/cs\/wp-json\/wp\/v2\/media\/1716"}],"wp:attachment":[{"href":"https:\/\/3dpmetal.com\/cs\/wp-json\/wp\/v2\/media?parent=4316"}],"wp:term":[{"taxonomy":"product-category","embeddable":true,"href":"https:\/\/3dpmetal.com\/cs\/wp-json\/wp\/v2\/product-category?post=4316"}],"curies":[{"name":"wp","href":"https:\/\/api.w.org\/{rel}","templated":true}]}}