{"id":4317,"date":"2024-04-07T08:17:24","date_gmt":"2024-04-07T08:17:24","guid":{"rendered":"https:\/\/3dpmetal.com\/product\/inconel-740-powder\/"},"modified":"2024-04-08T01:38:33","modified_gmt":"2024-04-08T01:38:33","slug":"inconel-740-powder","status":"publish","type":"product","link":"https:\/\/3dpmetal.com\/cs\/product\/inconel-740-powder\/","title":{"rendered":"Pr\u00e1\u0161ek Inconel 740"},"content":{"rendered":"<h2>Pr\u00e1\u0161ek Inconel 740: P\u0159ehled<\/h2>\n<p><a href=\"https:\/\/en.wikipedia.org\/wiki\/Metal_powder\" target=\"_blank\" rel=\"noopener\">Pr\u00e1\u0161ek Inconel 740<\/a> je vysoce cen\u011bn\u00fd pro svou v\u00fdjime\u010dnou pevnost p\u0159i vysok\u00fdch teplot\u00e1ch a odolnost proti oxidaci, co\u017e z n\u011bj \u010din\u00ed nepostradateln\u00fd materi\u00e1l v r\u016fzn\u00fdch pr\u016fmyslov\u00fdch odv\u011btv\u00edch, zejm\u00e9na v aplikac\u00edch s extr\u00e9mn\u00edmi teplotami a korozivn\u00edm prost\u0159ed\u00edm. D\u00edky sv\u00fdm jedine\u010dn\u00fdm vlastnostem je preferovanou volbou pro kritick\u00e9 aplikace, kde je nejd\u016fle\u017eit\u011bj\u0161\u00ed spolehlivost a v\u00fdkon.<\/p>\n<h2>Kompozice<\/h2>\n<p>Pr\u00e1\u0161ek Inconel 740 je pe\u010dliv\u011b p\u0159ipraven s p\u0159esn\u00fdmi leguj\u00edc\u00edmi prvky:<\/p>\n<table>\n<thead>\n<tr>\n<th>Element<\/th>\n<th>Hmotnostn\u00ed %<\/th>\n<\/tr>\n<\/thead>\n<tbody>\n<tr>\n<td>Nikl (Ni)<\/td>\n<td>65,0 min<\/td>\n<\/tr>\n<tr>\n<td>Chrom (Cr)<\/td>\n<td>25.0-28.0<\/td>\n<\/tr>\n<tr>\n<td>\u017delezo (Fe)<\/td>\n<td>5.0-9.0<\/td>\n<\/tr>\n<tr>\n<td>Hlin\u00edk (Al)<\/td>\n<td>0.5-1.0<\/td>\n<\/tr>\n<tr>\n<td>Titan (Ti)<\/td>\n<td>0.5-1.0<\/td>\n<\/tr>\n<tr>\n<td>Molybden (Mo)<\/td>\n<td>0.5-1.5<\/td>\n<\/tr>\n<\/tbody>\n<\/table>\n<h2>Vlastnosti<\/h2>\n<p>Pr\u00e1\u0161ek Inconel 740 se m\u016f\u017ee pochlubit vynikaj\u00edc\u00edmi vlastnostmi:<\/p>\n<table>\n<thead>\n<tr>\n<th>Nemovitost<\/th>\n<th>Hodnota<\/th>\n<\/tr>\n<\/thead>\n<tbody>\n<tr>\n<td>Hustota<\/td>\n<td>8,19 g\/cm\u00b3<\/td>\n<\/tr>\n<tr>\n<td>Pevnost v tahu<\/td>\n<td>930 MPa (min)<\/td>\n<\/tr>\n<tr>\n<td>Mez kluzu<\/td>\n<td>620 MPa (min)<\/td>\n<\/tr>\n<tr>\n<td>Prodlou\u017een\u00ed<\/td>\n<td>25% (min)<\/td>\n<\/tr>\n<tr>\n<td>Tvrdost (HRB)<\/td>\n<td>30-35 HRB<\/td>\n<\/tr>\n<tr>\n<td>Teplota t\u00e1n\u00ed<\/td>\n<td>1280-1330\u00b0C<\/td>\n<\/tr>\n<tr>\n<td>Tepeln\u00e1 vodivost<\/td>\n<td>11,1 W\/m-K<\/td>\n<\/tr>\n<tr>\n<td>Elektrick\u00fd odpor<\/td>\n<td>1,19 \u00b5\u03a9-m<\/td>\n<\/tr>\n<\/tbody>\n<\/table>\n<h2>APLIKACE<\/h2>\n<p>Pr\u00e1\u0161ek Inconel 740 nach\u00e1z\u00ed \u0161irok\u00e9 uplatn\u011bn\u00ed v motorech plynov\u00fdch turb\u00edn, jadern\u00fdch reaktorech a dal\u0161\u00edch vysokoteplotn\u00edch prost\u0159ed\u00edch pro sou\u010d\u00e1sti, jako jsou lopatky turb\u00edn, vlo\u017eky spalovac\u00edch motor\u016f a trubky v\u00fdm\u011bn\u00edk\u016f tepla.<\/p>\n<h2>Proces aditivn\u00ed v\u00fdroby<\/h2>\n<p>Pr\u00e1\u0161ek Inconel 740 se vyr\u00e1b\u00ed procesem plynov\u00e9 atomizace a je vhodn\u00fd pro aditivn\u00ed v\u00fdrobn\u00ed techniky, jako je selektivn\u00ed laserov\u00e9 taven\u00ed (SLM) a taven\u00ed elektronov\u00fdm svazkem (EBM).<\/p>\n<h2>Specifikace pr\u00e1\u0161ku<\/h2>\n<p>Pr\u00e1\u0161ek Inconel 740 je k dispozici v r\u016fzn\u00fdch rozm\u011brov\u00fdch \u0159ad\u00e1ch, morfologi\u00edch a \u00farovn\u00edch kvality a spl\u0148uje specifick\u00e9 po\u017eadavky na pou\u017eit\u00ed.<\/p>\n<h2>Standardy a zn\u00e1mky<\/h2>\n<p>Inconel 740 Powder spl\u0148uje pr\u016fmyslov\u00e9 normy, jako je AMS 5840, co\u017e zaji\u0161\u0165uje kvalitu a vhodnost pro r\u016fzn\u00e9 aplikace.<\/p>\n<h2>Kontrola kvality<\/h2>\n<p>P\u0159\u00edsn\u00e1 opat\u0159en\u00ed pro kontrolu kvality, v\u010detn\u011b chemick\u00e9 anal\u00fdzy a anal\u00fdzy velikosti \u010d\u00e1stic, zaji\u0161\u0165uj\u00ed konzistenci a spolehlivost pr\u00e1\u0161ku Inconel 740.<\/p>\n<h2>Anal\u00fdza n\u00e1klad\u016f<\/h2>\n<p>N\u00e1klady na pr\u00e1\u0161ek Inconel 740 se li\u0161\u00ed v z\u00e1vislosti na faktorech, jako je objem, rozsah velikosti \u010d\u00e1stic a podm\u00ednky na trhu.<\/p>\n<h2>Skladov\u00e1n\u00ed pr\u00e1\u0161ku a manipulace s n\u00edm<\/h2>\n<p>Spr\u00e1vn\u00e9 skladov\u00e1n\u00ed v uzav\u0159en\u00fdch n\u00e1dob\u00e1ch a dodr\u017eov\u00e1n\u00ed manipula\u010dn\u00edch protokol\u016f je nezbytn\u00e9 pro zachov\u00e1n\u00ed integrity pr\u00e1\u0161ku Inconel 740.<\/p>\n<h2>Zdrav\u00ed a bezpe\u010dnost<\/h2>\n<p>Pr\u00e1\u0161ek Inconel 740 p\u0159edstavuje minim\u00e1ln\u00ed zdravotn\u00ed rizika, ale p\u0159i manipulaci a zpracov\u00e1n\u00ed vy\u017eaduje pou\u017eit\u00ed osobn\u00edch ochrann\u00fdch prost\u0159edk\u016f.<\/p>\n<h2>\u010casto kladen\u00e9 ot\u00e1zky (FAQ)<\/h2>\n<ol>\n<li><strong>Jak\u00e9 jsou hlavn\u00ed v\u00fdhody pr\u00e1\u0161ku Inconel 740?<\/strong> Inconel 740 Powder nab\u00edz\u00ed v\u00fdjime\u010dnou pevnost p\u0159i vysok\u00fdch teplot\u00e1ch a odolnost proti oxidaci, tak\u017ee je vhodn\u00fd pro pou\u017eit\u00ed v motorech plynov\u00fdch turb\u00edn, jadern\u00fdch reaktorech a dal\u0161\u00edch vysokoteplotn\u00edch prost\u0159ed\u00edch.<\/li>\n<li><strong>Lze pr\u00e1\u0161ek Inconel 740 pou\u017e\u00edt v aditivn\u00ed v\u00fdrob\u011b?<\/strong> Ano, pr\u00e1\u0161ek Inconel 740 se b\u011b\u017en\u011b pou\u017e\u00edv\u00e1 v aditivn\u00edch v\u00fdrobn\u00edch technik\u00e1ch, jako je selektivn\u00ed laserov\u00e9 taven\u00ed (SLM) a taven\u00ed elektronov\u00fdm svazkem (EBM), k v\u00fdrob\u011b sou\u010d\u00e1st\u00ed s vynikaj\u00edc\u00edmi vysokoteplotn\u00edmi vlastnostmi.<\/li>\n<li><strong>Je Inconel 740 Powder vhodn\u00fd pro pou\u017eit\u00ed v plynov\u00fdch turb\u00edn\u00e1ch?<\/strong> Ano, Inconel 740 Powder se \u0161iroce pou\u017e\u00edv\u00e1 v plynov\u00fdch turb\u00edn\u00e1ch pro sou\u010d\u00e1sti, jako jsou lopatky turb\u00edn a vlo\u017eky spalovac\u00edch motor\u016f, d\u00edky sv\u00e9 vynikaj\u00edc\u00ed pevnosti p\u0159i vysok\u00fdch teplot\u00e1ch a odolnosti proti oxidaci.<\/li>\n<li><strong>Jak\u00e9 jsou typick\u00e9 n\u00e1klady spojen\u00e9 s pr\u00e1\u0161kem Inconel 740?<\/strong> N\u00e1klady na pr\u00e1\u0161ek Inconel 740 se li\u0161\u00ed v z\u00e1vislosti na faktorech, jako je objem, rozsah velikosti \u010d\u00e1stic, morfologie pr\u00e1\u0161ku, \u00farove\u0148 \u010distoty a podm\u00ednky na trhu.<\/li>\n<\/ol>","protected":false},"excerpt":{"rendered":"<p>Pr\u00e1\u0161ek Inconel 740: P\u0159ehled Pr\u00e1\u0161ek Inconel 740 je vysoce cen\u011bn pro svou v\u00fdjime\u010dnou pevnost p\u0159i vysok\u00fdch teplot\u00e1ch a odolnost v\u016f\u010di oxidaci, co\u017e z n\u011bj \u010din\u00ed nepostradateln\u00fd materi\u00e1l v r\u016fzn\u00fdch pr\u016fmyslov\u00fdch odv\u011btv\u00edch, zejm\u00e9na v aplikac\u00edch zahrnuj\u00edc\u00edch extr\u00e9mn\u00ed teploty a korozivn\u00ed prost\u0159ed\u00ed. D\u00edky sv\u00fdm jedine\u010dn\u00fdm vlastnostem je preferovanou volbou pro kritick\u00e9 aplikace, kde je nejd\u016fle\u017eit\u011bj\u0161\u00ed spolehlivost a v\u00fdkon. Slo\u017een\u00ed Inconel 740...<\/p>","protected":false},"featured_media":1877,"parent":0,"template":"","meta":{"_acf_changed":false,"_kad_blocks_custom_css":"","_kad_blocks_head_custom_js":"","_kad_blocks_body_custom_js":"","_kad_blocks_footer_custom_js":"","_kad_post_transparent":"","_kad_post_title":"","_kad_post_layout":"","_kad_post_sidebar_id":"","_kad_post_content_style":"","_kad_post_vertical_padding":"","_kad_post_feature":"","_kad_post_feature_position":"","_kad_post_header":false,"_kad_post_footer":false,"_kad_post_classname":""},"product-category":[119],"class_list":["post-4317","product","type-product","status-publish","has-post-thumbnail","hentry","product-category-3d-printing-metal-powder"],"acf":[],"taxonomy_info":{"product-category":[{"value":119,"label":"3D Printing Metal Powder"}]},"featured_image_src_large":["https:\/\/3dpmetal.com\/wp-content\/uploads\/2024\/02\/GH5188-Powder.jpg",600,600,false],"author_info":[],"comment_info":"","_links":{"self":[{"href":"https:\/\/3dpmetal.com\/cs\/wp-json\/wp\/v2\/product\/4317","targetHints":{"allow":["GET"]}}],"collection":[{"href":"https:\/\/3dpmetal.com\/cs\/wp-json\/wp\/v2\/product"}],"about":[{"href":"https:\/\/3dpmetal.com\/cs\/wp-json\/wp\/v2\/types\/product"}],"wp:featuredmedia":[{"embeddable":true,"href":"https:\/\/3dpmetal.com\/cs\/wp-json\/wp\/v2\/media\/1877"}],"wp:attachment":[{"href":"https:\/\/3dpmetal.com\/cs\/wp-json\/wp\/v2\/media?parent=4317"}],"wp:term":[{"taxonomy":"product-category","embeddable":true,"href":"https:\/\/3dpmetal.com\/cs\/wp-json\/wp\/v2\/product-category?post=4317"}],"curies":[{"name":"wp","href":"https:\/\/api.w.org\/{rel}","templated":true}]}}