{"id":4322,"date":"2024-04-07T08:17:24","date_gmt":"2024-04-07T08:17:24","guid":{"rendered":"https:\/\/3dpmetal.com\/product\/inconel-690-powder\/"},"modified":"2024-04-08T01:44:55","modified_gmt":"2024-04-08T01:44:55","slug":"inconel-690-powder","status":"publish","type":"product","link":"https:\/\/3dpmetal.com\/cs\/product\/inconel-690-powder\/","title":{"rendered":"Pr\u00e1\u0161ek Inconel 690"},"content":{"rendered":"<h2>Pr\u00e1\u0161ek Inconel 690: P\u0159ehled<\/h2>\n<p><a href=\"\/cs\/_wp_link_placeholder\/\" data-wplink-edit=\"true\">Pr\u00e1\u0161ek Inconel 690<\/a> je vysoce cen\u011bn pro svou v\u00fdjime\u010dnou pevnost p\u0159i vysok\u00fdch teplot\u00e1ch, odolnost proti korozi a vynikaj\u00edc\u00ed zpracovatelnost, d\u00edky \u010demu\u017e je nepostradateln\u00fd v r\u016fzn\u00fdch pr\u016fmyslov\u00fdch odv\u011btv\u00edch. D\u00edky sv\u00e9 jedine\u010dn\u00e9 kombinaci vlastnost\u00ed je ide\u00e1ln\u00ed pro aplikace, kde je rozhoduj\u00edc\u00ed odolnost v\u016f\u010di extr\u00e9mn\u00edm teplot\u00e1m a agresivn\u00edmu prost\u0159ed\u00ed.<\/p>\n<h2>Kompozice<\/h2>\n<p>Pr\u00e1\u0161ek Inconel 690 je pe\u010dliv\u011b vyroben s p\u0159esn\u00fdmi leguj\u00edc\u00edmi prvky:<\/p>\n<table>\n<thead>\n<tr>\n<th>Element<\/th>\n<th>Hmotnostn\u00ed %<\/th>\n<\/tr>\n<\/thead>\n<tbody>\n<tr>\n<td>Nikl (Ni)<\/td>\n<td>58.0-71.0<\/td>\n<\/tr>\n<tr>\n<td>Chrom (Cr)<\/td>\n<td>27.0-31.0<\/td>\n<\/tr>\n<tr>\n<td>\u017delezo (Fe)<\/td>\n<td>7.0-11.0<\/td>\n<\/tr>\n<tr>\n<td>Mangan (Mn)<\/td>\n<td>0,5 max.<\/td>\n<\/tr>\n<tr>\n<td>K\u0159em\u00edk (Si)<\/td>\n<td>0,5 max.<\/td>\n<\/tr>\n<tr>\n<td>Uhl\u00edk (C)<\/td>\n<td>0,05 max<\/td>\n<\/tr>\n<tr>\n<td>S\u00edra (S)<\/td>\n<td>0,015 max<\/td>\n<\/tr>\n<\/tbody>\n<\/table>\n<h2>Vlastnosti<\/h2>\n<p>Pr\u00e1\u0161ek Inconel 690 se m\u016f\u017ee pochlubit vynikaj\u00edc\u00edmi vlastnostmi:<\/p>\n<table>\n<thead>\n<tr>\n<th>Nemovitost<\/th>\n<th>Hodnota<\/th>\n<\/tr>\n<\/thead>\n<tbody>\n<tr>\n<td>Hustota<\/td>\n<td>8,19 g\/cm\u00b3<\/td>\n<\/tr>\n<tr>\n<td>Pevnost v tahu<\/td>\n<td>785 MPa (min)<\/td>\n<\/tr>\n<tr>\n<td>Mez kluzu<\/td>\n<td>310 MPa (min)<\/td>\n<\/tr>\n<tr>\n<td>Prodlou\u017een\u00ed<\/td>\n<td>30% (min)<\/td>\n<\/tr>\n<tr>\n<td>Tvrdost (HRB)<\/td>\n<td>85 HRB<\/td>\n<\/tr>\n<tr>\n<td>Teplota t\u00e1n\u00ed<\/td>\n<td>1343-1371\u00b0C<\/td>\n<\/tr>\n<tr>\n<td>Tepeln\u00e1 vodivost<\/td>\n<td>10,2 W\/m-K<\/td>\n<\/tr>\n<tr>\n<td>Elektrick\u00fd odpor<\/td>\n<td>1,14 \u00b5\u03a9-m<\/td>\n<\/tr>\n<\/tbody>\n<\/table>\n<h2>APLIKACE<\/h2>\n<p>Pr\u00e1\u0161ek Inconel 690 nach\u00e1z\u00ed \u0161irok\u00e9 uplatn\u011bn\u00ed v chemick\u00e9m, jadern\u00e9m a petrochemick\u00e9m pr\u016fmyslu pro komponenty, jako jsou reaktorov\u00e9 n\u00e1doby, v\u00fdm\u011bn\u00edky tepla a potrubn\u00ed syst\u00e9my.<\/p>\n<h2>Proces aditivn\u00ed v\u00fdroby<\/h2>\n<p>Pr\u00e1\u0161ek Inconel 690 se vyr\u00e1b\u00ed pomoc\u00ed plynov\u00fdch nebo plazmov\u00fdch atomiza\u010dn\u00edch proces\u016f a je vhodn\u00fd pro aditivn\u00ed v\u00fdrobn\u00ed techniky, jako je selektivn\u00ed laserov\u00e9 taven\u00ed (SLM) a taven\u00ed elektronov\u00fdm svazkem (EBM).<\/p>\n<h2>Specifikace pr\u00e1\u0161ku<\/h2>\n<p>Pr\u00e1\u0161ek Inconel 690 je k dispozici v r\u016fzn\u00fdch rozm\u011brov\u00fdch \u0159ad\u00e1ch, morfologi\u00edch a \u00farovn\u00edch kvality a spl\u0148uje specifick\u00e9 po\u017eadavky na pou\u017eit\u00ed.<\/p>\n<h2>Standardy a zn\u00e1mky<\/h2>\n<p>Inconel 690 Powder spl\u0148uje pr\u016fmyslov\u00e9 normy, jako je ASTM B166, co\u017e zaji\u0161\u0165uje kvalitu a vhodnost pro r\u016fzn\u00e9 aplikace.<\/p>\n<h2>Kontrola kvality<\/h2>\n<p>P\u0159\u00edsn\u00e1 opat\u0159en\u00ed pro kontrolu kvality, v\u010detn\u011b chemick\u00e9 anal\u00fdzy a anal\u00fdzy velikosti \u010d\u00e1stic, zaji\u0161\u0165uj\u00ed konzistenci a spolehlivost pr\u00e1\u0161ku Inconel 690.<\/p>\n<h2>Anal\u00fdza n\u00e1klad\u016f<\/h2>\n<p>N\u00e1klady na pr\u00e1\u0161ek Inconel 690 se li\u0161\u00ed v z\u00e1vislosti na faktorech, jako je objem, rozsah velikosti \u010d\u00e1stic a podm\u00ednky na trhu.<\/p>\n<h2>Skladov\u00e1n\u00ed pr\u00e1\u0161ku a manipulace s n\u00edm<\/h2>\n<p>Spr\u00e1vn\u00e9 skladov\u00e1n\u00ed v uzav\u0159en\u00fdch n\u00e1dob\u00e1ch a dodr\u017eov\u00e1n\u00ed manipula\u010dn\u00edch protokol\u016f je nezbytn\u00e9 pro zachov\u00e1n\u00ed integrity pr\u00e1\u0161ku Inconel 690.<\/p>\n<h2>Zdrav\u00ed a bezpe\u010dnost<\/h2>\n<p>Pr\u00e1\u0161ek Inconel 690 p\u0159edstavuje minim\u00e1ln\u00ed zdravotn\u00ed rizika, ale p\u0159i manipulaci a zpracov\u00e1n\u00ed vy\u017eaduje pou\u017eit\u00ed osobn\u00edch ochrann\u00fdch prost\u0159edk\u016f.<\/p>\n<h2>\u010casto kladen\u00e9 ot\u00e1zky (FAQ)<\/h2>\n<ol>\n<li><strong>Jak\u00e9 jsou hlavn\u00ed v\u00fdhody pr\u00e1\u0161ku Inconel 690?<\/strong> Inconel 690 Powder nab\u00edz\u00ed v\u00fdjime\u010dnou vysokoteplotn\u00ed pevnost, odolnost proti korozi a zpracovatelnost, tak\u017ee je vhodn\u00fd pro kritick\u00e9 aplikace v chemick\u00e9m, jadern\u00e9m a petrochemick\u00e9m pr\u016fmyslu.<\/li>\n<li><strong>Lze Inconel 690 Powder pou\u017e\u00edt v aditivn\u00ed v\u00fdrob\u011b?<\/strong> Ano, Inconel 690 Powder se b\u011b\u017en\u011b pou\u017e\u00edv\u00e1 v aditivn\u00edch v\u00fdrobn\u00edch technik\u00e1ch, jako je selektivn\u00ed laserov\u00e9 taven\u00ed (SLM) a taven\u00ed elektronov\u00fdm svazkem (EBM), k v\u00fdrob\u011b komponent\u016f s vynikaj\u00edc\u00edmi vysokoteplotn\u00edmi vlastnostmi.<\/li>\n<li><strong>Je Inconel 690 Powder vhodn\u00fd pro pou\u017eit\u00ed v reaktorov\u00fdch n\u00e1dob\u00e1ch?<\/strong> Ano, Inconel 690 Powder je \u0161iroce pou\u017e\u00edv\u00e1n v reaktorov\u00fdch n\u00e1dob\u00e1ch d\u00edky sv\u00e9 vynikaj\u00edc\u00ed vysokoteplotn\u00ed pevnosti a odolnosti proti korozi.<\/li>\n<li><strong>Jak\u00e9 jsou typick\u00e9 n\u00e1klady spojen\u00e9 s pr\u00e1\u0161kem Inconel 690?<\/strong> N\u00e1klady na pr\u00e1\u0161ek Inconel 690 se li\u0161\u00ed v z\u00e1vislosti na faktorech, jako je objem, rozsah velikosti \u010d\u00e1stic, morfologie pr\u00e1\u0161ku, \u00farove\u0148 \u010distoty a podm\u00ednky na trhu.<\/li>\n<\/ol>","protected":false},"excerpt":{"rendered":"<p>Pr\u00e1\u0161ek Inconel 690: Inconel 690 Powder je vysoce cen\u011bn pro svou v\u00fdjime\u010dnou pevnost p\u0159i vysok\u00fdch teplot\u00e1ch, odolnost proti korozi a vynikaj\u00edc\u00ed zpracovatelnost, d\u00edky \u010demu\u017e je nepostradateln\u00fd v r\u016fzn\u00fdch pr\u016fmyslov\u00fdch odv\u011btv\u00edch. D\u00edky sv\u00e9 jedine\u010dn\u00e9 kombinaci vlastnost\u00ed je ide\u00e1ln\u00ed pro aplikace, kde je rozhoduj\u00edc\u00ed odolnost v\u016f\u010di extr\u00e9mn\u00edm teplot\u00e1m a agresivn\u00edmu prost\u0159ed\u00ed. Slo\u017een\u00ed Inconel 690 Powder je pe\u010dliv\u011b vyroben s p\u0159esn\u00fdm...<\/p>","protected":false},"featured_media":1781,"parent":0,"template":"","meta":{"_acf_changed":false,"_kad_blocks_custom_css":"","_kad_blocks_head_custom_js":"","_kad_blocks_body_custom_js":"","_kad_blocks_footer_custom_js":"","_kad_post_transparent":"","_kad_post_title":"","_kad_post_layout":"","_kad_post_sidebar_id":"","_kad_post_content_style":"","_kad_post_vertical_padding":"","_kad_post_feature":"","_kad_post_feature_position":"","_kad_post_header":false,"_kad_post_footer":false,"_kad_post_classname":""},"product-category":[119],"class_list":["post-4322","product","type-product","status-publish","has-post-thumbnail","hentry","product-category-3d-printing-metal-powder"],"acf":[],"taxonomy_info":{"product-category":[{"value":119,"label":"3D Printing Metal Powder"}]},"featured_image_src_large":["https:\/\/3dpmetal.com\/wp-content\/uploads\/2024\/02\/Ti22Al25Nb-Powder.png",842,756,false],"author_info":[],"comment_info":"","_links":{"self":[{"href":"https:\/\/3dpmetal.com\/cs\/wp-json\/wp\/v2\/product\/4322","targetHints":{"allow":["GET"]}}],"collection":[{"href":"https:\/\/3dpmetal.com\/cs\/wp-json\/wp\/v2\/product"}],"about":[{"href":"https:\/\/3dpmetal.com\/cs\/wp-json\/wp\/v2\/types\/product"}],"wp:featuredmedia":[{"embeddable":true,"href":"https:\/\/3dpmetal.com\/cs\/wp-json\/wp\/v2\/media\/1781"}],"wp:attachment":[{"href":"https:\/\/3dpmetal.com\/cs\/wp-json\/wp\/v2\/media?parent=4322"}],"wp:term":[{"taxonomy":"product-category","embeddable":true,"href":"https:\/\/3dpmetal.com\/cs\/wp-json\/wp\/v2\/product-category?post=4322"}],"curies":[{"name":"wp","href":"https:\/\/api.w.org\/{rel}","templated":true}]}}