{"id":4324,"date":"2024-04-07T08:17:41","date_gmt":"2024-04-07T08:17:41","guid":{"rendered":"https:\/\/3dpmetal.com\/product\/feni42-powder\/"},"modified":"2024-04-08T01:47:04","modified_gmt":"2024-04-08T01:47:04","slug":"feni42-powder","status":"publish","type":"product","link":"https:\/\/3dpmetal.com\/cs\/product\/feni42-powder\/","title":{"rendered":"FeNi42 pr\u00e1\u0161ek"},"content":{"rendered":"<h2>Pr\u00e1\u0161ek FeNi42: P\u0159ehled<\/h2>\n<p><a href=\"https:\/\/en.wikipedia.org\/wiki\/Metal_powder\" target=\"_blank\" rel=\"noopener\">FeNi42 pr\u00e1\u0161ek<\/a> je vysoce cen\u011bn pro sv\u00e9 vynikaj\u00edc\u00ed magnetick\u00e9 vlastnosti, vysok\u00fd elektrick\u00fd odpor a odolnost proti korozi, co\u017e z n\u011bj \u010din\u00ed d\u016fle\u017eit\u00fd materi\u00e1l v r\u016fzn\u00fdch pr\u016fmyslov\u00fdch odv\u011btv\u00edch. D\u00edky sv\u00e9 jedine\u010dn\u00e9 kombinaci vlastnost\u00ed je ide\u00e1ln\u00ed pro aplikace, kde jsou d\u016fle\u017eit\u00e9 magnetick\u00e9 a elektrick\u00e9 vlastnosti.<\/p>\n<h2>Kompozice<\/h2>\n<p>Pr\u00e1\u0161ek FeNi42 je pe\u010dliv\u011b sestaven z p\u0159esn\u00fdch leguj\u00edc\u00edch prvk\u016f:<\/p>\n<table>\n<thead>\n<tr>\n<th>Element<\/th>\n<th>Hmotnostn\u00ed %<\/th>\n<\/tr>\n<\/thead>\n<tbody>\n<tr>\n<td>\u017delezo (Fe)<\/td>\n<td>41-43<\/td>\n<\/tr>\n<tr>\n<td>Nikl (Ni)<\/td>\n<td>41-43<\/td>\n<\/tr>\n<tr>\n<td>Mangan (Mn)<\/td>\n<td>1,0 max<\/td>\n<\/tr>\n<tr>\n<td>K\u0159em\u00edk (Si)<\/td>\n<td>0,3 max.<\/td>\n<\/tr>\n<tr>\n<td>Uhl\u00edk (C)<\/td>\n<td>0,03 max<\/td>\n<\/tr>\n<tr>\n<td>S\u00edra (S)<\/td>\n<td>0,02 max<\/td>\n<\/tr>\n<tr>\n<td>Fosfor (P)<\/td>\n<td>0,02 max<\/td>\n<\/tr>\n<\/tbody>\n<\/table>\n<h2>Vlastnosti<\/h2>\n<p>Pr\u00e1\u0161ek FeNi42 se m\u016f\u017ee pochlubit vynikaj\u00edc\u00edmi vlastnostmi:<\/p>\n<table>\n<thead>\n<tr>\n<th>Nemovitost<\/th>\n<th>Hodnota<\/th>\n<\/tr>\n<\/thead>\n<tbody>\n<tr>\n<td>Hustota<\/td>\n<td>8,15 g\/cm\u00b3<\/td>\n<\/tr>\n<tr>\n<td>Pevnost v tahu<\/td>\n<td>550 MPa (min)<\/td>\n<\/tr>\n<tr>\n<td>Mez kluzu<\/td>\n<td>250 MPa (min)<\/td>\n<\/tr>\n<tr>\n<td>Prodlou\u017een\u00ed<\/td>\n<td>30% (min)<\/td>\n<\/tr>\n<tr>\n<td>Tvrdost (HRB)<\/td>\n<td>90 HRB<\/td>\n<\/tr>\n<tr>\n<td>Teplota t\u00e1n\u00ed<\/td>\n<td>1420-1460\u00b0C<\/td>\n<\/tr>\n<tr>\n<td>Tepeln\u00e1 vodivost<\/td>\n<td>11,5 W\/m-K<\/td>\n<\/tr>\n<tr>\n<td>Elektrick\u00fd odpor<\/td>\n<td>0,60 \u00b5\u03a9-m<\/td>\n<\/tr>\n<\/tbody>\n<\/table>\n<h2>APLIKACE<\/h2>\n<p>Pr\u00e1\u0161ek FeNi42 nach\u00e1z\u00ed \u0161irok\u00e9 uplatn\u011bn\u00ed v elektrotechnick\u00e9m a elektronick\u00e9m pr\u016fmyslu pro komponenty, jako je magnetick\u00e9 st\u00edn\u011bn\u00ed, j\u00e1dra transform\u00e1tor\u016f a induktory.<\/p>\n<h2>Proces aditivn\u00ed v\u00fdroby<\/h2>\n<p>Pr\u00e1\u0161ek FeNi42, vyr\u00e1b\u011bn\u00fd plynovou nebo plazmovou atomizac\u00ed, je vhodn\u00fd pro aditivn\u00ed v\u00fdrobn\u00ed techniky, jako je taven\u00ed v pr\u00e1\u0161kov\u00e9m lo\u017ei a trysk\u00e1n\u00ed pojiva.<\/p>\n<h2>Specifikace pr\u00e1\u0161ku<\/h2>\n<p>Pr\u00e1\u0161ek FeNi42 je k dispozici v r\u016fzn\u00fdch rozm\u011brov\u00fdch \u0159ad\u00e1ch, morfologi\u00edch a \u00farovn\u00edch kvality a spl\u0148uje specifick\u00e9 po\u017eadavky na pou\u017eit\u00ed.<\/p>\n<h2>Standardy a zn\u00e1mky<\/h2>\n<p>Pr\u00e1\u0161ek FeNi42 odpov\u00edd\u00e1 pr\u016fmyslov\u00fdm norm\u00e1m, jako je ASTM A801, co\u017e zaji\u0161\u0165uje kvalitu a vhodnost pro r\u016fzn\u00e9 aplikace.<\/p>\n<h2>Kontrola kvality<\/h2>\n<p>P\u0159\u00edsn\u00e1 opat\u0159en\u00ed pro kontrolu kvality, v\u010detn\u011b chemick\u00e9 anal\u00fdzy a anal\u00fdzy velikosti \u010d\u00e1stic, zaji\u0161\u0165uj\u00ed konzistenci a spolehlivost pr\u00e1\u0161ku FeNi42.<\/p>\n<h2>Anal\u00fdza n\u00e1klad\u016f<\/h2>\n<p>Cena pr\u00e1\u0161ku FeNi42 se li\u0161\u00ed v z\u00e1vislosti na faktorech, jako je objem, rozsah velikosti \u010d\u00e1stic a podm\u00ednky na trhu.<\/p>\n<h2>Skladov\u00e1n\u00ed pr\u00e1\u0161ku a manipulace s n\u00edm<\/h2>\n<p>Spr\u00e1vn\u00e9 skladov\u00e1n\u00ed v uzav\u0159en\u00fdch n\u00e1dob\u00e1ch a dodr\u017eov\u00e1n\u00ed manipula\u010dn\u00edch protokol\u016f je nezbytn\u00e9 pro zachov\u00e1n\u00ed integrity pr\u00e1\u0161ku FeNi42.<\/p>\n<h2>Zdrav\u00ed a bezpe\u010dnost<\/h2>\n<p>Pr\u00e1\u0161ek FeNi42 p\u0159edstavuje minim\u00e1ln\u00ed zdravotn\u00ed rizika, ale p\u0159i manipulaci a zpracov\u00e1n\u00ed vy\u017eaduje pou\u017eit\u00ed osobn\u00edch ochrann\u00fdch prost\u0159edk\u016f.<\/p>\n<h2>\u010casto kladen\u00e9 ot\u00e1zky (FAQ)<\/h2>\n<ol>\n<li><strong>Jak\u00e9 jsou hlavn\u00ed v\u00fdhody pr\u00e1\u0161ku FeNi42?<\/strong> Pr\u00e1\u0161ek FeNi42 m\u00e1 vynikaj\u00edc\u00ed magnetick\u00e9 vlastnosti, vysok\u00fd elektrick\u00fd odpor a odolnost proti korozi, tak\u017ee je ide\u00e1ln\u00ed pro pou\u017eit\u00ed v elektrotechnick\u00e9m a elektronick\u00e9m pr\u016fmyslu.<\/li>\n<li><strong>Lze pr\u00e1\u0161ek FeNi42 pou\u017e\u00edt v aditivn\u00ed v\u00fdrob\u011b?<\/strong> Ano, pr\u00e1\u0161ek FeNi42 se b\u011b\u017en\u011b pou\u017e\u00edv\u00e1 v aditivn\u00edch v\u00fdrobn\u00edch technik\u00e1ch, jako je taven\u00ed v pr\u00e1\u0161kov\u00e9m lo\u017ei a trysk\u00e1n\u00ed pojiva, k v\u00fdrob\u011b sou\u010d\u00e1st\u00ed s vynikaj\u00edc\u00edmi magnetick\u00fdmi a elektrick\u00fdmi vlastnostmi.<\/li>\n<li><strong>Je pr\u00e1\u0161ek FeNi42 vhodn\u00fd pro pou\u017eit\u00ed v j\u00e1drech transform\u00e1tor\u016f?<\/strong> Ano, pr\u00e1\u0161ek FeNi42 se \u0161iroce pou\u017e\u00edv\u00e1 v j\u00e1drech transform\u00e1tor\u016f d\u00edky sv\u00fdm vynikaj\u00edc\u00edm magnetick\u00fdm vlastnostem a vysok\u00e9mu elektrick\u00e9mu odporu.<\/li>\n<li><strong>Jak\u00e9 jsou typick\u00e9 n\u00e1klady spojen\u00e9 s pr\u00e1\u0161kem FeNi42?<\/strong> N\u00e1klady na pr\u00e1\u0161ek FeNi42 se li\u0161\u00ed v z\u00e1vislosti na faktorech, jako je objem, rozsah velikosti \u010d\u00e1stic, morfologie pr\u00e1\u0161ku, \u00farove\u0148 \u010distoty a podm\u00ednky na trhu.<\/li>\n<\/ol>","protected":false},"excerpt":{"rendered":"<p>Pr\u00e1\u0161ek FeNi42: Pr\u00e1\u0161ek FeNi42 je vysoce cen\u011bn pro sv\u00e9 vynikaj\u00edc\u00ed magnetick\u00e9 vlastnosti, vysok\u00fd elektrick\u00fd odpor a odolnost proti korozi, co\u017e z n\u011bj \u010din\u00ed d\u016fle\u017eit\u00fd materi\u00e1l v r\u016fzn\u00fdch pr\u016fmyslov\u00fdch odv\u011btv\u00edch. D\u00edky sv\u00e9 jedine\u010dn\u00e9 kombinaci vlastnost\u00ed je ide\u00e1ln\u00ed pro aplikace, kde jsou d\u016fle\u017eit\u00e9 magnetick\u00e9 a elektrick\u00e9 vlastnosti. Slo\u017een\u00ed FeNi42 Powder je pe\u010dliv\u011b formulov\u00e1no s p\u0159esn\u00fdmi leguj\u00edc\u00edmi prvky: Prvek...<\/p>","protected":false},"featured_media":1837,"parent":0,"template":"","meta":{"_acf_changed":false,"_kad_blocks_custom_css":"","_kad_blocks_head_custom_js":"","_kad_blocks_body_custom_js":"","_kad_blocks_footer_custom_js":"","_kad_post_transparent":"","_kad_post_title":"","_kad_post_layout":"","_kad_post_sidebar_id":"","_kad_post_content_style":"","_kad_post_vertical_padding":"","_kad_post_feature":"","_kad_post_feature_position":"","_kad_post_header":false,"_kad_post_footer":false,"_kad_post_classname":""},"product-category":[119],"class_list":["post-4324","product","type-product","status-publish","has-post-thumbnail","hentry","product-category-3d-printing-metal-powder"],"acf":[],"taxonomy_info":{"product-category":[{"value":119,"label":"3D Printing Metal Powder"}]},"featured_image_src_large":["https:\/\/3dpmetal.com\/wp-content\/uploads\/2024\/02\/317L-Powder.jpg",600,600,false],"author_info":[],"comment_info":"","_links":{"self":[{"href":"https:\/\/3dpmetal.com\/cs\/wp-json\/wp\/v2\/product\/4324","targetHints":{"allow":["GET"]}}],"collection":[{"href":"https:\/\/3dpmetal.com\/cs\/wp-json\/wp\/v2\/product"}],"about":[{"href":"https:\/\/3dpmetal.com\/cs\/wp-json\/wp\/v2\/types\/product"}],"wp:featuredmedia":[{"embeddable":true,"href":"https:\/\/3dpmetal.com\/cs\/wp-json\/wp\/v2\/media\/1837"}],"wp:attachment":[{"href":"https:\/\/3dpmetal.com\/cs\/wp-json\/wp\/v2\/media?parent=4324"}],"wp:term":[{"taxonomy":"product-category","embeddable":true,"href":"https:\/\/3dpmetal.com\/cs\/wp-json\/wp\/v2\/product-category?post=4324"}],"curies":[{"name":"wp","href":"https:\/\/api.w.org\/{rel}","templated":true}]}}