{"id":4327,"date":"2024-04-07T08:17:41","date_gmt":"2024-04-07T08:17:41","guid":{"rendered":"https:\/\/3dpmetal.com\/product\/410l-stainless-steel-powder\/"},"modified":"2024-04-08T01:50:58","modified_gmt":"2024-04-08T01:50:58","slug":"410l-stainless-steel-powder","status":"publish","type":"product","link":"https:\/\/3dpmetal.com\/cs\/product\/410l-stainless-steel-powder\/","title":{"rendered":"Pr\u00e1\u0161ek z nerezov\u00e9 oceli 410L"},"content":{"rendered":"<h2>Pr\u00e1\u0161ek z nerezov\u00e9 oceli 410L: P\u0159ehled<\/h2>\n<p><a href=\"https:\/\/en.wikipedia.org\/wiki\/Stainless_steel\" target=\"_blank\" rel=\"noopener\">Pr\u00e1\u0161ek z nerezov\u00e9 oceli 410L<\/a> je vysoce cen\u011bn pro svou v\u00fdjime\u010dnou odolnost proti korozi, \u017e\u00e1ruvzdornost a odolnost proti opot\u0159eben\u00ed, co\u017e z n\u011bj \u010din\u00ed d\u016fle\u017eit\u00fd materi\u00e1l v r\u016fzn\u00fdch pr\u016fmyslov\u00fdch odv\u011btv\u00edch. D\u00edky sv\u00e9 jedine\u010dn\u00e9 kombinaci vlastnost\u00ed je vhodn\u00fd pro aplikace, kde je vy\u017eadov\u00e1na vysok\u00e1 pevnost a odolnost.<\/p>\n<h2>Kompozice<\/h2>\n<p>Pr\u00e1\u0161ek z nerezov\u00e9 oceli 410L je pe\u010dliv\u011b vyroben s p\u0159esn\u00fdmi leguj\u00edc\u00edmi prvky:<\/p>\n<table>\n<thead>\n<tr>\n<th>Element<\/th>\n<th>Hmotnostn\u00ed %<\/th>\n<\/tr>\n<\/thead>\n<tbody>\n<tr>\n<td>Chrom (Cr)<\/td>\n<td>11.5-13.5<\/td>\n<\/tr>\n<tr>\n<td>Nikl (Ni)<\/td>\n<td>0,60 max<\/td>\n<\/tr>\n<tr>\n<td>Mangan (Mn)<\/td>\n<td>1,0 max<\/td>\n<\/tr>\n<tr>\n<td>K\u0159em\u00edk (Si)<\/td>\n<td>1,0 max<\/td>\n<\/tr>\n<tr>\n<td>Uhl\u00edk (C)<\/td>\n<td>0,03 max<\/td>\n<\/tr>\n<tr>\n<td>S\u00edra (S)<\/td>\n<td>0,03 max<\/td>\n<\/tr>\n<tr>\n<td>Fosfor (P)<\/td>\n<td>0,040 max<\/td>\n<\/tr>\n<tr>\n<td>\u017delezo (Fe)<\/td>\n<td>Balance<\/td>\n<\/tr>\n<\/tbody>\n<\/table>\n<h2>Vlastnosti<\/h2>\n<p>Pr\u00e1\u0161ek z nerezov\u00e9 oceli 410L se m\u016f\u017ee pochlubit vynikaj\u00edc\u00edmi vlastnostmi:<\/p>\n<table>\n<thead>\n<tr>\n<th>Nemovitost<\/th>\n<th>Hodnota<\/th>\n<\/tr>\n<\/thead>\n<tbody>\n<tr>\n<td>Hustota<\/td>\n<td>7,7 g\/cm\u00b3<\/td>\n<\/tr>\n<tr>\n<td>Pevnost v tahu<\/td>\n<td>450 MPa (min)<\/td>\n<\/tr>\n<tr>\n<td>Mez kluzu<\/td>\n<td>205 MPa (min)<\/td>\n<\/tr>\n<tr>\n<td>Prodlou\u017een\u00ed<\/td>\n<td>20% (min)<\/td>\n<\/tr>\n<tr>\n<td>Tvrdost (HRB)<\/td>\n<td>80 HRB<\/td>\n<\/tr>\n<tr>\n<td>Teplota t\u00e1n\u00ed<\/td>\n<td>1480-1530\u00b0C<\/td>\n<\/tr>\n<tr>\n<td>Tepeln\u00e1 vodivost<\/td>\n<td>24,9 W\/m-K<\/td>\n<\/tr>\n<tr>\n<td>Elektrick\u00fd odpor<\/td>\n<td>0,06 \u00b5\u03a9-m<\/td>\n<\/tr>\n<\/tbody>\n<\/table>\n<h2>APLIKACE<\/h2>\n<p>Pr\u00e1\u0161ek z nerezov\u00e9 oceli 410L nach\u00e1z\u00ed \u0161irok\u00e9 uplatn\u011bn\u00ed v automobilov\u00e9m, leteck\u00e9m a stavebn\u00edm pr\u016fmyslu pro komponenty, jako jsou v\u00fdfukov\u00e9 syst\u00e9my, spojovac\u00ed materi\u00e1l a konstruk\u010dn\u00ed d\u00edly.<\/p>\n<h2>Proces aditivn\u00ed v\u00fdroby<\/h2>\n<p>Pr\u00e1\u0161ek z nerezov\u00e9 oceli 410L, vyr\u00e1b\u011bn\u00fd plynovou nebo plazmovou atomizac\u00ed, je vhodn\u00fd pro aditivn\u00ed v\u00fdrobn\u00ed techniky, jako je taven\u00ed v pr\u00e1\u0161kov\u00e9m lo\u017ei a trysk\u00e1n\u00ed pojiva.<\/p>\n<h2>Specifikace pr\u00e1\u0161ku<\/h2>\n<p>Pr\u00e1\u0161ek z nerezov\u00e9 oceli 410L, kter\u00fd je k dispozici v r\u016fzn\u00fdch rozm\u011brov\u00fdch \u0159ad\u00e1ch, morfologi\u00edch a \u00farovn\u00edch kvality, spl\u0148uje specifick\u00e9 po\u017eadavky na pou\u017eit\u00ed.<\/p>\n<h2>Standardy a zn\u00e1mky<\/h2>\n<p>Pr\u00e1\u0161ek z nerezov\u00e9 oceli 410L odpov\u00edd\u00e1 pr\u016fmyslov\u00fdm norm\u00e1m, jako je ASTM A240, co\u017e zaji\u0161\u0165uje kvalitu a vhodnost pro r\u016fzn\u00e9 aplikace.<\/p>\n<h2>Kontrola kvality<\/h2>\n<p>P\u0159\u00edsn\u00e1 opat\u0159en\u00ed pro kontrolu kvality, v\u010detn\u011b chemick\u00e9 anal\u00fdzy a anal\u00fdzy velikosti \u010d\u00e1stic, zaji\u0161\u0165uj\u00ed konzistenci a spolehlivost pr\u00e1\u0161ku z nerezov\u00e9 oceli 410L.<\/p>\n<h2>Anal\u00fdza n\u00e1klad\u016f<\/h2>\n<p>Cena pr\u00e1\u0161ku z nerezov\u00e9 oceli 410L se li\u0161\u00ed v z\u00e1vislosti na faktorech, jako je objem, rozsah velikosti \u010d\u00e1stic a tr\u017en\u00ed podm\u00ednky.<\/p>\n<h2>Skladov\u00e1n\u00ed pr\u00e1\u0161ku a manipulace s n\u00edm<\/h2>\n<p>Spr\u00e1vn\u00e9 skladov\u00e1n\u00ed v uzav\u0159en\u00fdch n\u00e1dob\u00e1ch a dodr\u017eov\u00e1n\u00ed manipula\u010dn\u00edch protokol\u016f je nezbytn\u00e9 pro zachov\u00e1n\u00ed integrity pr\u00e1\u0161ku z nerezov\u00e9 oceli 410L.<\/p>\n<h2>Zdrav\u00ed a bezpe\u010dnost<\/h2>\n<p>Pr\u00e1\u0161ek z nerezov\u00e9 oceli 410L p\u0159edstavuje minim\u00e1ln\u00ed zdravotn\u00ed rizika, ale p\u0159i manipulaci a zpracov\u00e1n\u00ed vy\u017eaduje pou\u017eit\u00ed osobn\u00edch ochrann\u00fdch pom\u016fcek.<\/p>\n<h2>\u010casto kladen\u00e9 ot\u00e1zky (FAQ)<\/h2>\n<ol>\n<li><strong>Jak\u00e9 jsou hlavn\u00ed v\u00fdhody pr\u00e1\u0161ku z nerezov\u00e9 oceli 410L?<\/strong> Pr\u00e1\u0161ek z nerezov\u00e9 oceli 410L nab\u00edz\u00ed v\u00fdjime\u010dnou odolnost proti korozi, tepelnou odolnost a odolnost proti opot\u0159eben\u00ed, tak\u017ee je ide\u00e1ln\u00ed pro aplikace, kde je vy\u017eadov\u00e1na vysok\u00e1 pevnost a trvanlivost.<\/li>\n<li><strong>Lze pr\u00e1\u0161ek z nerezov\u00e9 oceli 410L pou\u017e\u00edt v aditivn\u00ed v\u00fdrob\u011b?<\/strong> Ano, pr\u00e1\u0161ek z nerezov\u00e9 oceli 410L se b\u011b\u017en\u011b pou\u017e\u00edv\u00e1 v aditivn\u00edch v\u00fdrobn\u00edch technik\u00e1ch, jako je taven\u00ed v pr\u00e1\u0161kov\u00e9m lo\u017ei a trysk\u00e1n\u00ed pojiva, k v\u00fdrob\u011b sou\u010d\u00e1st\u00ed s vynikaj\u00edc\u00edmi mechanick\u00fdmi vlastnostmi.<\/li>\n<li><strong>Je pr\u00e1\u0161ek z nerezov\u00e9 oceli 410L vhodn\u00fd pro pou\u017eit\u00ed v automobilov\u00e9m pr\u016fmyslu?<\/strong> Ano, pr\u00e1\u0161ek z nerezov\u00e9 oceli 410L se \u0161iroce pou\u017e\u00edv\u00e1 v automobilov\u00e9m pr\u016fmyslu d\u00edky sv\u00e9 vynikaj\u00edc\u00ed odolnosti proti korozi a tepeln\u00e9 odolnosti, tak\u017ee je ide\u00e1ln\u00ed pro v\u00fdfukov\u00e9 syst\u00e9my a konstruk\u010dn\u00ed d\u00edly.<\/li>\n<li><strong>Jak\u00e9 jsou typick\u00e9 n\u00e1klady spojen\u00e9 s pr\u00e1\u0161kem z nerezov\u00e9 oceli 410L?<\/strong> N\u00e1klady na pr\u00e1\u0161ek z nerezov\u00e9 oceli 410L se li\u0161\u00ed v z\u00e1vislosti na faktorech, jako je objem, rozsah velikosti \u010d\u00e1stic, morfologie pr\u00e1\u0161ku, \u00farove\u0148 \u010distoty a podm\u00ednky na trhu.<\/li>\n<\/ol>","protected":false},"excerpt":{"rendered":"<p>Pr\u00e1\u0161ek z nerezov\u00e9 oceli 410L: P\u0159ehled Pr\u00e1\u0161ek z nerezov\u00e9 oceli 410L je vysoce cen\u011bn pro svou v\u00fdjime\u010dnou odolnost proti korozi, tepelnou odolnost a odolnost proti opot\u0159eben\u00ed, co\u017e z n\u011bj \u010din\u00ed d\u016fle\u017eit\u00fd materi\u00e1l v r\u016fzn\u00fdch pr\u016fmyslov\u00fdch odv\u011btv\u00edch. D\u00edky sv\u00e9 jedine\u010dn\u00e9 kombinaci vlastnost\u00ed je vhodn\u00fd pro aplikace, kde je vy\u017eadov\u00e1na vysok\u00e1 pevnost a odolnost. Slo\u017een\u00ed Pr\u00e1\u0161ek z nerezov\u00e9 oceli 410L je pe\u010dliv\u011b vyroben...<\/p>","protected":false},"featured_media":4167,"parent":0,"template":"","meta":{"_acf_changed":false,"_kad_blocks_custom_css":"","_kad_blocks_head_custom_js":"","_kad_blocks_body_custom_js":"","_kad_blocks_footer_custom_js":"","_kad_post_transparent":"","_kad_post_title":"","_kad_post_layout":"","_kad_post_sidebar_id":"","_kad_post_content_style":"","_kad_post_vertical_padding":"","_kad_post_feature":"","_kad_post_feature_position":"","_kad_post_header":false,"_kad_post_footer":false,"_kad_post_classname":""},"product-category":[119],"class_list":["post-4327","product","type-product","status-publish","has-post-thumbnail","hentry","product-category-3d-printing-metal-powder"],"acf":[],"taxonomy_info":{"product-category":[{"value":119,"label":"3D Printing Metal Powder"}]},"featured_image_src_large":["https:\/\/3dpmetal.com\/wp-content\/uploads\/2024\/04\/718-powder.jpg",600,600,false],"author_info":[],"comment_info":"","_links":{"self":[{"href":"https:\/\/3dpmetal.com\/cs\/wp-json\/wp\/v2\/product\/4327","targetHints":{"allow":["GET"]}}],"collection":[{"href":"https:\/\/3dpmetal.com\/cs\/wp-json\/wp\/v2\/product"}],"about":[{"href":"https:\/\/3dpmetal.com\/cs\/wp-json\/wp\/v2\/types\/product"}],"wp:featuredmedia":[{"embeddable":true,"href":"https:\/\/3dpmetal.com\/cs\/wp-json\/wp\/v2\/media\/4167"}],"wp:attachment":[{"href":"https:\/\/3dpmetal.com\/cs\/wp-json\/wp\/v2\/media?parent=4327"}],"wp:term":[{"taxonomy":"product-category","embeddable":true,"href":"https:\/\/3dpmetal.com\/cs\/wp-json\/wp\/v2\/product-category?post=4327"}],"curies":[{"name":"wp","href":"https:\/\/api.w.org\/{rel}","templated":true}]}}