{"id":4328,"date":"2024-04-07T08:17:41","date_gmt":"2024-04-07T08:17:41","guid":{"rendered":"https:\/\/3dpmetal.com\/product\/spherical-stainless-steel-powder-15-5ph\/"},"modified":"2024-04-08T00:41:35","modified_gmt":"2024-04-08T00:41:35","slug":"spherical-stainless-steel-powder-15-5ph","status":"publish","type":"product","link":"https:\/\/3dpmetal.com\/cs\/product\/spherical-stainless-steel-powder-15-5ph\/","title":{"rendered":"Sf\u00e9rick\u00fd pr\u00e1\u0161ek z nerezov\u00e9 oceli 15-5PH"},"content":{"rendered":"<h2>Sf\u00e9rick\u00fd pr\u00e1\u0161ek z nerezov\u00e9 oceli 15-5PH: p\u0159ehled<\/h2>\n<p>Sf\u00e9rick\u00e1 nerezov\u00e1 ocel <a href=\"https:\/\/en.wikipedia.org\/wiki\/Metal_powder\" target=\"_blank\" rel=\"noopener\">Pr\u00e1\u0161ek 15-5PH<\/a> je pr\u00e1\u0161kov\u00e1 nerezov\u00e1 ocel s vysokou pevnost\u00ed a odolnost\u00ed proti korozi, kter\u00e1 je zn\u00e1m\u00e1 sv\u00fdmi vynikaj\u00edc\u00edmi mechanick\u00fdmi vlastnostmi a vhodnost\u00ed pro \u0161irokou \u0161k\u00e1lu aplikac\u00ed. Pro svou v\u00fdjime\u010dnou kombinaci pevnosti, hou\u017eevnatosti a odolnosti proti korozi je cen\u011bn zejm\u00e9na v leteck\u00e9m, zdravotnick\u00e9m a automobilov\u00e9m pr\u016fmyslu.<\/p>\n<h2>Kompozice<\/h2>\n<p>Sf\u00e9rick\u00fd pr\u00e1\u0161ek z nerezov\u00e9 oceli 15-5PH se skl\u00e1d\u00e1 z p\u0159esn\u00fdch leguj\u00edc\u00edch prvk\u016f, aby se dos\u00e1hlo jeho vynikaj\u00edc\u00edch vlastnost\u00ed:<\/p>\n<table>\n<thead>\n<tr>\n<th>Element<\/th>\n<th>Hmotnostn\u00ed %<\/th>\n<\/tr>\n<\/thead>\n<tbody>\n<tr>\n<td>Chrom (Cr)<\/td>\n<td>14.0-15.5<\/td>\n<\/tr>\n<tr>\n<td>Nikl (Ni)<\/td>\n<td>3.5-5.5<\/td>\n<\/tr>\n<tr>\n<td>M\u011b\u010f (Cu)<\/td>\n<td>3.5-5.5<\/td>\n<\/tr>\n<tr>\n<td>Mangan (Mn)<\/td>\n<td>\u22641.0<\/td>\n<\/tr>\n<tr>\n<td>K\u0159em\u00edk (Si)<\/td>\n<td>\u22641.0<\/td>\n<\/tr>\n<tr>\n<td>Fosfor (P)<\/td>\n<td>\u22640.04<\/td>\n<\/tr>\n<tr>\n<td>S\u00edra (S)<\/td>\n<td>\u22640.03<\/td>\n<\/tr>\n<tr>\n<td>Uhl\u00edk (C)<\/td>\n<td>\u22640.07<\/td>\n<\/tr>\n<tr>\n<td>Dus\u00edk (N)<\/td>\n<td>\u22640.1<\/td>\n<\/tr>\n<tr>\n<td>\u017delezo (Fe)<\/td>\n<td>Balance<\/td>\n<\/tr>\n<\/tbody>\n<\/table>\n<p>Tyto leguj\u00edc\u00ed prvky p\u0159isp\u00edvaj\u00ed k pevnosti, odolnosti proti korozi a obrobitelnosti pr\u00e1\u0161kov\u00e9 nerezov\u00e9 oceli.<\/p>\n<h2>Vlastnosti<\/h2>\n<p>Sf\u00e9rick\u00fd pr\u00e1\u0161ek z nerezov\u00e9 oceli 15-5PH vykazuje vynikaj\u00edc\u00ed vlastnosti nezbytn\u00e9 pro n\u00e1ro\u010dn\u00e9 aplikace:<\/p>\n<table>\n<thead>\n<tr>\n<th>Nemovitost<\/th>\n<th>Hodnota<\/th>\n<\/tr>\n<\/thead>\n<tbody>\n<tr>\n<td>Hustota<\/td>\n<td>7,8-7,9 g\/cm\u00b3<\/td>\n<\/tr>\n<tr>\n<td>Tvrdost (HRC)<\/td>\n<td>33-38<\/td>\n<\/tr>\n<tr>\n<td>Pevnost v tahu<\/td>\n<td>1100-1300 MPa<\/td>\n<\/tr>\n<tr>\n<td>Mez kluzu<\/td>\n<td>1000-1200 MPa<\/td>\n<\/tr>\n<tr>\n<td>Prodlou\u017een\u00ed<\/td>\n<td>6-10%<\/td>\n<\/tr>\n<tr>\n<td>Teplota t\u00e1n\u00ed<\/td>\n<td>1400-1440\u00b0C<\/td>\n<\/tr>\n<tr>\n<td>Tepeln\u00e1 vodivost<\/td>\n<td>16,3 W\/m-K<\/td>\n<\/tr>\n<tr>\n<td>Sou\u010dinitel tepeln\u00e9 rozta\u017enosti<\/td>\n<td>10,5 \u00b5m\/m-K<\/td>\n<\/tr>\n<\/tbody>\n<\/table>\n<p>D\u00edky t\u011bmto vlastnostem je sf\u00e9rick\u00fd pr\u00e1\u0161ek z nerezov\u00e9 oceli 15-5PH vhodn\u00fd pro r\u016fzn\u00e9 aplikace vy\u017eaduj\u00edc\u00ed vysokou pevnost, odolnost proti korozi a tepelnou odolnost.<\/p>\n<h2>APLIKACE<\/h2>\n<p>Sf\u00e9rick\u00fd pr\u00e1\u0161ek z nerezov\u00e9 oceli 15-5PH nach\u00e1z\u00ed rozmanit\u00e9 vyu\u017eit\u00ed v r\u016fzn\u00fdch pr\u016fmyslov\u00fdch odv\u011btv\u00edch:<\/p>\n<ul>\n<li>Letectv\u00ed a kosmonautika: leteck\u00e9 komponenty, d\u00edly podvozku<\/li>\n<li>Zdravotnictv\u00ed: chirurgick\u00e9 n\u00e1stroje, ortopedick\u00e9 implant\u00e1ty<\/li>\n<li>Automobilov\u00fd pr\u016fmysl: sou\u010d\u00e1sti motoru, hnac\u00ed h\u0159\u00eddele<\/li>\n<li>Petrochemie: ventily, sou\u010d\u00e1sti \u010derpadel<\/li>\n<li>Sportovn\u00ed zbo\u017e\u00ed: hlavy golfov\u00fdch hol\u00ed, sou\u010d\u00e1sti j\u00edzdn\u00edch kol<\/li>\n<\/ul>\n<p>D\u00edky kombinaci vysok\u00e9 pevnosti, odolnosti proti korozi a obrobitelnosti je ide\u00e1ln\u00ed pro kritick\u00e9 sou\u010d\u00e1sti vystaven\u00e9 drsn\u00e9mu prost\u0159ed\u00ed.<\/p>\n<h2>Proces aditivn\u00ed v\u00fdroby<\/h2>\n<p>Sf\u00e9rick\u00fd pr\u00e1\u0161ek z nerezov\u00e9 oceli 15-5PH se obvykle vyr\u00e1b\u00ed procesem atomizace plynem nebo plazmou, \u010d\u00edm\u017e vznikaj\u00ed sf\u00e9rick\u00e9 \u010d\u00e1stice vhodn\u00e9 pro aditivn\u00ed v\u00fdrobn\u00ed techniky, jako je selektivn\u00ed laserov\u00e9 taven\u00ed (SLM) a taven\u00ed elektronov\u00fdm svazkem (EBM).<\/p>\n<h2>Specifikace pr\u00e1\u0161ku<\/h2>\n<p>Sf\u00e9rick\u00fd pr\u00e1\u0161ek z nerezov\u00e9 oceli 15-5PH je k dispozici v r\u016fzn\u00fdch specifikac\u00edch, aby spl\u0148oval specifick\u00e9 po\u017eadavky aplikac\u00ed, v\u010detn\u011b distribuce velikosti \u010d\u00e1stic, morfologie, zd\u00e1nliv\u00e9 hustoty, \u010distoty a obsahu kysl\u00edku.<\/p>\n<h2>Standardy a zn\u00e1mky<\/h2>\n<p>Sf\u00e9rick\u00fd pr\u00e1\u0161ek z nerezov\u00e9 oceli 15-5PH spl\u0148uje pr\u016fmyslov\u00e9 normy, jako jsou ASTM A564 a AMS 5659, co\u017e zaru\u010duje jeho kvalitu a vhodnost pro r\u016fzn\u00e9 aplikace.<\/p>\n<h2>Kontrola kvality<\/h2>\n<p>Opat\u0159en\u00ed pro kontrolu kvality sf\u00e9rick\u00e9ho pr\u00e1\u0161ku z nerezov\u00e9 oceli 15-5PH zahrnuj\u00ed chemickou anal\u00fdzu, anal\u00fdzu velikosti \u010d\u00e1stic, posouzen\u00ed morfologie pr\u00e1\u0161ku, zkou\u0161ku hustoty, posouzen\u00ed \u010distoty a anal\u00fdzu obsahu kysl\u00edku.<\/p>\n<h2>Anal\u00fdza n\u00e1klad\u016f<\/h2>\n<p>N\u00e1klady na sf\u00e9rick\u00fd pr\u00e1\u0161ek z nerezov\u00e9 oceli 15-5PH se li\u0161\u00ed v z\u00e1vislosti na faktorech, jako je objem objedn\u00e1vky, rozsah velikosti \u010d\u00e1stic, morfologie pr\u00e1\u0161ku, \u00farove\u0148 \u010distoty a mar\u017ee v\u00fdrobce\/distributora.<\/p>\n<h2>Skladov\u00e1n\u00ed pr\u00e1\u0161ku a manipulace s n\u00edm<\/h2>\n<p>Pro zachov\u00e1n\u00ed integrity sf\u00e9rick\u00e9ho pr\u00e1\u0161ku z nerezov\u00e9 oceli 15-5PH jsou z\u00e1sadn\u00ed spr\u00e1vn\u00e9 postupy skladov\u00e1n\u00ed a manipulace, v\u010detn\u011b skladov\u00e1n\u00ed v uzav\u0159en\u00fdch n\u00e1dob\u00e1ch v kontrolovan\u00e9m prost\u0159ed\u00ed a pou\u017e\u00edv\u00e1n\u00ed vhodn\u00e9ho manipula\u010dn\u00edho za\u0159\u00edzen\u00ed.<\/p>\n<h2>Zdrav\u00ed a bezpe\u010dnost<\/h2>\n<p>Sf\u00e9rick\u00fd pr\u00e1\u0161ek z nerezov\u00e9 oceli 15-5PH p\u0159edstavuje p\u0159i spr\u00e1vn\u00e9 manipulaci minim\u00e1ln\u00ed zdravotn\u00ed rizika, vy\u017eaduje pou\u017e\u00edv\u00e1n\u00ed osobn\u00edch ochrann\u00fdch pom\u016fcek a dodr\u017eov\u00e1n\u00ed bezpe\u010dnostn\u00edch protokol\u016f p\u0159i manipulaci a zpracov\u00e1n\u00ed.<\/p>\n<h2>\u010casto kladen\u00e9 ot\u00e1zky (FAQ)<\/h2>\n<ol>\n<li><strong>Jak\u00e9 jsou hlavn\u00ed v\u00fdhody sf\u00e9rick\u00e9ho pr\u00e1\u0161ku z nerezov\u00e9 oceli 15-5PH?<\/strong> Sf\u00e9rick\u00fd pr\u00e1\u0161ek z nerezov\u00e9 oceli 15-5PH nab\u00edz\u00ed v\u00fdjime\u010dnou pevnost, odolnost proti korozi a obrobitelnost, tak\u017ee je vhodn\u00fd pro r\u016fzn\u00e9 n\u00e1ro\u010dn\u00e9 aplikace.<\/li>\n<li><strong>Je sf\u00e9rick\u00fd pr\u00e1\u0161ek z nerezov\u00e9 oceli 15-5PH vhodn\u00fd pro pou\u017eit\u00ed v letectv\u00ed a kosmonautice?<\/strong> Ano, sf\u00e9rick\u00fd pr\u00e1\u0161ek z nerezov\u00e9 oceli 15-5PH se b\u011b\u017en\u011b pou\u017e\u00edv\u00e1 v leteck\u00e9m pr\u016fmyslu pro svou vysokou pevnost a odolnost proti korozi, tak\u017ee je ide\u00e1ln\u00ed pro leteck\u00e9 komponenty a sou\u010d\u00e1sti podvozku.<\/li>\n<li><strong>Lze sf\u00e9rick\u00fd pr\u00e1\u0161ek z nerezov\u00e9 oceli 15-5PH pou\u017e\u00edt ve zdravotnictv\u00ed?<\/strong> Ano, sf\u00e9rick\u00fd pr\u00e1\u0161ek z nerezov\u00e9 oceli 15-5PH je d\u00edky sv\u00e9 biokompatibilit\u011b a odolnosti proti korozi vhodn\u00fd pro l\u00e9ka\u0159sk\u00e9 aplikace, v\u010detn\u011b chirurgick\u00fdch n\u00e1stroj\u016f a ortopedick\u00fdch implant\u00e1t\u016f.<\/li>\n<li><strong>V jak\u00fdch aditivn\u00edch v\u00fdrobn\u00edch procesech lze pou\u017e\u00edt sf\u00e9rick\u00fd pr\u00e1\u0161ek z nerezov\u00e9 oceli 15-5PH?<\/strong> Sf\u00e9rick\u00fd pr\u00e1\u0161ek z nerezov\u00e9 oceli 15-5PH lze zpracov\u00e1vat aditivn\u00edmi v\u00fdrobn\u00edmi technikami, jako je selektivn\u00ed laserov\u00e9 taven\u00ed (SLM) a taven\u00ed elektronov\u00fdm svazkem (EBM), a vyr\u00e1b\u011bt tak slo\u017eit\u00e9 komponenty s vysokou p\u0159esnost\u00ed.<\/li>\n<li><strong>Jak\u00e9 jsou typick\u00e9 n\u00e1klady spojen\u00e9 se sf\u00e9rick\u00fdm pr\u00e1\u0161kem z nerezov\u00e9 oceli 15-5PH?<\/strong> N\u00e1klady na sf\u00e9rick\u00fd pr\u00e1\u0161ek z nerezov\u00e9 oceli 15-5PH se li\u0161\u00ed v z\u00e1vislosti na faktorech, jako je objem, rozsah velikosti \u010d\u00e1stic, \u00farove\u0148 \u010distoty a podm\u00ednky na trhu.<\/li>\n<\/ol>","protected":false},"excerpt":{"rendered":"<p>Sf\u00e9rick\u00fd pr\u00e1\u0161ek z nerezov\u00e9 oceli 15-5PH: P\u0159ehled Sf\u00e9rick\u00fd pr\u00e1\u0161ek z nerezov\u00e9 oceli 15-5PH je vysoce pevn\u00fd, korozivzdorn\u00fd pr\u00e1\u0161ek z nerezov\u00e9 oceli proslul\u00fd sv\u00fdmi vynikaj\u00edc\u00edmi mechanick\u00fdmi vlastnostmi a vhodnost\u00ed pro \u0161irokou \u0161k\u00e1lu aplikac\u00ed. Pro svou v\u00fdjime\u010dnou kombinaci pevnosti, hou\u017eevnatosti a odolnosti proti korozi je cen\u011bn zejm\u00e9na v leteck\u00e9m, zdravotnick\u00e9m a automobilov\u00e9m pr\u016fmyslu. Slo\u017een\u00ed Sf\u00e9rick\u00fd nerezov\u00fd pr\u00e1\u0161ek...<\/p>","protected":false},"featured_media":1738,"parent":0,"template":"","meta":{"_acf_changed":false,"_kad_blocks_custom_css":"","_kad_blocks_head_custom_js":"","_kad_blocks_body_custom_js":"","_kad_blocks_footer_custom_js":"","_kad_post_transparent":"","_kad_post_title":"","_kad_post_layout":"","_kad_post_sidebar_id":"","_kad_post_content_style":"","_kad_post_vertical_padding":"","_kad_post_feature":"","_kad_post_feature_position":"","_kad_post_header":false,"_kad_post_footer":false,"_kad_post_classname":""},"product-category":[119],"class_list":["post-4328","product","type-product","status-publish","has-post-thumbnail","hentry","product-category-3d-printing-metal-powder"],"acf":[],"taxonomy_info":{"product-category":[{"value":119,"label":"3D Printing Metal Powder"}]},"featured_image_src_large":["https:\/\/3dpmetal.com\/wp-content\/uploads\/2024\/02\/CoCrW-Powder.jpg",600,600,false],"author_info":[],"comment_info":"","_links":{"self":[{"href":"https:\/\/3dpmetal.com\/cs\/wp-json\/wp\/v2\/product\/4328","targetHints":{"allow":["GET"]}}],"collection":[{"href":"https:\/\/3dpmetal.com\/cs\/wp-json\/wp\/v2\/product"}],"about":[{"href":"https:\/\/3dpmetal.com\/cs\/wp-json\/wp\/v2\/types\/product"}],"wp:featuredmedia":[{"embeddable":true,"href":"https:\/\/3dpmetal.com\/cs\/wp-json\/wp\/v2\/media\/1738"}],"wp:attachment":[{"href":"https:\/\/3dpmetal.com\/cs\/wp-json\/wp\/v2\/media?parent=4328"}],"wp:term":[{"taxonomy":"product-category","embeddable":true,"href":"https:\/\/3dpmetal.com\/cs\/wp-json\/wp\/v2\/product-category?post=4328"}],"curies":[{"name":"wp","href":"https:\/\/api.w.org\/{rel}","templated":true}]}}