{"id":4329,"date":"2024-04-07T08:17:41","date_gmt":"2024-04-07T08:17:41","guid":{"rendered":"https:\/\/3dpmetal.com\/product\/ti45nb-powder-for-additive-manufacturing\/"},"modified":"2024-04-08T01:53:47","modified_gmt":"2024-04-08T01:53:47","slug":"ti45nb-powder-for-additive-manufacturing","status":"publish","type":"product","link":"https:\/\/3dpmetal.com\/cs\/product\/ti45nb-powder-for-additive-manufacturing\/","title":{"rendered":"Pr\u00e1\u0161ek Ti45Nb pro aditivn\u00ed v\u00fdrobu"},"content":{"rendered":"<h2>Pr\u00e1\u0161ek Ti45Nb: P\u0159ehled<\/h2>\n<p><a href=\"https:\/\/en.wikipedia.org\/wiki\/Metal_powder\" target=\"_blank\" rel=\"noopener\">Pr\u00e1\u0161ek Ti45Nb<\/a> je vysoce cen\u011bn pro svou v\u00fdjime\u010dnou biokompatibilitu, odolnost proti korozi a mechanick\u00e9 vlastnosti, co\u017e z n\u011bj \u010din\u00ed kl\u00ed\u010dov\u00fd materi\u00e1l pro r\u016fzn\u00e9 biomedic\u00ednsk\u00e9 a leteck\u00e9 aplikace. D\u00edky sv\u00e9 jedine\u010dn\u00e9 kombinaci vlastnost\u00ed je vhodn\u00fd do prost\u0159ed\u00ed, kde je nezbytn\u00e1 vysok\u00e1 pevnost a biokompatibilita.<\/p>\n<h2>Kompozice<\/h2>\n<p>Pr\u00e1\u0161ek Ti45Nb je pe\u010dliv\u011b vyroben s p\u0159esn\u00fdmi leguj\u00edc\u00edmi prvky:<\/p>\n<table>\n<thead>\n<tr>\n<th>Element<\/th>\n<th>Hmotnostn\u00ed %<\/th>\n<\/tr>\n<\/thead>\n<tbody>\n<tr>\n<td>Titan (Ti)<\/td>\n<td>55.0-57.0<\/td>\n<\/tr>\n<tr>\n<td>Niob (Nb)<\/td>\n<td>43.0-45.0<\/td>\n<\/tr>\n<\/tbody>\n<\/table>\n<h2>Vlastnosti<\/h2>\n<p>Pr\u00e1\u0161ek Ti45Nb se m\u016f\u017ee pochlubit vynikaj\u00edc\u00edmi vlastnostmi:<\/p>\n<table>\n<thead>\n<tr>\n<th>Nemovitost<\/th>\n<th>Hodnota<\/th>\n<\/tr>\n<\/thead>\n<tbody>\n<tr>\n<td>Hustota<\/td>\n<td>4,85 g\/cm\u00b3<\/td>\n<\/tr>\n<tr>\n<td>Pevnost v tahu<\/td>\n<td>900 MPa (min)<\/td>\n<\/tr>\n<tr>\n<td>Mez kluzu<\/td>\n<td>800 MPa (min)<\/td>\n<\/tr>\n<tr>\n<td>Prodlou\u017een\u00ed<\/td>\n<td>10% (min)<\/td>\n<\/tr>\n<tr>\n<td>Tvrdost (HRB)<\/td>\n<td>90 HRB<\/td>\n<\/tr>\n<tr>\n<td>Teplota t\u00e1n\u00ed<\/td>\n<td>1472-1510\u00b0C<\/td>\n<\/tr>\n<tr>\n<td>Tepeln\u00e1 vodivost<\/td>\n<td>6,7 W\/m-K<\/td>\n<\/tr>\n<tr>\n<td>Elektrick\u00fd odpor<\/td>\n<td>0,56 \u00b5\u03a9-m<\/td>\n<\/tr>\n<\/tbody>\n<\/table>\n<h2>APLIKACE<\/h2>\n<p>V\u0161estrannost pr\u00e1\u0161ku Ti45Nb jej \u010din\u00ed vhodn\u00fdm pro \u0161irok\u00e9 spektrum aplikac\u00ed v r\u016fzn\u00fdch pr\u016fmyslov\u00fdch odv\u011btv\u00edch. Nach\u00e1z\u00ed \u0161irok\u00e9 uplatn\u011bn\u00ed v:<\/p>\n<ul>\n<li><strong>Biomedic\u00edna<\/strong>: Pr\u00e1\u0161ek Ti45Nb se d\u00edky sv\u00e9 v\u00fdjime\u010dn\u00e9 biokompatibilit\u011b a odolnosti proti korozi hojn\u011b vyu\u017e\u00edv\u00e1 p\u0159i v\u00fdrob\u011b l\u00e9ka\u0159sk\u00fdch implant\u00e1t\u016f, jako jsou ortopedick\u00e9 implant\u00e1ty, zubn\u00ed p\u0159\u00edpravky a kardiovaskul\u00e1rn\u00ed za\u0159\u00edzen\u00ed.<\/li>\n<li><strong>Letectv\u00ed a kosmonautika<\/strong>: V leteck\u00e9m a kosmick\u00e9m pr\u016fmyslu se Ti45Nb pr\u00e1\u0161ek pou\u017e\u00edv\u00e1 k v\u00fdrob\u011b sou\u010d\u00e1st\u00ed letadel, v\u010detn\u011b konstruk\u010dn\u00edch d\u00edl\u016f a sou\u010d\u00e1st\u00ed motor\u016f, a to d\u00edky vysok\u00e9mu pom\u011bru pevnosti k hmotnosti a odolnosti proti korozi.<\/li>\n<li><strong>Chemick\u00fd<\/strong>: Pr\u00e1\u0161ek Ti45Nb se pou\u017e\u00edv\u00e1 tak\u00e9 v za\u0159\u00edzen\u00edch pro chemick\u00e9 zpracov\u00e1n\u00ed, kde je jeho odolnost v\u016f\u010di korozivn\u00edmu prost\u0159ed\u00ed a vysok\u00fdm teplot\u00e1m neoceniteln\u00e1.<\/li>\n<\/ul>\n<h2>Proces aditivn\u00ed v\u00fdroby<\/h2>\n<p>Pr\u00e1\u0161ek Ti45Nb se vyr\u00e1b\u00ed pomoc\u00ed pokro\u010dil\u00fdch proces\u016f plynov\u00e9 atomizace, kter\u00e9 zaji\u0161\u0165uj\u00ed p\u0159esnou kontrolu velikosti a morfologie \u010d\u00e1stic. Je vhodn\u00fd pro aditivn\u00ed v\u00fdrobn\u00ed techniky, jako je taven\u00ed v pr\u00e1\u0161kov\u00e9m lo\u017ei a taven\u00ed elektronov\u00fdm svazkem, co\u017e umo\u017e\u0148uje v\u00fdrobu slo\u017eit\u00fdch, vysoce v\u00fdkonn\u00fdch sou\u010d\u00e1st\u00ed s vynikaj\u00edc\u00edmi mechanick\u00fdmi vlastnostmi.<\/p>\n<h2>Specifikace pr\u00e1\u0161ku<\/h2>\n<p>Pr\u00e1\u0161ek Ti45Nb je k dispozici v r\u016fzn\u00fdch rozm\u011brov\u00fdch \u0159ad\u00e1ch, morfologi\u00edch a \u00farovn\u00edch kvality a lze jej p\u0159izp\u016fsobit specifick\u00fdm po\u017eadavk\u016fm aplikace, co\u017e v\u00fdrobc\u016fm poskytuje flexibilitu a mo\u017enosti p\u0159izp\u016fsoben\u00ed.<\/p>\n<h2>Standardy a zn\u00e1mky<\/h2>\n<p>Pr\u00e1\u0161ek Ti45Nb odpov\u00edd\u00e1 pr\u016fmyslov\u00fdm norm\u00e1m, jako je ASTM F2989, co\u017e zaru\u010duje jeho kvalitu a vhodnost pro \u0161irokou \u0161k\u00e1lu aplikac\u00ed. Spl\u0148uje p\u0159\u00edsn\u00e9 regula\u010dn\u00ed po\u017eadavky a vykazuje konzistentn\u00ed v\u00fdkonnostn\u00ed charakteristiky.<\/p>\n<h2>Kontrola kvality<\/h2>\n<p>P\u0159\u00edsn\u00e1 opat\u0159en\u00ed pro kontrolu kvality, v\u010detn\u011b komplexn\u00ed chemick\u00e9 anal\u00fdzy a anal\u00fdzy velikosti \u010d\u00e1stic, zaji\u0161\u0165uj\u00ed jednotnost a spolehlivost pr\u00e1\u0161ku Ti45Nb a poskytuj\u00ed jistotu jak koncov\u00fdm u\u017eivatel\u016fm, tak v\u00fdrobc\u016fm.<\/p>\n<h2>Anal\u00fdza n\u00e1klad\u016f<\/h2>\n<p>N\u00e1klady na Ti45Nb pr\u00e1\u0161ek se li\u0161\u00ed v z\u00e1vislosti na faktorech, jako je objem, distribuce velikosti \u010d\u00e1stic a popt\u00e1vka na trhu. I kdy\u017e po\u010d\u00e1te\u010dn\u00ed investice m\u016f\u017ee b\u00fdt vy\u0161\u0161\u00ed, vynikaj\u00edc\u00ed v\u00fdkon a dlouh\u00e1 \u017eivotnost sou\u010d\u00e1st\u00ed vyroben\u00fdch z Ti45Nb pr\u00e1\u0161ku \u010dasto ospravedln\u00ed n\u00e1klady v dlouhodob\u00e9m horizontu.<\/p>\n<h2>Skladov\u00e1n\u00ed pr\u00e1\u0161ku a manipulace s n\u00edm<\/h2>\n<p>Spr\u00e1vn\u00e9 skladov\u00e1n\u00ed a manipulace s pr\u00e1\u0161kem Ti45Nb jsou nezbytn\u00e9 pro zachov\u00e1n\u00ed jeho integrity a v\u00fdkonu. Uzav\u0159en\u00e9 n\u00e1doby a kontrolovan\u00e9 prost\u0159ed\u00ed sni\u017euj\u00ed riziko kontaminace a zaji\u0161\u0165uj\u00ed st\u00e1lost vlastnost\u00ed pr\u00e1\u0161ku.<\/p>\n<h2>Zdrav\u00ed a bezpe\u010dnost<\/h2>\n<p>P\u0159esto\u017ee pr\u00e1\u0161ek Ti45Nb p\u0159edstavuje p\u0159i spr\u00e1vn\u00e9 manipulaci minim\u00e1ln\u00ed zdravotn\u00ed rizika, dodr\u017eov\u00e1n\u00ed bezpe\u010dnostn\u00edch protokol\u016f a pou\u017e\u00edv\u00e1n\u00ed osobn\u00edch ochrann\u00fdch pom\u016fcek je nezbytn\u00e9 pro minimalizaci mo\u017en\u00fdch rizik spojen\u00fdch s manipulac\u00ed a zpracov\u00e1n\u00edm pr\u00e1\u0161ku.<\/p>\n<h2>\u010casto kladen\u00e9 ot\u00e1zky (FAQ)<\/h2>\n<ol>\n<li><strong>Jak\u00e9 jsou hlavn\u00ed v\u00fdhody pr\u00e1\u0161ku Ti45Nb?<\/strong> Pr\u00e1\u0161ek Ti45Nb nab\u00edz\u00ed v\u00fdjime\u010dnou biokompatibilitu, odolnost proti korozi a mechanick\u00e9 vlastnosti, tak\u017ee je ide\u00e1ln\u00ed pro kritick\u00e9 aplikace v biomedic\u00ednsk\u00e9m a leteck\u00e9m pr\u016fmyslu.<\/li>\n<li><strong>Lze Ti45Nb pr\u00e1\u0161ek pou\u017e\u00edt v aditivn\u00ed v\u00fdrob\u011b?<\/strong> Ano, pr\u00e1\u0161ek Ti45Nb je vhodn\u00fd pro aditivn\u00ed v\u00fdrobn\u00ed techniky, jako je taven\u00ed v pr\u00e1\u0161kov\u00e9m lo\u017ei a taven\u00ed elektronov\u00fdm svazkem, co\u017e umo\u017e\u0148uje v\u00fdrobu slo\u017eit\u00fdch, vysoce v\u00fdkonn\u00fdch sou\u010d\u00e1st\u00ed s p\u0159esnou geometri\u00ed a vynikaj\u00edc\u00edmi mechanick\u00fdmi vlastnostmi.<\/li>\n<li><strong>Je Ti45Nb pr\u00e1\u0161ek vhodn\u00fd pro l\u00e9ka\u0159sk\u00e9 implant\u00e1ty?<\/strong> Rozhodn\u011b. Pr\u00e1\u0161ek Ti45Nb se d\u00edky sv\u00e9 vynikaj\u00edc\u00ed biokompatibilit\u011b, odolnosti proti korozi a mechanick\u00fdm vlastnostem hojn\u011b pou\u017e\u00edv\u00e1 v l\u00e9ka\u0159sk\u00fdch implant\u00e1tech, v\u010detn\u011b ortopedick\u00fdch implant\u00e1t\u016f, zubn\u00edch p\u0159\u00edpravk\u016f a kardiovaskul\u00e1rn\u00edch za\u0159\u00edzen\u00ed.<\/li>\n<li><strong>Jak\u00e9 faktory ovliv\u0148uj\u00ed cenu Ti45Nb pr\u00e1\u0161ku?<\/strong> N\u00e1klady na Ti45Nb pr\u00e1\u0161ek z\u00e1vis\u00ed na r\u016fzn\u00fdch faktorech, v\u010detn\u011b objemu v\u00fdroby, distribuce velikosti \u010d\u00e1stic, morfologie pr\u00e1\u0161ku a dynamiky trhu. T\u0159\u00eddy vy\u0161\u0161\u00ed \u010distoty a specializovan\u00e9 zpracov\u00e1n\u00ed mohou b\u00fdt spojeny s dodate\u010dn\u00fdmi n\u00e1klady, ale \u010dasto vedou k vy\u0161\u0161\u00edmu v\u00fdkonu a spolehlivosti.<\/li>\n<\/ol>","protected":false},"excerpt":{"rendered":"<p>Pr\u00e1\u0161ek Ti45Nb: Pr\u00e1\u0161ek Ti45Nb je vysoce cen\u011bn pro svou v\u00fdjime\u010dnou biokompatibilitu, odolnost v\u016f\u010di korozi a mechanick\u00e9 vlastnosti, co\u017e z n\u011bj \u010din\u00ed kl\u00ed\u010dov\u00fd materi\u00e1l pro r\u016fzn\u00e9 biomedic\u00ednsk\u00e9 a leteck\u00e9 aplikace. D\u00edky sv\u00e9 jedine\u010dn\u00e9 kombinaci vlastnost\u00ed je vhodn\u00fd do prost\u0159ed\u00ed, kde je nezbytn\u00e1 vysok\u00e1 pevnost a biokompatibilita. Slo\u017een\u00ed Pr\u00e1\u0161ek Ti45Nb je pe\u010dliv\u011b vyroben s p\u0159esn\u00fdmi leguj\u00edc\u00edmi prvky:...<\/p>","protected":false},"featured_media":1766,"parent":0,"template":"","meta":{"_acf_changed":false,"_kad_blocks_custom_css":"","_kad_blocks_head_custom_js":"","_kad_blocks_body_custom_js":"","_kad_blocks_footer_custom_js":"","_kad_post_transparent":"","_kad_post_title":"","_kad_post_layout":"","_kad_post_sidebar_id":"","_kad_post_content_style":"","_kad_post_vertical_padding":"","_kad_post_feature":"","_kad_post_feature_position":"","_kad_post_header":false,"_kad_post_footer":false,"_kad_post_classname":""},"product-category":[119],"class_list":["post-4329","product","type-product","status-publish","has-post-thumbnail","hentry","product-category-3d-printing-metal-powder"],"acf":[],"taxonomy_info":{"product-category":[{"value":119,"label":"3D Printing Metal Powder"}]},"featured_image_src_large":["https:\/\/3dpmetal.com\/wp-content\/uploads\/2024\/02\/FeCoNiCrTi-Powder.png",600,600,false],"author_info":[],"comment_info":"","_links":{"self":[{"href":"https:\/\/3dpmetal.com\/cs\/wp-json\/wp\/v2\/product\/4329","targetHints":{"allow":["GET"]}}],"collection":[{"href":"https:\/\/3dpmetal.com\/cs\/wp-json\/wp\/v2\/product"}],"about":[{"href":"https:\/\/3dpmetal.com\/cs\/wp-json\/wp\/v2\/types\/product"}],"wp:featuredmedia":[{"embeddable":true,"href":"https:\/\/3dpmetal.com\/cs\/wp-json\/wp\/v2\/media\/1766"}],"wp:attachment":[{"href":"https:\/\/3dpmetal.com\/cs\/wp-json\/wp\/v2\/media?parent=4329"}],"wp:term":[{"taxonomy":"product-category","embeddable":true,"href":"https:\/\/3dpmetal.com\/cs\/wp-json\/wp\/v2\/product-category?post=4329"}],"curies":[{"name":"wp","href":"https:\/\/api.w.org\/{rel}","templated":true}]}}