{"id":1477,"date":"2024-02-19T09:33:36","date_gmt":"2024-02-19T09:33:36","guid":{"rendered":"https:\/\/3dp.45612300.xyz\/?page_id=1477"},"modified":"2024-02-20T08:38:09","modified_gmt":"2024-02-20T08:38:09","slug":"demo","status":"publish","type":"page","link":"https:\/\/3dpmetal.com\/de\/demo\/","title":{"rendered":"Demo"},"content":{"rendered":"<div class=\"wp-block-greenshift-blocks-row alignfull gspb_row gspb_row-id-gsbp-06beeac\" id=\"gspb_row-id-gsbp-06beeac\"><div class=\"gspb_backgroundOverlay\"><\/div><div class=\"gspb_container__videoContainer\"><div class=\"gspb_videowrapper\"><video id=\"background-video-gsbp-06beeac\" playsinline muted loop autoplay><source src=\"https:\/\/3dpmetal.com\/wp-content\/uploads\/2024\/02\/d7e89d54-0b3d-4236-ac04-d5f66152809a.mp4\" type=\"video\/mp4\"\/><\/video><\/div><\/div><div class=\"gspb_row__content\"> \n<div class=\"wp-block-greenshift-blocks-row-column gspb_row__col--12 gspb_row__col--xs-12 gspb_col-id-gsbp-4ab6483\" id=\"gspb_col-id-gsbp-4ab6483\">\n<div id=\"gspb_text-id-gsbp-34bcbd0\" class=\"gspb_text gspb_text-id-gsbp-34bcbd0\">Verbessern Sie Ihre Produktionstechniken mit Metal3DP<\/div>\n\n\n\n<div id=\"gspb_text-id-gsbp-41372e0\" class=\"gspb_text gspb_text-id-gsbp-41372e0\">Von hochmoderner SEBM-Technologie bis hin zu leistungsstarken Metallpulvern stellen wir umfassende L\u00f6sungen bereit, mit denen Spitzenleistungen in Luft- und Raumfahrt, Medizin, Automobilindustrie und anderen Branchen m\u00f6glich werden.<\/div>\n\n\n\n<div class=\"gspb_button_wrapper gspb_button-id-gsbp-a809879\" id=\"gspb_button-id-gsbp-a809879\"><a class=\"wp-block-greenshift-blocks-buttonbox gspb-buttonbox wp-element-button\" rel=\"noopener\"><span class=\"gspb-buttonbox-textwrap\"><span class=\"gspb-buttonbox-text\"><span class=\"gspb-buttonbox-title\">MEHR INFORMATIONEN<\/span><\/span><\/span><\/a><\/div>\n<\/div>\n\n\n\n<div class=\"wp-block-greenshift-blocks-row-column gspb_row__col--12 gspb_row__col--xs-12 gspb_col-id-gsbp-8d49e72\" id=\"gspb_col-id-gsbp-8d49e72\">\n<div class=\"wp-block-greenshift-blocks-row gspb_row gspb_row-id-gsbp-14fecec\" id=\"gspb_row-id-gsbp-14fecec\">\n<div class=\"wp-block-greenshift-blocks-row-column gspb_row__col--4 gspb_row__col--xs-4 gspb_col-id-gsbp-ecd57fc\" id=\"gspb_col-id-gsbp-ecd57fc\">\n<div class=\"wp-block-greenshift-blocks-iconbox gspb_iconBox gspb_iconBox-id-gsbp-c35651f\" id=\"gspb_iconBox-id-gsbp-c35651f\"><div class=\"gspb_iconBox__wrapper\" style=\"display:inline-flex\"><svg class=\"\" style=\"display:inline-block;vertical-align:middle\" width=\"72\" height=\"72\" viewbox=\"0 0 1024 1024\" xmlns=\"http:\/\/www.w3.org\/2000\/svg\"><path style=\"fill:#565D66\" d=\"M981.333 512c0-129.579-52.565-246.997-137.472-331.861s-202.283-137.472-331.861-137.472-246.997 52.565-331.861 137.472-137.472 202.283-137.472 331.861 52.565 246.997 137.472 331.861 202.283 137.472 331.861 137.472 246.997-52.565 331.861-137.472 137.472-202.283 137.472-331.861zM896 512c0 106.069-42.923 201.984-112.469 271.531s-165.461 112.469-271.531 112.469-201.984-42.923-271.531-112.469-112.469-165.461-112.469-271.531 42.923-201.984 112.469-271.531 165.461-112.469 271.531-112.469 201.984 42.923 271.531 112.469 112.469 165.461 112.469 271.531zM469.333 256v256c0 16.597 9.472 31.019 23.595 38.144l170.667 85.333c21.077 10.539 46.72 2.005 57.259-19.072s2.005-46.72-19.072-57.259l-147.115-73.515v-229.632c0-23.552-19.115-42.667-42.667-42.667s-42.667 19.115-42.667 42.667z\"><\/path><\/svg><\/div><\/div>\n\n\n\n<div id=\"gspb_text-id-gsbp-85f10f1\" class=\"gspb_text gspb_text-id-gsbp-85f10f1\">Schnelle Antwort<\/div>\n<\/div>\n\n\n\n<div class=\"wp-block-greenshift-blocks-row-column gspb_row__col--4 gspb_row__col--xs-4 gspb_col-id-gsbp-d081f9f\" id=\"gspb_col-id-gsbp-d081f9f\">\n<div class=\"wp-block-greenshift-blocks-iconbox gspb_iconBox gspb_iconBox-id-gsbp-f94281b\" id=\"gspb_iconBox-id-gsbp-f94281b\"><div class=\"gspb_iconBox__wrapper\" style=\"display:inline-flex\"><img decoding=\"async\" src=\"https:\/\/3dpmetal.com\/wp-content\/uploads\/2024\/02\/212121131.svg\" alt=\"\" title=\"\"><\/div><\/div>\n\n\n\n<div id=\"gspb_text-id-gsbp-f73a0c0\" class=\"gspb_text gspb_text-id-gsbp-f73a0c0\">ISO 9001<\/div>\n<\/div>\n\n\n\n<div class=\"wp-block-greenshift-blocks-row-column gspb_row__col--4 gspb_row__col--xs-4 gspb_col-id-gsbp-02bab08\" id=\"gspb_col-id-gsbp-02bab08\">\n<div class=\"wp-block-greenshift-blocks-iconbox gspb_iconBox gspb_iconBox-id-gsbp-aee5cf2\" id=\"gspb_iconBox-id-gsbp-aee5cf2\"><div class=\"gspb_iconBox__wrapper\" style=\"display:inline-flex\"><img decoding=\"async\" src=\"https:\/\/3dpmetal.com\/wp-content\/uploads\/2024\/02\/sasasa.svg\" alt=\"\" title=\"\"><\/div><\/div>\n\n\n\n<div id=\"gspb_text-id-gsbp-ae37b97\" class=\"gspb_text gspb_text-id-gsbp-ae37b97\">Hohe Pr\u00e4zision<\/div>\n<\/div>\n<\/div>\n<\/div>\n <\/div><\/div>\n\n\n\n<div class=\"wp-block-greenshift-blocks-row gspb_row gspb_row-id-gsbp-985f38b\" id=\"gspb_row-id-gsbp-985f38b\"><div class=\"gspb_row__content\"> \n<div class=\"wp-block-greenshift-blocks-row-column gspb_row__col--6 gspb_row__col--md-12 gspb_col-id-gsbp-900a7a2\" id=\"gspb_col-id-gsbp-900a7a2\">\n<div class=\"wp-block-greenshift-blocks-image gspb_image gspb_image-id-gsbp-d3a6611\" id=\"gspb_image-id-gsbp-d3a6611\"><img decoding=\"async\" src=\"https:\/\/3dpmetal.com\/wp-content\/uploads\/2024\/02\/13352834701.jpg\" data-src=\"\" alt=\"\" loading=\"lazy\" width=\"865\" height=\"576\" title=\"\"><\/div>\n<\/div>\n\n\n\n<div class=\"wp-block-greenshift-blocks-row-column gspb_row__col--6 gspb_row__col--md-12 gspb_col-id-gsbp-9cb404e\" id=\"gspb_col-id-gsbp-9cb404e\">\n<div class=\"wp-block-greenshift-blocks-iconlist gspb_iconsList gspb_iconsList-id-gsbp-9b584ce icon-15px\" id=\"gspb_iconsList-id-gsbp-9b584ce\"><div class=\"gspb_iconsList__item\" data-id=\"0\"><img decoding=\"async\" src=\"https:\/\/3dpmetal.com\/wp-content\/uploads\/2024\/02\/21231.svg\" alt=\"\" title=\"\"><span class=\"gspb_iconsList__item__text\">WILLKOMMEN<\/span><\/div><\/div>\n\n\n\n<div id=\"gspb_text-id-gsbp-fc62578\" class=\"gspb_text gspb_text-id-gsbp-fc62578\">Wer wir sind<\/div>\n\n\n\n<div id=\"gspb_text-id-gsbp-182dbd3\" class=\"gspb_text gspb_text-id-gsbp-182dbd3\">Metal3DP Technology Co., LTD steht an vorderster Front der additiven Fertigungsl\u00f6sungen mit Hauptsitz in Qingdao, China. Das Unternehmen hat sich auf 3D-Druckger\u00e4te und leistungsstarke Metallpulver spezialisiert, die ma\u00dfgeschneidert f\u00fcr industrielle Anwendungen sind, und erntet Anerkennung f\u00fcr seine hochmodernen Technologien.<br>Mit umfangreichem Fachwissen in den Bereichen selektives Lasersintern (SLS), selektives Laserschmelzen (SLM) und selektives Elektronenstrahlschmelzen (SEBM) bietetMetal3DP hochmoderne SEBM-Systeme, mit denen Kunden komplexe Metallkomponenten mit au\u00dfergew\u00f6hnlichen mechanischen Eigenschaften herstellen k\u00f6nnen. Diese Drucker sind f\u00fcr ihr gro\u00dfes Bauraumvolumen, ihre Pr\u00e4zision und ihre zuverl\u00e4ssige Leistung in verschiedenen Branchen bekannt.<br> <br>Hochgesch\u00e4tzte Schl\u00fcsselanwendungen, darunter die Luft- und Raumfahrt-, Medizin- und Automobilindustrie.<br>Dar\u00fcber hinaus ist Metal3DP f\u00fcr sein umfassendes Sortiment an Premium-Metallpulvern bekannt, die <br><br>sorgf\u00e4ltig f\u00fcr den Einsatz in pulverbasierten Laser- und Elektronenstrahlschmelzverfahren entwickelt wurden. Ihr Portfolio umfasst bahnbrechende Legierungen wie TiNi, TiTa, TiAl, TiNbZr, CoCrMo, rostfreie St\u00e4hle, hochlegierte St\u00e4hle und mehr. Diese kugelf\u00f6rmigen Pulver spielen eine entscheidende Rolle dabei, Kunden die Herstellung dichter Metallteile mit hervorragender mechanischer Leistung zu erm\u00f6glichen.<\/div>\n\n\n\n<div class=\"gspb_button_wrapper gspb_button-id-gsbp-7b58da4\" id=\"gspb_button-id-gsbp-7b58da4\"><a class=\"wp-block-greenshift-blocks-buttonbox gspb-buttonbox wp-element-button\" rel=\"noopener\"><span class=\"gspb-buttonbox-textwrap\"><span class=\"gspb-buttonbox-text\"><span class=\"gspb-buttonbox-title\">MEHR INFORMATIONEN<\/span><\/span><\/span><\/a><\/div>\n<\/div>\n <\/div><\/div>\n\n\n\n<div class=\"wp-block-greenshift-blocks-row gspb_row gspb_row-id-gsbp-47f8345 gspb_row--gutter-20\" id=\"gspb_row-id-gsbp-47f8345\"><div class=\"gspb_row__content\"> \n<div class=\"wp-block-greenshift-blocks-row-column gspb_row__col--4 gspb_row__col--md-12 gspb_col-id-gsbp-c38ba9e\" id=\"gspb_col-id-gsbp-c38ba9e\">\n<div class=\"wp-block-greenshift-blocks-iconlist gspb_iconsList gspb_iconsList-id-gsbp-9bef0fe icon-15px\" id=\"gspb_iconsList-id-gsbp-9bef0fe\"><div class=\"gspb_iconsList__item\" data-id=\"0\"><img decoding=\"async\" src=\"https:\/\/3dpmetal.com\/wp-content\/uploads\/2024\/02\/21231.svg\" alt=\"\" title=\"\"><span class=\"gspb_iconsList__item__text\">WILLKOMMEN<\/span><\/div><\/div>\n\n\n\n<div class=\"wp-block-greenshift-blocks-container gspb_container gspb_container-gsbp-f30d476\" id=\"gspb_container-id-gsbp-f30d476\">\n<div id=\"gspb_text-id-gsbp-0e0815f\" class=\"gspb_text gspb_text-id-gsbp-0e0815f\">Fortschrittliche Metalladditive Fertigung<\/div>\n<\/div>\n<\/div>\n\n\n\n<div class=\"wp-block-greenshift-blocks-row-column gspb_row__col--8 gspb_row__col--md-12 gspb_col-id-gsbp-d836617\" id=\"gspb_col-id-gsbp-d836617\">\n<div id=\"gspb_text-id-gsbp-fd61db4\" class=\"gspb_text gspb_text-id-gsbp-fd61db4\">Bei Metal3DP sind wir Vorreiter in der metallischen additiven Fertigung. Wir sind mit hochmoderner SEBM-Technologie ausgestattet, streben nach un\u00fcbertroffener Qualit\u00e4t und verf\u00fcgen \u00fcber jahrzehntelange Branchenerfahrung. Wir sind der zuverl\u00e4ssige Marktf\u00fchrer, der Ihre Metallteilefertigung auf eine neue Ebene bringt. Entdecken Sie noch heute die Vorteile von Metal3DP.<\/div>\n<\/div>\n\n\n\n<div class=\"wp-block-greenshift-blocks-row-column gspb_row__col--8 gspb_row__col--md-12 gspb_col-id-gsbp-20f3e90\" id=\"gspb_col-id-gsbp-20f3e90\">\n<div class=\"wp-block-greenshift-blocks-row gspb_row gspb_row-id-gsbp-98fc7a1 gspb_row--gutter-30\" id=\"gspb_row-id-gsbp-98fc7a1\">\n<div class=\"wp-block-greenshift-blocks-row-column gspb_row__col--3 gspb_row__col--md-6 gspb_row__col--xs-12 gspb_col-id-gsbp-b49ad0b\" id=\"gspb_col-id-gsbp-b49ad0b\">\n<div class=\"wp-block-greenshift-blocks-iconbox gspb_iconBox gspb_iconBox-id-gsbp-8f5358b\" id=\"gspb_iconBox-id-gsbp-8f5358b\"><div class=\"gspb_iconBox__wrapper\" style=\"display:inline-flex\"><img decoding=\"async\" src=\"https:\/\/3dpmetal.com\/wp-content\/uploads\/2024\/02\/121.svg\" alt=\"\" title=\"\"><\/div><\/div>\n\n\n\n<div id=\"gspb_text-id-gsbp-bb0f104\" class=\"gspb_text gspb_text-id-gsbp-bb0f104\">Fortschrittliche Technologie<\/div>\n\n\n\n<div id=\"gspb_text-id-gsbp-2678ec2\" class=\"gspb_text gspb_text-id-gsbp-2678ec2\">Metal3DP bietet branchenf\u00fchrende Technologie f\u00fcr selektives Elektronenstrahlschmelzen (SEBM) f\u00fcr die Herstellung von Metallkomponenten.<\/div>\n<\/div>\n\n\n\n<div class=\"wp-block-greenshift-blocks-row-column gspb_row__col--3 gspb_row__col--md-6 gspb_row__col--xs-12 gspb_col-id-gsbp-9c98153\" id=\"gspb_col-id-gsbp-9c98153\">\n<div class=\"wp-block-greenshift-blocks-iconbox gspb_iconBox gspb_iconBox-id-gsbp-51f69d3\" id=\"gspb_iconBox-id-gsbp-51f69d3\"><div class=\"gspb_iconBox__wrapper\" style=\"display:inline-flex\"><img decoding=\"async\" src=\"https:\/\/3dpmetal.com\/wp-content\/uploads\/2024\/02\/121.svg\" alt=\"\" title=\"\"><\/div><\/div>\n\n\n\n<div id=\"gspb_text-id-gsbp-a35088d\" class=\"gspb_text gspb_text-id-gsbp-a35088d\">Fortschrittliche Technologie<\/div>\n\n\n\n<div id=\"gspb_text-id-gsbp-2facbcb\" class=\"gspb_text gspb_text-id-gsbp-2facbcb\">Metal3DP bietet branchenf\u00fchrende Technologie f\u00fcr selektives Elektronenstrahlschmelzen (SEBM) f\u00fcr die Herstellung von Metallkomponenten.<\/div>\n<\/div>\n\n\n\n<div class=\"wp-block-greenshift-blocks-row-column gspb_row__col--3 gspb_row__col--md-6 gspb_row__col--xs-12 gspb_col-id-gsbp-7a94b0b\" id=\"gspb_col-id-gsbp-7a94b0b\">\n<div class=\"wp-block-greenshift-blocks-iconbox gspb_iconBox gspb_iconBox-id-gsbp-fd4c963\" id=\"gspb_iconBox-id-gsbp-fd4c963\"><div class=\"gspb_iconBox__wrapper\" style=\"display:inline-flex\"><img decoding=\"async\" src=\"https:\/\/3dpmetal.com\/wp-content\/uploads\/2024\/02\/121.svg\" alt=\"\" title=\"\"><\/div><\/div>\n\n\n\n<div id=\"gspb_text-id-gsbp-a25e359\" class=\"gspb_text gspb_text-id-gsbp-a25e359\">Fortschrittliche Technologie<\/div>\n\n\n\n<div id=\"gspb_text-id-gsbp-585cb70\" class=\"gspb_text gspb_text-id-gsbp-585cb70\">Metal3DP bietet branchenf\u00fchrende Technologie f\u00fcr selektives Elektronenstrahlschmelzen (SEBM) f\u00fcr die Herstellung von Metallkomponenten.<\/div>\n<\/div>\n\n\n\n<div class=\"wp-block-greenshift-blocks-row-column gspb_row__col--3 gspb_row__col--md-6 gspb_row__col--xs-12 gspb_col-id-gsbp-9c47d38\" id=\"gspb_col-id-gsbp-9c47d38\">\n<div class=\"wp-block-greenshift-blocks-iconbox gspb_iconBox gspb_iconBox-id-gsbp-c2fd101\" id=\"gspb_iconBox-id-gsbp-c2fd101\"><div class=\"gspb_iconBox__wrapper\" style=\"display:inline-flex\"><img decoding=\"async\" src=\"https:\/\/3dpmetal.com\/wp-content\/uploads\/2024\/02\/121.svg\" alt=\"\" title=\"\"><\/div><\/div>\n\n\n\n<div id=\"gspb_text-id-gsbp-efd7131\" class=\"gspb_text gspb_text-id-gsbp-efd7131\">Fortschrittliche Technologie<\/div>\n\n\n\n<div id=\"gspb_text-id-gsbp-e99a94c\" class=\"gspb_text gspb_text-id-gsbp-e99a94c\">Metal3DP bietet branchenf\u00fchrende Technologie f\u00fcr selektives Elektronenstrahlschmelzen (SEBM) f\u00fcr die Herstellung von Metallkomponenten.<\/div>\n<\/div>\n<\/div>\n<\/div>\n <\/div><\/div>\n\n\n\n<div class=\"wp-block-greenshift-blocks-row gspb_row gspb_row-id-gsbp-cca875e gspb_row--gutter-20 steps-container\" id=\"gspb_row-id-gsbp-cca875e\"><div class=\"gspb_row__content\"> \n<div class=\"wp-block-greenshift-blocks-row-column gspb_row__col--4 gspb_col-id-gsbp-ec4c2c6\" id=\"gspb_col-id-gsbp-ec4c2c6\">\n<div class=\"wp-block-greenshift-blocks-iconbox gspb_iconBox gspb_iconBox-id-gsbp-1e2c2d5 step\" id=\"gspb_iconBox-id-gsbp-1e2c2d5\"><div class=\"gspb_iconBox__wrapper\" style=\"display:inline-flex\"><svg xmlns=\"http:\/\/www.w3.org\/2000\/svg\" style=\"width:5rem;height:5rem;margin:10px\" class=\"icon\" viewbox=\"0 0 1024 1024\" width=\"200\" height=\"200\"><path d=\"M597.333333 64V938.666667h-85.333333V158.037333L320 209.493333V121.130667l213.333333-57.130667H597.333333z\"><\/path><\/svg><\/div><\/div>\n\n\n\n<div id=\"gspb_text-id-gsbp-69f4d22\" class=\"gspb_text gspb_text-id-gsbp-69f4d22\">Fortschrittliche Technologie<\/div>\n\n\n\n<div id=\"gspb_text-id-gsbp-80f82fb\" class=\"gspb_text gspb_text-id-gsbp-80f82fb\">Die sorgf\u00e4ltige Auswahl von Metalllegierungen ist entscheidend und wirkt sich auf die Eigenschaften der im 3D-Druck hergestellten Komponenten aus.<\/div>\n<\/div>\n\n\n\n<div class=\"wp-block-greenshift-blocks-row-column gspb_row__col--4 gspb_col-id-gsbp-971ef00\" id=\"gspb_col-id-gsbp-971ef00\">\n<div class=\"wp-block-greenshift-blocks-iconbox gspb_iconBox gspb_iconBox-id-gsbp-405d5b5 step\" id=\"gspb_iconBox-id-gsbp-405d5b5\"><div class=\"gspb_iconBox__wrapper\" style=\"display:inline-flex\"><svg xmlns=\"http:\/\/www.w3.org\/2000\/svg\" style=\"width:5rem;height:5rem;margin:10px\" xmlns:xlink=\"http:\/\/www.w3.org\/1999\/xlink\" class=\"icon\" viewbox=\"0 0 1024 1024\" width=\"200\" height=\"200\"><path d=\"M682.666667 320a170.666667 170.666667 0 0 0-341.333334 0H256a256 256 0 1 1 454.954667 161.109333l-312.32 372.181334L768 853.333333v85.333334H256v-48.085334l386.730667-460.885333c25.856-30.72 40.021333-69.546667 39.936-109.696z\"><\/path><\/svg><\/div><\/div>\n\n\n\n<div id=\"gspb_text-id-gsbp-31cfa4d\" class=\"gspb_text gspb_text-id-gsbp-31cfa4d\">Fortschrittliche Technologie<\/div>\n\n\n\n<div id=\"gspb_text-id-gsbp-bf7dc96\" class=\"gspb_text gspb_text-id-gsbp-bf7dc96\">Die sorgf\u00e4ltige Auswahl von Metalllegierungen ist entscheidend und wirkt sich auf die Eigenschaften der im 3D-Druck hergestellten Komponenten aus.<\/div>\n<\/div>\n\n\n\n<div class=\"wp-block-greenshift-blocks-row-column gspb_row__col--4 gspb_col-id-gsbp-f3da730\" id=\"gspb_col-id-gsbp-f3da730\">\n<div class=\"wp-block-greenshift-blocks-iconbox gspb_iconBox gspb_iconBox-id-gsbp-79102ad step\" id=\"gspb_iconBox-id-gsbp-79102ad\"><div class=\"gspb_iconBox__wrapper\" style=\"display:inline-flex\"><svg xmlns=\"http:\/\/www.w3.org\/2000\/svg\" style=\"width:5rem;height:5rem;margin:10px\" class=\"icon\" viewbox=\"0 0 1024 1024\" width=\"200\" height=\"200\"><path d=\"M768 85.333333v58.112L546.517333 407.466667a277.376 277.376 0 1 1-303.616 342.528l82.773334-20.736A192.085333 192.085333 0 0 0 704 682.666667a192 192 0 0 0-277.546667-171.946667l-9.728 5.205333-29.44-51.498666L633.813333 170.666667H277.333333V85.333333H768z\"><\/path><\/svg><\/div><\/div>\n\n\n\n<div id=\"gspb_text-id-gsbp-c7690e0\" class=\"gspb_text gspb_text-id-gsbp-c7690e0\">Fortschrittliche Technologie<\/div>\n\n\n\n<div id=\"gspb_text-id-gsbp-c232e7b\" class=\"gspb_text gspb_text-id-gsbp-c232e7b\">Die sorgf\u00e4ltige Auswahl von Metalllegierungen ist entscheidend und wirkt sich auf die Eigenschaften der im 3D-Druck hergestellten Komponenten aus.<\/div>\n<\/div>\n <\/div><\/div>\n\n\n<style>.kb-row-layout-id1477_2e4877-db > .kt-row-column-wrap{align-content:start;}:where(.kb-row-layout-id1477_2e4877-db > .kt-row-column-wrap) > .wp-block-kadence-column{justify-content:start;}.kb-row-layout-id1477_2e4877-db > .kt-row-column-wrap{column-gap:var(--global-kb-gap-md, 2rem);row-gap:var(--global-kb-gap-md, 2rem);max-width:1600px;margin-left:auto;margin-right:auto;padding-top:var(--global-kb-spacing-sm, 1.5rem);padding-bottom:var(--global-kb-spacing-sm, 1.5rem);grid-template-columns:minmax(0, 1fr);}.kb-row-layout-id1477_2e4877-db > .kt-row-layout-overlay{opacity:0.30;}@media all and (max-width: 1024px){.kb-row-layout-id1477_2e4877-db > .kt-row-column-wrap{grid-template-columns:minmax(0, 1fr);}}@media all and (max-width: 767px){.kb-row-layout-id1477_2e4877-db > .kt-row-column-wrap{grid-template-columns:minmax(0, 1fr);}}<\/style><div class=\"kb-row-layout-wrap kb-row-layout-id1477_2e4877-db alignnone wp-block-kadence-rowlayout\"><div class=\"kt-row-column-wrap kt-has-1-columns kt-row-layout-equal kt-tab-layout-inherit kt-mobile-layout-row kt-row-valign-top\">\n<style>.kadence-column1477_8df6ae-88 > .kt-inside-inner-col,.kadence-column1477_8df6ae-88 > .kt-inside-inner-col:before{border-top-left-radius:0px;border-top-right-radius:0px;border-bottom-right-radius:0px;border-bottom-left-radius:0px;}.kadence-column1477_8df6ae-88 > .kt-inside-inner-col{column-gap:var(--global-kb-gap-sm, 1rem);}.kadence-column1477_8df6ae-88 > .kt-inside-inner-col{flex-direction:column;}.kadence-column1477_8df6ae-88 > .kt-inside-inner-col > .aligncenter{width:100%;}.kadence-column1477_8df6ae-88 > .kt-inside-inner-col:before{opacity:0.3;}.kadence-column1477_8df6ae-88{position:relative;}@media all and (max-width: 1024px){.kadence-column1477_8df6ae-88 > .kt-inside-inner-col{flex-direction:column;justify-content:center;}}@media all and (max-width: 767px){.kadence-column1477_8df6ae-88 > .kt-inside-inner-col{flex-direction:column;justify-content:center;}}<\/style>\n<div class=\"wp-block-kadence-column kadence-column1477_8df6ae-88\"><div class=\"kt-inside-inner-col\"><style>.kt-repeater1477_844f7c-a8 .wp-block-kadence-repeatertemplate{grid-template-columns:repeat(2, minmax(0, 1fr));column-gap:10px;row-gap:40px;}@media all and (max-width: 1024px){.kt-repeater1477_844f7c-a8 .wp-block-kadence-repeatertemplate{grid-template-columns:repeat(2, minmax(0, 1fr));column-gap:10px;row-gap:40px;}}@media all and (max-width: 767px){.kt-repeater1477_844f7c-a8 .wp-block-kadence-repeatertemplate{grid-template-columns:repeat(2, minmax(0, 1fr));column-gap:10px;row-gap:40px;}}<\/style>\n<div class=\"wp-block-kadence-repeater kt-repeater1477_844f7c-a8 is-layout-flow wp-block-kadence-repeater-is-layout-flow\"><ul class=\"wp-block-kadence-repeatertemplate\"><li>\n\n<figure class=\"wp-block-kadence-image kb-image-is-ratio-size\"><div class=\"kb-is-ratio-image kb-image-ratio-square\"><\/div><\/figure>\n\n\n\n<h2 class=\"wp-block-kadence-advancedheading\" data-kb-block=\"kb-adv-headingundefined\"><\/h2>\n\n\n\n<p class=\"wp-block-kadence-advancedheading\" data-kb-block=\"kb-adv-headingundefined\"><\/p>\n\n<\/li><li>\n\n<figure class=\"wp-block-kadence-image kb-image-is-ratio-size\"><div class=\"kb-is-ratio-image kb-image-ratio-square\"><\/div><\/figure>\n\n\n\n<h2 class=\"wp-block-kadence-advancedheading\" data-kb-block=\"kb-adv-headingundefined\"><\/h2>\n\n\n\n<p class=\"wp-block-kadence-advancedheading\" data-kb-block=\"kb-adv-headingundefined\"><\/p>\n\n<\/li><li>\n\n<figure class=\"wp-block-kadence-image kb-image-is-ratio-size\"><div class=\"kb-is-ratio-image kb-image-ratio-square\"><\/div><\/figure>\n\n\n\n<h2 class=\"wp-block-kadence-advancedheading\" data-kb-block=\"kb-adv-headingundefined\"><\/h2>\n\n\n\n<p class=\"wp-block-kadence-advancedheading\" data-kb-block=\"kb-adv-headingundefined\"><\/p>\n\n<\/li><\/ul><\/div>\n<\/div><\/div>\n\n<\/div><\/div>","protected":false},"excerpt":{"rendered":"","protected":false},"author":1,"featured_media":0,"parent":0,"menu_order":0,"comment_status":"closed","ping_status":"closed","template":"","meta":{"_acf_changed":false,"_kad_blocks_custom_css":"","_kad_blocks_head_custom_js":"","_kad_blocks_body_custom_js":"","_kad_blocks_footer_custom_js":"","_kad_post_transparent":"","_kad_post_title":"hide","_kad_post_layout":"fullwidth","_kad_post_sidebar_id":"","_kad_post_content_style":"unboxed","_kad_post_vertical_padding":"","_kad_post_feature":"","_kad_post_feature_position":"","_kad_post_header":false,"_kad_post_footer":false,"_kad_post_classname":"","footnotes":""},"class_list":["post-1477","page","type-page","status-publish","hentry"],"acf":[],"taxonomy_info":[],"featured_image_src_large":false,"author_info":{"display_name":"demo","author_link":"https:\/\/3dpmetal.com\/de\/author\/demo\/"},"comment_info":0,"_links":{"self":[{"href":"https:\/\/3dpmetal.com\/de\/wp-json\/wp\/v2\/pages\/1477","targetHints":{"allow":["GET"]}}],"collection":[{"href":"https:\/\/3dpmetal.com\/de\/wp-json\/wp\/v2\/pages"}],"about":[{"href":"https:\/\/3dpmetal.com\/de\/wp-json\/wp\/v2\/types\/page"}],"author":[{"embeddable":true,"href":"https:\/\/3dpmetal.com\/de\/wp-json\/wp\/v2\/users\/1"}],"replies":[{"embeddable":true,"href":"https:\/\/3dpmetal.com\/de\/wp-json\/wp\/v2\/comments?post=1477"}],"version-history":[{"count":6,"href":"https:\/\/3dpmetal.com\/de\/wp-json\/wp\/v2\/pages\/1477\/revisions"}],"predecessor-version":[{"id":1691,"href":"https:\/\/3dpmetal.com\/de\/wp-json\/wp\/v2\/pages\/1477\/revisions\/1691"}],"wp:attachment":[{"href":"https:\/\/3dpmetal.com\/de\/wp-json\/wp\/v2\/media?parent=1477"}],"curies":[{"name":"wp","href":"https:\/\/api.w.org\/{rel}","templated":true}]}}