{"id":2883,"date":"2024-03-07T06:46:18","date_gmt":"2024-03-07T06:46:18","guid":{"rendered":"https:\/\/3dp.45612300.xyz\/?page_id=2883"},"modified":"2024-04-01T06:16:18","modified_gmt":"2024-04-01T06:16:18","slug":"aerospace-industry","status":"publish","type":"page","link":"https:\/\/3dpmetal.com\/de\/aerospace-industry\/","title":{"rendered":"Luft- und Raumfahrtindustrie"},"content":{"rendered":"<style>.kadence-column2883_72d4ef-ee > .kt-inside-inner-col{display:flex;}.kadence-column2883_72d4ef-ee > .kt-inside-inner-col{min-height:300px;}.kadence-column2883_72d4ef-ee > .kt-inside-inner-col,.kadence-column2883_72d4ef-ee > .kt-inside-inner-col:before{border-top-left-radius:0px;border-top-right-radius:0px;border-bottom-right-radius:0px;border-bottom-left-radius:0px;}.kadence-column2883_72d4ef-ee > .kt-inside-inner-col{column-gap:var(--global-kb-gap-sm, 1rem);}.kadence-column2883_72d4ef-ee > .kt-inside-inner-col{flex-direction:column;justify-content:center;align-items:center;}.kadence-column2883_72d4ef-ee > .kt-inside-inner-col > .kb-image-is-ratio-size{align-self:stretch;}.kadence-column2883_72d4ef-ee > .kt-inside-inner-col > .wp-block-kadence-advancedgallery{align-self:stretch;}.kadence-column2883_72d4ef-ee > .kt-inside-inner-col > .aligncenter{width:100%;}.kt-row-column-wrap > .kadence-column2883_72d4ef-ee{align-self:center;}.kt-inner-column-height-full:not(.kt-has-1-columns) > .wp-block-kadence-column.kadence-column2883_72d4ef-ee{align-self:auto;}.kt-inner-column-height-full:not(.kt-has-1-columns) > .wp-block-kadence-column.kadence-column2883_72d4ef-ee > .kt-inside-inner-col{flex-direction:column;justify-content:center;}.kadence-column2883_72d4ef-ee > .kt-inside-inner-col{background-image:url('https:\/\/3dpmetal.com\/wp-content\/uploads\/2024\/02\/663f499e-1c8a-4d2f-9a72-f23b2ce6a317.png');background-size:cover;background-position:50% 0%;background-attachment:scroll;background-repeat:no-repeat;}.kadence-column2883_72d4ef-ee > .kt-inside-inner-col:before{opacity:0.63;background-color:#000000;}.kadence-column2883_72d4ef-ee{position:relative;}@media all and (max-width: 1024px){.kt-row-column-wrap > .kadence-column2883_72d4ef-ee{align-self:center;}}@media all and (max-width: 1024px){.kt-inner-column-height-full:not(.kt-has-1-columns) > .wp-block-kadence-column.kadence-column2883_72d4ef-ee{align-self:auto;}}@media all and (max-width: 1024px){.kt-inner-column-height-full:not(.kt-has-1-columns) > .wp-block-kadence-column.kadence-column2883_72d4ef-ee > .kt-inside-inner-col{flex-direction:column;justify-content:center;}}@media all and (max-width: 1024px){.kadence-column2883_72d4ef-ee > .kt-inside-inner-col{flex-direction:column;justify-content:center;align-items:center;}}@media all and (max-width: 767px){.kt-row-column-wrap > .kadence-column2883_72d4ef-ee{align-self:center;}.kt-inner-column-height-full:not(.kt-has-1-columns) > .wp-block-kadence-column.kadence-column2883_72d4ef-ee{align-self:auto;}.kt-inner-column-height-full:not(.kt-has-1-columns) > .wp-block-kadence-column.kadence-column2883_72d4ef-ee > .kt-inside-inner-col{flex-direction:column;justify-content:center;}.kadence-column2883_72d4ef-ee > .kt-inside-inner-col{flex-direction:column;justify-content:center;align-items:center;}}<\/style>\n<div class=\"wp-block-kadence-column kadence-column2883_72d4ef-ee kb-section-has-overlay\"><div class=\"kt-inside-inner-col\"><style>.wp-block-kadence-advancedheading.kt-adv-heading2883_4ebecb-1a, .wp-block-kadence-advancedheading.kt-adv-heading2883_4ebecb-1a[data-kb-block=\"kb-adv-heading2883_4ebecb-1a\"]{font-size:40px;font-style:normal;color:#fff9f9;}.wp-block-kadence-advancedheading.kt-adv-heading2883_4ebecb-1a mark.kt-highlight, .wp-block-kadence-advancedheading.kt-adv-heading2883_4ebecb-1a[data-kb-block=\"kb-adv-heading2883_4ebecb-1a\"] mark.kt-highlight{font-style:normal;color:#f76a0c;-webkit-box-decoration-break:clone;box-decoration-break:clone;padding-top:0px;padding-right:0px;padding-bottom:0px;padding-left:0px;}.wp-block-kadence-advancedheading.kt-adv-heading2883_4ebecb-1a img.kb-inline-image, .wp-block-kadence-advancedheading.kt-adv-heading2883_4ebecb-1a[data-kb-block=\"kb-adv-heading2883_4ebecb-1a\"] img.kb-inline-image{width:150px;vertical-align:baseline;}@media all and (max-width: 767px){.wp-block-kadence-advancedheading.kt-adv-heading2883_4ebecb-1a, .wp-block-kadence-advancedheading.kt-adv-heading2883_4ebecb-1a[data-kb-block=\"kb-adv-heading2883_4ebecb-1a\"]{font-size:var(--global-kb-font-size-lg, 2rem);}}<\/style>\n<h1 class=\"kt-adv-heading2883_4ebecb-1a wp-block-kadence-advancedheading\" data-kb-block=\"kb-adv-heading2883_4ebecb-1a\">Luft- und Raumfahrtindustrie<\/h1>\n<\/div><\/div>\n\n\n<style>.kb-row-layout-id2883_b463d7-7d > .kt-row-column-wrap{align-content:start;}:where(.kb-row-layout-id2883_b463d7-7d > .kt-row-column-wrap) > .wp-block-kadence-column{justify-content:start;}.kb-row-layout-id2883_b463d7-7d > .kt-row-column-wrap{column-gap:var(--global-kb-gap-lg, 4rem);row-gap:var(--global-kb-gap-md, 2rem);max-width:var( --global-content-width, 1600px );padding-left:var(--global-content-edge-padding);padding-right:var(--global-content-edge-padding);padding-top:var(--global-kb-spacing-xxl, 5rem);padding-bottom:var(--global-kb-spacing-sm, 1.5rem);grid-template-columns:minmax(0, calc(40% - ((var(--global-kb-gap-lg, 4rem) * 1 )\/2)))minmax(0, calc(60% - ((var(--global-kb-gap-lg, 4rem) * 1 )\/2)));}.kb-row-layout-id2883_b463d7-7d > .kt-row-layout-overlay{opacity:0.30;}@media all and (max-width: 1024px){.kb-row-layout-id2883_b463d7-7d > .kt-row-column-wrap{grid-template-columns:minmax(0, 1fr) minmax(0, 2fr);}}@media all and (max-width: 767px){.kb-row-layout-id2883_b463d7-7d > .kt-row-column-wrap{row-gap:var(--global-kb-gap-none, 0rem );padding-top:var(--global-kb-spacing-lg, 3rem);grid-template-columns:minmax(0, 1fr);}}<\/style><div class=\"kb-row-layout-wrap kb-row-layout-id2883_b463d7-7d alignnone wp-block-kadence-rowlayout\"><div class=\"kt-row-column-wrap kt-has-2-columns kt-row-layout-right-golden kt-tab-layout-inherit kt-mobile-layout-row kt-row-valign-top kb-theme-content-width\">\n<style>.kadence-column2883_5b5535-60 > .kt-inside-inner-col{display:flex;}.kadence-column2883_5b5535-60 > .kt-inside-inner-col,.kadence-column2883_5b5535-60 > .kt-inside-inner-col:before{border-top-left-radius:0px;border-top-right-radius:0px;border-bottom-right-radius:0px;border-bottom-left-radius:0px;}.kadence-column2883_5b5535-60 > .kt-inside-inner-col{column-gap:var(--global-kb-gap-sm, 1rem);}.kadence-column2883_5b5535-60 > .kt-inside-inner-col{flex-direction:column;justify-content:center;}.kadence-column2883_5b5535-60 > .kt-inside-inner-col > .aligncenter{width:100%;}.kt-row-column-wrap > .kadence-column2883_5b5535-60{align-self:center;}.kt-inner-column-height-full:not(.kt-has-1-columns) > .wp-block-kadence-column.kadence-column2883_5b5535-60{align-self:auto;}.kt-inner-column-height-full:not(.kt-has-1-columns) > .wp-block-kadence-column.kadence-column2883_5b5535-60 > .kt-inside-inner-col{flex-direction:column;justify-content:center;}.kadence-column2883_5b5535-60 > .kt-inside-inner-col:before{opacity:0.3;}.kadence-column2883_5b5535-60{position:relative;}@media all and (max-width: 1024px){.kt-row-column-wrap > .kadence-column2883_5b5535-60{align-self:center;}}@media all and (max-width: 1024px){.kt-inner-column-height-full:not(.kt-has-1-columns) > .wp-block-kadence-column.kadence-column2883_5b5535-60{align-self:auto;}}@media all and (max-width: 1024px){.kt-inner-column-height-full:not(.kt-has-1-columns) > .wp-block-kadence-column.kadence-column2883_5b5535-60 > .kt-inside-inner-col{flex-direction:column;justify-content:center;}}@media all and (max-width: 1024px){.kadence-column2883_5b5535-60 > .kt-inside-inner-col{flex-direction:column;justify-content:center;}}@media all and (max-width: 767px){.kt-row-column-wrap > .kadence-column2883_5b5535-60{align-self:center;}.kt-inner-column-height-full:not(.kt-has-1-columns) > .wp-block-kadence-column.kadence-column2883_5b5535-60{align-self:auto;}.kt-inner-column-height-full:not(.kt-has-1-columns) > .wp-block-kadence-column.kadence-column2883_5b5535-60 > .kt-inside-inner-col{flex-direction:column;justify-content:center;}.kadence-column2883_5b5535-60 > .kt-inside-inner-col{flex-direction:column;justify-content:center;}}<\/style>\n<div class=\"wp-block-kadence-column kadence-column2883_5b5535-60\"><div class=\"kt-inside-inner-col\">\n<figure class=\"wp-block-image size-full\"><img loading=\"lazy\" decoding=\"async\" width=\"600\" height=\"600\" src=\"https:\/\/3dpmetal.com\/wp-content\/uploads\/2024\/03\/airplane.jpg\" alt=\"\" class=\"wp-image-2875\" title=\"\" srcset=\"https:\/\/3dpmetal.com\/wp-content\/uploads\/2024\/03\/airplane.jpg 600w, https:\/\/3dpmetal.com\/wp-content\/uploads\/2024\/03\/airplane-300x300.jpg 300w, https:\/\/3dpmetal.com\/wp-content\/uploads\/2024\/03\/airplane-150x150.jpg 150w\" sizes=\"auto, (max-width: 600px) 100vw, 600px\" \/><\/figure>\n<\/div><\/div>\n\n\n<style>.kadence-column2883_00fca4-0c > .kt-inside-inner-col{display:flex;}.kadence-column2883_00fca4-0c > .kt-inside-inner-col,.kadence-column2883_00fca4-0c > .kt-inside-inner-col:before{border-top-left-radius:0px;border-top-right-radius:0px;border-bottom-right-radius:0px;border-bottom-left-radius:0px;}.kadence-column2883_00fca4-0c > .kt-inside-inner-col{column-gap:var(--global-kb-gap-sm, 1rem);}.kadence-column2883_00fca4-0c > .kt-inside-inner-col{flex-direction:column;justify-content:center;}.kadence-column2883_00fca4-0c > .kt-inside-inner-col > .aligncenter{width:100%;}.kt-row-column-wrap > .kadence-column2883_00fca4-0c{align-self:center;}.kt-inner-column-height-full:not(.kt-has-1-columns) > .wp-block-kadence-column.kadence-column2883_00fca4-0c{align-self:auto;}.kt-inner-column-height-full:not(.kt-has-1-columns) > .wp-block-kadence-column.kadence-column2883_00fca4-0c > .kt-inside-inner-col{flex-direction:column;justify-content:center;}.kadence-column2883_00fca4-0c > .kt-inside-inner-col:before{opacity:0.3;}.kadence-column2883_00fca4-0c{position:relative;}@media all and (max-width: 1024px){.kt-row-column-wrap > .kadence-column2883_00fca4-0c{align-self:center;}}@media all and (max-width: 1024px){.kt-inner-column-height-full:not(.kt-has-1-columns) > .wp-block-kadence-column.kadence-column2883_00fca4-0c{align-self:auto;}}@media all and (max-width: 1024px){.kt-inner-column-height-full:not(.kt-has-1-columns) > .wp-block-kadence-column.kadence-column2883_00fca4-0c > .kt-inside-inner-col{flex-direction:column;justify-content:center;}}@media all and (max-width: 1024px){.kadence-column2883_00fca4-0c > .kt-inside-inner-col{flex-direction:column;justify-content:center;}}@media all and (max-width: 767px){.kt-row-column-wrap > .kadence-column2883_00fca4-0c{align-self:center;}.kt-inner-column-height-full:not(.kt-has-1-columns) > .wp-block-kadence-column.kadence-column2883_00fca4-0c{align-self:auto;}.kt-inner-column-height-full:not(.kt-has-1-columns) > .wp-block-kadence-column.kadence-column2883_00fca4-0c > .kt-inside-inner-col{flex-direction:column;justify-content:center;}.kadence-column2883_00fca4-0c > .kt-inside-inner-col{flex-direction:column;justify-content:center;}}<\/style>\n<div class=\"wp-block-kadence-column kadence-column2883_00fca4-0c\"><div class=\"kt-inside-inner-col\"><style>.wp-block-kadence-advancedheading.kt-adv-heading2883_087fda-f3, .wp-block-kadence-advancedheading.kt-adv-heading2883_087fda-f3[data-kb-block=\"kb-adv-heading2883_087fda-f3\"]{font-style:normal;}.wp-block-kadence-advancedheading.kt-adv-heading2883_087fda-f3 mark.kt-highlight, .wp-block-kadence-advancedheading.kt-adv-heading2883_087fda-f3[data-kb-block=\"kb-adv-heading2883_087fda-f3\"] mark.kt-highlight{font-style:normal;color:#f76a0c;-webkit-box-decoration-break:clone;box-decoration-break:clone;padding-top:0px;padding-right:0px;padding-bottom:0px;padding-left:0px;}.wp-block-kadence-advancedheading.kt-adv-heading2883_087fda-f3 img.kb-inline-image, .wp-block-kadence-advancedheading.kt-adv-heading2883_087fda-f3[data-kb-block=\"kb-adv-heading2883_087fda-f3\"] img.kb-inline-image{width:150px;vertical-align:baseline;}@media all and (max-width: 767px){.wp-block-kadence-advancedheading.kt-adv-heading2883_087fda-f3, .wp-block-kadence-advancedheading.kt-adv-heading2883_087fda-f3[data-kb-block=\"kb-adv-heading2883_087fda-f3\"]{font-size:20px;}}<\/style>\n<h2 class=\"kt-adv-heading2883_087fda-f3 wp-block-kadence-advancedheading\" data-kb-block=\"kb-adv-heading2883_087fda-f3\">Die Luft- und Raumfahrtindustrie ist eine Branche st\u00e4ndiger Ver\u00e4nderungen.<\/h2>\n\n\n\n<p>Die Luftfahrtbranche ist ein Gro\u00dfanwender von metallbasiertem 3D-Druck und nutzt die Technologie zur Herstellung leichter Hochleistungskomponenten. Metall-Additive Manufacturing erm\u00f6glicht komplexe Geometrien und konsolidierte Baugruppen, wodurch Gewicht und Teileanzahl im Vergleich zu herk\u00f6mmlichen Fertigungsmethoden reduziert werden. Dies ist entscheidend f\u00fcr Flugzeuge, da jedes eingesparte Kilogramm direkt zu Kraftstoffeinsparungen f\u00fchrt.<\/p>\n\n\n\n<p>Meituo ist ein idealer Partner f\u00fcr Unternehmen in der Luft- und Raumfahrtindustrie, die additive Techniken erforschen. Unsere hochmodernen selektiven Elektronenstrahlschmelzsysteme eignen sich hervorragend zum Drucken reaktiver Metalle wie Titan- und Nickellegierungen, die \u00fcblicherweise in Triebwerken, Strukturrahmen und Komponenten verwendet werden. Das Verfahren erreicht au\u00dfergew\u00f6hnliche mechanische Eigenschaften, die den Luft- und Raumfahrtstandards entsprechen. Unsere Systeme bieten auch gro\u00dfe Baur\u00e4ume, um Teile skalierbar herzustellen.<\/p>\n\n\n\n<p>Dar\u00fcber hinaus bietet Meituo ein breites Portfolio an sph\u00e4rischen Metallpulvern, die f\u00fcr unsere Drucker optimiert sind. Dazu geh\u00f6ren Titan, Aluminium, Kobalt-Chrom und Nickel-Superlegierungen und mehr. Unsere Pulver sorgen f\u00fcr dichte, hochwertige Drucke f\u00fcrFlugzeugteile, die extremer Belastung ausgesetzt sind. Mit seiner fundierten Luft- und Raumfahrtexpertise unterst\u00fctzt Meituo Kunden bei der Implementierung von metallischem AM und validiert Hochleistungsdruckteile f\u00fcr den Flug.<\/p>\n\n\n\n<p>Durch die Nutzung unserer f\u00fchrenden selektiven Elektronenstrahlschmelzdrucker und ma\u00dfgeschneiderten Metallpulver k\u00f6nnen Luft- und Raumfahrtunternehmen Additive nutzen, um die Produktion zu rationalisieren und Fahrzeugdesigns der n\u00e4chsten Generation zu erzielen. Meituo bietet umfassende L\u00f6sungen an, um den 3D-Metalldruck in der Luftfahrt voranzutreiben.<\/p>\n<\/div><\/div>\n\n<\/div><\/div>","protected":false},"excerpt":{"rendered":"<p>Aerospace Industry The Aerospace Industry Is One Of Constant Change. The aerospace sector is a major adopter of metal 3D printing, leveraging the technology to produce lightweight, high-performance components. Metal additive manufacturing enables complex geometries and consolidated assemblies, reducing weight and part count versus traditional manufacturing. This is critical for aircraft as every kilogram reduced&#8230;<\/p>","protected":false},"author":1,"featured_media":0,"parent":0,"menu_order":0,"comment_status":"closed","ping_status":"closed","template":"","meta":{"_acf_changed":false,"_kad_blocks_custom_css":"","_kad_blocks_head_custom_js":"","_kad_blocks_body_custom_js":"","_kad_blocks_footer_custom_js":"","_kad_post_transparent":"","_kad_post_title":"","_kad_post_layout":"fullwidth","_kad_post_sidebar_id":"","_kad_post_content_style":"unboxed","_kad_post_vertical_padding":"","_kad_post_feature":"","_kad_post_feature_position":"","_kad_post_header":false,"_kad_post_footer":false,"_kad_post_classname":"","footnotes":""},"class_list":["post-2883","page","type-page","status-publish","hentry"],"acf":[],"taxonomy_info":[],"featured_image_src_large":false,"author_info":{"display_name":"demo","author_link":"https:\/\/3dpmetal.com\/de\/author\/demo\/"},"comment_info":0,"_links":{"self":[{"href":"https:\/\/3dpmetal.com\/de\/wp-json\/wp\/v2\/pages\/2883","targetHints":{"allow":["GET"]}}],"collection":[{"href":"https:\/\/3dpmetal.com\/de\/wp-json\/wp\/v2\/pages"}],"about":[{"href":"https:\/\/3dpmetal.com\/de\/wp-json\/wp\/v2\/types\/page"}],"author":[{"embeddable":true,"href":"https:\/\/3dpmetal.com\/de\/wp-json\/wp\/v2\/users\/1"}],"replies":[{"embeddable":true,"href":"https:\/\/3dpmetal.com\/de\/wp-json\/wp\/v2\/comments?post=2883"}],"version-history":[{"count":4,"href":"https:\/\/3dpmetal.com\/de\/wp-json\/wp\/v2\/pages\/2883\/revisions"}],"predecessor-version":[{"id":4066,"href":"https:\/\/3dpmetal.com\/de\/wp-json\/wp\/v2\/pages\/2883\/revisions\/4066"}],"wp:attachment":[{"href":"https:\/\/3dpmetal.com\/de\/wp-json\/wp\/v2\/media?parent=2883"}],"curies":[{"name":"wp","href":"https:\/\/api.w.org\/{rel}","templated":true}]}}