{"id":2886,"date":"2024-03-07T06:59:41","date_gmt":"2024-03-07T06:59:41","guid":{"rendered":"https:\/\/3dp.45612300.xyz\/?page_id=2886"},"modified":"2024-04-01T06:17:06","modified_gmt":"2024-04-01T06:17:06","slug":"healthcare-sector","status":"publish","type":"page","link":"https:\/\/3dpmetal.com\/de\/healthcare-sector\/","title":{"rendered":"Gesundheitsbranche"},"content":{"rendered":"<style>.kadence-column2886_bdc41f-10 > .kt-inside-inner-col{display:flex;}.kadence-column2886_bdc41f-10 > .kt-inside-inner-col{min-height:300px;}.kadence-column2886_bdc41f-10 > .kt-inside-inner-col,.kadence-column2886_bdc41f-10 > .kt-inside-inner-col:before{border-top-left-radius:0px;border-top-right-radius:0px;border-bottom-right-radius:0px;border-bottom-left-radius:0px;}.kadence-column2886_bdc41f-10 > .kt-inside-inner-col{column-gap:var(--global-kb-gap-sm, 1rem);}.kadence-column2886_bdc41f-10 > .kt-inside-inner-col{flex-direction:column;justify-content:center;align-items:center;}.kadence-column2886_bdc41f-10 > .kt-inside-inner-col > .kb-image-is-ratio-size{align-self:stretch;}.kadence-column2886_bdc41f-10 > .kt-inside-inner-col > .wp-block-kadence-advancedgallery{align-self:stretch;}.kadence-column2886_bdc41f-10 > .kt-inside-inner-col > .aligncenter{width:100%;}.kt-row-column-wrap > .kadence-column2886_bdc41f-10{align-self:center;}.kt-inner-column-height-full:not(.kt-has-1-columns) > .wp-block-kadence-column.kadence-column2886_bdc41f-10{align-self:auto;}.kt-inner-column-height-full:not(.kt-has-1-columns) > .wp-block-kadence-column.kadence-column2886_bdc41f-10 > .kt-inside-inner-col{flex-direction:column;justify-content:center;}.kadence-column2886_bdc41f-10 > .kt-inside-inner-col{background-image:url('https:\/\/3dpmetal.com\/wp-content\/uploads\/2024\/02\/663f499e-1c8a-4d2f-9a72-f23b2ce6a317.png');background-size:cover;background-position:50% 0%;background-attachment:scroll;background-repeat:no-repeat;}.kadence-column2886_bdc41f-10 > .kt-inside-inner-col:before{opacity:0.63;background-color:#000000;}.kadence-column2886_bdc41f-10{position:relative;}@media all and (max-width: 1024px){.kt-row-column-wrap > .kadence-column2886_bdc41f-10{align-self:center;}}@media all and (max-width: 1024px){.kt-inner-column-height-full:not(.kt-has-1-columns) > .wp-block-kadence-column.kadence-column2886_bdc41f-10{align-self:auto;}}@media all and (max-width: 1024px){.kt-inner-column-height-full:not(.kt-has-1-columns) > .wp-block-kadence-column.kadence-column2886_bdc41f-10 > .kt-inside-inner-col{flex-direction:column;justify-content:center;}}@media all and (max-width: 1024px){.kadence-column2886_bdc41f-10 > .kt-inside-inner-col{flex-direction:column;justify-content:center;align-items:center;}}@media all and (max-width: 767px){.kt-row-column-wrap > .kadence-column2886_bdc41f-10{align-self:center;}.kt-inner-column-height-full:not(.kt-has-1-columns) > .wp-block-kadence-column.kadence-column2886_bdc41f-10{align-self:auto;}.kt-inner-column-height-full:not(.kt-has-1-columns) > .wp-block-kadence-column.kadence-column2886_bdc41f-10 > .kt-inside-inner-col{flex-direction:column;justify-content:center;}.kadence-column2886_bdc41f-10 > .kt-inside-inner-col{flex-direction:column;justify-content:center;align-items:center;}}<\/style>\n<div class=\"wp-block-kadence-column kadence-column2886_bdc41f-10 kb-section-has-overlay\"><div class=\"kt-inside-inner-col\"><style>.wp-block-kadence-advancedheading.kt-adv-heading2886_cabb8d-de, .wp-block-kadence-advancedheading.kt-adv-heading2886_cabb8d-de[data-kb-block=\"kb-adv-heading2886_cabb8d-de\"]{font-size:40px;font-style:normal;color:#fff9f9;}.wp-block-kadence-advancedheading.kt-adv-heading2886_cabb8d-de mark.kt-highlight, .wp-block-kadence-advancedheading.kt-adv-heading2886_cabb8d-de[data-kb-block=\"kb-adv-heading2886_cabb8d-de\"] mark.kt-highlight{font-style:normal;color:#f76a0c;-webkit-box-decoration-break:clone;box-decoration-break:clone;padding-top:0px;padding-right:0px;padding-bottom:0px;padding-left:0px;}.wp-block-kadence-advancedheading.kt-adv-heading2886_cabb8d-de img.kb-inline-image, .wp-block-kadence-advancedheading.kt-adv-heading2886_cabb8d-de[data-kb-block=\"kb-adv-heading2886_cabb8d-de\"] img.kb-inline-image{width:150px;vertical-align:baseline;}@media all and (max-width: 767px){.wp-block-kadence-advancedheading.kt-adv-heading2886_cabb8d-de, .wp-block-kadence-advancedheading.kt-adv-heading2886_cabb8d-de[data-kb-block=\"kb-adv-heading2886_cabb8d-de\"]{font-size:var(--global-kb-font-size-lg, 2rem);}}<\/style>\n<h1 class=\"kt-adv-heading2886_cabb8d-de wp-block-kadence-advancedheading\" data-kb-block=\"kb-adv-heading2886_cabb8d-de\">Gesundheitsbranche<\/h1>\n<\/div><\/div>\n\n\n<style>.kb-row-layout-id2886_ff0ba9-f1 > .kt-row-column-wrap{align-content:start;}:where(.kb-row-layout-id2886_ff0ba9-f1 > .kt-row-column-wrap) > .wp-block-kadence-column{justify-content:start;}.kb-row-layout-id2886_ff0ba9-f1 > .kt-row-column-wrap{column-gap:var(--global-kb-gap-lg, 4rem);row-gap:var(--global-kb-gap-md, 2rem);max-width:var( --global-content-width, 1600px );padding-left:var(--global-content-edge-padding);padding-right:var(--global-content-edge-padding);padding-top:var(--global-kb-spacing-xxl, 5rem);padding-bottom:var(--global-kb-spacing-sm, 1.5rem);grid-template-columns:minmax(0, calc(40% - ((var(--global-kb-gap-lg, 4rem) * 1 )\/2)))minmax(0, calc(60% - ((var(--global-kb-gap-lg, 4rem) * 1 )\/2)));}.kb-row-layout-id2886_ff0ba9-f1 > .kt-row-layout-overlay{opacity:0.30;}@media all and (max-width: 1024px){.kb-row-layout-id2886_ff0ba9-f1 > .kt-row-column-wrap{grid-template-columns:minmax(0, 1fr) minmax(0, 2fr);}}@media all and (max-width: 767px){.kb-row-layout-id2886_ff0ba9-f1 > .kt-row-column-wrap{row-gap:var(--global-kb-gap-none, 0rem );padding-top:var(--global-kb-spacing-lg, 3rem);grid-template-columns:minmax(0, 1fr);}}<\/style><div class=\"kb-row-layout-wrap kb-row-layout-id2886_ff0ba9-f1 alignnone wp-block-kadence-rowlayout\"><div class=\"kt-row-column-wrap kt-has-2-columns kt-row-layout-right-golden kt-tab-layout-inherit kt-mobile-layout-row kt-row-valign-top kb-theme-content-width\">\n<style>.kadence-column2886_633ab8-b2 > .kt-inside-inner-col{display:flex;}.kadence-column2886_633ab8-b2 > .kt-inside-inner-col,.kadence-column2886_633ab8-b2 > .kt-inside-inner-col:before{border-top-left-radius:0px;border-top-right-radius:0px;border-bottom-right-radius:0px;border-bottom-left-radius:0px;}.kadence-column2886_633ab8-b2 > .kt-inside-inner-col{column-gap:var(--global-kb-gap-sm, 1rem);}.kadence-column2886_633ab8-b2 > .kt-inside-inner-col{flex-direction:column;justify-content:center;}.kadence-column2886_633ab8-b2 > .kt-inside-inner-col > .aligncenter{width:100%;}.kt-row-column-wrap > .kadence-column2886_633ab8-b2{align-self:center;}.kt-inner-column-height-full:not(.kt-has-1-columns) > .wp-block-kadence-column.kadence-column2886_633ab8-b2{align-self:auto;}.kt-inner-column-height-full:not(.kt-has-1-columns) > .wp-block-kadence-column.kadence-column2886_633ab8-b2 > .kt-inside-inner-col{flex-direction:column;justify-content:center;}.kadence-column2886_633ab8-b2 > .kt-inside-inner-col:before{opacity:0.3;}.kadence-column2886_633ab8-b2{position:relative;}@media all and (max-width: 1024px){.kt-row-column-wrap > .kadence-column2886_633ab8-b2{align-self:center;}}@media all and (max-width: 1024px){.kt-inner-column-height-full:not(.kt-has-1-columns) > .wp-block-kadence-column.kadence-column2886_633ab8-b2{align-self:auto;}}@media all and (max-width: 1024px){.kt-inner-column-height-full:not(.kt-has-1-columns) > .wp-block-kadence-column.kadence-column2886_633ab8-b2 > .kt-inside-inner-col{flex-direction:column;justify-content:center;}}@media all and (max-width: 1024px){.kadence-column2886_633ab8-b2 > .kt-inside-inner-col{flex-direction:column;justify-content:center;}}@media all and (max-width: 767px){.kt-row-column-wrap > .kadence-column2886_633ab8-b2{align-self:center;}.kt-inner-column-height-full:not(.kt-has-1-columns) > .wp-block-kadence-column.kadence-column2886_633ab8-b2{align-self:auto;}.kt-inner-column-height-full:not(.kt-has-1-columns) > .wp-block-kadence-column.kadence-column2886_633ab8-b2 > .kt-inside-inner-col{flex-direction:column;justify-content:center;}.kadence-column2886_633ab8-b2 > .kt-inside-inner-col{flex-direction:column;justify-content:center;}}<\/style>\n<div class=\"wp-block-kadence-column kadence-column2886_633ab8-b2\"><div class=\"kt-inside-inner-col\">\n<figure class=\"wp-block-image size-full\"><img loading=\"lazy\" decoding=\"async\" width=\"600\" height=\"600\" src=\"https:\/\/3dpmetal.com\/wp-content\/uploads\/2024\/03\/implants.jpg\" alt=\"\" class=\"wp-image-2874\" title=\"\" srcset=\"https:\/\/3dpmetal.com\/wp-content\/uploads\/2024\/03\/implants.jpg 600w, https:\/\/3dpmetal.com\/wp-content\/uploads\/2024\/03\/implants-300x300.jpg 300w, https:\/\/3dpmetal.com\/wp-content\/uploads\/2024\/03\/implants-150x150.jpg 150w\" sizes=\"auto, (max-width: 600px) 100vw, 600px\" \/><\/figure>\n<\/div><\/div>\n\n\n<style>.kadence-column2886_3f5ce1-e6 > .kt-inside-inner-col{display:flex;}.kadence-column2886_3f5ce1-e6 > .kt-inside-inner-col,.kadence-column2886_3f5ce1-e6 > .kt-inside-inner-col:before{border-top-left-radius:0px;border-top-right-radius:0px;border-bottom-right-radius:0px;border-bottom-left-radius:0px;}.kadence-column2886_3f5ce1-e6 > .kt-inside-inner-col{column-gap:var(--global-kb-gap-sm, 1rem);}.kadence-column2886_3f5ce1-e6 > .kt-inside-inner-col{flex-direction:column;justify-content:center;}.kadence-column2886_3f5ce1-e6 > .kt-inside-inner-col > .aligncenter{width:100%;}.kt-row-column-wrap > .kadence-column2886_3f5ce1-e6{align-self:center;}.kt-inner-column-height-full:not(.kt-has-1-columns) > .wp-block-kadence-column.kadence-column2886_3f5ce1-e6{align-self:auto;}.kt-inner-column-height-full:not(.kt-has-1-columns) > .wp-block-kadence-column.kadence-column2886_3f5ce1-e6 > .kt-inside-inner-col{flex-direction:column;justify-content:center;}.kadence-column2886_3f5ce1-e6 > .kt-inside-inner-col:before{opacity:0.3;}.kadence-column2886_3f5ce1-e6{position:relative;}@media all and (max-width: 1024px){.kt-row-column-wrap > .kadence-column2886_3f5ce1-e6{align-self:center;}}@media all and (max-width: 1024px){.kt-inner-column-height-full:not(.kt-has-1-columns) > .wp-block-kadence-column.kadence-column2886_3f5ce1-e6{align-self:auto;}}@media all and (max-width: 1024px){.kt-inner-column-height-full:not(.kt-has-1-columns) > .wp-block-kadence-column.kadence-column2886_3f5ce1-e6 > .kt-inside-inner-col{flex-direction:column;justify-content:center;}}@media all and (max-width: 1024px){.kadence-column2886_3f5ce1-e6 > .kt-inside-inner-col{flex-direction:column;justify-content:center;}}@media all and (max-width: 767px){.kt-row-column-wrap > .kadence-column2886_3f5ce1-e6{align-self:center;}.kt-inner-column-height-full:not(.kt-has-1-columns) > .wp-block-kadence-column.kadence-column2886_3f5ce1-e6{align-self:auto;}.kt-inner-column-height-full:not(.kt-has-1-columns) > .wp-block-kadence-column.kadence-column2886_3f5ce1-e6 > .kt-inside-inner-col{flex-direction:column;justify-content:center;}.kadence-column2886_3f5ce1-e6 > .kt-inside-inner-col{flex-direction:column;justify-content:center;}}<\/style>\n<div class=\"wp-block-kadence-column kadence-column2886_3f5ce1-e6\"><div class=\"kt-inside-inner-col\"><style>.wp-block-kadence-advancedheading.kt-adv-heading2886_15f5f7-c0, .wp-block-kadence-advancedheading.kt-adv-heading2886_15f5f7-c0[data-kb-block=\"kb-adv-heading2886_15f5f7-c0\"]{font-style:normal;}.wp-block-kadence-advancedheading.kt-adv-heading2886_15f5f7-c0 mark.kt-highlight, .wp-block-kadence-advancedheading.kt-adv-heading2886_15f5f7-c0[data-kb-block=\"kb-adv-heading2886_15f5f7-c0\"] mark.kt-highlight{font-style:normal;color:#f76a0c;-webkit-box-decoration-break:clone;box-decoration-break:clone;padding-top:0px;padding-right:0px;padding-bottom:0px;padding-left:0px;}.wp-block-kadence-advancedheading.kt-adv-heading2886_15f5f7-c0 img.kb-inline-image, .wp-block-kadence-advancedheading.kt-adv-heading2886_15f5f7-c0[data-kb-block=\"kb-adv-heading2886_15f5f7-c0\"] img.kb-inline-image{width:150px;vertical-align:baseline;}@media all and (max-width: 767px){.wp-block-kadence-advancedheading.kt-adv-heading2886_15f5f7-c0, .wp-block-kadence-advancedheading.kt-adv-heading2886_15f5f7-c0[data-kb-block=\"kb-adv-heading2886_15f5f7-c0\"]{font-size:20px;}}<\/style>\n<h2 class=\"kt-adv-heading2886_15f5f7-c0 wp-block-kadence-advancedheading\" data-kb-block=\"kb-adv-heading2886_15f5f7-c0\">Das Gesundheitswesen ist ein Bereich des st\u00e4ndigen Wandels.<\/h2>\n\n\n\n<p>Die additive Fertigung transformiert die Produktion von Medizinprodukten und erm\u00f6glicht personalisierte Implantate und Instrumente. Der 3D-Metalldruck erm\u00f6glicht komplexe Geometrien, die mit herk\u00f6mmlichen Techniken nicht m\u00f6glich sind. Dies erm\u00f6glicht eine anatomisch bessere Passform und Leistung f\u00fcr Implantate. Au\u00dferdem k\u00f6nnen Komponenten in einteilig gedruckte Teile konsolidiert werden.<\/p>\n\n\n\n<p>Meituo ist ein idealer Partner f\u00fcr medizinische Unternehmen, die L\u00f6sungen f\u00fcr Metalladditivene herstellen. Unsere fortschrittlichen Selektiven Elektronenstrahlschmelzsysteme eignen sich hervorragend zum Drucken von Titan- und Kobaltchromlegierungen, welche gew\u00f6hnlich f\u00fcr orthop\u00e4dische und Zahnimplantate eingesetzt werden. Unser Verfahren erzielt au\u00dfergew\u00f6hnliche mechanische Eigenschaften und Biokompatibilit\u00e4t, die f\u00fcr chirurgische Anwendungen erforderlich sind. Unsere Drucker bieten au\u00dferdem die Pr\u00e4zision und Oberfl\u00e4cheng\u00fcte, die f\u00fcr kleine, komplexe medizinische Teile erforderlich sind.<\/p>\n\n\n\n<p>Zudem bietet Meituo eine breite Palette biokompatibler Metallpulver, die f\u00fcr unsere Systeme optimiert sind. Dazu geh\u00f6ren Titan, Kobalt-Chrom, Edelstahl und mehr. Unsere hochwertigen Pulver gew\u00e4hrleisten einen zuverl\u00e4ssigen, wiederholbaren Druck von dichten, starken Komponenten. Mit seiner Expertise in regulierten Umgebungen hilft Meituo Kunden dabei, gedruckte medizinische Teile zu validieren, die strenge Standards erf\u00fcllen.<\/p>\n\n\n\n<p>Durch die Nutzung unserer f\u00fchrenden F\u00e4higkeiten in der additiven Metallfertigung k\u00f6nnen Hersteller von Medizinprodukten den 3D-Druck nutzen, um die Patientenergebnisse zu verbessern. Meituo arbeitet mit Gesundheitsorganisationen zusammen, um die additive Metallfertigung zu implementieren und ihre Vorteile f\u00fcr die personalisierte Medizin freizusetzen.<\/p>\n<\/div><\/div>\n\n<\/div><\/div>","protected":false},"excerpt":{"rendered":"<p>Healthcare Sector The Healthcare Sector Is One Of Constant Change. Additive manufacturing is transforming medical device production, enabling personalized implants and instruments. Metal 3D printing facilitates complex geometries not possible with conventional techniques. This allows more anatomical fit and performance for implants. It also permits consolidation of components into single printed parts. Meituo is an&#8230;<\/p>","protected":false},"author":1,"featured_media":0,"parent":0,"menu_order":0,"comment_status":"closed","ping_status":"closed","template":"","meta":{"_acf_changed":false,"_kad_blocks_custom_css":"","_kad_blocks_head_custom_js":"","_kad_blocks_body_custom_js":"","_kad_blocks_footer_custom_js":"","_kad_post_transparent":"","_kad_post_title":"","_kad_post_layout":"fullwidth","_kad_post_sidebar_id":"","_kad_post_content_style":"unboxed","_kad_post_vertical_padding":"","_kad_post_feature":"","_kad_post_feature_position":"","_kad_post_header":false,"_kad_post_footer":false,"_kad_post_classname":"","footnotes":""},"class_list":["post-2886","page","type-page","status-publish","hentry"],"acf":[],"taxonomy_info":[],"featured_image_src_large":false,"author_info":{"display_name":"demo","author_link":"https:\/\/3dpmetal.com\/de\/author\/demo\/"},"comment_info":0,"_links":{"self":[{"href":"https:\/\/3dpmetal.com\/de\/wp-json\/wp\/v2\/pages\/2886","targetHints":{"allow":["GET"]}}],"collection":[{"href":"https:\/\/3dpmetal.com\/de\/wp-json\/wp\/v2\/pages"}],"about":[{"href":"https:\/\/3dpmetal.com\/de\/wp-json\/wp\/v2\/types\/page"}],"author":[{"embeddable":true,"href":"https:\/\/3dpmetal.com\/de\/wp-json\/wp\/v2\/users\/1"}],"replies":[{"embeddable":true,"href":"https:\/\/3dpmetal.com\/de\/wp-json\/wp\/v2\/comments?post=2886"}],"version-history":[{"count":3,"href":"https:\/\/3dpmetal.com\/de\/wp-json\/wp\/v2\/pages\/2886\/revisions"}],"predecessor-version":[{"id":4069,"href":"https:\/\/3dpmetal.com\/de\/wp-json\/wp\/v2\/pages\/2886\/revisions\/4069"}],"wp:attachment":[{"href":"https:\/\/3dpmetal.com\/de\/wp-json\/wp\/v2\/media?parent=2886"}],"curies":[{"name":"wp","href":"https:\/\/api.w.org\/{rel}","templated":true}]}}