{"id":2890,"date":"2024-03-07T07:41:54","date_gmt":"2024-03-07T07:41:54","guid":{"rendered":"https:\/\/3dp.45612300.xyz\/?page_id=2890"},"modified":"2024-04-01T06:18:54","modified_gmt":"2024-04-01T06:18:54","slug":"jewelry-industry","status":"publish","type":"page","link":"https:\/\/3dpmetal.com\/de\/jewelry-industry\/","title":{"rendered":"Schmuckindustrie"},"content":{"rendered":"<style>.kadence-column2890_ec6dee-20 > .kt-inside-inner-col{display:flex;}.kadence-column2890_ec6dee-20 > .kt-inside-inner-col{min-height:300px;}.kadence-column2890_ec6dee-20 > .kt-inside-inner-col,.kadence-column2890_ec6dee-20 > .kt-inside-inner-col:before{border-top-left-radius:0px;border-top-right-radius:0px;border-bottom-right-radius:0px;border-bottom-left-radius:0px;}.kadence-column2890_ec6dee-20 > .kt-inside-inner-col{column-gap:var(--global-kb-gap-sm, 1rem);}.kadence-column2890_ec6dee-20 > .kt-inside-inner-col{flex-direction:column;justify-content:center;align-items:center;}.kadence-column2890_ec6dee-20 > .kt-inside-inner-col > .kb-image-is-ratio-size{align-self:stretch;}.kadence-column2890_ec6dee-20 > .kt-inside-inner-col > .wp-block-kadence-advancedgallery{align-self:stretch;}.kadence-column2890_ec6dee-20 > .kt-inside-inner-col > .aligncenter{width:100%;}.kt-row-column-wrap > .kadence-column2890_ec6dee-20{align-self:center;}.kt-inner-column-height-full:not(.kt-has-1-columns) > .wp-block-kadence-column.kadence-column2890_ec6dee-20{align-self:auto;}.kt-inner-column-height-full:not(.kt-has-1-columns) > .wp-block-kadence-column.kadence-column2890_ec6dee-20 > .kt-inside-inner-col{flex-direction:column;justify-content:center;}.kadence-column2890_ec6dee-20 > .kt-inside-inner-col{background-image:url('https:\/\/3dpmetal.com\/wp-content\/uploads\/2024\/02\/663f499e-1c8a-4d2f-9a72-f23b2ce6a317.png');background-size:cover;background-position:50% 0%;background-attachment:scroll;background-repeat:no-repeat;}.kadence-column2890_ec6dee-20 > .kt-inside-inner-col:before{opacity:0.63;background-color:#000000;}.kadence-column2890_ec6dee-20{position:relative;}@media all and (max-width: 1024px){.kt-row-column-wrap > .kadence-column2890_ec6dee-20{align-self:center;}}@media all and (max-width: 1024px){.kt-inner-column-height-full:not(.kt-has-1-columns) > .wp-block-kadence-column.kadence-column2890_ec6dee-20{align-self:auto;}}@media all and (max-width: 1024px){.kt-inner-column-height-full:not(.kt-has-1-columns) > .wp-block-kadence-column.kadence-column2890_ec6dee-20 > .kt-inside-inner-col{flex-direction:column;justify-content:center;}}@media all and (max-width: 1024px){.kadence-column2890_ec6dee-20 > .kt-inside-inner-col{flex-direction:column;justify-content:center;align-items:center;}}@media all and (max-width: 767px){.kt-row-column-wrap > .kadence-column2890_ec6dee-20{align-self:center;}.kt-inner-column-height-full:not(.kt-has-1-columns) > .wp-block-kadence-column.kadence-column2890_ec6dee-20{align-self:auto;}.kt-inner-column-height-full:not(.kt-has-1-columns) > .wp-block-kadence-column.kadence-column2890_ec6dee-20 > .kt-inside-inner-col{flex-direction:column;justify-content:center;}.kadence-column2890_ec6dee-20 > .kt-inside-inner-col{flex-direction:column;justify-content:center;align-items:center;}}<\/style>\n<div class=\"wp-block-kadence-column kadence-column2890_ec6dee-20 kb-section-has-overlay\"><div class=\"kt-inside-inner-col\"><style>.wp-block-kadence-advancedheading.kt-adv-heading2890_ec6545-21, .wp-block-kadence-advancedheading.kt-adv-heading2890_ec6545-21[data-kb-block=\"kb-adv-heading2890_ec6545-21\"]{font-size:40px;font-style:normal;color:#fff9f9;}.wp-block-kadence-advancedheading.kt-adv-heading2890_ec6545-21 mark.kt-highlight, .wp-block-kadence-advancedheading.kt-adv-heading2890_ec6545-21[data-kb-block=\"kb-adv-heading2890_ec6545-21\"] mark.kt-highlight{font-style:normal;color:#f76a0c;-webkit-box-decoration-break:clone;box-decoration-break:clone;padding-top:0px;padding-right:0px;padding-bottom:0px;padding-left:0px;}.wp-block-kadence-advancedheading.kt-adv-heading2890_ec6545-21 img.kb-inline-image, .wp-block-kadence-advancedheading.kt-adv-heading2890_ec6545-21[data-kb-block=\"kb-adv-heading2890_ec6545-21\"] img.kb-inline-image{width:150px;vertical-align:baseline;}@media all and (max-width: 767px){.wp-block-kadence-advancedheading.kt-adv-heading2890_ec6545-21, .wp-block-kadence-advancedheading.kt-adv-heading2890_ec6545-21[data-kb-block=\"kb-adv-heading2890_ec6545-21\"]{font-size:var(--global-kb-font-size-lg, 2rem);}}<\/style>\n<h1 class=\"kt-adv-heading2890_ec6545-21 wp-block-kadence-advancedheading\" data-kb-block=\"kb-adv-heading2890_ec6545-21\">Schmuckindustrie<\/h1>\n<\/div><\/div>\n\n\n<style>.kb-row-layout-id2890_aaefc7-fc > .kt-row-column-wrap{align-content:start;}:where(.kb-row-layout-id2890_aaefc7-fc > .kt-row-column-wrap) > .wp-block-kadence-column{justify-content:start;}.kb-row-layout-id2890_aaefc7-fc > .kt-row-column-wrap{column-gap:var(--global-kb-gap-lg, 4rem);row-gap:var(--global-kb-gap-md, 2rem);max-width:var( --global-content-width, 1600px );padding-left:var(--global-content-edge-padding);padding-right:var(--global-content-edge-padding);padding-top:var(--global-kb-spacing-xxl, 5rem);padding-bottom:var(--global-kb-spacing-sm, 1.5rem);grid-template-columns:minmax(0, calc(40% - ((var(--global-kb-gap-lg, 4rem) * 1 )\/2)))minmax(0, calc(60% - ((var(--global-kb-gap-lg, 4rem) * 1 )\/2)));}.kb-row-layout-id2890_aaefc7-fc > .kt-row-layout-overlay{opacity:0.30;}@media all and (max-width: 1024px){.kb-row-layout-id2890_aaefc7-fc > .kt-row-column-wrap{grid-template-columns:minmax(0, 1fr) minmax(0, 2fr);}}@media all and (max-width: 767px){.kb-row-layout-id2890_aaefc7-fc > .kt-row-column-wrap{row-gap:var(--global-kb-gap-none, 0rem );padding-top:var(--global-kb-spacing-lg, 3rem);grid-template-columns:minmax(0, 1fr);}}<\/style><div class=\"kb-row-layout-wrap kb-row-layout-id2890_aaefc7-fc alignnone wp-block-kadence-rowlayout\"><div class=\"kt-row-column-wrap kt-has-2-columns kt-row-layout-right-golden kt-tab-layout-inherit kt-mobile-layout-row kt-row-valign-top kb-theme-content-width\">\n<style>.kadence-column2890_8e156f-5f > .kt-inside-inner-col{display:flex;}.kadence-column2890_8e156f-5f > .kt-inside-inner-col,.kadence-column2890_8e156f-5f > .kt-inside-inner-col:before{border-top-left-radius:0px;border-top-right-radius:0px;border-bottom-right-radius:0px;border-bottom-left-radius:0px;}.kadence-column2890_8e156f-5f > .kt-inside-inner-col{column-gap:var(--global-kb-gap-sm, 1rem);}.kadence-column2890_8e156f-5f > .kt-inside-inner-col{flex-direction:column;justify-content:center;}.kadence-column2890_8e156f-5f > .kt-inside-inner-col > .aligncenter{width:100%;}.kt-row-column-wrap > .kadence-column2890_8e156f-5f{align-self:center;}.kt-inner-column-height-full:not(.kt-has-1-columns) > .wp-block-kadence-column.kadence-column2890_8e156f-5f{align-self:auto;}.kt-inner-column-height-full:not(.kt-has-1-columns) > .wp-block-kadence-column.kadence-column2890_8e156f-5f > .kt-inside-inner-col{flex-direction:column;justify-content:center;}.kadence-column2890_8e156f-5f > .kt-inside-inner-col:before{opacity:0.3;}.kadence-column2890_8e156f-5f{position:relative;}@media all and (max-width: 1024px){.kt-row-column-wrap > .kadence-column2890_8e156f-5f{align-self:center;}}@media all and (max-width: 1024px){.kt-inner-column-height-full:not(.kt-has-1-columns) > .wp-block-kadence-column.kadence-column2890_8e156f-5f{align-self:auto;}}@media all and (max-width: 1024px){.kt-inner-column-height-full:not(.kt-has-1-columns) > .wp-block-kadence-column.kadence-column2890_8e156f-5f > .kt-inside-inner-col{flex-direction:column;justify-content:center;}}@media all and (max-width: 1024px){.kadence-column2890_8e156f-5f > .kt-inside-inner-col{flex-direction:column;justify-content:center;}}@media all and (max-width: 767px){.kt-row-column-wrap > .kadence-column2890_8e156f-5f{align-self:center;}.kt-inner-column-height-full:not(.kt-has-1-columns) > .wp-block-kadence-column.kadence-column2890_8e156f-5f{align-self:auto;}.kt-inner-column-height-full:not(.kt-has-1-columns) > .wp-block-kadence-column.kadence-column2890_8e156f-5f > .kt-inside-inner-col{flex-direction:column;justify-content:center;}.kadence-column2890_8e156f-5f > .kt-inside-inner-col{flex-direction:column;justify-content:center;}}<\/style>\n<div class=\"wp-block-kadence-column kadence-column2890_8e156f-5f\"><div class=\"kt-inside-inner-col\">\n<figure class=\"wp-block-image size-full\"><img loading=\"lazy\" decoding=\"async\" width=\"600\" height=\"600\" src=\"https:\/\/3dpmetal.com\/wp-content\/uploads\/2024\/03\/5ngCICAXiH0.jpg\" alt=\"\" class=\"wp-image-2869\" title=\"\" srcset=\"https:\/\/3dpmetal.com\/wp-content\/uploads\/2024\/03\/5ngCICAXiH0.jpg 600w, https:\/\/3dpmetal.com\/wp-content\/uploads\/2024\/03\/5ngCICAXiH0-300x300.jpg 300w, https:\/\/3dpmetal.com\/wp-content\/uploads\/2024\/03\/5ngCICAXiH0-150x150.jpg 150w\" sizes=\"auto, (max-width: 600px) 100vw, 600px\" \/><\/figure>\n<\/div><\/div>\n\n\n<style>.kadence-column2890_fcf454-8b > .kt-inside-inner-col{display:flex;}.kadence-column2890_fcf454-8b > .kt-inside-inner-col,.kadence-column2890_fcf454-8b > .kt-inside-inner-col:before{border-top-left-radius:0px;border-top-right-radius:0px;border-bottom-right-radius:0px;border-bottom-left-radius:0px;}.kadence-column2890_fcf454-8b > .kt-inside-inner-col{column-gap:var(--global-kb-gap-sm, 1rem);}.kadence-column2890_fcf454-8b > .kt-inside-inner-col{flex-direction:column;justify-content:center;}.kadence-column2890_fcf454-8b > .kt-inside-inner-col > .aligncenter{width:100%;}.kt-row-column-wrap > .kadence-column2890_fcf454-8b{align-self:center;}.kt-inner-column-height-full:not(.kt-has-1-columns) > .wp-block-kadence-column.kadence-column2890_fcf454-8b{align-self:auto;}.kt-inner-column-height-full:not(.kt-has-1-columns) > .wp-block-kadence-column.kadence-column2890_fcf454-8b > .kt-inside-inner-col{flex-direction:column;justify-content:center;}.kadence-column2890_fcf454-8b > .kt-inside-inner-col:before{opacity:0.3;}.kadence-column2890_fcf454-8b{position:relative;}@media all and (max-width: 1024px){.kt-row-column-wrap > .kadence-column2890_fcf454-8b{align-self:center;}}@media all and (max-width: 1024px){.kt-inner-column-height-full:not(.kt-has-1-columns) > .wp-block-kadence-column.kadence-column2890_fcf454-8b{align-self:auto;}}@media all and (max-width: 1024px){.kt-inner-column-height-full:not(.kt-has-1-columns) > .wp-block-kadence-column.kadence-column2890_fcf454-8b > .kt-inside-inner-col{flex-direction:column;justify-content:center;}}@media all and (max-width: 1024px){.kadence-column2890_fcf454-8b > .kt-inside-inner-col{flex-direction:column;justify-content:center;}}@media all and (max-width: 767px){.kt-row-column-wrap > .kadence-column2890_fcf454-8b{align-self:center;}.kt-inner-column-height-full:not(.kt-has-1-columns) > .wp-block-kadence-column.kadence-column2890_fcf454-8b{align-self:auto;}.kt-inner-column-height-full:not(.kt-has-1-columns) > .wp-block-kadence-column.kadence-column2890_fcf454-8b > .kt-inside-inner-col{flex-direction:column;justify-content:center;}.kadence-column2890_fcf454-8b > .kt-inside-inner-col{flex-direction:column;justify-content:center;}}<\/style>\n<div class=\"wp-block-kadence-column kadence-column2890_fcf454-8b\"><div class=\"kt-inside-inner-col\"><style>.wp-block-kadence-advancedheading.kt-adv-heading2890_0b87c3-02, .wp-block-kadence-advancedheading.kt-adv-heading2890_0b87c3-02[data-kb-block=\"kb-adv-heading2890_0b87c3-02\"]{font-style:normal;}.wp-block-kadence-advancedheading.kt-adv-heading2890_0b87c3-02 mark.kt-highlight, .wp-block-kadence-advancedheading.kt-adv-heading2890_0b87c3-02[data-kb-block=\"kb-adv-heading2890_0b87c3-02\"] mark.kt-highlight{font-style:normal;color:#f76a0c;-webkit-box-decoration-break:clone;box-decoration-break:clone;padding-top:0px;padding-right:0px;padding-bottom:0px;padding-left:0px;}.wp-block-kadence-advancedheading.kt-adv-heading2890_0b87c3-02 img.kb-inline-image, .wp-block-kadence-advancedheading.kt-adv-heading2890_0b87c3-02[data-kb-block=\"kb-adv-heading2890_0b87c3-02\"] img.kb-inline-image{width:150px;vertical-align:baseline;}@media all and (max-width: 767px){.wp-block-kadence-advancedheading.kt-adv-heading2890_0b87c3-02, .wp-block-kadence-advancedheading.kt-adv-heading2890_0b87c3-02[data-kb-block=\"kb-adv-heading2890_0b87c3-02\"]{font-size:20px;}}<\/style>\n<h2 class=\"kt-adv-heading2890_0b87c3-02 wp-block-kadence-advancedheading\" data-kb-block=\"kb-adv-heading2890_0b87c3-02\">Die Schmuckindustrie ist eine, die sich st\u00e4ndig ver\u00e4ndert.<\/h2>\n\n\n\n<p>Die additive Fertigung erm\u00f6glicht neue Designfreiheiten bei der Schmuckherstellung. Metall-3D-Druck erm\u00f6glicht komplexe, organische Formen, die mit Gussteilen oder CNC-Bearbeitung nicht m\u00f6glich sind. Dadurch k\u00f6nnen Juweliere leichte, bequeme St\u00fccke kreieren, die auf den Kunden zugeschnitten sind. Die Technologie erlaubt es au\u00dferdem, Komponenten in einem einzigen gedruckten Teil zu konsolidieren.<\/p>\n\n\n\n<p>Meituo ist der ideale Partner f\u00fcr Juweliere, die Metall-AM-Techniken anwenden. Unsere fortschrittlichen selektiven Elektronenstrahlschmelzanlagen zeichnen sich durch den Druck von Edelmetallen wie Gold-, Silber- und Platinlegierungen aus. Unser Verfahren erreicht die feine Oberfl\u00e4chenbeschaffenheit und die Ma\u00dfgenauigkeit, die f\u00fcr Schmuck erforderlich sind.<\/p>\n\n\n\n<p>Zus\u00e4tzlich bietet Meituo Edelmetallpulver an, die f\u00fcr unsere Drucker optimiert sind. Dazu geh\u00f6ren Gold, Silber, Bronze und mehr. Unsere hochwertigen Pulver gew\u00e4hrleisten einen zuverl\u00e4ssigen, wiederholbaren Druck dichter, polierter Schmuckst\u00fccke.<\/p>\n\n\n\n<p>Mit seiner Expertise in der Kleinserienfertigung hilft Meituo Juwelieren bei der Umsetzung des Metall-3D-Drucks, um die Designm\u00f6glichkeiten zu erweitern. Durch die Nutzung unserer f\u00fchrenden Drucker und ma\u00dfgeschneiderten Edelmetallpulver k\u00f6nnen Juweliere die additive Fertigung nutzen, um personalisierte, hochwertige St\u00fccke anzubieten.<\/p>\n\n\n\n<p>Meituo stellt umfassende L\u00f6sungen zur F\u00f6rderung der additiven Metallfertigung in der Schmuckproduktion bereit. Unsere M\u00f6glichkeiten erschlie\u00dfen neues Potenzial im Schmuckdesign und in der Schmuckherstellung.<\/p>\n<\/div><\/div>\n\n<\/div><\/div>","protected":false},"excerpt":{"rendered":"<p>Schmuckindustrie Die Schmuckindustrie befindet sich in einem st\u00e4ndigen Wandel. Die additive Fertigung erm\u00f6glicht neue Designfreiheiten in der Schmuckherstellung. Der 3D-Druck von Metall erm\u00f6glicht komplizierte, organische Formen, die mit Guss oder CNC-Bearbeitung nicht m\u00f6glich sind. So k\u00f6nnen Juweliere leichte, bequeme und auf den Kunden zugeschnittene St\u00fccke herstellen. Die Technologie erm\u00f6glicht auch die Konsolidierung von Komponenten in einem einzigen...<\/p>","protected":false},"author":1,"featured_media":0,"parent":0,"menu_order":0,"comment_status":"closed","ping_status":"closed","template":"","meta":{"_acf_changed":false,"_kad_blocks_custom_css":"","_kad_blocks_head_custom_js":"","_kad_blocks_body_custom_js":"","_kad_blocks_footer_custom_js":"","_kad_post_transparent":"","_kad_post_title":"","_kad_post_layout":"fullwidth","_kad_post_sidebar_id":"","_kad_post_content_style":"unboxed","_kad_post_vertical_padding":"","_kad_post_feature":"","_kad_post_feature_position":"","_kad_post_header":false,"_kad_post_footer":false,"_kad_post_classname":"","footnotes":""},"class_list":["post-2890","page","type-page","status-publish","hentry"],"acf":[],"taxonomy_info":[],"featured_image_src_large":false,"author_info":{"display_name":"demo","author_link":"https:\/\/3dpmetal.com\/de\/author\/demo\/"},"comment_info":0,"_links":{"self":[{"href":"https:\/\/3dpmetal.com\/de\/wp-json\/wp\/v2\/pages\/2890","targetHints":{"allow":["GET"]}}],"collection":[{"href":"https:\/\/3dpmetal.com\/de\/wp-json\/wp\/v2\/pages"}],"about":[{"href":"https:\/\/3dpmetal.com\/de\/wp-json\/wp\/v2\/types\/page"}],"author":[{"embeddable":true,"href":"https:\/\/3dpmetal.com\/de\/wp-json\/wp\/v2\/users\/1"}],"replies":[{"embeddable":true,"href":"https:\/\/3dpmetal.com\/de\/wp-json\/wp\/v2\/comments?post=2890"}],"version-history":[{"count":3,"href":"https:\/\/3dpmetal.com\/de\/wp-json\/wp\/v2\/pages\/2890\/revisions"}],"predecessor-version":[{"id":4073,"href":"https:\/\/3dpmetal.com\/de\/wp-json\/wp\/v2\/pages\/2890\/revisions\/4073"}],"wp:attachment":[{"href":"https:\/\/3dpmetal.com\/de\/wp-json\/wp\/v2\/media?parent=2890"}],"curies":[{"name":"wp","href":"https:\/\/api.w.org\/{rel}","templated":true}]}}