{"id":2892,"date":"2024-03-07T07:49:53","date_gmt":"2024-03-07T07:49:53","guid":{"rendered":"https:\/\/3dp.45612300.xyz\/?page_id=2892"},"modified":"2024-04-01T06:18:05","modified_gmt":"2024-04-01T06:18:05","slug":"energy-sector","status":"publish","type":"page","link":"https:\/\/3dpmetal.com\/de\/energy-sector\/","title":{"rendered":"Energiebranche"},"content":{"rendered":"<style>.kadence-column2892_e11e99-bd > .kt-inside-inner-col{display:flex;}.kadence-column2892_e11e99-bd > .kt-inside-inner-col{min-height:300px;}.kadence-column2892_e11e99-bd > .kt-inside-inner-col,.kadence-column2892_e11e99-bd > .kt-inside-inner-col:before{border-top-left-radius:0px;border-top-right-radius:0px;border-bottom-right-radius:0px;border-bottom-left-radius:0px;}.kadence-column2892_e11e99-bd > .kt-inside-inner-col{column-gap:var(--global-kb-gap-sm, 1rem);}.kadence-column2892_e11e99-bd > .kt-inside-inner-col{flex-direction:column;justify-content:center;align-items:center;}.kadence-column2892_e11e99-bd > .kt-inside-inner-col > .kb-image-is-ratio-size{align-self:stretch;}.kadence-column2892_e11e99-bd > .kt-inside-inner-col > .wp-block-kadence-advancedgallery{align-self:stretch;}.kadence-column2892_e11e99-bd > .kt-inside-inner-col > .aligncenter{width:100%;}.kt-row-column-wrap > .kadence-column2892_e11e99-bd{align-self:center;}.kt-inner-column-height-full:not(.kt-has-1-columns) > .wp-block-kadence-column.kadence-column2892_e11e99-bd{align-self:auto;}.kt-inner-column-height-full:not(.kt-has-1-columns) > .wp-block-kadence-column.kadence-column2892_e11e99-bd > .kt-inside-inner-col{flex-direction:column;justify-content:center;}.kadence-column2892_e11e99-bd > .kt-inside-inner-col{background-image:url('https:\/\/3dpmetal.com\/wp-content\/uploads\/2024\/02\/663f499e-1c8a-4d2f-9a72-f23b2ce6a317.png');background-size:cover;background-position:50% 0%;background-attachment:scroll;background-repeat:no-repeat;}.kadence-column2892_e11e99-bd > .kt-inside-inner-col:before{opacity:0.63;background-color:#000000;}.kadence-column2892_e11e99-bd{position:relative;}@media all and (max-width: 1024px){.kt-row-column-wrap > .kadence-column2892_e11e99-bd{align-self:center;}}@media all and (max-width: 1024px){.kt-inner-column-height-full:not(.kt-has-1-columns) > .wp-block-kadence-column.kadence-column2892_e11e99-bd{align-self:auto;}}@media all and (max-width: 1024px){.kt-inner-column-height-full:not(.kt-has-1-columns) > .wp-block-kadence-column.kadence-column2892_e11e99-bd > .kt-inside-inner-col{flex-direction:column;justify-content:center;}}@media all and (max-width: 1024px){.kadence-column2892_e11e99-bd > .kt-inside-inner-col{flex-direction:column;justify-content:center;align-items:center;}}@media all and (max-width: 767px){.kt-row-column-wrap > .kadence-column2892_e11e99-bd{align-self:center;}.kt-inner-column-height-full:not(.kt-has-1-columns) > .wp-block-kadence-column.kadence-column2892_e11e99-bd{align-self:auto;}.kt-inner-column-height-full:not(.kt-has-1-columns) > .wp-block-kadence-column.kadence-column2892_e11e99-bd > .kt-inside-inner-col{flex-direction:column;justify-content:center;}.kadence-column2892_e11e99-bd > .kt-inside-inner-col{flex-direction:column;justify-content:center;align-items:center;}}<\/style>\n<div class=\"wp-block-kadence-column kadence-column2892_e11e99-bd kb-section-has-overlay\"><div class=\"kt-inside-inner-col\"><style>.wp-block-kadence-advancedheading.kt-adv-heading2892_32d462-4a, .wp-block-kadence-advancedheading.kt-adv-heading2892_32d462-4a[data-kb-block=\"kb-adv-heading2892_32d462-4a\"]{font-size:40px;font-style:normal;color:#fff9f9;}.wp-block-kadence-advancedheading.kt-adv-heading2892_32d462-4a mark.kt-highlight, .wp-block-kadence-advancedheading.kt-adv-heading2892_32d462-4a[data-kb-block=\"kb-adv-heading2892_32d462-4a\"] mark.kt-highlight{font-style:normal;color:#f76a0c;-webkit-box-decoration-break:clone;box-decoration-break:clone;padding-top:0px;padding-right:0px;padding-bottom:0px;padding-left:0px;}.wp-block-kadence-advancedheading.kt-adv-heading2892_32d462-4a img.kb-inline-image, .wp-block-kadence-advancedheading.kt-adv-heading2892_32d462-4a[data-kb-block=\"kb-adv-heading2892_32d462-4a\"] img.kb-inline-image{width:150px;vertical-align:baseline;}@media all and (max-width: 767px){.wp-block-kadence-advancedheading.kt-adv-heading2892_32d462-4a, .wp-block-kadence-advancedheading.kt-adv-heading2892_32d462-4a[data-kb-block=\"kb-adv-heading2892_32d462-4a\"]{font-size:var(--global-kb-font-size-lg, 2rem);}}<\/style>\n<h1 class=\"kt-adv-heading2892_32d462-4a wp-block-kadence-advancedheading\" data-kb-block=\"kb-adv-heading2892_32d462-4a\">Energiebranche<\/h1>\n<\/div><\/div>\n\n\n<style>.kb-row-layout-id2892_75fb7d-fe > .kt-row-column-wrap{align-content:start;}:where(.kb-row-layout-id2892_75fb7d-fe > .kt-row-column-wrap) > .wp-block-kadence-column{justify-content:start;}.kb-row-layout-id2892_75fb7d-fe > .kt-row-column-wrap{column-gap:var(--global-kb-gap-lg, 4rem);row-gap:var(--global-kb-gap-md, 2rem);max-width:var( --global-content-width, 1600px );padding-left:var(--global-content-edge-padding);padding-right:var(--global-content-edge-padding);padding-top:var(--global-kb-spacing-xxl, 5rem);padding-bottom:var(--global-kb-spacing-sm, 1.5rem);grid-template-columns:minmax(0, calc(40% - ((var(--global-kb-gap-lg, 4rem) * 1 )\/2)))minmax(0, calc(60% - ((var(--global-kb-gap-lg, 4rem) * 1 )\/2)));}.kb-row-layout-id2892_75fb7d-fe > .kt-row-layout-overlay{opacity:0.30;}@media all and (max-width: 1024px){.kb-row-layout-id2892_75fb7d-fe > .kt-row-column-wrap{grid-template-columns:minmax(0, 1fr) minmax(0, 2fr);}}@media all and (max-width: 767px){.kb-row-layout-id2892_75fb7d-fe > .kt-row-column-wrap{row-gap:var(--global-kb-gap-none, 0rem );padding-top:var(--global-kb-spacing-md, 2rem);grid-template-columns:minmax(0, 1fr);}}<\/style><div class=\"kb-row-layout-wrap kb-row-layout-id2892_75fb7d-fe alignnone wp-block-kadence-rowlayout\"><div class=\"kt-row-column-wrap kt-has-2-columns kt-row-layout-right-golden kt-tab-layout-inherit kt-mobile-layout-row kt-row-valign-top kb-theme-content-width\">\n<style>.kadence-column2892_76792b-35 > .kt-inside-inner-col{display:flex;}.kadence-column2892_76792b-35 > .kt-inside-inner-col,.kadence-column2892_76792b-35 > .kt-inside-inner-col:before{border-top-left-radius:0px;border-top-right-radius:0px;border-bottom-right-radius:0px;border-bottom-left-radius:0px;}.kadence-column2892_76792b-35 > .kt-inside-inner-col{column-gap:var(--global-kb-gap-sm, 1rem);}.kadence-column2892_76792b-35 > .kt-inside-inner-col{flex-direction:column;justify-content:center;}.kadence-column2892_76792b-35 > .kt-inside-inner-col > .aligncenter{width:100%;}.kt-row-column-wrap > .kadence-column2892_76792b-35{align-self:center;}.kt-inner-column-height-full:not(.kt-has-1-columns) > .wp-block-kadence-column.kadence-column2892_76792b-35{align-self:auto;}.kt-inner-column-height-full:not(.kt-has-1-columns) > .wp-block-kadence-column.kadence-column2892_76792b-35 > .kt-inside-inner-col{flex-direction:column;justify-content:center;}.kadence-column2892_76792b-35 > .kt-inside-inner-col:before{opacity:0.3;}.kadence-column2892_76792b-35{position:relative;}@media all and (max-width: 1024px){.kt-row-column-wrap > .kadence-column2892_76792b-35{align-self:center;}}@media all and (max-width: 1024px){.kt-inner-column-height-full:not(.kt-has-1-columns) > .wp-block-kadence-column.kadence-column2892_76792b-35{align-self:auto;}}@media all and (max-width: 1024px){.kt-inner-column-height-full:not(.kt-has-1-columns) > .wp-block-kadence-column.kadence-column2892_76792b-35 > .kt-inside-inner-col{flex-direction:column;justify-content:center;}}@media all and (max-width: 1024px){.kadence-column2892_76792b-35 > .kt-inside-inner-col{flex-direction:column;justify-content:center;}}@media all and (max-width: 767px){.kt-row-column-wrap > .kadence-column2892_76792b-35{align-self:center;}.kt-inner-column-height-full:not(.kt-has-1-columns) > .wp-block-kadence-column.kadence-column2892_76792b-35{align-self:auto;}.kt-inner-column-height-full:not(.kt-has-1-columns) > .wp-block-kadence-column.kadence-column2892_76792b-35 > .kt-inside-inner-col{flex-direction:column;justify-content:center;}.kadence-column2892_76792b-35 > .kt-inside-inner-col{flex-direction:column;justify-content:center;}}<\/style>\n<div class=\"wp-block-kadence-column kadence-column2892_76792b-35\"><div class=\"kt-inside-inner-col\">\n<figure class=\"wp-block-image size-full\"><img loading=\"lazy\" decoding=\"async\" width=\"600\" height=\"600\" src=\"https:\/\/3dpmetal.com\/wp-content\/uploads\/2024\/03\/energy-1.jpg\" alt=\"\" class=\"wp-image-2870\" title=\"\" srcset=\"https:\/\/3dpmetal.com\/wp-content\/uploads\/2024\/03\/energy-1.jpg 600w, https:\/\/3dpmetal.com\/wp-content\/uploads\/2024\/03\/energy-1-300x300.jpg 300w, https:\/\/3dpmetal.com\/wp-content\/uploads\/2024\/03\/energy-1-150x150.jpg 150w\" sizes=\"auto, (max-width: 600px) 100vw, 600px\" \/><\/figure>\n<\/div><\/div>\n\n\n<style>.kadence-column2892_31cf02-b5 > .kt-inside-inner-col{display:flex;}.kadence-column2892_31cf02-b5 > .kt-inside-inner-col,.kadence-column2892_31cf02-b5 > .kt-inside-inner-col:before{border-top-left-radius:0px;border-top-right-radius:0px;border-bottom-right-radius:0px;border-bottom-left-radius:0px;}.kadence-column2892_31cf02-b5 > .kt-inside-inner-col{column-gap:var(--global-kb-gap-sm, 1rem);}.kadence-column2892_31cf02-b5 > .kt-inside-inner-col{flex-direction:column;justify-content:center;}.kadence-column2892_31cf02-b5 > .kt-inside-inner-col > .aligncenter{width:100%;}.kt-row-column-wrap > .kadence-column2892_31cf02-b5{align-self:center;}.kt-inner-column-height-full:not(.kt-has-1-columns) > .wp-block-kadence-column.kadence-column2892_31cf02-b5{align-self:auto;}.kt-inner-column-height-full:not(.kt-has-1-columns) > .wp-block-kadence-column.kadence-column2892_31cf02-b5 > .kt-inside-inner-col{flex-direction:column;justify-content:center;}.kadence-column2892_31cf02-b5 > .kt-inside-inner-col:before{opacity:0.3;}.kadence-column2892_31cf02-b5{position:relative;}@media all and (max-width: 1024px){.kt-row-column-wrap > .kadence-column2892_31cf02-b5{align-self:center;}}@media all and (max-width: 1024px){.kt-inner-column-height-full:not(.kt-has-1-columns) > .wp-block-kadence-column.kadence-column2892_31cf02-b5{align-self:auto;}}@media all and (max-width: 1024px){.kt-inner-column-height-full:not(.kt-has-1-columns) > .wp-block-kadence-column.kadence-column2892_31cf02-b5 > .kt-inside-inner-col{flex-direction:column;justify-content:center;}}@media all and (max-width: 1024px){.kadence-column2892_31cf02-b5 > .kt-inside-inner-col{flex-direction:column;justify-content:center;}}@media all and (max-width: 767px){.kt-row-column-wrap > .kadence-column2892_31cf02-b5{align-self:center;}.kt-inner-column-height-full:not(.kt-has-1-columns) > .wp-block-kadence-column.kadence-column2892_31cf02-b5{align-self:auto;}.kt-inner-column-height-full:not(.kt-has-1-columns) > .wp-block-kadence-column.kadence-column2892_31cf02-b5 > .kt-inside-inner-col{flex-direction:column;justify-content:center;}.kadence-column2892_31cf02-b5 > .kt-inside-inner-col{flex-direction:column;justify-content:center;}}<\/style>\n<div class=\"wp-block-kadence-column kadence-column2892_31cf02-b5\"><div class=\"kt-inside-inner-col\"><style>.wp-block-kadence-advancedheading.kt-adv-heading2892_087f09-10, .wp-block-kadence-advancedheading.kt-adv-heading2892_087f09-10[data-kb-block=\"kb-adv-heading2892_087f09-10\"]{font-style:normal;}.wp-block-kadence-advancedheading.kt-adv-heading2892_087f09-10 mark.kt-highlight, .wp-block-kadence-advancedheading.kt-adv-heading2892_087f09-10[data-kb-block=\"kb-adv-heading2892_087f09-10\"] mark.kt-highlight{font-style:normal;color:#f76a0c;-webkit-box-decoration-break:clone;box-decoration-break:clone;padding-top:0px;padding-right:0px;padding-bottom:0px;padding-left:0px;}.wp-block-kadence-advancedheading.kt-adv-heading2892_087f09-10 img.kb-inline-image, .wp-block-kadence-advancedheading.kt-adv-heading2892_087f09-10[data-kb-block=\"kb-adv-heading2892_087f09-10\"] img.kb-inline-image{width:150px;vertical-align:baseline;}@media all and (max-width: 767px){.wp-block-kadence-advancedheading.kt-adv-heading2892_087f09-10, .wp-block-kadence-advancedheading.kt-adv-heading2892_087f09-10[data-kb-block=\"kb-adv-heading2892_087f09-10\"]{font-size:20px;}}<\/style>\n<h2 class=\"kt-adv-heading2892_087f09-10 wp-block-kadence-advancedheading\" data-kb-block=\"kb-adv-heading2892_087f09-10\">Der Energiesektor befindet sich in einem st\u00e4ndigen Wandel.<\/h2>\n\n\n\n<p>Die Energieindustrie nutzt die additive Fertigung, um Komponenten mit verbesserter Leistung herzustellen. Der 3D-Metalldruck erm\u00f6glicht komplexe Geometrien, um den W\u00e4rme- und Fl\u00fcssigkeitsfluss in Turbinen, Ventilen und anderer \u00d6l- und Gasausr\u00fcstung zu verbessern. Die Konsolidierung von Baugruppen zu einzelnen gedruckten Teilen reduziert auch die Herstellungsschritte.<\/p>\n\n\n\n<p>Meituo ist ein idealer Partner f\u00fcr Energieunternehmen, die Metall-AM-Techniken erforschen. Unsere fortschrittlichen selektiven Elektronenstrahlschmelzsysteme eignen sich hervorragend f\u00fcr die Arbeit mit Nickellegierungen, Kobaltlegierungen und rostfreien St\u00e4hlen, die in Energieanwendungen weit verbreitet sind. Unser Verfahren erreicht die mechanischen Eigenschaften, Oberfl\u00e4chenbeschaffenheit und Ma\u00dfhaltigkeit, die f\u00fcr \u00d6l- und Gaskomponenten erforderlich sind.<\/p>\n\n\n\n<p>Zus\u00e4tzlich bietet Meituo ein breites Portfolio an Metallpulvern, die f\u00fcr unsere Drucker optimiert sind. Dazu geh\u00f6ren Nickel-, Kobalt- und Edelstahllegierungen, die f\u00fcr Stromerzeugung, \u00d6l- und Gasindustrie verwendet werden. Unsere hochwertigen Pulver gew\u00e4hrleisten einen zuverl\u00e4ssigen, wiederholbaren Druck dichter, langlebiger Energieteile.<\/p>\n\n\n\n<p>Mit Fachwissen in regulierten Industrien hilft Meituo Energieunternehmen dabei, gedruckte Komponenten f\u00fcr den Feldeinsatz zu validieren. Durch die Nutzung unserer f\u00fchrenden 3D-Drucksysteme und ma\u00dfgeschneiderten Pulver k\u00f6nnen Energieunternehmen metallische additive Fertigung einsetzen, um die Anlagenleistung zu verbessern.<\/p>\n\n\n\n<p>Meituo tritt mit dem Energiesektor in Partnerschaft, um die additiven Metalltechniken voranzutreiben. Unsere umfassenden L\u00f6sungen erschlie\u00dfen die Vorteile des 3D-Drucks f\u00fcr die Energiehardware der n\u00e4chsten Generation.<\/p>\n<\/div><\/div>\n\n<\/div><\/div>","protected":false},"excerpt":{"rendered":"<p>Energy Sector The Energy Sector Is One Of Constant Change. The energy industry is leveraging additive manufacturing to produce components with enhanced performance. Metal 3D printing enables complex geometries to improve heat and fluid flow in turbines, valves, and other oil and gas hardware. Consolidating assemblies into single printed parts also reduces manufacturing steps. Meituo&#8230;<\/p>","protected":false},"author":1,"featured_media":0,"parent":0,"menu_order":0,"comment_status":"closed","ping_status":"closed","template":"","meta":{"_acf_changed":false,"_kad_blocks_custom_css":"","_kad_blocks_head_custom_js":"","_kad_blocks_body_custom_js":"","_kad_blocks_footer_custom_js":"","_kad_post_transparent":"","_kad_post_title":"","_kad_post_layout":"fullwidth","_kad_post_sidebar_id":"","_kad_post_content_style":"unboxed","_kad_post_vertical_padding":"","_kad_post_feature":"","_kad_post_feature_position":"","_kad_post_header":false,"_kad_post_footer":false,"_kad_post_classname":"","footnotes":""},"class_list":["post-2892","page","type-page","status-publish","hentry"],"acf":[],"taxonomy_info":[],"featured_image_src_large":false,"author_info":{"display_name":"demo","author_link":"https:\/\/3dpmetal.com\/de\/author\/demo\/"},"comment_info":0,"_links":{"self":[{"href":"https:\/\/3dpmetal.com\/de\/wp-json\/wp\/v2\/pages\/2892","targetHints":{"allow":["GET"]}}],"collection":[{"href":"https:\/\/3dpmetal.com\/de\/wp-json\/wp\/v2\/pages"}],"about":[{"href":"https:\/\/3dpmetal.com\/de\/wp-json\/wp\/v2\/types\/page"}],"author":[{"embeddable":true,"href":"https:\/\/3dpmetal.com\/de\/wp-json\/wp\/v2\/users\/1"}],"replies":[{"embeddable":true,"href":"https:\/\/3dpmetal.com\/de\/wp-json\/wp\/v2\/comments?post=2892"}],"version-history":[{"count":3,"href":"https:\/\/3dpmetal.com\/de\/wp-json\/wp\/v2\/pages\/2892\/revisions"}],"predecessor-version":[{"id":4071,"href":"https:\/\/3dpmetal.com\/de\/wp-json\/wp\/v2\/pages\/2892\/revisions\/4071"}],"wp:attachment":[{"href":"https:\/\/3dpmetal.com\/de\/wp-json\/wp\/v2\/media?parent=2892"}],"curies":[{"name":"wp","href":"https:\/\/api.w.org\/{rel}","templated":true}]}}