{"id":3857,"date":"2024-03-18T06:10:08","date_gmt":"2024-03-18T06:10:08","guid":{"rendered":"https:\/\/3dp.45612300.xyz\/product\/17-4ph-stainless-steel-powder\/"},"modified":"2024-03-18T06:10:08","modified_gmt":"2024-03-18T06:10:08","slug":"17-4ph-stainless-steel-powder","status":"publish","type":"product","link":"https:\/\/3dpmetal.com\/de\/product\/17-4ph-stainless-steel-powder\/","title":{"rendered":"17-4PH-Edelstahl-Pulver"},"content":{"rendered":"<p><span style=\"vertical-align: inherit;\"><span style=\"vertical-align: inherit;\"><\/p>\n<h2><strong>\u00dcberblick \u00fcber 17-4PH-Edelstahlpulver<\/strong><\/h2>\n<p class=\"whitespace-pre-wrap\">17-4PH ist ein ausscheidungsh\u00e4rtendes Edelstahlpulver, das in der additiven Fertigung in der Luft- und Raumfahrt, der Medizintechnik, der Automobilindustrie und im allgemeinen Maschinenbau weit verbreitet ist. Es bietet eine hervorragende Kombination aus hoher Festigkeit, guter Korrosionsbest\u00e4ndigkeit und Schwei\u00dfbarkeit.<\/p>\n<p class=\"whitespace-pre-wrap\">Dieser Artikel enth\u00e4lt einen detaillierten Leitfaden zu 17-4PH-Pulver, der die Zusammensetzung, Eigenschaften, AM-Prozessparameter, Anwendungen, Spezifikationen, Lieferanten, Handhabung, Pr\u00fcfung, Vergleiche, Vor- und Nachteile sowie h\u00e4ufig gestellte Fragen behandelt. Die wichtigsten Informationen werden in leicht zug\u00e4nglichen Tabellen dargestellt.<\/p>\n<h3><strong>Zusammensetzung von 17-4PH-Edelstahlpulver<\/strong><\/h3>\n<p class=\"whitespace-pre-wrap\">Die Zusammensetzung von 17-4PH-Pulver ist wie folgt:<\/p>\n<table>\n<thead>\n<tr>\n<th>Element<\/th>\n<th>Gew.-%<\/th>\n<th>Zweck<\/th>\n<\/tr>\n<\/thead>\n<tbody>\n<tr>\n<td>Eisen<\/td>\n<td>Balanse<\/td>\n<td>Element der Hauptmatrix<\/td>\n<\/tr>\n<tr>\n<td>Chrom<\/td>\n<td>15 &#8211; 17.5<\/td>\n<td>Oxidationsbest\u00e4ndigkeit<\/td>\n<\/tr>\n<tr>\n<td>Kupfer<\/td>\n<td>3 &#8211; 5<\/td>\n<td>Ausscheidungsh\u00e4rtung<\/td>\n<\/tr>\n<tr>\n<td>Nickel<\/td>\n<td>3 &#8211; 5<\/td>\n<td>Austenit-Stabilisator<\/td>\n<\/tr>\n<tr>\n<td>Niob<\/td>\n<td>0.15 &#8211; 0.45<\/td>\n<td>Hartmetall-Former<\/td>\n<\/tr>\n<tr>\n<td>Mangan<\/td>\n<td>1 max<\/td>\n<td>Desoxidationsmittel<\/td>\n<\/tr>\n<tr>\n<td>Silizium<\/td>\n<td>1 max<\/td>\n<td>Desoxidationsmittel<\/td>\n<\/tr>\n<tr>\n<td>Kohlenstoff<\/td>\n<td>0,07 max<\/td>\n<td>Verst\u00e4rker und Karbidbildner<\/td>\n<\/tr>\n<\/tbody>\n<\/table>\n<p class=\"whitespace-pre-wrap\">Kupfer erm\u00f6glicht die Ausscheidungsh\u00e4rtung, w\u00e4hrend Chrom f\u00fcr Korrosionsbest\u00e4ndigkeit sorgt.<\/p>\n<p><img loading=\"lazy\" decoding=\"async\" class=\"size-medium wp-image-1391 aligncenter\" src=\"https:\/\/met3dp.com\/wp-content\/uploads\/2023\/09\/Ti22Al25Nb-Powder-300x269.png\" alt=\"17-4PH-Edelstahl-Pulver\" width=\"300\" height=\"269\" title=\"\"><\/p>\n<h3><strong>Eigenschaften von 17-4PH-Edelstahlpulver<\/strong><\/h3>\n<p class=\"whitespace-pre-wrap\">Zu den wichtigsten Eigenschaften von 17-4PH-Pulver geh\u00f6ren:<\/p>\n<table>\n<thead>\n<tr>\n<th>Immobilie<\/th>\n<th>Beschreibung<\/th>\n<\/tr>\n<\/thead>\n<tbody>\n<tr>\n<td>hohe Festigkeit<\/td>\n<td>Bis zu 1310 MPa Zugfestigkeit im gealterten Zustand<\/td>\n<\/tr>\n<tr>\n<td>H\u00e4rte<\/td>\n<td>Bis zu 40 HRC im gealterten Zustand<\/td>\n<\/tr>\n<tr>\n<td>Korrosionsbest\u00e4ndigkeit<\/td>\n<td>In vielen Umgebungen vergleichbar mit Edelstahl 316L<\/td>\n<\/tr>\n<tr>\n<td>Z\u00e4higkeit<\/td>\n<td>Besser als martensitische nichtrostende St\u00e4hle<\/td>\n<\/tr>\n<tr>\n<td>Verschlei\u00dffestigkeit<\/td>\n<td>Besser als nichtrostende St\u00e4hle der Serie 300<\/td>\n<\/tr>\n<tr>\n<td>Hohe Temperaturstabilit\u00e4t<\/td>\n<td>Beibehaltung der Festigkeit bis zu 300\u00a1\"C<\/td>\n<\/tr>\n<\/tbody>\n<\/table>\n<p class=\"whitespace-pre-wrap\">Aufgrund dieser Eigenschaften eignet sich 17-4PH f\u00fcr verschiedene Anwendungen, von Bauteilen f\u00fcr die Luft- und Raumfahrt bis hin zu Spritzgussformen.<\/p>\n<h3><strong>AM-Prozessparameter f\u00fcr 17-4PH-Pulver<\/strong><\/h3>\n<p class=\"whitespace-pre-wrap\">Typische Parameter f\u00fcr den Druck von 17-4PH-Pulver sind:<\/p>\n<table>\n<thead>\n<tr>\n<th>Parameter<\/th>\n<th>Typischer Wert<\/th>\n<th>Zweck<\/th>\n<\/tr>\n<\/thead>\n<tbody>\n<tr>\n<td>H\u00f6he der Schicht<\/td>\n<td>20-100 \u00c3\u00d7m<\/td>\n<td>Gleichgewicht zwischen Geschwindigkeit und Aufl\u00f6sung<\/td>\n<\/tr>\n<tr>\n<td>Laserleistung<\/td>\n<td>150-400 W<\/td>\n<td>Ausreichendes Schmelzen ohne Verdunstung<\/td>\n<\/tr>\n<tr>\n<td>Scan-Geschwindigkeit<\/td>\n<td>400-1000 mm\/s<\/td>\n<td>Dichte versus Produktionsrate<\/td>\n<\/tr>\n<tr>\n<td>Abstand zwischen den Luken<\/td>\n<td>100-200 \u00c3\u00d7m<\/td>\n<td>Dichte und mechanische Eigenschaften<\/td>\n<\/tr>\n<tr>\n<td>Unterst\u00fctzungsstruktur<\/td>\n<td>Minimal<\/td>\n<td>Einfache Entfernung<\/td>\n<\/tr>\n<tr>\n<td>Hei\u00dfisostatisches Pressen<\/td>\n<td>1120\u00a1\"C, 100 MPa, 3 Stunden<\/td>\n<td>Beseitigung von Porosit\u00e4t<\/td>\n<\/tr>\n<\/tbody>\n<\/table>\n<p class=\"whitespace-pre-wrap\">Ma\u00dfgeschneiderte Parameter f\u00fcr Dichte, Produktionsrate, Eigenschaften und Nachbearbeitungsbedarf.<\/p>\n<h3><strong>Anwendungen von 3D-gedruckten 17-4PH-Teilen<\/strong><\/h3>\n<p class=\"whitespace-pre-wrap\">Additiv gefertigte 17-4PH-Komponenten werden in:<\/p>\n<table>\n<thead>\n<tr>\n<th>Industrie<\/th>\n<th>ANWENDUNGEN<\/th>\n<\/tr>\n<\/thead>\n<tbody>\n<tr>\n<td>Luft- und Raumfahrt<\/td>\n<td>Strukturelle Halterungen, Vorrichtungen, Bet\u00e4tigungselemente<\/td>\n<\/tr>\n<tr>\n<td>Medizinisch<\/td>\n<td>Zahnimplantate, chirurgische Instrumente<\/td>\n<\/tr>\n<tr>\n<td>Automotive<\/td>\n<td>Hochfeste Verbindungselemente, Zahnr\u00e4der<\/td>\n<\/tr>\n<tr>\n<td>Konsumg\u00fcter<\/td>\n<td>Uhrenkoffer, Sportger\u00e4te<\/td>\n<\/tr>\n<tr>\n<td>Industrie<\/td>\n<td>Endverwendung von Metallwerkzeugen, Vorrichtungen und Halterungen<\/td>\n<\/tr>\n<\/tbody>\n<\/table>\n<p class=\"whitespace-pre-wrap\">Zu den Vorteilen gegen\u00fcber maschinell bearbeiteten 17-4PH-Teilen geh\u00f6ren komplexe Geometrien, k\u00fcrzere Vorlaufzeiten und Bearbeitungsm\u00f6glichkeiten.<\/p>\n<h3><strong>Spezifikationen f\u00fcr 17-4PH-Pulver f\u00fcr AM<\/strong><\/h3>\n<p class=\"whitespace-pre-wrap\">17-4PH-Pulver muss strenge Spezifikationen erf\u00fcllen:<\/p>\n<table>\n<thead>\n<tr>\n<th>Parameter<\/th>\n<th>Spezifikation<\/th>\n<\/tr>\n<\/thead>\n<tbody>\n<tr>\n<td>Partikelgr\u00f6\u00dfenbereich<\/td>\n<td>15-45 \u00c3\u00d7m typisch<\/td>\n<\/tr>\n<tr>\n<td>Partikelform<\/td>\n<td>Sph\u00e4rische Morphologie<\/td>\n<\/tr>\n<tr>\n<td>Anscheindichte<\/td>\n<td>&gt; 4 g\/cc<\/td>\n<\/tr>\n<tr>\n<td>Sch\u00fcttdichte<\/td>\n<td>&gt; 6 g\/cc<\/td>\n<\/tr>\n<tr>\n<td>Hallenflussmenge<\/td>\n<td>&gt; 23 Sekunden f\u00fcr 50 g<\/td>\n<\/tr>\n<tr>\n<td>Reinheit<\/td>\n<td>&gt;99,9%<\/td>\n<\/tr>\n<tr>\n<td>Sauerstoffgehalt<\/td>\n<td>&lt;100 ppm<\/td>\n<\/tr>\n<\/tbody>\n<\/table>\n<p class=\"whitespace-pre-wrap\">Kundenspezifische Gr\u00f6\u00dfenverteilungen und kontrollierte Feuchtigkeitsgrade sind m\u00f6glich.<\/p>\n<h3><strong>Lieferanten von 17-4PH-Edelstahlpulver<\/strong><\/h3>\n<p class=\"whitespace-pre-wrap\">Zu den namhaften Lieferanten von 17-4PH-Pulver geh\u00f6ren:<\/p>\n<table>\n<thead>\n<tr>\n<th>Anbieter<\/th>\n<th>Ort<\/th>\n<\/tr>\n<\/thead>\n<tbody>\n<tr>\n<td>Sandvik Osprey<\/td>\n<td>Gro\u00dfbritannien<\/td>\n<\/tr>\n<tr>\n<td>Carpenter Additive<\/td>\n<td>Vereinigte Staaten<\/td>\n<\/tr>\n<tr>\n<td>LPW Technologie<\/td>\n<td>Gro\u00dfbritannien<\/td>\n<\/tr>\n<tr>\n<td>Erasteel<\/td>\n<td>Schweden<\/td>\n<\/tr>\n<tr>\n<td>Kritische Materialien<\/td>\n<td>Vereinigte Staaten<\/td>\n<\/tr>\n<tr>\n<td>Praxair<\/td>\n<td>Vereinigte Staaten<\/td>\n<\/tr>\n<\/tbody>\n<\/table>\n<p class=\"whitespace-pre-wrap\">Die Preise reichen von $50\/kg bis $120\/kg, je nach Reinheit, Gr\u00f6\u00dfenverteilung und Auftragsvolumen.<\/p>\n<h3><strong>Handhabung und Lagerung von 17-4PH-Pulver<\/strong><\/h3>\n<p class=\"whitespace-pre-wrap\">Da es sich um ein reaktives Material handelt, ist eine sorgf\u00e4ltige Handhabung von 17-4PH-Pulver unerl\u00e4sslich:<\/p>\n<ul class=\"list-disc pl-8 space-y-2\">\n<li class=\"whitespace-normal\">Versiegelte Beh\u00e4lter fern von Feuchtigkeit, S\u00e4uren und Z\u00fcndquellen lagern<\/li>\n<li class=\"whitespace-normal\">Verwenden Sie w\u00e4hrend des Transports und der Lagerung Inertgaspolster<\/li>\n<li class=\"whitespace-normal\">Erdung von Ger\u00e4ten zur Ableitung statischer Ladungen<\/li>\n<li class=\"whitespace-normal\">Vermeiden Sie Staubansammlungen durch Absaugung und Bel\u00fcftung<\/li>\n<li class=\"whitespace-normal\">Befolgen Sie die geltenden Sicherheitsrichtlinien<\/li>\n<\/ul>\n<p class=\"whitespace-pre-wrap\">Die richtige Technik gew\u00e4hrleistet einen optimalen Zustand des Pulvers.<\/p>\n<h3><strong>Inspektion und Pr\u00fcfung von 17-4PH-Pulver<\/strong><\/h3>\n<p class=\"whitespace-pre-wrap\">Zu den Qualit\u00e4tspr\u00fcfungsmethoden geh\u00f6ren:<\/p>\n<table>\n<thead>\n<tr>\n<th>Methode<\/th>\n<th>Gepr\u00fcfte Parameter<\/th>\n<\/tr>\n<\/thead>\n<tbody>\n<tr>\n<td>Siebanalyse<\/td>\n<td>Korngr\u00f6\u00dfenverteilung<\/td>\n<\/tr>\n<tr>\n<td>SEM-Bildgebung<\/td>\n<td>Morphologie der Partikel<\/td>\n<\/tr>\n<tr>\n<td>EDX<\/td>\n<td>Chemie und Zusammensetzung<\/td>\n<\/tr>\n<tr>\n<td>XRD<\/td>\n<td>Vorhandene Phasen<\/td>\n<\/tr>\n<tr>\n<td>Pyknometrie<\/td>\n<td>Dichte<\/td>\n<\/tr>\n<tr>\n<td>Hallenflussmenge<\/td>\n<td>Rieself\u00e4higkeit von Puder<\/td>\n<\/tr>\n<\/tbody>\n<\/table>\n<p class=\"whitespace-pre-wrap\">Tests nach ASTM-Normen \u00fcberpr\u00fcfen die Pulverqualit\u00e4t und die Konsistenz der Chargen.<\/p>\n<h3><strong>Vergleich von 17-4PH mit alternativen Legierungspulvern<\/strong><\/h3>\n<p class=\"whitespace-pre-wrap\">17-4PH ist im Vergleich zu anderen Legierungen wie folgt:<\/p>\n<table>\n<thead>\n<tr>\n<th>Legierung<\/th>\n<th>St\u00e4rke<\/th>\n<th>Korrosionsbest\u00e4ndigkeit<\/th>\n<th>Kosten<\/th>\n<th>Druckbarkeit<\/th>\n<\/tr>\n<\/thead>\n<tbody>\n<tr>\n<td>17-4PH<\/td>\n<td>Ausgezeichnet<\/td>\n<td>Gut<\/td>\n<td>Mittel<\/td>\n<td>Gut<\/td>\n<\/tr>\n<tr>\n<td>316L<\/td>\n<td>Mittel<\/td>\n<td>Ausgezeichnet<\/td>\n<td>Mittel<\/td>\n<td>Ausgezeichnet<\/td>\n<\/tr>\n<tr>\n<td>IN718<\/td>\n<td>Sehr hoch<\/td>\n<td>Gut<\/td>\n<td>High<\/td>\n<td>M\u00e4\u00dfig<\/td>\n<\/tr>\n<tr>\n<td>CoCrMo<\/td>\n<td>Mittel<\/td>\n<td>M\u00e4\u00dfig<\/td>\n<td>Mittel<\/td>\n<td>Gut<\/td>\n<\/tr>\n<\/tbody>\n<\/table>\n<p class=\"whitespace-pre-wrap\">Mit seinen ausgewogenen Eigenschaften ist 17-4PH bei vielen hochfesten AM-Anwendungen, die Korrosionsbest\u00e4ndigkeit erfordern, den Alternativen \u00fcberlegen.<\/p>\n<h3><strong>Vor- und Nachteile von 17-4PH-Pulver f\u00fcr AM<\/strong><\/h3>\n<table>\n<thead>\n<tr>\n<th>Vorteile<\/th>\n<th>Nachteile<\/th>\n<\/tr>\n<\/thead>\n<tbody>\n<tr>\n<td>Hohes Festigkeits-Gewicht-Verh\u00e4ltnis<\/td>\n<td>Geringere Oxidationsbest\u00e4ndigkeit als bei austenitischen nichtrostenden St\u00e4hlen<\/td>\n<\/tr>\n<tr>\n<td>Gute Kombination aus Festigkeit und Korrosionsbest\u00e4ndigkeit<\/td>\n<td>Erforderliche Nachbearbeitungen wie HIP und W\u00e4rmebehandlung<\/td>\n<\/tr>\n<tr>\n<td>Kosteng\u00fcnstiger als exotische Legierungen<\/td>\n<td>Lagerung unter kontrollierter Atmosph\u00e4re erforderlich<\/td>\n<\/tr>\n<tr>\n<td>Bew\u00e4hrte Referenzen in AM<\/td>\n<td>Schwierig zu schwei\u00dfen und zu bearbeiten<\/td>\n<\/tr>\n<tr>\n<td>Eigenschaften entsprechen geschmiedetem Material<\/td>\n<td>Anf\u00e4llig f\u00fcr Lochfra\u00df und Spaltkorrosion<\/td>\n<\/tr>\n<\/tbody>\n<\/table>\n<p class=\"whitespace-pre-wrap\">17-4PH erm\u00f6glicht hochleistungsf\u00e4hige gedruckte Teile f\u00fcr verschiedene Anwendungen, ist jedoch nicht f\u00fcr extreme Umgebungen geeignet.<\/p>\n<h2><strong>H\u00e4ufig gestellte Fragen \u00fcber 17-4PH-Pulver<\/strong><\/h2>\n<p class=\"whitespace-pre-wrap\"><strong>F: Welcher Partikelgr\u00f6\u00dfenbereich eignet sich am besten f\u00fcr den Druck von 17-4PH-Legierungen?<\/strong><\/p>\n<p class=\"whitespace-pre-wrap\">A: Ein typischer Bereich ist 15-45 Mikrometer. Er bietet eine optimale Flie\u00dff\u00e4higkeit des Pulvers in Kombination mit hoher Aufl\u00f6sung und dichten Teilen.<\/p>\n<p class=\"whitespace-pre-wrap\"><strong>F: Welche Nachbearbeitungsmethoden werden bei 17-4PH AM-Teilen angewendet?<\/strong><\/p>\n<p class=\"whitespace-pre-wrap\">A: Hei\u00dfes isostatisches Pressen, L\u00f6sungsgl\u00fchen, Altern und maschinelle Bearbeitung werden in der Regel eingesetzt, um eine vollst\u00e4ndige Verdichtung zu erreichen, Spannungen abzubauen und die Oberfl\u00e4cheng\u00fcte zu verbessern.<\/p>\n<p class=\"whitespace-pre-wrap\"><strong>F: Welches 3D-Druckverfahren f\u00fcr Metall ist ideal f\u00fcr die Legierung 17-4PH?<\/strong><\/p>\n<p class=\"whitespace-pre-wrap\">A: Selektives Laserschmelzen (SLM), Direktes Metall-Laser-Sintern (DMLS) und Elektronenstrahlschmelzen (EBM) k\u00f6nnen alle 17-4PH-Pulver effektiv verarbeiten.<\/p>\n<p class=\"whitespace-pre-wrap\"><strong>F: In welchen Branchen werden additiv gefertigte 17-4PH-Komponenten verwendet?<\/strong><\/p>\n<p class=\"whitespace-pre-wrap\">A: Die Luft- und Raumfahrt, die Medizintechnik, die Automobilindustrie, die Konsumg\u00fcterindustrie, der industrielle Werkzeugbau sowie die \u00d6l- und Gasindustrie profitieren von 3D-gedruckten 17-4PH-Teilen.<\/p>\n<p class=\"whitespace-pre-wrap\"><strong>F: Ben\u00f6tigt 17-4PH w\u00e4hrend des Drucks St\u00fctzstrukturen?<\/strong><\/p>\n<p class=\"whitespace-pre-wrap\">A: Ja, an \u00dcberh\u00e4ngen und \u00fcberbr\u00fcckten Abschnitten sind minimale St\u00fctzen erforderlich, um Verformungen zu vermeiden und eine einfache Entfernung nach dem Druck zu erm\u00f6glichen.<\/p>\n<p class=\"whitespace-pre-wrap\"><strong>F: Welche Fehler k\u00f6nnen beim Druck von 17-4PH-Pulver auftreten?<\/strong><\/p>\n<p class=\"whitespace-pre-wrap\">A: M\u00f6gliche Fehler sind Rissbildung, Porosit\u00e4t, Verformung, unvollst\u00e4ndige Verschmelzung und Oberfl\u00e4chenrauheit. Die meisten k\u00f6nnen mit optimierten Parametern verhindert werden.<\/p>\n<p class=\"whitespace-pre-wrap\"><strong>F: Welche H\u00e4rte kann mit 17-4PH AM-Teilen erreicht werden?<\/strong><\/p>\n<p class=\"whitespace-pre-wrap\">A: L\u00f6sungsgegl\u00fchtes 17-4PH hat eine H\u00e4rte von 25-30 HRC, w\u00e4hrend die Alterung die H\u00e4rte auf 35-40 HRC erh\u00f6ht und damit die Verschlei\u00dffestigkeit erh\u00f6ht.<\/p>\n<p class=\"whitespace-pre-wrap\"><strong>F: Welche Genauigkeit und Oberfl\u00e4cheng\u00fcte ist bei gedruckten 17-4PH-Teilen m\u00f6glich?<\/strong><\/p>\n<p class=\"whitespace-pre-wrap\">A: Nachbearbeitete 17-4PH-Teile k\u00f6nnen Ma\u00dftoleranzen und Oberfl\u00e4cheng\u00fcte erreichen, die mit CNC-gefr\u00e4sten Komponenten vergleichbar sind.<\/p>\n<p class=\"whitespace-pre-wrap\"><strong>F: Was ist der wesentliche Unterschied zwischen den Sorten 17-4 und 17-4PH?<\/strong><\/p>\n<p class=\"whitespace-pre-wrap\">A: 17-4PH hat eine strengere chemische Kontrolle, geringere Verunreinigungen und weniger Schwefel f\u00fcr bessere Duktilit\u00e4t und Kerbschlagz\u00e4higkeit im Vergleich zur Basisqualit\u00e4t 17-4.<\/p>\n<p class=\"whitespace-pre-wrap\"><strong>F: Ist HIP f\u00fcr alle 17-4PH AM-Anwendungen erforderlich?<\/strong><\/p>\n<p class=\"whitespace-pre-wrap\">A: HIP wird zwar empfohlen, ist aber bei unkritischen Anwendungen nicht unbedingt erforderlich. Eine W\u00e4rmebehandlung allein kann in manchen F\u00e4llen ausreichen.<\/p>\n<p><\/span><\/span><\/p>","protected":false},"excerpt":{"rendered":"<p>\u00dcberblick \u00fcber 17-4PH Edelstahlpulver 17-4PH ist ein ausscheidungsh\u00e4rtendes Edelstahlpulver, das in der additiven Fertigung in der Luft- und Raumfahrt, der Medizintechnik, der Automobilindustrie und im allgemeinen Maschinenbau weit verbreitet ist. Es bietet eine hervorragende Kombination aus hoher Festigkeit, guter Korrosionsbest\u00e4ndigkeit und Schwei\u00dfbarkeit. Dieser Artikel bietet einen detaillierten Leitfaden zu 17-4PH-Pulver, der die Zusammensetzung, Eigenschaften, AM-Prozessparameter,...<\/p>","protected":false},"featured_media":1722,"parent":0,"template":"","meta":{"_acf_changed":false,"_kad_blocks_custom_css":"","_kad_blocks_head_custom_js":"","_kad_blocks_body_custom_js":"","_kad_blocks_footer_custom_js":"","_kad_post_transparent":"","_kad_post_title":"","_kad_post_layout":"","_kad_post_sidebar_id":"","_kad_post_content_style":"","_kad_post_vertical_padding":"","_kad_post_feature":"","_kad_post_feature_position":"","_kad_post_header":false,"_kad_post_footer":false,"_kad_post_classname":""},"product-category":[119,122],"class_list":["post-3857","product","type-product","status-publish","has-post-thumbnail","hentry","product-category-3d-printing-metal-powder","product-category-iron-based-alloy-powder"],"acf":[],"taxonomy_info":{"product-category":[{"value":119,"label":"3D Printing Metal Powder"},{"value":122,"label":"Iron Based Alloy Powder"}]},"featured_image_src_large":["https:\/\/3dpmetal.com\/wp-content\/uploads\/2024\/02\/17-4PH-Stainless-Steel-Powder.jpg",600,600,false],"author_info":[],"comment_info":"","_links":{"self":[{"href":"https:\/\/3dpmetal.com\/de\/wp-json\/wp\/v2\/product\/3857","targetHints":{"allow":["GET"]}}],"collection":[{"href":"https:\/\/3dpmetal.com\/de\/wp-json\/wp\/v2\/product"}],"about":[{"href":"https:\/\/3dpmetal.com\/de\/wp-json\/wp\/v2\/types\/product"}],"wp:featuredmedia":[{"embeddable":true,"href":"https:\/\/3dpmetal.com\/de\/wp-json\/wp\/v2\/media\/1722"}],"wp:attachment":[{"href":"https:\/\/3dpmetal.com\/de\/wp-json\/wp\/v2\/media?parent=3857"}],"wp:term":[{"taxonomy":"product-category","embeddable":true,"href":"https:\/\/3dpmetal.com\/de\/wp-json\/wp\/v2\/product-category?post=3857"}],"curies":[{"name":"wp","href":"https:\/\/api.w.org\/{rel}","templated":true}]}}