{"id":3859,"date":"2024-03-18T06:10:08","date_gmt":"2024-03-18T06:10:08","guid":{"rendered":"https:\/\/3dp.45612300.xyz\/product\/ti-6al-4v-titanium-alloy-powder\/"},"modified":"2024-03-18T06:10:08","modified_gmt":"2024-03-18T06:10:08","slug":"ti-6al-4v-titanium-alloy-powder","status":"publish","type":"product","link":"https:\/\/3dpmetal.com\/de\/product\/ti-6al-4v-titanium-alloy-powder\/","title":{"rendered":"Ti-6Al-4V Titanlegierungspulver"},"content":{"rendered":"<p><span style=\"vertical-align: inherit;\"><span style=\"vertical-align: inherit;\">Reines Titanpulver mit niedrigem Sauerstoffgehalt ist die Grundlage der pulvermetallurgischen Titanproduktion und ist auch eines der f\u00fchrenden Produkte des Unternehmens. Derzeit ist das Unternehmen durch HDH-Prozess und Sauerstoff-Kontroll-Technologie, die Produktion von High-End-ultra-feine Low-Sauerstoff reines Titan-Legierung Pulver in der international f\u00fchrenden Position in den Indikatoren, mit den Eigenschaften der ultrafeinen Pulvergr\u00f6\u00dfe, ultra-niedrigen Sauerstoffgehalt, geringe Verunreinigungen, um die gro\u00df angelegte Produktion von High-End-Low-Sauerstoff reines Titan-Pulver zu erreichen. Es kann eine Vielzahl von Titanpulverprodukten herstellen, wie z.B. 150\u00c3\u00d7m, 75\u00c3\u00d7m, 45\u00c3\u00d7m, 10\u00c3\u00d7m, 3\u00c3\u00d7m und so weiter, mit einem um 50% reduzierten Sauerstoffgehalt im Vergleich zu herk\u00f6mmlichen kommerziellen Produkten. Das hochwertige, ultrafeine, sauerstoffarme Reintitanpulver des Unternehmens wurde als qualifizierter Lieferant von Titanpulver in Chinas erstem nuklearchemischen Projekt gelistet. Gegenw\u00e4rtig betr\u00e4gt der Marktanteil unseres hochwertigen sauerstoffarmen Reintitanpulvers mehr als 70%.<\/p>\n<p><strong>Produkt?<\/strong><strong>Spezifikation<\/strong><\/p>\n<div>\n<table>\n<tbody>\n<tr>\n<td data-sheets-value=\"{&quot;1&quot;:2,&quot;2&quot;:&quot;Pure titanium powder&quot;}\"><strong>Reines Titanpulver<\/strong><\/td>\n<td data-sheets-value=\"{&quot;1&quot;:2,&quot;2&quot;:&quot;Mesh&quot;}\"><strong>Masche<\/strong><\/td>\n<td data-sheets-value=\"{&quot;1&quot;:2,&quot;2&quot;:&quot;Particle size\u00a8P&quot;}\"><strong>Partikelgr\u00f6\u00dfe\u00a8P<\/strong><\/td>\n<td data-sheets-value=\"{&quot;1&quot;:2,&quot;2&quot;:&quot;PSD&quot;}\"><strong>PSD<\/strong><\/td>\n<td colspan=\"10\" rowspan=\"1\" data-sheets-value=\"{&quot;1&quot;:2,&quot;2&quot;:&quot;Element\u00a8\u00d7%\u00a8\u00d8\u00a1\u00a5&quot;}\"><strong>Element\u00a8\u00d7%\u00a8\u00d8\u00a1\u00a5<\/strong><\/td>\n<\/tr>\n<tr>\n<td data-sheets-value=\"{&quot;1&quot;:2,&quot;2&quot;:&quot;D10&quot;}\">D10<\/td>\n<td data-sheets-value=\"{&quot;1&quot;:2,&quot;2&quot;:&quot;D50&quot;}\">D50<\/td>\n<td data-sheets-value=\"{&quot;1&quot;:2,&quot;2&quot;:&quot;D90&quot;}\">D90<\/td>\n<td data-sheets-value=\"{&quot;1&quot;:2,&quot;2&quot;:&quot;Fe&quot;}\">Fe<\/td>\n<td data-sheets-value=\"{&quot;1&quot;:2,&quot;2&quot;:&quot;Cl&quot;}\">Cl<\/td>\n<td data-sheets-value=\"{&quot;1&quot;:2,&quot;2&quot;:&quot;Mg&quot;}\">Mg<\/td>\n<td data-sheets-value=\"{&quot;1&quot;:2,&quot;2&quot;:&quot;Mn&quot;}\">Mn<\/td>\n<td data-sheets-value=\"{&quot;1&quot;:2,&quot;2&quot;:&quot;Si&quot;}\">Ja<\/td>\n<td data-sheets-value=\"{&quot;1&quot;:2,&quot;2&quot;:&quot;C&quot;}\">C<\/td>\n<td data-sheets-value=\"{&quot;1&quot;:2,&quot;2&quot;:&quot;N&quot;}\">N<\/td>\n<td data-sheets-value=\"{&quot;1&quot;:2,&quot;2&quot;:&quot;H&quot;}\">H<\/td>\n<td data-sheets-value=\"{&quot;1&quot;:2,&quot;2&quot;:&quot;O&quot;}\">\u00d6<\/td>\n<td><\/td>\n<td><\/td>\n<\/tr>\n<tr>\n<td data-sheets-value=\"{&quot;1&quot;:2,&quot;2&quot;:&quot;-100mesh&quot;}\">-100mesh<\/td>\n<td data-sheets-value=\"{&quot;1&quot;:2,&quot;2&quot;:&quot;150\u00c3\u00d7m&quot;}\">150\u00c3\u00d7m<\/td>\n<td data-sheets-value=\"{&quot;1&quot;:2,&quot;2&quot;:&quot;45-50&quot;}\">45-50<\/td>\n<td data-sheets-value=\"{&quot;1&quot;:2,&quot;2&quot;:&quot;90-95&quot;}\">90-95<\/td>\n<td data-sheets-value=\"{&quot;1&quot;:2,&quot;2&quot;:&quot;135-140&quot;}\">135-140<\/td>\n<td data-sheets-value=\"{&quot;1&quot;:3,&quot;3&quot;:0.03}\">0.03<\/td>\n<td data-sheets-value=\"{&quot;1&quot;:3,&quot;3&quot;:0.02}\">0.02<\/td>\n<td data-sheets-value=\"{&quot;1&quot;:3,&quot;3&quot;:0.01}\">0.01<\/td>\n<td data-sheets-value=\"{&quot;1&quot;:3,&quot;3&quot;:0.01}\">0.01<\/td>\n<td data-sheets-value=\"{&quot;1&quot;:3,&quot;3&quot;:0.01}\">0.01<\/td>\n<td data-sheets-value=\"{&quot;1&quot;:3,&quot;3&quot;:0.03}\">0.03<\/td>\n<td data-sheets-value=\"{&quot;1&quot;:3,&quot;3&quot;:0.03}\">0.03<\/td>\n<td data-sheets-value=\"{&quot;1&quot;:3,&quot;3&quot;:0.03}\">0.03<\/td>\n<td data-sheets-value=\"{&quot;1&quot;:3,&quot;3&quot;:0.13}\">0.13<\/td>\n<\/tr>\n<tr>\n<td data-sheets-value=\"{&quot;1&quot;:2,&quot;2&quot;:&quot;-200mesh&quot;}\">-200mesh<\/td>\n<td data-sheets-value=\"{&quot;1&quot;:2,&quot;2&quot;:&quot;75\u00c3\u00d7m&quot;}\">75\u00c3\u00d7m<\/td>\n<td data-sheets-value=\"{&quot;1&quot;:2,&quot;2&quot;:&quot;18-23&quot;}\">18-23<\/td>\n<td data-sheets-value=\"{&quot;1&quot;:2,&quot;2&quot;:&quot;38-45&quot;}\">38-45<\/td>\n<td data-sheets-value=\"{&quot;1&quot;:2,&quot;2&quot;:&quot;65-70&quot;}\">65-70<\/td>\n<td data-sheets-value=\"{&quot;1&quot;:3,&quot;3&quot;:0.03}\">0.03<\/td>\n<td data-sheets-value=\"{&quot;1&quot;:3,&quot;3&quot;:0.02}\">0.02<\/td>\n<td data-sheets-value=\"{&quot;1&quot;:3,&quot;3&quot;:0.01}\">0.01<\/td>\n<td data-sheets-value=\"{&quot;1&quot;:3,&quot;3&quot;:0.01}\">0.01<\/td>\n<td data-sheets-value=\"{&quot;1&quot;:3,&quot;3&quot;:0.01}\">0.01<\/td>\n<td data-sheets-value=\"{&quot;1&quot;:3,&quot;3&quot;:0.03}\">0.03<\/td>\n<td data-sheets-value=\"{&quot;1&quot;:3,&quot;3&quot;:0.03}\">0.03<\/td>\n<td data-sheets-value=\"{&quot;1&quot;:3,&quot;3&quot;:0.03}\">0.03<\/td>\n<td data-sheets-value=\"{&quot;1&quot;:3,&quot;3&quot;:0.16}\">0.16<\/td>\n<\/tr>\n<tr>\n<td data-sheets-value=\"{&quot;1&quot;:2,&quot;2&quot;:&quot;-325mesh&quot;}\">-325mesh<\/td>\n<td data-sheets-value=\"{&quot;1&quot;:2,&quot;2&quot;:&quot;45\u00c3\u00d7m&quot;}\">45\u00c3\u00d7m<\/td>\n<td data-sheets-value=\"{&quot;1&quot;:3,&quot;3&quot;:44849}\" data-sheets-numberformat=\"{&quot;1&quot;:5,&quot;2&quot;:&quot;m-d&quot;,&quot;3&quot;:1}\">10-15<\/td>\n<td data-sheets-value=\"{&quot;1&quot;:2,&quot;2&quot;:&quot;26-31&quot;}\">26-31<\/td>\n<td data-sheets-value=\"{&quot;1&quot;:2,&quot;2&quot;:&quot;46-51&quot;}\">46-51<\/td>\n<td data-sheets-value=\"{&quot;1&quot;:3,&quot;3&quot;:0.03}\">0.03<\/td>\n<td data-sheets-value=\"{&quot;1&quot;:3,&quot;3&quot;:0.02}\">0.02<\/td>\n<td data-sheets-value=\"{&quot;1&quot;:3,&quot;3&quot;:0.01}\">0.01<\/td>\n<td data-sheets-value=\"{&quot;1&quot;:3,&quot;3&quot;:0.01}\">0.01<\/td>\n<td data-sheets-value=\"{&quot;1&quot;:3,&quot;3&quot;:0.01}\">0.01<\/td>\n<td data-sheets-value=\"{&quot;1&quot;:3,&quot;3&quot;:0.03}\">0.03<\/td>\n<td data-sheets-value=\"{&quot;1&quot;:3,&quot;3&quot;:0.03}\">0.03<\/td>\n<td data-sheets-value=\"{&quot;1&quot;:3,&quot;3&quot;:0.03}\">0.03<\/td>\n<td data-sheets-value=\"{&quot;1&quot;:3,&quot;3&quot;:0.2}\">0.2<\/td>\n<\/tr>\n<\/tbody>\n<\/table>\n<\/div>\n<p>&nbsp;<\/p>\n<p>* Bemerkung: Unterst\u00fctzung nach Kundenwunsch<\/p>\n<p><strong>P<\/strong><strong>Produktmerkmale<\/strong><\/p>\n<ol>\n<li>Das Pulver hat einen hohen Reinheitsgrad und wenig Sauerstoff.<\/li>\n<li>Ultrafeine Pulverpartikelgr\u00f6\u00dfe.<\/li>\n<li>Massenproduktion von Produkten mit 150\u00c3\u00d7m, 75\u00c3\u00d7m, 45\u00c3\u00d7m, 10\u00c3\u00d7m, 3\u00c3\u00d7m und anderen Partikelgr\u00f6\u00dfen<\/li>\n<li>Hydrid-Dehydrierung (HDH-Verfahren)<\/li>\n<li>Monatliche Produktion von 35 Tonnen, Jahresproduktion von 420 Tonnen.<\/li>\n<\/ol>\n<p><img loading=\"lazy\" decoding=\"async\" class=\"size-medium wp-image-1378 aligncenter\" src=\"https:\/\/met3dp.com\/wp-content\/uploads\/2023\/09\/GA-Al-7075-300x233.png\" alt=\"Titanlegierungspulver\" width=\"300\" height=\"233\" title=\"\"><\/p>\n<p><strong>Bewerbung<\/strong><\/p>\n<p>Hauptanwendungsgebiete sind Wasserstoffbatterien, pulvermetallurgische Rohstoffe, Oberfl\u00e4chenbeschichtungsmittel, Zusatzstoffe f\u00fcr Aluminiumlegierungen, elektrische Vakuumgetter, Spritzlackierung, MIM und andere Bereiche.<\/p>\n<p><strong>Prozess der Pulverisierung:<\/strong><\/p>\n<ol>\n<li>Titan-Schwamm<\/li>\n<li>Vakuum Hoch<\/li>\n<li>Temperatur Hydrierung<\/li>\n<li>Titanhydrid-Hydrierung Granulierung<\/li>\n<li>Titanhydrid-Pulver<\/li>\n<li>Vakuum-Hochtemperatur-Dehydrierung<\/li>\n<li>Dehydrierung Titan<\/li>\n<li>Dehydrierung Granulierung<\/li>\n<li>Screening<\/li>\n<li>Inspektion<\/li>\n<li>Fertige Produkte<\/li>\n<li>Verpackung<\/li>\n<\/ol>\n<p><strong>FAQ<\/strong><\/p>\n<ul>\n<li><strong>H<\/strong><strong>ie k\u00f6nnen wir Qualit\u00e4t garantieren?<\/strong><\/li>\n<\/ul>\n<p>Vor der Massenproduktion wird immer ein Muster hergestellt;<\/p>\n<p>Immer Endkontrolle vor dem Versand;<\/p>\n<ul>\n<li><strong>W<\/strong><strong>as k\u00f6nnen Sie bei uns kaufen?<\/strong><\/li>\n<\/ul>\n<p>3D-Metallpulver, MIM-Pulver, Elektronikpaste, einschlie\u00dflich der Produkte 316L, 17-4ph, H13, Sendust, Inconel718, Inconel625m, Silberpulver, Silberpaste, Seltenerdprodukte.<\/span><\/span><\/p>","protected":false},"excerpt":{"rendered":"<p>Sauerstoffarmes Reintitanpulver ist die Grundlage der pulvermetallurgischen Titanproduktion und eines der f\u00fchrenden Produkte des Unternehmens. Derzeit ist das Unternehmen durch HDH-Prozess und Sauerstoff-Kontroll-Technologie, die Produktion von High-End-ultra-feinem sauerstoffarmen reinen Titan-Legierung Pulver in der international f\u00fchrenden Position in den Indikatoren, mit den Merkmalen der ultrafeinen...<\/p>","protected":false},"featured_media":1726,"parent":0,"template":"","meta":{"_acf_changed":false,"_kad_blocks_custom_css":"","_kad_blocks_head_custom_js":"","_kad_blocks_body_custom_js":"","_kad_blocks_footer_custom_js":"","_kad_post_transparent":"","_kad_post_title":"","_kad_post_layout":"","_kad_post_sidebar_id":"","_kad_post_content_style":"","_kad_post_vertical_padding":"","_kad_post_feature":"","_kad_post_feature_position":"","_kad_post_header":false,"_kad_post_footer":false,"_kad_post_classname":""},"product-category":[119,123],"class_list":["post-3859","product","type-product","status-publish","has-post-thumbnail","hentry","product-category-3d-printing-metal-powder","product-category-titanium-based-alloy-powder"],"acf":[],"taxonomy_info":{"product-category":[{"value":119,"label":"3D Printing Metal Powder"},{"value":123,"label":"Titanium Based Alloy Powder"}]},"featured_image_src_large":["https:\/\/3dpmetal.com\/wp-content\/uploads\/2024\/02\/Ti-6Al-4V-Titanium-Alloy-Powder.jpg",600,600,false],"author_info":[],"comment_info":"","_links":{"self":[{"href":"https:\/\/3dpmetal.com\/de\/wp-json\/wp\/v2\/product\/3859","targetHints":{"allow":["GET"]}}],"collection":[{"href":"https:\/\/3dpmetal.com\/de\/wp-json\/wp\/v2\/product"}],"about":[{"href":"https:\/\/3dpmetal.com\/de\/wp-json\/wp\/v2\/types\/product"}],"wp:featuredmedia":[{"embeddable":true,"href":"https:\/\/3dpmetal.com\/de\/wp-json\/wp\/v2\/media\/1726"}],"wp:attachment":[{"href":"https:\/\/3dpmetal.com\/de\/wp-json\/wp\/v2\/media?parent=3859"}],"wp:term":[{"taxonomy":"product-category","embeddable":true,"href":"https:\/\/3dpmetal.com\/de\/wp-json\/wp\/v2\/product-category?post=3859"}],"curies":[{"name":"wp","href":"https:\/\/api.w.org\/{rel}","templated":true}]}}