{"id":3862,"date":"2024-03-18T06:10:08","date_gmt":"2024-03-18T06:10:08","guid":{"rendered":"https:\/\/3dp.45612300.xyz\/product\/304l-stainless-steel-powder\/"},"modified":"2024-04-07T08:52:23","modified_gmt":"2024-04-07T08:52:23","slug":"304l-stainless-steel-powder","status":"publish","type":"product","link":"https:\/\/3dpmetal.com\/de\/product\/304l-stainless-steel-powder\/","title":{"rendered":"304l-Edelstahl-Pulver"},"content":{"rendered":"<p><span style=\"vertical-align: inherit;\"><span style=\"vertical-align: inherit;\"><\/p>\n<h2>\u00dcberblick<\/h2>\n<p class=\"whitespace-pre-wrap\">304L-Edelstahlpulver ist ein austenitisches Chrom-Nickel-Edelstahlpulver mit niedrigem Kohlenstoffgehalt. Es bietet eine ausgezeichnete Korrosionsbest\u00e4ndigkeit, gute Formbarkeit und Schwei\u00dfbarkeit und wird h\u00e4ufig f\u00fcr pulvermetallurgische Anwendungen verwendet.<\/p>\n<p class=\"whitespace-pre-wrap\">Das \u00a3\u00a6L\u00a3\u00aa steht f\u00fcr einen niedrigeren Kohlenstoffgehalt im Vergleich zur Standardqualit\u00e4t 304. Der niedrige Kohlenstoffgehalt minimiert die Ausscheidung von Karbiden und maximiert die Korrosionsbest\u00e4ndigkeit. Die pulvermetallurgische Sorte 304L ist eine kosteng\u00fcnstige Alternative zu 316L f\u00fcr unkritische Anwendungen, bei denen keine Molybd\u00e4nlegierung erforderlich ist.<\/p>\n<p class=\"whitespace-pre-wrap\">Dieser Artikel gibt einen ausf\u00fchrlichen \u00dcberblick \u00fcber Edelstahlpulver 304L und behandelt Zusammensetzung, Eigenschaften, Verarbeitung, Anwendungen, Spezifikationen, Lieferanten, Kosten und andere technische Details.<\/p>\n<h2>Komposition<\/h2>\n<p class=\"whitespace-pre-wrap\">Die nominale Zusammensetzung von Edelstahlpulver 304L ist unten aufgef\u00fchrt:<\/p>\n<p class=\"whitespace-pre-wrap\">Tabelle: Typische Zusammensetzung von Pulver aus rostfreiem Stahl 304L<\/p>\n<table>\n<thead>\n<tr>\n<th>Element<\/th>\n<th>Gew.-%<\/th>\n<\/tr>\n<\/thead>\n<tbody>\n<tr>\n<td>Chrom (Cr)<\/td>\n<td>18-20<\/td>\n<\/tr>\n<tr>\n<td>Nickel (Ni)<\/td>\n<td>8-10.5<\/td>\n<\/tr>\n<tr>\n<td>Mangan (Mn)<\/td>\n<td>&lt;2<\/td>\n<\/tr>\n<tr>\n<td>Silizium (Si)<\/td>\n<td>&lt;1<\/td>\n<\/tr>\n<tr>\n<td>Kohlenstoff (C)<\/td>\n<td>&lt;0.03<\/td>\n<\/tr>\n<tr>\n<td>Schwefel (S)<\/td>\n<td>&lt;0.03<\/td>\n<\/tr>\n<tr>\n<td>Phosphor (P)<\/td>\n<td>&lt;0.045<\/td>\n<\/tr>\n<tr>\n<td>Stickstoff (N)<\/td>\n<td>&lt;0.1<\/td>\n<\/tr>\n<tr>\n<td>Eisen (Fe)<\/td>\n<td>Balanse<\/td>\n<\/tr>\n<\/tbody>\n<\/table>\n<p>&nbsp;<\/p>\n<p class=\"whitespace-pre-wrap\">Chrom und Nickel sind die wichtigsten Legierungselemente. Chrom sorgt f\u00fcr Korrosions- und Oxidationsbest\u00e4ndigkeit. Nickel verbessert die Duktilit\u00e4t, Z\u00e4higkeit und Schwei\u00dfbarkeit.<\/p>\n<p class=\"whitespace-pre-wrap\">Mangan und Silizium erh\u00f6hen die Festigkeit. F\u00fcr eine optimale Korrosionsbest\u00e4ndigkeit wird der Kohlenstoffgehalt sehr niedrig gehalten. Schwefel, Phosphor und Stickstoff sind Verunreinigungen, die auf ein Minimum reduziert werden.<\/p>\n<h2>Merkmale<\/h2>\n<p class=\"whitespace-pre-wrap\">Die wichtigsten Eigenschaften von Edelstahlpulver 304L im gegl\u00fchten Zustand sind nachstehend aufgef\u00fchrt:<\/p>\n<p class=\"whitespace-pre-wrap\">Tabelle: Eigenschaften von rostfreiem Stahlpulver 304L<\/p>\n<table>\n<thead>\n<tr>\n<th>Immobilie<\/th>\n<th>Wert<\/th>\n<\/tr>\n<\/thead>\n<tbody>\n<tr>\n<td>Dichte<\/td>\n<td>7,9-8,1 g\/cm3<\/td>\n<\/tr>\n<tr>\n<td>Maximale Zugfestigkeit<\/td>\n<td>505-620 MPa<\/td>\n<\/tr>\n<tr>\n<td>Streckgrenze<\/td>\n<td>205-275 MPa<\/td>\n<\/tr>\n<tr>\n<td>Verl\u00e4ngerung<\/td>\n<td>\u00a1\u00d440%<\/td>\n<\/tr>\n<tr>\n<td>H\u00e4rte<\/td>\n<td>\u00a8P92 HRB<\/td>\n<\/tr>\n<tr>\n<td>E-Modul<\/td>\n<td>190\u2013210 GPa<\/td>\n<\/tr>\n<tr>\n<td>Schmelzpunkt<\/td>\n<td>1400-1450\u00a1\u00abC<\/td>\n<\/tr>\n<tr>\n<td>W\u00e4rmeleitf\u00e4higkeit<\/td>\n<td>16 W\/m-K<\/td>\n<\/tr>\n<tr>\n<td>Elektrischer Widerstand<\/td>\n<td>0,072 \u00c3\u00d7'\u00ce-cm<\/td>\n<\/tr>\n<\/tbody>\n<\/table>\n<p>&nbsp;<\/p>\n<p class=\"whitespace-pre-wrap\">Die Kombination von Eigenschaften macht 304L f\u00fcr eine breite Palette von Anwendungen sehr n\u00fctzlich. Die austenitische Mikrostruktur bietet Duktilit\u00e4t, Z\u00e4higkeit und nicht-magnetisches Verhalten. 304L hat eine ausgezeichnete Korrosionsbest\u00e4ndigkeit, die mit der von Edelstahl 316L vergleichbar ist.<\/p>\n<p class=\"whitespace-pre-wrap\">Durch die Auswahl von Pulvern mit extrem niedrigem Kohlenstoffgehalt kann die Ausscheidung von Karbiden vermieden werden, um die Korrosionsbest\u00e4ndigkeit in kritischen Anwendungen zu maximieren. Festigkeit und H\u00e4rte k\u00f6nnen durch Kaltumformung erh\u00f6ht werden.<\/p>\n<h2>ANWENDUNGEN<\/h2>\n<p class=\"whitespace-pre-wrap\">Typische Anwendungen f\u00fcr 304L-Edelstahlpulver sind:<\/p>\n<ul class=\"list-disc pl-8 space-y-2\">\n<li class=\"whitespace-normal\">Ausr\u00fcstung f\u00fcr die Lebensmittelverarbeitung<\/li>\n<li class=\"whitespace-normal\">Pharmazeutische Werkzeuge<\/li>\n<li class=\"whitespace-normal\">Chemische Anlagenkomponenten<\/li>\n<li class=\"whitespace-normal\">Architektonische Paneele, Gel\u00e4nder<\/li>\n<li class=\"whitespace-normal\">Medizinische Instrumente und Implantate<\/li>\n<li class=\"whitespace-normal\">Hardware f\u00fcr die Schifffahrt, Beschl\u00e4ge, Befestigungselemente<\/li>\n<li class=\"whitespace-normal\">Konsumg\u00fcter, Haushaltsger\u00e4te<\/li>\n<li class=\"whitespace-normal\">Mechanische Teile aus Pulvermetallurgie<\/li>\n<li class=\"whitespace-normal\">3D-Druck-Pulver<\/li>\n<\/ul>\n<p class=\"whitespace-pre-wrap\">304L bietet im Vergleich zu 316L eine kosteng\u00fcnstige Korrosionsbest\u00e4ndigkeit, wenn eine Molybd\u00e4nlegierung f\u00fcr hochkorrosive Umgebungen nicht erforderlich ist. Die hervorragende Polierbarkeit und die nichtmagnetischen Eigenschaften von 304L eignen sich auch f\u00fcr architektonische Verkleidungen und Hardwarekomponenten.<\/p>\n<p class=\"whitespace-pre-wrap\">Die Pulvermetallurgie wird \u00fcblicherweise zur Herstellung kleiner Pr\u00e4zisionsteile aus 304L in gro\u00dfen Mengen im Gegensatz zur maschinellen Bearbeitung verwendet. Bei der additiven Fertigung wird 304L-Pulver f\u00fcr Prototypen, Werkzeuge und Endverbraucherkomponenten in verschiedenen Branchen verwendet.<\/p>\n<h2>Pulverherstellung<\/h2>\n<p class=\"whitespace-pre-wrap\">304L-Edelstahlpulver wird kommerziell durch Gas- oder Wasserzerst\u00e4ubung hergestellt.<\/p>\n<p class=\"whitespace-pre-wrap\">Unter <strong>Gaszerst\u00e4ubung<\/strong>Ein Hochdruck-Inertgasstrom zerlegt die Metallschmelze in feine Tr\u00f6pfchen und erzeugt kugelf\u00f6rmige Pulver, die sich ideal f\u00fcr die additive Fertigung und MIM eignen. Die Partikelgr\u00f6\u00dfenverteilung wird \u00fcber die Prozessparameter gesteuert.<\/p>\n<p class=\"whitespace-pre-wrap\"><strong>Wasserzerst\u00e4ubung<\/strong> verwendet Hochdruckwasserstrahlen, um den Metallstrom in feine Partikel aufzubrechen. Dadurch entstehen unregelm\u00e4\u00dfige, satellitenartige Partikelformen. Das Pulver muss f\u00fcr die additive Fertigung nachbehandelt werden.<\/p>\n<p class=\"whitespace-pre-wrap\"><strong>Plasma-Zerst\u00e4ubung<\/strong> wird manchmal zur Herstellung von sehr kugelf\u00f6rmigen, sauberen Pulvern aus einem Metallplasmastrom in einer kontrollierten inerten Atmosph\u00e4re verwendet. Dies gew\u00e4hrleistet eine hohe Reinheit und Flie\u00dff\u00e4higkeit.<\/p>\n<h2>Pulverspezifikationen<\/h2>\n<p class=\"whitespace-pre-wrap\">304L-Edelstahlpulver ist in verschiedenen Gr\u00f6\u00dfenbereichen, Morphologien und Qualit\u00e4tsstufen im Handel erh\u00e4ltlich. Einige typische Pulverspezifikationen sind unten aufgef\u00fchrt:<\/p>\n<p class=\"whitespace-pre-wrap\">Tabelle: Spezifikationen f\u00fcr 304L-Edelstahlpulver<\/p>\n<table>\n<thead>\n<tr>\n<th>Attribut<\/th>\n<th>Details<\/th>\n<\/tr>\n<\/thead>\n<tbody>\n<tr>\n<td>Partikelgr\u00f6\u00dfen<\/td>\n<td>15-45 \u00c3\u00d7m, 10-100 \u00c3\u00d7m<\/td>\n<\/tr>\n<tr>\n<td>Morphologie<\/td>\n<td>Sph\u00e4risch, unregelm\u00e4\u00dfig<\/td>\n<\/tr>\n<tr>\n<td>Anscheindichte<\/td>\n<td>2,5-4,5 g\/cm3<\/td>\n<\/tr>\n<tr>\n<td>Sch\u00fcttdichte<\/td>\n<td>4-5 g\/cm3<\/td>\n<\/tr>\n<tr>\n<td>Hallenflussmenge<\/td>\n<td>&lt;30 s\/50g<\/td>\n<\/tr>\n<tr>\n<td>Reinheit<\/td>\n<td>&gt;99,5 %<\/td>\n<\/tr>\n<tr>\n<td>Sauerstoffgehalt<\/td>\n<td>&lt;2000 ppm<\/td>\n<\/tr>\n<tr>\n<td>Feuchtigkeitsgehalt<\/td>\n<td>&lt; 0,2 %<\/td>\n<\/tr>\n<\/tbody>\n<\/table>\n<p>&nbsp;<\/p>\n<p class=\"whitespace-pre-wrap\">Kleinere Partikelgr\u00f6\u00dfen unter 45 \u00c3\u00d7m werden bevorzugt, um feine Merkmale in der additiven Fertigung zu erfassen. Sph\u00e4rische Partikel bieten eine gute Flie\u00dff\u00e4higkeit. Die scheinbare Dichte korreliert mit der Effizienz der Pulverpackung.<\/p>\n<p class=\"whitespace-pre-wrap\">Hoher Reinheitsgrad, niedriger Sauerstoffgehalt und kontrollierter Feuchtigkeitsgehalt gew\u00e4hrleisten hochwertige Sintereigenschaften. Gasverd\u00fcstes Pulver bietet die besten Spezifikationen f\u00fcr kritische Anwendungen.<\/p>\n<h2>Normen und Benotungen<\/h2>\n<p class=\"whitespace-pre-wrap\">304L Edelstahlpulver entspricht den folgenden Normen:<\/p>\n<ul class=\"list-disc pl-8 space-y-2\">\n<li class=\"whitespace-normal\">ASTM A240 - Norm f\u00fcr rostfreie Chrom- und Chrom-Nickel-Stahlplatten, -bleche und -b\u00e4nder<\/li>\n<li class=\"whitespace-normal\">ASTM A313 - Norm f\u00fcr Federdraht aus nichtrostendem Stahl<\/li>\n<li class=\"whitespace-normal\">ASTM A314 - Norm f\u00fcr gebogenen Draht aus rostfreiem Stahl<\/li>\n<li class=\"whitespace-normal\">AMS 5501 - Stabstahl, Draht, Schmiedest\u00fccke und Rohre aus nichtrostendem Stahl mit niedrigem Kohlenstoffgehalt<\/li>\n<li class=\"whitespace-normal\">AMS 5647 - Pulver aus rostfreiem Stahl, zerst\u00e4ubt, 304L<\/li>\n<\/ul>\n<p class=\"whitespace-pre-wrap\">Zu den gleichwertigen Noten geh\u00f6ren:<\/p>\n<ul class=\"list-disc pl-8 space-y-2\">\n<li class=\"whitespace-normal\">UNS S30403<\/li>\n<li class=\"whitespace-normal\">Werkstoff Nr. 1.4306<\/li>\n<li class=\"whitespace-normal\">SUS 304L<\/li>\n<li class=\"whitespace-normal\">SS2348<\/li>\n<\/ul>\n<p class=\"whitespace-pre-wrap\">Das Pulver kann nach ASTM-Spezifikationen oder in kundenspezifischer Zusammensetzung f\u00fcr bestimmte Anwendungen bezogen werden. Pulver mit extrem niedrigem Kohlenstoffgehalt und einfach gepresste Pulver bieten optimale Eigenschaften.<\/p>\n<h2>Kostenanalyse<\/h2>\n<p class=\"whitespace-pre-wrap\">304L-Edelstahlpulver kostet zwischen $15-30 pro kg f\u00fcr gaszerst\u00e4ubtes Material. Wasserverd\u00fcstes Pulver ist mit $8-15\/kg billiger, hat aber weniger Sph\u00e4rizit\u00e4t.<\/p>\n<p class=\"whitespace-pre-wrap\">Die Preise variieren je nach Auftragsvolumen, Partikelgr\u00f6\u00dfenbereich, Pulvermorphologie, Reinheitsgrad und Gewinnspanne des Herstellers\/Vertreibers.<\/p>\n<p class=\"whitespace-pre-wrap\">Bei Fertigteilen macht 304L 30-60% der Kosten f\u00fcr MIM-Komponenten aus, je nach Gr\u00f6\u00dfe und Komplexit\u00e4t der Teile. Kleine Teile in gro\u00dfen Mengen haben einen geringeren Anteil an den Materialkosten.<\/p>\n<h2>Lagerung und Handhabung von Pulvern<\/h2>\n<p class=\"whitespace-pre-wrap\">Um Verunreinigungen zu vermeiden und die Pulvereigenschaften zu erhalten, sollte Edelstahlpulver 304L wie folgt gelagert und gehandhabt werden:<\/p>\n<ul class=\"list-disc pl-8 space-y-2\">\n<li class=\"whitespace-normal\">In verschlossenen Beh\u00e4ltern in einer k\u00fchlen, trockenen Umgebung aufbewahren<\/li>\n<li class=\"whitespace-normal\">Verwenden Sie eine Inertgassp\u00fclung oder ein Vakuum, um die Aufnahme von Feuchtigkeit zu verhindern.<\/li>\n<li class=\"whitespace-normal\">Von Funken, Flammen und Z\u00fcndquellen fernhalten<\/li>\n<li class=\"whitespace-normal\">Erden aller Ger\u00e4te zur Handhabung und zum Transport von Pulver<\/li>\n<li class=\"whitespace-normal\">Vermeiden Sie den Kontakt mit Verunreinigungen wie \u00d6l, Fett, Lacken usw.<\/li>\n<li class=\"whitespace-normal\">PSA verwenden - Maske, Handschuhe, Augenschutz beim Umgang mit Pulver<\/li>\n<\/ul>\n<p class=\"whitespace-pre-wrap\">Versch\u00fcttetes Pulver sollte umgehend mit funkenfreien Werkzeugen und HEPA-Saugern gereinigt werden. Pulver sind m\u00e4\u00dfig empfindlich gegen\u00fcber Feuchtigkeit und Lufteinwirkung. Richtige Lagerung ist entscheidend.<\/p>\n<h2>Metallspritzguss<\/h2>\n<p class=\"whitespace-pre-wrap\">304L wird h\u00e4ufig f\u00fcr das Metall-Spritzgie\u00dfen kleiner, komplexer Teile verwendet, bei denen die Pulvermetallurgie zum Einsatz kommt. Zu den wichtigsten \u00dcberlegungen geh\u00f6ren:<\/p>\n<ul class=\"list-disc pl-8 space-y-2\">\n<li class=\"whitespace-normal\"><strong>Ausgangsmaterial:<\/strong>?60-68% Pulverladung mit Mehrkomponenten-Bindemittelsystem<\/li>\n<li class=\"whitespace-normal\"><strong>Gie\u00dfen:<\/strong>?hohe Schussgr\u00f6\u00dfe, schnelle Einspritzgeschwindigkeit, hoher Nachdruck<\/li>\n<li class=\"whitespace-normal\"><strong>Entbinden:<\/strong>L\u00f6sungsmittel-Entbinderung gefolgt von thermischer Entbinderung<\/li>\n<li class=\"whitespace-normal\"><strong>Sintern:<\/strong>?1350-1400\u00a1\"C in Wasserstoff- oder Vakuumatmosph\u00e4re<\/li>\n<li class=\"whitespace-normal\"><strong>Sekund\u00e4re Operationen:<\/strong>Bearbeitung, Lasermarkierung, Passivierung, Elektropolieren<\/li>\n<\/ul>\n<p class=\"whitespace-pre-wrap\">MIM-Serviceb\u00fcros haben bew\u00e4hrte Verfahren f\u00fcr 304L-Hochleistungsteile entwickelt, deren Eigenschaften im gesinterten Zustand denen von Knetmaterial nahe kommen.<\/p>\n<h2>Entwurf f\u00fcr AM<\/h2>\n<p class=\"whitespace-pre-wrap\">F\u00fcr die additive Fertigung unter Verwendung von 304L-Edelstahlpulver gelten folgende wichtige Konstruktionsrichtlinien:<\/p>\n<ul class=\"list-disc pl-8 space-y-2\">\n<li class=\"whitespace-normal\">Wandst\u00e4rken von \u00fcber 1 mm beibehalten<\/li>\n<li class=\"whitespace-normal\">Selbsttragende Geometrien mit Winkeln \u00fcber 45\u00a1\" verwenden<\/li>\n<li class=\"whitespace-normal\">Mit Abflussl\u00f6chern zum Entfernen von ungeschmolzenem Pulver<\/li>\n<li class=\"whitespace-normal\">Beobachten Sie die Auswirkungen der Geb\u00e4udeausrichtung auf die Eigenschaften<\/li>\n<li class=\"whitespace-normal\">Ber\u00fccksichtigen Sie die Schrumpfung von 20-25% bei der Konstruktion von Gegenst\u00fccken.<\/li>\n<li class=\"whitespace-normal\">Ber\u00fccksichtigen Sie Bearbeitungszugaben von 0,5-1 mm f\u00fcr kritische Passungen<\/li>\n<li class=\"whitespace-normal\">\u00dcberh\u00e4nge, Br\u00fccken und feine Details, die St\u00fctzen erfordern, sollten reduziert werden.<\/li>\n<\/ul>\n<h2>Qualit\u00e4tskontrolle<\/h2>\n<p class=\"whitespace-pre-wrap\">Die Qualit\u00e4tskontrolle von Edelstahlpulver 304L umfasst folgende Tests:<\/p>\n<ul class=\"list-disc pl-8 space-y-2\">\n<li class=\"whitespace-normal\">Chemische Analyse - ICP und OES zur \u00dcberpr\u00fcfung der Zusammensetzung<\/li>\n<li class=\"whitespace-normal\">Partikelgr\u00f6\u00dfenanalyse - Laserbeugungs-Partikelgr\u00f6\u00dfenanalysator<\/li>\n<li class=\"whitespace-normal\">Pulvermorphologie - REM-Bildgebung bei hoher Vergr\u00f6\u00dferung<\/li>\n<li class=\"whitespace-normal\">Scheinbare Dichte und Abstichdichte - Hall-Durchflussmessverfahren<\/li>\n<li class=\"whitespace-normal\">Pulverdurchsatz - Hall-Durchflussmesser-Trichter-Methode<\/li>\n<li class=\"whitespace-normal\">Gl\u00fchverlust - ASTM E sin Gravitationsofen<\/li>\n<li class=\"whitespace-normal\">Feuchtigkeitsanalyse - Karl-Fischer-Titration, LECO-Analyse<\/li>\n<\/ul>\n<p class=\"whitespace-pre-wrap\">Bei gesinterten MIM-Teilen umfasst die Pr\u00fcfung Folgendes:<\/p>\n<ul class=\"list-disc pl-8 space-y-2\">\n<li class=\"whitespace-normal\">Ma\u00dftoleranzen - CMM-Pr\u00fcfung<\/li>\n<li class=\"whitespace-normal\">Dichte - Archimedes-Methode<\/li>\n<li class=\"whitespace-normal\">Mikrostruktur - Optische Mikroskopie, Bildanalyse<\/li>\n<li class=\"whitespace-normal\">Mechanische Pr\u00fcfungen - H\u00e4rte, Zugfestigkeit, Erm\u00fcdung, Charpy-Schlagpr\u00fcfung<\/li>\n<\/ul>\n<h2>Gesundheit und Sicherheit<\/h2>\n<p class=\"whitespace-pre-wrap\">Wie die meisten Pulver und Teile aus rostfreiem Stahl stellt auch 304L bei sachgem\u00e4\u00dfer Handhabung nur ein geringes Gesundheitsrisiko dar:<\/p>\n<ul class=\"list-disc pl-8 space-y-2\">\n<li class=\"whitespace-normal\">Beim Umgang mit Pulver PSA tragen - Maske, Handschuhe, Schutzbrille<\/li>\n<li class=\"whitespace-normal\">Vermeiden Sie Hautkontakt, um eine Sensibilisierung zu verhindern.<\/li>\n<li class=\"whitespace-normal\">Verwenden Sie einen HEPA-gefilterten Staubsauger zum Aufsaugen von Staub und Pulver<\/li>\n<li class=\"whitespace-normal\">Vermeiden Sie das Einatmen von Schwei\u00df- oder Schmelzd\u00e4mpfen<\/li>\n<li class=\"whitespace-normal\">Gem\u00e4\u00df den \u00f6rtlichen Umweltvorschriften entsorgen<\/li>\n<li class=\"whitespace-normal\">Beim Schleifen oder Bearbeiten von Sinterteilen f\u00fcr ausreichende Bel\u00fcftung und Atemschutz sorgen<\/li>\n<\/ul>\n<p class=\"whitespace-pre-wrap\">F\u00fcr 304L sind keine besonderen Entsorgungsvorkehrungen erforderlich. Bei ordnungsgem\u00e4\u00dfen Verfahren stellt es eine minimale Gefahr f\u00fcr Arbeitnehmer und die Umwelt dar.<\/p>\n<h2>FAQ<\/h2>\n<ol class=\"list-decimal pl-8 space-y-2\">\n<li class=\"whitespace-normal\">\n<p class=\"whitespace-pre-wrap\"><strong>Was ist der Unterschied zwischen Edelstahlpulver 304 und 304L?<\/strong><\/p>\n<p class=\"whitespace-pre-wrap\">304L hat einen geringeren Kohlenstoffgehalt (&lt;0,03%) als 304 (&lt;0,08%), was zu einer besseren Korrosionsbest\u00e4ndigkeit f\u00fchrt, insbesondere beim Schwei\u00dfen. 304 ist weiter verbreitet.<\/p>\n<\/li>\n<li class=\"whitespace-normal\">\n<p class=\"whitespace-pre-wrap\"><strong>Ist f\u00fcr 304L-Pulver eine kontrollierte Atmosph\u00e4re erforderlich?<\/strong><\/p>\n<p class=\"whitespace-pre-wrap\">Nicht unbedingt, aber die Lagerung in versiegelten Beh\u00e4ltern mit Inertgas verhindert Oxidation und Kontamination.<\/p>\n<\/li>\n<li class=\"whitespace-normal\">\n<p class=\"whitespace-pre-wrap\"><strong>Welche Partikelgr\u00f6\u00dfe ist f\u00fcr AM am besten geeignet?<\/strong><\/p>\n<p class=\"whitespace-pre-wrap\">15-45 Mikrometer sind typisch f\u00fcr das Pulverbettschmelzverfahren AM, um einen guten Fluss und eine hohe Aufl\u00f6sung zu gew\u00e4hrleisten. Gr\u00f6\u00dfere Gr\u00f6\u00dfen von 45-100 Mikron werden ebenfalls verwendet.<\/p>\n<\/li>\n<li class=\"whitespace-normal\">\n<p class=\"whitespace-pre-wrap\"><strong>Wird 304L f\u00fcr den 3D-Druck von Metall verwendet?<\/strong><\/p>\n<p class=\"whitespace-pre-wrap\">Ja, 304L wird h\u00e4ufig f\u00fcr den 3D-Druck im Pulverbett und mit gerichteter Energieabscheidung zur Herstellung von Prototypen, Werkzeugen und Endverbrauchsteilen verwendet.<\/p>\n<\/li>\n<li class=\"whitespace-normal\">\n<p class=\"whitespace-pre-wrap\"><strong>Wodurch oxidiert das Pulver und verliert seine Wiederverwendbarkeit?<\/strong><\/p>\n<p class=\"whitespace-pre-wrap\">Die Einwirkung von Luft\/Feuchtigkeit f\u00fchrt zur Oxidation der Oberfl\u00e4che. Eine ordnungsgem\u00e4\u00dfe versiegelte Lagerung mit Trockenmittel und Sauerstoffabsorbern verhindert dies.<\/p>\n<\/li>\n<li class=\"whitespace-normal\">\n<p class=\"whitespace-pre-wrap\"><strong>Muss 304L nach dem Lasersintern in einer L\u00f6sung gegl\u00fcht werden?<\/strong><\/p>\n<p class=\"whitespace-pre-wrap\">Ja, das Spannungsarmgl\u00fchen bei 1050-1150\u00a1\"C und die schnelle Abk\u00fchlung tragen dazu bei, die Duktilit\u00e4t und Z\u00e4higkeit nach der schnellen Erstarrung wiederherzustellen.<\/p>\n<\/li>\n<li class=\"whitespace-normal\">\n<p class=\"whitespace-pre-wrap\"><strong>Welche Oberfl\u00e4cheng\u00fcte ist bei gesinterten MIM 304L-Teilen zu erwarten?<\/strong><\/p>\n<p class=\"whitespace-pre-wrap\">Anfangs etwa Ra 3-6 Mikrometer. Durch Polieren und \u00c4tzen k\u00f6nnen weniger als 0,5 Mikrometer erreicht werden. Die Beschichtung ergibt ebenfalls eine glatte Oberfl\u00e4che.<\/p>\n<\/li>\n<li class=\"whitespace-normal\">\n<p class=\"whitespace-pre-wrap\"><strong>Welche Toleranz kann mit 304L MIM-Teilen erreicht werden?<\/strong><\/p>\n<p class=\"whitespace-pre-wrap\">Typisch ist \u00a9I0,1-0,3%, aber bei Hochpr\u00e4zisionsbauteilen sind Toleranzen unter \u00a9I0,1% m\u00f6glich.<\/p>\n<\/li>\n<li class=\"whitespace-normal\">\n<p class=\"whitespace-pre-wrap\"><strong>Warum wird Edelstahl 304L gegen\u00fcber Edelstahl 304 bevorzugt?<\/strong><\/p>\n<p class=\"whitespace-pre-wrap\">Der niedrigere Kohlenstoffgehalt verleiht 304L eine bessere Korrosionsbest\u00e4ndigkeit, insbesondere bei Schwei\u00dfarbeiten, und verringert die Sensibilisierung. Es ist die vorherrschende Sorte geworden.<\/p>\n<\/li>\n<li class=\"whitespace-normal\">\n<p class=\"whitespace-pre-wrap\"><strong>Wie hoch ist der Kostenaufschlag f\u00fcr 304L im Vergleich zu 304-Pulver?<\/strong><\/p>\n<p class=\"whitespace-pre-wrap\">Typischerweise 10-30% h\u00f6here Kosten f\u00fcr 304L aufgrund der niedrigeren Kohlenstoffzusammensetzung. Der Preis h\u00e4ngt auch von den bestellten Mengen ab.<\/p>\n<\/li>\n<\/ol>\n<p><\/span><\/span><\/p>","protected":false},"excerpt":{"rendered":"<p>\u00dcberblick 304L Edelstahlpulver ist ein austenitisches Chrom-Nickel-Edelstahlpulver mit niedrigem Kohlenstoffgehalt. Es bietet eine ausgezeichnete Korrosionsbest\u00e4ndigkeit, gute Formbarkeit und Schwei\u00dfbarkeit und wird h\u00e4ufig f\u00fcr pulvermetallurgische Anwendungen verwendet. Die Bezeichnung \u00a3\u00a6L\u00a3\u00aa steht f\u00fcr einen niedrigeren Kohlenstoffgehalt im Vergleich zur Standardqualit\u00e4t 304. Der niedrige Kohlenstoffgehalt minimiert die Karbidausscheidung und maximiert die Korrosionsbest\u00e4ndigkeit. Pulvermetallurgie 304L...<\/p>","protected":false},"featured_media":1732,"parent":0,"template":"","meta":{"_acf_changed":false,"_kad_blocks_custom_css":"","_kad_blocks_head_custom_js":"","_kad_blocks_body_custom_js":"","_kad_blocks_footer_custom_js":"","_kad_post_transparent":"","_kad_post_title":"","_kad_post_layout":"","_kad_post_sidebar_id":"","_kad_post_content_style":"","_kad_post_vertical_padding":"","_kad_post_feature":"","_kad_post_feature_position":"","_kad_post_header":false,"_kad_post_footer":false,"_kad_post_classname":""},"product-category":[119,122],"class_list":["post-3862","product","type-product","status-publish","has-post-thumbnail","hentry","product-category-3d-printing-metal-powder","product-category-iron-based-alloy-powder"],"acf":[],"taxonomy_info":{"product-category":[{"value":119,"label":"3D Printing Metal Powder"},{"value":122,"label":"Iron Based Alloy Powder"}]},"featured_image_src_large":["https:\/\/3dpmetal.com\/wp-content\/uploads\/2024\/02\/304l-Stainless-Steel-Powder.jpg",600,600,false],"author_info":[],"comment_info":"","_links":{"self":[{"href":"https:\/\/3dpmetal.com\/de\/wp-json\/wp\/v2\/product\/3862","targetHints":{"allow":["GET"]}}],"collection":[{"href":"https:\/\/3dpmetal.com\/de\/wp-json\/wp\/v2\/product"}],"about":[{"href":"https:\/\/3dpmetal.com\/de\/wp-json\/wp\/v2\/types\/product"}],"wp:featuredmedia":[{"embeddable":true,"href":"https:\/\/3dpmetal.com\/de\/wp-json\/wp\/v2\/media\/1732"}],"wp:attachment":[{"href":"https:\/\/3dpmetal.com\/de\/wp-json\/wp\/v2\/media?parent=3862"}],"wp:term":[{"taxonomy":"product-category","embeddable":true,"href":"https:\/\/3dpmetal.com\/de\/wp-json\/wp\/v2\/product-category?post=3862"}],"curies":[{"name":"wp","href":"https:\/\/api.w.org\/{rel}","templated":true}]}}