{"id":3866,"date":"2024-03-18T06:10:08","date_gmt":"2024-03-18T06:10:08","guid":{"rendered":"https:\/\/3dp.45612300.xyz\/product\/pure-titanium-powder\/"},"modified":"2024-03-18T06:10:08","modified_gmt":"2024-03-18T06:10:08","slug":"pure-titanium-powder","status":"publish","type":"product","link":"https:\/\/3dpmetal.com\/de\/product\/pure-titanium-powder\/","title":{"rendered":"Reintitan-Pulver"},"content":{"rendered":"<p><span style=\"vertical-align: inherit;\"><span style=\"vertical-align: inherit;\"><\/p>\n<h2><strong>\u00dcberblick \u00fcber Reintitan-Pulver<\/strong><\/h2>\n<p class=\"whitespace-pre-wrap\">Titanpulver ist ein Metallpulver, das aus Titanmetall hergestellt wird. Es zeichnet sich durch sein hohes Verh\u00e4ltnis von Festigkeit zu Gewicht, Korrosionsbest\u00e4ndigkeit und Biokompatibilit\u00e4t aus. Titanpulver wird in verschiedenen Branchen eingesetzt, z. B. in der Luft- und Raumfahrt, der Medizintechnik, der Automobilindustrie und bei Konsumg\u00fctern.<\/p>\n<p class=\"whitespace-pre-wrap\">Dieser Artikel bietet einen umfassenden Leitfaden f\u00fcr Titanpulver. Er behandelt die Zusammensetzung, Eigenschaften, Anwendungen, Spezifikationen, Lieferanten, Handhabung, Inspektion, Vergleiche, Vor- und Nachteile sowie h\u00e4ufig gestellte Fragen zu Titanpulver. Quantitative Daten werden in leicht lesbaren Tabellen zum schnellen Nachschlagen dargestellt.<\/p>\n<h3><strong>Zusammensetzung des Titanpulvers<\/strong><\/h3>\n<p class=\"whitespace-pre-wrap\">Titanpulver kann reines Titan oder eine Legierung sein, die Titan als Hauptelement enth\u00e4lt. Die Zusammensetzung bestimmt die Eigenschaften und Anwendungen.<\/p>\n<table>\n<thead>\n<tr>\n<th>Komposition<\/th>\n<th>Details<\/th>\n<\/tr>\n<\/thead>\n<tbody>\n<tr>\n<td>Reines Titan<\/td>\n<td>Enth\u00e4lt &gt;99% Titan. Geringste Festigkeit, aber hervorragende Korrosionsbest\u00e4ndigkeit.<\/td>\n<\/tr>\n<tr>\n<td>Ti-6Al-4V<\/td>\n<td>6% Aluminium, 4% Vanadium. Die h\u00e4ufigste Titanlegierung mit hoher Festigkeit.<\/td>\n<\/tr>\n<tr>\n<td>Ti-3Al-2,5V<\/td>\n<td>3% Aluminium, 2,5% Vanadium. H\u00f6here Duktilit\u00e4t als Ti-6Al-4V.<\/td>\n<\/tr>\n<tr>\n<td>Ti-6Al-7Nb<\/td>\n<td>6% Aluminium, 7% Niob. H\u00f6here Festigkeit f\u00fcr Luft- und Raumfahrtanwendungen.<\/td>\n<\/tr>\n<tr>\n<td>Ti-15Mo-3Nb-3Al-0.2Si<\/td>\n<td>15% Molybd\u00e4n, 3% Niob, 3% Aluminium, 0,2% Silizium. Beta-Titan-Legierung.<\/td>\n<\/tr>\n<\/tbody>\n<\/table>\n<p class=\"whitespace-pre-wrap\">Titanpulver kann auch mit anderen elementaren Pulvern wie Eisen, Aluminium oder Bor gemischt werden, um ma\u00dfgeschneiderte Legierungen herzustellen.<\/p>\n<h3><strong>Eigenschaften von Titan-Pulver<\/strong><\/h3>\n<p class=\"whitespace-pre-wrap\">Aufgrund seiner einzigartigen Eigenschaften eignet sich Titan f\u00fcr anspruchsvolle Anwendungen in verschiedenen Branchen.<\/p>\n<table>\n<thead>\n<tr>\n<th>Immobilie<\/th>\n<th>Beschreibung<\/th>\n<\/tr>\n<\/thead>\n<tbody>\n<tr>\n<td>hohe Festigkeit<\/td>\n<td>Hat ein ausgezeichnetes Verh\u00e4ltnis von Festigkeit zu Dichte, das dem von hochfesten St\u00e4hlen nahe kommt.<\/td>\n<\/tr>\n<tr>\n<td>Geringe Dichte<\/td>\n<td>60% wiegt weniger als Stahl oder Nickellegierungen.<\/td>\n<\/tr>\n<tr>\n<td>Korrosionsbest\u00e4ndigkeit<\/td>\n<td>Bildet eine stabile TiO2-Oxidschicht f\u00fcr den Korrosionsschutz.<\/td>\n<\/tr>\n<tr>\n<td>Biokompatibilit\u00e4t<\/td>\n<td>Ungiftig und vertr\u00e4glich mit dem menschlichen K\u00f6rpergewebe.<\/td>\n<\/tr>\n<tr>\n<td>W\u00e4rmebest\u00e4ndigkeit<\/td>\n<td>Beh\u00e4lt seine mechanischen Eigenschaften bis zu 600\u00a1\"C bei.<\/td>\n<\/tr>\n<tr>\n<td>Nicht magnetisch<\/td>\n<td>N\u00fctzlich f\u00fcr nicht-magnetische Anwendungen.<\/td>\n<\/tr>\n<tr>\n<td>Funkenfrei<\/td>\n<td>Sicherer f\u00fcr entflammbare Umgebungen im Vergleich zu Stahl.<\/td>\n<\/tr>\n<\/tbody>\n<\/table>\n<p class=\"whitespace-pre-wrap\">Die Eigenschaften k\u00f6nnen durch \u00c4nderung der Zusammensetzung, der Korngr\u00f6\u00dfe, der Porosit\u00e4t und der Verarbeitungsmethode angepasst werden.<\/p>\n<p><img loading=\"lazy\" decoding=\"async\" class=\"alignnone size-medium wp-image-1409\" src=\"https:\/\/met3dp.com\/wp-content\/uploads\/2023\/09\/ed7a94ec-3c10-4b1b-87ed--300x300.jpg\" alt=\"Titan-Pulver\" width=\"300\" height=\"300\" title=\"\"><\/p>\n<h3><strong>Anwendungen von Titanium Powder<\/strong><\/h3>\n<p class=\"whitespace-pre-wrap\">Die vielseitigen Eigenschaften von Titanpulver erm\u00f6glichen einzigartige Anwendungen in den folgenden Branchen:<\/p>\n<table>\n<thead>\n<tr>\n<th>Industrie<\/th>\n<th>ANWENDUNGEN<\/th>\n<\/tr>\n<\/thead>\n<tbody>\n<tr>\n<td>Luft- und Raumfahrt<\/td>\n<td>Triebwerkskomponenten, Flugzeugstrukturen, Raumfahrzeuge<\/td>\n<\/tr>\n<tr>\n<td>Medizinisch<\/td>\n<td>Implantate, chirurgische Instrumente, medizinische Ger\u00e4te<\/td>\n<\/tr>\n<tr>\n<td>Automotive<\/td>\n<td>Pleuelstangen, Ventile, Federn, Befestigungselemente<\/td>\n<\/tr>\n<tr>\n<td>Chemikalien<\/td>\n<td>Korrosionsbest\u00e4ndige Beh\u00e4lter, W\u00e4rmetauscher, Rohre<\/td>\n<\/tr>\n<tr>\n<td>Sportartikel<\/td>\n<td>Golfschl\u00e4ger, Tennisschl\u00e4ger, Fahrr\u00e4der, Helme<\/td>\n<\/tr>\n<tr>\n<td>Additive Fertigung<\/td>\n<td>3D-gedruckte Teile f\u00fcr die Luft- und Raumfahrt, die Automobilindustrie und die Medizintechnik<\/td>\n<\/tr>\n<\/tbody>\n<\/table>\n<p class=\"whitespace-pre-wrap\">Die Biokompatibilit\u00e4t von Titan macht es ideal f\u00fcr Implantate und medizinische Ger\u00e4te. Aufgrund seiner Korrosionsbest\u00e4ndigkeit eignet es sich f\u00fcr Anwendungen im Meerwasser. Die hohe Festigkeit ist n\u00fctzlich f\u00fcr kritische Komponenten in der Luft- und Raumfahrt.<\/p>\n<h3><strong>Spezifikationen von Titanium Powder<\/strong><\/h3>\n<p class=\"whitespace-pre-wrap\">Titanpulver ist in verschiedenen Gr\u00f6\u00dfen, Formen, Reinheitsgraden und Zusammensetzungen erh\u00e4ltlich, um spezifischen Anwendungen gerecht zu werden.<\/p>\n<table>\n<thead>\n<tr>\n<th>Parameter<\/th>\n<th>Spezifikationen<\/th>\n<\/tr>\n<\/thead>\n<tbody>\n<tr>\n<td>Teilchengr\u00f6\u00dfen<\/td>\n<td>15-45 Mikrometer, 45-105 Mikrometer, 105-250 Mikrometer<\/td>\n<\/tr>\n<tr>\n<td>Partikelform<\/td>\n<td>Sph\u00e4rische, eckige, gemischte Morphologie<\/td>\n<\/tr>\n<tr>\n<td>Reinheit<\/td>\n<td>Grad 1 (99,2% Ti), Grad 2 (99,5% Ti), Grad 4 (99,9% Ti)<\/td>\n<\/tr>\n<tr>\n<td>Legierungssorten<\/td>\n<td>Ti-6Al-4V, Ti-6Al-7Nb, Ti-64, Ti-1023<\/td>\n<\/tr>\n<tr>\n<td>Produktionsverfahren<\/td>\n<td>Gaszerst\u00e4ubung, Plasmazerst\u00e4ubung, Hydrid-Dehydrid<\/td>\n<\/tr>\n<\/tbody>\n<\/table>\n<p class=\"whitespace-pre-wrap\">Die Partikelgr\u00f6\u00dfenverteilung, die Morphologie, der Sauerstoff-\/Stickstoffgehalt und die Mikrostruktur werden entsprechend den Anforderungen der Anwendung kontrolliert.<\/p>\n<h3><strong>Lieferanten von Titanium Powder<\/strong><\/h3>\n<p class=\"whitespace-pre-wrap\">Titanpulver wird von f\u00fchrenden Metallpulverherstellern in aller Welt geliefert:<\/p>\n<table>\n<thead>\n<tr>\n<th>Anbieter<\/th>\n<th>Ort<\/th>\n<\/tr>\n<\/thead>\n<tbody>\n<tr>\n<td>AMETEK<\/td>\n<td>Vereinigte Staaten<\/td>\n<\/tr>\n<tr>\n<td>AP&amp;C<\/td>\n<td>Kanada<\/td>\n<\/tr>\n<tr>\n<td>TLS-Technik<\/td>\n<td>Deutschland<\/td>\n<\/tr>\n<tr>\n<td>Tekna<\/td>\n<td>Kanada<\/td>\n<\/tr>\n<tr>\n<td>Metalysis<\/td>\n<td>Gro\u00dfbritannien<\/td>\n<\/tr>\n<tr>\n<td>Praxair<\/td>\n<td>Vereinigte Staaten<\/td>\n<\/tr>\n<tr>\n<td>Rio Tinto<\/td>\n<td>Kanada<\/td>\n<\/tr>\n<tr>\n<td>ATI Pulvermetalle<\/td>\n<td>Vereinigte Staaten<\/td>\n<\/tr>\n<tr>\n<td>CNPC-Puder-Gruppe<\/td>\n<td>China<\/td>\n<\/tr>\n<\/tbody>\n<\/table>\n<p class=\"whitespace-pre-wrap\">Die Preise f\u00fcr Titanpulver reichen von $50\/kg bis $500\/kg, je nach Reinheit, Partikelgr\u00f6\u00dfe, Produktionsverfahren und Auftragsvolumen. Kundenspezifische Legierungen, spezielle Partikelmorphologien und strenge Toleranzen kosten mehr.<\/p>\n<h3><strong>Handhabung und Lagerung von Titanium Powder<\/strong><\/h3>\n<p class=\"whitespace-pre-wrap\">Beim Umgang mit Titanpulver sind besondere Vorsichtsma\u00dfnahmen erforderlich, um Br\u00e4nde, Explosionen und Sachsch\u00e4den zu vermeiden:<\/p>\n<ul class=\"list-disc pl-8 space-y-2\">\n<li class=\"whitespace-normal\">In k\u00fchler, trockener, inerter Umgebung, fern von Feuchtigkeit, Funken und Flammen lagern<\/li>\n<li class=\"whitespace-normal\">Verwenden Sie leitf\u00e4hige, geerdete Beh\u00e4lter, um statische Aufladung zu vermeiden.<\/li>\n<li class=\"whitespace-normal\">Zur Staubkontrolle wird eine \u00f6rtliche Entl\u00fcftung empfohlen.<\/li>\n<li class=\"whitespace-normal\">Vermeiden Sie Staubansammlungen, um die Explosionsgefahr zu minimieren.<\/li>\n<li class=\"whitespace-normal\">Staubmasken, Schutzbrillen und Handschuhe tragen, um Einatmen und Hautkontakt zu vermeiden<\/li>\n<li class=\"whitespace-normal\">Befolgen Sie die Anweisungen des Sicherheitsdatenblatts (MSDS) zur sicheren Handhabung.<\/li>\n<\/ul>\n<h3><strong>Inspektion und Pr\u00fcfung von Titanpulver<\/strong><\/h3>\n<p class=\"whitespace-pre-wrap\">Die Titanpulverchargen werden getestet, um sicherzustellen, dass sie die erforderlichen Materialspezifikationen erf\u00fcllen:<\/p>\n<table>\n<thead>\n<tr>\n<th>Pr\u00fcfverfahren<\/th>\n<th>Gemessener Parameter<\/th>\n<\/tr>\n<\/thead>\n<tbody>\n<tr>\n<td>Siebanalyse<\/td>\n<td>Korngr\u00f6\u00dfenverteilung<\/td>\n<\/tr>\n<tr>\n<td>Laserbeugung<\/td>\n<td>Partikelgr\u00f6\u00dfenverteilung, mittlere Gr\u00f6\u00dfe<\/td>\n<\/tr>\n<tr>\n<td>Rasterelektronenmikroskopie<\/td>\n<td>Morphologie der Partikel, Mikrostruktur<\/td>\n<\/tr>\n<tr>\n<td>Energiedispersive R\u00f6ntgenspektroskopie (EDX oder EDS)<\/td>\n<td>Chemische Zusammensetzung<\/td>\n<\/tr>\n<tr>\n<td>R\u00f6ntgenbeugung<\/td>\n<td>Zusammensetzung der Phasen<\/td>\n<\/tr>\n<tr>\n<td>Spektralphotometrie<\/td>\n<td>Gehalt an Sauerstoff, Stickstoff und Wasserstoff<\/td>\n<\/tr>\n<tr>\n<td>Sch\u00fcttdichte<\/td>\n<td>Sch\u00fcttgewicht, Flie\u00dff\u00e4higkeit<\/td>\n<\/tr>\n<tr>\n<td>Pyknometer<\/td>\n<td>Dichte des Skeletts<\/td>\n<\/tr>\n<\/tbody>\n<\/table>\n<p class=\"whitespace-pre-wrap\">Probenahme und Pr\u00fcfung gem\u00e4\u00df ASTM-Normen gew\u00e4hrleisten die Qualit\u00e4t des Titanpulvers f\u00fcr kritische Anwendungen.<\/p>\n<h3><strong>Titanpulver im Vergleich zu Alternativen<\/strong><\/h3>\n<p class=\"whitespace-pre-wrap\">Titan hat im Vergleich zu Ersatzmaterialien Vor- und Nachteile:<\/p>\n<table>\n<thead>\n<tr>\n<th><\/th>\n<th>Titan<\/th>\n<th>Aluminium<\/th>\n<th>Edelstahl<\/th>\n<\/tr>\n<\/thead>\n<tbody>\n<tr>\n<td>Dichte<\/td>\n<td>Niedrig<\/td>\n<td>Niedriger<\/td>\n<td>H\u00f6her<\/td>\n<\/tr>\n<tr>\n<td>St\u00e4rke<\/td>\n<td>High<\/td>\n<td>Mittel<\/td>\n<td>High<\/td>\n<\/tr>\n<tr>\n<td>Korrosionsbest\u00e4ndigkeit<\/td>\n<td>Ausgezeichnet<\/td>\n<td>Gut<\/td>\n<td>Gut<\/td>\n<\/tr>\n<tr>\n<td>Temperaturbest\u00e4ndigkeit<\/td>\n<td>Gut<\/td>\n<td>Mittel<\/td>\n<td>Besser<\/td>\n<\/tr>\n<tr>\n<td>Kosten<\/td>\n<td>High<\/td>\n<td>Niedrig<\/td>\n<td>Mittel<\/td>\n<\/tr>\n<tr>\n<td>Magnetische Permeabilit\u00e4t<\/td>\n<td>Niedrig<\/td>\n<td>Niedrig<\/td>\n<td>High<\/td>\n<\/tr>\n<tr>\n<td>Biokompatibilit\u00e4t<\/td>\n<td>Ausgezeichnet<\/td>\n<td>Arm<\/td>\n<td>Gut<\/td>\n<\/tr>\n<\/tbody>\n<\/table>\n<p class=\"whitespace-pre-wrap\">Titan zeichnet sich trotz seiner h\u00f6heren Kosten durch seine Korrosionsbest\u00e4ndigkeit und Biokompatibilit\u00e4t aus. Aluminium und Edelstahl k\u00f6nnen je nach den Anforderungen der Anwendung eine kosteng\u00fcnstigere Alternative sein.<\/p>\n<h3><strong>Vor- und Nachteile von Titanium Powder<\/strong><\/h3>\n<table>\n<thead>\n<tr>\n<th>Vorteile<\/th>\n<th>Nachteile<\/th>\n<\/tr>\n<\/thead>\n<tbody>\n<tr>\n<td>Hohes Festigkeits-Gewicht-Verh\u00e4ltnis<\/td>\n<td>Teuer im Vergleich zu St\u00e4hlen<\/td>\n<\/tr>\n<tr>\n<td>Korrosionsbest\u00e4ndig<\/td>\n<td>Reaktivit\u00e4t mit Sauerstoff bei hohen Temperaturen<\/td>\n<\/tr>\n<tr>\n<td>Ungiftig und antiallergen<\/td>\n<td>Niedriger Elastizit\u00e4tsmodul kann R\u00fcckfederung bei der Bearbeitung bedeuten<\/td>\n<\/tr>\n<tr>\n<td>Ausgezeichnete Biokompatibilit\u00e4t<\/td>\n<td>Geringe W\u00e4rmeleitf\u00e4higkeit<\/td>\n<\/tr>\n<tr>\n<td>Beh\u00e4lt seine Eigenschaften bei hohen Temperaturen bei<\/td>\n<td>Erfordert die Verarbeitung unter Schutzatmosph\u00e4re<\/td>\n<\/tr>\n<tr>\n<td>Breite Palette von Legierungsm\u00f6glichkeiten<\/td>\n<td>Begrenzte Festigkeit bei hohen Temperaturen<\/td>\n<\/tr>\n<\/tbody>\n<\/table>\n<p class=\"whitespace-pre-wrap\">Titanpulver erm\u00f6glicht leichte, stabile Teile, erfordert jedoch eine kontrollierte Handhabung und Verarbeitung. Die Kosten sind h\u00f6her als bei herk\u00f6mmlichen Legierungen.<\/p>\n<h2><strong>H\u00e4ufig gestellte Fragen zum Thema Titanium Powder<\/strong><\/h2>\n<p class=\"whitespace-pre-wrap\">Hier finden Sie Antworten auf einige h\u00e4ufig gestellte Fragen zu Titanpulver:<\/p>\n<p class=\"whitespace-pre-wrap\"><strong>F: Wozu wird Titanpulver verwendet?<\/strong><\/p>\n<p class=\"whitespace-pre-wrap\">A: Titanpulver wird aufgrund seiner hohen Festigkeit, seines geringen Gewichts, seiner Korrosionsbest\u00e4ndigkeit, seiner Hitzebest\u00e4ndigkeit und seiner Biokompatibilit\u00e4t in der Luft- und Raumfahrt, der Medizintechnik, der Automobilindustrie, der chemischen Industrie und f\u00fcr Sportartikel verwendet. Es wird h\u00e4ufig f\u00fcr kritische rotierende Teile in Flugzeugtriebwerken, orthop\u00e4dische Implantate, Automobilkomponenten, W\u00e4rmetauscher und additiv gefertigte Teile verwendet.<\/p>\n<p class=\"whitespace-pre-wrap\"><strong>F: Ist Titanpulver in der Handhabung sicher?<\/strong><\/p>\n<p class=\"whitespace-pre-wrap\">A: Titanpulver kann sich entz\u00fcnden und explodieren, wenn es sehr fein verteilt und der Luft ausgesetzt ist. Richtige Erdung, inerte Atmosph\u00e4re, Bel\u00fcftung und Schutzausr\u00fcstung sind beim Umgang mit Titanpulver unerl\u00e4sslich. Es ist au\u00dferdem ungiftig und bei Hautkontakt hypoallergen.<\/p>\n<p class=\"whitespace-pre-wrap\"><strong>F: Was ist der Unterschied zwischen Titanpulver Grad 1 und Grad 5?<\/strong><\/p>\n<p class=\"whitespace-pre-wrap\">A: Titanpulver der G\u00fcteklasse 1 hat einen h\u00f6heren Reinheitsgrad und einen geringeren Sauerstoff- und Eisengehalt als G\u00fcteklasse 5. Grade 1 bietet eine bessere Korrosionsbest\u00e4ndigkeit, w\u00e4hrend Grade 5 eine h\u00f6here Festigkeit aufweist. Grade 5-Pulver wird verwendet, wenn die Festigkeit entscheidend ist, w\u00e4hrend Grade 1 den Anforderungen an die chemische Best\u00e4ndigkeit entspricht.<\/p>\n<p class=\"whitespace-pre-wrap\"><strong>F: Kann Titanpulver rosten?<\/strong><\/p>\n<p class=\"whitespace-pre-wrap\">A: Titan bildet eine undurchl\u00e4ssige und selbstreparierende Oxidschicht, die es vor Rost und Korrosion sch\u00fctzt. Es weist in den meisten Umgebungen, einschlie\u00dflich Salzwasser, eine ausgezeichnete Korrosionsbest\u00e4ndigkeit auf. Aufgrund dieser Eigenschaft eignet es sich f\u00fcr maritime Anwendungen.<\/p>\n<p class=\"whitespace-pre-wrap\"><strong>F: Ist Titanpulver magnetisch?<\/strong><\/p>\n<p class=\"whitespace-pre-wrap\">A: Nein, Titanpulver ist nicht magnetisch. Seine relative magnetische Permeabilit\u00e4t liegt sehr nahe bei 1, was es f\u00fcr nicht-magnetische Anwendungen anstelle von ferritischen St\u00e4hlen n\u00fctzlich macht.<\/p>\n<p class=\"whitespace-pre-wrap\"><strong>F: Wie hoch sind die Kosten f\u00fcr Titanpulver?<\/strong><\/p>\n<p class=\"whitespace-pre-wrap\">A: Titanpulver kann zwischen $50\/kg und $500\/kg liegen, je nach Reinheit, Partikelgr\u00f6\u00dfe, Produktionsmethode, Morphologie und Auftragsvolumen. Hochreine Qualit\u00e4ten, die f\u00fcr medizinische Zwecke geeignet sind, sind teurer. Sonderlegierungen und spezielle Partikelformen sind ebenfalls teurer.<\/p>\n<p class=\"whitespace-pre-wrap\"><strong>F: Was ist der Unterschied zwischen gasverd\u00fcstem und Hydrid-Dehydrid-Titanpulver?<\/strong><\/p>\n<p class=\"whitespace-pre-wrap\">A: Gasverd\u00fcstes Titanpulver hat eine kugelf\u00f6rmige Morphologie, die sich ideal f\u00fcr die additive Fertigung eignet, w\u00e4hrend Hydrid-Dehydrid-Pulver eine kantige, unregelm\u00e4\u00dfige Form hat, die sich f\u00fcr das Pressen und Sintern eignet. Die Pulvereigenschaften, die Oberfl\u00e4chenchemie, das Mikrogef\u00fcge und die Kosten unterscheiden sich bei den beiden Herstellungsverfahren.<\/p>\n<p class=\"whitespace-pre-wrap\"><strong>F: Wie wird Titanpulver hergestellt?<\/strong><\/p>\n<p class=\"whitespace-pre-wrap\">A: Die wichtigsten Produktionsmethoden sind die Gaszerst\u00e4ubung, die Plasmazerst\u00e4ubung und das Hydrid-Dehydrid-Verfahren. Die Gaszerst\u00e4ubung mit Argon- oder Stickstoffgas ist eine g\u00e4ngige Methode zur Herstellung feiner kugelf\u00f6rmiger Pulver f\u00fcr AM. Das Hydridverfahren erzeugt kantiges Pulver, das vor dem Sintern in Formen gepresst wird. Durch Plasmazerst\u00e4ubung k\u00f6nnen sehr feine sph\u00e4rische Pulver hergestellt werden.<\/p>\n<p class=\"whitespace-pre-wrap\"><strong>F: Welchen Inhalt hat ein Sicherheitsdatenblatt (MSDS) f\u00fcr Titanpulver?<\/strong><\/p>\n<p class=\"whitespace-pre-wrap\">A: Das Sicherheitsdatenblatt enth\u00e4lt Informationen \u00fcber Gesundheitsgefahren, Reaktivit\u00e4tsdaten, toxikologische Daten, Vorsichtsma\u00dfnahmen bei der Handhabung, Informationen zur Lagerung, Verfahren bei Versch\u00fcttungen, Anweisungen zur Brandbek\u00e4mpfung, Erste-Hilfe-Ma\u00dfnahmen und Richtlinien zur Entsorgung. Es ist wichtig, das SDB zu lesen, bevor Sie mit einer beliebigen Menge Titanpulver arbeiten.<\/p>\n<p class=\"whitespace-pre-wrap\"><strong>F: Welche Normen gelten f\u00fcr Titanpulver?<\/strong><\/p>\n<p class=\"whitespace-pre-wrap\">A: Zu den wichtigsten Normen geh\u00f6ren ASTM B833 f\u00fcr sph\u00e4risches Titanpulver, ASTM B981 f\u00fcr Titanlegierungen f\u00fcr die Pulvermetallurgie, ASTM B988 f\u00fcr gasverd\u00fcstes Titanlegierungspulver und ISO 22068 f\u00fcr die additive Fertigung mit Titanlegierungen. Die Spezifikationen umfassen Probenahme, Pr\u00fcfung, Gr\u00f6\u00dfenanalyse, chemische Analyse und Qualit\u00e4tssicherung.<\/p>\n<p><\/span><\/span><\/p>","protected":false},"excerpt":{"rendered":"<p>\u00dcberblick \u00fcber Reintitanpulver Titanpulver ist ein Metallpulver, das aus Titanmetall hergestellt wird. Es zeichnet sich durch sein hohes Verh\u00e4ltnis von Festigkeit zu Gewicht, Korrosionsbest\u00e4ndigkeit und Biokompatibilit\u00e4t aus. Titanpulver wird in verschiedenen Branchen eingesetzt, z. B. in der Luft- und Raumfahrt, der Medizintechnik, der Automobilindustrie und bei Konsumg\u00fctern. Dieser Artikel bietet einen umfassenden Leitfaden zu Titanpulver. Er behandelt die Zusammensetzung,...<\/p>","protected":false},"featured_media":1740,"parent":0,"template":"","meta":{"_acf_changed":false,"_kad_blocks_custom_css":"","_kad_blocks_head_custom_js":"","_kad_blocks_body_custom_js":"","_kad_blocks_footer_custom_js":"","_kad_post_transparent":"","_kad_post_title":"","_kad_post_layout":"","_kad_post_sidebar_id":"","_kad_post_content_style":"","_kad_post_vertical_padding":"","_kad_post_feature":"","_kad_post_feature_position":"","_kad_post_header":false,"_kad_post_footer":false,"_kad_post_classname":""},"product-category":[119,123],"class_list":["post-3866","product","type-product","status-publish","has-post-thumbnail","hentry","product-category-3d-printing-metal-powder","product-category-titanium-based-alloy-powder"],"acf":[],"taxonomy_info":{"product-category":[{"value":119,"label":"3D Printing Metal Powder"},{"value":123,"label":"Titanium Based Alloy Powder"}]},"featured_image_src_large":["https:\/\/3dpmetal.com\/wp-content\/uploads\/2024\/02\/Pure-Titanium-Powder.jpg",600,600,false],"author_info":[],"comment_info":"","_links":{"self":[{"href":"https:\/\/3dpmetal.com\/de\/wp-json\/wp\/v2\/product\/3866","targetHints":{"allow":["GET"]}}],"collection":[{"href":"https:\/\/3dpmetal.com\/de\/wp-json\/wp\/v2\/product"}],"about":[{"href":"https:\/\/3dpmetal.com\/de\/wp-json\/wp\/v2\/types\/product"}],"wp:featuredmedia":[{"embeddable":true,"href":"https:\/\/3dpmetal.com\/de\/wp-json\/wp\/v2\/media\/1740"}],"wp:attachment":[{"href":"https:\/\/3dpmetal.com\/de\/wp-json\/wp\/v2\/media?parent=3866"}],"wp:term":[{"taxonomy":"product-category","embeddable":true,"href":"https:\/\/3dpmetal.com\/de\/wp-json\/wp\/v2\/product-category?post=3866"}],"curies":[{"name":"wp","href":"https:\/\/api.w.org\/{rel}","templated":true}]}}