{"id":3867,"date":"2024-03-18T06:10:08","date_gmt":"2024-03-18T06:10:08","guid":{"rendered":"https:\/\/3dp.45612300.xyz\/product\/niobium-powder\/"},"modified":"2024-03-18T06:10:08","modified_gmt":"2024-03-18T06:10:08","slug":"niobium-powder","status":"publish","type":"product","link":"https:\/\/3dpmetal.com\/de\/product\/niobium-powder\/","title":{"rendered":"Niobium-Pulver"},"content":{"rendered":"<p><span style=\"vertical-align: inherit;\"><span style=\"vertical-align: inherit;\"><\/p>\n<h2>\u00dcberblick \u00fcber Niob-Pulver<\/h2>\n<p class=\"whitespace-pre-wrap\">Niob ist ein gl\u00e4nzendes, wei\u00dfes refrakt\u00e4res \u00dcbergangsmetall mit hervorragender Hitzebest\u00e4ndigkeit und sehr hohem Schmelzpunkt. In Pulverform weist es eine ausgezeichnete thermische, elektrische und chemische Stabilit\u00e4t auf.<\/p>\n<p class=\"whitespace-pre-wrap\">Zu den wichtigsten Eigenschaften von Niobpulver geh\u00f6ren:<\/p>\n<ul class=\"list-disc pl-8 space-y-2\">\n<li class=\"whitespace-normal\">Hohe Hitzebest\u00e4ndigkeit und feuerfester Charakter<\/li>\n<li class=\"whitespace-normal\">Exzellente Korrosionsbest\u00e4ndigkeit<\/li>\n<li class=\"whitespace-normal\">Supraleitend unter 9,2K (-264\u00a1\"C)<\/li>\n<li class=\"whitespace-normal\">Thermische und elektrische Stabilit\u00e4t<\/li>\n<li class=\"whitespace-normal\">Geringe Neutronenabsorption<\/li>\n<li class=\"whitespace-normal\">Pulver mit hoher Dichte und guter chemischer Reinheit<\/li>\n<li class=\"whitespace-normal\">Erh\u00e4ltlich in verschiedenen Korngr\u00f6\u00dfenbereichen<\/li>\n<\/ul>\n<p class=\"whitespace-pre-wrap\">Niobpulver wird dort eingesetzt, wo seine feuerfesten, leitf\u00e4higen und supraleitenden Eigenschaften genutzt werden k\u00f6nnen. Zu den wichtigsten Anwendungen geh\u00f6ren Elektronik, Supraleiter, Legierungen, chemikalien- und hitzebest\u00e4ndige Komponenten, optische Beschichtungen und Pyrotechnik.<\/p>\n<h2>Zusammensetzung von Niob-Pulver<\/h2>\n<p class=\"whitespace-pre-wrap\">Niobpulver hat die folgende typische Zusammensetzung:<\/p>\n<table>\n<thead>\n<tr>\n<th>Element<\/th>\n<th>Reinheit<\/th>\n<\/tr>\n<\/thead>\n<tbody>\n<tr>\n<td>Niobium (Nb)<\/td>\n<td>99% min.<\/td>\n<\/tr>\n<tr>\n<td>Tantal (Ta)<\/td>\n<td>0,5 % max<\/td>\n<\/tr>\n<tr>\n<td>Hafnium (Hf)<\/td>\n<td>0,01% max<\/td>\n<\/tr>\n<tr>\n<td>Stickstoff (N)<\/td>\n<td>0,03% max<\/td>\n<\/tr>\n<tr>\n<td>Kohlenstoff (C)<\/td>\n<td>max. 0,05 %<\/td>\n<\/tr>\n<tr>\n<td>Sauerstoff (O)<\/td>\n<td>0.1-0.2%<\/td>\n<\/tr>\n<tr>\n<td>Wasserstoff (H)<\/td>\n<td>0,0015% max<\/td>\n<\/tr>\n<\/tbody>\n<\/table>\n<p class=\"whitespace-pre-wrap\">Hochreines Niobpulver enth\u00e4lt \u00fcber 99% Niobmetall mit geringen Verunreinigungen. Handels\u00fcbliche Qualit\u00e4ten haben h\u00f6here zul\u00e4ssige Verunreinigungen.<\/p>\n<h2>Eigenschaften von Niob-Pulver<\/h2>\n<p class=\"whitespace-pre-wrap\">Niobpulver weist die folgenden Eigenschaften auf:<\/p>\n<table>\n<thead>\n<tr>\n<th>Immobilie<\/th>\n<th>Wert<\/th>\n<\/tr>\n<\/thead>\n<tbody>\n<tr>\n<td>Dichte<\/td>\n<td>8,57 g\/cm3<\/td>\n<\/tr>\n<tr>\n<td>Schmelzpunkt<\/td>\n<td>2477\u00a1\"C<\/td>\n<\/tr>\n<tr>\n<td>W\u00e4rmeleitf\u00e4higkeit<\/td>\n<td>53 W\/m?K<\/td>\n<\/tr>\n<tr>\n<td>Elektrischer Widerstand<\/td>\n<td>15 \u00c3\u00d7'\u00ce?cm<\/td>\n<\/tr>\n<tr>\n<td>Elastizit\u00e4tsmodul<\/td>\n<td>105 GPa<\/td>\n<\/tr>\n<tr>\n<td>Poissonzahl<\/td>\n<td>0.40<\/td>\n<\/tr>\n<tr>\n<td>Zugfestigkeit<\/td>\n<td>550 MPa<\/td>\n<\/tr>\n<tr>\n<td>Druckfestigkeit<\/td>\n<td>200 MPa<\/td>\n<\/tr>\n<tr>\n<td>Vickers-H\u00e4rte<\/td>\n<td>600 HV<\/td>\n<\/tr>\n<\/tbody>\n<\/table>\n<p class=\"whitespace-pre-wrap\">Niobium hat einen extrem hohen Schmelzpunkt und eine sehr gute Leitf\u00e4higkeit. Es bietet hohe Festigkeit bei niedrigen und hohen Temperaturen. Die supraleitende \u00dcbergangstemperatur liegt bei 9,2 K.<\/p>\n<p><img loading=\"lazy\" decoding=\"async\" class=\"size-medium wp-image-1409 aligncenter\" src=\"https:\/\/met3dp.com\/wp-content\/uploads\/2023\/09\/ed7a94ec-3c10-4b1b-87ed--300x300.jpg\" alt=\"Niobium-Pulver\" width=\"300\" height=\"300\" title=\"\"><\/p>\n<h2>Produktionsmethoden f\u00fcr Niobpulver<\/h2>\n<p class=\"whitespace-pre-wrap\">Niobpulver kann durch folgende Methoden hergestellt werden:<\/p>\n<ul class=\"list-disc pl-8 space-y-2\">\n<li class=\"whitespace-normal\"><strong>Hydriding-Dehydriding<\/strong>?- Niob-Barren werden zu grobem Pulver zerkleinert und hydriert. Das Niobhydrid wird im Vakuum dehydriert und zu feinem Pulver gemahlen.<\/li>\n<li class=\"whitespace-normal\"><strong>Calciothermische Reduktion<\/strong>?- Reduktion von Nioboxid mit Kalzium, gefolgt von Konsolidierung und Zerkleinerung zu Pulver.<\/li>\n<li class=\"whitespace-normal\"><strong>Elektrolyse<\/strong>?- Schmelzflusselektrolyse von Nioboxid zur Herstellung von Niobschwamm, der zu Pulver zermahlen wird.<\/li>\n<li class=\"whitespace-normal\"><strong>Kohlenstoffreduzierung<\/strong>?- Nioboxid wird mit Kohlenstoff reduziert und zu Pulver verarbeitet.<\/li>\n<\/ul>\n<p class=\"whitespace-pre-wrap\">Am gebr\u00e4uchlichsten ist das Hydrierverfahren, aber auch Kohlenstoff und elektrothermische Reduktion bieten Pulver mit h\u00f6herem Reinheitsgrad.<\/p>\n<h2>Anwendungen von Niob-Pulver<\/h2>\n<p class=\"whitespace-pre-wrap\">Niobpulver wird in den folgenden Hauptanwendungen eingesetzt:<\/p>\n<ul class=\"list-disc pl-8 space-y-2\">\n<li class=\"whitespace-normal\"><strong>Elektronik<\/strong>Kondensatoren, supraleitende Hochfrequenzhohlr\u00e4ume, Josephson-Kontakte, integrierte Schaltungen.<\/li>\n<li class=\"whitespace-normal\"><strong>Metall-Legierungen<\/strong>?- Wird St\u00e4hlen und Nickelbasislegierungen zur Erh\u00f6hung der Festigkeit und W\u00e4rmebest\u00e4ndigkeit zugesetzt.<\/li>\n<li class=\"whitespace-normal\"><strong>Beschichtungen und Anstriche<\/strong>?- Wird in leitf\u00e4higen Beschichtungen, funkenbest\u00e4ndigen Farben und optischen Beschichtungen verwendet.<\/li>\n<li class=\"whitespace-normal\"><strong>Schwei\u00dfen<\/strong>?- Als Zusatzwerkstoff f\u00fcr Edelstahl, Nickellegierungen und hochschmelzende Metalle.<\/li>\n<li class=\"whitespace-normal\"><strong>Chemische Industrie<\/strong>Komponenten wie W\u00e4rmetauscher und Reaktorbeh\u00e4lter nutzen die Stabilit\u00e4t von Niob.<\/li>\n<li class=\"whitespace-normal\"><strong>Pyrotechnik<\/strong>?- Als Brennstoff und Oxidationsmittel in pyrotechnischen Formulierungen.<\/li>\n<\/ul>\n<h2>Spezifikationen von Niob-Pulver<\/h2>\n<p class=\"whitespace-pre-wrap\">Niobpulver ist in verschiedenen Spezifikationen erh\u00e4ltlich:<\/p>\n<ul class=\"list-disc pl-8 space-y-2\">\n<li class=\"whitespace-normal\"><strong>Reinheitsgrade<\/strong>?- Von handels\u00fcblicher Reinheit bis zu ultrahoher Reinheit (99,99%) auf der Grundlage von Verunreinigungen.<\/li>\n<li class=\"whitespace-normal\"><strong>Partikelgr\u00f6\u00dfen<\/strong>?- Von 1 Mikron bis 150 Mikron f\u00fcr verschiedene Anwendungen.<\/li>\n<li class=\"whitespace-normal\"><strong>Morphologie<\/strong>?- Unregelm\u00e4\u00dfige, kugelf\u00f6rmige, knotige und flockige Pulverformen.<\/li>\n<li class=\"whitespace-normal\"><strong>Oberfl\u00e4che<\/strong>?- Von Pulversorten mit geringer Oberfl\u00e4che bis zu solchen mit gro\u00dfer Oberfl\u00e4che.<\/li>\n<li class=\"whitespace-normal\"><strong>Sauerstoffgehalt<\/strong>?- Feines Pulver mit niedrigem Sauerstoffgehalt ebenfalls erh\u00e4ltlich.<\/li>\n<li class=\"whitespace-normal\"><strong>Benutzerdefinierte Klassen<\/strong>?- Kundenspezifische Partikeleigenschaften und Reinheit.<\/li>\n<\/ul>\n<h2>Globale Lieferanten von Niob-Pulver<\/h2>\n<p class=\"whitespace-pre-wrap\">Zu den weltweit wichtigsten Anbietern von Niobpulver geh\u00f6ren:<\/p>\n<ul class=\"list-disc pl-8 space-y-2\">\n<li class=\"whitespace-normal\">H.C. Starck (Deutschland)<\/li>\n<li class=\"whitespace-normal\">CBMM (Brasilien)<\/li>\n<li class=\"whitespace-normal\">Niobec (Kanada)<\/li>\n<li class=\"whitespace-normal\">ESPI Metals (USA)<\/li>\n<li class=\"whitespace-normal\">Continental Stahl &amp; Rohr (USA)<\/li>\n<li class=\"whitespace-normal\">ZhuZhou Oriental Powder Metallurgy (China)<\/li>\n<\/ul>\n<p class=\"whitespace-pre-wrap\">Diese Unternehmen stellen verschiedene Niobpulverqualit\u00e4ten mit unterschiedlichen Produktionsmethoden in kommerzieller bis hoher Reinheit her.<\/p>\n<h2>Preisgestaltung von Niob-Pulver<\/h2>\n<p class=\"whitespace-pre-wrap\">Die Preise f\u00fcr Niobpulver h\u00e4ngen von verschiedenen Faktoren ab:<\/p>\n<ul class=\"list-disc pl-8 space-y-2\">\n<li class=\"whitespace-normal\"><strong>Reinheitsgrad<\/strong>?- Von $50\/kg f\u00fcr kommerzielle Reinheit bis \u00fcber $500\/kg f\u00fcr ultrahochreine Qualit\u00e4ten.<\/li>\n<li class=\"whitespace-normal\"><strong>Teilchengr\u00f6sse<\/strong>Nanoskalige und Submikron-Pulver sind teurer.<\/li>\n<li class=\"whitespace-normal\"><strong>Morphologie<\/strong>?- F\u00fcr kugelf\u00f6rmige und glatte Pulver werden hohe Preise verlangt.<\/li>\n<li class=\"whitespace-normal\"><strong>Menge<\/strong>?- Die Preise f\u00fcr gro\u00dfe Mengen sinken aufgrund von Skaleneffekten.<\/li>\n<li class=\"whitespace-normal\"><strong>Hersteller<\/strong>?- Die gro\u00dfen globalen Anbieter bieten wettbewerbsf\u00e4higere Preise.<\/li>\n<li class=\"whitespace-normal\"><strong>Geographie<\/strong>?- Die Preise variieren in den verschiedenen Regionen der Welt.<\/li>\n<\/ul>\n<h2>Lagerung und Handhabung von Niob-Pulver<\/h2>\n<p class=\"whitespace-pre-wrap\">Niobpulver erfordert eine kontrollierte Lagerung und Handhabung:<\/p>\n<ul class=\"list-disc pl-8 space-y-2\">\n<li class=\"whitespace-normal\">Vermeiden Sie den Kontakt mit Luft und Feuchtigkeit, um die Oxidation zu minimieren.<\/li>\n<li class=\"whitespace-normal\">Vermeiden Sie Z\u00fcnd- und Explosionsgefahren durch feines Pulver<\/li>\n<li class=\"whitespace-normal\">Geeignete Bel\u00fcftung und Atemschutz bei der Handhabung verwenden<\/li>\n<li class=\"whitespace-normal\">Vorsichtsma\u00dfnahmen im Sicherheitsdatenblatt des Lieferanten beachten<\/li>\n<li class=\"whitespace-normal\">Versiegelte Beh\u00e4lter an einem k\u00fchlen, trockenen Ort fern von unvertr\u00e4glichen Stoffen lagern.<\/li>\n<\/ul>\n<p class=\"whitespace-pre-wrap\">Beim Umgang mit Niob-Pulver sollten Handschuhk\u00e4sten f\u00fcr Inertgas, eine ordnungsgem\u00e4\u00dfe Erdung und PSA verwendet werden.<\/p>\n<h2>Inspektion und Pr\u00fcfung von Niob-Pulver<\/h2>\n<p class=\"whitespace-pre-wrap\">Die folgenden Untersuchungen und Tests werden \u00fcblicherweise an Niobpulver durchgef\u00fchrt:<\/p>\n<ul class=\"list-disc pl-8 space-y-2\">\n<li class=\"whitespace-normal\"><strong>Chemische Analyse<\/strong>?- Induktiv gekoppeltes Plasma oder R\u00f6ntgenfluoreszenztechniken zur \u00dcberpr\u00fcfung der Zusammensetzung und Reinheit.<\/li>\n<li class=\"whitespace-normal\"><strong>Pr\u00fcfung der Partikelgr\u00f6\u00dfe<\/strong>Durchgef\u00fchrt gem\u00e4\u00df ASTM B822 Standard unter Verwendung der Laserbeugungstechnik.<\/li>\n<li class=\"whitespace-normal\"><strong>Morphologie<\/strong>?- Rasterelektronenmikroskopie zur Bestimmung von Form und Oberfl\u00e4che.<\/li>\n<li class=\"whitespace-normal\"><strong>Spezifische Oberfl\u00e4che<\/strong>?- BET-Gasabsorptionsmethode zur Messung der Oberfl\u00e4che pro Masseneinheit.<\/li>\n<li class=\"whitespace-normal\"><strong>Verunreinigungen Pr\u00fcfung<\/strong>?- ICP-MS zur quantitativen Bestimmung von Tantal, Sauerstoff, Stickstoff und anderen Verunreinigungen.<\/li>\n<li class=\"whitespace-normal\"><strong>Pulverfluss<\/strong>Gepr\u00fcft mit einem Hall-Durchflussmesser gem\u00e4\u00df ASTM B213.<\/li>\n<\/ul>\n<h2>Vergleich von Niob- und Tantal-Pulver<\/h2>\n<p class=\"whitespace-pre-wrap\">Niob- und Tantalpulver sind zwei \u00e4hnliche hochschmelzende Metallpulver, die miteinander verglichen werden:<\/p>\n<table>\n<thead>\n<tr>\n<th>Parameter<\/th>\n<th>Niobium-Pulver<\/th>\n<th>Tantal-Pulver<\/th>\n<\/tr>\n<\/thead>\n<tbody>\n<tr>\n<td>Dichte<\/td>\n<td>8,57 g\/cm3<\/td>\n<td>16,6 g\/cm3<\/td>\n<\/tr>\n<tr>\n<td>Schmelzpunkt<\/td>\n<td>2477\u00a1\"C<\/td>\n<td>2996\u00a1\"C<\/td>\n<\/tr>\n<tr>\n<td>Elektrischer Widerstand<\/td>\n<td>15 \u00c3\u00d7'\u00ce.cm<\/td>\n<td>13 \u00c3\u00d7'\u00ce.cm<\/td>\n<\/tr>\n<tr>\n<td>Zugfestigkeit<\/td>\n<td>550 MPa<\/td>\n<td>400 MPa<\/td>\n<\/tr>\n<tr>\n<td>Oxidationsbest\u00e4ndigkeit<\/td>\n<td>Mittelm\u00e4ssig<\/td>\n<td>Besser<\/td>\n<\/tr>\n<tr>\n<td>Kosten<\/td>\n<td>Niedriger<\/td>\n<td>H\u00f6her<\/td>\n<\/tr>\n<tr>\n<td>ANWENDUNGEN<\/td>\n<td>Legierungen, Kondensatoren<\/td>\n<td>Medizin, Elektronik<\/td>\n<\/tr>\n<\/tbody>\n<\/table>\n<p class=\"whitespace-pre-wrap\">Tantal hat eine h\u00f6here Dichte, einen h\u00f6heren Schmelzpunkt und eine bessere Oxidationsbest\u00e4ndigkeit, ist aber teurer als Niob.<\/p>\n<h2>Niob-Pulver FAQs<\/h2>\n<p class=\"whitespace-pre-wrap\"><strong>F: Wie wird Niobpulver hergestellt?<\/strong><\/p>\n<p class=\"whitespace-pre-wrap\">A: Die wichtigsten Methoden zur Herstellung von Niobpulver sind Hydrierung\/Dehydrierung, kaliothermische Reduktion, Elektrolyse und Kohlenstoffreduktion von Nioboxidquellen.<\/p>\n<p class=\"whitespace-pre-wrap\"><strong>F: Wof\u00fcr wird Niobpulver verwendet?<\/strong><\/p>\n<p class=\"whitespace-pre-wrap\">A: Zu den wichtigsten Anwendungen von Niobpulver geh\u00f6ren Elektronik, Metalllegierungen, Beschichtungen, chemische Industrie, Schwei\u00dfen, Pyrotechnik und Supraleiter.<\/p>\n<p class=\"whitespace-pre-wrap\"><strong>F: Wie gro\u00df ist die typische Niobpulvergr\u00f6\u00dfe f\u00fcr thermische Spritzschichten?<\/strong><\/p>\n<p class=\"whitespace-pre-wrap\">A: F\u00fcr thermische Spritzverfahren wird Niobpulver in der Regel in Partikelgr\u00f6\u00dfenbereichen von 45-150 Mikron verwendet. Feineres Pulver kann zu Oxidationsproblemen f\u00fchren.<\/p>\n<p class=\"whitespace-pre-wrap\"><strong>F: Ist Niobpulver brennbar oder explosiv?<\/strong><\/p>\n<p class=\"whitespace-pre-wrap\">A: Ja, wie andere fein verteilte Metalle kann Niobpulver potenziell entflammbar oder explosiv sein. F\u00fcr eine sichere Handhabung und Lagerung sind entsprechende Vorsichtsma\u00dfnahmen erforderlich.<\/p>\n<p class=\"whitespace-pre-wrap\"><strong>F: Wo kann ich hochreines Niobpulver f\u00fcr supraleitende Anwendungen kaufen?<\/strong><\/p>\n<p class=\"whitespace-pre-wrap\">A: Hochreines (99,99%) Niobpulver, das f\u00fcr supraleitende Anwendungen geeignet ist, kann von gro\u00dfen Anbietern wie HC Starck, CBMM und ESPI Metals bezogen werden.<\/p>\n<p><\/span><\/span><\/p>","protected":false},"excerpt":{"rendered":"<p>\u00dcberblick \u00fcber Niobpulver Niob ist ein gl\u00e4nzendes, wei\u00dfes, hochschmelzendes \u00dcbergangsmetall mit hervorragender W\u00e4rmebest\u00e4ndigkeit und sehr hohem Schmelzpunkt. In Pulverform weist es eine ausgezeichnete thermische, elektrische und chemische Stabilit\u00e4t auf. Zu den wichtigsten Eigenschaften von Niobpulver geh\u00f6ren: Hohe W\u00e4rmebest\u00e4ndigkeit und Feuerfestigkeit Ausgezeichnete Korrosionsbest\u00e4ndigkeit Supraleitend unter 9,2 K (-264\u00a1\"C) Thermische und elektrische Stabilit\u00e4t...<\/p>","protected":false},"featured_media":1742,"parent":0,"template":"","meta":{"_acf_changed":false,"_kad_blocks_custom_css":"","_kad_blocks_head_custom_js":"","_kad_blocks_body_custom_js":"","_kad_blocks_footer_custom_js":"","_kad_post_transparent":"","_kad_post_title":"","_kad_post_layout":"","_kad_post_sidebar_id":"","_kad_post_content_style":"","_kad_post_vertical_padding":"","_kad_post_feature":"","_kad_post_feature_position":"","_kad_post_header":false,"_kad_post_footer":false,"_kad_post_classname":""},"product-category":[119,125],"class_list":["post-3867","product","type-product","status-publish","has-post-thumbnail","hentry","product-category-3d-printing-metal-powder","product-category-refractory-metal-powder"],"acf":[],"taxonomy_info":{"product-category":[{"value":119,"label":"3D Printing Metal Powder"},{"value":125,"label":"Refractory Metal Powder"}]},"featured_image_src_large":["https:\/\/3dpmetal.com\/wp-content\/uploads\/2024\/02\/Niobium-Powder.jpg",600,600,false],"author_info":[],"comment_info":"","_links":{"self":[{"href":"https:\/\/3dpmetal.com\/de\/wp-json\/wp\/v2\/product\/3867","targetHints":{"allow":["GET"]}}],"collection":[{"href":"https:\/\/3dpmetal.com\/de\/wp-json\/wp\/v2\/product"}],"about":[{"href":"https:\/\/3dpmetal.com\/de\/wp-json\/wp\/v2\/types\/product"}],"wp:featuredmedia":[{"embeddable":true,"href":"https:\/\/3dpmetal.com\/de\/wp-json\/wp\/v2\/media\/1742"}],"wp:attachment":[{"href":"https:\/\/3dpmetal.com\/de\/wp-json\/wp\/v2\/media?parent=3867"}],"wp:term":[{"taxonomy":"product-category","embeddable":true,"href":"https:\/\/3dpmetal.com\/de\/wp-json\/wp\/v2\/product-category?post=3867"}],"curies":[{"name":"wp","href":"https:\/\/api.w.org\/{rel}","templated":true}]}}