{"id":3868,"date":"2024-03-18T06:10:08","date_gmt":"2024-03-18T06:10:08","guid":{"rendered":"https:\/\/3dp.45612300.xyz\/product\/molybdenum-powder\/"},"modified":"2024-03-18T06:10:08","modified_gmt":"2024-03-18T06:10:08","slug":"molybdenum-powder","status":"publish","type":"product","link":"https:\/\/3dpmetal.com\/de\/product\/molybdenum-powder\/","title":{"rendered":"Molybd\u00e4n-Pulver"},"content":{"rendered":"<p><span style=\"vertical-align: inherit;\"><span style=\"vertical-align: inherit;\"><\/p>\n<h2>\u00dcberblick \u00fcber Molybd\u00e4n-Pulver<\/h2>\n<p class=\"whitespace-pre-wrap\">Molybd\u00e4n ist ein silbrig-wei\u00dfes refrakt\u00e4res \u00dcbergangsmetall mit sehr hohem Schmelzpunkt, ausgezeichneter Korrosionsbest\u00e4ndigkeit und guter thermischer\/elektrischer Leitf\u00e4higkeit. In Pulverform weist es eine hohe Festigkeit bei hohen Temperaturen sowie Stabilit\u00e4t in rauen Umgebungen auf.<\/p>\n<p class=\"whitespace-pre-wrap\">Zu den wichtigsten Eigenschaften von Molybd\u00e4npulver geh\u00f6ren:<\/p>\n<ul class=\"list-disc pl-8 space-y-2\">\n<li class=\"whitespace-normal\">Hohe Temperaturbest\u00e4ndigkeit und Kriechfestigkeit<\/li>\n<li class=\"whitespace-normal\">Exzellente Korrosionsbest\u00e4ndigkeit<\/li>\n<li class=\"whitespace-normal\">Gute thermische und elektrische Leitf\u00e4higkeit<\/li>\n<li class=\"whitespace-normal\">Niedriger W\u00e4rmeausdehnungskoeffizient<\/li>\n<li class=\"whitespace-normal\">Hohe H\u00e4rte und Verschlei\u00dffestigkeit<\/li>\n<li class=\"whitespace-normal\">Gute Schmierf\u00e4higkeit in sulfidischen Atmosph\u00e4ren<\/li>\n<li class=\"whitespace-normal\">In verschiedenen Partikelgr\u00f6\u00dfenverteilungen verf\u00fcgbar<\/li>\n<\/ul>\n<p class=\"whitespace-pre-wrap\">Molybd\u00e4npulver wird dort eingesetzt, wo seine Hitzebest\u00e4ndigkeit, Korrosionsbest\u00e4ndigkeit, Leitf\u00e4higkeit und Schmierf\u00e4higkeit genutzt werden k\u00f6nnen. Zu den wichtigsten Anwendungen geh\u00f6ren Legierungen, Elektronik, Beschichtungen, Schwei\u00dfen und die Herstellung von Spezialmetallen.<\/p>\n<h2>Zusammensetzung von Molybd\u00e4n-Pulver<\/h2>\n<p class=\"whitespace-pre-wrap\">Molybd\u00e4npulver hat die folgende typische Zusammensetzung:<\/p>\n<table>\n<thead>\n<tr>\n<th>Element<\/th>\n<th>Reinheit<\/th>\n<\/tr>\n<\/thead>\n<tbody>\n<tr>\n<td>Molybd\u00e4n (Mo)<\/td>\n<td>99% min.<\/td>\n<\/tr>\n<tr>\n<td>Sauerstoff (O)<\/td>\n<td>0.01-0.5%<\/td>\n<\/tr>\n<tr>\n<td>Kohlenstoff (C)<\/td>\n<td>0.01-0.1%<\/td>\n<\/tr>\n<tr>\n<td>Eisen (Fe)<\/td>\n<td>0.2-2%<\/td>\n<\/tr>\n<tr>\n<td>Kupfer (Cu)<\/td>\n<td>0.1-0.5%<\/td>\n<\/tr>\n<tr>\n<td>Silizium (Si)<\/td>\n<td>0.05-1%<\/td>\n<\/tr>\n<tr>\n<td>Wolfram (W)<\/td>\n<td>0.1-1%<\/td>\n<\/tr>\n<tr>\n<td>Schwefel (S)<\/td>\n<td>0.01-0.1%<\/td>\n<\/tr>\n<\/tbody>\n<\/table>\n<p class=\"whitespace-pre-wrap\">Hochreine Qualit\u00e4ten enthalten \u00fcber 99% Molybd\u00e4n mit geringen Verunreinigungen. Handels\u00fcbliche Pulver haben h\u00f6here zul\u00e4ssige Verunreinigungen.<\/p>\n<p><img loading=\"lazy\" decoding=\"async\" class=\"alignnone size-full wp-image-1396\" src=\"https:\/\/met3dp.com\/wp-content\/uploads\/2023\/09\/TA7.jpg\" alt=\"Molybd\u00e4n-Pulver\" width=\"216\" height=\"216\" title=\"\"><\/p>\n<h2>Eigenschaften von Molybd\u00e4n-Pulver<\/h2>\n<p class=\"whitespace-pre-wrap\">Molybd\u00e4npulver weist die folgenden Eigenschaften auf:<\/p>\n<table>\n<thead>\n<tr>\n<th>Immobilie<\/th>\n<th>Wert<\/th>\n<\/tr>\n<\/thead>\n<tbody>\n<tr>\n<td>Dichte<\/td>\n<td>10,22 g\/cm3<\/td>\n<\/tr>\n<tr>\n<td>Schmelzpunkt<\/td>\n<td>2623\u00a1\"C<\/td>\n<\/tr>\n<tr>\n<td>W\u00e4rmeleitf\u00e4higkeit<\/td>\n<td>138 W\/m?K<\/td>\n<\/tr>\n<tr>\n<td>Elektrischer Widerstand<\/td>\n<td>5,5 \u00c3\u00d7'\u00ce?cm<\/td>\n<\/tr>\n<tr>\n<td>Elastizit\u00e4tsmodul<\/td>\n<td>324 GPa<\/td>\n<\/tr>\n<tr>\n<td>Poissonzahl<\/td>\n<td>0.31<\/td>\n<\/tr>\n<tr>\n<td>Zugfestigkeit<\/td>\n<td>350 MPa<\/td>\n<\/tr>\n<tr>\n<td>Streckgrenze<\/td>\n<td>220 MPa<\/td>\n<\/tr>\n<tr>\n<td>Verl\u00e4ngerung<\/td>\n<td>20%<\/td>\n<\/tr>\n<tr>\n<td>Vickers-H\u00e4rte<\/td>\n<td>200 HV<\/td>\n<\/tr>\n<\/tbody>\n<\/table>\n<p class=\"whitespace-pre-wrap\">Molybd\u00e4n bietet einen sehr hohen Schmelzpunkt, Festigkeit bei hohen Temperaturen, gute thermische\/elektrische Leitf\u00e4higkeit und geringe W\u00e4rmeausdehnung.<\/p>\n<h2>Produktionsmethoden f\u00fcr Molybd\u00e4npulver<\/h2>\n<p class=\"whitespace-pre-wrap\">Molybd\u00e4npulver kann nach folgenden Methoden hergestellt werden:<\/p>\n<ul class=\"list-disc pl-8 space-y-2\">\n<li class=\"whitespace-normal\"><strong>Wasserstoff-Reduktion<\/strong>?- Molybd\u00e4ntrioxid, das mit Wasserstoffgas reduziert wird, um Molybd\u00e4npulver herzustellen.<\/li>\n<li class=\"whitespace-normal\"><strong>Thermische Zersetzung<\/strong>Erhitzen von Molybd\u00e4nverbindungen wie Ammoniummolybdat zur Bildung von Molybd\u00e4noxid, gefolgt von einer Wasserstoffreduktion.<\/li>\n<li class=\"whitespace-normal\"><strong>Elektrolytische Produktion<\/strong>W\u00e4ssrige elektrolytische Gewinnung aus sauren Molybdatl\u00f6sungen f\u00fchrt zu einer Molybd\u00e4npulverablagerung.<\/li>\n<li class=\"whitespace-normal\"><strong>Calciothermische Reduktion<\/strong>?- Reduktion von Molybd\u00e4ntrioxid mit Calcium.<\/li>\n<\/ul>\n<p class=\"whitespace-pre-wrap\">Die Wasserstoffreduktion ist eine g\u00e4ngige industrielle Methode. Die Morphologie, Gr\u00f6\u00dfe und Reinheit des Pulvers kann kontrolliert werden.<\/p>\n<h2>Anwendungen von Molybd\u00e4n-Pulver<\/h2>\n<p class=\"whitespace-pre-wrap\">Molybd\u00e4npulver wird vor allem in folgenden Bereichen eingesetzt:<\/p>\n<ul class=\"list-disc pl-8 space-y-2\">\n<li class=\"whitespace-normal\"><strong>Legierungszusatz<\/strong>?- Wird rostfreien St\u00e4hlen, Nickellegierungen und Werkzeugst\u00e4hlen zur Verbesserung der Eigenschaften zugesetzt.<\/li>\n<li class=\"whitespace-normal\"><strong>Metallbeschichtungen &amp; Spritzen<\/strong>Thermisch gespritzte Beschichtungen und Plattierungsverfahren verwenden Molybd\u00e4n f\u00fcr die Verschlei\u00df-\/Korrosionsbest\u00e4ndigkeit.<\/li>\n<li class=\"whitespace-normal\"><strong>Elektronik und Kontakte<\/strong>?- Wird in Schaltkreisen, Vakuumr\u00f6hren, Kathodenstrahlr\u00f6hren und elektrischen Kontakten verwendet.<\/li>\n<li class=\"whitespace-normal\"><strong>Schwei\u00dfen<\/strong>?- Als Schwei\u00dfzusatzwerkstoff f\u00fcr das Schwei\u00dfen von rostfreien, hochnickelhaltigen und hochschmelzenden Metallen.<\/li>\n<li class=\"whitespace-normal\"><strong>Schmierstoffe<\/strong>?- Wird Fetten und \u00d6len zugesetzt, um die Schmierung in sulfidischen Hochtemperaturumgebungen zu gew\u00e4hrleisten.<\/li>\n<li class=\"whitespace-normal\"><strong>Pyrotechnik<\/strong>Kombiniert mit anderen Pulvern f\u00fcr pyrotechnische Verz\u00f6gerungss\u00e4tze, die kontrollierte Abbrandraten erfordern.<\/li>\n<\/ul>\n<h2>Spezifikationen von Molybd\u00e4n-Pulver<\/h2>\n<p class=\"whitespace-pre-wrap\">Molybd\u00e4npulver ist in verschiedenen Spezifikationen erh\u00e4ltlich:<\/p>\n<ul class=\"list-disc pl-8 space-y-2\">\n<li class=\"whitespace-normal\"><strong>Reinheitsgrade<\/strong>?- Von handels\u00fcblicher Reinheit bis zu 99,999% ultrahochreinen Sorten.<\/li>\n<li class=\"whitespace-normal\"><strong>Partikelgr\u00f6\u00dfen<\/strong>?- von 1 Mikron bis 150 Mikron f\u00fcr unterschiedliche Anwendungen.<\/li>\n<li class=\"whitespace-normal\"><strong>Morphologie<\/strong>?- Es sind unregelm\u00e4\u00dfige, kugelf\u00f6rmige und knollenf\u00f6rmige Pulverformen erh\u00e4ltlich.<\/li>\n<li class=\"whitespace-normal\"><strong>Oberfl\u00e4che<\/strong>?- Pulversorten mit geringer bis gro\u00dfer Oberfl\u00e4che.<\/li>\n<li class=\"whitespace-normal\"><strong>Sauerstoffgehalt<\/strong>?- Hochreine, sauerstoffarme Pulver f\u00fcr Spezialanwendungen.<\/li>\n<\/ul>\n<h2>Globale Lieferanten von Molybd\u00e4npulver<\/h2>\n<p class=\"whitespace-pre-wrap\">Zu den weltweit wichtigsten Anbietern von Molybd\u00e4npulver geh\u00f6ren:<\/p>\n<ul class=\"list-disc pl-8 space-y-2\">\n<li class=\"whitespace-normal\">H.C. Starck (Deutschland)<\/li>\n<li class=\"whitespace-normal\">Molymet (USA)<\/li>\n<li class=\"whitespace-normal\">JDC Molybd\u00e4n (China)<\/li>\n<li class=\"whitespace-normal\">Ausbeuter Molybd\u00e4n (China)<\/li>\n<li class=\"whitespace-normal\">Plansee (\u00d6sterreich)<\/li>\n<li class=\"whitespace-normal\">Midwest Tungsten (USA)<\/li>\n<\/ul>\n<p class=\"whitespace-pre-wrap\">Diese Unternehmen stellen Molybd\u00e4npulver in verschiedenen Verfahren in handels\u00fcblichen bis hin zu sehr hohen Reinheitsgraden her.<\/p>\n<h2>Preisgestaltung von Molybd\u00e4n-Pulver<\/h2>\n<p class=\"whitespace-pre-wrap\">Die Preise f\u00fcr Molybd\u00e4npulver h\u00e4ngen von Faktoren wie:<\/p>\n<ul class=\"list-disc pl-8 space-y-2\">\n<li class=\"whitespace-normal\"><strong>Reinheitsgrad<\/strong>?- Von $5\/kg f\u00fcr kommerzielle Reinheit bis \u00fcber $500\/kg f\u00fcr ultrahochreine Qualit\u00e4ten.<\/li>\n<li class=\"whitespace-normal\"><strong>Teilchengr\u00f6sse<\/strong>Nanoskalige und Submikron-Pulver sind teurer.<\/li>\n<li class=\"whitespace-normal\"><strong>Morphologie<\/strong>Sph\u00e4rische Pulver werden gegen\u00fcber unregelm\u00e4\u00dfigen Sorten bevorzugt.<\/li>\n<li class=\"whitespace-normal\"><strong>Menge<\/strong>?- Die Preise f\u00fcr gro\u00dfe Mengen sinken aufgrund von Skaleneffekten.<\/li>\n<li class=\"whitespace-normal\"><strong>Hersteller<\/strong>?- Gro\u00dfe globale Anbieter bieten wettbewerbsf\u00e4hige Preise.<\/li>\n<li class=\"whitespace-normal\"><strong>Geographie<\/strong>?- Die Preise variieren in den verschiedenen Regionen der Welt.<\/li>\n<\/ul>\n<h2>Lagerung und Handhabung von Molybd\u00e4n-Pulver<\/h2>\n<p class=\"whitespace-pre-wrap\">Molybd\u00e4npulver erfordert eine kontrollierte Lagerung und Handhabung:<\/p>\n<ul class=\"list-disc pl-8 space-y-2\">\n<li class=\"whitespace-normal\">Vermeiden Sie den Kontakt mit Luft und Feuchtigkeit, um die Oxidation zu minimieren.<\/li>\n<li class=\"whitespace-normal\">Vermeiden Sie Staubansammlungen und Entz\u00fcndungsgefahren durch feine Pulver.<\/li>\n<li class=\"whitespace-normal\">Bei der Handhabung angemessene Bel\u00fcftung und Atemschutz verwenden.<\/li>\n<li class=\"whitespace-normal\">Vorsichtsma\u00dfnahmen im Sicherheitsdatenblatt des Lieferanten beachten.<\/li>\n<li class=\"whitespace-normal\">Versiegelte Beh\u00e4lter an einem k\u00fchlen, trockenen Ort fern von unvertr\u00e4glichen Stoffen lagern.<\/li>\n<\/ul>\n<p class=\"whitespace-pre-wrap\">Beim Umgang mit Molybd\u00e4npulver ist auf eine ordnungsgem\u00e4\u00dfe Erdung, Inertgasabschirmung und PSA zu achten.<\/p>\n<h2>Inspektion und Pr\u00fcfung von Molybd\u00e4n-Pulver<\/h2>\n<p class=\"whitespace-pre-wrap\">Typische Inspektionen und Tests an Molybd\u00e4npulver:<\/p>\n<ul class=\"list-disc pl-8 space-y-2\">\n<li class=\"whitespace-normal\"><strong>Chemische Analyse<\/strong>?- ICP- und XRF-Techniken, um zu \u00fcberpr\u00fcfen, ob die Zusammensetzung den Spezifikationen entspricht.<\/li>\n<li class=\"whitespace-normal\"><strong>Teilchengr\u00f6sse<\/strong>Laserbeugungsanalyse gem\u00e4\u00df der Norm ASTM B822.<\/li>\n<li class=\"whitespace-normal\"><strong>Morphologie<\/strong>?- REM-Bildgebung zur Bestimmung der Partikelform und -oberfl\u00e4che.<\/li>\n<li class=\"whitespace-normal\"><strong>Spezifische Oberfl\u00e4che<\/strong>?- BET-Gasabsorptionsverfahren verwendet.<\/li>\n<li class=\"whitespace-normal\"><strong>Pr\u00fcfung auf Verunreinigungen<\/strong>?- ICP-MS zur Quantifizierung von Sauerstoff, Eisen, Kupfer, Wolfram und anderen Verunreinigungen.<\/li>\n<li class=\"whitespace-normal\"><strong>Pulverfluss<\/strong>Getestet nach ASTM B213 Standard mit Hall-Durchflussmesser.<\/li>\n<\/ul>\n<h2>Vergleich von Molybd\u00e4n- und Wolframpulvern<\/h2>\n<p class=\"whitespace-pre-wrap\">Molybd\u00e4n- und Wolframpulver sind zwei hochschmelzende Metallpulver im Vergleich:<\/p>\n<table>\n<thead>\n<tr>\n<th>Parameter<\/th>\n<th>Molybd\u00e4n<\/th>\n<th>Wolfram<\/th>\n<\/tr>\n<\/thead>\n<tbody>\n<tr>\n<td>Dichte<\/td>\n<td>10,22 g\/cm3<\/td>\n<td>19,3 g\/cm3<\/td>\n<\/tr>\n<tr>\n<td>Schmelzpunkt<\/td>\n<td>2623\u00a1\"C<\/td>\n<td>3422\u00a1\"C<\/td>\n<\/tr>\n<tr>\n<td>Zugfestigkeit<\/td>\n<td>350 MPa<\/td>\n<td>350 MPa<\/td>\n<\/tr>\n<tr>\n<td>W\u00e4rmeleitf\u00e4higkeit<\/td>\n<td>138 W\/mK<\/td>\n<td>163 W\/mK<\/td>\n<\/tr>\n<tr>\n<td>Elektrischer Widerstand<\/td>\n<td>5,5 \u00c3\u00d7'\u00ce.cm<\/td>\n<td>5,5 \u00c3\u00d7'\u00ce.cm<\/td>\n<\/tr>\n<tr>\n<td>Kosten<\/td>\n<td>Niedriger<\/td>\n<td>H\u00f6her<\/td>\n<\/tr>\n<tr>\n<td>Toxizit\u00e4t<\/td>\n<td>Niedriger<\/td>\n<td>H\u00f6her<\/td>\n<\/tr>\n<\/tbody>\n<\/table>\n<p class=\"whitespace-pre-wrap\">Molybd\u00e4n hat eine geringere Dichte, einen niedrigeren Schmelzpunkt und geringere Kosten, bietet aber eine \u00e4hnlich hohe Festigkeit und Leitf\u00e4higkeit wie Wolfram.<\/p>\n<h2>Molybd\u00e4n-Pulver FAQs<\/h2>\n<p class=\"whitespace-pre-wrap\"><strong>F: Wie wird Molybd\u00e4npulver hergestellt?<\/strong><\/p>\n<p class=\"whitespace-pre-wrap\">A: Zu den \u00fcblichen industriellen Produktionsmethoden f\u00fcr Molybd\u00e4npulver geh\u00f6ren die Wasserstoffreduktion von Molybd\u00e4ntrioxid und die thermische Zersetzung von Molybdaten mit anschlie\u00dfender Reduktion.<\/p>\n<p class=\"whitespace-pre-wrap\"><strong>F: Wozu wird Molybd\u00e4npulver verwendet?<\/strong><\/p>\n<p class=\"whitespace-pre-wrap\">A: Zu den wichtigsten Anwendungen von Molybd\u00e4npulver geh\u00f6ren Legierungen, thermische Spritzschichten, Elektronik, Schwei\u00dfen, Schmiermittel, Pyrotechnik und reines Metall.<\/p>\n<p class=\"whitespace-pre-wrap\"><strong>F: Welche Pulvergr\u00f6\u00dfe wird f\u00fcr thermische Spritzschichten verwendet?<\/strong><\/p>\n<p class=\"whitespace-pre-wrap\">A: F\u00fcr die meisten thermischen Spritzverfahren wird Molybd\u00e4npulver in der Regel in Gr\u00f6\u00dfenordnungen von 45-150 Mikrometern verwendet. Bei feinerem Pulver kann es schwierig sein, es vollst\u00e4ndig zu schmelzen.<\/p>\n<p class=\"whitespace-pre-wrap\"><strong>F: Ist Molybd\u00e4npulver brennbar oder explosiv?<\/strong><\/p>\n<p class=\"whitespace-pre-wrap\">A: Ja, wie andere fein verteilte Metalle kann auch Molybd\u00e4npulver potenziell entflammbar oder explosiv sein. F\u00fcr eine sichere Handhabung und Lagerung sind entsprechende Vorsichtsma\u00dfnahmen erforderlich.<\/p>\n<p class=\"whitespace-pre-wrap\"><strong>F: Wo kann ich hochreines Molybd\u00e4npulver kaufen?<\/strong><\/p>\n<p class=\"whitespace-pre-wrap\">A: Ultrahochreines (99,999%) Molybd\u00e4npulver kann von gro\u00dfen Anbietern wie H.C. Starck, Molymet, Plansee und JDC Molybdenum bezogen werden.<\/p>\n<p><\/span><\/span><\/p>","protected":false},"excerpt":{"rendered":"<p>\u00dcberblick \u00fcber Molybd\u00e4npulver Molybd\u00e4n ist ein silbrig-wei\u00dfes refrakt\u00e4res \u00dcbergangsmetall mit sehr hohem Schmelzpunkt, ausgezeichneter Korrosionsbest\u00e4ndigkeit und guter thermischer\/elektrischer Leitf\u00e4higkeit. In Pulverform weist es eine hohe Festigkeit bei erh\u00f6hten Temperaturen sowie Stabilit\u00e4t in rauen Umgebungen auf. Zu den wichtigsten Eigenschaften von Molybd\u00e4npulver geh\u00f6ren: Hohe Temperatur- und Kriechfestigkeit Ausgezeichnete Korrosionsbest\u00e4ndigkeit Gute...<\/p>","protected":false},"featured_media":1744,"parent":0,"template":"","meta":{"_acf_changed":false,"_kad_blocks_custom_css":"","_kad_blocks_head_custom_js":"","_kad_blocks_body_custom_js":"","_kad_blocks_footer_custom_js":"","_kad_post_transparent":"","_kad_post_title":"","_kad_post_layout":"","_kad_post_sidebar_id":"","_kad_post_content_style":"","_kad_post_vertical_padding":"","_kad_post_feature":"","_kad_post_feature_position":"","_kad_post_header":false,"_kad_post_footer":false,"_kad_post_classname":""},"product-category":[119,125],"class_list":["post-3868","product","type-product","status-publish","has-post-thumbnail","hentry","product-category-3d-printing-metal-powder","product-category-refractory-metal-powder"],"acf":[],"taxonomy_info":{"product-category":[{"value":119,"label":"3D Printing Metal Powder"},{"value":125,"label":"Refractory Metal Powder"}]},"featured_image_src_large":["https:\/\/3dpmetal.com\/wp-content\/uploads\/2024\/02\/Molybdenum-Powder.jpg",600,600,false],"author_info":[],"comment_info":"","_links":{"self":[{"href":"https:\/\/3dpmetal.com\/de\/wp-json\/wp\/v2\/product\/3868","targetHints":{"allow":["GET"]}}],"collection":[{"href":"https:\/\/3dpmetal.com\/de\/wp-json\/wp\/v2\/product"}],"about":[{"href":"https:\/\/3dpmetal.com\/de\/wp-json\/wp\/v2\/types\/product"}],"wp:featuredmedia":[{"embeddable":true,"href":"https:\/\/3dpmetal.com\/de\/wp-json\/wp\/v2\/media\/1744"}],"wp:attachment":[{"href":"https:\/\/3dpmetal.com\/de\/wp-json\/wp\/v2\/media?parent=3868"}],"wp:term":[{"taxonomy":"product-category","embeddable":true,"href":"https:\/\/3dpmetal.com\/de\/wp-json\/wp\/v2\/product-category?post=3868"}],"curies":[{"name":"wp","href":"https:\/\/api.w.org\/{rel}","templated":true}]}}