{"id":3875,"date":"2024-03-18T06:10:10","date_gmt":"2024-03-18T06:10:10","guid":{"rendered":"https:\/\/3dp.45612300.xyz\/product\/best-in738-powder-for-3d-printing-in-2023\/"},"modified":"2024-03-18T06:10:10","modified_gmt":"2024-03-18T06:10:10","slug":"best-in738-powder-for-3d-printing-in-2023","status":"publish","type":"product","link":"https:\/\/3dpmetal.com\/de\/product\/best-in738-powder-for-3d-printing-in-2023\/","title":{"rendered":"Das beste IN738-Pulver f\u00fcr den 3D-Druck im Jahr 2023"},"content":{"rendered":"<p><span style=\"vertical-align: inherit;\"><span style=\"vertical-align: inherit;\"><\/p>\n<h2><strong>\u00dcberblick \u00fcber IN738-Pulver f\u00fcr den 3D-Druck<\/strong><\/h2>\n<p class=\"whitespace-pre-wrap\">IN738 ist ein Superlegierungspulver auf Nickelbasis, das h\u00e4ufig f\u00fcr die additive Fertigung von Hochleistungsmetallteilen verwendet wird. Es kombiniert hervorragende mechanische Eigenschaften bei hohen Temperaturen mit einer guten Verarbeitbarkeit, was es zu einer idealen Wahl f\u00fcr den 3D-Druck von Komponenten f\u00fcr die Luft- und Raumfahrt und die Industrie macht.<\/p>\n<p class=\"whitespace-pre-wrap\">Dieser Artikel bietet einen umfassenden Leitfaden zu IN738-Legierungspulver f\u00fcr 3D-Druckanwendungen. Er behandelt Zusammensetzung, Eigenschaften, Druckparameter, Anwendungen, Spezifikationen, Lieferanten, Handhabung, Pr\u00fcfung, Vergleiche, Vor- und Nachteile sowie h\u00e4ufig gestellte Fragen zu IN738-Pulver. Die wichtigsten Informationen werden in leicht zug\u00e4nglichen Tabellen dargestellt.<\/p>\n<h3><strong>Zusammensetzung von IN738-Pulver<\/strong><\/h3>\n<p class=\"whitespace-pre-wrap\">IN738 hat eine ausscheidungsh\u00e4rtende Legierungszusammensetzung, die verschiedene gel\u00f6ste Elemente enth\u00e4lt:<\/p>\n<table>\n<thead>\n<tr>\n<th>Element<\/th>\n<th>Gew.-%<\/th>\n<th>Zweck<\/th>\n<\/tr>\n<\/thead>\n<tbody>\n<tr>\n<td>Nickel<\/td>\n<td>Balanse<\/td>\n<td>Matrixelement sorgt f\u00fcr Korrosionsbest\u00e4ndigkeit<\/td>\n<\/tr>\n<tr>\n<td>Chrom<\/td>\n<td>15 &#8211; 17<\/td>\n<td>Oxidationsbest\u00e4ndigkeit<\/td>\n<\/tr>\n<tr>\n<td>Aluminium<\/td>\n<td>3.4 &#8211; 4.4<\/td>\n<td>Ausscheidungsh\u00e4rtung<\/td>\n<\/tr>\n<tr>\n<td>Titan<\/td>\n<td>3.2 &#8211; 4.2<\/td>\n<td>Ausscheidungsh\u00e4rtung<\/td>\n<\/tr>\n<tr>\n<td>Eisen<\/td>\n<td>12,5 max<\/td>\n<td>St\u00e4rkung der festen L\u00f6sung<\/td>\n<\/tr>\n<tr>\n<td>Kobalt<\/td>\n<td>8.5 &#8211; 10<\/td>\n<td>St\u00e4rkung der festen L\u00f6sung<\/td>\n<\/tr>\n<tr>\n<td>Molybd\u00e4n<\/td>\n<td>1.5 &#8211; 2.5<\/td>\n<td>Kriechverst\u00e4rkung<\/td>\n<\/tr>\n<tr>\n<td>Tantal<\/td>\n<td>1 &#8211; 2<\/td>\n<td>Ausscheidungsh\u00e4rtung<\/td>\n<\/tr>\n<tr>\n<td>Kohlenstoff<\/td>\n<td>0,11 max<\/td>\n<td>Hartmetall-Former<\/td>\n<\/tr>\n<\/tbody>\n<\/table>\n<p class=\"whitespace-pre-wrap\">Au\u00dferdem werden Spuren von Bor, Zirkonium und Magnesium zur Kontrolle der Kornstruktur hinzugef\u00fcgt.<\/p>\n<h3><strong>Eigenschaften von IN738-Pulver<\/strong><\/h3>\n<p class=\"whitespace-pre-wrap\">IN738 weist die folgenden Schl\u00fcsseleigenschaften auf:<\/p>\n<table>\n<thead>\n<tr>\n<th>Immobilie<\/th>\n<th>Beschreibung<\/th>\n<\/tr>\n<\/thead>\n<tbody>\n<tr>\n<td>hohe Festigkeit<\/td>\n<td>Ausgezeichnete Zug- und Zeitstandfestigkeit bis zu 750\u00a1\"C<\/td>\n<\/tr>\n<tr>\n<td>Thermische Stabilit\u00e4t<\/td>\n<td>Festigkeit und H\u00e4rte bleiben bis zu 700\u00a1\"C erhalten<\/td>\n<\/tr>\n<tr>\n<td>Oxidationsbest\u00e4ndigkeit<\/td>\n<td>Bildet eine sch\u00fctzende Cr2O3-Oxidschicht<\/td>\n<\/tr>\n<tr>\n<td>Widerstand gegen thermische Erm\u00fcdung<\/td>\n<td>Widerstandsf\u00e4hig gegen Rissbildung bei Temperaturschwankungen<\/td>\n<\/tr>\n<tr>\n<td>Korrosionsbest\u00e4ndigkeit<\/td>\n<td>Hohe Best\u00e4ndigkeit gegen Hei\u00dfkorrosion und Oxidation<\/td>\n<\/tr>\n<tr>\n<td>Verarbeitbarkeit<\/td>\n<td>Leicht schwei\u00dfbar mit passendem Schwei\u00dfzusatzwerkstoff<\/td>\n<\/tr>\n<\/tbody>\n<\/table>\n<p class=\"whitespace-pre-wrap\">Aufgrund dieser Eigenschaften eignet es sich f\u00fcr Hei\u00dfprofilbauteile in der Luft- und Raumfahrt, die extremen Belastungen ausgesetzt sind.<\/p>\n<h3><strong>3D-Druckparameter f\u00fcr IN738-Pulver<\/strong><\/h3>\n<p class=\"whitespace-pre-wrap\">F\u00fcr die Verarbeitung von IN738-Pulver sind optimierte Druckparameter erforderlich:<\/p>\n<table>\n<thead>\n<tr>\n<th>Parameter<\/th>\n<th>Typischer Wert<\/th>\n<th>Zweck<\/th>\n<\/tr>\n<\/thead>\n<tbody>\n<tr>\n<td>Schichtdicke<\/td>\n<td>20-50 \u00c3x m<\/td>\n<td>D\u00fcnnere Schichten verbessern die Aufl\u00f6sung<\/td>\n<\/tr>\n<tr>\n<td>Laserleistung<\/td>\n<td>180-500 W<\/td>\n<td>Schmelzzustand ohne Verdampfung<\/td>\n<\/tr>\n<tr>\n<td>Scan-Geschwindigkeit<\/td>\n<td>800-1600 mm\/s<\/td>\n<td>Gleichgewicht zwischen Dichte und Bauzeit<\/td>\n<\/tr>\n<tr>\n<td>Abstand zwischen den Luken<\/td>\n<td>50-200 \u00c3\u00d7m<\/td>\n<td>Dichte und mechanische Eigenschaften<\/td>\n<\/tr>\n<tr>\n<td>Unterst\u00fctzungsstruktur<\/td>\n<td>Minimal<\/td>\n<td>Leichtes Entfernen, Oberfl\u00e4cheng\u00fcte<\/td>\n<\/tr>\n<tr>\n<td>Inertes Gas<\/td>\n<td>Argon<\/td>\n<td>Verhinderung von Oxidation beim Drucken<\/td>\n<\/tr>\n<\/tbody>\n<\/table>\n<p class=\"whitespace-pre-wrap\">Die Auswahl der Parameter h\u00e4ngt von Faktoren wie der Baugeometrie, den mechanischen Anforderungen, den Anforderungen an die Oberfl\u00e4cheng\u00fcte und der Ausrichtung ab.<\/p>\n<h3><strong>Anwendungen von 3D-gedruckten IN738-Teilen<\/strong><\/h3>\n<p class=\"whitespace-pre-wrap\">Additiv gefertigte IN738-Bauteile dienen kritischen Anwendungen in:<\/p>\n<table>\n<thead>\n<tr>\n<th>Industrie<\/th>\n<th>Komponenten<\/th>\n<\/tr>\n<\/thead>\n<tbody>\n<tr>\n<td>Luft- und Raumfahrt<\/td>\n<td>Turbinenschaufeln, Brennkammern, Abgasteile<\/td>\n<\/tr>\n<tr>\n<td>Energieerzeugung<\/td>\n<td>Hei\u00dfgaspfadteile, W\u00e4rmetauscher<\/td>\n<\/tr>\n<tr>\n<td>Automotive<\/td>\n<td>Turboladerr\u00e4der, Ventile<\/td>\n<\/tr>\n<tr>\n<td>Chemische Verarbeitung<\/td>\n<td>Pumpen, Ventile, Geh\u00e4use<\/td>\n<\/tr>\n<\/tbody>\n<\/table>\n<p class=\"whitespace-pre-wrap\">Zu den Vorteilen gegen\u00fcber gegossenem\/geknetetem IN738 geh\u00f6ren komplexe Geometrien, k\u00fcrzere Vorlaufzeiten und ein besseres Preis-Leistungs-Verh\u00e4ltnis.<\/p>\n<h3><strong>Spezifikationen f\u00fcr IN738-Pulver f\u00fcr den 3D-Druck<\/strong><\/h3>\n<p class=\"whitespace-pre-wrap\">IN738-Pulver ist im Handel erh\u00e4ltlich und entspricht den Spezifikationen f\u00fcr Zusammensetzung und Qualit\u00e4t:<\/p>\n<table>\n<thead>\n<tr>\n<th>Parameter<\/th>\n<th>Spezifikation<\/th>\n<\/tr>\n<\/thead>\n<tbody>\n<tr>\n<td>Partikelgr\u00f6\u00dfenbereich<\/td>\n<td>15-45 \u00c3\u00d7m typisch<\/td>\n<\/tr>\n<tr>\n<td>Partikelform<\/td>\n<td>Sph\u00e4rische Morphologie<\/td>\n<\/tr>\n<tr>\n<td>Anscheindichte<\/td>\n<td>&gt; 4 g\/cc<\/td>\n<\/tr>\n<tr>\n<td>Sch\u00fcttdichte<\/td>\n<td>&gt; 6 g\/cc<\/td>\n<\/tr>\n<tr>\n<td>Hallenflussmenge<\/td>\n<td>&gt; 23 Sekunden f\u00fcr 50 g<\/td>\n<\/tr>\n<tr>\n<td>Reinheit<\/td>\n<td>&gt;99,9%<\/td>\n<\/tr>\n<tr>\n<td>Sauerstoffgehalt<\/td>\n<td>&lt;300 ppm<\/td>\n<\/tr>\n<\/tbody>\n<\/table>\n<p class=\"whitespace-pre-wrap\">Andere Gr\u00f6\u00dfenbereiche, Reinheiten und engere Toleranzen sind f\u00fcr spezielle Anwendungen m\u00f6glich.<\/p>\n<h3><strong>Lieferanten von IN738-Pulver<\/strong><\/h3>\n<p class=\"whitespace-pre-wrap\">Zu den namhaften Anbietern von IN738-Pulver geh\u00f6ren:<\/p>\n<table>\n<thead>\n<tr>\n<th>Anbieter<\/th>\n<th>Ort<\/th>\n<\/tr>\n<\/thead>\n<tbody>\n<tr>\n<td>Praxair<\/td>\n<td>Vereinigte Staaten<\/td>\n<\/tr>\n<tr>\n<td>Carpenter Powder Products<\/td>\n<td>Vereinigte Staaten<\/td>\n<\/tr>\n<tr>\n<td>Sandvik Osprey<\/td>\n<td>Gro\u00dfbritannien<\/td>\n<\/tr>\n<tr>\n<td>Erasteel<\/td>\n<td>Schweden<\/td>\n<\/tr>\n<tr>\n<td>AMETEK<\/td>\n<td>Vereinigte Staaten<\/td>\n<\/tr>\n<tr>\n<td>LPW Technologie<\/td>\n<td>Gro\u00dfbritannien<\/td>\n<\/tr>\n<\/tbody>\n<\/table>\n<p class=\"whitespace-pre-wrap\">Die Preise reichen von $90\/kg bis $220\/kg, je nach Qualit\u00e4t, Gr\u00f6\u00dfenverteilung und Bestellmenge.<\/p>\n<h3><strong>Handhabung und Lagerung von IN738-Pulver<\/strong><\/h3>\n<p class=\"whitespace-pre-wrap\">Als reaktives Metall erfordert IN738-Pulver eine kontrollierte Handhabung:<\/p>\n<ul class=\"list-disc pl-8 space-y-2\">\n<li class=\"whitespace-normal\">Versiegelte Beh\u00e4lter in einer k\u00fchlen, trockenen Inertgasumgebung lagern<\/li>\n<li class=\"whitespace-normal\">Vermeiden Sie den Kontakt mit Feuchtigkeit, S\u00e4uren und Oxidationsmitteln<\/li>\n<li class=\"whitespace-normal\">Verwenden Sie leitf\u00e4hige Beh\u00e4lter und Transportger\u00e4te<\/li>\n<li class=\"whitespace-normal\">Erdung von Ger\u00e4ten zur Ableitung statischer Ladungen<\/li>\n<li class=\"whitespace-normal\">Minimierung der Staubentwicklung und -ansammlung<\/li>\n<li class=\"whitespace-normal\">Lokale Entl\u00fcftung empfohlen<\/li>\n<li class=\"whitespace-normal\">Hinweise im Sicherheitsdatenblatt beachten<\/li>\n<\/ul>\n<p class=\"whitespace-pre-wrap\">Eine sachgem\u00e4\u00dfe Lagerung und Handhabung verhindert Eigentumsver\u00e4nderungen oder Gefahren.<\/p>\n<h3><strong>Inspektion und Pr\u00fcfung von IN738-Pulver<\/strong><\/h3>\n<p class=\"whitespace-pre-wrap\">Zu den Qualit\u00e4tspr\u00fcfungsmethoden f\u00fcr IN738-Pulver geh\u00f6ren:<\/p>\n<table>\n<thead>\n<tr>\n<th>Methode<\/th>\n<th>Gepr\u00fcfte Parameter<\/th>\n<\/tr>\n<\/thead>\n<tbody>\n<tr>\n<td>Siebanalyse<\/td>\n<td>Korngr\u00f6\u00dfenverteilung<\/td>\n<\/tr>\n<tr>\n<td>Laserbeugung<\/td>\n<td>Korngr\u00f6\u00dfenverteilung<\/td>\n<\/tr>\n<tr>\n<td>SEM-Bildgebung<\/td>\n<td>Morphologie und Mikrostruktur der Partikel<\/td>\n<\/tr>\n<tr>\n<td>EDX\/XRF<\/td>\n<td>Chemie und Zusammensetzung<\/td>\n<\/tr>\n<tr>\n<td>XRD<\/td>\n<td>Vorhandene Phasen<\/td>\n<\/tr>\n<tr>\n<td>Pyknometrie<\/td>\n<td>Dichte<\/td>\n<\/tr>\n<tr>\n<td>Hallenflussmenge<\/td>\n<td>Rieself\u00e4higkeit von Puder<\/td>\n<\/tr>\n<\/tbody>\n<\/table>\n<p class=\"whitespace-pre-wrap\">Die Pr\u00fcfung nach den geltenden ASTM-Normen gew\u00e4hrleistet die Konsistenz von Charge zu Charge.<\/p>\n<h3><strong>Vergleich von IN738 mit alternativen Legierungspulvern<\/strong><\/h3>\n<p class=\"whitespace-pre-wrap\">IN738 ist im Vergleich zu anderen Ni-Basis-Superlegierungen wie folgt:<\/p>\n<table>\n<thead>\n<tr>\n<th>Legierung<\/th>\n<th>Oxidationsbest\u00e4ndigkeit<\/th>\n<th>Kosten<\/th>\n<th>Druckbarkeit<\/th>\n<th>Schwei\u00dfbarkeit<\/th>\n<\/tr>\n<\/thead>\n<tbody>\n<tr>\n<td>IN738<\/td>\n<td>Ausgezeichnet<\/td>\n<td>Mittel<\/td>\n<td>Ausgezeichnet<\/td>\n<td>Gut<\/td>\n<\/tr>\n<tr>\n<td>IN718<\/td>\n<td>Mittel<\/td>\n<td>Niedrig<\/td>\n<td>M\u00e4\u00dfig<\/td>\n<td>Ausgezeichnet<\/td>\n<\/tr>\n<tr>\n<td>Haynes 282<\/td>\n<td>Ausgezeichnet<\/td>\n<td>Sehr hoch<\/td>\n<td>Gut<\/td>\n<td>Begrenzt<\/td>\n<\/tr>\n<tr>\n<td>Inconel 625<\/td>\n<td>Gut<\/td>\n<td>Mittel<\/td>\n<td>Ausgezeichnet<\/td>\n<td>Ausgezeichnet<\/td>\n<\/tr>\n<\/tbody>\n<\/table>\n<p class=\"whitespace-pre-wrap\">In Bezug auf Druckbarkeit und Leistung bietet IN738 im Vergleich zu Alternativen wie IN718 oder Haynes 282 das beste Gleichgewicht.<\/p>\n<h3><strong>Vor- und Nachteile von IN738-Pulver<\/strong><\/h3>\n<table>\n<thead>\n<tr>\n<th>Vorteile<\/th>\n<th>Nachteile<\/th>\n<\/tr>\n<\/thead>\n<tbody>\n<tr>\n<td>Ausgezeichnete Festigkeit und Oxidationsbest\u00e4ndigkeit bei hohen Temperaturen<\/td>\n<td>Teurer als IN718-Legierungspulver<\/td>\n<\/tr>\n<tr>\n<td>Leicht schwei\u00dfbar mit passendem F\u00fcllstoff<\/td>\n<td>Geringere Zugdehnbarkeit bei Raumtemperatur<\/td>\n<\/tr>\n<tr>\n<td>Weitgehend validiert f\u00fcr AM-Prozesse<\/td>\n<td>Erfordert hei\u00dfisostatisches Pressen zum Abbau von Spannungen<\/td>\n<\/tr>\n<tr>\n<td>Leistung vergleichbar\/\u00fcberlegen mit gegossenem IN738<\/td>\n<td>Lagerung und Handhabung in kontrollierter Atmosph\u00e4re erforderlich<\/td>\n<\/tr>\n<tr>\n<td>Komplexe Geometrien m\u00f6glich<\/td>\n<td>Begrenzte Hochtemperatur-Kriechfestigkeit<\/td>\n<\/tr>\n<\/tbody>\n<\/table>\n<p class=\"whitespace-pre-wrap\">IN738 bietet eine hervorragende Leistung f\u00fcr kritische Hei\u00dfprofilteile, ist jedoch teurer als andere Ni-Superlegierungen.<\/p>\n<h2><strong>H\u00e4ufig gestellte Fragen \u00fcber IN738-Pulver f\u00fcr den 3D-Druck<\/strong><\/h2>\n<p class=\"whitespace-pre-wrap\">Hier finden Sie einige h\u00e4ufig gestellte Fragen zu IN738-Pulver:<\/p>\n<p class=\"whitespace-pre-wrap\"><strong>F: Welche Partikelgr\u00f6\u00dfe wird f\u00fcr den Druck von IN738 empfohlen?<\/strong><\/p>\n<p class=\"whitespace-pre-wrap\">A: 15-45 Mikrometer ist der \u00fcbliche Gr\u00f6\u00dfenbereich, der eine gute Flie\u00dff\u00e4higkeit sowie eine hohe Aufl\u00f6sung und Dichte bietet. Feinere Partikel unter 10 Mikrometern k\u00f6nnen die Dichte und die Oberfl\u00e4cheng\u00fcte verbessern.<\/p>\n<p class=\"whitespace-pre-wrap\"><strong>F: Warum ist IN738 f\u00fcr den 3D-Druck geeignet?<\/strong><\/p>\n<p class=\"whitespace-pre-wrap\">A: Schl\u00fcsselfaktoren sind die Druckbarkeit, die mechanischen Eigenschaften, die Schwei\u00dfbarkeit und die vorherige Verwendung in konventionellen Verfahren, die die Validierung erleichtern. IN738 wurde f\u00fcr die Knetverarbeitung entwickelt und l\u00e4sst sich daher leicht an die additive Fertigung anpassen.<\/p>\n<p class=\"whitespace-pre-wrap\"><strong>F: Welche Nachbearbeitung ist f\u00fcr IN738 gedruckte Teile erforderlich?<\/strong><\/p>\n<p class=\"whitespace-pre-wrap\">A: Nachbearbeitungsprozesse wie hei\u00dfisostatisches Pressen, W\u00e4rmebehandlung und maschinelle Bearbeitung sind in der Regel erforderlich, um Spannungen abzubauen und die gew\u00fcnschten Abmessungen, Oberfl\u00e4chenbeschaffenheit und Endeigenschaften zu erreichen.<\/p>\n<p class=\"whitespace-pre-wrap\"><strong>F: Sind f\u00fcr den Druck von IN738 St\u00fctzstrukturen erforderlich?<\/strong><\/p>\n<p class=\"whitespace-pre-wrap\">A: Es werden minimale St\u00fctzstrukturen empfohlen, um eine schwierige Entfernung von komplexen Oberfl\u00e4chen und Kan\u00e4len zu vermeiden. Das kugelf\u00f6rmige IN738-Pulver flie\u00dft gut und ben\u00f6tigt keine umfangreichen Halterungen.<\/p>\n<p class=\"whitespace-pre-wrap\"><strong>F: Welche Alternativen gibt es zu IN738-Pulver f\u00fcr den 3D-Druck?<\/strong><\/p>\n<p class=\"whitespace-pre-wrap\">A: Die wichtigsten Alternativen sind IN718, IN625, Hastelloy X, Haynes 282, Mar-M247 und C263. IN738 bietet jedoch die besten Allround-Eigenschaften f\u00fcr Leistung und Herstellbarkeit.<\/p>\n<p class=\"whitespace-pre-wrap\"><strong>F: Welche Dichte kann mit 3D-gedruckten IN738-Komponenten erreicht werden?<\/strong><\/p>\n<p class=\"whitespace-pre-wrap\">A: Mit optimierten 3D-Druckparametern lassen sich f\u00fcr IN738 leicht Dichten \u00fcber 99% erreichen. Dies entspricht den Eigenschaften von traditionell verarbeiteten Knet- oder Gussprodukten aus IN738.<\/p>\n<p class=\"whitespace-pre-wrap\"><strong>F: K\u00f6nnen IN738-Teile nach dem 3D-Druck maschinell bearbeitet werden?<\/strong><\/p>\n<p class=\"whitespace-pre-wrap\">A: Ja, Bearbeitungsprozesse wie Drehen, Bohren und Fr\u00e4sen k\u00f6nnen f\u00fcr eine bessere Oberfl\u00e4cheng\u00fcte und Genauigkeit verwendet werden. F\u00fcr die Bearbeitung von ausscheidungsgeh\u00e4rtetem IN738-Material sind geeignete Werkzeugparameter erforderlich.<\/p>\n<p class=\"whitespace-pre-wrap\"><strong>F: Wie hoch ist die typische Oberfl\u00e4chenrauhigkeit von frisch gedruckten IN738-Teilen?<\/strong><\/p>\n<p class=\"whitespace-pre-wrap\">A: Oberfl\u00e4chenrauhigkeitswerte (Ra) von 8-16 Mikrometern sind typisch, k\u00f6nnen aber durch maschinelle Bearbeitung und andere Endbearbeitungsverfahren weiter verbessert werden.<\/p>\n<p class=\"whitespace-pre-wrap\"><strong>F: Muss IN738 nach dem 3D-Druck hei\u00dfisostatisch gepresst werden?<\/strong><\/p>\n<p class=\"whitespace-pre-wrap\">A: HIP hilft, innere Spannungen abzubauen und eine Dichte von 100% zu erreichen, ist aber nicht zwingend erforderlich. F\u00fcr unkritische Anwendungen kann eine W\u00e4rmebehandlung nach dem Prozess ausreichend sein.<\/p>\n<p class=\"whitespace-pre-wrap\"><strong>F: Was sind h\u00e4ufige 3D-Druckfehler, die bei IN738 beobachtet werden?<\/strong><\/p>\n<p class=\"whitespace-pre-wrap\">A: Defekte wie Porosit\u00e4t, Rissbildung, Verformung, unvollst\u00e4ndige Verschmelzung und Oberfl\u00e4chenrauhigkeit k\u00f6nnen auftreten, werden aber durch optimierte Parameter und Verfahren gemildert.<\/p>\n<p><\/span><\/span><\/p>","protected":false},"excerpt":{"rendered":"<p>\u00dcberblick \u00fcber IN738-Pulver f\u00fcr den 3D-Druck IN738 ist ein Superlegierungspulver auf Nickelbasis, das h\u00e4ufig f\u00fcr die additive Fertigung von Hochleistungsmetallteilen verwendet wird. Es kombiniert hervorragende mechanische Eigenschaften bei hohen Temperaturen mit einer guten Verarbeitbarkeit, was es zu einer idealen Wahl f\u00fcr den 3D-Druck von Bauteilen f\u00fcr die Luft- und Raumfahrt und die Industrie macht. Dieser Artikel bietet einen umfassenden Leitfaden f\u00fcr IN738-Legierungspulver...<\/p>","protected":false},"featured_media":1755,"parent":0,"template":"","meta":{"_acf_changed":false,"_kad_blocks_custom_css":"","_kad_blocks_head_custom_js":"","_kad_blocks_body_custom_js":"","_kad_blocks_footer_custom_js":"","_kad_post_transparent":"","_kad_post_title":"","_kad_post_layout":"","_kad_post_sidebar_id":"","_kad_post_content_style":"","_kad_post_vertical_padding":"","_kad_post_feature":"","_kad_post_feature_position":"","_kad_post_header":false,"_kad_post_footer":false,"_kad_post_classname":""},"product-category":[119,120],"class_list":["post-3875","product","type-product","status-publish","has-post-thumbnail","hentry","product-category-3d-printing-metal-powder","product-category-high-temperature-alloy-powder"],"acf":[],"taxonomy_info":{"product-category":[{"value":119,"label":"3D Printing Metal Powder"},{"value":120,"label":"High Temperature Alloy Powder"}]},"featured_image_src_large":["https:\/\/3dpmetal.com\/wp-content\/uploads\/2024\/02\/Inconel-738LC.jpg",344,290,false],"author_info":[],"comment_info":"","_links":{"self":[{"href":"https:\/\/3dpmetal.com\/de\/wp-json\/wp\/v2\/product\/3875","targetHints":{"allow":["GET"]}}],"collection":[{"href":"https:\/\/3dpmetal.com\/de\/wp-json\/wp\/v2\/product"}],"about":[{"href":"https:\/\/3dpmetal.com\/de\/wp-json\/wp\/v2\/types\/product"}],"wp:featuredmedia":[{"embeddable":true,"href":"https:\/\/3dpmetal.com\/de\/wp-json\/wp\/v2\/media\/1755"}],"wp:attachment":[{"href":"https:\/\/3dpmetal.com\/de\/wp-json\/wp\/v2\/media?parent=3875"}],"wp:term":[{"taxonomy":"product-category","embeddable":true,"href":"https:\/\/3dpmetal.com\/de\/wp-json\/wp\/v2\/product-category?post=3875"}],"curies":[{"name":"wp","href":"https:\/\/api.w.org\/{rel}","templated":true}]}}