{"id":3881,"date":"2024-03-18T06:10:10","date_gmt":"2024-03-18T06:10:10","guid":{"rendered":"https:\/\/3dp.45612300.xyz\/product\/feconicrmo-powder\/"},"modified":"2024-03-18T06:10:10","modified_gmt":"2024-03-18T06:10:10","slug":"feconicrmo-powder","status":"publish","type":"product","link":"https:\/\/3dpmetal.com\/de\/product\/feconicrmo-powder\/","title":{"rendered":"FeCoNiCrMo-Pulver"},"content":{"rendered":"<p><span style=\"vertical-align: inherit;\"><span style=\"vertical-align: inherit;\"><\/p>\n<h2>\u00dcberblick \u00fcber FeCoNiCrMo-Pulver<\/h2>\n<p class=\"whitespace-pre-wrap\">FeCoNiCrMo geh\u00f6rt zu einer Klasse von Hochtemperaturlegierungen, die gute mechanische Eigenschaften, Gef\u00fcgestabilit\u00e4t und Umweltbest\u00e4ndigkeit bei Temperaturen \u00fcber 750\u00a1\"C aufweisen. Eisen und Kobalt sorgen f\u00fcr Festigkeit. Nickel erh\u00f6ht die Duktilit\u00e4t und Z\u00e4higkeit. Chrom sorgt f\u00fcr Oxidations- und Korrosionsbest\u00e4ndigkeit. Molybd\u00e4n verbessert die Hochtemperaturfestigkeit und die Kriechbest\u00e4ndigkeit weiter.<\/p>\n<p class=\"whitespace-pre-wrap\">Zu den wichtigsten Eigenschaften von FeCoNiCrMo-Pulver geh\u00f6ren:<\/p>\n<ul class=\"list-disc pl-8 space-y-2\">\n<li class=\"whitespace-normal\">Ausgezeichnete Hochtemperaturfestigkeit und Kriechbest\u00e4ndigkeit<\/li>\n<li class=\"whitespace-normal\">Gute Erm\u00fcdungsfestigkeit und Z\u00e4higkeit<\/li>\n<li class=\"whitespace-normal\">Hohe H\u00e4rte, Verschlei\u00dffestigkeit und Abriebfestigkeit<\/li>\n<li class=\"whitespace-normal\">Au\u00dfergew\u00f6hnliche Korrosions- und Oxidationsbest\u00e4ndigkeit<\/li>\n<li class=\"whitespace-normal\">In verschiedenen Partikelgr\u00f6\u00dfenverteilungen und Morphologien verf\u00fcgbar<\/li>\n<\/ul>\n<p class=\"whitespace-pre-wrap\">FeCoNiCrMo-Pulver eignet sich f\u00fcr Schutzbeschichtungen, thermisches Spritzen, Schwei\u00dfen, additive Fertigung und andere anspruchsvolle Hochtemperaturanwendungen.<\/p>\n<h2>Zusammensetzung von FeCoNiCrMo-Pulver<\/h2>\n<p class=\"whitespace-pre-wrap\">FeCoNiCrMo-Pulver hat die folgende nominelle Zusammensetzung:<\/p>\n<table>\n<thead>\n<tr>\n<th>Element<\/th>\n<th>Komposition<\/th>\n<\/tr>\n<\/thead>\n<tbody>\n<tr>\n<td>Eisen (Fe)<\/td>\n<td>Balanse<\/td>\n<\/tr>\n<tr>\n<td>Cobalt (Co)<\/td>\n<td>35-50%<\/td>\n<\/tr>\n<tr>\n<td>Nickel (Ni)<\/td>\n<td>10-30%<\/td>\n<\/tr>\n<tr>\n<td>Chrom (Cr)<\/td>\n<td>8-12%<\/td>\n<\/tr>\n<tr>\n<td>Molybd\u00e4n (Mo)<\/td>\n<td>1-3%<\/td>\n<\/tr>\n<tr>\n<td>Kohlenstoff (C)<\/td>\n<td>&lt;0,5%<\/td>\n<\/tr>\n<tr>\n<td>Silizium (Si)<\/td>\n<td>&lt;1,5%<\/td>\n<\/tr>\n<tr>\n<td>Mangan (Mn)<\/td>\n<td>&lt;1 %<\/td>\n<\/tr>\n<\/tbody>\n<\/table>\n<p class=\"whitespace-pre-wrap\">Der Gehalt an Legierungselementen kann angepasst werden, um die mechanischen Eigenschaften und die Umweltbest\u00e4ndigkeit entsprechend den Anforderungen der Anwendung zu optimieren. Verunreinigungen werden auf ein Minimum reduziert.<\/p>\n<p><img loading=\"lazy\" decoding=\"async\" class=\"aligncenter wp-image-1391 size-full\" src=\"https:\/\/met3dp.com\/wp-content\/uploads\/2023\/09\/Ti22Al25Nb-Powder.png\" alt=\"FeCoNiCrMo-Pulver\" width=\"842\" height=\"756\" title=\"\"><\/p>\n<h2>Eigenschaften von FeCoNiCrMo-Pulver<\/h2>\n<p class=\"whitespace-pre-wrap\">Zu den wichtigsten Eigenschaften von FeCoNiCrMo-Pulver geh\u00f6ren:<\/p>\n<table>\n<thead>\n<tr>\n<th>Immobilie<\/th>\n<th>Wert<\/th>\n<\/tr>\n<\/thead>\n<tbody>\n<tr>\n<td>Dichte<\/td>\n<td>8.0-8.5 g\/cm3<\/td>\n<\/tr>\n<tr>\n<td>Schmelzpunkt<\/td>\n<td>1350-1450\u00a1\"C<\/td>\n<\/tr>\n<tr>\n<td>W\u00e4rmeleitf\u00e4higkeit<\/td>\n<td>15-30 W\/mK<\/td>\n<\/tr>\n<tr>\n<td>Elektrischer Widerstand<\/td>\n<td>70-85 \u00c3\u00d7'\u00ce.cm<\/td>\n<\/tr>\n<tr>\n<td>Elastizit\u00e4tsmodul<\/td>\n<td>190-220 GPa<\/td>\n<\/tr>\n<tr>\n<td>Poissonzahl<\/td>\n<td>0.28-0.32<\/td>\n<\/tr>\n<tr>\n<td>Zugfestigkeit<\/td>\n<td>650-1200 MPa<\/td>\n<\/tr>\n<tr>\n<td>Streckgrenze<\/td>\n<td>450-900 MPa<\/td>\n<\/tr>\n<tr>\n<td>Verl\u00e4ngerung<\/td>\n<td>15-30%<\/td>\n<\/tr>\n<tr>\n<td>H\u00e4rte<\/td>\n<td>30-50 HRC<\/td>\n<\/tr>\n<\/tbody>\n<\/table>\n<p class=\"whitespace-pre-wrap\">Die Eigenschaften wie hohe Temperaturfestigkeit, H\u00e4rte, Verschlei\u00dffestigkeit und Korrosionsbest\u00e4ndigkeit machen es f\u00fcr die anspruchsvollsten Anwendungen geeignet.<\/p>\n<h2>Verfahren zur Herstellung von FeCoNiCrMo-Pulver<\/h2>\n<p class=\"whitespace-pre-wrap\">FeCoNiCrMo-Pulver kann \u00fcber hergestellt werden:<\/p>\n<ul class=\"list-disc pl-8 space-y-2\">\n<li class=\"whitespace-normal\"><strong>Gasverd\u00fcsung<\/strong>?- Hochdruck-Inertgas, das verwendet wird, um geschmolzenes Metall zu zerst\u00e4uben, was in feinem, kugelf\u00f6rmigen Pulver resultiert, das ideal f\u00fcr AM ist.<\/li>\n<li class=\"whitespace-normal\"><strong>Wasserzerst\u00e4ubung<\/strong>?- Hochgeschwindigkeitswasserstrahl zerbricht geschmolzenes Metall in feine, unregelm\u00e4\u00dfige Pulverpartikel. Wirtschaftlich, jedoch h\u00f6here Sauerstoffaufnahme.<\/li>\n<li class=\"whitespace-normal\"><strong>Mechanisches Legieren<\/strong>?- Kugelmahlen von gemischten Elementpulvern mit anschlie\u00dfendem Sintern und sekund\u00e4rer Atomisierung.<\/li>\n<\/ul>\n<p class=\"whitespace-pre-wrap\">Die Gaszerst\u00e4ubung bietet die beste Kontrolle \u00fcber Partikeleigenschaften wie Gr\u00f6\u00dfe, Form, Reinheit und Mikrostruktur.<\/p>\n<h2>Anwendungen von FeCoNiCrMo-Pulver<\/h2>\n<p class=\"whitespace-pre-wrap\">Zu den typischen Anwendungen von FeCoNiCrMo-Pulver geh\u00f6ren:<\/p>\n<ul class=\"list-disc pl-8 space-y-2\">\n<li class=\"whitespace-normal\"><strong>Thermische Spritzbeschichtung<\/strong>?- HVOF- oder Plasmaspritzen zur Abscheidung dicker verschlei\u00dffester und korrosionsbest\u00e4ndiger Schichten auf Ventilen, Dichtungen, Lagern usw., die bei hohen Temperaturen arbeiten.<\/li>\n<li class=\"whitespace-normal\"><strong>Additive Fertigung<\/strong>?- Selektives Laserschmelzen zur Herstellung komplexer Bauteile wie Turbinenschaufeln f\u00fcr extreme Umgebungen.<\/li>\n<li class=\"whitespace-normal\"><strong>Schwei\u00dff\u00fcllstoff<\/strong>?- Bietet ausgezeichnete Temperaturfestigkeit, H\u00e4rte und Korrosionsbest\u00e4ndigkeit in der Schwei\u00dfzone.<\/li>\n<li class=\"whitespace-normal\"><strong>L\u00f6tf\u00fcllmateriale<\/strong>?- Wird zum Verbinden von Komponenten verwendet, die bei sehr hohen Temperaturen arbeiten und Oxidationsbest\u00e4ndigkeit erfordern.<\/li>\n<li class=\"whitespace-normal\"><strong>Glasverarbeitung<\/strong>- Pulvermetallurgische Transportrollen mit hoher Temperaturfestigkeit f\u00fcr Glash\u00fctten<\/li>\n<\/ul>\n<h2>Spezifikationen von FeCoNiCrMo-Pulver<\/h2>\n<p class=\"whitespace-pre-wrap\">FeCoNiCrMo-Pulver ist in verschiedenen Gr\u00f6\u00dfenbereichen, Formen, Qualit\u00e4ten und Reinheitsgraden erh\u00e4ltlich:<\/p>\n<ul class=\"list-disc pl-8 space-y-2\">\n<li class=\"whitespace-normal\"><strong>Teilchengr\u00f6\u00dfe:<\/strong>Von 15 \u00d7 45 \u00b5m f\u00fcr AM-Methoden, bis zu 150 \u00b5m f\u00fcr thermische Spritzverfahren.<\/li>\n<li class=\"whitespace-normal\"><strong>Morphologie:<\/strong>?Sph\u00e4rische, unregelm\u00e4\u00dfige und gemischte Formen. Sph\u00e4risches Pulver sorgt f\u00fcr einen optimalen Fluss und eine optimale Packung.<\/li>\n<li class=\"whitespace-normal\"><strong>Reinheit:<\/strong>Von handels\u00fcblichen bis hin zu ultrahohen Reinheitsgraden, basierend auf strengen chemischen Analysen und Anwendungsanforderungen.<\/li>\n<li class=\"whitespace-normal\"><strong>Oberfl\u00e4che:<\/strong>? Geringe Oberfl\u00e4che wird bevorzugt, um w\u00e4hrend der Handhabung und Lagerung Oxidation zu minimieren.<\/li>\n<li class=\"whitespace-normal\"><strong>Noten:<\/strong>Ma\u00dfgeschneiderte Zusammensetzung und Pulvereigenschaften je nach Anwendung und Verarbeitungsmethode.<\/li>\n<\/ul>\n<h2>Globale Lieferanten von FeCoNiCrMo-Pulver<\/h2>\n<p class=\"whitespace-pre-wrap\">Zu den weltweit wichtigsten Anbietern von FeCoNiCrMo-Pulver geh\u00f6ren:<\/p>\n<ul class=\"list-disc pl-8 space-y-2\">\n<li class=\"whitespace-normal\">Sandvik Osprey (UK)<\/li>\n<li class=\"whitespace-normal\">Erasteel (Frankreich)<\/li>\n<li class=\"whitespace-normal\">Tekna (Kanada)<\/li>\n<li class=\"whitespace-normal\">Edgetech Industries (USA)<\/li>\n<li class=\"whitespace-normal\">CNPC Powder (China)<\/li>\n<li class=\"whitespace-normal\">H\u00f6gan\u00e4s (Schweden)<\/li>\n<li class=\"whitespace-normal\">AMETEK (US)<\/li>\n<\/ul>\n<p class=\"whitespace-pre-wrap\">Diese Unternehmen stellen verschiedene FeCoNiCrMo-Pulverqualit\u00e4ten durch Gasverd\u00fcsung, Wasserverd\u00fcsung, mechanisches Legieren und andere Verfahren her, die auf spezifische Anwendungen zugeschnitten sind.<\/p>\n<h2>Preisgestaltung von FeCoNiCrMo-Pulver<\/h2>\n<p class=\"whitespace-pre-wrap\">Die Preise f\u00fcr FeCoNiCrMo-Pulver sind abh\u00e4ngig von Faktoren wie:<\/p>\n<ul class=\"list-disc pl-8 space-y-2\">\n<li class=\"whitespace-normal\">Zusammensetzung, Reinheitsgrade<\/li>\n<li class=\"whitespace-normal\">Partikelgr\u00f6\u00dfenverteilung und Morphologie<\/li>\n<li class=\"whitespace-normal\">Produktionsverfahren<\/li>\n<li class=\"whitespace-normal\">Bestellmenge<\/li>\n<li class=\"whitespace-normal\">Hersteller und geografischer Standort<\/li>\n<\/ul>\n<table>\n<thead>\n<tr>\n<th>Note<\/th>\n<th>Preisspanne<\/th>\n<\/tr>\n<\/thead>\n<tbody>\n<tr>\n<td>Commercial<\/td>\n<td>80\u2013120 \u20ac pro kg<\/td>\n<\/tr>\n<tr>\n<td>Hohe Reinheit<\/td>\n<td>120\u2013250 \u20ac pro kg<\/td>\n<\/tr>\n<tr>\n<td>Ultrafein<\/td>\n<td>250\u2013450 EUR pro kg<\/td>\n<\/tr>\n<tr>\n<td>Extra<\/td>\n<td>450\u2013850 \u20ac\/kg<\/td>\n<\/tr>\n<\/tbody>\n<\/table>\n<p class=\"whitespace-pre-wrap\">Gaszerst\u00e4ubte Pulver mit kontrollierter Partikelgr\u00f6\u00dfe und hohem Reinheitsgrad sind im Vergleich zu handels\u00fcblichen Pulversorten wesentlich teurer.<\/p>\n<h2>Lagerung und Handhabung von FeCoNiCrMo-Pulver<\/h2>\n<p class=\"whitespace-pre-wrap\">FeCoNiCrMo-Pulver erfordert eine sorgf\u00e4ltige Lagerung und Handhabung:<\/p>\n<ul class=\"list-disc pl-8 space-y-2\">\n<li class=\"whitespace-normal\">Sollte in versiegelten Beh\u00e4ltern unter Schutzgas gelagert werden, um Oxidation zu verhindern<\/li>\n<li class=\"whitespace-normal\">Vermeiden Sie die Ansammlung von feinem Pulver, um die Explosionsgefahr zu minimieren.<\/li>\n<li class=\"whitespace-normal\">Verwenden Sie bei der Handhabung angemessene PSA, Bel\u00fcftung, Erdung und Sicherheitsma\u00dfnahmen.<\/li>\n<li class=\"whitespace-normal\">Verhindern Sie den Kontakt von Pulver mit inkompatiblen Materialien<\/li>\n<li class=\"whitespace-normal\">Befolgen Sie die anwendbaren Sicherheitsrichtlinien aus dem SDB des Lieferanten<\/li>\n<\/ul>\n<p class=\"whitespace-pre-wrap\">Beim Umgang mit diesem reaktiven Legierungspulver sind angemessene Schutzma\u00dfnahmen unerl\u00e4sslich.<\/p>\n<h2>Inspektion und Pr\u00fcfung von FeCoNiCrMo-Pulver<\/h2>\n<p class=\"whitespace-pre-wrap\">Die wichtigsten Tests zur Qualit\u00e4tskontrolle von FeCoNiCrMo-Pulver:<\/p>\n<ul class=\"list-disc pl-8 space-y-2\">\n<li class=\"whitespace-normal\">Chemische Analyse mit OES oder XRF, um sicherzustellen, dass die Zusammensetzung innerhalb der zul\u00e4ssigen Grenzen liegt<\/li>\n<li class=\"whitespace-normal\">Partikelgr\u00f6\u00dfenverteilung mittels Laserbeugung gem\u00e4\u00df ASTM-Norm B822<\/li>\n<li class=\"whitespace-normal\">Morphologieanalyse durch REM-Bildgebung<\/li>\n<li class=\"whitespace-normal\">Pulverflie\u00dfratenmessung gem\u00e4\u00df ASTM B213-Standard<\/li>\n<li class=\"whitespace-normal\">Dichtebestimmung mittels Helium-Pyknometrie<\/li>\n<li class=\"whitespace-normal\">Verunreinigungstests mit ICP-MS<\/li>\n<li class=\"whitespace-normal\">Mikrostrukturelle Charakterisierung mittels R\u00f6ntgenbeugung<\/li>\n<\/ul>\n<p class=\"whitespace-pre-wrap\">Durchg\u00e4ngige Pr\u00fcfungen verifizieren die Pulverqualit\u00e4t und Gleichm\u00e4\u00dfigkeit f\u00fcr bestimmte Anwendungen mit hoher Temperatur.<\/p>\n<h2>Vergleich zwischen FeCoNiCrMo und 316L-Edelstahlpulvern<\/h2>\n<p class=\"whitespace-pre-wrap\">Vergleich von FeCoNiCrMo und 316L-Edelstahlpulvern:<\/p>\n<table>\n<thead>\n<tr>\n<th>Parameter<\/th>\n<th>FeCoNiCrMo<\/th>\n<th>316L SS<\/th>\n<\/tr>\n<\/thead>\n<tbody>\n<tr>\n<td>Komposition<\/td>\n<td>Hochtemperatur-Qualit\u00e4tslegierung<\/td>\n<td>Edelstahllegierung aus Fe-Cr-Ni<\/td>\n<\/tr>\n<tr>\n<td>Kosten<\/td>\n<td>H\u00f6her<\/td>\n<td>Niedriger<\/td>\n<\/tr>\n<tr>\n<td>Hohe Temperaturbest\u00e4ndigkeit<\/td>\n<td>Weit \u00fcberlegen<\/td>\n<td>Mittelm\u00e4ssig<\/td>\n<\/tr>\n<tr>\n<td>Korrosionsbest\u00e4ndigkeit<\/td>\n<td>Vergleichbar<\/td>\n<td>Besser<\/td>\n<\/tr>\n<tr>\n<td>W\u00e4rmeleitf\u00e4higkeit<\/td>\n<td>H\u00f6her<\/td>\n<td>Niedriger<\/td>\n<\/tr>\n<tr>\n<td>Verarbeitbarkeit<\/td>\n<td>Mittelm\u00e4ssig<\/td>\n<td>Ausgezeichnet<\/td>\n<\/tr>\n<tr>\n<td>ANWENDUNGEN<\/td>\n<td>Thermisches Spritzen, AM<\/td>\n<td>Automobilbau, Bauwesen<\/td>\n<\/tr>\n<\/tbody>\n<\/table>\n<p class=\"whitespace-pre-wrap\">FeCoNiCrMo bietet eine viel bessere Hochtemperaturfestigkeit, w\u00e4hrend 316L gute Verarbeitungseigenschaften und Korrosionsbest\u00e4ndigkeit zu niedrigeren Kosten bietet.<\/p>\n<h2>FAQs zu FeCoNiCrMo-Pulver<\/h2>\n<p class=\"whitespace-pre-wrap\"><strong>F: Wie wird FeCoNiCrMo-Pulver hergestellt?<\/strong><\/p>\n<p class=\"whitespace-pre-wrap\">A: FeCoNiCrMo-Pulver wird kommerziell durch Gasverd\u00fcsung, Wasserverd\u00fcsung und mechanisches Legieren mit anschlie\u00dfender Sinterung hergestellt. Die Gasverd\u00fcsung bietet die besten Pulvereigenschaften.<\/p>\n<p class=\"whitespace-pre-wrap\"><strong>F: Was sind die wichtigsten Anwendungen f\u00fcr FeCoNiCrMo-Pulver?<\/strong><\/p>\n<p class=\"whitespace-pre-wrap\">Zu den Hauptanwendungen geh\u00f6ren thermische Spr\u00fchbeschichtungen, additive Fertigung, L\u00f6tf\u00fcllmaterial, Pulvermetallurgie, Warmarbeitswerkzeuge, Glasverarbeitungsanlagen, bei denen eine hohe Temperaturfestigkeit und -best\u00e4ndigkeit erforderlich ist.<\/p>\n<p class=\"whitespace-pre-wrap\"><strong>F: Welche Partikelgr\u00f6\u00dfe wird f\u00fcr das thermische Spritzen empfohlen?<\/strong><\/p>\n<p class=\"whitespace-pre-wrap\">A: F\u00fcr die meisten thermischen Spritzverfahren wird f\u00fcr FeCoNiCrMo-Pulver ein Partikelgr\u00f6\u00dfenbereich von 45-150 Mikrometern bevorzugt, um die Abscheidungseffizienz und die Beschichtungseigenschaften zu maximieren.<\/p>\n<p class=\"whitespace-pre-wrap\"><strong>F: Erfordert FeCoNiCrMo-Pulver besondere Vorsichtsma\u00dfnahmen bei der Handhabung?<\/strong><\/p>\n<p class=\"whitespace-pre-wrap\">A: Ja, ordnungsgem\u00e4\u00dfe Schutzma\u00dfnahmen sind bei der Handhabung dieses reaktiven Feinlegierungspulvers unerl\u00e4sslich, einschlie\u00dflich Inertgasatmosph\u00e4re, Erdung, Bel\u00fcftung und PSA.<\/p>\n<p class=\"whitespace-pre-wrap\"><strong>F: Wo kann ich f\u00fcr die additive Fertigung geeignetes FeCoNiCrMo-Pulver kaufen?<\/strong><\/p>\n<p class=\"whitespace-pre-wrap\">A: F\u00fcr AM-Anwendungen, die eine hohe Temperaturfestigkeit erfordern, kann feines FeCoNiCrMo-Pulver von f\u00fchrenden Herstellern wie Sandvik, Erasteel, Tekna und Edgetech Industries bezogen werden.<\/p>\n<p><\/span><\/span><\/p>","protected":false},"excerpt":{"rendered":"<p>\u00dcberblick \u00fcber FeCoNiCrMo-Pulver FeCoNiCrMo geh\u00f6rt zu einer Klasse von Hochtemperaturlegierungen mit guten mechanischen Eigenschaften, Gef\u00fcgestabilit\u00e4t und Umweltbest\u00e4ndigkeit bei Temperaturen \u00fcber 750\u00a1\"C. Eisen und Kobalt verleihen Festigkeit. Nickel erh\u00f6ht die Duktilit\u00e4t und Z\u00e4higkeit. Chrom sorgt f\u00fcr Oxidations- und Korrosionsbest\u00e4ndigkeit. Molybd\u00e4n verbessert die Hochtemperaturfestigkeit und die Kriechbest\u00e4ndigkeit weiter. Hauptmerkmale von FeCoNiCrMo...<\/p>","protected":false},"featured_media":1766,"parent":0,"template":"","meta":{"_acf_changed":false,"_kad_blocks_custom_css":"","_kad_blocks_head_custom_js":"","_kad_blocks_body_custom_js":"","_kad_blocks_footer_custom_js":"","_kad_post_transparent":"","_kad_post_title":"","_kad_post_layout":"","_kad_post_sidebar_id":"","_kad_post_content_style":"","_kad_post_vertical_padding":"","_kad_post_feature":"","_kad_post_feature_position":"","_kad_post_header":false,"_kad_post_footer":false,"_kad_post_classname":""},"product-category":[119,127],"class_list":["post-3881","product","type-product","status-publish","has-post-thumbnail","hentry","product-category-3d-printing-metal-powder","product-category-high-entropy-alloy-powder"],"acf":[],"taxonomy_info":{"product-category":[{"value":119,"label":"3D Printing Metal Powder"},{"value":127,"label":"High Entropy Alloy Powder"}]},"featured_image_src_large":["https:\/\/3dpmetal.com\/wp-content\/uploads\/2024\/02\/FeCoNiCrTi-Powder.png",600,600,false],"author_info":[],"comment_info":"","_links":{"self":[{"href":"https:\/\/3dpmetal.com\/de\/wp-json\/wp\/v2\/product\/3881","targetHints":{"allow":["GET"]}}],"collection":[{"href":"https:\/\/3dpmetal.com\/de\/wp-json\/wp\/v2\/product"}],"about":[{"href":"https:\/\/3dpmetal.com\/de\/wp-json\/wp\/v2\/types\/product"}],"wp:featuredmedia":[{"embeddable":true,"href":"https:\/\/3dpmetal.com\/de\/wp-json\/wp\/v2\/media\/1766"}],"wp:attachment":[{"href":"https:\/\/3dpmetal.com\/de\/wp-json\/wp\/v2\/media?parent=3881"}],"wp:term":[{"taxonomy":"product-category","embeddable":true,"href":"https:\/\/3dpmetal.com\/de\/wp-json\/wp\/v2\/product-category?post=3881"}],"curies":[{"name":"wp","href":"https:\/\/api.w.org\/{rel}","templated":true}]}}