{"id":3886,"date":"2024-03-18T06:10:10","date_gmt":"2024-03-18T06:10:10","guid":{"rendered":"https:\/\/3dp.45612300.xyz\/product\/tc4-eli-powder\/"},"modified":"2024-03-18T06:10:10","modified_gmt":"2024-03-18T06:10:10","slug":"tc4-eli-powder","status":"publish","type":"product","link":"https:\/\/3dpmetal.com\/de\/product\/tc4-eli-powder\/","title":{"rendered":"TC4 ELI Pulver"},"content":{"rendered":"<p><span style=\"vertical-align: inherit;\"><span style=\"vertical-align: inherit;\"><\/p>\n<p class=\"whitespace-pre-wrap\">TC4 ELI-Pulver, auch bekannt als Titanium 6Aluminum 4Vanadium ELI-Pulver, ist ein fortschrittliches Titanlegierungspulver, das in verschiedenen Hochleistungsanwendungen eingesetzt wird. Dieser Leitfaden bietet einen umfassenden \u00dcberblick \u00fcber TC4 ELI-Pulver, seine Eigenschaften, Anwendungen, Lieferanten, Sorten und Vergleiche mit anderen Titanpulvern.<\/p>\n<h2>\u00dcberblick \u00fcber das TC4 ELI-Pulver<\/h2>\n<p>&nbsp;<\/p>\n<p><img loading=\"lazy\" decoding=\"async\" class=\"aligncenter wp-image-2040 size-full\" src=\"https:\/\/met3dp.com\/wp-content\/uploads\/2023\/10\/420-powder.jpg\" alt=\"TC4 ELI-Pulver\" width=\"600\" height=\"600\" title=\"\"><\/p>\n<p>&nbsp;<\/p>\n<p class=\"whitespace-pre-wrap\">TC4 ELI-Pulver ist eine hochreine ELI-Variante der TC4-Titanlegierung mit 6% Aluminium, 4% Vanadium und geringen Mengen an Eisen und Sauerstoff.<\/p>\n<p class=\"whitespace-pre-wrap\">Im Vergleich zu anderen Titanlegierungen bietet TC4 ELI eine hervorragende Kombination aus hoher Festigkeit, geringem Gewicht, hervorragender Korrosionsbest\u00e4ndigkeit und Biokompatibilit\u00e4t. Die Sorte ELI gew\u00e4hrleistet maximale Duktilit\u00e4t und Z\u00e4higkeit.<\/p>\n<p class=\"whitespace-pre-wrap\">TC4 ELI eignet sich f\u00fcr die additive Fertigung, den Metallspritzguss und andere pulvermetallurgische Anwendungen. Seine feinen Pulver erm\u00f6glichen komplexe Geometrien und d\u00fcnne W\u00e4nde in 3D-gedruckten oder gesinterten Teilen.<\/p>\n<p class=\"whitespace-pre-wrap\">Die wichtigsten Eigenschaften und Merkmale von TC4 ELI-Pulver:<\/p>\n<h3>TC4 ELI Pulvereigenschaften<\/h3>\n<table>\n<thead>\n<tr>\n<th>Immobilie<\/th>\n<th>Beschreibung<\/th>\n<\/tr>\n<\/thead>\n<tbody>\n<tr>\n<td>Komposition<\/td>\n<td>6% Al, 4% V, 0,08% max Fe, 0,13% max O<\/td>\n<\/tr>\n<tr>\n<td>Dichte<\/td>\n<td>4,43 g\/cm\u00b3<\/td>\n<\/tr>\n<tr>\n<td>Schmelzpunkt<\/td>\n<td>1604\u00a1\"C<\/td>\n<\/tr>\n<tr>\n<td>St\u00e4rke<\/td>\n<td>895-930 MPa H\u00f6chstzugkraft<\/td>\n<\/tr>\n<tr>\n<td>Duktilit\u00e4t<\/td>\n<td>10-15% Dehnung<\/td>\n<\/tr>\n<tr>\n<td>Erm\u00fcdungsfestigkeit<\/td>\n<td>500-550 MPa<\/td>\n<\/tr>\n<tr>\n<td>Elastizit\u00e4tsmodul<\/td>\n<td>110 GPa<\/td>\n<\/tr>\n<tr>\n<td>W\u00e4rmeleitf\u00e4higkeit<\/td>\n<td>6,7 W\/m-K<\/td>\n<\/tr>\n<tr>\n<td>Elektrischer Widerstand<\/td>\n<td>178 \u00c3\u00d7'\u00ce-cm<\/td>\n<\/tr>\n<tr>\n<td>W\u00e4rmeausdehnungskoeffizient<\/td>\n<td>8,9 \u00c3\u00d7m\/m-\u00a1\"C<\/td>\n<\/tr>\n<\/tbody>\n<\/table>\n<p class=\"whitespace-pre-wrap\">TC4 ELI bietet ein optimales Verh\u00e4ltnis von hoher Festigkeit zu Gewicht, Bruchz\u00e4higkeit, Erm\u00fcdungsfestigkeit und Korrosionsbest\u00e4ndigkeit. Der hohe Aluminium- und Vanadiumgehalt tr\u00e4gt zur Erzielung einer hohen Festigkeit durch Mischkristallverfestigung und Ausscheidungsh\u00e4rtung durch W\u00e4rmebehandlung bei.<\/p>\n<p class=\"whitespace-pre-wrap\">Der niedrige Zwischengitteranteil sorgt f\u00fcr eine verbesserte Duktilit\u00e4t und Bruchz\u00e4higkeit im Vergleich zur Standardsorte TC4. Der Sauerstoffgehalt ist auf maximal 0,13% begrenzt, um Verspr\u00f6dung zu vermeiden. Auch der Eisengehalt ist begrenzt.<\/p>\n<p class=\"whitespace-pre-wrap\">Insgesamt eignen sich die Eigenschaften von TC4 ELI f\u00fcr kritische Anwendungen in der Luft- und Raumfahrt, im Verteidigungsbereich, im Motorsport, in der Medizin, in der \u00d6l- und Gasindustrie und in anderen Bereichen.<\/p>\n<h2>Anwendungen und Einsatzm\u00f6glichkeiten von TC4 ELI-Pulver<\/h2>\n<p class=\"whitespace-pre-wrap\">TC4 ELI-Pulver wird zur Herstellung von Hochleistungsteilen mittels additiver Fertigung, Metall-Spritzguss, hei\u00dfisostatischem Pressen und anderen pulvermetallurgischen Verfahren verwendet.<\/p>\n<p class=\"whitespace-pre-wrap\">Einige der wichtigsten Anwendungen und Verwendungszwecke von TC4 ELI-Pulver sind:<\/p>\n<h3>Anwendungen von TC4 ELI-Pulver<\/h3>\n<table>\n<thead>\n<tr>\n<th>Bereich<\/th>\n<th>ANWENDUNGEN<\/th>\n<\/tr>\n<\/thead>\n<tbody>\n<tr>\n<td>Luft- und Raumfahrt<\/td>\n<td>Flugzeugstrukturen, Triebwerkskomponenten, Weltraumtr\u00e4gersysteme<\/td>\n<\/tr>\n<tr>\n<td>Implantate<\/td>\n<td>Orthop\u00e4dische Implantate, Zahnimplantate, kieferorthop\u00e4dische Implantate<\/td>\n<\/tr>\n<tr>\n<td>Automotive<\/td>\n<td>Motorsportkomponenten, R\u00e4der f\u00fcr Turbolader<\/td>\n<\/tr>\n<tr>\n<td>Industrie<\/td>\n<td>Hardware f\u00fcr die Schifffahrt, Teile f\u00fcr Offshore-Bohrungen, Ventile, Pumpen<\/td>\n<\/tr>\n<tr>\n<td>Energie<\/td>\n<td>Bohrlochkopfkomponenten, Bohrlochwerkzeuge, Pipelines<\/td>\n<\/tr>\n<tr>\n<td>Verteidigung<\/td>\n<td>Ballistische Panzerung, Waffenkomponenten, Schutzausr\u00fcstung<\/td>\n<\/tr>\n<\/tbody>\n<\/table>\n<p class=\"whitespace-pre-wrap\">In der Luft- und Raumfahrt eignet sich TC4 ELI aufgrund seines hohen Verh\u00e4ltnisses zwischen Festigkeit und Gewicht f\u00fcr flugkritische statische und rotierende Komponenten in Flugzeugzellen, Turbinen, Fahrwerken usw. Die Teile k\u00f6nnen 3D-gedruckt oder endkonturnah gesintert werden.<\/p>\n<p class=\"whitespace-pre-wrap\">Im medizinischen Bereich erm\u00f6glichen die Biokompatibilit\u00e4t und die Korrosionsbest\u00e4ndigkeit von TC4 ELI die Verwendung f\u00fcr orthop\u00e4dischen Gelenkersatz und Zahnimplantate. Es k\u00f6nnen H\u00fcftsch\u00e4fte, Knieimplantate und Sch\u00e4delplatten hergestellt werden.<\/p>\n<p class=\"whitespace-pre-wrap\">F\u00fcr den Motorsport kann TC4 ELI leichtere und st\u00e4rkere Komponenten wie Pleuelstangen, Einlassventile, Turboladerr\u00e4der, Antriebswellen und Fahrwerksteile herstellen.<\/p>\n<p class=\"whitespace-pre-wrap\">Bei \u00d6l- und Gasanwendungen wird TC4 ELI wegen seiner Best\u00e4ndigkeit gegen korrosive Umgebungen gew\u00e4hlt. Es kann zur Herstellung von Bohrlochkopfbeschl\u00e4gen, Ventilen, Pumpen und Verbrauchsmaterialien wie H\u00fclsen, Stopfen, Kugeln und Sitzen verwendet werden.<\/p>\n<p class=\"whitespace-pre-wrap\">Im Verteidigungssektor wird TC4 ELI zur Herstellung von ballistischen Panzerplatten verwendet, die Kugeln und Schrapnelle aufhalten und gleichzeitig das Gewicht minimieren. Weitere milit\u00e4rische Anwendungen sind Teile f\u00fcr die Luftfahrt und Waffenkomponenten wie L\u00e4ufe, Empf\u00e4nger, Schienen, Abz\u00fcge usw.<\/p>\n<p class=\"whitespace-pre-wrap\">Insgesamt erm\u00f6glicht TC4 ELI-Pulver leichte, leistungsstarke Metallteile in sicherheitskritischen Branchen, indem es die neuesten Fertigungstechniken nutzt.<\/p>\n<h2>Spezifikationen von TC4 ELI-Pulver<\/h2>\n<p class=\"whitespace-pre-wrap\">TC4 ELI-Pulver ist in verschiedenen Gr\u00f6\u00dfenverteilungen, auch als Partikelgr\u00f6\u00dfenbereiche bekannt, im Handel erh\u00e4ltlich. Die Morphologie des Pulvers kann kugelf\u00f6rmig, eckig oder eine Mischung sein.<\/p>\n<p class=\"whitespace-pre-wrap\">Typische Spezifikationen f\u00fcr TC4 ELI-Pulver sind:<\/p>\n<h3>TC4 ELI-Pulver Spezifikationen<\/h3>\n<table>\n<thead>\n<tr>\n<th>Parameter<\/th>\n<th>Details<\/th>\n<\/tr>\n<\/thead>\n<tbody>\n<tr>\n<td>Partikelgr\u00f6\u00dfenbereich<\/td>\n<td>15-45 Mikrometer, 45-105 Mikrometer, 105-250 Mikrometer<\/td>\n<\/tr>\n<tr>\n<td>Partikelform<\/td>\n<td>Sph\u00e4risch, eckig, gemischt<\/td>\n<\/tr>\n<tr>\n<td>Gr\u00f6\u00dfenverteilung<\/td>\n<td>D10, D50, D90 Werte<\/td>\n<\/tr>\n<tr>\n<td>Anscheindichte<\/td>\n<td>2,5-3,5 g\/cc<\/td>\n<\/tr>\n<tr>\n<td>Sch\u00fcttdichte<\/td>\n<td>3,5-4,5 g\/cc<\/td>\n<\/tr>\n<tr>\n<td>Durchflussmenge<\/td>\n<td>Messung mit Hall-Durchflussmesser<\/td>\n<\/tr>\n<tr>\n<td>Chemische Analyse<\/td>\n<td>Al, V, Fe, O, N, C, H, Ti<\/td>\n<\/tr>\n<tr>\n<td>Losnummer<\/td>\n<td>F\u00fcr die R\u00fcckverfolgbarkeit<\/td>\n<\/tr>\n<tr>\n<td>Verpackung<\/td>\n<td>Fl\u00e4schchen, Gl\u00e4ser bis zu 25 kg<\/td>\n<\/tr>\n<\/tbody>\n<\/table>\n<p class=\"whitespace-pre-wrap\">Feinere Partikelgr\u00f6\u00dfenverteilungen von 15-45 Mikrometern werden f\u00fcr den Druck komplexer Geometrien und f\u00fcr glatte Oberfl\u00e4chen bevorzugt. Gr\u00f6\u00dfere Partikelgr\u00f6\u00dfen \u00fcber 100 Mikrometer erm\u00f6glichen schnellere Aufbauraten.<\/p>\n<p class=\"whitespace-pre-wrap\">Sph\u00e4rische Pulver verbessern die Flie\u00dff\u00e4higkeit, die Packungsdichte und das Sinterverhalten. Eckige und gemischte Pulver bieten eine bessere mechanische Adh\u00e4sion zwischen den Partikeln.<\/p>\n<p class=\"whitespace-pre-wrap\">Schein- und Klopfdichte bestimmen die Menge des Pulvers, die erforderlich ist, um ein bestimmtes Volumen zu f\u00fcllen. Die Flie\u00dfgeschwindigkeit gibt an, wie leicht sich das Pulver beim Drucken oder Spritzgie\u00dfen dosieren l\u00e4sst.<\/p>\n<p class=\"whitespace-pre-wrap\">Die chemische Analyse best\u00e4tigt, dass die elementare Zusammensetzung den Qualit\u00e4tsanforderungen entspricht. Chargennummern erm\u00f6glichen die R\u00fcckverfolgbarkeit f\u00fcr die Qualit\u00e4tskontrolle. Durch eine geeignete Verpackung bleibt die Unversehrtheit des Pulvers w\u00e4hrend der Handhabung und Lagerung erhalten.<\/p>\n<h2>Sorten von TC4 ELI-Pulver<\/h2>\n<p class=\"whitespace-pre-wrap\">TC4 ELI-Pulver wird in verschiedenen Qualit\u00e4ten hergestellt, indem die Nachbearbeitungsmethode nach der Gasverd\u00fcsung variiert wird. Dies wirkt sich auf das Mikrogef\u00fcge und die mechanischen Eigenschaften aus.<\/p>\n<p class=\"whitespace-pre-wrap\">Zu den wichtigsten Klassen geh\u00f6ren:<\/p>\n<h3>TC4 ELI-Pulver-Sorten<\/h3>\n<table>\n<thead>\n<tr>\n<th>Note<\/th>\n<th>Beschreibung<\/th>\n<\/tr>\n<\/thead>\n<tbody>\n<tr>\n<td>As-atomisiert<\/td>\n<td>Keine Nachbearbeitung nach der Gaszerst\u00e4ubung<\/td>\n<\/tr>\n<tr>\n<td>Verg\u00fctet<\/td>\n<td>W\u00e4rmebehandlung zum Abbau von Eigenspannungen<\/td>\n<\/tr>\n<tr>\n<td>Hei\u00dfisostatisch gepresst<\/td>\n<td>Konsolidiert bei hoher Temperatur und hohem Druck<\/td>\n<\/tr>\n<tr>\n<td>Plasma gesintert<\/td>\n<td>Schnell gesintert durch Plasmaentladung<\/td>\n<\/tr>\n<tr>\n<td>ISO-S<\/td>\n<td>Durch Gaszerst\u00e4ubung hergestelltes kugelf\u00f6rmiges Pulver<\/td>\n<\/tr>\n<\/tbody>\n<\/table>\n<p class=\"whitespace-pre-wrap\">Die unzerst\u00e4ubte Qualit\u00e4t enth\u00e4lt Restspannungen aus der schnellen Erstarrung. Durch das Ausgl\u00fchen werden diese Spannungen beseitigt und das Pulver l\u00e4sst sich beim Drucken oder Formen leichter verarbeiten.<\/p>\n<p class=\"whitespace-pre-wrap\">Hipping und Plasmasintern erh\u00f6hen die Dichte und verbessern das Mikrogef\u00fcge und die mechanischen Eigenschaften der fertigen Teile.<\/p>\n<p class=\"whitespace-pre-wrap\">Die sph\u00e4rische Qualit\u00e4t (ISO-S) bietet eine bessere Flie\u00dff\u00e4higkeit und Packungsdichte f\u00fcr den hochwertigen 3D-Druck.<\/p>\n<p class=\"whitespace-pre-wrap\">Die geeignete TC4 ELI-Pulversorte wird auf der Grundlage des spezifischen additiven Fertigungs- oder Pulvermetallurgieverfahrens ausgew\u00e4hlt.<\/p>\n<h2>Lieferanten von TC4 ELI-Pulver<\/h2>\n<p class=\"whitespace-pre-wrap\">TC4 ELI-Pulver wird sowohl von f\u00fchrenden Metallpulverherstellern als auch von spezialisierten Anbietern von Pulver f\u00fcr die additive Fertigung geliefert. Einige der wichtigsten Lieferanten sind:<\/p>\n<h3>TC4 ELI-Pulver Lieferanten<\/h3>\n<table>\n<thead>\n<tr>\n<th>Unternehmen<\/th>\n<th>Land<\/th>\n<\/tr>\n<\/thead>\n<tbody>\n<tr>\n<td>AP&amp;C<\/td>\n<td>Kanada<\/td>\n<\/tr>\n<tr>\n<td>Tischlertechnik<\/td>\n<td>Vereinigte Staaten<\/td>\n<\/tr>\n<tr>\n<td>Sandvik<\/td>\n<td>Schweden<\/td>\n<\/tr>\n<tr>\n<td>Praxair<\/td>\n<td>Vereinigte Staaten<\/td>\n<\/tr>\n<tr>\n<td>TLS-Technik<\/td>\n<td>Deutschland<\/td>\n<\/tr>\n<tr>\n<td>AMETEK<\/td>\n<td>Vereinigte Staaten<\/td>\n<\/tr>\n<tr>\n<td>LPW Technologie<\/td>\n<td>Gro\u00dfbritannien<\/td>\n<\/tr>\n<tr>\n<td>CNPC-Puder-Gruppe<\/td>\n<td>China<\/td>\n<\/tr>\n<\/tbody>\n<\/table>\n<p class=\"whitespace-pre-wrap\">Diese Unternehmen stellen TC4 ELI-Pulver durch Gasverd\u00fcsung her und kontrollieren die Partikelgr\u00f6\u00dfenverteilung genau. Einige Anbieter bieten auch kundenspezifische Nachbearbeitungen wie Gl\u00fchen, Hippen und Sintern an, um die Pulvereigenschaften zu verbessern.<\/p>\n<p class=\"whitespace-pre-wrap\">Hochreine Rohstoffe, strenge Qualit\u00e4tskontrollen und spezielle Verpackungen tragen dazu bei, dass TC4 ELI-Pulver f\u00fcr kritische Anwendungen zuverl\u00e4ssig und konsistent ist. Gro\u00dfe Produktionskapazit\u00e4ten erm\u00f6glichen die Lieferung von TC4 ELI-Pulver in gro\u00dfen Mengen.<\/p>\n<h2>Preisgestaltung f\u00fcr TC4 ELI-Pulver<\/h2>\n<p class=\"whitespace-pre-wrap\">Als fortschrittliche Titanlegierung ist TC4 ELI-Pulver teurer als Basis-Titanlegierungen wie Ti-6Al-4V. Die Preise h\u00e4ngen ab von:<\/p>\n<ul class=\"list-disc pl-8 space-y-2\">\n<li class=\"whitespace-normal\">Partikelgr\u00f6\u00dfenbereich<\/li>\n<li class=\"whitespace-normal\">Bestellvolumen<\/li>\n<li class=\"whitespace-normal\">Zus\u00e4tzliche Verarbeitung\/Qualit\u00e4t<\/li>\n<li class=\"whitespace-normal\">Reinheitslevel<\/li>\n<li class=\"whitespace-normal\">Geografischer Standort<\/li>\n<\/ul>\n<p class=\"whitespace-pre-wrap\">Einige indikative Preisspannen:<\/p>\n<h3>TC4 ELI Pulver Preisgestaltung<\/h3>\n<table>\n<thead>\n<tr>\n<th>Teilchengr\u00f6sse<\/th>\n<th>Preis pro kg<\/th>\n<\/tr>\n<\/thead>\n<tbody>\n<tr>\n<td>15-45 Mikron<\/td>\n<td>$80 &#8211; $120<\/td>\n<\/tr>\n<tr>\n<td>45-105 Mikrometer<\/td>\n<td>$60 &#8211; $90<\/td>\n<\/tr>\n<tr>\n<td>105-250 Mikrometer<\/td>\n<td>$40 &#8211; $70<\/td>\n<\/tr>\n<\/tbody>\n<\/table>\n<p class=\"whitespace-pre-wrap\">Im Allgemeinen sind die Preise f\u00fcr kleinere Partikelgr\u00f6\u00dfen h\u00f6her, da die Gaszerst\u00e4ubung besser kontrolliert werden kann. Kleinere Chargen kosten auch mehr pro Kilogramm im Vergleich zu Gro\u00dfauftr\u00e4gen.<\/p>\n<p class=\"whitespace-pre-wrap\">Geografisch gesehen sind die Preise f\u00fcr in China hergestelltes TC4 ELI-Pulver niedriger als f\u00fcr europ\u00e4isches\/amerikanisches Pulver. Allerdings kann die Qualit\u00e4tskontrolle variieren.<\/p>\n<p class=\"whitespace-pre-wrap\">Mit der zunehmenden Verbreitung der additiven Fertigung sind die Preise f\u00fcr TC4 ELI-Pulver zwar gesunken, liegen aber immer noch \u00fcber denen f\u00fcr herk\u00f6mmliche Titanlegierungen. Langfristige Vereinbarungen und Gro\u00dfauftr\u00e4ge k\u00f6nnen helfen, wettbewerbsf\u00e4hige Preise zu sichern.<\/p>\n<h2>TC4 ELI-Pulver im Vergleich zu anderen Titanlegierungen<\/h2>\n<p class=\"whitespace-pre-wrap\">TC4 ELI bietet gegen\u00fcber anderen g\u00e4ngigen Titanlegierungen wie Ti-6Al-4V Vorteile in Bezug auf Festigkeit, Z\u00e4higkeit und Korrosionsbest\u00e4ndigkeit.<\/p>\n<h3>Vergleich von TC4 ELI mit anderen Titanlegierungen<\/h3>\n<table>\n<thead>\n<tr>\n<th>Legierung<\/th>\n<th>St\u00e4rke<\/th>\n<th>Z\u00e4higkeit<\/th>\n<th>Korrosionsbest\u00e4ndigkeit<\/th>\n<th>Kosten<\/th>\n<\/tr>\n<\/thead>\n<tbody>\n<tr>\n<td>Ti-6Al-4V<\/td>\n<td>Mittel<\/td>\n<td>Mittel<\/td>\n<td>Mittel<\/td>\n<td>Niedrig<\/td>\n<\/tr>\n<tr>\n<td>Ti-6Al-7Nb<\/td>\n<td>Mittel<\/td>\n<td>Mittel<\/td>\n<td>High<\/td>\n<td>Mittel<\/td>\n<\/tr>\n<tr>\n<td>Ti-555 (Ti-5Al-5V-5Mo-3Cr)<\/td>\n<td>Sehr hoch<\/td>\n<td>Niedrig<\/td>\n<td>Mittel<\/td>\n<td>High<\/td>\n<\/tr>\n<tr>\n<td><strong>TC4 ELI (Ti-6Al-4V-0,08Fe-0,13O)<\/strong><\/td>\n<td><strong>Sehr hoch<\/strong><\/td>\n<td><strong>High<\/strong><\/td>\n<td><strong>Sehr hoch<\/strong><\/td>\n<td><strong>High<\/strong><\/td>\n<\/tr>\n<\/tbody>\n<\/table>\n<p class=\"whitespace-pre-wrap\"><strong>Die wichtigsten Vorteile von TC4 ELI gegen\u00fcber anderen Titanlegierungen:<\/strong><\/p>\n<ul class=\"list-disc pl-8 space-y-2\">\n<li class=\"whitespace-normal\">H\u00f6here Festigkeit als Ti-6Al-4V und Ti-6Al-7Nb<\/li>\n<li class=\"whitespace-normal\">\u00dcberlegene Bruchz\u00e4higkeit und Duktilit\u00e4t gegen\u00fcber Ti-555<\/li>\n<li class=\"whitespace-normal\">Ausgezeichnete Korrosionsbest\u00e4ndigkeit in rauen Umgebungen<\/li>\n<li class=\"whitespace-normal\">Beh\u00e4lt seine Eigenschaften bei extremen Temperaturen besser bei<\/li>\n<li class=\"whitespace-normal\">Geringere Dichte als Stahllegierungen<\/li>\n<li class=\"whitespace-normal\">Bessere Biokompatibilit\u00e4t als nichtrostende St\u00e4hle<\/li>\n<li class=\"whitespace-normal\">Kann f\u00fcr farbige Oberfl\u00e4chen anodisiert werden<\/li>\n<\/ul>\n<p class=\"whitespace-pre-wrap\"><strong>Zu den Einschr\u00e4nkungen von TC4 ELI geh\u00f6ren:<\/strong><\/p>\n<ul class=\"list-disc pl-8 space-y-2\">\n<li class=\"whitespace-normal\">H\u00f6here Kosten als Ti-6Al-4V<\/li>\n<li class=\"whitespace-normal\">Schwieriger zu bearbeiten als Ti-6Al-4V<\/li>\n<li class=\"whitespace-normal\">Anf\u00e4llig f\u00fcr Abrieb gegen sich selbst<\/li>\n<li class=\"whitespace-normal\">Mit herk\u00f6mmlichem Schmelzschwei\u00dfverfahren nicht schwei\u00dfbar<\/li>\n<li class=\"whitespace-normal\">Immer noch schwerer als Aluminiumlegierungen<\/li>\n<\/ul>\n<p class=\"whitespace-pre-wrap\">Insgesamt macht die Kombination aus au\u00dfergew\u00f6hnlichen mechanischen Eigenschaften, Korrosionsbest\u00e4ndigkeit, geringer Dichte und Biokompatibilit\u00e4t TC4 ELI trotz seiner h\u00f6heren Kosten zu einem fortschrittlichen Material der Wahl f\u00fcr kritische Anwendungen.<\/p>\n<h2>H\u00e4ufig gestellte Fragen zum TC4 ELI-Pulver<\/h2>\n<p class=\"whitespace-pre-wrap\">Hier finden Sie Antworten auf einige h\u00e4ufig gestellte Fragen zum TC4 ELI-Pulver:<\/p>\n<h3>FAQs \u00fcber TC4 ELI-Pulver<\/h3>\n<p class=\"whitespace-pre-wrap\"><strong>F: Wof\u00fcr steht das ELI im TC4 ELI-Pulver?<\/strong><\/p>\n<p class=\"whitespace-pre-wrap\">A: ELI steht f\u00fcr extra niedriger interstitieller Gehalt. Es bezieht sich auf den minimalen Gehalt an Sauerstoff und Eisen in der Pulverzusammensetzung.<\/p>\n<p class=\"whitespace-pre-wrap\"><strong>F: Welche Partikelgr\u00f6\u00dfe von TC4 ELI-Pulver ist ideal?<\/strong><\/p>\n<p class=\"whitespace-pre-wrap\">A: 15-45 Mikron Pulver eignen sich am besten f\u00fcr den Druck von feinen Merkmalen und d\u00fcnnen W\u00e4nden. 45-105 Mikron erm\u00f6glichen schnellere Aufbauraten, aber eine geringere Aufl\u00f6sung.<\/p>\n<p class=\"whitespace-pre-wrap\"><strong>F: Welche Nachbearbeitungsmethoden k\u00f6nnen f\u00fcr TC4 ELI-Pulver verwendet werden?<\/strong><\/p>\n<p class=\"whitespace-pre-wrap\">A: Gl\u00fchen, hei\u00dfisostatisches Pressen, Plasmasintern und die Herstellung kugelf\u00f6rmiger Pulver verbessern die Pulvereigenschaften.<\/p>\n<p class=\"whitespace-pre-wrap\"><strong>F: Ist TC4 ELI-Pulver besser als Ti-6Al-4V f\u00fcr den 3D-Druck?<\/strong><\/p>\n<p class=\"whitespace-pre-wrap\">A: Ja, TC4 ELI hat eine h\u00f6here Festigkeit und Z\u00e4higkeit im Vergleich zu Ti-6Al-4V im unbedruckten und nachbehandelten Zustand.<\/p>\n<p class=\"whitespace-pre-wrap\"><strong>F: Muss das TC4 ELI-Pulver nach der additiven Fertigung hei\u00dfisostatisch gepresst werden?<\/strong><\/p>\n<p class=\"whitespace-pre-wrap\">A: Das HIP-Verfahren kann interne Poren beseitigen und die Erm\u00fcdungsfestigkeit verbessern. F\u00fcr unkritische Teile kann jedoch das gedruckte TC4 ELI ausreichend sein.<\/p>\n<p class=\"whitespace-pre-wrap\"><strong>F: Welche Pr\u00e4zision kann mit TC4 ELI-Pulver beim 3D-Druck von Metall erreicht werden?<\/strong><\/p>\n<p class=\"whitespace-pre-wrap\">A: Toleranzen von \u00a9I0,1% sind f\u00fcr TC4 ELI gedruckte Teile m\u00f6glich, abh\u00e4ngig vom verwendeten AM-Prozess.<\/p>\n<p class=\"whitespace-pre-wrap\"><strong>F: K\u00f6nnen TC4 ELI-Teile nach dem 3D-Druck bearbeitet werden?<\/strong><\/p>\n<p class=\"whitespace-pre-wrap\">A: Ja, aber TC4 ELI ist schwierig zu bearbeiten und erfordert aufgrund seiner H\u00e4rte eine starre Einrichtung und scharfe Werkzeuge.<\/p>\n<p class=\"whitespace-pre-wrap\"><strong>F: Welche Oberfl\u00e4chenbehandlung ist f\u00fcr TC4 ELI AM-Teile m\u00f6glich?<\/strong><\/p>\n<p class=\"whitespace-pre-wrap\">A: Die Rauheit der Oberfl\u00e4che nach dem Druck variiert je nach Verfahren, aber Nachbearbeitungsschritte wie Schleifen, Erodieren und Polieren erm\u00f6glichen glatte, feine Oberfl\u00e4chen.<\/p>\n<h2>Schlussfolgerung<\/h2>\n<p class=\"whitespace-pre-wrap\">TC4 ELI-Pulver besitzt eine au\u00dfergew\u00f6hnliche Kombination aus hoher Festigkeit, Z\u00e4higkeit und Korrosionsbest\u00e4ndigkeit dank seiner Legierungszusammensetzung aus 6% Aluminium, 4% Vanadium, 0,08% Eisen und 0,13% Sauerstoff mit geringem Zwischengitteranteil.<\/p>\n<p class=\"whitespace-pre-wrap\">Mit seiner F\u00e4higkeit, leichte, hochleistungsf\u00e4hige Metallkomponenten f\u00fcr kritische Anwendungen in der Luft- und Raumfahrt, der Medizintechnik, dem Energiesektor und dem Verteidigungssektor herzustellen, bietet TC4 ELI einzigartige M\u00f6glichkeiten, die andere Titanlegierungen nicht bieten k\u00f6nnen.<\/p>\n<p class=\"whitespace-pre-wrap\">TC4 ELI-Pulver hat die Konstruktionsm\u00f6glichkeiten f\u00fcr technische Teile der n\u00e4chsten Generation unter Verwendung der neuesten additiven Fertigungs- und Pulvermetallurgieverfahren erweitert. Da das Pulverangebot zunimmt und die Kosten weiter sinken, wird erwartet, dass der Einsatz von TC4 ELI in allen Branchen weiter zunimmt und neue Leistungsniveaus erschlie\u00dft.<\/p>\n<p><\/span><\/span><\/p>","protected":false},"excerpt":{"rendered":"<p>TC4 ELI-Pulver, auch bekannt als Titan-6Aluminium-4Vanadium-ELI-Pulver, ist ein fortschrittliches Titanlegierungspulver, das in verschiedenen Hochleistungsanwendungen verwendet wird. Dieser Leitfaden bietet einen umfassenden \u00dcberblick \u00fcber TC4 ELI-Pulver, seine Eigenschaften, Anwendungen, Lieferanten, Qualit\u00e4ten und Vergleiche mit anderen Titanpulvern. \u00dcberblick \u00fcber TC4 ELI-Pulver TC4 ELI-Pulver ist ein\u2026<\/p>","protected":false},"featured_media":1774,"parent":0,"template":"","meta":{"_acf_changed":false,"_kad_blocks_custom_css":"","_kad_blocks_head_custom_js":"","_kad_blocks_body_custom_js":"","_kad_blocks_footer_custom_js":"","_kad_post_transparent":"","_kad_post_title":"","_kad_post_layout":"","_kad_post_sidebar_id":"","_kad_post_content_style":"","_kad_post_vertical_padding":"","_kad_post_feature":"","_kad_post_feature_position":"","_kad_post_header":false,"_kad_post_footer":false,"_kad_post_classname":""},"product-category":[119,123],"class_list":["post-3886","product","type-product","status-publish","has-post-thumbnail","hentry","product-category-3d-printing-metal-powder","product-category-titanium-based-alloy-powder"],"acf":[],"taxonomy_info":{"product-category":[{"value":119,"label":"3D Printing Metal Powder"},{"value":123,"label":"Titanium Based Alloy Powder"}]},"featured_image_src_large":["https:\/\/3dpmetal.com\/wp-content\/uploads\/2024\/02\/TC4-ELI-Powder.jpg",600,600,false],"author_info":[],"comment_info":"","_links":{"self":[{"href":"https:\/\/3dpmetal.com\/de\/wp-json\/wp\/v2\/product\/3886","targetHints":{"allow":["GET"]}}],"collection":[{"href":"https:\/\/3dpmetal.com\/de\/wp-json\/wp\/v2\/product"}],"about":[{"href":"https:\/\/3dpmetal.com\/de\/wp-json\/wp\/v2\/types\/product"}],"wp:featuredmedia":[{"embeddable":true,"href":"https:\/\/3dpmetal.com\/de\/wp-json\/wp\/v2\/media\/1774"}],"wp:attachment":[{"href":"https:\/\/3dpmetal.com\/de\/wp-json\/wp\/v2\/media?parent=3886"}],"wp:term":[{"taxonomy":"product-category","embeddable":true,"href":"https:\/\/3dpmetal.com\/de\/wp-json\/wp\/v2\/product-category?post=3886"}],"curies":[{"name":"wp","href":"https:\/\/api.w.org\/{rel}","templated":true}]}}