{"id":3889,"date":"2024-03-18T06:10:10","date_gmt":"2024-03-18T06:10:10","guid":{"rendered":"https:\/\/3dp.45612300.xyz\/product\/ti22al25nb-powder\/"},"modified":"2024-03-18T06:10:10","modified_gmt":"2024-03-18T06:10:10","slug":"ti22al25nb-powder","status":"publish","type":"product","link":"https:\/\/3dpmetal.com\/de\/product\/ti22al25nb-powder\/","title":{"rendered":"Ti22Al25Nb-Pulver"},"content":{"rendered":"<p><span style=\"vertical-align: inherit;\"><span style=\"vertical-align: inherit;\"><\/p>\n<h2>\u00dcberblick \u00fcber Ti22Al25Nb-Pulver<\/h2>\n<p class=\"whitespace-pre-wrap\">Ti22Al25Nb geh\u00f6rt zur Klasse der Titan-Aluminid-Legierungen, die attraktive Eigenschaften wie hohe spezifische Festigkeit, gute Kriechfestigkeit, Oxidationsbest\u00e4ndigkeit und die F\u00e4higkeit, extremen Temperaturen standzuhalten, aufweisen. Das nahezu \u00e4quiatome Verh\u00e4ltnis von Titan und Aluminium bietet eine ausgewogene Kombination aus geringem Gewicht, Festigkeit und Umweltbest\u00e4ndigkeit bei hohen Temperaturen.<\/p>\n<p class=\"whitespace-pre-wrap\">Zu den wichtigsten Eigenschaften von Ti22Al25Nb-Pulver geh\u00f6ren:<\/p>\n<ul class=\"list-disc pl-8 space-y-2\">\n<li class=\"whitespace-normal\">Sehr hohe spezifische Festigkeit (Verh\u00e4ltnis von Festigkeit zu Gewicht)<\/li>\n<li class=\"whitespace-normal\">Ausgezeichnete mechanische Eigenschaften bei hohen Temperaturen<\/li>\n<li class=\"whitespace-normal\">Gute Kriech- und Erm\u00fcdungsfestigkeit<\/li>\n<li class=\"whitespace-normal\">Geringe Dichte im Vergleich zu Superlegierungen auf Nickel- und Eisenbasis<\/li>\n<li class=\"whitespace-normal\">Au\u00dfergew\u00f6hnliche Korrosionsbest\u00e4ndigkeit<\/li>\n<\/ul>\n<p class=\"whitespace-pre-wrap\">Ti22Al25Nb-Pulver eignet sich hervorragend zur Gewichtsreduzierung und Effizienzsteigerung in der Luft- und Raumfahrt, im Automobilbau und anderen Hochleistungsanwendungen bei hohen Temperaturen.<\/p>\n<h2>Zusammensetzung von Ti22Al25Nb-Pulver<\/h2>\n<p class=\"whitespace-pre-wrap\">Ti22Al25Nb-Pulver hat die folgende nominelle Zusammensetzung:<\/p>\n<table>\n<thead>\n<tr>\n<th>Element<\/th>\n<th>Gew.-%<\/th>\n<\/tr>\n<\/thead>\n<tbody>\n<tr>\n<td>Titan (Ti)<\/td>\n<td>22%<\/td>\n<\/tr>\n<tr>\n<td>Aluminium (Al)<\/td>\n<td>25%<\/td>\n<\/tr>\n<tr>\n<td>Niobium (Nb)<\/td>\n<td>5-10%<\/td>\n<\/tr>\n<tr>\n<td>Vanadium (V)<\/td>\n<td>0-5%<\/td>\n<\/tr>\n<tr>\n<td>Chrom (Cr)<\/td>\n<td>0-2%<\/td>\n<\/tr>\n<tr>\n<td>Kohlenstoff (C)<\/td>\n<td>0-0.2%<\/td>\n<\/tr>\n<tr>\n<td>Sauerstoff (O)<\/td>\n<td>0-0.2%<\/td>\n<\/tr>\n<\/tbody>\n<\/table>\n<p><img loading=\"lazy\" decoding=\"async\" class=\"size-medium wp-image-1409 aligncenter\" src=\"https:\/\/met3dp.com\/wp-content\/uploads\/2023\/09\/ed7a94ec-3c10-4b1b-87ed--300x300.jpg\" alt=\"Ti22Al25Nb-Pulver\" width=\"300\" height=\"300\" title=\"\"><\/p>\n<p class=\"whitespace-pre-wrap\">Die Mengen an verst\u00e4rkenden Elementen wie Niob und Vanadium k\u00f6nnen zur Optimierung der mechanischen Eigenschaften variiert werden. Die Verunreinigungen durch Kohlenstoff und Sauerstoff werden minimiert.<\/p>\n<h2>Eigenschaften von Ti22Al25Nb-Pulver<\/h2>\n<p class=\"whitespace-pre-wrap\">Zu den wichtigsten Eigenschaften von Ti22Al25Nb-Pulver geh\u00f6ren:<\/p>\n<table>\n<thead>\n<tr>\n<th>Immobilie<\/th>\n<th>Wert<\/th>\n<\/tr>\n<\/thead>\n<tbody>\n<tr>\n<td>Dichte<\/td>\n<td>3,7-3,9 g\/cm3<\/td>\n<\/tr>\n<tr>\n<td>Schmelzpunkt<\/td>\n<td>1350-1450\u00a1\"C<\/td>\n<\/tr>\n<tr>\n<td>W\u00e4rmeleitf\u00e4higkeit<\/td>\n<td>16-22 W\/mK<\/td>\n<\/tr>\n<tr>\n<td>Elektrischer Widerstand<\/td>\n<td>1,7 \u00c3\u00d7'\u00ce.cm<\/td>\n<\/tr>\n<tr>\n<td>Elastizit\u00e4tsmodul<\/td>\n<td>160\u2013180 GPa<\/td>\n<\/tr>\n<tr>\n<td>Poissonzahl<\/td>\n<td>0.32-0.34<\/td>\n<\/tr>\n<tr>\n<td>Zugfestigkeit<\/td>\n<td>500-900 MPa<\/td>\n<\/tr>\n<tr>\n<td>Streckgrenze<\/td>\n<td>400-600 MPa<\/td>\n<\/tr>\n<tr>\n<td>Verl\u00e4ngerung<\/td>\n<td>1-4%<\/td>\n<\/tr>\n<tr>\n<td>Kriechfestigkeit<\/td>\n<td>150-300 MPa<\/td>\n<\/tr>\n<tr>\n<td>Oxidationsbest\u00e4ndigkeit<\/td>\n<td>Ausgezeichnet bis zu 800\u00a1\"C<\/td>\n<\/tr>\n<\/tbody>\n<\/table>\n<p>&nbsp;<\/p>\n<p class=\"whitespace-pre-wrap\">Aufgrund seiner Eigenschaften wie hohe Festigkeit, niedrige Dichte und Temperaturbest\u00e4ndigkeit eignet es sich gut f\u00fcr kritische Luft- und Raumfahrtkomponenten, bei denen Gewichtseinsparungen erforderlich sind.<\/p>\n<h2>Herstellungsverfahren f\u00fcr Ti22Al25Nb-Pulver<\/h2>\n<p class=\"whitespace-pre-wrap\">Ti22Al25Nb-Pulver kann mit folgenden Methoden hergestellt werden:<\/p>\n<ul class=\"list-disc pl-8 space-y-2\">\n<li class=\"whitespace-normal\"><strong>Gasverd\u00fcsung<\/strong>?- Hochdruck-Inertgasstrahl zur Zerst\u00e4ubung der geschmolzenen Legierung, wodurch ein feines kugelf\u00f6rmiges Pulver entsteht, das sich ideal f\u00fcr AM eignet.<\/li>\n<li class=\"whitespace-normal\"><strong>Plasma-Rotationselektroden-Prozess (PREP)<\/strong>?- Durch Zentrifugalzerfall einer schnell rotierenden Metallschmelze in feine Tr\u00f6pfchen entsteht ein kugelf\u00f6rmiges Pulver.<\/li>\n<li class=\"whitespace-normal\"><strong>Mechanisches Legieren<\/strong>?- Hochenergie-Kugelmahlen von elementaren\/vorlegierten Pulvern, gefolgt von Gl\u00fchen und Sekund\u00e4rverd\u00fcsung.<\/li>\n<\/ul>\n<p class=\"whitespace-pre-wrap\">Gaszerst\u00e4ubung und PREP erm\u00f6glichen eine hervorragende Kontrolle \u00fcber Pulvereigenschaften wie Partikelgr\u00f6\u00dfenverteilung, Morphologie und Mikroreinheit.<\/p>\n<h2>Anwendungen von Ti22Al25Nb-Pulver<\/h2>\n<p class=\"whitespace-pre-wrap\">Ti22Al25Nb-Pulver wird verwendet in:<\/p>\n<ul class=\"list-disc pl-8 space-y-2\">\n<li class=\"whitespace-normal\"><strong>Additive Fertigung<\/strong>?- Selektives Laserschmelzen zur Herstellung komplexer Leichtbauteile wie Halterungen, Schaufeln und Laufr\u00e4der f\u00fcr die Luft- und Raumfahrt und die Automobilindustrie.<\/li>\n<li class=\"whitespace-normal\"><strong>Thermische Spritzbeschichtung<\/strong>?- Wird mittels Plasma- oder HVOF-Spritzen aufgetragen, um Turboladerschaufeln und Komponenten f\u00fcr die Luft- und Raumfahrt bei hohen Temperaturen verschlei\u00df- und korrosionsfest zu machen.<\/li>\n<li class=\"whitespace-normal\"><strong>Metallspritzguss<\/strong>?- Zur Herstellung kleiner, komplexer netzf\u00f6rmiger Teile, die eine hohe spezifische Festigkeit von bis zu 800\u00a1\"C ben\u00f6tigen, wie z. B. Turbinenschaufeln.<\/li>\n<li class=\"whitespace-normal\"><strong>Pulvermetallurgie<\/strong>?- Pressen und Sintern zur Herstellung von hochfesten Teilen mit geringer Dichte, wie z. B. Pleuelstangen.<\/li>\n<\/ul>\n<h2>Spezifikationen von Ti22Al25Nb-Pulver<\/h2>\n<p class=\"whitespace-pre-wrap\">Ti22Al25Nb-Pulver ist in verschiedenen Gr\u00f6\u00dfenordnungen, Formen und Reinheitsgraden erh\u00e4ltlich:<\/p>\n<ul class=\"list-disc pl-8 space-y-2\">\n<li class=\"whitespace-normal\"><strong>Teilchengr\u00f6\u00dfe:<\/strong>Von 15-45 \u00c3\u00d7m f\u00fcr AM-Verfahren, bis zu 100 \u00c3\u00d7m f\u00fcr thermische Spritzverfahren.<\/li>\n<li class=\"whitespace-normal\"><strong>Morphologie:<\/strong>Die nahezu kugelf\u00f6rmige Pulvermorphologie sorgt f\u00fcr optimalen Fluss und Packungsdichte.<\/li>\n<li class=\"whitespace-normal\"><strong>Reinheit:<\/strong>Von kommerziellen bis hin zu hohen Reinheitsgraden auf der Grundlage von Verunreinigungsgrenzen und Prozessanforderungen.<\/li>\n<li class=\"whitespace-normal\"><strong>Sauerstoffgehalt:<\/strong>Bei den meisten Anwendungen werden die Werte unter 2000 ppm gehalten.<\/li>\n<li class=\"whitespace-normal\"><strong>Flie\u00dff\u00e4higkeit:<\/strong>Pulver nach Ma\u00df f\u00fcr hervorragende Flie\u00dfgeschwindigkeiten \u00fcber 25 s\/50 g.<\/li>\n<\/ul>\n<h2>Globale Lieferanten von Ti22Al25Nb-Pulver<\/h2>\n<p class=\"whitespace-pre-wrap\">Einige der weltweit wichtigsten Lieferanten von Ti22Al25Nb-Pulver sind:<\/p>\n<ul class=\"list-disc pl-8 space-y-2\">\n<li class=\"whitespace-normal\">AP&amp;C (Kanada)<\/li>\n<li class=\"whitespace-normal\">TLS Technik (Germany)<\/li>\n<li class=\"whitespace-normal\">Sandvik Osprey (UK)<\/li>\n<li class=\"whitespace-normal\">Tekna (Kanada)<\/li>\n<li class=\"whitespace-normal\">ECKA Granulat (Deutschland)<\/li>\n<li class=\"whitespace-normal\">Titanpulver (Russland)<\/li>\n<\/ul>\n<p class=\"whitespace-pre-wrap\">Diese Unternehmen stellen verschiedene Sorten von Ti22Al25Nb-Pulver her, die f\u00fcr die additive Fertigung, das thermische Spritzen, die Pulvermetallurgie und andere Anwendungen ma\u00dfgeschneidert sind.<\/p>\n<h2>Preisgestaltung von Ti22Al25Nb-Pulver<\/h2>\n<p class=\"whitespace-pre-wrap\">Ti22Al25Nb-Pulver ist preislich h\u00f6her angesiedelt als St\u00e4hle und Nickellegierungen:<\/p>\n<ul class=\"list-disc pl-8 space-y-2\">\n<li class=\"whitespace-normal\"><strong>Menge<\/strong>?- $100-150 pro kg f\u00fcr Gro\u00dfauftr\u00e4ge \u00fcber 500 kg. Kleinere Mengen sind preislich deutlich h\u00f6her.<\/li>\n<li class=\"whitespace-normal\"><strong>Qualit\u00e4t<\/strong>?- Hochreines, kugelf\u00f6rmiges Pulver, das unter streng kontrollierten Bedingungen und mit fortschrittlichen Verfahren hergestellt wird, erfordert einen hohen Preis.<\/li>\n<li class=\"whitespace-normal\"><strong>Anbieter<\/strong>?- Gro\u00dfe, weltweit t\u00e4tige Anbieter bieten aufgrund h\u00f6herer Produktionsvolumina Kostenvorteile im Vergleich zu kleineren Herstellern.<\/li>\n<li class=\"whitespace-normal\"><strong>Geographie<\/strong>?- Die Preise variieren von Region zu Region, wobei Europa und Nordamerika im Vergleich zu Asien h\u00f6herpreisige M\u00e4rkte sind.<\/li>\n<\/ul>\n<p class=\"whitespace-pre-wrap\">Bei kritischen Anwendungen sollten K\u00e4ufer bei der Beschaffung von Ti22Al25Nb-Pulver eher auf Qualit\u00e4t als auf niedrigste Kosten achten.<\/p>\n<h2>Lagerung und Handhabung von Ti22Al25Nb-Pulver<\/h2>\n<p class=\"whitespace-pre-wrap\">Ti22Al25Nb-Pulver erfordert eine sorgf\u00e4ltige Lagerung und Handhabung:<\/p>\n<ul class=\"list-disc pl-8 space-y-2\">\n<li class=\"whitespace-normal\">Sollte in versiegelten Beh\u00e4ltern unter Inertgas wie Argon gelagert werden, um Oxidation zu verhindern<\/li>\n<li class=\"whitespace-normal\">Vermeiden Sie die Anh\u00e4ufung feinen Pulvers, um das Risiko von Staubexplosionen zu minimieren<\/li>\n<li class=\"whitespace-normal\">Verwenden Sie beim Umgang mit Pulver die richtige PSA, Bel\u00fcftung, Erdung und Sicherheitspraktiken.<\/li>\n<li class=\"whitespace-normal\">Kontakt zwischen Pulver und Z\u00fcndquellen wegen Entflammbarkeitsgefahr vermeiden<\/li>\n<li class=\"whitespace-normal\">Befolgen Sie die anwendbaren Sicherheitsrichtlinien aus dem SDB des Lieferanten<\/li>\n<\/ul>\n<p class=\"whitespace-pre-wrap\">Beim Umgang mit diesem hochreaktiven Legierungspulver ist Vorsicht geboten.<\/p>\n<h2>Inspektion und Pr\u00fcfung von Ti22Al25Nb-Pulver<\/h2>\n<p class=\"whitespace-pre-wrap\">Wichtige Tests zur Qualit\u00e4tskontrolle von Ti22Al25Nb-Pulver:<\/p>\n<ul class=\"list-disc pl-8 space-y-2\">\n<li class=\"whitespace-normal\">Chemische Analyse mittels ICP-OES oder XRF, um sicherzustellen, dass die Zusammensetzung den Spezifikationen entspricht<\/li>\n<li class=\"whitespace-normal\">Partikelgr\u00f6\u00dfenverteilung mittels Laserbeugung gem\u00e4\u00df ASTM-Norm B822<\/li>\n<li class=\"whitespace-normal\">Morphologieanalyse durch REM-Bildgebung<\/li>\n<li class=\"whitespace-normal\">Messung des Pulverdurchsatzes mit einem Hall-Durchflussmesser gem\u00e4\u00df ASTM B213 Standard<\/li>\n<li class=\"whitespace-normal\">Dichtemessung mit Helium-Pyknometrie<\/li>\n<li class=\"whitespace-normal\">Analyse von Verunreinigungen durch Inertgasfusion oder ICP-MS<\/li>\n<li class=\"whitespace-normal\">Charakterisierung des Mikrogef\u00fcges durch R\u00f6ntgenbeugung<\/li>\n<\/ul>\n<p class=\"whitespace-pre-wrap\">Gr\u00fcndliche Tests gew\u00e4hrleisten die Konsistenz der Chargen und die Qualit\u00e4t des Pulvers f\u00fcr die vorgesehene Anwendung.<\/p>\n<h2>Vergleich zwischen Ti22Al25Nb- und Inconel 718-Pulvern<\/h2>\n<p class=\"whitespace-pre-wrap\">Ti22Al25Nb und Inconel 718-Pulver im Vergleich:<\/p>\n<table>\n<thead>\n<tr>\n<th>Parameter<\/th>\n<th>Ti22Al25Nb<\/th>\n<th>Inconel 718<\/th>\n<\/tr>\n<\/thead>\n<tbody>\n<tr>\n<td>Dichte<\/td>\n<td>3,7-3,9 g\/cm3<\/td>\n<td>8,2 g\/cm3<\/td>\n<\/tr>\n<tr>\n<td>Hohe Temperaturbest\u00e4ndigkeit<\/td>\n<td>Vergleichbar<\/td>\n<td>Vergleichbar<\/td>\n<\/tr>\n<tr>\n<td>Oxidationsbest\u00e4ndigkeit<\/td>\n<td>Besser<\/td>\n<td>Gut<\/td>\n<\/tr>\n<tr>\n<td>Kosten<\/td>\n<td>H\u00f6her<\/td>\n<td>Niedriger<\/td>\n<\/tr>\n<tr>\n<td>Verarbeitbarkeit<\/td>\n<td>Arm<\/td>\n<td>Ausgezeichnet<\/td>\n<\/tr>\n<tr>\n<td>ANWENDUNGEN<\/td>\n<td>Komponenten f\u00fcr die Luft- und Raumfahrt<\/td>\n<td>Luft- und Raumfahrt, Fahrzeugbau<\/td>\n<\/tr>\n<tr>\n<td>Verf\u00fcgbarkeit<\/td>\n<td>Mittelm\u00e4ssig<\/td>\n<td>Leicht verf\u00fcgbar<\/td>\n<\/tr>\n<\/tbody>\n<\/table>\n<p>&nbsp;<\/p>\n<p class=\"whitespace-pre-wrap\">Ti22Al25Nb bietet Gewichtseinsparungen gegen\u00fcber Inconel 718. Aber die Verarbeitbarkeit ist schlecht und die Kosten f\u00fcr Titanaluminidpulver sind h\u00f6her.<\/p>\n<h2>Ti22Al25Nb-Pulver FAQs<\/h2>\n<p class=\"whitespace-pre-wrap\"><strong>F: Wie wird Ti22Al25Nb-Pulver hergestellt?<\/strong><\/p>\n<p class=\"whitespace-pre-wrap\">A: Ti22Al25Nb-Pulver wird kommerziell durch Gaszerst\u00e4ubung, Plasmadrehelektrodenverfahren und mechanisches Legieren mit anschlie\u00dfendem Gl\u00fchen und Sekund\u00e4rzerst\u00e4ubung hergestellt.<\/p>\n<p class=\"whitespace-pre-wrap\"><strong>F: Was sind die wichtigsten Anwendungen von Ti22Al25Nb-Pulver?<\/strong><\/p>\n<p class=\"whitespace-pre-wrap\">A: Zu den wichtigsten Anwendungen geh\u00f6ren die additive Fertigung, das thermische Spritzen von Beschichtungen, der Metall-Spritzguss und die Pulvermetallurgie zur Herstellung leichter Strukturteile, die eine hohe Temperaturbest\u00e4ndigkeit erfordern.<\/p>\n<p class=\"whitespace-pre-wrap\"><strong>F: Was ist die typische Partikelgr\u00f6\u00dfe bei AM?<\/strong><\/p>\n<p class=\"whitespace-pre-wrap\">A: F\u00fcr die meisten Metall-AM-Prozesse liegt der ideale Ti22Al25Nb-Pulvergr\u00f6\u00dfenbereich bei 15-45 Mikrometern mit hoher Reinheit, kugelf\u00f6rmiger Morphologie und gutem Pulverfluss.<\/p>\n<p class=\"whitespace-pre-wrap\"><strong>F: Erfordert Ti22Al25Nb-Pulver besondere Vorsichtsma\u00dfnahmen bei der Handhabung?<\/strong><\/p>\n<p class=\"whitespace-pre-wrap\">A: Ja, es ist hochreaktiv und erfordert eine sorgf\u00e4ltige Handhabung unter inerter Atmosph\u00e4re mit Bel\u00fcftung, Erdung und PSA, um Brand- und Explosionsgefahren zu vermeiden.<\/p>\n<p class=\"whitespace-pre-wrap\"><strong>F: Wo kann ich Ti22Al25Nb-Pulver f\u00fcr Luft- und Raumfahrtanwendungen kaufen?<\/strong><\/p>\n<p class=\"whitespace-pre-wrap\">A: F\u00fcr Luft- und Raumfahrtteile, die leicht und hochfest sein m\u00fcssen, kann Ti22Al25Nb-Pulver von f\u00fchrenden Herstellern wie AP&amp;C, TLS Technik, Sandvik Osprey und Tekna bezogen werden.<\/p>\n<p><\/span><\/span><\/p>","protected":false},"excerpt":{"rendered":"<p>\u00dcberblick \u00fcber Ti22Al25Nb-Pulver Ti22Al25Nb geh\u00f6rt zur Klasse der Titanaluminid-Legierungen, die attraktive Eigenschaften wie hohe spezifische Festigkeit, gute Kriechfestigkeit, Oxidationsbest\u00e4ndigkeit und die F\u00e4higkeit, extremen Temperaturen zu widerstehen, aufweisen. Das nahezu \u00e4quiatome Verh\u00e4ltnis von Titan und Aluminium bietet eine ausgewogene Kombination aus geringem Gewicht, Festigkeit und Umweltbest\u00e4ndigkeit bei hohen Temperaturen. Wesentliche Merkmale...<\/p>","protected":false},"featured_media":1781,"parent":0,"template":"","meta":{"_acf_changed":false,"_kad_blocks_custom_css":"","_kad_blocks_head_custom_js":"","_kad_blocks_body_custom_js":"","_kad_blocks_footer_custom_js":"","_kad_post_transparent":"","_kad_post_title":"","_kad_post_layout":"","_kad_post_sidebar_id":"","_kad_post_content_style":"","_kad_post_vertical_padding":"","_kad_post_feature":"","_kad_post_feature_position":"","_kad_post_header":false,"_kad_post_footer":false,"_kad_post_classname":""},"product-category":[119,128],"class_list":["post-3889","product","type-product","status-publish","has-post-thumbnail","hentry","product-category-3d-printing-metal-powder","product-category-imcintermetallic-compound-powder"],"acf":[],"taxonomy_info":{"product-category":[{"value":119,"label":"3D Printing Metal Powder"},{"value":128,"label":"IMC(Intermetallic Compound Powder)"}]},"featured_image_src_large":["https:\/\/3dpmetal.com\/wp-content\/uploads\/2024\/02\/Ti22Al25Nb-Powder.png",842,756,false],"author_info":[],"comment_info":"","_links":{"self":[{"href":"https:\/\/3dpmetal.com\/de\/wp-json\/wp\/v2\/product\/3889","targetHints":{"allow":["GET"]}}],"collection":[{"href":"https:\/\/3dpmetal.com\/de\/wp-json\/wp\/v2\/product"}],"about":[{"href":"https:\/\/3dpmetal.com\/de\/wp-json\/wp\/v2\/types\/product"}],"wp:featuredmedia":[{"embeddable":true,"href":"https:\/\/3dpmetal.com\/de\/wp-json\/wp\/v2\/media\/1781"}],"wp:attachment":[{"href":"https:\/\/3dpmetal.com\/de\/wp-json\/wp\/v2\/media?parent=3889"}],"wp:term":[{"taxonomy":"product-category","embeddable":true,"href":"https:\/\/3dpmetal.com\/de\/wp-json\/wp\/v2\/product-category?post=3889"}],"curies":[{"name":"wp","href":"https:\/\/api.w.org\/{rel}","templated":true}]}}