{"id":3892,"date":"2024-03-18T06:10:10","date_gmt":"2024-03-18T06:10:10","guid":{"rendered":"https:\/\/3dp.45612300.xyz\/product\/feconicrmn-powder\/"},"modified":"2024-03-18T06:10:10","modified_gmt":"2024-03-18T06:10:10","slug":"feconicrmn-powder","status":"publish","type":"product","link":"https:\/\/3dpmetal.com\/de\/product\/feconicrmn-powder\/","title":{"rendered":"FeCoNiCrMn-Pulver"},"content":{"rendered":"<p><span style=\"vertical-align: inherit;\"><span style=\"vertical-align: inherit;\"><\/p>\n<h2>\u00dcberblick \u00fcber FeCoNiCrMn-Pulver<\/h2>\n<p class=\"whitespace-pre-wrap\">FeCoNiCrMn geh\u00f6rt zu einer Klasse von Legierungen mit mehreren Hauptelementen, die als Legierungen mit hoher Entropie bekannt sind. Die nahezu \u00e4quiatomische Zusammensetzung bietet eine hohe Konfigurationsentropie, die zu ausgezeichneter Festigkeit, Z\u00e4higkeit und Stabilit\u00e4t bei hohen Temperaturen f\u00fchrt.<\/p>\n<p class=\"whitespace-pre-wrap\">Zu den wichtigsten Eigenschaften von FeCoNiCrMn-Pulver geh\u00f6ren:<\/p>\n<ul class=\"list-disc pl-8 space-y-2\">\n<li class=\"whitespace-normal\">Au\u00dfergew\u00f6hnliche Hochtemperaturfestigkeit und Kriechfestigkeit<\/li>\n<li class=\"whitespace-normal\">Ausgezeichnete Erm\u00fcdungsfestigkeit und Bruchz\u00e4higkeit<\/li>\n<li class=\"whitespace-normal\">Au\u00dfergew\u00f6hnliche Oxidations- und Korrosionsbest\u00e4ndigkeit<\/li>\n<li class=\"whitespace-normal\">Hohe mikrostrukturelle Stabilit\u00e4t bei erh\u00f6hter Temperatur<\/li>\n<li class=\"whitespace-normal\">Erh\u00e4ltlich in einer Reihe von Partikelgr\u00f6\u00dfenverteilungen und Morphologien<\/li>\n<\/ul>\n<p class=\"whitespace-pre-wrap\">FeCoNiCrMn-Pulver eignet sich f\u00fcr Hochtemperaturbauteile, Schutzbeschichtungen, thermisches Spritzen, Schwei\u00dfen, additive Fertigung und andere anspruchsvolle Anwendungen bei hohen Temperaturen.<\/p>\n<h2>Zusammensetzung von FeCoNiCrMn-Pulver<\/h2>\n<p class=\"whitespace-pre-wrap\">FeCoNiCrMn-Pulver hat die nominale Zusammensetzung:<\/p>\n<table>\n<thead>\n<tr>\n<th>Element<\/th>\n<th>Komposition<\/th>\n<\/tr>\n<\/thead>\n<tbody>\n<tr>\n<td>Eisen (Fe)<\/td>\n<td>20-25%<\/td>\n<\/tr>\n<tr>\n<td>Cobalt (Co)<\/td>\n<td>20-25%<\/td>\n<\/tr>\n<tr>\n<td>Nickel (Ni)<\/td>\n<td>20-25%<\/td>\n<\/tr>\n<tr>\n<td>Chrom (Cr)<\/td>\n<td>15-20%<\/td>\n<\/tr>\n<tr>\n<td>Mangan (Mn)<\/td>\n<td>10-15%<\/td>\n<\/tr>\n<tr>\n<td>Kohlenstoff (C)<\/td>\n<td>&lt;0,5%<\/td>\n<\/tr>\n<tr>\n<td>Silizium (Si)<\/td>\n<td>&lt;1 %<\/td>\n<\/tr>\n<\/tbody>\n<\/table>\n<p><img loading=\"lazy\" decoding=\"async\" class=\"size-medium wp-image-1409 aligncenter\" src=\"https:\/\/met3dp.com\/wp-content\/uploads\/2023\/09\/ed7a94ec-3c10-4b1b-87ed--300x300.jpg\" alt=\"FeCoNiCrMn-Pulver\" width=\"300\" height=\"300\" title=\"\"><\/p>\n<p class=\"whitespace-pre-wrap\">Die Zusammensetzung mit hoher Entropie f\u00fchrt zu einer h\u00f6heren thermischen Stabilit\u00e4t und besseren mechanischen Eigenschaften als bei herk\u00f6mmlichen Legierungen. Verunreinigungen werden auf ein Minimum reduziert.<\/p>\n<h2>Eigenschaften von FeCoNiCrMn-Pulver<\/h2>\n<p class=\"whitespace-pre-wrap\">FeCoNiCrMn-Pulver besitzt die folgenden Eigenschaften:<\/p>\n<table>\n<thead>\n<tr>\n<th>Immobilie<\/th>\n<th>Wert<\/th>\n<\/tr>\n<\/thead>\n<tbody>\n<tr>\n<td>Dichte<\/td>\n<td>8,0-8,3 g\/cm3<\/td>\n<\/tr>\n<tr>\n<td>Schmelzpunkt<\/td>\n<td>1300-1400\u00ab\u00a1C<\/td>\n<\/tr>\n<tr>\n<td>W\u00e4rmeleitf\u00e4higkeit<\/td>\n<td>15-25 W\/mK<\/td>\n<\/tr>\n<tr>\n<td>Elektrischer Widerstand<\/td>\n<td>70-90 cm<\/td>\n<\/tr>\n<tr>\n<td>Elastizit\u00e4tsmodul<\/td>\n<td>200-220 GPa<\/td>\n<\/tr>\n<tr>\n<td>Poissonzahl<\/td>\n<td>0.28-0.30<\/td>\n<\/tr>\n<tr>\n<td>Zugfestigkeit<\/td>\n<td>750-1200 MPa<\/td>\n<\/tr>\n<tr>\n<td>Streckgrenze<\/td>\n<td>500-900 MPa<\/td>\n<\/tr>\n<tr>\n<td>Verl\u00e4ngerung<\/td>\n<td>20-35%<\/td>\n<\/tr>\n<tr>\n<td>H\u00e4rte<\/td>\n<td>35-50 HRC<\/td>\n<\/tr>\n<\/tbody>\n<\/table>\n<p>&nbsp;<\/p>\n<p class=\"whitespace-pre-wrap\">Die Eigenschaften wie Festigkeit, Duktilit\u00e4t, Erm\u00fcdungsfestigkeit und H\u00e4rte bleiben bis zu Temperaturen von \u00fcber 1000\u00a1\"C erhalten.<\/p>\n<h2>Herstellungsverfahren f\u00fcr FeCoNiCrMn-Pulver<\/h2>\n<p class=\"whitespace-pre-wrap\">Typische Herstellungsverfahren f\u00fcr FeCoNiCrMn-Pulver sind:<\/p>\n<ul class=\"list-disc pl-8 space-y-2\">\n<li class=\"whitespace-normal\"><strong>Gasverd\u00fcsung<\/strong>?- Hochdruck-Inertgas, das zur Zerst\u00e4ubung der geschmolzenen Legierung verwendet wird, um feines kugelf\u00f6rmiges Pulver mit guter Flie\u00dff\u00e4higkeit und Packungsdichte zu erzeugen.<\/li>\n<li class=\"whitespace-normal\"><strong>Wasserzerst\u00e4ubung<\/strong>?- Der Hochgeschwindigkeits-Wasserstrahl zerlegt den geschmolzenen Metallstrom in feine, unregelm\u00e4\u00dfige Pulverpartikel. Geringere Kosten, aber h\u00f6here Sauerstoffaufnahme.<\/li>\n<li class=\"whitespace-normal\"><strong>Mechanisches Legieren<\/strong>?- Kugelmahlen von gemischten Elementpulvern mit anschlie\u00dfendem Sintern und sekund\u00e4rer Atomisierung.<\/li>\n<\/ul>\n<p class=\"whitespace-pre-wrap\">Die Gasverd\u00fcsung bietet die beste Kontrolle \u00fcber Pulvereigenschaften wie Partikelgr\u00f6\u00dfenverteilung, Morphologie, Reinheit und Mikrostruktur.<\/p>\n<h2>Anwendungen von FeCoNiCrMn-Pulver<\/h2>\n<p class=\"whitespace-pre-wrap\">FeCoNiCrMn-Pulver wird unter anderem f\u00fcr Hochtemperaturanwendungen verwendet:<\/p>\n<ul class=\"list-disc pl-8 space-y-2\">\n<li class=\"whitespace-normal\"><strong>Additive Fertigung<\/strong>?- Selektives Laserschmelzen zur Herstellung komplexer Teile, die eine au\u00dfergew\u00f6hnliche Hochtemperaturfestigkeit erfordern, z. B. f\u00fcr die Luft- und Raumfahrt oder die Automobilindustrie.<\/li>\n<li class=\"whitespace-normal\"><strong>Thermische Spritzbeschichtung<\/strong>?- Drahtbogenspritzen zur Abscheidung dicker Schutzschichten, die Verschlei\u00df-\/Korrosionsbest\u00e4ndigkeit bei erh\u00f6hten Temperaturen von \u00fcber 750\u00a1\"C bieten.<\/li>\n<li class=\"whitespace-normal\"><strong>L\u00f6tf\u00fcllmateriale<\/strong>?- Zum Verbinden von Hochtemperaturlegierungen und Keramiken aufgrund seiner Oxidationsbest\u00e4ndigkeit.<\/li>\n<li class=\"whitespace-normal\"><strong>Schwei\u00dfzusatzwerkstoffe<\/strong>?- Bietet eine hervorragende Schwei\u00dfnahtfestigkeit und Haltbarkeit bei hohen Temperaturen oder korrosiven Betriebsbedingungen.<\/li>\n<li class=\"whitespace-normal\"><strong>Vorrichtungen f\u00fcr die W\u00e4rmebehandlung<\/strong>?- Pulvermetallurgische Tabletts, K\u00f6rbe, Vorrichtungen f\u00fcr W\u00e4rmebehandlungs\u00f6fen.<\/li>\n<\/ul>\n<h2>Spezifikationen von FeCoNiCrMn-Pulver<\/h2>\n<p class=\"whitespace-pre-wrap\">FeCoNiCrMn-Pulver ist in verschiedenen Gr\u00f6\u00dfenbereichen, Formen, Qualit\u00e4ten und Reinheitsgraden erh\u00e4ltlich:<\/p>\n<ul class=\"list-disc pl-8 space-y-2\">\n<li class=\"whitespace-normal\"><strong>Teilchengr\u00f6\u00dfe:<\/strong>Von 10-45 \u00c3\u00d7m f\u00fcr AM-Verfahren, bis zu 150 \u00c3\u00d7m f\u00fcr thermische Spritzverfahren.<\/li>\n<li class=\"whitespace-normal\"><strong>Morphologie:<\/strong>?kugelf\u00f6rmige, unregelm\u00e4\u00dfige und gemischte Formen. Kugelf\u00f6rmiges Pulver bietet optimale Flie\u00dff\u00e4higkeit und Packungsdichte.<\/li>\n<li class=\"whitespace-normal\"><strong>Reinheit:<\/strong>Von handels\u00fcblichen Reinheitsgraden bis hin zu ultrahochreinen Sorten, die auf strengen chemischen Analysen und Anwendungsanforderungen basieren.<\/li>\n<li class=\"whitespace-normal\"><strong>Oberfl\u00e4che:<\/strong>? Geringe Oberfl\u00e4che wird bevorzugt, um w\u00e4hrend der Handhabung und Lagerung Oxidation zu minimieren.<\/li>\n<li class=\"whitespace-normal\"><strong>Noten:<\/strong>Ma\u00dfgeschneiderte Zusammensetzung und Pulvereigenschaften, die auf die beabsichtigte Anwendung und Verarbeitungsmethode zugeschnitten sind.<\/li>\n<\/ul>\n<h2>Globale Anbieter von FeCoNiCrMn-Pulver<\/h2>\n<p class=\"whitespace-pre-wrap\">Zu den wichtigsten globalen Anbietern von FeCoNiCrMn-Pulver geh\u00f6ren:<\/p>\n<ul class=\"list-disc pl-8 space-y-2\">\n<li class=\"whitespace-normal\">Sandvik Osprey (UK)<\/li>\n<li class=\"whitespace-normal\">Erasteel (Frankreich)<\/li>\n<li class=\"whitespace-normal\">Tekna (Kanada)<\/li>\n<li class=\"whitespace-normal\">Edgetech Industries (USA)<\/li>\n<li class=\"whitespace-normal\">CNPC Powder (China)<\/li>\n<li class=\"whitespace-normal\">H\u00f6gan\u00e4s (Schweden)<\/li>\n<li class=\"whitespace-normal\">AMETEK (US)<\/li>\n<\/ul>\n<p class=\"whitespace-pre-wrap\">Diese Unternehmen stellen verschiedene Qualit\u00e4ten von FeCoNiCrMn-Pulver durch Gasverd\u00fcsung, Wasserverd\u00fcsung und mechanische Legierungsverfahren her, die f\u00fcr anspruchsvolle Anwendungen geeignet sind.<\/p>\n<h2>Preisgestaltung von FeCoNiCrMn-Pulver<\/h2>\n<p class=\"whitespace-pre-wrap\">Die Preise f\u00fcr FeCoNiCrMn-Pulver sind abh\u00e4ngig von Faktoren wie:<\/p>\n<ul class=\"list-disc pl-8 space-y-2\">\n<li class=\"whitespace-normal\">Zusammensetzung, Reinheitsgrade<\/li>\n<li class=\"whitespace-normal\">Korngr\u00f6\u00dfenverteilung und Form<\/li>\n<li class=\"whitespace-normal\">Produktionsverfahren<\/li>\n<li class=\"whitespace-normal\">Bestellmenge<\/li>\n<li class=\"whitespace-normal\">Hersteller und geografischer Standort<\/li>\n<\/ul>\n<table>\n<thead>\n<tr>\n<th>Note<\/th>\n<th>Preisspanne<\/th>\n<\/tr>\n<\/thead>\n<tbody>\n<tr>\n<td>Commercial<\/td>\n<td>100-150 \u20ac pro kg<\/td>\n<\/tr>\n<tr>\n<td>Hohe Reinheit<\/td>\n<td>$150-300 pro kg<\/td>\n<\/tr>\n<tr>\n<td>Ultrafein<\/td>\n<td>$300-500 pro kg<\/td>\n<\/tr>\n<tr>\n<td>Extra<\/td>\n<td>$500-1000 pro kg<\/td>\n<\/tr>\n<\/tbody>\n<\/table>\n<p>&nbsp;<\/p>\n<p class=\"whitespace-pre-wrap\">Gaszerst\u00e4ubte, kontrollierte Partikelgr\u00f6\u00dfen, hochreine Pulver sind im Vergleich zu Handelsklassen viel teurer.<\/p>\n<h2>Lagerung und Handhabung von FeCoNiCrMn-Pulver<\/h2>\n<p class=\"whitespace-pre-wrap\">FeCoNiCrMn-Pulver erfordert eine sorgf\u00e4ltige Lagerung und Handhabung:<\/p>\n<ul class=\"list-disc pl-8 space-y-2\">\n<li class=\"whitespace-normal\">Sollte in versiegelten Beh\u00e4ltern unter Schutzgas gelagert werden, um Oxidation zu verhindern<\/li>\n<li class=\"whitespace-normal\">Notwendigkeit, die Gefahr von Staubexplosionen durch die Ansammlung von feinem Pulver zu kontrollieren<\/li>\n<li class=\"whitespace-normal\">Verwenden Sie bei der Handhabung von Pulver die richtige PSA, Bel\u00fcftung und Sicherheitspraktiken.<\/li>\n<li class=\"whitespace-normal\">Verhindern Sie den Kontakt von Pulver mit inkompatiblen Materialien<\/li>\n<li class=\"whitespace-normal\">Befolgen Sie die anwendbaren Sicherheitsrichtlinien aus dem SDB des Lieferanten<\/li>\n<\/ul>\n<p class=\"whitespace-pre-wrap\">Beim Umgang mit diesem reaktiven Legierungspulver sind angemessene Schutzma\u00dfnahmen unerl\u00e4sslich.<\/p>\n<h2>Inspektion und Pr\u00fcfung von FeCoNiCrMn-Pulver<\/h2>\n<p class=\"whitespace-pre-wrap\">Wichtige Tests zur Qualit\u00e4tskontrolle von FeCoNiCrMn-Pulver:<\/p>\n<ul class=\"list-disc pl-8 space-y-2\">\n<li class=\"whitespace-normal\">Chemische Analyse mit OES oder XRF, um sicherzustellen, dass die Zusammensetzung innerhalb der zul\u00e4ssigen Grenzen liegt<\/li>\n<li class=\"whitespace-normal\">Partikelgr\u00f6\u00dfenverteilung mittels Laserbeugung gem\u00e4\u00df ASTM-Norm B822<\/li>\n<li class=\"whitespace-normal\">Morphologieanalyse durch REM-Bildgebung<\/li>\n<li class=\"whitespace-normal\">Pulverflie\u00dfratenmessung gem\u00e4\u00df ASTM B213-Standard<\/li>\n<li class=\"whitespace-normal\">Dichtebestimmung mittels Helium-Pyknometrie<\/li>\n<li class=\"whitespace-normal\">Verunreinigungstests mit ICP-MS<\/li>\n<li class=\"whitespace-normal\">Mikrostrukturelle Charakterisierung durch XRD-Phasenanalyse<\/li>\n<\/ul>\n<p class=\"whitespace-pre-wrap\">Durchg\u00e4ngige Pr\u00fcfungen verifizieren die Pulverqualit\u00e4t und Gleichm\u00e4\u00dfigkeit f\u00fcr bestimmte Anwendungen mit hoher Temperatur.<\/p>\n<h2>Vergleich zwischen FeCoNiCrMn- und Inconel 718-Pulvern<\/h2>\n<p class=\"whitespace-pre-wrap\">FeCoNiCrMn- und Inconel 718-Pulver im Vergleich:<\/p>\n<table>\n<thead>\n<tr>\n<th>Parameter<\/th>\n<th>FeCoNiCrMn<\/th>\n<th>Inconel 718<\/th>\n<\/tr>\n<\/thead>\n<tbody>\n<tr>\n<td>Komposition<\/td>\n<td>Legierung mit hoher Entropie<\/td>\n<td>Ni-Cr-Nb-Legierung<\/td>\n<\/tr>\n<tr>\n<td>Kosten<\/td>\n<td>H\u00f6her<\/td>\n<td>Niedriger<\/td>\n<\/tr>\n<tr>\n<td>Hohe Temperaturbest\u00e4ndigkeit<\/td>\n<td>Viel besser<\/td>\n<td>Sehr gut bis zu 700\u00a1\"C<\/td>\n<\/tr>\n<tr>\n<td>Korrosionsbest\u00e4ndigkeit<\/td>\n<td>Vergleichbar<\/td>\n<td>Vergleichbar<\/td>\n<\/tr>\n<tr>\n<td>Verarbeitbarkeit<\/td>\n<td>Mittelm\u00e4ssig<\/td>\n<td>Ausgezeichnet<\/td>\n<\/tr>\n<tr>\n<td>ANWENDUNGEN<\/td>\n<td>Thermisches Spritzen, AM<\/td>\n<td>Luft- und Raumfahrt-Bauteile, Federn<\/td>\n<\/tr>\n<tr>\n<td>Verf\u00fcgbarkeit<\/td>\n<td>Mittelm\u00e4ssig<\/td>\n<td>Leicht verf\u00fcgbar<\/td>\n<\/tr>\n<\/tbody>\n<\/table>\n<p>&nbsp;<\/p>\n<p class=\"whitespace-pre-wrap\">FeCoNiCrMn bietet eine \u00fcberlegene Hochtemperaturfestigkeit, w\u00e4hrend Inconel 718 eine bessere Verarbeitbarkeit und Verf\u00fcgbarkeit aufweist.<\/p>\n<h2>FAQs zu FeCoNiCrMn-Pulver<\/h2>\n<p class=\"whitespace-pre-wrap\"><strong>F: Wie wird FeCoNiCrMn-Pulver hergestellt?<\/strong><\/p>\n<p class=\"whitespace-pre-wrap\">A: FeCoNiCrMn-Pulver wird kommerziell durch Gasverd\u00fcsung, Wasserverd\u00fcsung und mechanisches Legieren mit anschlie\u00dfender Sinterung hergestellt. Die Gasverd\u00fcsung bietet die besten Pulvereigenschaften.<\/p>\n<p class=\"whitespace-pre-wrap\"><strong>F: Was sind die wichtigsten Anwendungen f\u00fcr FeCoNiCrMn-Pulver?<\/strong><\/p>\n<p class=\"whitespace-pre-wrap\">A: Zu den Hauptanwendungen geh\u00f6ren die additive Fertigung, thermische Spritzbeschichtungen, Hartl\u00f6tzusatzwerkstoffe, Hochtemperaturschwei\u00dfen und pulvermetallurgische Warmarbeitswerkzeuge, bei denen eine au\u00dfergew\u00f6hnliche Hochtemperaturfestigkeit erforderlich ist.<\/p>\n<p class=\"whitespace-pre-wrap\"><strong>F: Welche Partikelgr\u00f6\u00dfe wird f\u00fcr das thermische Spritzen empfohlen?<\/strong><\/p>\n<p class=\"whitespace-pre-wrap\">A: F\u00fcr die meisten thermischen Spritzverfahren wird f\u00fcr FeCoNiCrMn-Pulver ein Partikelgr\u00f6\u00dfenbereich von 45-150 Mikrometern bevorzugt, um die Abscheidungseffizienz und die Beschichtungseigenschaften zu maximieren.<\/p>\n<p class=\"whitespace-pre-wrap\"><strong>F: Erfordert FeCoNiCrMn-Pulver besondere Vorsichtsma\u00dfnahmen bei der Handhabung?<\/strong><\/p>\n<p class=\"whitespace-pre-wrap\">A: Ja, ordnungsgem\u00e4\u00dfe Schutzma\u00dfnahmen sind bei der Handhabung dieses reaktiven Feinlegierungspulvers unerl\u00e4sslich, einschlie\u00dflich Inertgasatmosph\u00e4re, Erdung, Bel\u00fcftung und PSA.<\/p>\n<p class=\"whitespace-pre-wrap\"><strong>F: Wo kann ich FeCoNiCrMn-Pulver f\u00fcr die additive Fertigung kaufen?<\/strong><\/p>\n<p class=\"whitespace-pre-wrap\">A: F\u00fcr AM-Anwendungen, die eine hohe Temperaturfestigkeit erfordern, kann feines FeCoNiCrMn-Pulver von f\u00fchrenden Herstellern wie Sandvik, Erasteel, Tekna und Edgetech Industries bezogen werden.<\/p>\n<div id=\"gtx-trans\" style=\"position: absolute; left: -113px; top: 59.8125px;\">\n<div class=\"gtx-trans-icon\"><\/div>\n<\/div>\n<p><\/span><\/span><\/p>","protected":false},"excerpt":{"rendered":"<p>\u00dcberblick \u00fcber FeCoNiCrMn-Pulver FeCoNiCrMn geh\u00f6rt zu einer Klasse von Legierungen mit mehreren Hauptelementen, die als Legierungen mit hoher Entropie bekannt sind. Die nahezu \u00e4quiatomische Zusammensetzung bietet eine hohe Konfigurationsentropie, die zu ausgezeichneter Festigkeit, Z\u00e4higkeit und Stabilit\u00e4t bei hohen Temperaturen f\u00fchrt. Zu den wichtigsten Eigenschaften von FeCoNiCrMn-Pulver geh\u00f6ren: Au\u00dfergew\u00f6hnliche Hochtemperaturfestigkeit und Kriechbest\u00e4ndigkeit Hervorragende Dauerfestigkeit und Bruchz\u00e4higkeit Hervorragende...<\/p>","protected":false},"featured_media":1787,"parent":0,"template":"","meta":{"_acf_changed":false,"_kad_blocks_custom_css":"","_kad_blocks_head_custom_js":"","_kad_blocks_body_custom_js":"","_kad_blocks_footer_custom_js":"","_kad_post_transparent":"","_kad_post_title":"","_kad_post_layout":"","_kad_post_sidebar_id":"","_kad_post_content_style":"","_kad_post_vertical_padding":"","_kad_post_feature":"","_kad_post_feature_position":"","_kad_post_header":false,"_kad_post_footer":false,"_kad_post_classname":""},"product-category":[119,127],"class_list":["post-3892","product","type-product","status-publish","has-post-thumbnail","hentry","product-category-3d-printing-metal-powder","product-category-high-entropy-alloy-powder"],"acf":[],"taxonomy_info":{"product-category":[{"value":119,"label":"3D Printing Metal Powder"},{"value":127,"label":"High Entropy Alloy Powder"}]},"featured_image_src_large":["https:\/\/3dpmetal.com\/wp-content\/uploads\/2024\/02\/FeCoNiCrMn-powder.jpg",600,600,false],"author_info":[],"comment_info":"","_links":{"self":[{"href":"https:\/\/3dpmetal.com\/de\/wp-json\/wp\/v2\/product\/3892","targetHints":{"allow":["GET"]}}],"collection":[{"href":"https:\/\/3dpmetal.com\/de\/wp-json\/wp\/v2\/product"}],"about":[{"href":"https:\/\/3dpmetal.com\/de\/wp-json\/wp\/v2\/types\/product"}],"wp:featuredmedia":[{"embeddable":true,"href":"https:\/\/3dpmetal.com\/de\/wp-json\/wp\/v2\/media\/1787"}],"wp:attachment":[{"href":"https:\/\/3dpmetal.com\/de\/wp-json\/wp\/v2\/media?parent=3892"}],"wp:term":[{"taxonomy":"product-category","embeddable":true,"href":"https:\/\/3dpmetal.com\/de\/wp-json\/wp\/v2\/product-category?post=3892"}],"curies":[{"name":"wp","href":"https:\/\/api.w.org\/{rel}","templated":true}]}}