{"id":3893,"date":"2024-03-18T06:10:10","date_gmt":"2024-03-18T06:10:10","guid":{"rendered":"https:\/\/3dp.45612300.xyz\/product\/feconicral-powder\/"},"modified":"2024-03-18T06:10:10","modified_gmt":"2024-03-18T06:10:10","slug":"feconicral-powder","status":"publish","type":"product","link":"https:\/\/3dpmetal.com\/de\/product\/feconicral-powder\/","title":{"rendered":"FeCoNiCrAl-Pulver"},"content":{"rendered":"<p><span style=\"vertical-align: inherit;\"><span style=\"vertical-align: inherit;\"><\/p>\n<h2>\u00dcberblick \u00fcber FeCoNiCrAl-Pulver<\/h2>\n<p class=\"whitespace-pre-wrap\">FeCoNiCrAl ist eine quin\u00e4re Legierung, die sich durch gute mechanische Eigenschaften, Oxidationsbest\u00e4ndigkeit und Gef\u00fcgestabilit\u00e4t bei hohen Temperaturen auszeichnet. Eisen und Kobalt sorgen f\u00fcr Festigkeit. Nickel erh\u00f6ht die Z\u00e4higkeit und Duktilit\u00e4t. Chrom sorgt f\u00fcr eine ausgezeichnete Oxidations- und Korrosionsbest\u00e4ndigkeit. Aluminium verbessert die mechanischen Eigenschaften bei hohen Temperaturen.<\/p>\n<p class=\"whitespace-pre-wrap\">Zu den wichtigsten Eigenschaften von FeCoNiCrAl-Pulver geh\u00f6ren:<\/p>\n<ul class=\"list-disc pl-8 space-y-2\">\n<li class=\"whitespace-normal\">Ausgezeichnete Hochtemperaturfestigkeit und Kriechbest\u00e4ndigkeit<\/li>\n<li class=\"whitespace-normal\">Gute Umweltstabilit\u00e4t und thermische Erm\u00fcdungsfestigkeit<\/li>\n<li class=\"whitespace-normal\">Hohe H\u00e4rte, Verschlei\u00dffestigkeit und Abriebfestigkeit<\/li>\n<li class=\"whitespace-normal\">Gute Verformbarkeit und Verarbeitbarkeit<\/li>\n<li class=\"whitespace-normal\">Erh\u00e4ltlich in einer Reihe von Partikelgr\u00f6\u00dfen und Morphologien<\/li>\n<\/ul>\n<p class=\"whitespace-pre-wrap\">FeCoNiCrAl-Pulver eignet sich f\u00fcr Schutzbeschichtungen, thermisches Spritzen, Schwei\u00dfen, Hartl\u00f6ten und strukturelle Hochtemperaturanwendungen, die thermische und Umweltbest\u00e4ndigkeit erfordern.<\/p>\n<h2>Zusammensetzung von FeCoNiCrAl-Pulver<\/h2>\n<p class=\"whitespace-pre-wrap\">FeCoNiCrAl-Pulver hat die nominale Zusammensetzung:<\/p>\n<table>\n<thead>\n<tr>\n<th>Element<\/th>\n<th>Komposition<\/th>\n<\/tr>\n<\/thead>\n<tbody>\n<tr>\n<td>Eisen (Fe)<\/td>\n<td>Balanse<\/td>\n<\/tr>\n<tr>\n<td>Cobalt (Co)<\/td>\n<td>35-50%<\/td>\n<\/tr>\n<tr>\n<td>Nickel (Ni)<\/td>\n<td>10-30%<\/td>\n<\/tr>\n<tr>\n<td>Chrom (Cr)<\/td>\n<td>8-12%<\/td>\n<\/tr>\n<tr>\n<td>Aluminium (Al)<\/td>\n<td>1-5%<\/td>\n<\/tr>\n<tr>\n<td>Kohlenstoff (C)<\/td>\n<td>&lt;0,5%<\/td>\n<\/tr>\n<tr>\n<td>Silizium (Si)<\/td>\n<td>&lt;1,5%<\/td>\n<\/tr>\n<tr>\n<td>Mangan (Mn)<\/td>\n<td>&lt;1 %<\/td>\n<\/tr>\n<\/tbody>\n<\/table>\n<p><img loading=\"lazy\" decoding=\"async\" class=\"size-medium wp-image-1409 aligncenter\" src=\"https:\/\/met3dp.com\/wp-content\/uploads\/2023\/09\/ed7a94ec-3c10-4b1b-87ed--300x300.jpg\" alt=\"FeCoNiCrAl-Pulver\" width=\"300\" height=\"300\" title=\"\"><\/p>\n<p class=\"whitespace-pre-wrap\">Der Gehalt an Kobalt, Nickel, Chrom und Aluminium kann je nach Anwendung so angepasst werden, dass Hochtemperaturfestigkeit, Z\u00e4higkeit und Umweltbest\u00e4ndigkeit optimiert werden.<\/p>\n<h2>Eigenschaften von FeCoNiCrAl-Pulver<\/h2>\n<p class=\"whitespace-pre-wrap\">Zu den wichtigsten Eigenschaften von FeCoNiCrAl-Pulver geh\u00f6ren:<\/p>\n<table>\n<thead>\n<tr>\n<th>Immobilie<\/th>\n<th>Wert<\/th>\n<\/tr>\n<\/thead>\n<tbody>\n<tr>\n<td>Dichte<\/td>\n<td>7,5-8,2 g\/cm3<\/td>\n<\/tr>\n<tr>\n<td>Schmelzpunkt<\/td>\n<td>1300-1400\u00ab\u00a1C<\/td>\n<\/tr>\n<tr>\n<td>W\u00e4rmeleitf\u00e4higkeit<\/td>\n<td>10-30 W\/mK<\/td>\n<\/tr>\n<tr>\n<td>Elektrischer Widerstand<\/td>\n<td>65\u201385 cm \u00c3\u2014\u00b4\u00ce<\/td>\n<\/tr>\n<tr>\n<td>Elastizit\u00e4tsmodul<\/td>\n<td>190-220 GPa<\/td>\n<\/tr>\n<tr>\n<td>Poissonzahl<\/td>\n<td>0.28-0.32<\/td>\n<\/tr>\n<tr>\n<td>Zugfestigkeit<\/td>\n<td>600\u20131100 MPa<\/td>\n<\/tr>\n<tr>\n<td>Streckgrenze<\/td>\n<td>450-800 MPa<\/td>\n<\/tr>\n<tr>\n<td>Verl\u00e4ngerung<\/td>\n<td>15-30%<\/td>\n<\/tr>\n<tr>\n<td>H\u00e4rte<\/td>\n<td>30-50 HRC<\/td>\n<\/tr>\n<\/tbody>\n<\/table>\n<p>&nbsp;<\/p>\n<p class=\"whitespace-pre-wrap\">Die ausgezeichnete Hochtemperaturfestigkeit, H\u00e4rte, Verschlei\u00dffestigkeit und Umweltstabilit\u00e4t machen es f\u00fcr die anspruchsvollsten Anwendungen geeignet.<\/p>\n<h2>Verfahren zur Herstellung von FeCoNiCrAl-Pulver<\/h2>\n<p class=\"whitespace-pre-wrap\">FeCoNiCrAl-Pulver wird unter Verwendung von:<\/p>\n<ul class=\"list-disc pl-8 space-y-2\">\n<li class=\"whitespace-normal\"><strong>Gasverd\u00fcsung<\/strong>?- Hochdruck-Inertgas zum Zerst\u00e4uben der geschmolzenen Legierung in ein feines, kugelf\u00f6rmiges Pulver f\u00fcr einen hervorragenden Fluss und eine hohe Packungsdichte.<\/li>\n<li class=\"whitespace-normal\"><strong>Wasserzerst\u00e4ubung<\/strong>?- Ein Hochgeschwindigkeits-Wasserstrahl trifft auf einen geschmolzenen Strom und erzeugt feine, unregelm\u00e4\u00dfige Pulverpartikel. Geringere Kosten, aber h\u00f6here Sauerstoffaufnahme.<\/li>\n<li class=\"whitespace-normal\"><strong>Mechanisches Legieren<\/strong>?- Kugelmahlen von elementaren\/vorlegierten Pulvern mit anschlie\u00dfender Sinterung und Gasverd\u00fcsung.<\/li>\n<\/ul>\n<p class=\"whitespace-pre-wrap\">Die Gaszerst\u00e4ubung bietet die beste Kontrolle \u00fcber Partikelgr\u00f6\u00dfenverteilung, Morphologie und Reinheit.<\/p>\n<h2>Anwendungen von FeCoNiCrAl-Pulver<\/h2>\n<p class=\"whitespace-pre-wrap\">Zu den typischen Anwendungen von FeCoNiCrAl-Pulver geh\u00f6ren:<\/p>\n<ul class=\"list-disc pl-8 space-y-2\">\n<li class=\"whitespace-normal\"><strong>Thermische Spritzbeschichtung<\/strong>?- HVOF- oder Plasmaspritzen zur Abscheidung dicker, verschlei\u00dffester Schichten auf Bauteilen, die bei hohen Temperaturen arbeiten.<\/li>\n<li class=\"whitespace-normal\"><strong>Additive Fertigung<\/strong>?- Selektives Laserschmelzen zur Herstellung komplexer Teile f\u00fcr extreme Umgebungen, die eine hohe Temperaturbest\u00e4ndigkeit erfordern.<\/li>\n<li class=\"whitespace-normal\"><strong>L\u00f6tf\u00fcllmateriale<\/strong>?- Zum Verbinden von Baugruppen und Abdichten von Rissen in Teilen, die im Betrieb hohen Temperaturen ausgesetzt sind.<\/li>\n<li class=\"whitespace-normal\"><strong>Schwei\u00dfzusatzwerkstoffe<\/strong>?- Wird als Schwei\u00dfzusatzwerkstoff verwendet, um eine ausgezeichnete Festigkeit bei erh\u00f6hten Temperaturen in geschwei\u00dften Bauteilen zu erzielen.<\/li>\n<li class=\"whitespace-normal\"><strong>Verschlei\u00dfteile<\/strong>?- Pulvermetallurgische Warmarbeitswerkzeuge und Vorrichtungen, die gegen Verschlei\u00df und thermische Erm\u00fcdungsrisse best\u00e4ndig sind.<\/li>\n<li class=\"whitespace-normal\"><strong>Glasverarbeitung<\/strong>?- Rutschen, F\u00f6rderb\u00e4nder und F\u00f6rderer, die in Glasschmelz\u00f6fen verwendet werden.<\/li>\n<\/ul>\n<h2>Spezifikationen von FeCoNiCrAl-Pulver<\/h2>\n<p class=\"whitespace-pre-wrap\">FeCoNiCrAl-Pulver ist in verschiedenen Gr\u00f6\u00dfenbereichen, Morphologien und Qualit\u00e4ten erh\u00e4ltlich:<\/p>\n<ul class=\"list-disc pl-8 space-y-2\">\n<li class=\"whitespace-normal\"><strong>Teilchengr\u00f6\u00dfe:<\/strong>Von 10-45 Mikrometern f\u00fcr AM-Verfahren, bis zu 150 Mikrometern f\u00fcr thermische Spritzverfahren.<\/li>\n<li class=\"whitespace-normal\"><strong>Morphologie:<\/strong>Sph\u00e4rische, unregelm\u00e4\u00dfige und gemischte Formen. Das kugelf\u00f6rmige Pulver hat eine ausgezeichnete Flie\u00dff\u00e4higkeit.<\/li>\n<li class=\"whitespace-normal\"><strong>Reinheit:<\/strong>Von handels\u00fcblicher Reinheit bis hin zu ultrahochreinen Qualit\u00e4ten, die auf strengen chemischen Analysen basieren.<\/li>\n<li class=\"whitespace-normal\"><strong>Oberfl\u00e4che:<\/strong>? Geringe Oberfl\u00e4che wird bevorzugt, um w\u00e4hrend der Handhabung und Lagerung Oxidation zu minimieren.<\/li>\n<li class=\"whitespace-normal\"><strong>Noten:<\/strong>Ma\u00dfgeschneiderte Zusammensetzung und auf die Anwendung zugeschnittene Pulvermetallurgie.<\/li>\n<\/ul>\n<h2>Globale Anbieter von FeCoNiCrAl-Pulver<\/h2>\n<p class=\"whitespace-pre-wrap\">Zu den weltweit wichtigsten Anbietern von FeCoNiCrAl-Pulver geh\u00f6ren:<\/p>\n<ul class=\"list-disc pl-8 space-y-2\">\n<li class=\"whitespace-normal\">Sandvik Osprey (UK)<\/li>\n<li class=\"whitespace-normal\">Erasteel (Frankreich)<\/li>\n<li class=\"whitespace-normal\">Tekna (Kanada)<\/li>\n<li class=\"whitespace-normal\">AMETEK (US)<\/li>\n<li class=\"whitespace-normal\">Edgetech Industries (US)<\/li>\n<li class=\"whitespace-normal\">CNPC Powder (China)<\/li>\n<li class=\"whitespace-normal\">H\u00f6gan\u00e4s (Schweden)<\/li>\n<\/ul>\n<p class=\"whitespace-pre-wrap\">Diese Unternehmen stellen verschiedene Qualit\u00e4ten von FeCoNiCrAl-Pulver durch Gasverd\u00fcsung, Wasserverd\u00fcsung und andere Techniken her, die f\u00fcr AM, thermisches Spritzen, L\u00f6ten und andere anspruchsvolle Anwendungen zugeschnitten sind.<\/p>\n<h2>Preisgestaltung von FeCoNiCrAl-Pulver<\/h2>\n<p class=\"whitespace-pre-wrap\">Die Preise f\u00fcr FeCoNiCrAl-Pulver sind abh\u00e4ngig von Faktoren wie:<\/p>\n<ul class=\"list-disc pl-8 space-y-2\">\n<li class=\"whitespace-normal\">Zusammensetzung, Reinheitsgrade<\/li>\n<li class=\"whitespace-normal\">Pulvergr\u00f6\u00dfe und -morphologie<\/li>\n<li class=\"whitespace-normal\">Produktionsverfahren<\/li>\n<li class=\"whitespace-normal\">Bestellvolumen<\/li>\n<li class=\"whitespace-normal\">Anbieter<\/li>\n<\/ul>\n<table>\n<thead>\n<tr>\n<th>Note<\/th>\n<th>Preisspanne<\/th>\n<\/tr>\n<\/thead>\n<tbody>\n<tr>\n<td>Commercial<\/td>\n<td>60-120 \u20ac pro kg<\/td>\n<\/tr>\n<tr>\n<td>Hohe Reinheit<\/td>\n<td>120\u2013250 \u20ac pro kg<\/td>\n<\/tr>\n<tr>\n<td>Ultrafein<\/td>\n<td>250\u2013450 EUR pro kg<\/td>\n<\/tr>\n<tr>\n<td>Extra<\/td>\n<td>450\u2013850 \u20ac\/kg<\/td>\n<\/tr>\n<\/tbody>\n<\/table>\n<p>&nbsp;<\/p>\n<p class=\"whitespace-pre-wrap\">Die Preise f\u00fcr gaszerst\u00e4ubte, hochreine und feine Pulver sind h\u00f6her als f\u00fcr einfache, handels\u00fcbliche Sorten.<\/p>\n<h2>Lagerung und Handhabung von FeCoNiCrAl-Pulver<\/h2>\n<p class=\"whitespace-pre-wrap\">Zur richtigen Lagerung und Handhabung von FeCoNiCrAl-Pulver geh\u00f6ren:<\/p>\n<ul class=\"list-disc pl-8 space-y-2\">\n<li class=\"whitespace-normal\">In geschlossenen Beh\u00e4ltern unter Schutzgas lagern, um Oxidation zu verhindern.<\/li>\n<li class=\"whitespace-normal\">Vermeiden Sie die Ansammlung von Feinstaub, um Explosionsrisiken zu kontrollieren<\/li>\n<li class=\"whitespace-normal\">Bei der Handhabung angemessene PSA, Bel\u00fcftung und Sicherheitsvorkehrungen verwenden<\/li>\n<li class=\"whitespace-normal\">Verhindern Sie den Kontakt von Pulver mit inkompatiblen Materialien<\/li>\n<li class=\"whitespace-normal\">Befolgen Sie die anwendbaren Sicherheitsrichtlinien aus dem SDB des Lieferanten<\/li>\n<\/ul>\n<p class=\"whitespace-pre-wrap\">Vorsicht und Schutzma\u00dfnahmen sind beim Umgang mit diesem reaktiven Legierungspulver unerl\u00e4sslich.<\/p>\n<h2>Inspektion und Pr\u00fcfung von FeCoNiCrAl-Pulver<\/h2>\n<p class=\"whitespace-pre-wrap\">Wichtige Tests zur Qualit\u00e4tskontrolle von FeCoNiCrAl-Pulver:<\/p>\n<ul class=\"list-disc pl-8 space-y-2\">\n<li class=\"whitespace-normal\">Chemische Analyse mit OES oder XRF, um sicherzustellen, dass die Zusammensetzung innerhalb der zul\u00e4ssigen Grenzen liegt<\/li>\n<li class=\"whitespace-normal\">Partikelgr\u00f6\u00dfenverteilung mittels Laserbeugung gem\u00e4\u00df ASTM-Norm B822<\/li>\n<li class=\"whitespace-normal\">Morphologieanalyse durch REM-Bildgebung<\/li>\n<li class=\"whitespace-normal\">Pulverflie\u00dfratenmessung gem\u00e4\u00df ASTM B213-Standard<\/li>\n<li class=\"whitespace-normal\">Dichtebestimmung mittels Helium-Pyknometrie<\/li>\n<li class=\"whitespace-normal\">Verunreinigungstests mit ICP-MS<\/li>\n<li class=\"whitespace-normal\">Mikrostrukturelle Charakterisierung durch XRD-Phasenanalyse<\/li>\n<\/ul>\n<p class=\"whitespace-pre-wrap\">Gr\u00fcndliche Tests best\u00e4tigen die Qualit\u00e4t und Konsistenz des Pulvers, das die Leistungsanforderungen erf\u00fcllt.<\/p>\n<h2>Vergleich zwischen FeCoNiCrAl und 316L-Edelstahlpulver<\/h2>\n<p class=\"whitespace-pre-wrap\">FeCoNiCrAl- und 316L-Edelstahlpulver im Vergleich:<\/p>\n<table>\n<thead>\n<tr>\n<th>Parameter<\/th>\n<th>FeCoNiCrAl<\/th>\n<th>316L SS<\/th>\n<\/tr>\n<\/thead>\n<tbody>\n<tr>\n<td>Komposition<\/td>\n<td>Quin\u00e4re Hochtemperaturlegierung<\/td>\n<td>Edelstahllegierung aus Fe-Cr-Ni<\/td>\n<\/tr>\n<tr>\n<td>Kosten<\/td>\n<td>H\u00f6her<\/td>\n<td>Niedriger<\/td>\n<\/tr>\n<tr>\n<td>Hohe Temperaturbest\u00e4ndigkeit<\/td>\n<td>Viel besser<\/td>\n<td>Mittelm\u00e4ssig<\/td>\n<\/tr>\n<tr>\n<td>Korrosionsbest\u00e4ndigkeit<\/td>\n<td>Vergleichbar<\/td>\n<td>Besser<\/td>\n<\/tr>\n<tr>\n<td>W\u00e4rmeleitf\u00e4higkeit<\/td>\n<td>H\u00f6her<\/td>\n<td>Niedriger<\/td>\n<\/tr>\n<tr>\n<td>Verarbeitbarkeit<\/td>\n<td>Mittelm\u00e4ssig<\/td>\n<td>Ausgezeichnet<\/td>\n<\/tr>\n<tr>\n<td>ANWENDUNGEN<\/td>\n<td>Thermisches Spritzen, AM<\/td>\n<td>Automobilbau, Bauwesen<\/td>\n<\/tr>\n<\/tbody>\n<\/table>\n<p>&nbsp;<\/p>\n<p class=\"whitespace-pre-wrap\">FeCoNiCrAl bietet eine weit \u00fcberlegene Hochtemperaturfestigkeit, w\u00e4hrend 316L eine bessere Verarbeitungs- und Korrosionsbest\u00e4ndigkeit bei geringeren Kosten bietet.<\/p>\n<h2>FAQs zu FeCoNiCrAl-Pulver<\/h2>\n<p class=\"whitespace-pre-wrap\"><strong>F: Wie wird FeCoNiCrAl-Pulver hergestellt?<\/strong><\/p>\n<p class=\"whitespace-pre-wrap\">A: FeCoNiCrAl-Pulver wird kommerziell durch Gasverd\u00fcsung, Wasserverd\u00fcsung und mechanisches Legieren mit anschlie\u00dfender Sinterung hergestellt. Die Gasverd\u00fcsung bietet die besten Pulvereigenschaften.<\/p>\n<p class=\"whitespace-pre-wrap\"><strong>F: Was sind die wichtigsten Anwendungen f\u00fcr FeCoNiCrAl-Pulver?<\/strong><\/p>\n<p class=\"whitespace-pre-wrap\">A: Zu den Hauptanwendungen geh\u00f6ren thermische Spritzbeschichtungen, additive Fertigung, Hartl\u00f6tzusatzwerkstoffe, pulvermetallurgische Warmarbeitswerkzeuge und Glasverarbeitungsanlagen, bei denen hohe Temperaturbest\u00e4ndigkeit und Umweltresistenz erforderlich sind.<\/p>\n<p class=\"whitespace-pre-wrap\"><strong>F: Welche Partikelgr\u00f6\u00dfe wird f\u00fcr das thermische Spritzen empfohlen?<\/strong><\/p>\n<p class=\"whitespace-pre-wrap\">A: F\u00fcr die meisten thermischen Spritzverfahren wird f\u00fcr FeCoNiCrAl-Pulver ein Partikelgr\u00f6\u00dfenbereich von 45-150 Mikrometern bevorzugt, um die Abscheidungseffizienz und die Beschichtungseigenschaften zu maximieren.<\/p>\n<p class=\"whitespace-pre-wrap\"><strong>F: Erfordert FeCoNiCrAl-Pulver besondere Vorsichtsma\u00dfnahmen bei der Handhabung?<\/strong><\/p>\n<p class=\"whitespace-pre-wrap\">A: Ja, ordnungsgem\u00e4\u00dfe Schutzma\u00dfnahmen sind bei der Handhabung dieses reaktiven Feinlegierungspulvers unerl\u00e4sslich, einschlie\u00dflich Inertgasatmosph\u00e4re, Erdung, Bel\u00fcftung und PSA.<\/p>\n<p class=\"whitespace-pre-wrap\"><strong>F: Wo kann ich FeCoNiCrAl-Pulver f\u00fcr die additive Fertigung kaufen?<\/strong><\/p>\n<p class=\"whitespace-pre-wrap\">A: F\u00fcr AM-Anwendungen, die eine hohe Temperaturfestigkeit erfordern, kann feines FeCoNiCrAl-Pulver von f\u00fchrenden Herstellern wie Sandvik, Erasteel, Tekna und AMETEK bezogen werden.<\/p>\n<div id=\"gtx-trans\" style=\"position: absolute; left: 212px; top: 83.8125px;\">\n<div class=\"gtx-trans-icon\"><\/div>\n<\/div>\n<p><\/span><\/span><\/p>","protected":false},"excerpt":{"rendered":"<p>\u00dcberblick \u00fcber FeCoNiCrAl-Pulver FeCoNiCrAl ist eine quin\u00e4re Legierung, die gute mechanische Eigenschaften, Oxidationsbest\u00e4ndigkeit und Gef\u00fcgestabilit\u00e4t bei erh\u00f6hten Temperaturen aufweist. Eisen und Kobalt sorgen f\u00fcr Festigkeit. Nickel erh\u00f6ht die Z\u00e4higkeit und Duktilit\u00e4t. Chrom sorgt f\u00fcr eine ausgezeichnete Oxidations- und Korrosionsbest\u00e4ndigkeit. Aluminium verbessert die mechanischen Eigenschaften bei hohen Temperaturen. Zu den wichtigsten Eigenschaften von FeCoNiCrAl-Pulver geh\u00f6ren: Ausgezeichnete Hochtemperaturfestigkeit...<\/p>","protected":false},"featured_media":1789,"parent":0,"template":"","meta":{"_acf_changed":false,"_kad_blocks_custom_css":"","_kad_blocks_head_custom_js":"","_kad_blocks_body_custom_js":"","_kad_blocks_footer_custom_js":"","_kad_post_transparent":"","_kad_post_title":"","_kad_post_layout":"","_kad_post_sidebar_id":"","_kad_post_content_style":"","_kad_post_vertical_padding":"","_kad_post_feature":"","_kad_post_feature_position":"","_kad_post_header":false,"_kad_post_footer":false,"_kad_post_classname":""},"product-category":[119,127],"class_list":["post-3893","product","type-product","status-publish","has-post-thumbnail","hentry","product-category-3d-printing-metal-powder","product-category-high-entropy-alloy-powder"],"acf":[],"taxonomy_info":{"product-category":[{"value":119,"label":"3D Printing Metal Powder"},{"value":127,"label":"High Entropy Alloy Powder"}]},"featured_image_src_large":["https:\/\/3dpmetal.com\/wp-content\/uploads\/2024\/02\/FeCoNiCrAl-powder.jpg",600,600,false],"author_info":[],"comment_info":"","_links":{"self":[{"href":"https:\/\/3dpmetal.com\/de\/wp-json\/wp\/v2\/product\/3893","targetHints":{"allow":["GET"]}}],"collection":[{"href":"https:\/\/3dpmetal.com\/de\/wp-json\/wp\/v2\/product"}],"about":[{"href":"https:\/\/3dpmetal.com\/de\/wp-json\/wp\/v2\/types\/product"}],"wp:featuredmedia":[{"embeddable":true,"href":"https:\/\/3dpmetal.com\/de\/wp-json\/wp\/v2\/media\/1789"}],"wp:attachment":[{"href":"https:\/\/3dpmetal.com\/de\/wp-json\/wp\/v2\/media?parent=3893"}],"wp:term":[{"taxonomy":"product-category","embeddable":true,"href":"https:\/\/3dpmetal.com\/de\/wp-json\/wp\/v2\/product-category?post=3893"}],"curies":[{"name":"wp","href":"https:\/\/api.w.org\/{rel}","templated":true}]}}