{"id":3896,"date":"2024-03-18T06:10:14","date_gmt":"2024-03-18T06:10:14","guid":{"rendered":"https:\/\/3dp.45612300.xyz\/product\/pure-aluminum-powder\/"},"modified":"2024-03-18T06:10:14","modified_gmt":"2024-03-18T06:10:14","slug":"pure-aluminum-powder","status":"publish","type":"product","link":"https:\/\/3dpmetal.com\/de\/product\/pure-aluminum-powder\/","title":{"rendered":"Reinstaluminium-Pulver"},"content":{"rendered":"<p><span style=\"vertical-align: inherit;\"><span style=\"vertical-align: inherit;\"><\/p>\n<h2>\u00dcbersicht des Reinaluminiumpulvers<\/h2>\n<p class=\"whitespace-pre-wrap\">Reines Aluminiumpulver enth\u00e4lt 99 % oder mehr Aluminium. Es hat eine geringe Dichte und eine hohe Duktilit\u00e4t, Leitf\u00e4higkeit und Korrosionsbest\u00e4ndigkeit.<\/p>\n<p class=\"whitespace-pre-wrap\">Zu den wichtigsten Eigenschaften und Vorteilen von reinem Aluminiumpulver geh\u00f6ren:<\/p>\n<p class=\"whitespace-pre-wrap\"><strong>Eigenschaften und Charakteristika von reinem Aluminiumpulver<\/strong><\/p>\n<table>\n<thead>\n<tr>\n<th>Merkmale<\/th>\n<th>Details<\/th>\n<\/tr>\n<\/thead>\n<tbody>\n<tr>\n<td>Komposition<\/td>\n<td>99 % oder h\u00f6herer Aluminiumgehalt<\/td>\n<\/tr>\n<tr>\n<td>Dichte<\/td>\n<td>2,7 g\/cc<\/td>\n<\/tr>\n<tr>\n<td>Partikelform<\/td>\n<td>Sph\u00e4risch, unregelm\u00e4\u00dfig<\/td>\n<\/tr>\n<tr>\n<td>Gr\u00f6\u00dfenpalette<\/td>\n<td>1-150 Mikrometer<\/td>\n<\/tr>\n<tr>\n<td>Anscheindichte<\/td>\n<td>Bis zu 50 % echte Dichte<\/td>\n<\/tr>\n<tr>\n<td>Leitf\u00e4higkeit<\/td>\n<td>Ausgezeichnete elektrische und thermische Leitf\u00e4higkeit<\/td>\n<\/tr>\n<tr>\n<td>Korrosionsbest\u00e4ndigkeit<\/td>\n<td>Gut gesch\u00fctzt durch Oxidschicht<\/td>\n<\/tr>\n<\/tbody>\n<\/table>\n<p class=\"whitespace-pre-wrap\">Reines Aluminiumpulver ist f\u00fcr Anwendungen wie das Thermitschwei\u00dfen, bei Diamantwerkzeugen, leitenden Beschichtungen, Pyrotechnik und bei Metallpulverspritzguss geeignet.<\/p>\n<h2>Zusammensetzung von reinem Aluminiumpulver<\/h2>\n<p class=\"whitespace-pre-wrap\">Typische Zusammensetzung von Reinaluminiumpulver:<\/p>\n<p class=\"whitespace-pre-wrap\"><strong>Zusammensetzung von reinem Aluminiumpulver<\/strong><\/p>\n<table>\n<thead>\n<tr>\n<th>Element<\/th>\n<th>Gew.-%<\/th>\n<\/tr>\n<\/thead>\n<tbody>\n<tr>\n<td>Aluminium (Al)<\/td>\n<td>99% min.<\/td>\n<\/tr>\n<tr>\n<td>Silizium (Si)<\/td>\n<td>0,5 % max<\/td>\n<\/tr>\n<tr>\n<td>Eisen (Fe)<\/td>\n<td>0,5 % max<\/td>\n<\/tr>\n<tr>\n<td>Kupfer (Cu)<\/td>\n<td>max. 0,05 %<\/td>\n<\/tr>\n<tr>\n<td>Mangan (Mn)<\/td>\n<td>max. 0,05 %<\/td>\n<\/tr>\n<tr>\n<td>Magnesium (Mg)<\/td>\n<td>max. 0,05 %<\/td>\n<\/tr>\n<tr>\n<td>Andere Verunreinigungen<\/td>\n<td>max. 0,05 %<\/td>\n<\/tr>\n<\/tbody>\n<\/table>\n<ul class=\"list-disc pl-8 space-y-2\">\n<li class=\"whitespace-normal\">Aluminium ist gekennzeichnet durch eine gering Dichte, Duktilit\u00e4t und Leitf\u00e4higkeit<\/li>\n<li class=\"whitespace-normal\">Verunreinigungsgrade anderer Elemente werden sorgf\u00e4ltig kontrolliert<\/li>\n<li class=\"whitespace-normal\">Hohe Aluminiumreinheit bietet optimale elektrische und thermische Leitf\u00e4higkeit<\/li>\n<\/ul>\n<p class=\"whitespace-pre-wrap\">Der hohe Aluminiumgehalt sorgt f\u00fcr eine hervorragende Leitf\u00e4higkeit bei gleichzeitig guter Korrosionsbest\u00e4ndigkeit und mittlerer Festigkeit.<\/p>\n<p><img loading=\"lazy\" decoding=\"async\" class=\"size-medium wp-image-1409 aligncenter\" src=\"https:\/\/met3dp.com\/wp-content\/uploads\/2023\/09\/ed7a94ec-3c10-4b1b-87ed--300x300.jpg\" alt=\"Reinstaluminium-Pulver\" width=\"300\" height=\"300\" title=\"\"><\/p>\n<h2>Physikalische Eigenschaften von reinem Aluminiumpulver<\/h2>\n<p class=\"whitespace-pre-wrap\"><strong>Physikalische Eigenschaften von reinem Aluminiumpulver<\/strong><\/p>\n<table>\n<thead>\n<tr>\n<th>Immobilie<\/th>\n<th>Werte<\/th>\n<\/tr>\n<\/thead>\n<tbody>\n<tr>\n<td>Dichte<\/td>\n<td>2,7 g\/cc<\/td>\n<\/tr>\n<tr>\n<td>Schmelzpunkt<\/td>\n<td>660\u00a1\u00abC<\/td>\n<\/tr>\n<tr>\n<td>W\u00e4rmeleitf\u00e4higkeit<\/td>\n<td>237 W\/mK<\/td>\n<\/tr>\n<tr>\n<td>Elektrischer Widerstand<\/td>\n<td>2,65 \u00c3\u2014 10^6 cm\u00b2<\/td>\n<\/tr>\n<tr>\n<td>CTE<\/td>\n<td>23,1 x 10^-6 \/K<\/td>\n<\/tr>\n<tr>\n<td>Reflexion<\/td>\n<td>87% bei der Wellenl\u00e4nge von 400 nm<\/td>\n<\/tr>\n<\/tbody>\n<\/table>\n<ul class=\"list-disc pl-8 space-y-2\">\n<li class=\"whitespace-normal\">Sehr geringe Dichte im Vergleich zu den meisten Metallen<\/li>\n<li class=\"whitespace-normal\">Hohe Reflexion und W\u00e4rmeleitf\u00e4higkeit<\/li>\n<li class=\"whitespace-normal\">Niedriger spezifischer elektrischer Widerstand sorgt f\u00fcr hohe Leitf\u00e4higkeit<\/li>\n<li class=\"whitespace-normal\">Relativ hoher CTE erfordert besondere konstruktive Ma\u00dfnahmen<\/li>\n<li class=\"whitespace-normal\">Beh\u00e4lt seine Festigkeit bei bis m\u00e4\u00dfig hohen Temperaturen<\/li>\n<\/ul>\n<p class=\"whitespace-pre-wrap\">Aufgrund seiner Eigenschaften eignet sich Aluminium zur Verwendung in Leichtbauanwendungen, die elektrische\/thermische Leitf\u00e4higkeit erfordern.<\/p>\n<h2>Mechanische Eigenschaften von reinem Aluminiumpulver<\/h2>\n<p class=\"whitespace-pre-wrap\"><strong>Mechanische Eigenschaften von reinem Aluminiumpulver<\/strong><\/p>\n<table>\n<thead>\n<tr>\n<th>Immobilie<\/th>\n<th>Werte<\/th>\n<\/tr>\n<\/thead>\n<tbody>\n<tr>\n<td>Zugfestigkeit<\/td>\n<td>90\u2013100 MPa<\/td>\n<\/tr>\n<tr>\n<td>Streckgrenze<\/td>\n<td>35-45 MPa<\/td>\n<\/tr>\n<tr>\n<td>Verl\u00e4ngerung<\/td>\n<td>35-40%<\/td>\n<\/tr>\n<tr>\n<td>H\u00e4rte<\/td>\n<td>25-35 HB<\/td>\n<\/tr>\n<tr>\n<td>Erm\u00fcdungsfestigkeit<\/td>\n<td>50-90 MPa<\/td>\n<\/tr>\n<tr>\n<td>Scherfestigkeit<\/td>\n<td>60\u201365 MPa<\/td>\n<\/tr>\n<\/tbody>\n<\/table>\n<ul class=\"list-disc pl-8 space-y-2\">\n<li class=\"whitespace-normal\">Relativ niedrige Zug- und Streckgrenze<\/li>\n<li class=\"whitespace-normal\">Sehr hohe Dehnung bietet exzellente Duktilit\u00e4t<\/li>\n<li class=\"whitespace-normal\">Geringe H\u00e4rte im Vergleich zu den meisten Metallen<\/li>\n<li class=\"whitespace-normal\">Hohe Erm\u00fcdungsfestigkeit, geeignet f\u00fcr zyklische Belastung<\/li>\n<li class=\"whitespace-normal\">Eigenschaften k\u00f6nnen durch Legierungszugaben verbessert werden<\/li>\n<\/ul>\n<p class=\"whitespace-pre-wrap\">Die Eigenschaften von Reinaluminium eignen sich f\u00fcr weiche und verformbare Anwendungen, bei denen es auf die elektrische Leitf\u00e4higkeit und die Verformbarkeit ankommt.<\/p>\n<h2>Reines Aluminiumpulver Anwendung<\/h2>\n<p class=\"whitespace-pre-wrap\">Typische Anwendungen von reinem Aluminiumpulver sind:<\/p>\n<p class=\"whitespace-pre-wrap\"><strong>Reines Aluminiumpulver Anwendung<\/strong><\/p>\n<table>\n<thead>\n<tr>\n<th>Industrie<\/th>\n<th>Anwendungen<\/th>\n<\/tr>\n<\/thead>\n<tbody>\n<tr>\n<td>Aluminothermisches Schwei\u00dfen<\/td>\n<td>Schienen\u00adschwei\u00dfen, stoff\u00adschl\u00fcssige F\u00fcgen<\/td>\n<\/tr>\n<tr>\n<td>Additive Fertigung<\/td>\n<td>Bauteile niedriger Best\u00e4ndigkeit<\/td>\n<\/tr>\n<tr>\n<td>Sprengstoff und Pyrotechnik<\/td>\n<td>Thermitzusammensetzungen<\/td>\n<\/tr>\n<tr>\n<td>Pulverlack<\/td>\n<td>Leitf\u00e4hige und resistive Beschichtungen<\/td>\n<\/tr>\n<tr>\n<td>Diamantwerkzeuge<\/td>\n<td>Metallmatrix mit Diamantpartikeln<\/td>\n<\/tr>\n<tr>\n<td>Feuerwerk<\/td>\n<td>Zusammensetzungen f\u00fcr Brennstoffe und Pyrotechnik<\/td>\n<\/tr>\n<\/tbody>\n<\/table>\n<p class=\"whitespace-pre-wrap\">Einige spezifische Verwendungszwecke f\u00fcr Produkte:<\/p>\n<ul class=\"list-disc pl-8 space-y-2\">\n<li class=\"whitespace-normal\">Thermitmischungen f\u00fcr In-situ-Metallverbindung und Schwei\u00dfen<\/li>\n<li class=\"whitespace-normal\">Niedrig legierte Gusswerkstoff<\/li>\n<li class=\"whitespace-normal\">Elektrisch leitende Beschichtungen und Hochfrequenzabschirmung<\/li>\n<li class=\"whitespace-normal\">Aluminium-Diamant-Werkzeuge f\u00fcr die Steinbearbeitung<\/li>\n<li class=\"whitespace-normal\">Blitzlicht und pyrotechnische Zusammensetzungen<\/li>\n<li class=\"whitespace-normal\">Metallpulverspritzguss von nichttragenden Teilen<\/li>\n<\/ul>\n<p class=\"whitespace-pre-wrap\">Die Duktilit\u00e4t, Leitf\u00e4higkeit und Reaktivit\u00e4t machen reines Aluminium zu einem geeigneten Material f\u00fcr diese Nischenanwendungen.<\/p>\n<h2>Spezifikationen f\u00fcr reines Aluminiumpulver<\/h2>\n<p class=\"whitespace-pre-wrap\">Wichtige Spezifikationen f\u00fcr reines Aluminiumpulver beinhalten:<\/p>\n<p class=\"whitespace-pre-wrap\"><strong>Spezifikationen f\u00fcr reines Aluminiumpulver<\/strong><\/p>\n<table>\n<thead>\n<tr>\n<th>Standard<\/th>\n<th>Beschreibung<\/th>\n<\/tr>\n<\/thead>\n<tbody>\n<tr>\n<td>ASTM B787<\/td>\n<td>Norm f\u00fcr reine Aluminiumpulver<\/td>\n<\/tr>\n<tr>\n<td>ASTM B859<\/td>\n<td>Spezifikationen f\u00fcr Aluminium- und Aluminium-Legierungspulver<\/td>\n<\/tr>\n<tr>\n<td>DIN 1718-1<\/td>\n<td>Bezeichnungssystem f\u00fcr Aluminium und Aluminiumlegierungen<\/td>\n<\/tr>\n<tr>\n<td>GJB320B<\/td>\n<td>Chinesischer Milit\u00e4rstandard f\u00fcr Aluminium- und Aluminiumlegierungspulver<\/td>\n<\/tr>\n<\/tbody>\n<\/table>\n<p class=\"whitespace-pre-wrap\">Definieren Sie diese:<\/p>\n<ul class=\"list-disc pl-8 space-y-2\">\n<li class=\"whitespace-normal\">Aluminiumgehalt mindestens 99 %<\/li>\n<li class=\"whitespace-normal\">Grenzwerte f\u00fcr Verunreinigungen wie Fe, Si<\/li>\n<li class=\"whitespace-normal\">Pulvereigenschaften wie Sch\u00fcttdichte und Korngr\u00f6\u00dfenverteilung<\/li>\n<li class=\"whitespace-normal\">Bew\u00e4hrte Fertigungsverfahren wie Atomization<\/li>\n<li class=\"whitespace-normal\">Protokolle zur Probenahme und Pr\u00fcfung<\/li>\n<\/ul>\n<p class=\"whitespace-pre-wrap\">Das Einhalten der Standards gew\u00e4hrleistet die Eignung f\u00fcr Anwendungen, die hochreines Aluminiumpulver erfordern.<\/p>\n<h2>Partikelgr\u00f6\u00dfen von reinem Aluminiumpulver<\/h2>\n<p class=\"whitespace-pre-wrap\"><strong>Partikelgr\u00f6\u00dfenverteilung von reinem Aluminiumpulver<\/strong><\/p>\n<table>\n<thead>\n<tr>\n<th>Gr\u00f6\u00dfe<\/th>\n<th>Merkmale<\/th>\n<\/tr>\n<\/thead>\n<tbody>\n<tr>\n<td>1-10 Mikrometer<\/td>\n<td>Ultrafeine Note in Pastendruckfarben<\/td>\n<\/tr>\n<tr>\n<td>10\u201345 Mikrometer<\/td>\n<td>Feinstk\u00f6rnig, geeignet f\u00fcr Beschichtung, Pressen<\/td>\n<\/tr>\n<tr>\n<td>45-150 Mikron<\/td>\n<td>Grobe K\u00f6rnung bietet bessere Flie\u00dff\u00e4higkeit<\/td>\n<\/tr>\n<\/tbody>\n<\/table>\n<ul class=\"list-disc pl-8 space-y-2\">\n<li class=\"whitespace-normal\">Feinere Gr\u00f6\u00dfen bieten eine glatte Oberfl\u00e4che und hohe Reaktivit\u00e4t<\/li>\n<li class=\"whitespace-normal\">Gr\u00f6beres Pulver hat einen verbesserten Fluss f\u00fcr automatisierte Verarbeitung<\/li>\n<li class=\"whitespace-normal\">Es sind sowohl kugelf\u00f6rmige als auch unregelm\u00e4\u00dfige Partikelformen verf\u00fcgbar<\/li>\n<li class=\"whitespace-normal\">Die Gr\u00f6\u00dfenverteilung richtet sich nach dem Einsatzzweck<\/li>\n<\/ul>\n<p class=\"whitespace-pre-wrap\">Durch gezielte Steuerung der Partikelgr\u00f6\u00dfenverteilung werden Verarbeitungsverhalten, Dichte, Reaktivit\u00e4t und Oberfl\u00e4che optimiert.<\/p>\n<h2>Apparentre Dichte von reinem Aluminiumpulver<\/h2>\n<p class=\"whitespace-pre-wrap\"><strong>Apparentre Dichte von reinem Aluminiumpulver<\/strong><\/p>\n<table>\n<thead>\n<tr>\n<th>Anscheindichte<\/th>\n<th>Details<\/th>\n<\/tr>\n<\/thead>\n<tbody>\n<tr>\n<td>Bis zu 50 % echte Dichte<\/td>\n<td>F\u00fcr Pulver mit unregelm\u00e4\u00dfiger Morphologie<\/td>\n<\/tr>\n<tr>\n<td>1,3-1,7 g\/cm\u00b3<\/td>\n<td>H\u00f6her f\u00fcr sph\u00e4rischen Puder<\/td>\n<\/tr>\n<\/tbody>\n<\/table>\n<ul class=\"list-disc pl-8 space-y-2\">\n<li class=\"whitespace-normal\">Kugelige Pulverform ergibt eine h\u00f6here scheinbare Dichte<\/li>\n<li class=\"whitespace-normal\">Irregul\u00e4re Partikel weisen eine geringere Dichte von ca. 30\u201340 % auf<\/li>\n<li class=\"whitespace-normal\">Eine h\u00f6here Dichte verbessert den Pulverfluss und die Kompaktierbarkeit<\/li>\n<li class=\"whitespace-normal\">Bis zu 60 % k\u00f6nnen mit optimierten Kugelpulver erreicht werden<\/li>\n<\/ul>\n<p class=\"whitespace-pre-wrap\">Eine h\u00f6here scheinbare Dichte f\u00fchrt zu einer besseren Fertigungsproduktivit\u00e4t und Teilequalit\u00e4t.<\/p>\n<h2>Herstellung von reinem Aluminiumpulver<\/h2>\n<p class=\"whitespace-pre-wrap\"><strong>Herstellung von reinem Aluminiumpulver<\/strong><\/p>\n<table>\n<thead>\n<tr>\n<th>Methode<\/th>\n<th>Details<\/th>\n<\/tr>\n<\/thead>\n<tbody>\n<tr>\n<td>Zerst\u00e4ubung<\/td>\n<td>Geschmolzener Aluminiumfluss, der in feine Tr\u00f6pfchen aufgeteilt wird, die zu Pulver erstarren<\/td>\n<\/tr>\n<tr>\n<td>Kugelmahlen<\/td>\n<td>Mechanisches Mahlen klassifiziert grobes Pulver in feines Pulver<\/td>\n<\/tr>\n<tr>\n<td>Tempern<\/td>\n<td>Entfernt innere Spannungen und verbessert die Kompressibilit\u00e4t des Pulvers<\/td>\n<\/tr>\n<tr>\n<td>Sieben<\/td>\n<td>Klassifiziert Pulver in verschiedene Gr\u00f6\u00dfenfraktionen<\/td>\n<\/tr>\n<\/tbody>\n<\/table>\n<ul class=\"list-disc pl-8 space-y-2\">\n<li class=\"whitespace-normal\">Durch die Zerst\u00e4ubung k\u00f6nnen gro\u00dfe Volumen mit kontrollierten Partikelgr\u00f6\u00dfen produziert werden<\/li>\n<li class=\"whitespace-normal\">Mahlen bietet eine kosteng\u00fcnstigere Gr\u00f6\u00dfenreduktion von grobem Pulver<\/li>\n<li class=\"whitespace-normal\">Durch Gl\u00fchen und Sieben werden Pulver mit angepassten Gr\u00f6\u00dfen und Formen erzielt<\/li>\n<\/ul>\n<p class=\"whitespace-pre-wrap\">Durch die Kombination von Verfahren entsteht hochreines Aluminium\u00adpulver mit anwendungsspezifischen Eigenschaften.<\/p>\n<h2>Preisgestaltung f\u00fcr reines Aluminiumpulver<\/h2>\n<p class=\"whitespace-pre-wrap\"><strong>Preisgestaltung f\u00fcr reines Aluminiumpulver<\/strong><\/p>\n<table>\n<thead>\n<tr>\n<th>Faktor<\/th>\n<th>Auswirkung auf den Preis<\/th>\n<\/tr>\n<\/thead>\n<tbody>\n<tr>\n<td>Reinheit<\/td>\n<td>H\u00f6here Reinheitsgrade kosten mehr<\/td>\n<\/tr>\n<tr>\n<td>Teilchengr\u00f6sse<\/td>\n<td>Ultrafeines Pulver ist kostspieliger<\/td>\n<\/tr>\n<tr>\n<td>Bestellvolumen<\/td>\n<td>Gro\u00dfbestellungen erhalten einen erm\u00e4\u00dfigten Preis<\/td>\n<\/tr>\n<tr>\n<td>Produktionsverfahren<\/td>\n<td>Komplexe Methoden steigern den Aufwand<\/td>\n<\/tr>\n<tr>\n<td>Verpackung<\/td>\n<td>Die Kosten f\u00fcr Sonderverpackungen steigen<\/td>\n<\/tr>\n<\/tbody>\n<\/table>\n<p class=\"whitespace-pre-wrap\"><strong>Richtpreise<\/strong><\/p>\n<ul class=\"list-disc pl-8 space-y-2\">\n<li class=\"whitespace-normal\">Feines reines Aluminium-Pulver: 3\u20136 US-Dollar pro kg<\/li>\n<li class=\"whitespace-normal\">Grobes reines Aluminiumpulver: 2-4 \u20ac pro kg<\/li>\n<li class=\"whitespace-normal\">Gro\u00dfe Mengen k\u00f6nnen bis zu 30% g\u00fcnstiger sein<\/li>\n<\/ul>\n<p class=\"whitespace-pre-wrap\">Die Preisgestaltung richtet sich nach Reinheit, Partikelgr\u00f6\u00dfe, Bestellmenge, Herstellungsverfahren und Anpassungsanforderungen.<\/p>\n<h2>Reine Aluminiumpulverlieferanten<\/h2>\n<p class=\"whitespace-pre-wrap\"><strong>Reine Aluminiumpulverlieferanten<\/strong><\/p>\n<table>\n<thead>\n<tr>\n<th>Unternehmen<\/th>\n<th>Ort<\/th>\n<\/tr>\n<\/thead>\n<tbody>\n<tr>\n<td>Advanced Chemical Company<\/td>\n<td>Vereinigte Staaten<\/td>\n<\/tr>\n<tr>\n<td>Micron-Metalle<\/td>\n<td>Vereinigte Staaten<\/td>\n<\/tr>\n<tr>\n<td>Baohua Metal Materials<\/td>\n<td>China<\/td>\n<\/tr>\n<tr>\n<td>Hengxing Metallurgical<\/td>\n<td>China<\/td>\n<\/tr>\n<tr>\n<td>Shanghai ShuiDing Pudermaterial<\/td>\n<td>China<\/td>\n<\/tr>\n<tr>\n<td>Reade Advanced Materials<\/td>\n<td>Vereinigte Staaten<\/td>\n<\/tr>\n<\/tbody>\n<\/table>\n<p class=\"whitespace-pre-wrap\">Faktoren zur Zuliefererauswahl:<\/p>\n<ul class=\"list-disc pl-8 space-y-2\">\n<li class=\"whitespace-normal\">Verf\u00fcgbare Reinheitsstufen und Qualit\u00e4ten<\/li>\n<li class=\"whitespace-normal\">Produktionskapazit\u00e4ten und Durchlaufzeiten<\/li>\n<li class=\"whitespace-normal\">Mittlere Partikelgr\u00f6\u00dfenbereiche<\/li>\n<li class=\"whitespace-normal\">Anpassung der Partikelverteilung<\/li>\n<li class=\"whitespace-normal\">Verpackungsoptionen<\/li>\n<li class=\"whitespace-normal\">Preisstufen basierend auf Bestellmengen<\/li>\n<li class=\"whitespace-normal\">Einhaltung internationaler Standards<\/li>\n<\/ul>\n<h2>Handhabung und Lagerung von reinem Aluminiumpulver<\/h2>\n<p class=\"whitespace-pre-wrap\"><strong>Umgang mit reinem Aluminiumpulver<\/strong><\/p>\n<table>\n<thead>\n<tr>\n<th>Empfehlung<\/th>\n<th>Grund<\/th>\n<\/tr>\n<\/thead>\n<tbody>\n<tr>\n<td>F\u00fcr ordnungsgem\u00e4\u00dfe Bel\u00fcftung sorgen<\/td>\n<td>Konzentrierte Staubumgebungen vermeiden<\/td>\n<\/tr>\n<tr>\n<td>Schutzsysteme anwenden<\/td>\n<td>Verhindern Sie elektrostatische Entladungen im Umgang<\/td>\n<\/tr>\n<tr>\n<td>Begrenzen Sie die Feuchtigkeitsber\u00fchrung<\/td>\n<td>Verhindert die Oxidation von Partikeln<\/td>\n<\/tr>\n<tr>\n<td>Befolgen Sie sichere Protokolle<\/td>\n<td>Gesundheits- und Brandrisiken verringern<\/td>\n<\/tr>\n<tr>\n<td>Z\u00fcndquellen vermeiden<\/td>\n<td>Gefahr durch brennbaren Staub<\/td>\n<\/tr>\n<tr>\n<td>Verwenden Sie keine funkenbildenden Werkzeuge<\/td>\n<td>Z\u00fcndf\u00e4higkeit vermeiden<\/td>\n<\/tr>\n<\/tbody>\n<\/table>\n<p class=\"whitespace-pre-wrap\"><strong>Lagerungsempfehlungen<\/strong><\/p>\n<ul class=\"list-disc pl-8 space-y-2\">\n<li class=\"whitespace-normal\">In trockenen, versiegelten und inerten Beh\u00e4ltern lagern<\/li>\n<li class=\"whitespace-normal\">Speichertemperaturen unter 27 Grad Celsius halten<\/li>\n<li class=\"whitespace-normal\">Kontakt mit Oxidationsmittel wie Salpeters\u00e4ure ist zu vermeiden<\/li>\n<\/ul>\n<p class=\"whitespace-pre-wrap\">Angemessene Vorsichtsma\u00dfnahmen bei Handhabung und Lagerung helfen, die Reinheit zu bewahren und Oxidations- oder Entz\u00fcndungsrisiken zu vermeiden.<\/p>\n<h2>Reines Aluminium-Pulver Pr\u00fcfung und Testverfahren<\/h2>\n<p class=\"whitespace-pre-wrap\"><strong>Pr\u00fcfung von Aluminium-Reinpulver<\/strong><\/p>\n<table>\n<thead>\n<tr>\n<th>Test<\/th>\n<th>Details<\/th>\n<\/tr>\n<\/thead>\n<tbody>\n<tr>\n<td>Chemische Analyse<\/td>\n<td>Die Zusammensetzung wird durch RFA- oder ICP-Pr\u00fcfungen \u00fcberpr\u00fcft<\/td>\n<\/tr>\n<tr>\n<td>Korngr\u00f6\u00dfenverteilung<\/td>\n<td>Laserbeugungsanalyse<\/td>\n<\/tr>\n<tr>\n<td>Anscheindichte<\/td>\n<td>Pr\u00fcfungen von Hallschen Durchflussmessern nach der Norm ASTM B212<\/td>\n<\/tr>\n<tr>\n<td>Pulvermorphologie<\/td>\n<td>Rasterelektronenmikroskopie der Partikelform<\/td>\n<\/tr>\n<tr>\n<td>Durchflussmengenanalyse<\/td>\n<td>Schwerkraftinduzierte Durchflussmenge durch angegebenen Trichter<\/td>\n<\/tr>\n<tr>\n<td>Feuchtigkeitsmessung<\/td>\n<td>Trocknungsverlustbestimmung<\/td>\n<\/tr>\n<\/tbody>\n<\/table>\n<p class=\"whitespace-pre-wrap\">Durch Pr\u00fcfungen wird sichergestellt, dass das Pulver die erforderlichen Reinheitsstufen, Partikeleigenschaften, Dichteangaben, Morphologie und Flie\u00dff\u00e4higkeit gem\u00e4\u00df den geltenden Normen erf\u00fcllt.<\/p>\n<h2>Vor- und Nachteile von reinem Aluminiumpulver<\/h2>\n<p class=\"whitespace-pre-wrap\"><strong>Vorteile von reinem Aluminiumpulver<\/strong><\/p>\n<ul class=\"list-disc pl-8 space-y-2\">\n<li class=\"whitespace-normal\">Geringe Dichte sorgt f\u00fcr geringes Gewicht<\/li>\n<li class=\"whitespace-normal\">Ausgezeichnete elektrische und thermische Leitf\u00e4higkeit<\/li>\n<li class=\"whitespace-normal\">Gute Korrosionsbest\u00e4ndigkeit<\/li>\n<li class=\"whitespace-normal\">Hohe Duktilit\u00e4t und hervorragende Umformbarkeit<\/li>\n<li class=\"whitespace-normal\">Recyclingf\u00e4hig und umweltfreundlich<\/li>\n<li class=\"whitespace-normal\">Kosteng\u00fcnstig im Vergleich zu anderen leitenden Pulvern<\/li>\n<\/ul>\n<p class=\"whitespace-pre-wrap\"><strong>Einschr\u00e4nkungen von reinem Aluminiumpulver<\/strong><\/p>\n<ul class=\"list-disc pl-8 space-y-2\">\n<li class=\"whitespace-normal\">Geringe Festigkeit schr\u00e4nkt Traglastanwendungen ein<\/li>\n<li class=\"whitespace-normal\">Mittelm\u00e4\u00dfige mechanische Festigkeit bei hohen Temperaturen<\/li>\n<li class=\"whitespace-normal\">Erfordert Schutzbeschichtungen in korrosiven Umgebungen<\/li>\n<li class=\"whitespace-normal\">Empfindlich gegen\u00fcber Verunreinigungen durch Feuchtigkeit und andere Pulver<\/li>\n<li class=\"whitespace-normal\">Pyrophoricit\u00e4t erfordert vorsichtige Handhabung<\/li>\n<li class=\"whitespace-normal\">Oxidiert im Laufe der Zeit allm\u00e4hlich, wenn nicht beschichtet<\/li>\n<\/ul>\n<h2>Vergleich mit dem Al-Mg-Legierungspulver<\/h2>\n<p class=\"whitespace-pre-wrap\"><strong>Reines Al im Vergleich zu Al-Mg-Legierungspulver<\/strong><\/p>\n<table>\n<thead>\n<tr>\n<th>Parameter<\/th>\n<th>Reines Al<\/th>\n<th>Al-Mg<\/th>\n<\/tr>\n<\/thead>\n<tbody>\n<tr>\n<td>Dichte<\/td>\n<td>2,7 g\/cc<\/td>\n<td>2,7 g\/cc<\/td>\n<\/tr>\n<tr>\n<td>St\u00e4rke<\/td>\n<td>90\u2013100 MPa<\/td>\n<td>150-220 MPa<\/td>\n<\/tr>\n<tr>\n<td>Leitf\u00e4higkeit<\/td>\n<td>Ausgezeichnet<\/td>\n<td>Gut<\/td>\n<\/tr>\n<tr>\n<td>Korrosionsbest\u00e4ndigkeit<\/td>\n<td>Gut<\/td>\n<td>Ausgezeichnet<\/td>\n<\/tr>\n<tr>\n<td>Kosten<\/td>\n<td>Niedrig<\/td>\n<td>High<\/td>\n<\/tr>\n<tr>\n<td>Anwendungen<\/td>\n<td>Thermitschwei\u00dfen, Pyrotechnik<\/td>\n<td>Strukturkomponenten<\/td>\n<\/tr>\n<\/tbody>\n<\/table>\n<ul class=\"list-disc pl-8 space-y-2\">\n<li class=\"whitespace-normal\">Reines Al bietet bessere Leitf\u00e4higkeit und niedrigere Kosten<\/li>\n<li class=\"whitespace-normal\">Die Al-Mg-Legierung bietet eine h\u00f6here Festigkeit<\/li>\n<li class=\"whitespace-normal\">Reines Al, geeignet f\u00fcr elektrische Anwendungen und Pyrotechnik<\/li>\n<li class=\"whitespace-normal\">Al-Mg bevorzugt f\u00fcr strukturelle Leichtbauteile<\/li>\n<\/ul>\n<h2>H\u00e4ufig gestellte Fragen zu Rein-Aluminiumpulver<\/h2>\n<p class=\"whitespace-pre-wrap\"><strong>F: Was sind die wichtigsten Anwendungen von reinem Aluminiumpulver?<\/strong><\/p>\n<p class=\"whitespace-pre-wrap\">A: Anwendungsm\u00f6glichkeiten sind dabei unter anderem das Thermitschwei\u00dfen, leitf\u00e4hige Beschichtungen, pyrotechnische Zusammensetzungen, Diamantwerkzeuge, Spritzgie\u00dfen von Nicht-Strukturteilen aus Metall und niedrig schmelzende Gusslegierungen.<\/p>\n<p class=\"whitespace-pre-wrap\"><strong>F: Welche Vorsichtsma\u00dfnahmen sollten beim Arbeiten mit reinem Aluminiumpulver getroffen werden?<\/strong><\/p>\n<p class=\"whitespace-pre-wrap\">A: Zu den empfohlenen Vorsichtsma\u00dfnahmen z\u00e4hlen ordnungsgem\u00e4\u00dfe Bel\u00fcftung, Vermeidung von Z\u00fcndquellen, explosionsgesch\u00fctzte Ger\u00e4te, Erdungssysteme, funkenfreie Werkzeuge, Schutzausr\u00fcstung, sichere Protokolle und luftdichte Lagerung zum Schutz vor Verunreinigungen.<\/p>\n<p class=\"whitespace-pre-wrap\"><strong>F: Welchen Unterschied gibt es zwischen reinem Aluminiumpulver und Aluminiumlegierungspulvern?<\/strong><\/p>\n<p class=\"whitespace-pre-wrap\">A: Reines Aluminium hat einen Aluminiumgehalt von 99 % oder dar\u00fcber, w\u00e4hrend Aluminiumlegierungspulver andere Elemente wie Magnesium, Silizium, Zink enthalten. Reines Aluminium bietet eine hohe Leitf\u00e4higkeit, aber eine geringere Festigkeit als Legierungen.<\/p>\n<p class=\"whitespace-pre-wrap\"><strong>F: Welche Faktoren beeinflussen die Eigenschaften von Bauteilen aus Rein-Aluminium-Pulver?<\/strong><\/p>\n<p class=\"whitespace-pre-wrap\">A: Wesentliche Faktoren sind scheinbare Dichte, Korngr\u00f6\u00dfenverteilung, Verdichtungsdruck, Sinterparameter, Verunreinigungen und Porosit\u00e4t des Endbauteils.<\/p>\n<p><\/span><\/span><\/p>","protected":false},"excerpt":{"rendered":"<p>\u00dcberblick \u00fcber reines Aluminiumpulver Reines Aluminiumpulver enth\u00e4lt 99% oder einen h\u00f6heren Aluminiumgehalt. Es bietet eine geringe Dichte in Verbindung mit guter Duktilit\u00e4t, Leitf\u00e4higkeit und Korrosionsbest\u00e4ndigkeit. Zu den wichtigsten Eigenschaften und Vorteilen von reinem Aluminiumpulver geh\u00f6ren: Reines Aluminiumpulver Eigenschaften und Merkmale Eigenschaften Details Zusammensetzung 99% oder h\u00f6herer Al-Gehalt Dichte 2,7 g\/cc Partikelform Kugelf\u00f6rmig,...<\/p>","protected":false},"featured_media":1853,"parent":0,"template":"","meta":{"_acf_changed":false,"_kad_blocks_custom_css":"","_kad_blocks_head_custom_js":"","_kad_blocks_body_custom_js":"","_kad_blocks_footer_custom_js":"","_kad_post_transparent":"","_kad_post_title":"","_kad_post_layout":"","_kad_post_sidebar_id":"","_kad_post_content_style":"","_kad_post_vertical_padding":"","_kad_post_feature":"","_kad_post_feature_position":"","_kad_post_header":false,"_kad_post_footer":false,"_kad_post_classname":""},"product-category":[119,124],"class_list":["post-3896","product","type-product","status-publish","has-post-thumbnail","hentry","product-category-3d-printing-metal-powder","product-category-aluminum-based-alloy-powder"],"acf":[],"taxonomy_info":{"product-category":[{"value":119,"label":"3D Printing Metal Powder"},{"value":124,"label":"Aluminum Based Alloy Powder"}]},"featured_image_src_large":["https:\/\/3dpmetal.com\/wp-content\/uploads\/2024\/02\/Pure-aluminum-powder.jpg",600,600,false],"author_info":[],"comment_info":"","_links":{"self":[{"href":"https:\/\/3dpmetal.com\/de\/wp-json\/wp\/v2\/product\/3896","targetHints":{"allow":["GET"]}}],"collection":[{"href":"https:\/\/3dpmetal.com\/de\/wp-json\/wp\/v2\/product"}],"about":[{"href":"https:\/\/3dpmetal.com\/de\/wp-json\/wp\/v2\/types\/product"}],"wp:featuredmedia":[{"embeddable":true,"href":"https:\/\/3dpmetal.com\/de\/wp-json\/wp\/v2\/media\/1853"}],"wp:attachment":[{"href":"https:\/\/3dpmetal.com\/de\/wp-json\/wp\/v2\/media?parent=3896"}],"wp:term":[{"taxonomy":"product-category","embeddable":true,"href":"https:\/\/3dpmetal.com\/de\/wp-json\/wp\/v2\/product-category?post=3896"}],"curies":[{"name":"wp","href":"https:\/\/api.w.org\/{rel}","templated":true}]}}