{"id":3899,"date":"2024-03-18T06:10:12","date_gmt":"2024-03-18T06:10:12","guid":{"rendered":"https:\/\/3dp.45612300.xyz\/product\/alsi12-powder\/"},"modified":"2024-03-18T06:10:12","modified_gmt":"2024-03-18T06:10:12","slug":"alsi12-powder","status":"publish","type":"product","link":"https:\/\/3dpmetal.com\/de\/product\/alsi12-powder\/","title":{"rendered":"AlSi12 Pulver"},"content":{"rendered":"<p><span style=\"vertical-align: inherit;\"><span style=\"vertical-align: inherit;\"><\/p>\n<h2>\u00dcberblick \u00fcber AlSi12-Pulver<\/h2>\n<p class=\"whitespace-pre-wrap\">AlSi12 oder A413 ist eine Aluminiumgusslegierung mit relativ hohem Siliziumanteil. Die Zugabe von 12 % Silizium f\u00fchrt zu guter Verschlei\u00dffestigkeit, niedrigem W\u00e4rmeausdehnungskoeffizienten und hoher W\u00e4rmeleitf\u00e4higkeit.<\/p>\n<p class=\"whitespace-pre-wrap\">Zu den wichtigsten Eigenschaften von AlSi12-Pulver geh\u00f6ren:<\/p>\n<ul class=\"list-disc pl-8 space-y-2\">\n<li class=\"whitespace-normal\">Gute Festigkeit und H\u00e4rte<\/li>\n<li class=\"whitespace-normal\">Ausgezeichnete Verschlei\u00dffestigkeit<\/li>\n<li class=\"whitespace-normal\">Gute Dimensionsstabilit\u00e4t<\/li>\n<li class=\"whitespace-normal\">Hohe W\u00e4rmeleitf\u00e4higkeit<\/li>\n<li class=\"whitespace-normal\">Gute Bearbeitbarkeit und Polierbarkeit<\/li>\n<li class=\"whitespace-normal\">Geringe spezifische Schwerkraft<\/li>\n<li class=\"whitespace-normal\">In verschiedenen Partikelgr\u00f6\u00dfenverteilungen verf\u00fcgbar<\/li>\n<\/ul>\n<p class=\"whitespace-pre-wrap\">AlSi12 wird zur Herstellung von Zylinderlaufbuchsen, Kolbenringen, Kipphebeln, Pleueln und Teilen verwendet, die Hitze- und Verschlei\u00dffestigkeit erfordern. Der pulvermetallurgische Ansatz erm\u00f6glicht komplexe Geometrien.<\/p>\n<h2>Zusammensetzung von AlSi12 Pulver<\/h2>\n<p class=\"whitespace-pre-wrap\">Die typische Zusammensetzung von AlSi12-Pulver ist:<\/p>\n<table>\n<thead>\n<tr>\n<th>Element<\/th>\n<th>Gew.-%<\/th>\n<\/tr>\n<\/thead>\n<tbody>\n<tr>\n<td>Aluminium (Al)<\/td>\n<td>Balanse<\/td>\n<\/tr>\n<tr>\n<td>Silizium (Si)<\/td>\n<td>11-13%<\/td>\n<\/tr>\n<tr>\n<td>Kupfer (Cu)<\/td>\n<td>&lt;1 %<\/td>\n<\/tr>\n<tr>\n<td>Magnesium (Mg)<\/td>\n<td>&lt;1 %<\/td>\n<\/tr>\n<tr>\n<td>Eisen (Fe)<\/td>\n<td>&lt;1 %<\/td>\n<\/tr>\n<tr>\n<td>Mangan (Mn)<\/td>\n<td>&lt;1 %<\/td>\n<\/tr>\n<tr>\n<td>Zink (Zn)<\/td>\n<td>&lt;1 %<\/td>\n<\/tr>\n<tr>\n<td>Nickel (Ni)<\/td>\n<td>&lt;0,5%<\/td>\n<\/tr>\n<\/tbody>\n<\/table>\n<p><img loading=\"lazy\" decoding=\"async\" class=\"size-medium wp-image-1409 aligncenter\" src=\"https:\/\/met3dp.com\/wp-content\/uploads\/2023\/09\/ed7a94ec-3c10-4b1b-87ed--300x300.jpg\" alt=\"AlSi12 Pulver\" width=\"300\" height=\"300\" title=\"\"><\/p>\n<p class=\"whitespace-pre-wrap\">Aluminium liefert die Matrix, w\u00e4hrend Silizium das Hauptlegierungselement ist. Spuren von anderen Elementen k\u00f6nnen vorhanden sein. Der hohe Siliziumanteil f\u00fchrt zu den besonderen Eigenschaften dieser Legierung.<\/p>\n<h2>Eigenschaften von AlSi12-Pulver<\/h2>\n<p class=\"whitespace-pre-wrap\">AlSi12-Pulver besitzt folgende Eigenschaften:<\/p>\n<table>\n<thead>\n<tr>\n<th>Immobilie<\/th>\n<th>Wert<\/th>\n<\/tr>\n<\/thead>\n<tbody>\n<tr>\n<td>Dichte<\/td>\n<td>2,7 g\/cc<\/td>\n<\/tr>\n<tr>\n<td>Schmelzpunkt<\/td>\n<td>560 \u201eC<\/td>\n<\/tr>\n<tr>\n<td>W\u00e4rmeleitf\u00e4higkeit<\/td>\n<td>150-180 W\/mK<\/td>\n<\/tr>\n<tr>\n<td>Elektrischer Widerstand<\/td>\n<td>4-6 cm<\/td>\n<\/tr>\n<tr>\n<td>Elastizit\u00e4tsmodul<\/td>\n<td>80\u201390 GPa<\/td>\n<\/tr>\n<tr>\n<td>Poissonzahl<\/td>\n<td>0.33<\/td>\n<\/tr>\n<tr>\n<td>Zugfestigkeit<\/td>\n<td>240-300 MPa<\/td>\n<\/tr>\n<tr>\n<td>Druckfestigkeit<\/td>\n<td>600\u2013650 MPa<\/td>\n<\/tr>\n<tr>\n<td>Verl\u00e4ngerung<\/td>\n<td>3-5%<\/td>\n<\/tr>\n<tr>\n<td>H\u00e4rte<\/td>\n<td>80-90 Brinell<\/td>\n<\/tr>\n<\/tbody>\n<\/table>\n<p>&nbsp;<\/p>\n<p class=\"whitespace-pre-wrap\">Die Siliziumzugaben bewirken im Vergleich zu unlegiertem Aluminium eine h\u00f6here Festigkeit, H\u00e4rte, Verschlei\u00dffestigkeit und W\u00e4rmeleitf\u00e4higkeit. Das Material beh\u00e4lt eine gute Duktilit\u00e4t und Bearbeitbarkeit.<\/p>\n<h2>Herstellungsverfahren von AlSi12-Pulver<\/h2>\n<p class=\"whitespace-pre-wrap\">AlSi12-Pulver wird durch:<\/p>\n<ul class=\"list-disc pl-8 space-y-2\">\n<li class=\"whitespace-normal\"><strong>Gasverd\u00fcsung<\/strong>?- Hochdruck-Inertgasstrahlen zerst\u00e4uben geschmolzene AlSi12-Legierung, um sph\u00e4rische Pulver zu bilden. Dies produziert Pulver mit glatter Morphologie und enger Gr\u00f6\u00dfenverteilung, die f\u00fcr die AM geeignet sind.<\/li>\n<li class=\"whitespace-normal\"><strong>Wasserzerst\u00e4ubung<\/strong>?- Hochgeschwindigkeitswasserstrahlen treffen auf den geschmolzenen Metallstrom, um feine unregelm\u00e4\u00dfige AlSi12-Partikel zu erzeugen. Niedrigere Kosten, aber h\u00f6here Sauerstoffaufnahme.<\/li>\n<li class=\"whitespace-normal\"><strong>Mechanical Mahlen<\/strong>?- Kugelmahlen von Aluminium- und Siliziumpulvern, gefolgt von Mischen, Verdichten und Sintern. F\u00fchrt zu breiter Gr\u00f6\u00dfenverteilung.<\/li>\n<\/ul>\n<p class=\"whitespace-pre-wrap\">Gasverd\u00fcsung wird bevorzugt, wenn sph\u00e4risches Pulver mit kontrollierten Eigenschaften ben\u00f6tigt wird, beispielsweise f\u00fcr die additive Fertigung oder MIM. Der Weg des mechanischen Mahlens ist kosteng\u00fcnstiger.<\/p>\n<h2>Anwendungen von AlSi12-Pulver<\/h2>\n<p class=\"whitespace-pre-wrap\">Zu den Hauptanwendungen von AlSi12-Legierungspulver geh\u00f6ren:<\/p>\n<ul class=\"list-disc pl-8 space-y-2\">\n<li class=\"whitespace-normal\"><strong>Additive Fertigung<\/strong>?- Wird verwendet, um komplexe Metallteile durch selektives Laserschmelzen, direktes Metall-Lasersintern, Binder Jetting usw. herzustellen.<\/li>\n<li class=\"whitespace-normal\"><strong>Pulvermetallurgie<\/strong>Kompaktieren und Sintern zur Herstellung hochleistungsf\u00e4higer Teile wie Kolbenringe, Pumpenkomponenten und Kipphebel.<\/li>\n<li class=\"whitespace-normal\"><strong>Metallspritzguss<\/strong>?- Produziert komplexe Bauteile mit exzellenten Eigenschaften und Oberfl\u00e4chenbeschaffenheit.<\/li>\n<li class=\"whitespace-normal\"><strong>Verschlei\u00dffeste Beschichtungen<\/strong>?- Auf Zylinderbohrungen, Kolbensch\u00e4fte und Motorbl\u00f6cken durch thermisches Spritzverfahren aufgetragen.<\/li>\n<li class=\"whitespace-normal\"><strong>L\u00f6tf\u00fcllmateriale<\/strong>?- Zum Verbinden von Aluminium- und Stahlkomponenten in Automobil- und Luftfahrtanwendungen.<\/li>\n<li class=\"whitespace-normal\"><strong>Reibmaterialien<\/strong>?- Hoher Siliziumgehalt verbessert die Reibungsleistung. Wird in Bremsbel\u00e4gen, Kupplungsscheiben verwendet.<\/li>\n<li class=\"whitespace-normal\"><strong>Besetzungsaufruf<\/strong>?- Zu Aluminiumschmelzen hinzugef\u00fcgt, zur Verbesserung der Gie\u00dfbarkeit und Verschlei\u00dffestigkeit.<\/li>\n<\/ul>\n<h2>Spezifikationen von AlSi12-Pulver<\/h2>\n<p class=\"whitespace-pre-wrap\">AlSi12-Pulver ist in verschiedenen Gr\u00f6\u00dfenbereichen, Sorten und Reinheitsgraden erh\u00e4ltlich:<\/p>\n<ul class=\"list-disc pl-8 space-y-2\">\n<li class=\"whitespace-normal\"><strong>Teilchengr\u00f6\u00dfe:<\/strong>?Von 10 bis 150 Mikrometer f\u00fcr AM, unter 45 Mikrometer f\u00fcr MIM-Ausgangsmaterial.<\/li>\n<li class=\"whitespace-normal\"><strong>Morphologie:<\/strong>?Kugelform, unregelm\u00e4\u00dfig und gemischt. Kugelform verbessert Flie\u00dfen und Verpacken.<\/li>\n<li class=\"whitespace-normal\"><strong>Reinheit:<\/strong>? Von kommerziellen zu Reinsorten basierend auf Elementaranalyse.<\/li>\n<li class=\"whitespace-normal\"><strong>Sauerstoffgehalt:<\/strong>? Die Konzentrationen reichen von 300-1000ppm f\u00fcr gasatomisierte Pulver, h\u00f6her f\u00fcr wasseratomisierte.<\/li>\n<li class=\"whitespace-normal\"><strong>Noten:<\/strong>?Kundenspezifische Zusammensetzung und Pulvercharakteristiken je nach Anwendung.<\/li>\n<li class=\"whitespace-normal\"><strong>Oberfl\u00e4che:<\/strong>? Die Oberfl\u00e4che von Nanopulver erreicht eine Fl\u00e4che von bis zu 10 m2\/g.<\/li>\n<\/ul>\n<h2>Globale AlSi12 Pulverlieferanten<\/h2>\n<p class=\"whitespace-pre-wrap\">Einige der weltweit wichtigsten Anbieter von AlSi12-Pulver sind:<\/p>\n<ul class=\"list-disc pl-8 space-y-2\">\n<li class=\"whitespace-normal\">Alpoco (UK)<\/li>\n<li class=\"whitespace-normal\">AMC Powders (Deutschland)<\/li>\n<li class=\"whitespace-normal\">Makin Metal Powders (UK)<\/li>\n<li class=\"whitespace-normal\">Belmont Metals (USA)<\/li>\n<li class=\"whitespace-normal\">CNPC Powder (China)<\/li>\n<li class=\"whitespace-normal\">SCM Metal Products (USA)<\/li>\n<li class=\"whitespace-normal\">H\u00f6gan\u00e4s (Schweden)<\/li>\n<\/ul>\n<p class=\"whitespace-pre-wrap\">Diese Unternehmen bieten verschiedene Partikelgr\u00f6\u00dfenverteilungen, Pulvermorphologien und kundenspezifische AlSi12-Pulversorten an, die auf additive Fertigung, thermisches Spr\u00fchen, MIM und andere Anwendungen zugeschnitten sind.<\/p>\n<h2>Preisgestaltung f\u00fcr AlSi12-Pulver<\/h2>\n<p class=\"whitespace-pre-wrap\">Die AlSi12-Pulverpreise h\u00e4ngen ab von:<\/p>\n<ul class=\"list-disc pl-8 space-y-2\">\n<li class=\"whitespace-normal\">Reinheitsgrade<\/li>\n<li class=\"whitespace-normal\">Partikelform und Gr\u00f6\u00dfenbereich<\/li>\n<li class=\"whitespace-normal\">Bestellmenge<\/li>\n<li class=\"whitespace-normal\">Zus\u00e4tzliche Pulverbearbeitung<\/li>\n<li class=\"whitespace-normal\">Lieferant und Standort<\/li>\n<\/ul>\n<table>\n<thead>\n<tr>\n<th>Note<\/th>\n<th>Preisspanne<\/th>\n<\/tr>\n<\/thead>\n<tbody>\n<tr>\n<td>Commercial<\/td>\n<td>$5-15 pro kg<\/td>\n<\/tr>\n<tr>\n<td>Hohe Reinheit<\/td>\n<td>15-25 \u20ac pro kg<\/td>\n<\/tr>\n<tr>\n<td>Ultrafein<\/td>\n<td>25-50 \u20ac pro kg<\/td>\n<\/tr>\n<tr>\n<td>Extra<\/td>\n<td>50-100 \u20ac pro kg<\/td>\n<\/tr>\n<\/tbody>\n<\/table>\n<p>&nbsp;<\/p>\n<p class=\"whitespace-pre-wrap\">Im Allgemeinen ist kugelf\u00f6rmiges, gaszerst\u00e4ubtes Pulver mit kontrollierter Partikelgr\u00f6\u00dfenverteilung und hoher Reinheit f\u00fcr AM und MIM wesentlich teurer als kommerzielle G\u00fcteklassen.<\/p>\n<h2>Lagerung und Nutzung von AlSi12 Pulver<\/h2>\n<p class=\"whitespace-pre-wrap\">AlSi12-Pulver muss sorgf\u00e4ltig gelagert und gehandhabt werden, um Folgendes zu vermeiden:<\/p>\n<ul class=\"list-disc pl-8 space-y-2\">\n<li class=\"whitespace-normal\">Kontakt mit Feuchtigkeit - f\u00fchrt zu Oxidation. In verschlossenen Beh\u00e4ltern mit Trockenmittelbeuteln lagern.<\/li>\n<li class=\"whitespace-normal\">Agglomeration \u2013 verhindert das Flie\u00dfen. K\u00fchlen, trockenen Puder lagern und Zusatz von Flie\u00dfmitteln erw\u00e4gen.<\/li>\n<li class=\"whitespace-normal\">Brandgefahr \u2013 aufgrund der Entz\u00fcndbarkeit der fein verteilten Metalle nicht in der N\u00e4he von Z\u00fcndquellen lagern.<\/li>\n<li class=\"whitespace-normal\">Einatmen - Tragen Sie Masken, um das Einatmen von Feinstaub w\u00e4hrend der Handhabung zu vermeiden.<\/li>\n<li class=\"whitespace-normal\">Die Sicherheitsdatenblatt-Vorsichtsma\u00dfnahmen des Lieferanten sind zu befolgen.<\/li>\n<\/ul>\n<p class=\"whitespace-pre-wrap\">Die Verwendung der richtigen Schutzgas-Handschuhkastentechnik wird beim Umgang mit reaktiven Aluminiumpulvern empfohlen.<\/p>\n<h2>Test- und Charakterisierungsmethoden<\/h2>\n<p class=\"whitespace-pre-wrap\">Wichtige Pr\u00fcfmethoden f\u00fcr AlSi12-Pulver umfassen:<\/p>\n<ul class=\"list-disc pl-8 space-y-2\">\n<li class=\"whitespace-normal\">Chemische Analyse &#8211; ICP- und XRF-Verfahren bestimmen Zusammensetzung und Reinheitsgrad.<\/li>\n<li class=\"whitespace-normal\">Korngr\u00f6\u00dfenanalyse &#8211; Wird nach ASTM B822 unter Verwendung von Laserbeugung durchgef\u00fchrt.<\/li>\n<li class=\"whitespace-normal\">Morphologie \u2013 Rasterelektronenmikroskopie enth\u00fcllt Form, Oberfl\u00e4chenstruktur<\/li>\n<li class=\"whitespace-normal\">Pulverfluss &#8211; Gemessen durch Hallendurchflussmesser nach ASTM B213 Standard.<\/li>\n<li class=\"whitespace-normal\">Dichte \u2013 Gemessen nach der Gaspyknometrie- oder Streudichtemethode.<\/li>\n<li class=\"whitespace-normal\">Mikrostruktur \u2013 R\u00f6ntgendiffraktionsanalyse der vorhandenen Phasen.<\/li>\n<\/ul>\n<p class=\"whitespace-pre-wrap\">Umfassende Pr\u00fcfung und Inspektion stellen sicher, dass AlSi12-Pulver die Anwendungsanforderungen erf\u00fcllt.<\/p>\n<h2>Vergleich von AlSi12- und AlSi10Mg-Pulver<\/h2>\n<p class=\"whitespace-pre-wrap\">AlSi12 und AlSi10Mg sind zwei Aluminiumlegierungspulver im Vergleich:<\/p>\n<table>\n<thead>\n<tr>\n<th>Parameter<\/th>\n<th>AlSi12 Pulver<\/th>\n<th>AlSi10Mg Pulver<\/th>\n<\/tr>\n<\/thead>\n<tbody>\n<tr>\n<td>Legierungstyp<\/td>\n<td>Gusslegierung<\/td>\n<td>Knetlegierung<\/td>\n<\/tr>\n<tr>\n<td>Wenn Inhalt<\/td>\n<td>11-13%<\/td>\n<td>9-11%<\/td>\n<\/tr>\n<tr>\n<td>Inhalt Mg<\/td>\n<td>&lt;1 %<\/td>\n<td>0.2-0.5%<\/td>\n<\/tr>\n<tr>\n<td>St\u00e4rke<\/td>\n<td>H\u00f6her<\/td>\n<td>Niedriger<\/td>\n<\/tr>\n<tr>\n<td>Verschlei\u00dffestigkeit<\/td>\n<td>Ausgezeichnet<\/td>\n<td>Gut<\/td>\n<\/tr>\n<tr>\n<td>Korrosionsbest\u00e4ndigkeit<\/td>\n<td>Mittelm\u00e4ssig<\/td>\n<td>Ausgezeichnet<\/td>\n<\/tr>\n<tr>\n<td>Zerspanbarkeit<\/td>\n<td>Sehr gut<\/td>\n<td>Mittelm\u00e4ssig<\/td>\n<\/tr>\n<tr>\n<td>ANWENDUNGEN<\/td>\n<td>Verschlei\u00dfteile, W\u00e4rmemanagement<\/td>\n<td>Raumfahrt, Schiffsbauteile<\/td>\n<\/tr>\n<tr>\n<td>Kosten<\/td>\n<td>Niedriger<\/td>\n<td>H\u00f6her<\/td>\n<\/tr>\n<\/tbody>\n<\/table>\n<p>&nbsp;<\/p>\n<p class=\"whitespace-pre-wrap\">AlSi12 bietet die beste Kombination aus Verschlei\u00dfeigenschaften, Bearbeitbarkeit und niedrigen Kosten, w\u00e4hrend AlSi10Mg eine h\u00f6here Festigkeit und Korrosionsbest\u00e4ndigkeit bietet, die f\u00fcr kritische Bauteile erforderlich sind.<\/p>\n<h2>H\u00e4ufig gestellte Fragen zu AlSi12-Pulver<\/h2>\n<p class=\"whitespace-pre-wrap\"><strong>F: Wie wird AlSi12-Pulver produziert?<\/strong><\/p>\n<p class=\"whitespace-pre-wrap\">A: AlSi12-Pulver wird kommerziell durch Gaszerst\u00e4ubung und Wasserzerst\u00e4ubung der geschmolzenen Legierung hergestellt. Unter anderem wird diese Pulverform auch durch mechanische Vermahlung erzeugt.<\/p>\n<p class=\"whitespace-pre-wrap\"><strong>F: Wozu nutzt man AlSi12 Pulver?<\/strong><\/p>\n<p class=\"whitespace-pre-wrap\">A: AlSi12 findet Anwendung in additiver Fertigung, Herstellung von Pulvermetallurgieteilen, thermischen Spritzbeschichtungen, Metallspritzgie\u00dfen und anderen Anwendungen, die eine leichte Legierung mit guten Verschlei\u00dfeigenschaften und Bearbeitbarkeit erfordern.<\/p>\n<p class=\"whitespace-pre-wrap\"><strong>F: Welches ist die typische Partikelgr\u00f6\u00dfe f\u00fcr AlSi12-Pulver in AM?<\/strong><\/p>\n<p class=\"whitespace-pre-wrap\">A: F\u00fcr die meisten Pulverbett und Binderstrahldruckverfahren im Zusammenhang mit additiver Fertigung liegt die ideale Partikelgr\u00f6\u00dfe von AlSi12-Pulver zwischen 20 und 65 Mikron mit guten Pulvereigenschaften.<\/p>\n<p class=\"whitespace-pre-wrap\"><strong>F: Sind bei der Handhabung von AlSi12-Pulver besondere Vorsichtsma\u00dfnahmen zu treffen?<\/strong><\/p>\n<p class=\"whitespace-pre-wrap\">A: Ja, es wird empfohlen, Aluminiumpulver nur unter inerten Bedingungen zu handhaben und die Ansammlung von Feinstaub zu vermeiden, um Feuer- und Explosionsgefahren zu minimieren. Es sollten die entsprechenden Bel\u00fcftungs- und PSA-Ma\u00dfnahmen getroffen werden.<\/p>\n<p class=\"whitespace-pre-wrap\"><strong>F: Wo kann ich AlSi12 Pulver f\u00fcr verschlei\u00dffeste Beschichtungen kaufen?<\/strong><\/p>\n<p class=\"whitespace-pre-wrap\">A: Speziatische AlSi12-Typen, die f\u00fcr thermische Spritzbeschichtungen geeignet sind, k\u00f6nnen von f\u00fchrenden Anbietern wie Makin Metal Powders, Alpoco, Belmont Metals und Hoganas erworben werden.<\/p>\n<p><\/span><\/span><\/p>","protected":false},"excerpt":{"rendered":"<p>\u00dcberblick \u00fcber AlSi12-Pulver AlSi12 oder A413 ist eine Aluminiumgusslegierung mit relativ hohem Siliziumgehalt. Der Zusatz von 12%-Silizium f\u00fchrt zu einer guten Verschlei\u00dffestigkeit, einem niedrigen W\u00e4rmeausdehnungskoeffizienten und einer hohen W\u00e4rmeleitf\u00e4higkeit. Zu den wichtigsten Eigenschaften von AlSi12-Pulver geh\u00f6ren: Gute Festigkeit und H\u00e4rte Ausgezeichnete Verschlei\u00dffestigkeit Gute Dimensionsstabilit\u00e4t Hohe W\u00e4rmeleitf\u00e4higkeit...<\/p>","protected":false},"featured_media":1800,"parent":0,"template":"","meta":{"_acf_changed":false,"_kad_blocks_custom_css":"","_kad_blocks_head_custom_js":"","_kad_blocks_body_custom_js":"","_kad_blocks_footer_custom_js":"","_kad_post_transparent":"","_kad_post_title":"","_kad_post_layout":"","_kad_post_sidebar_id":"","_kad_post_content_style":"","_kad_post_vertical_padding":"","_kad_post_feature":"","_kad_post_feature_position":"","_kad_post_header":false,"_kad_post_footer":false,"_kad_post_classname":""},"product-category":[119,124],"class_list":["post-3899","product","type-product","status-publish","has-post-thumbnail","hentry","product-category-3d-printing-metal-powder","product-category-aluminum-based-alloy-powder"],"acf":[],"taxonomy_info":{"product-category":[{"value":119,"label":"3D Printing Metal Powder"},{"value":124,"label":"Aluminum Based Alloy Powder"}]},"featured_image_src_large":["https:\/\/3dpmetal.com\/wp-content\/uploads\/2024\/02\/GA-AlSi12.png",960,704,false],"author_info":[],"comment_info":"","_links":{"self":[{"href":"https:\/\/3dpmetal.com\/de\/wp-json\/wp\/v2\/product\/3899","targetHints":{"allow":["GET"]}}],"collection":[{"href":"https:\/\/3dpmetal.com\/de\/wp-json\/wp\/v2\/product"}],"about":[{"href":"https:\/\/3dpmetal.com\/de\/wp-json\/wp\/v2\/types\/product"}],"wp:featuredmedia":[{"embeddable":true,"href":"https:\/\/3dpmetal.com\/de\/wp-json\/wp\/v2\/media\/1800"}],"wp:attachment":[{"href":"https:\/\/3dpmetal.com\/de\/wp-json\/wp\/v2\/media?parent=3899"}],"wp:term":[{"taxonomy":"product-category","embeddable":true,"href":"https:\/\/3dpmetal.com\/de\/wp-json\/wp\/v2\/product-category?post=3899"}],"curies":[{"name":"wp","href":"https:\/\/api.w.org\/{rel}","templated":true}]}}