{"id":3901,"date":"2024-03-18T06:10:12","date_gmt":"2024-03-18T06:10:12","guid":{"rendered":"https:\/\/3dp.45612300.xyz\/product\/al-6061-powder\/"},"modified":"2024-03-18T06:10:12","modified_gmt":"2024-03-18T06:10:12","slug":"al-6061-powder","status":"publish","type":"product","link":"https:\/\/3dpmetal.com\/de\/product\/al-6061-powder\/","title":{"rendered":"Al-6061-Pulver"},"content":{"rendered":"<p><span style=\"vertical-align: inherit;\"><span style=\"vertical-align: inherit;\"><\/p>\n<h2>\u00dcberblick \u00fcber Al 6061-Pulver<\/h2>\n<p class=\"whitespace-pre-wrap\">Al 6061 ist eine der vielseitigsten, w\u00e4rmebehandelbaren Aluminiumlegierungen. Magnesium- und Silikonzus\u00e4tze erm\u00f6glichen eine Verst\u00e4rkung durch Ausscheidungsh\u00e4rtung. Die Legierung ist aufgrund ihrer ausgezeichneten Korrosionsbest\u00e4ndigkeit, Bearbeitbarkeit, Schwei\u00dfbarkeit und mittleren bis hohen Festigkeit sehr beliebt geworden.<\/p>\n<p class=\"whitespace-pre-wrap\">Zu den wichtigsten Eigenschaften von Al-6061-Pulver geh\u00f6ren:<\/p>\n<ul class=\"list-disc pl-8 space-y-2\">\n<li class=\"whitespace-normal\">Mittlere bis hohe Festigkeit mit herausragender Duktilit\u00e4t und Z\u00e4higkeit<\/li>\n<li class=\"whitespace-normal\">Ausgezeichnete Korrosionsbest\u00e4ndigkeit und Oberfl\u00e4cheng\u00fcte<\/li>\n<li class=\"whitespace-normal\">Sehr gute Schwei\u00dfbarkeit und Bearbeitbarkeit<\/li>\n<li class=\"whitespace-normal\">Hohe thermische und elektrische Leitf\u00e4higkeit<\/li>\n<li class=\"whitespace-normal\">Geringe Dichte<\/li>\n<li class=\"whitespace-normal\">Erh\u00e4ltlich in einer Vielzahl von Pudergr\u00f6\u00dfen und -formen<\/li>\n<\/ul>\n<p class=\"whitespace-pre-wrap\">Al 6061 Pulver ist ein beliebter Werkstoff f\u00fcr Luft- und Raumfahrt, Marine, Kraftfahrzeugindustrie, Bauwesen und allgemeine technische Anwendungen, wo Leichtgewicht und gute mechanische Eigenschaften gefragt sind.<\/p>\n<h2>Chemische Zusammensetzung von Al 6061 Pulver<\/h2>\n<p class=\"whitespace-pre-wrap\">Die typische chemische Zusammensetzung von Al 6061-Pulver ist:<\/p>\n<table>\n<thead>\n<tr>\n<th>Element<\/th>\n<th>Gew.-%<\/th>\n<\/tr>\n<\/thead>\n<tbody>\n<tr>\n<td>Aluminium (Al)<\/td>\n<td>Balanse<\/td>\n<\/tr>\n<tr>\n<td>Silizium (Si)<\/td>\n<td>0.4-0.8%<\/td>\n<\/tr>\n<tr>\n<td>Eisen (Fe)<\/td>\n<td>0-0.7%<\/td>\n<\/tr>\n<tr>\n<td>Kupfer (Cu)<\/td>\n<td>0.15-0.4%<\/td>\n<\/tr>\n<tr>\n<td>Mangan (Mn)<\/td>\n<td>0-0.15%<\/td>\n<\/tr>\n<tr>\n<td>Magnesium (Mg)<\/td>\n<td>0.8-1.2%<\/td>\n<\/tr>\n<tr>\n<td>Chrom (Cr)<\/td>\n<td>0.04-0.35%<\/td>\n<\/tr>\n<tr>\n<td>Zink (Zn)<\/td>\n<td>0-0.25%<\/td>\n<\/tr>\n<tr>\n<td>Titan (Ti)<\/td>\n<td>0-0.15%<\/td>\n<\/tr>\n<\/tbody>\n<\/table>\n<p><img loading=\"lazy\" decoding=\"async\" class=\"size-medium wp-image-1409 aligncenter\" src=\"https:\/\/met3dp.com\/wp-content\/uploads\/2023\/09\/ed7a94ec-3c10-4b1b-87ed--300x300.jpg\" alt=\"Al-6061-Pulver\" width=\"300\" height=\"300\" title=\"\"><\/p>\n<p class=\"whitespace-pre-wrap\">Magnesium und Silizium sind die wichtigsten Legierungselemente. Spurenelementen von Eisen, Kupfer, Mangan und Chrom haben ebenfalls geringf\u00fcgige Auswirkungen auf die Legierungseigenschaften.<\/p>\n<h2>Eigenschaften von Al 6061 Pulver<\/h2>\n<p class=\"whitespace-pre-wrap\">Zu den wichtigsten Eigenschaften von Al 6061-Pulver geh\u00f6ren:<\/p>\n<table>\n<thead>\n<tr>\n<th>Immobilie<\/th>\n<th>Wert<\/th>\n<\/tr>\n<\/thead>\n<tbody>\n<tr>\n<td>Dichte<\/td>\n<td>2,7 g\/cm\u00b3<\/td>\n<\/tr>\n<tr>\n<td>Schmelzpunkt<\/td>\n<td>582-652\u00a1\u00abK<\/td>\n<\/tr>\n<tr>\n<td>W\u00e4rmeleitf\u00e4higkeit<\/td>\n<td>167 W\/mK<\/td>\n<\/tr>\n<tr>\n<td>Elektrische Leitf\u00e4higkeit<\/td>\n<td>43-45% IACS<\/td>\n<\/tr>\n<tr>\n<td>Elastizit\u00e4tsmodul<\/td>\n<td>68-72 GPa<\/td>\n<\/tr>\n<tr>\n<td>Poissonzahl<\/td>\n<td>0.33<\/td>\n<\/tr>\n<tr>\n<td>Zugfestigkeit<\/td>\n<td>124\u2013290 MPa<\/td>\n<\/tr>\n<tr>\n<td>Streckgrenze<\/td>\n<td>55\u2013250\u00a0MPa<\/td>\n<\/tr>\n<tr>\n<td>Verl\u00e4ngerung<\/td>\n<td>10-25%<\/td>\n<\/tr>\n<tr>\n<td>H\u00e4rte<\/td>\n<td>40-95 Brinell<\/td>\n<\/tr>\n<\/tbody>\n<\/table>\n<p>&nbsp;<\/p>\n<p class=\"whitespace-pre-wrap\">Al 6061 bietet mittelschwere bis hohe Festigkeit, die durch Hitzebehandlung weiter verbessert werden kann. Es verf\u00fcgt \u00fcber hervorragende Korrosionsbest\u00e4ndigkeit und Finishbarkeit.<\/p>\n<h2>Herstellungsverfahren f\u00fcr Al 6061- Pulver<\/h2>\n<p class=\"whitespace-pre-wrap\">Zu den Verfahren zur kommerziellen Herstellung von Al 6061-Pulver geh\u00f6ren:<\/p>\n<ul class=\"list-disc pl-8 space-y-2\">\n<li class=\"whitespace-normal\"><strong>Gasverd\u00fcsung<\/strong>?- Gas unter Hochdruck zersetzt die Schmelzlegierungsstr\u00f6mung in feines, kugelf\u00f6rmiges Pulver mit kontrollierter Gr\u00f6\u00dfenverteilung.<\/li>\n<li class=\"whitespace-normal\"><strong>Wasserzerst\u00e4ubung<\/strong>?- Hochgeschwindigkeitswasserstrahl trifft auf geschmolzenes Metall und zertr\u00fcmmert es zu kleinen unregelm\u00e4\u00dfigen Pulverpartikeln.<\/li>\n<li class=\"whitespace-normal\"><strong>Mechanisches Legieren<\/strong>?- Kugelmahlen einer Mischung aus Aluminium- und Legierungselementpulvern, gefolgt von Verdichtung und Sintern.<\/li>\n<\/ul>\n<p class=\"whitespace-pre-wrap\">Die Gaszerst\u00e4ubung erm\u00f6glicht eine hervorragende Kontrolle der Pulvercharakteristika.<\/p>\n<h2>Anwendungen von Al 6061-Pulver<\/h2>\n<p class=\"whitespace-pre-wrap\">Zu den \u00fcblichen Anwendungen von Al 6061 Pulver geh\u00f6ren:<\/p>\n<ul class=\"list-disc pl-8 space-y-2\">\n<li class=\"whitespace-normal\"><strong>Additive Fertigung<\/strong>?- Wird im selektiven Laserschmelzen, Elektronenstrahlschmelzen und Binder Jetting zur Herstellung komplexer Komponenten verwendet.<\/li>\n<li class=\"whitespace-normal\"><strong>Metallspritzguss<\/strong>Herstellung kleiner, komplizierter Teile mit engen Toleranzen und hervorragenden Eigenschaften.<\/li>\n<li class=\"whitespace-normal\"><strong>Pulvermetallurgie<\/strong>?- Pressen und Sinterverfahren zur Herstellung von Hochleistungs-Automobil- und Maschinenteilen.<\/li>\n<li class=\"whitespace-normal\"><strong>W\u00e4rmespr\u00fchen<\/strong>?-Lichtbogenspritzen zum Aufbringen von sch\u00fctzenden Al-6061-Beschichtungen mit Verschlei\u00df- und Korrosionsbest\u00e4ndigkeit.<\/li>\n<li class=\"whitespace-normal\"><strong>Schwei\u00dff\u00fcllstoff<\/strong>?- Wird als Zusatzdraht verwendet, um eine Schwei\u00dffestigkeit zu erzielen, die derjenigen des Grundmetalls entspricht.<\/li>\n<li class=\"whitespace-normal\"><strong>Pigmente<\/strong>?- Zu Farben und Polymeren hinzugef\u00fcgt, um Glanz und Korrosionsschutz bereitzustellen.<\/li>\n<\/ul>\n<h2>Charakteristika des Al 6061-Pulvers<\/h2>\n<p class=\"whitespace-pre-wrap\">Al 6061-Pulver ist in verschiedenen Gr\u00f6\u00dfenbereichen, Formen, G\u00fcten und Reinheitsgraden verf\u00fcgbar:<\/p>\n<ul class=\"list-disc pl-8 space-y-2\">\n<li class=\"whitespace-normal\"><strong>Teilchengr\u00f6\u00dfe:<\/strong>Von 10-150 Mikrometer f\u00fcr AM-Methoden bis zu 300 Mikrometer f\u00fcr thermische Spr\u00fchprozesse.<\/li>\n<li class=\"whitespace-normal\"><strong>Morphologie:<\/strong>?Kugelige, k\u00f6rnige, dendritische und unregelm\u00e4\u00dfig geformte Partikel. Glattes Pulver flie\u00dft besser.<\/li>\n<li class=\"whitespace-normal\"><strong>Reinheit:<\/strong>?Von handels\u00fcblich bis hochrein (99,9 %) auf die Anforderungen zugeschnitten.<\/li>\n<li class=\"whitespace-normal\"><strong>Noten:<\/strong>?Unter Ber\u00fccksichtigung der technischen Vorgaben von ASTM B221, EN 573 und ISO 209. Individuelle G\u00fcteklassen auf Anfrage.<\/li>\n<li class=\"whitespace-normal\"><strong>Flie\u00dff\u00e4higkeit:<\/strong>Das Pulver kann basierend auf der jeweiligen Anwendung f\u00fcr spezifische Durchflussraten angepasst werden.<\/li>\n<\/ul>\n<h2>Globale Anbieter von Al-6061-Pulver<\/h2>\n<p class=\"whitespace-pre-wrap\">Einige der bedeutenden Lieferanten weltweit sind:<\/p>\n<ul class=\"list-disc pl-8 space-y-2\">\n<li class=\"whitespace-normal\">Valimet Inc. (USA)<\/li>\n<li class=\"whitespace-normal\">Makin Metal Powders (UK)<\/li>\n<li class=\"whitespace-normal\">Metal Powder Company (USA)<\/li>\n<li class=\"whitespace-normal\">CNPC Pulvergruppe (China)<\/li>\n<li class=\"whitespace-normal\">SCM Metal Products (USA)<\/li>\n<li class=\"whitespace-normal\">Shanghai Chaowei Nanotechnologie (China)<\/li>\n<li class=\"whitespace-normal\">Titanpulver (Russland)<\/li>\n<\/ul>\n<p class=\"whitespace-pre-wrap\">Diese Unternehmen produzieren mit unterschiedlichen Verfahren Al 6061-Pulver, das f\u00fcr AM, thermisches Spr\u00fchen, Luft- und Raumfahrt, Automobilbau und andere anspruchsvolle Anwendungen geeignet ist.<\/p>\n<h2>AL 6061 Pulverpreise<\/h2>\n<p class=\"whitespace-pre-wrap\">Die Preisgestaltung von Al 6061-Pulver h\u00e4ngt von mehreren Faktoren ab:<\/p>\n<ul class=\"list-disc pl-8 space-y-2\">\n<li class=\"whitespace-normal\">Reinheitsgrade<\/li>\n<li class=\"whitespace-normal\">Partikelcharakteristiken<\/li>\n<li class=\"whitespace-normal\">Herstellungsverfahren f\u00fcr Pulver<\/li>\n<li class=\"whitespace-normal\">Bestellvolumen<\/li>\n<li class=\"whitespace-normal\">Lieferant und geografischer Standort<\/li>\n<\/ul>\n<table>\n<thead>\n<tr>\n<th>Note<\/th>\n<th>Preisspanne<\/th>\n<\/tr>\n<\/thead>\n<tbody>\n<tr>\n<td>Commercial<\/td>\n<td>$5-15 pro kg<\/td>\n<\/tr>\n<tr>\n<td>Hohe Reinheit<\/td>\n<td>15-30 \u20ac pro kg<\/td>\n<\/tr>\n<tr>\n<td>Ultrafein<\/td>\n<td>30-60 $ pro kg<\/td>\n<\/tr>\n<tr>\n<td>Extra<\/td>\n<td>60-120 \u20ac pro kg<\/td>\n<\/tr>\n<\/tbody>\n<\/table>\n<p>&nbsp;<\/p>\n<p class=\"whitespace-pre-wrap\">Kugelige, kontrollierte Partikelgr\u00f6\u00dfe und hochreine Pulver erzielen deutlich h\u00f6here Preise als normale Handelssorten von Al 6061-Pulver.<\/p>\n<h2>Lagerung und Handhabung von Al-6061-Pulver<\/h2>\n<p class=\"whitespace-pre-wrap\">Al 6061-Pulver sollte ordnungsgem\u00e4\u00df gehandhabt und gelagert werden, um Folgendes zu verhindern:<\/p>\n<ul class=\"list-disc pl-8 space-y-2\">\n<li class=\"whitespace-normal\">Oxidation und Reaktion mit Feuchtigkeit<\/li>\n<li class=\"whitespace-normal\">Staubexplosionsgefahren durch Feinpulver<\/li>\n<li class=\"whitespace-normal\">Gesundheitsbeschwerden im Zusammenhang mit dem Einatmen<\/li>\n<li class=\"whitespace-normal\">Die Sicherheitsverfahren aus dem Sicherheitsdatenblatt des Lieferanten sind einzuhalten<\/li>\n<\/ul>\n<p class=\"whitespace-pre-wrap\">F\u00fcr den Umgang mit dem Pulver werden die Lagerung unter Schutzgas, angemessene L\u00fcftung, Erdung und PSA empfohlen.<\/p>\n<h2>Test- und Charakterisierungsmethoden<\/h2>\n<p class=\"whitespace-pre-wrap\">Zu den wichtigsten Testmethoden, die f\u00fcr Al 6061-Pulver verwendet werden, geh\u00f6ren:<\/p>\n<ul class=\"list-disc pl-8 space-y-2\">\n<li class=\"whitespace-normal\">Chemische Analyse mittels OES oder RFA zur Ermittlung der Zusammensetzung<\/li>\n<li class=\"whitespace-normal\">Korngr\u00f6\u00dfenverteilung gem\u00e4\u00df ASTM B822-Standard<\/li>\n<li class=\"whitespace-normal\">Morphologieanalyse durch SEM<\/li>\n<li class=\"whitespace-normal\">Mit Hall-Flie\u00dftrichter gemessene Pulverflie\u00dfrate<\/li>\n<li class=\"whitespace-normal\">Dichtebestimmung mittels Helium-Pyknometrie<\/li>\n<li class=\"whitespace-normal\">Unreinheitsanalyse durch ICP-MS<\/li>\n<li class=\"whitespace-normal\">Gef\u00fcgeuntersuchung mit Hilfe der R\u00f6ntgendiffraktion<\/li>\n<\/ul>\n<p class=\"whitespace-pre-wrap\">Diese Tests gew\u00e4hrleisten die Serienkonsistenz und die Einhaltung von Anwendungsanforderungen.<\/p>\n<h2>Vergleich zwischen Al 6061 und Al 7075 Pulvern<\/h2>\n<p class=\"whitespace-pre-wrap\">Al 6061 und Al 7075: Vergleich zweier Aluminiumpulver:<\/p>\n<table>\n<thead>\n<tr>\n<th>Parameter<\/th>\n<th>Al 6061<\/th>\n<th>Al 7075<\/th>\n<\/tr>\n<\/thead>\n<tbody>\n<tr>\n<td>Legierungstyp<\/td>\n<td>W\u00e4rmebehandelbar<\/td>\n<td>W\u00e4rmebehandelbar<\/td>\n<\/tr>\n<tr>\n<td>Inhalt Mg<\/td>\n<td>0.8-1.2%<\/td>\n<td>2.1-2.9%<\/td>\n<\/tr>\n<tr>\n<td>St\u00e4rke<\/td>\n<td>Mittel<\/td>\n<td>Sehr hoch<\/td>\n<\/tr>\n<tr>\n<td>Zerspanbarkeit<\/td>\n<td>Ausgezeichnet<\/td>\n<td>Arm<\/td>\n<\/tr>\n<tr>\n<td>Schwei\u00dfbarkeit<\/td>\n<td>Ausgezeichnet<\/td>\n<td>Arm<\/td>\n<\/tr>\n<tr>\n<td>Korrosionsbest\u00e4ndigkeit<\/td>\n<td>Ausgezeichnet<\/td>\n<td>Gut<\/td>\n<\/tr>\n<tr>\n<td>Kosten<\/td>\n<td>Niedriger<\/td>\n<td>H\u00f6her<\/td>\n<\/tr>\n<\/tbody>\n<\/table>\n<p>&nbsp;<\/p>\n<p class=\"whitespace-pre-wrap\">Al 6061 bietet eine bessere Korrosionsbest\u00e4ndigkeit und Bearbeitbarkeit, w\u00e4hrend Al 7075 nach der W\u00e4rmebehandlung eine h\u00f6here Festigkeit aufweist.<\/p>\n<h2>H\u00e4ufig gestellte Fragen zu Al 6061-Pulver<\/h2>\n<p class=\"whitespace-pre-wrap\"><strong>F: Wie wird Al 6061-Pulver hergestellt?<\/strong><\/p>\n<p class=\"whitespace-pre-wrap\">A: Al 6061 pulver wird kommerziell hergestellt unter Verwendung von Gaszerst\u00e4ubung, Wasserzerst\u00e4ubung, mechanischer Legierung und Elektrolysetechniken. Gaszerst\u00e4ubung bietet die optimale Kontrolle der Pulvercharakteristiken.<\/p>\n<p class=\"whitespace-pre-wrap\"><strong>F: Wo ist Aluminium 6061 vorrangig im Einsatz?<\/strong><\/p>\n<p class=\"whitespace-pre-wrap\">A: Hauptanwendungen f\u00fcr Al 6061-Pulver sind additive Fertigung, thermische Spritzbeschichtungen, Pulvermetallurgieteile, Metallspritzguss, Pigmente und Schwei\u00dfzusatzdr\u00e4hte, die mittlere Festigkeit und ausgezeichnete Korrosionsbest\u00e4ndigkeit erfordern.<\/p>\n<p class=\"whitespace-pre-wrap\"><strong>F: Was ist die empfohlene Pulvergr\u00f6\u00dfe f\u00fcr Al 6061 f\u00fcr Binder-Jetting?<\/strong><\/p>\n<p class=\"whitespace-pre-wrap\">A: F\u00fcr das Binder-Jetting-Verfahren liegt der typische Al 6061-Pulvergr\u00f6\u00dfenbereich bei 20-45 Mikron mit einer kugelf\u00f6rmigen Morphologie, um eine gute Pulverbettdichte und Binderinfiltration zu erm\u00f6glichen.<\/p>\n<p class=\"whitespace-pre-wrap\"><strong>F: Sind beim Pulver aus Al 6061 besondere Handhabungsvorkehrungen erforderlich?<\/strong><\/p>\n<p class=\"whitespace-pre-wrap\">A: Ja, es wird empfohlen, Aluminiumlegierungspulver unter einer inerten Atmosph\u00e4re mit ordnungsgem\u00e4\u00dfer Erdung, Bel\u00fcftung und PSA vorsichtig zu handhaben, um Brand- oder Explosionsgefahren abzuwenden.<\/p>\n<p class=\"whitespace-pre-wrap\"><strong>F: Wo kann ich Al 6061-Pulver kaufen, das f\u00fcr die Luftfahrt geeignet ist?<\/strong><\/p>\n<p class=\"whitespace-pre-wrap\">A: Hochreines, durch Gas atomisiertes Al-6061-Pulver, das die Standards der Luft- und Raumfahrtindustrie erf\u00fcllt, kann von f\u00fchrenden Herstellern wie Valimet, Makin Metal Powders und AMETEK erworben werden.<\/p>\n<p><\/span><\/span><\/p>","protected":false},"excerpt":{"rendered":"<p>\u00dcberblick \u00fcber Al 6061-Pulver Al 6061 ist eine der vielseitigsten w\u00e4rmebehandelbaren Aluminiumlegierungen. Durch die Zugabe von Magnesium und Silizium kann es durch Ausscheidungsh\u00e4rtung verfestigt werden. Die Legierung ist aufgrund ihrer hervorragenden Korrosionsbest\u00e4ndigkeit, Bearbeitbarkeit, Schwei\u00dfbarkeit und mittleren bis hohen Festigkeit sehr beliebt geworden. Die wichtigsten Eigenschaften von Al 6061-Pulver sind:...<\/p>","protected":false},"featured_media":1804,"parent":0,"template":"","meta":{"_acf_changed":false,"_kad_blocks_custom_css":"","_kad_blocks_head_custom_js":"","_kad_blocks_body_custom_js":"","_kad_blocks_footer_custom_js":"","_kad_post_transparent":"","_kad_post_title":"","_kad_post_layout":"","_kad_post_sidebar_id":"","_kad_post_content_style":"","_kad_post_vertical_padding":"","_kad_post_feature":"","_kad_post_feature_position":"","_kad_post_header":false,"_kad_post_footer":false,"_kad_post_classname":""},"product-category":[119,124],"class_list":["post-3901","product","type-product","status-publish","has-post-thumbnail","hentry","product-category-3d-printing-metal-powder","product-category-aluminum-based-alloy-powder"],"acf":[],"taxonomy_info":{"product-category":[{"value":119,"label":"3D Printing Metal Powder"},{"value":124,"label":"Aluminum Based Alloy Powder"}]},"featured_image_src_large":["https:\/\/3dpmetal.com\/wp-content\/uploads\/2024\/02\/Al-6061-powder.png",422,316,false],"author_info":[],"comment_info":"","_links":{"self":[{"href":"https:\/\/3dpmetal.com\/de\/wp-json\/wp\/v2\/product\/3901","targetHints":{"allow":["GET"]}}],"collection":[{"href":"https:\/\/3dpmetal.com\/de\/wp-json\/wp\/v2\/product"}],"about":[{"href":"https:\/\/3dpmetal.com\/de\/wp-json\/wp\/v2\/types\/product"}],"wp:featuredmedia":[{"embeddable":true,"href":"https:\/\/3dpmetal.com\/de\/wp-json\/wp\/v2\/media\/1804"}],"wp:attachment":[{"href":"https:\/\/3dpmetal.com\/de\/wp-json\/wp\/v2\/media?parent=3901"}],"wp:term":[{"taxonomy":"product-category","embeddable":true,"href":"https:\/\/3dpmetal.com\/de\/wp-json\/wp\/v2\/product-category?post=3901"}],"curies":[{"name":"wp","href":"https:\/\/api.w.org\/{rel}","templated":true}]}}