{"id":3903,"date":"2024-03-18T06:10:12","date_gmt":"2024-03-18T06:10:12","guid":{"rendered":"https:\/\/3dp.45612300.xyz\/product\/al-3003-powder\/"},"modified":"2024-03-18T06:10:12","modified_gmt":"2024-03-18T06:10:12","slug":"al-3003-powder","status":"publish","type":"product","link":"https:\/\/3dpmetal.com\/de\/product\/al-3003-powder\/","title":{"rendered":"Al 3003 Pulver"},"content":{"rendered":"<p><span style=\"vertical-align: inherit;\"><span style=\"vertical-align: inherit;\"><\/p>\n<h2>\u00dcberblick \u00fcber Al 3003-Pulver<\/h2>\n<p class=\"whitespace-pre-wrap\">Al 3003 oder 3A21 Aluminium ist eine Knetlegierung, die f\u00fcr ihre gute Kaltumformbarkeit, Schwei\u00dfbarkeit und Korrosionsbest\u00e4ndigkeit bekannt ist. Die Manganzus\u00e4tze erh\u00f6hen die Festigkeit durch Mischkristallverfestigung bei gleichbleibender Verarbeitbarkeit.<\/p>\n<p class=\"whitespace-pre-wrap\">Zu den wichtigsten Eigenschaften von Al 3003-Pulver geh\u00f6ren:<\/p>\n<ul class=\"list-disc pl-8 space-y-2\">\n<li class=\"whitespace-normal\">M\u00e4\u00dfige Festigkeit mit guter Duktilit\u00e4t<\/li>\n<li class=\"whitespace-normal\">Ausgezeichnete Umformbarkeit und Schwei\u00dfbarkeit<\/li>\n<li class=\"whitespace-normal\">Gute Korrosionsbest\u00e4ndigkeit<\/li>\n<li class=\"whitespace-normal\">Hohe thermische und elektrische Leitf\u00e4higkeit<\/li>\n<li class=\"whitespace-normal\">Geringe Dichte<\/li>\n<li class=\"whitespace-normal\">Erh\u00e4ltlich in einer Reihe von Pulvergr\u00f6\u00dfen und -formen<\/li>\n<\/ul>\n<p class=\"whitespace-pre-wrap\">Al 3003-Pulver findet breite Anwendung in chemischen Tanks, Rohrleitungen, Automobilteilen, W\u00e4rmetauschern, Gebrauchsgegenst\u00e4nden und anderen Anwendungen, die eine moderate Festigkeit, Verformbarkeit und Korrosionsbest\u00e4ndigkeit erfordern.<\/p>\n<h2>Chemische Zusammensetzung von Al 3003-Pulver<\/h2>\n<p class=\"whitespace-pre-wrap\">Die typische chemische Zusammensetzung von Al 3003-Pulver ist:<\/p>\n<table>\n<thead>\n<tr>\n<th>Element<\/th>\n<th>Gew.-%<\/th>\n<\/tr>\n<\/thead>\n<tbody>\n<tr>\n<td>Aluminium (Al)<\/td>\n<td>Balanse<\/td>\n<\/tr>\n<tr>\n<td>Mangan (Mn)<\/td>\n<td>1.0-1.5%<\/td>\n<\/tr>\n<tr>\n<td>Eisen (Fe)<\/td>\n<td>0.7% max.<\/td>\n<\/tr>\n<tr>\n<td>Silizium (Si)<\/td>\n<td>max. 0,6 %<\/td>\n<\/tr>\n<tr>\n<td>Kupfer (Cu)<\/td>\n<td>0.05-0.20%<\/td>\n<\/tr>\n<tr>\n<td>Zink (Zn)<\/td>\n<td>max. 0,10%<\/td>\n<\/tr>\n<tr>\n<td>Magnesium (Mg)<\/td>\n<td>max. 0,10%<\/td>\n<\/tr>\n<tr>\n<td>Chrom (Cr)<\/td>\n<td>max. 0,10%<\/td>\n<\/tr>\n<\/tbody>\n<\/table>\n<p><img loading=\"lazy\" decoding=\"async\" class=\"alignnone size-medium wp-image-1409\" src=\"https:\/\/met3dp.com\/wp-content\/uploads\/2023\/09\/ed7a94ec-3c10-4b1b-87ed--300x300.jpg\" alt=\"Al 3003 Pulver\" width=\"300\" height=\"300\" title=\"\"><\/p>\n<p class=\"whitespace-pre-wrap\">Mangan ist das wichtigste Legierungselement in Aluminium 3003. Eisen, Silizium und Kupfer sind als Verunreinigungen enthalten. Die Zusammensetzung wird kontrolliert, um optimale Eigenschaften zu gew\u00e4hrleisten.<\/p>\n<h2>Eigenschaften von Al 3003-Pulver<\/h2>\n<p class=\"whitespace-pre-wrap\">Al 3003-Pulver besitzt die folgenden Eigenschaften:<\/p>\n<table>\n<thead>\n<tr>\n<th>Immobilie<\/th>\n<th>Wert<\/th>\n<\/tr>\n<\/thead>\n<tbody>\n<tr>\n<td>Dichte<\/td>\n<td>2,73 g\/cm3<\/td>\n<\/tr>\n<tr>\n<td>Schmelzpunkt<\/td>\n<td>645-650\u00a1\"C<\/td>\n<\/tr>\n<tr>\n<td>W\u00e4rmeleitf\u00e4higkeit<\/td>\n<td>180 W\/mK<\/td>\n<\/tr>\n<tr>\n<td>Elektrische Leitf\u00e4higkeit<\/td>\n<td>43-44% IACS<\/td>\n<\/tr>\n<tr>\n<td>Elastizit\u00e4tsmodul<\/td>\n<td>68-72 GPa<\/td>\n<\/tr>\n<tr>\n<td>Poissonzahl<\/td>\n<td>0.33<\/td>\n<\/tr>\n<tr>\n<td>Zugfestigkeit<\/td>\n<td>145-185 MPa<\/td>\n<\/tr>\n<tr>\n<td>Streckgrenze<\/td>\n<td>110-140 MPa<\/td>\n<\/tr>\n<tr>\n<td>Verl\u00e4ngerung<\/td>\n<td>12-20%<\/td>\n<\/tr>\n<tr>\n<td>H\u00e4rte<\/td>\n<td>35-55 Brinell<\/td>\n<\/tr>\n<\/tbody>\n<\/table>\n<p>&nbsp;<\/p>\n<p class=\"whitespace-pre-wrap\">Die Legierung bietet eine m\u00e4\u00dfige Festigkeit bei hervorragender Duktilit\u00e4t und Verformbarkeit. Sie hat eine gute Best\u00e4ndigkeit gegen atmosph\u00e4rische Korrosion. Die thermische und elektrische Leitf\u00e4higkeit ist hoch.<\/p>\n<h2>Herstellungsverfahren f\u00fcr Al 3003-Pulver<\/h2>\n<p class=\"whitespace-pre-wrap\">Zu den kommerziellen Produktionsverfahren f\u00fcr Al 3003-Pulver geh\u00f6ren:<\/p>\n<ul class=\"list-disc pl-8 space-y-2\">\n<li class=\"whitespace-normal\"><strong>Gasverd\u00fcsung<\/strong>?- Geschmolzener Legierungsstrom, der durch Hochdruck-Inertgasstrahlen zu feinen, kugelf\u00f6rmigen Pulvern zerlegt wird.<\/li>\n<li class=\"whitespace-normal\"><strong>Wasserzerst\u00e4ubung<\/strong>?- Der Hochgeschwindigkeits-Wasserstrahl trifft auf den geschmolzenen Metallstrom und zerkleinert ihn, um feines Pulver zu erzeugen.<\/li>\n<li class=\"whitespace-normal\"><strong>Mechanical Mahlen<\/strong>?- Kugelmahlen von Aluminiumflocken\/-pulver, um feinere Partikelgr\u00f6\u00dfen und Pulvereigenschaften zu erzielen.<\/li>\n<li class=\"whitespace-normal\"><strong>Elektrolyse<\/strong>?- Aluminium, das im Elektrolyseverfahren hergestellt und zu feinem Pulver gemahlen wird. Geringere Reinheit.<\/li>\n<\/ul>\n<p class=\"whitespace-pre-wrap\">Die Gaszerst\u00e4ubung bietet die beste Kontrolle \u00fcber Partikelgr\u00f6\u00dfenverteilung, Morphologie und Mikrostruktur des Pulvers.<\/p>\n<h2>Anwendungen von Al 3003-Pulver<\/h2>\n<p class=\"whitespace-pre-wrap\">Al 3003-Pulver wird in den folgenden Hauptanwendungen eingesetzt:<\/p>\n<ul class=\"list-disc pl-8 space-y-2\">\n<li class=\"whitespace-normal\"><strong>Additive Fertigung<\/strong>?- Selektives Laserschmelzen, Binder-Jetting und andere 3D-Druckverfahren zur Herstellung komplexer Bauteile.<\/li>\n<li class=\"whitespace-normal\"><strong>Pulvermetallurgie<\/strong>?- Verdichtung und Sinterung zur Herstellung von Teilen mit guten mechanischen Eigenschaften und guter Bearbeitbarkeit.<\/li>\n<li class=\"whitespace-normal\"><strong>Metallspritzguss<\/strong>?- Herstellung kleiner, komplizierter Komponenten f\u00fcr die Automobil- und Elektronikindustrie.<\/li>\n<li class=\"whitespace-normal\"><strong>W\u00e4rmespr\u00fchen<\/strong>?- Drahtbogenspritzen zur Abscheidung von Al 3003-Beschichtungen mit m\u00e4\u00dfiger Verschlei\u00df- und Korrosionsbest\u00e4ndigkeit.<\/li>\n<li class=\"whitespace-normal\"><strong>Schwei\u00dff\u00fcllstoff<\/strong>?- Wird als F\u00fclldraht f\u00fcr das Lichtbogenschwei\u00dfen und die Reparatur von Aluminiumkomponenten verwendet.<\/li>\n<li class=\"whitespace-normal\"><strong>Pigmente<\/strong>?- Wird in Farben und Beschichtungen verwendet, um Glanz und Korrosionsschutz zu gew\u00e4hrleisten.<\/li>\n<li class=\"whitespace-normal\"><strong>Pyrotechnik<\/strong>?- Der pyrotechnischen Zusammensetzung als Brennstoff hinzugef\u00fcgt, da Aluminium brennbar ist.<\/li>\n<\/ul>\n<h2>Spezifikationen von Al 3003-Pulver<\/h2>\n<p class=\"whitespace-pre-wrap\">Al 3003-Pulver ist in verschiedenen Gr\u00f6\u00dfen, Formen und Reinheitsgraden erh\u00e4ltlich:<\/p>\n<ul class=\"list-disc pl-8 space-y-2\">\n<li class=\"whitespace-normal\"><strong>Teilchengr\u00f6\u00dfe:<\/strong>Von 10-150 Mikron f\u00fcr AM-Verfahren, bis zu 300 Mikron f\u00fcr thermisches Spritzen.<\/li>\n<li class=\"whitespace-normal\"><strong>Morphologie:<\/strong>Sph\u00e4rische, k\u00f6rnige, flockige und unregelm\u00e4\u00dfige Partikelformen. Glattes Pulver flie\u00dft besser.<\/li>\n<li class=\"whitespace-normal\"><strong>Reinheit:<\/strong>Von handels\u00fcblichen bis hin zu hochreinen (99,8%) Sorten, die auf die jeweiligen Anwendungen zugeschnitten sind.<\/li>\n<li class=\"whitespace-normal\"><strong>Flie\u00dff\u00e4higkeit:<\/strong>Pulver nach Ma\u00df f\u00fcr Durchflussraten \u00fcber 25 s\/50 g.<\/li>\n<li class=\"whitespace-normal\"><strong>Noten:<\/strong>Konform mit ASTM B209, EN 573-3, ISO 209:2007 usw. Kundenspezifische Qualit\u00e4ten werden angeboten.<\/li>\n<\/ul>\n<h2>Globale Lieferanten von Al 3003-Pulver<\/h2>\n<p class=\"whitespace-pre-wrap\">Einige der wichtigsten Lieferanten von Al 3003-Pulver weltweit sind:<\/p>\n<ul class=\"list-disc pl-8 space-y-2\">\n<li class=\"whitespace-normal\">Valimet Inc, USA<\/li>\n<li class=\"whitespace-normal\">Makin Metal Powders, UK<\/li>\n<li class=\"whitespace-normal\">Metallpulver-Unternehmen, USA<\/li>\n<li class=\"whitespace-normal\">Shanghai Chaowei Nanotechnology, China<\/li>\n<li class=\"whitespace-normal\">AMETEK Reading Alloys, USA<\/li>\n<li class=\"whitespace-normal\">CNPC-Pulver-Gruppe, China<\/li>\n<li class=\"whitespace-normal\">SCM Metallprodukte, USA<\/li>\n<\/ul>\n<p class=\"whitespace-pre-wrap\">Diese Unternehmen stellen Al 3003-Pulver her, das f\u00fcr die additive Fertigung, das thermische Spritzen, das Schwei\u00dfen, die Pulvermetallurgie und andere Anwendungen geeignet ist.<\/p>\n<h2>Al 3003 Pulver Preisgestaltung<\/h2>\n<p class=\"whitespace-pre-wrap\">Der Preis von Al 3003-Pulver h\u00e4ngt von verschiedenen Faktoren ab:<\/p>\n<ul class=\"list-disc pl-8 space-y-2\">\n<li class=\"whitespace-normal\">Reinheitsgrade<\/li>\n<li class=\"whitespace-normal\">Korngr\u00f6\u00dfenverteilung<\/li>\n<li class=\"whitespace-normal\">Pulvercharakteristik<\/li>\n<li class=\"whitespace-normal\">Bestellmenge<\/li>\n<li class=\"whitespace-normal\">Weitere Verarbeitung<\/li>\n<li class=\"whitespace-normal\">Lieferant und Standort<\/li>\n<\/ul>\n<table>\n<thead>\n<tr>\n<th>Note<\/th>\n<th>Preisspanne<\/th>\n<\/tr>\n<\/thead>\n<tbody>\n<tr>\n<td>Commercial<\/td>\n<td>$3-8 pro kg<\/td>\n<\/tr>\n<tr>\n<td>Hohe Reinheit<\/td>\n<td>$8-15 pro kg<\/td>\n<\/tr>\n<tr>\n<td>Ultrafein<\/td>\n<td>15-30 \u20ac pro kg<\/td>\n<\/tr>\n<tr>\n<td>Extra<\/td>\n<td>30-60 $ pro kg<\/td>\n<\/tr>\n<\/tbody>\n<\/table>\n<p>&nbsp;<\/p>\n<p class=\"whitespace-pre-wrap\">F\u00fcr ultrafeine, kugelf\u00f6rmige und gaszerst\u00e4ubte Pulver werden wesentlich h\u00f6here Preise verlangt als f\u00fcr handels\u00fcbliche Sorten.<\/p>\n<h2>Lagerung und Handhabung von Al 3003-Pulver<\/h2>\n<p class=\"whitespace-pre-wrap\">Al 3003-Pulver sollte ordnungsgem\u00e4\u00df gelagert und gehandhabt werden, um zu verhindern:<\/p>\n<ul class=\"list-disc pl-8 space-y-2\">\n<li class=\"whitespace-normal\">Oxidation und Reaktion mit Feuchtigkeit<\/li>\n<li class=\"whitespace-normal\">Staubexplosionen durch Entz\u00fcndung von Pulver<\/li>\n<li class=\"whitespace-normal\">Einatmen von feinem Pulver f\u00fchrt zu gesundheitlichen Problemen<\/li>\n<li class=\"whitespace-normal\">Die vom Lieferanten empfohlenen Sicherheitspraktiken sollten befolgt werden.<\/li>\n<\/ul>\n<p class=\"whitespace-pre-wrap\">F\u00fcr den Umgang mit dem Pulver werden die Lagerung unter Schutzgas, angemessene L\u00fcftung, Erdung und PSA empfohlen.<\/p>\n<h2>Test- und Charakterisierungsmethoden<\/h2>\n<p class=\"whitespace-pre-wrap\">Zu den wichtigsten Pr\u00fcfverfahren f\u00fcr Al 3003-Pulver geh\u00f6ren:<\/p>\n<ul class=\"list-disc pl-8 space-y-2\">\n<li class=\"whitespace-normal\">Chemische Analyse mittels OES oder RFA zur Ermittlung der Zusammensetzung<\/li>\n<li class=\"whitespace-normal\">Korngr\u00f6\u00dfenverteilung gem\u00e4\u00df ASTM B822-Standard<\/li>\n<li class=\"whitespace-normal\">Morphologieanalyse durch REM-Bildgebung<\/li>\n<li class=\"whitespace-normal\">Messung der Durchflussmenge mit dem Hall'schen Durchflusstrichter<\/li>\n<li class=\"whitespace-normal\">Dichtebestimmung mittels Helium-Pyknometrie<\/li>\n<li class=\"whitespace-normal\">Unreinheitenpr\u00fcfung durch ICP-MS<\/li>\n<li class=\"whitespace-normal\">Gef\u00fcgeuntersuchung mit Hilfe der R\u00f6ntgendiffraktion<\/li>\n<\/ul>\n<p class=\"whitespace-pre-wrap\">Diese Pr\u00fcfverfahren gew\u00e4hrleisten eine zuverl\u00e4ssige und gleichbleibende Qualit\u00e4t des Aluminiumlegierungspulvers.<\/p>\n<h2>Vergleich zwischen Al 3003- und Al 6061-Pulver<\/h2>\n<p class=\"whitespace-pre-wrap\">Al 3003 und Al 6061 sind zwei Aluminiumlegierungspulver im Vergleich:<\/p>\n<table>\n<thead>\n<tr>\n<th>Parameter<\/th>\n<th>Zum 3003<\/th>\n<th>Al 6061<\/th>\n<\/tr>\n<\/thead>\n<tbody>\n<tr>\n<td>Legierungstyp<\/td>\n<td>Nicht-w\u00e4rmebehandelbar<\/td>\n<td>W\u00e4rmebehandelbar<\/td>\n<\/tr>\n<tr>\n<td>Mn-Gehalt<\/td>\n<td>1.0-1.5%<\/td>\n<td>0,15% max<\/td>\n<\/tr>\n<tr>\n<td>Inhalt Mg<\/td>\n<td>Maximal 0,1 %<\/td>\n<td>0.8-1.2%<\/td>\n<\/tr>\n<tr>\n<td>St\u00e4rke<\/td>\n<td>Mittelm\u00e4ssig<\/td>\n<td>H\u00f6her<\/td>\n<\/tr>\n<tr>\n<td>Korrosionsbest\u00e4ndigkeit<\/td>\n<td>Gut<\/td>\n<td>Ausgezeichnet<\/td>\n<\/tr>\n<tr>\n<td>Schwei\u00dfbarkeit<\/td>\n<td>Ausgezeichnet<\/td>\n<td>Gut<\/td>\n<\/tr>\n<tr>\n<td>Kosten<\/td>\n<td>Niedriger<\/td>\n<td>H\u00f6her<\/td>\n<\/tr>\n<tr>\n<td>ANWENDUNGEN<\/td>\n<td>Chemische Beh\u00e4lter, Utensilien<\/td>\n<td>Luft- und Raumfahrt, Automobilteile<\/td>\n<\/tr>\n<\/tbody>\n<\/table>\n<p>&nbsp;<\/p>\n<p class=\"whitespace-pre-wrap\">Al 6061 bietet eine h\u00f6here Festigkeit, w\u00e4hrend Al 3003 eine bessere Schwei\u00dfbarkeit und Formbarkeit bei geringeren Kosten bietet.<\/p>\n<h2>FAQs zu Al 3003-Pulver<\/h2>\n<p class=\"whitespace-pre-wrap\"><strong>F: Wie wird Al 3003-Pulver hergestellt?<\/strong><\/p>\n<p class=\"whitespace-pre-wrap\">A: Al 3003-Pulver wird kommerziell durch Gaszerst\u00e4ubung, Wasserzerst\u00e4ubung, mechanisches Fr\u00e4sen und Elektrolyseverfahren hergestellt. Die Gasverd\u00fcsung bietet die beste Kontrolle \u00fcber die Partikeleigenschaften.<\/p>\n<p class=\"whitespace-pre-wrap\"><strong>F: Was sind die wichtigsten Anwendungen f\u00fcr Al 3003-Pulver?<\/strong><\/p>\n<p class=\"whitespace-pre-wrap\">A: Zu den wichtigsten Anwendungen geh\u00f6ren die additive Fertigung, das thermische Spritzen, die Pulvermetallurgie, der Metallspritzguss, Schwei\u00dfzusatzstoffe, Pigmente und pyrotechnische Zusammensetzungen.<\/p>\n<p class=\"whitespace-pre-wrap\"><strong>F: Wie gro\u00df ist die typische Pulvergr\u00f6\u00dfe von Al 3003, die f\u00fcr das Lasersintern verwendet wird?<\/strong><\/p>\n<p class=\"whitespace-pre-wrap\">A: F\u00fcr das selektive Lasersintern ist die \u00fcbliche Al 3003-Pulvergr\u00f6\u00dfe 20-53 Mikrometer mit kugelf\u00f6rmiger Morphologie f\u00fcr eine optimale Pulverbettdichte.<\/p>\n<p class=\"whitespace-pre-wrap\"><strong>F: Sind bei der Handhabung von Al 3003-Pulver besondere Vorsichtsma\u00dfnahmen erforderlich?<\/strong><\/p>\n<p class=\"whitespace-pre-wrap\">A: Ja, Aluminiumpulver kann entflammbar sein und ein Explosionsrisiko darstellen. Es wird empfohlen, sie vorsichtig unter inerter Atmosph\u00e4re zu handhaben und dabei eine angemessene Erdung, Bel\u00fcftung und PSA zu verwenden.<\/p>\n<p class=\"whitespace-pre-wrap\"><strong>F: Wo kann ich Al 3003-Pulver beschaffen, das f\u00fcr thermische Spritzschichten geeignet ist?<\/strong><\/p>\n<p class=\"whitespace-pre-wrap\">A: Unternehmen wie Valimet, Makin Metal Powders und AMETEK bieten Al 3003-Sorten an, die f\u00fcr Draht- und Flammspritzbeschichtungen geeignet sind und eine moderate Verschlei\u00df- und Korrosionsbest\u00e4ndigkeit erfordern.<\/p>\n<p><\/span><\/span><\/p>","protected":false},"excerpt":{"rendered":"<p>\u00dcbersicht \u00fcber Al 3003-Pulver Al 3003 oder 3A21-Aluminium ist eine geschmiedete Legierung, die f\u00fcr ihre gute Kaltformbarkeit, Schwei\u00dfbarkeit und Korrosionsbest\u00e4ndigkeit bekannt ist. Die Manganzus\u00e4tze erh\u00f6hen die Festigkeit durch Festl\u00f6sungsverfestigung, w\u00e4hrend die Verarbeitbarkeit erhalten bleibt. Zu den wichtigsten Eigenschaften von Al 3003-Pulver geh\u00f6ren: M\u00e4\u00dfige Festigkeit mit guter Duktilit\u00e4t. Ausgezeichnete Formbarkeit und Schwei\u00dfbarkeit. Gute Korrosionsbest\u00e4ndigkeit\u2026<\/p>","protected":false},"featured_media":1808,"parent":0,"template":"","meta":{"_acf_changed":false,"_kad_blocks_custom_css":"","_kad_blocks_head_custom_js":"","_kad_blocks_body_custom_js":"","_kad_blocks_footer_custom_js":"","_kad_post_transparent":"","_kad_post_title":"","_kad_post_layout":"","_kad_post_sidebar_id":"","_kad_post_content_style":"","_kad_post_vertical_padding":"","_kad_post_feature":"","_kad_post_feature_position":"","_kad_post_header":false,"_kad_post_footer":false,"_kad_post_classname":""},"product-category":[119,124],"class_list":["post-3903","product","type-product","status-publish","has-post-thumbnail","hentry","product-category-3d-printing-metal-powder","product-category-aluminum-based-alloy-powder"],"acf":[],"taxonomy_info":{"product-category":[{"value":119,"label":"3D Printing Metal Powder"},{"value":124,"label":"Aluminum Based Alloy Powder"}]},"featured_image_src_large":["https:\/\/3dpmetal.com\/wp-content\/uploads\/2024\/02\/Al-3003-powder.png",385,318,false],"author_info":[],"comment_info":"","_links":{"self":[{"href":"https:\/\/3dpmetal.com\/de\/wp-json\/wp\/v2\/product\/3903","targetHints":{"allow":["GET"]}}],"collection":[{"href":"https:\/\/3dpmetal.com\/de\/wp-json\/wp\/v2\/product"}],"about":[{"href":"https:\/\/3dpmetal.com\/de\/wp-json\/wp\/v2\/types\/product"}],"wp:featuredmedia":[{"embeddable":true,"href":"https:\/\/3dpmetal.com\/de\/wp-json\/wp\/v2\/media\/1808"}],"wp:attachment":[{"href":"https:\/\/3dpmetal.com\/de\/wp-json\/wp\/v2\/media?parent=3903"}],"wp:term":[{"taxonomy":"product-category","embeddable":true,"href":"https:\/\/3dpmetal.com\/de\/wp-json\/wp\/v2\/product-category?post=3903"}],"curies":[{"name":"wp","href":"https:\/\/api.w.org\/{rel}","templated":true}]}}