{"id":3904,"date":"2024-03-18T06:10:12","date_gmt":"2024-03-18T06:10:12","guid":{"rendered":"https:\/\/3dp.45612300.xyz\/product\/al-3103-powder\/"},"modified":"2024-03-18T06:10:12","modified_gmt":"2024-03-18T06:10:12","slug":"al-3103-powder","status":"publish","type":"product","link":"https:\/\/3dpmetal.com\/de\/product\/al-3103-powder\/","title":{"rendered":"Al 3103 Pulver"},"content":{"rendered":"<p><span style=\"vertical-align: inherit;\"><span style=\"vertical-align: inherit;\"><\/p>\n<h2>\u00dcberblick \u00fcber Al 3103 Powder<\/h2>\n<p class=\"whitespace-pre-wrap\">Al 3103 ist eine nicht w\u00e4rmebehandelbare Aluminium-Knetlegierung, die f\u00fcr ihre ausgezeichnete Korrosionsbest\u00e4ndigkeit, gute Verformbarkeit und Schwei\u00dfbarkeit bekannt ist. Manganzugaben verbessern die Festigkeit durch Mischkristallh\u00e4rtung bei gleichzeitiger Erhaltung einer ausgezeichneten Duktilit\u00e4t.<\/p>\n<p class=\"whitespace-pre-wrap\">Wichtige Eigenschaften von Al 3103 Pulver sind:<\/p>\n<ul class=\"list-disc pl-8 space-y-2\">\n<li class=\"whitespace-normal\">Mittlere Festigkeit mit hoher Duktilit\u00e4t und Z\u00e4higkeit<\/li>\n<li class=\"whitespace-normal\">Ausgezeichnete Schwei\u00dff\u00e4higkeit und Verformbarkeit<\/li>\n<li class=\"whitespace-normal\">Sehr gute Korrosionsbest\u00e4ndigkeit<\/li>\n<li class=\"whitespace-normal\">Hohe thermische und elektrische Leitf\u00e4higkeit<\/li>\n<li class=\"whitespace-normal\">Geringe Dichte<\/li>\n<li class=\"whitespace-normal\">In verschiedenen Partikelgr\u00f6\u00dfenverteilungen verf\u00fcgbar<\/li>\n<\/ul>\n<p class=\"whitespace-pre-wrap\">Al 3103 Pulver eignet sich f\u00fcr Anwendungen von chemischen Tanks, Maschinen zur Lebensmittelverarbeitung, W\u00e4rmeaustauschern, Stra\u00dfentankern, Utensilien und mehr. Dies erfordert eine mittlere St\u00e4rke in Kombination mit ausgezeichneter Korrosionsbest\u00e4ndigkeit.<\/p>\n<h2>Chemische Zusammensetzung von Al 3103 Pulver<\/h2>\n<p class=\"whitespace-pre-wrap\">Die typische chemische Zusammensetzung von Al-3103-Pulver ist:<\/p>\n<table>\n<thead>\n<tr>\n<th>Element<\/th>\n<th>Gew.-%<\/th>\n<\/tr>\n<\/thead>\n<tbody>\n<tr>\n<td>Aluminium (Al)<\/td>\n<td>Balanse<\/td>\n<\/tr>\n<tr>\n<td>Mangan (Mn)<\/td>\n<td>1.0-1.5%<\/td>\n<\/tr>\n<tr>\n<td>Silizium (Si)<\/td>\n<td>max. 0,6 %<\/td>\n<\/tr>\n<tr>\n<td>Eisen (Fe)<\/td>\n<td>0.7% max.<\/td>\n<\/tr>\n<tr>\n<td>Kupfer (Cu)<\/td>\n<td>max. 0,10%<\/td>\n<\/tr>\n<tr>\n<td>Magnesium (Mg)<\/td>\n<td>max. 0,10%<\/td>\n<\/tr>\n<tr>\n<td>Zink (Zn)<\/td>\n<td>max. 0,10%<\/td>\n<\/tr>\n<tr>\n<td>Chrom (Cr)<\/td>\n<td>0.05-0.20%<\/td>\n<\/tr>\n<\/tbody>\n<\/table>\n<p>&nbsp;<\/p>\n<p class=\"whitespace-pre-wrap\">Mangan ist das Hauptlegierungselement in Aluminium 3103. Eisen, Silizium, Kupfer und Zink sind als Verunreinigungselemente mit spezifischen Grenzwerten vorhanden.<\/p>\n<h2>Eigenschaften von Al 3103-Pulver<\/h2>\n<p class=\"whitespace-pre-wrap\">Die wichtigsten Eigenschaften von Al 3103 Pulver sind:<\/p>\n<table>\n<thead>\n<tr>\n<th>Immobilie<\/th>\n<th>Wert<\/th>\n<\/tr>\n<\/thead>\n<tbody>\n<tr>\n<td>Dichte<\/td>\n<td>2,73 g\/cm3<\/td>\n<\/tr>\n<tr>\n<td>Schmelzpunkt<\/td>\n<td>630-654\u00a1\u00abC<\/td>\n<\/tr>\n<tr>\n<td>W\u00e4rmeleitf\u00e4higkeit<\/td>\n<td>130 W\/mK<\/td>\n<\/tr>\n<tr>\n<td>Elektrische Leitf\u00e4higkeit<\/td>\n<td>41-43 % IACS<\/td>\n<\/tr>\n<tr>\n<td>Elastizit\u00e4tsmodul<\/td>\n<td>70 GPa<\/td>\n<\/tr>\n<tr>\n<td>Poissonzahl<\/td>\n<td>0.33<\/td>\n<\/tr>\n<tr>\n<td>Zugfestigkeit<\/td>\n<td>110-180 MPa<\/td>\n<\/tr>\n<tr>\n<td>Streckgrenze<\/td>\n<td>55\u2013110 MPa<\/td>\n<\/tr>\n<tr>\n<td>Verl\u00e4ngerung<\/td>\n<td>18-30%<\/td>\n<\/tr>\n<tr>\n<td>H\u00e4rte<\/td>\n<td>25-55 HB<\/td>\n<\/tr>\n<\/tbody>\n<\/table>\n<p>&nbsp;<\/p>\n<p class=\"whitespace-pre-wrap\">Die Legierung bietet moderate Festigkeit mit herausragender Duktilit\u00e4t, Z\u00e4higkeit und Formbarkeit. Sie verf\u00fcgt \u00fcber eine sehr gute Best\u00e4ndigkeit gegen\u00fcber atmosph\u00e4rischen und marinen Umgebungen.<\/p>\n<p><img loading=\"lazy\" decoding=\"async\" class=\"alignnone size-medium wp-image-1409\" src=\"https:\/\/met3dp.com\/wp-content\/uploads\/2023\/09\/ed7a94ec-3c10-4b1b-87ed--300x300.jpg\" alt=\"Al 3103 Pulver\" width=\"300\" height=\"300\" title=\"\"><\/p>\n<h2>Produktionsverfahren f\u00fcr Al 3103-Pulver<\/h2>\n<p class=\"whitespace-pre-wrap\">\u00dcbliche Herstellungsprozesse f\u00fcr Al 3103 Pulver umfassen:<\/p>\n<ul class=\"list-disc pl-8 space-y-2\">\n<li class=\"whitespace-normal\"><strong>Gasverd\u00fcsung<\/strong>?- Geschmolzener Legierungsstrom, der durch Inertgasd\u00fcsen in ein feines sph\u00e4risches Pulver mit gesteuerter Gr\u00f6\u00dfenverteilung zerf\u00e4llt.<\/li>\n<li class=\"whitespace-normal\"><strong>Wasserzerst\u00e4ubung<\/strong>?- Hochgeschwindigkeits-Wasserstrahl, der zur Erzeugung feiner unregelm\u00e4\u00dfiger Al 3103-Partikel verwendet wird. Wirtschaftlicher, aber h\u00f6herer Sauerstoffgehalt.<\/li>\n<li class=\"whitespace-normal\"><strong>Mechanisches Legieren<\/strong>- Kugelmahlen von Aluminium- und Manganpulvern, gefolgt von Kaltverpressen und Sintern.<\/li>\n<\/ul>\n<p class=\"whitespace-pre-wrap\">Die Gaszerst\u00e4ubung bietet die beste Kontrolle \u00fcber Pulvercharakteristiken wie Partikelgr\u00f6\u00dfe, -form und Mikrostruktur.<\/p>\n<h2>Anwendung von Al 3103-Pulver<\/h2>\n<p class=\"whitespace-pre-wrap\">Typische Anwendungen von Al 3103-Pulver umfassen:<\/p>\n<ul class=\"list-disc pl-8 space-y-2\">\n<li class=\"whitespace-normal\"><strong>Additive Fertigung<\/strong>?- Geeignet f\u00fcr Binder-Jetting sowie selektive Laserschmelzverfahren zur Herstellung komplexer Aluminiumteile.<\/li>\n<li class=\"whitespace-normal\"><strong>Pulvermetallurgie<\/strong>?- Druck- und Sinterverfahren zur Herstellung von Teilen mit guten mechanischen Eigenschaften und Zerspanbarkeit.<\/li>\n<li class=\"whitespace-normal\"><strong>Metallspritzguss<\/strong>?- Zur Herstellung kleiner filigraner Bauteile mit m\u00e4\u00dfiger Festigkeit und Korrosionsbest\u00e4ndigkeit.<\/li>\n<li class=\"whitespace-normal\"><strong>W\u00e4rmespr\u00fchen<\/strong>?- Lichtbogendrahtspritzen zur Herstellung von Schutzbeschichtungen mit m\u00e4\u00dfiger Verschlei\u00df- und Korrosionsfestigkeit.<\/li>\n<li class=\"whitespace-normal\"><strong>Schwei\u00dff\u00fcllstoff<\/strong>?- Wird als Zusatzwerkstoff verwendet, der eine \u00e4hnliche Schwei\u00dffestigkeit wie das Grundmetall aufweist.<\/li>\n<li class=\"whitespace-normal\"><strong>Pigmente<\/strong>?- F\u00fcgt Farben und Beschichtungen Glanz und Korrosionsschutz hinzu.<\/li>\n<\/ul>\n<h2>Spezifische Angaben von Al 3103 Pulver<\/h2>\n<p class=\"whitespace-pre-wrap\">Al 3103-Pulver ist in verschiedenen Gr\u00f6\u00dfenbereichen, Formen, Reinheitsstufen und Qualit\u00e4ten erh\u00e4ltlich:<\/p>\n<ul class=\"list-disc pl-8 space-y-2\">\n<li class=\"whitespace-normal\"><strong>Teilchengr\u00f6\u00dfe:<\/strong>Von 10-150 Mikrometer f\u00fcr AM-Methoden bis zu 300 Mikrometer f\u00fcr thermische Spr\u00fchprozesse.<\/li>\n<li class=\"whitespace-normal\"><strong>Morphologie:<\/strong>?Kugelige, k\u00f6rnige, dendritische und unregelm\u00e4\u00dfig geformte Partikel. Glattes Pulver flie\u00dft besser.<\/li>\n<li class=\"whitespace-normal\"><strong>Reinheit:<\/strong>? Von handels\u00fcblichen bis zu hochreinen (99,8 %) Qualit\u00e4ten, die auf die Anwendung zugeschnitten sind.<\/li>\n<li class=\"whitespace-normal\"><strong>Noten:<\/strong>Entspricht den Spezifikationen ASTM B209, EN 573, ISO. Kundenspezifische G\u00fcten werden angeboten.<\/li>\n<li class=\"whitespace-normal\"><strong>Flie\u00dff\u00e4higkeit:<\/strong>? Hervorragende Pulverflie\u00dfraten \u00fcber 25 sec\/50g sind anpassbar.<\/li>\n<\/ul>\n<h2>Globale Anbieter von Al-3103-Pulver<\/h2>\n<p class=\"whitespace-pre-wrap\">Einige der bedeutenden Lieferanten weltweit sind:<\/p>\n<ul class=\"list-disc pl-8 space-y-2\">\n<li class=\"whitespace-normal\">Valimet Inc. (USA)<\/li>\n<li class=\"whitespace-normal\">Makin Metal Powders (UK)<\/li>\n<li class=\"whitespace-normal\">Micron Metals (USA)<\/li>\n<li class=\"whitespace-normal\">Shanghai Chaowei Nanotechnologie (China)<\/li>\n<li class=\"whitespace-normal\">Shandong Yamei Nanotechnology (China)<\/li>\n<li class=\"whitespace-normal\">CNPC Pulvergruppe (China)<\/li>\n<li class=\"whitespace-normal\">Titanpulver (Russland)<\/li>\n<\/ul>\n<p class=\"whitespace-pre-wrap\">Diese Unternehmen stellen Al 3103-Pulver her, das f\u00fcr verschiedene Verfahren wie AM, MIM, thermisches Spr\u00fchen, Automotive, Marine und weitere Anwendungen geeignet ist.<\/p>\n<h2>Aluminium 3103 Pulverpreis<\/h2>\n<p class=\"whitespace-pre-wrap\">Die Preisgestaltung von Al 3103-Pulver h\u00e4ngt von mehreren Faktoren ab:<\/p>\n<ul class=\"list-disc pl-8 space-y-2\">\n<li class=\"whitespace-normal\">Reinheitsgrade<\/li>\n<li class=\"whitespace-normal\">Pulvercharakteristik<\/li>\n<li class=\"whitespace-normal\">Produktionsverfahren<\/li>\n<li class=\"whitespace-normal\">Bestellvolumen<\/li>\n<li class=\"whitespace-normal\">Lieferant und Standort<\/li>\n<\/ul>\n<table>\n<thead>\n<tr>\n<th>Note<\/th>\n<th>Preisspanne<\/th>\n<\/tr>\n<\/thead>\n<tbody>\n<tr>\n<td>Commercial<\/td>\n<td>$5-15 pro kg<\/td>\n<\/tr>\n<tr>\n<td>Hohe Reinheit<\/td>\n<td>15-25 \u20ac pro kg<\/td>\n<\/tr>\n<tr>\n<td>Ultrafein<\/td>\n<td>25\u201345 \u20ac pro kg<\/td>\n<\/tr>\n<tr>\n<td>Extra<\/td>\n<td>45\u201390 EUR pro kg<\/td>\n<\/tr>\n<\/tbody>\n<\/table>\n<p>&nbsp;<\/p>\n<p class=\"whitespace-pre-wrap\">Hochreine, kugelf\u00f6rmige und kontrollierte Partikelgr\u00f6\u00dfenpulver weisen einen h\u00f6heren Preis auf als handels\u00fcbliche G\u00fcteklassen von Al 3103.-Pulver.<\/p>\n<h2>Lagerung und Handhabung von Al 3103 Pulver<\/h2>\n<p class=\"whitespace-pre-wrap\">Al-3103-Pulver ist sachgem\u00e4\u00df zu handhaben und zu lagern, um Folgendes zu verhindern:<\/p>\n<ul class=\"list-disc pl-8 space-y-2\">\n<li class=\"whitespace-normal\">Oxidation und Reaktion mit Feuchtigkeit<\/li>\n<li class=\"whitespace-normal\">Staubexplosionsgefahren durch Feinpulver<\/li>\n<li class=\"whitespace-normal\">Einatmenbedingte gesundheitliche Probleme<\/li>\n<li class=\"whitespace-normal\">Die Sicherheitsverfahren aus dem Sicherheitsdatenblatt des Lieferanten sind einzuhalten<\/li>\n<\/ul>\n<p class=\"whitespace-pre-wrap\">Bei der Handhabung des Pulvers werden Schutzgasbedeckung, korrekte Erdung, Bel\u00fcftung und pers\u00f6nliche Schutzausr\u00fcstung empfohlen.<\/p>\n<h2>Test- und Charakterisierungsmethoden<\/h2>\n<p class=\"whitespace-pre-wrap\">Wichtige f\u00fcr Al 3103-Pulver angewandte Testmethoden sind:<\/p>\n<ul class=\"list-disc pl-8 space-y-2\">\n<li class=\"whitespace-normal\">Chemische Analyse mittels OES oder RFA zur Ermittlung der Zusammensetzung<\/li>\n<li class=\"whitespace-normal\">Korngr\u00f6\u00dfenverteilung gem\u00e4\u00df ASTM B822-Standard<\/li>\n<li class=\"whitespace-normal\">Morphologieanalyse durch SEM<\/li>\n<li class=\"whitespace-normal\">Mit Hall-Flie\u00dftrichter gemessene Pulverflie\u00dfrate<\/li>\n<li class=\"whitespace-normal\">Dichtebestimmung mittels Helium-Pyknometrie<\/li>\n<li class=\"whitespace-normal\">Unreinheitsanalyse durch ICP-MS<\/li>\n<li class=\"whitespace-normal\">Gef\u00fcgeuntersuchung mit Hilfe der R\u00f6ntgendiffraktion<\/li>\n<\/ul>\n<p class=\"whitespace-pre-wrap\">Mit diesen Tests wird die \u00dcbereinstimmung mit den Spezifikationen und Gleichm\u00e4\u00dfigkeit der Serie sichergestellt.<\/p>\n<h2>Vergleich zwischen den Pudern Al 3103 und Al 3003<\/h2>\n<p class=\"whitespace-pre-wrap\">Beim Vergleich der beiden Aluminiumpulverlegierungen Al 3103 und Al 3003:<\/p>\n<table>\n<thead>\n<tr>\n<th>Parameter<\/th>\n<th>Al 3103<\/th>\n<th>Zum 3003<\/th>\n<\/tr>\n<\/thead>\n<tbody>\n<tr>\n<td>Legierungstyp<\/td>\n<td>Nicht-w\u00e4rmebehandelbar<\/td>\n<td>Nicht-w\u00e4rmebehandelbar<\/td>\n<\/tr>\n<tr>\n<td>Mn-Gehalt<\/td>\n<td>1.0-1.5%<\/td>\n<td>1.0-1.5%<\/td>\n<\/tr>\n<tr>\n<td>St\u00e4rke<\/td>\n<td>Etwas niedriger<\/td>\n<td>Etwas h\u00f6her<\/td>\n<\/tr>\n<tr>\n<td>Korrosionsbest\u00e4ndigkeit<\/td>\n<td>Ausgezeichnet<\/td>\n<td>Ausgezeichnet<\/td>\n<\/tr>\n<tr>\n<td>Schwei\u00dfbarkeit<\/td>\n<td>Ausgezeichnet<\/td>\n<td>Ausgezeichnet<\/td>\n<\/tr>\n<tr>\n<td>Kosten<\/td>\n<td>Niedriger<\/td>\n<td>H\u00f6her<\/td>\n<\/tr>\n<\/tbody>\n<\/table>\n<p>&nbsp;<\/p>\n<p class=\"whitespace-pre-wrap\">Al 3103 l\u00e4sst sich besser formen, w\u00e4hrend Al 3003 etwas h\u00f6here Festigkeit bietet. Beide bieten eine ausgezeichnete Korrosionsbest\u00e4ndigkeit.<\/p>\n<h2>H\u00e4ufig gestellte Fragen zu Al 3103 Pulver<\/h2>\n<p class=\"whitespace-pre-wrap\"><strong>F: Wie wird Al 3103-Pulver hergestellt?<\/strong><\/p>\n<p class=\"whitespace-pre-wrap\">A: Al 3103 Pulver wird am Markt unter Verwendung von Gaszerst\u00e4ubung, Wasserzerst\u00e4ubung und mechanischer Legierung mit nachfolgender Sinterung hergestellt. Gaszerst\u00e4ubung bietet die beste Kontrolle der Teilcheneigenschaften.<\/p>\n<p class=\"whitespace-pre-wrap\"><strong>F: Was sind die Hauptanwendungen von Al 3103 Pulver?<\/strong><\/p>\n<p class=\"whitespace-pre-wrap\">A: Die wichtigsten Anwendungen von Al 3103-Pulver sind additive Fertigung, Metallpulverspritzguss, thermische Spritzbeschichtungen, Pulvermetallteile, Pigmente und Schwei\u00dfzusatzwerkstoffe.<\/p>\n<p class=\"whitespace-pre-wrap\"><strong>Q: Welche typische Al 3103-Pulvergr\u00f6\u00dfe wird f\u00fcr selektives Laserschmelzen verwendet?<\/strong><\/p>\n<p class=\"whitespace-pre-wrap\">A: F\u00fcr das SLM-Verfahren ist der ideale Gr\u00f6\u00dfenbereich f\u00fcr Al 3103-Pulver 20\u201345 Mikron mit kugelf\u00f6rmiger Morphologie, was eine gute Pulverbettdichten und Bildung des Schmelzbads erm\u00f6glicht.<\/p>\n<p class=\"whitespace-pre-wrap\"><strong>F: Erfordert Al 3103-Pulver besondere Vorsichtsma\u00dfnahmen beim Umgang damit?<\/strong><\/p>\n<p class=\"whitespace-pre-wrap\">A: Ja, es wird empfohlen, Aluminiumpulver unter Inertatmosph\u00e4re sorgf\u00e4ltig zu handhaben und dabei ordnungsgem\u00e4\u00df Erdung, Bel\u00fcftung und PSA zu verwenden, um Feuer- oder Explosionsgefahren zu vermeiden.<\/p>\n<p class=\"whitespace-pre-wrap\"><strong>F: Wo kann ich Al-3103-Pulver kaufen, das f\u00fcr den Einsatz im Meeresumfeld geeignet ist?<\/strong><\/p>\n<p class=\"whitespace-pre-wrap\">A: Al 3103-Pulver mit hoher Korrosionsbest\u00e4ndigkeit, das auf maritime Umgebungen zugeschnitten ist, kann von f\u00fchrenden Herstellern wie Valimet, Makin Metal Powders und Micron Metals erworben werden.<\/p>\n<p><\/span><\/span><\/p>","protected":false},"excerpt":{"rendered":"<p>\u00dcbersicht \u00fcber Al 3103-Pulver Al 3103 ist eine nicht w\u00e4rmebehandelbare Aluminium-Knetlegierung, die f\u00fcr ihre hervorragende Korrosionsbest\u00e4ndigkeit, gute Formbarkeit und Schwei\u00dfbarkeit bekannt ist. Manganzus\u00e4tze verbessern die Festigkeit durch Festl\u00f6sungsverfestigung, w\u00e4hrend die hervorragende Duktilit\u00e4t erhalten bleibt. Zu den wichtigsten Eigenschaften von Al 3103-Pulver geh\u00f6ren: M\u00e4\u00dfige Festigkeit mit hoher Duktilit\u00e4t und Z\u00e4higkeit Hervorragende Schwei\u00dfbarkeit und Formbarkeit Sehr\u2026<\/p>","protected":false},"featured_media":1810,"parent":0,"template":"","meta":{"_acf_changed":false,"_kad_blocks_custom_css":"","_kad_blocks_head_custom_js":"","_kad_blocks_body_custom_js":"","_kad_blocks_footer_custom_js":"","_kad_post_transparent":"","_kad_post_title":"","_kad_post_layout":"","_kad_post_sidebar_id":"","_kad_post_content_style":"","_kad_post_vertical_padding":"","_kad_post_feature":"","_kad_post_feature_position":"","_kad_post_header":false,"_kad_post_footer":false,"_kad_post_classname":""},"product-category":[119,124],"class_list":["post-3904","product","type-product","status-publish","has-post-thumbnail","hentry","product-category-3d-printing-metal-powder","product-category-aluminum-based-alloy-powder"],"acf":[],"taxonomy_info":{"product-category":[{"value":119,"label":"3D Printing Metal Powder"},{"value":124,"label":"Aluminum Based Alloy Powder"}]},"featured_image_src_large":["https:\/\/3dpmetal.com\/wp-content\/uploads\/2024\/02\/Ti22Al25Nb.jpg",406,304,false],"author_info":[],"comment_info":"","_links":{"self":[{"href":"https:\/\/3dpmetal.com\/de\/wp-json\/wp\/v2\/product\/3904","targetHints":{"allow":["GET"]}}],"collection":[{"href":"https:\/\/3dpmetal.com\/de\/wp-json\/wp\/v2\/product"}],"about":[{"href":"https:\/\/3dpmetal.com\/de\/wp-json\/wp\/v2\/types\/product"}],"wp:featuredmedia":[{"embeddable":true,"href":"https:\/\/3dpmetal.com\/de\/wp-json\/wp\/v2\/media\/1810"}],"wp:attachment":[{"href":"https:\/\/3dpmetal.com\/de\/wp-json\/wp\/v2\/media?parent=3904"}],"wp:term":[{"taxonomy":"product-category","embeddable":true,"href":"https:\/\/3dpmetal.com\/de\/wp-json\/wp\/v2\/product-category?post=3904"}],"curies":[{"name":"wp","href":"https:\/\/api.w.org\/{rel}","templated":true}]}}