{"id":3906,"date":"2024-03-18T06:10:12","date_gmt":"2024-03-18T06:10:12","guid":{"rendered":"https:\/\/3dp.45612300.xyz\/product\/al-3004-powder\/"},"modified":"2024-03-18T06:10:12","modified_gmt":"2024-03-18T06:10:12","slug":"al-3004-powder","status":"publish","type":"product","link":"https:\/\/3dpmetal.com\/de\/product\/al-3004-powder\/","title":{"rendered":"Al 3004 Pulver"},"content":{"rendered":"<p><span style=\"vertical-align: inherit;\"><span style=\"vertical-align: inherit;\"><\/p>\n<h2>\u00dcberblick \u00fcber Al 3004-Pulver<\/h2>\n<p class=\"whitespace-pre-wrap\">Al 3004 ist eine Aluminiumknetlegierung, die f\u00fcr ihre mittlere Festigkeit, hervorragende Korrosionsbest\u00e4ndigkeit, gute Formbarkeit und Schwei\u00dfbarkeit bekannt ist. Mangan erh\u00f6ht die Festigkeit durch Mischkristallverfestigung, w\u00e4hrend Magnesium die Festigkeit durch Ausscheidungsh\u00e4rtung verbessert.<\/p>\n<p class=\"whitespace-pre-wrap\">Zu den wichtigsten Eigenschaften von Al 3004-Pulver geh\u00f6ren:<\/p>\n<ul class=\"list-disc pl-8 space-y-2\">\n<li class=\"whitespace-normal\">M\u00e4\u00dfige Zugfestigkeit mit ausgezeichneter Duktilit\u00e4t<\/li>\n<li class=\"whitespace-normal\">Sehr gute Umformbarkeit und Schwei\u00dfbarkeit<\/li>\n<li class=\"whitespace-normal\">Exzellente Korrosionsbest\u00e4ndigkeit<\/li>\n<li class=\"whitespace-normal\">Hohe thermische und elektrische Leitf\u00e4higkeit<\/li>\n<li class=\"whitespace-normal\">Geringe Dichte<\/li>\n<li class=\"whitespace-normal\">In verschiedenen Partikelgr\u00f6\u00dfenverteilungen verf\u00fcgbar<\/li>\n<\/ul>\n<p class=\"whitespace-pre-wrap\">Al 3004-Pulver eignet sich f\u00fcr Anwendungen, die eine mittlere Festigkeit in Verbindung mit guter Schwei\u00dfbarkeit, Bearbeitbarkeit und Korrosionsbest\u00e4ndigkeit erfordern.<\/p>\n<h2>Chemische Zusammensetzung von Al 3004-Pulver<\/h2>\n<p class=\"whitespace-pre-wrap\">Die typische Zusammensetzung von Al 3004-Pulver ist:<\/p>\n<table>\n<thead>\n<tr>\n<th>Element<\/th>\n<th>Gew.-%<\/th>\n<\/tr>\n<\/thead>\n<tbody>\n<tr>\n<td>Aluminium (Al)<\/td>\n<td>Balanse<\/td>\n<\/tr>\n<tr>\n<td>Mangan (Mn)<\/td>\n<td>1.0-1.5%<\/td>\n<\/tr>\n<tr>\n<td>Magnesium (Mg)<\/td>\n<td>0.2-0.8%<\/td>\n<\/tr>\n<tr>\n<td>Silizium (Si)<\/td>\n<td>0-0.6%<\/td>\n<\/tr>\n<tr>\n<td>Eisen (Fe)<\/td>\n<td>0-0.7%<\/td>\n<\/tr>\n<tr>\n<td>Kupfer (Cu)<\/td>\n<td>0-0.25%<\/td>\n<\/tr>\n<tr>\n<td>Chrom (Cr)<\/td>\n<td>0-0.10%<\/td>\n<\/tr>\n<tr>\n<td>Zink (Zn)<\/td>\n<td>0-0.10%<\/td>\n<\/tr>\n<\/tbody>\n<\/table>\n<p><img loading=\"lazy\" decoding=\"async\" class=\"size-medium wp-image-1409 aligncenter\" src=\"https:\/\/met3dp.com\/wp-content\/uploads\/2023\/09\/ed7a94ec-3c10-4b1b-87ed--300x300.jpg\" alt=\"Al 3004 Pulver\" width=\"300\" height=\"300\" title=\"\"><\/p>\n<p class=\"whitespace-pre-wrap\">Mangan und Magnesium sind absichtlich zugesetzte Legierungselemente, w\u00e4hrend Silizium, Eisen, Kupfer und Zink als Verunreinigungen vorhanden sind.<\/p>\n<h2>Eigenschaften von Al 3004-Pulver<\/h2>\n<p class=\"whitespace-pre-wrap\">Zu den wichtigsten Eigenschaften von Al 3004-Pulver geh\u00f6ren:<\/p>\n<table>\n<thead>\n<tr>\n<th>Immobilie<\/th>\n<th>Wert<\/th>\n<\/tr>\n<\/thead>\n<tbody>\n<tr>\n<td>Dichte<\/td>\n<td>2,73 g\/cm3<\/td>\n<\/tr>\n<tr>\n<td>Schmelzpunkt<\/td>\n<td>630-655\u00a1\"C<\/td>\n<\/tr>\n<tr>\n<td>W\u00e4rmeleitf\u00e4higkeit<\/td>\n<td>180 W\/mK<\/td>\n<\/tr>\n<tr>\n<td>Elektrische Leitf\u00e4higkeit<\/td>\n<td>41-43 %IACS<\/td>\n<\/tr>\n<tr>\n<td>Elastizit\u00e4tsmodul<\/td>\n<td>68-72 GPa<\/td>\n<\/tr>\n<tr>\n<td>Poissonzahl<\/td>\n<td>0.33<\/td>\n<\/tr>\n<tr>\n<td>Zugfestigkeit<\/td>\n<td>190-240 MPa<\/td>\n<\/tr>\n<tr>\n<td>Streckgrenze<\/td>\n<td>110-170 MPa<\/td>\n<\/tr>\n<tr>\n<td>Verl\u00e4ngerung<\/td>\n<td>10-20%<\/td>\n<\/tr>\n<tr>\n<td>H\u00e4rte<\/td>\n<td>50-65 Brinell<\/td>\n<\/tr>\n<\/tbody>\n<\/table>\n<p>&nbsp;<\/p>\n<p class=\"whitespace-pre-wrap\">Die Legierung bietet eine m\u00e4\u00dfige Festigkeit bei hervorragender Duktilit\u00e4t und Verformbarkeit. Sie hat eine gute Best\u00e4ndigkeit gegen atmosph\u00e4rische Korrosion. Die thermische und elektrische Leitf\u00e4higkeit ist hoch.<\/p>\n<h2>Herstellungsverfahren f\u00fcr Al 3004-Pulver<\/h2>\n<p class=\"whitespace-pre-wrap\">Zu den g\u00e4ngigen Herstellungsverfahren f\u00fcr Al 3004-Pulver geh\u00f6ren:<\/p>\n<ul class=\"list-disc pl-8 space-y-2\">\n<li class=\"whitespace-normal\"><strong>Gasverd\u00fcsung<\/strong>? geschmolzener Legierungsstrom, der durch Inertgasstrahlen in feines kugelf\u00f6rmiges Pulver mit kontrollierter Partikelverteilung zerf\u00e4llt.<\/li>\n<li class=\"whitespace-normal\"><strong>Wasserzerst\u00e4ubung<\/strong>?- Hochgeschwindigkeits-Wasserstrahl zur Herstellung feiner, unregelm\u00e4\u00dfiger Al 3004-Partikel. Geringere Kosten, aber h\u00f6herer Sauerstoffgehalt.<\/li>\n<li class=\"whitespace-normal\"><strong>Mechanisches Legieren<\/strong>?- Kugelmahlen einer Mischung aus Aluminium und Legierungspulvern, gefolgt von Kaltverdichtung und Sintern.<\/li>\n<\/ul>\n<p class=\"whitespace-pre-wrap\">Die Gaszerst\u00e4ubung bietet eine hervorragende Kontrolle \u00fcber die Pulvereigenschaften, die f\u00fcr moderne Anwendungen entscheidend sind.<\/p>\n<h2>Anwendungen von Al 3004-Pulver<\/h2>\n<p class=\"whitespace-pre-wrap\">Typische Anwendungen von Al 3004-Pulver sind:<\/p>\n<ul class=\"list-disc pl-8 space-y-2\">\n<li class=\"whitespace-normal\"><strong>Additive Fertigung<\/strong>?- Wird in den Verfahren Binder Jetting, Laserschmelzen und Elektronenstrahlschmelzen zur Herstellung komplexer Aluminiumteile verwendet.<\/li>\n<li class=\"whitespace-normal\"><strong>Metallspritzguss<\/strong>?- Zur Herstellung kleiner, komplizierter Bauteile, die eine gute Festigkeit und Korrosionsbest\u00e4ndigkeit erfordern.<\/li>\n<li class=\"whitespace-normal\"><strong>Pulvermetallurgie<\/strong>?- Press- und Sinterverfahren zur Herstellung von Automobil- und Maschinenteilen mittlerer Leistung.<\/li>\n<li class=\"whitespace-normal\"><strong>W\u00e4rmespr\u00fchen<\/strong>?- Drahtbogenspritzverfahren zur Herstellung von Schutzschichten mit m\u00e4\u00dfiger Verschlei\u00df- und Korrosionsbest\u00e4ndigkeit.<\/li>\n<li class=\"whitespace-normal\"><strong>Schwei\u00dff\u00fcllstoff<\/strong>?- Wird als Zusatzdraht verwendet, um eine Schwei\u00dffestigkeit zu erzielen, die derjenigen des Grundmetalls entspricht.<\/li>\n<li class=\"whitespace-normal\"><strong>Pigmente<\/strong>?- F\u00fcgt Farben und Beschichtungen Glanz und Korrosionsschutz hinzu.<\/li>\n<\/ul>\n<h2>Spezifikationen von Al 3004-Pulver<\/h2>\n<p class=\"whitespace-pre-wrap\">Al 3004-Pulver ist in verschiedenen Gr\u00f6\u00dfen, Formen, Reinheitsgraden und Qualit\u00e4ten erh\u00e4ltlich:<\/p>\n<ul class=\"list-disc pl-8 space-y-2\">\n<li class=\"whitespace-normal\"><strong>Teilchengr\u00f6\u00dfe:<\/strong>Von 10-150 Mikrometer f\u00fcr AM-Methoden bis zu 300 Mikrometer f\u00fcr thermische Spr\u00fchprozesse.<\/li>\n<li class=\"whitespace-normal\"><strong>Morphologie:<\/strong>Es sind kugelf\u00f6rmige, k\u00f6rnige, unregelm\u00e4\u00dfige und flockige Pulverformen erh\u00e4ltlich.<\/li>\n<li class=\"whitespace-normal\"><strong>Reinheit:<\/strong>Von handels\u00fcblichen Qualit\u00e4ten bis hin zu hohen Reinheitsgraden auf der Grundlage von Verunreinigungsgrenzen.<\/li>\n<li class=\"whitespace-normal\"><strong>Noten:<\/strong>Entspricht den Spezifikationen ASTM B209, EN 573 und ISO 209. Kundenspezifische Qualit\u00e4ten werden angeboten.<\/li>\n<li class=\"whitespace-normal\"><strong>Flie\u00dff\u00e4higkeit:<\/strong>Das Pulver kann f\u00fcr spezifische Durchflussraten je nach Anwendungsanforderungen angepasst werden.<\/li>\n<\/ul>\n<h2>Globale Lieferanten von Al 3004-Pulver<\/h2>\n<p class=\"whitespace-pre-wrap\">Einige der bedeutenden Lieferanten weltweit sind:<\/p>\n<ul class=\"list-disc pl-8 space-y-2\">\n<li class=\"whitespace-normal\">Valimet Inc. (USA)<\/li>\n<li class=\"whitespace-normal\">Makin Metal Powders (UK)<\/li>\n<li class=\"whitespace-normal\">Atomization Systems Limited (Kanada)<\/li>\n<li class=\"whitespace-normal\">SCM Metal Products (USA)<\/li>\n<li class=\"whitespace-normal\">Shanghai Chaowei Nanotechnologie (China)<\/li>\n<li class=\"whitespace-normal\">Agni Metal (USA)<\/li>\n<li class=\"whitespace-normal\">Titanpulver (Russland)<\/li>\n<\/ul>\n<p class=\"whitespace-pre-wrap\">Diese Unternehmen stellen Al 3004-Pulver her, das f\u00fcr AM, thermisches Spritzen, Automobil-, Luft- und Raumfahrt- sowie allgemeine technische Anwendungen geeignet ist.<\/p>\n<h2>Al 3004 Pulver Preisgestaltung<\/h2>\n<p class=\"whitespace-pre-wrap\">Die Preisgestaltung von Al 3004-Pulver h\u00e4ngt von Faktoren ab wie:<\/p>\n<ul class=\"list-disc pl-8 space-y-2\">\n<li class=\"whitespace-normal\">Reinheitsgrade<\/li>\n<li class=\"whitespace-normal\">Korngr\u00f6\u00dfenverteilung<\/li>\n<li class=\"whitespace-normal\">Morphologie und Form des Pulvers<\/li>\n<li class=\"whitespace-normal\">Bestellmenge<\/li>\n<li class=\"whitespace-normal\">Lieferant und geografischer Standort<\/li>\n<\/ul>\n<table>\n<thead>\n<tr>\n<th>Note<\/th>\n<th>Preisspanne<\/th>\n<\/tr>\n<\/thead>\n<tbody>\n<tr>\n<td>Commercial<\/td>\n<td>$5-15 pro kg<\/td>\n<\/tr>\n<tr>\n<td>Hohe Reinheit<\/td>\n<td>15-25 \u20ac pro kg<\/td>\n<\/tr>\n<tr>\n<td>Ultrafein<\/td>\n<td>25\u201345 \u20ac pro kg<\/td>\n<\/tr>\n<tr>\n<td>Extra<\/td>\n<td>45\u201390 EUR pro kg<\/td>\n<\/tr>\n<\/tbody>\n<\/table>\n<p>&nbsp;<\/p>\n<p class=\"whitespace-pre-wrap\">Sph\u00e4rische, kontrollierte Partikelgr\u00f6\u00dfen und hochreine Qualit\u00e4ten sind teurer als einfaches handels\u00fcbliches Al 3004-Pulver.<\/p>\n<h2>Lagerung und Handhabung von Al 3004-Pulver<\/h2>\n<p class=\"whitespace-pre-wrap\">Al 3004-Pulver sollte ordnungsgem\u00e4\u00df gehandhabt und gelagert werden, um zu verhindern:<\/p>\n<ul class=\"list-disc pl-8 space-y-2\">\n<li class=\"whitespace-normal\">Oxidation und Reaktion mit Feuchtigkeit<\/li>\n<li class=\"whitespace-normal\">Staubexplosionsgefahren durch Feinpulver<\/li>\n<li class=\"whitespace-normal\">Gesundheitsbeschwerden im Zusammenhang mit dem Einatmen<\/li>\n<li class=\"whitespace-normal\">Die Sicherheitsverfahren aus dem Sicherheitsdatenblatt des Lieferanten sind einzuhalten<\/li>\n<\/ul>\n<p class=\"whitespace-pre-wrap\">Bei der Handhabung des Pulvers werden Schutzgasbedeckung, korrekte Erdung, Bel\u00fcftung und pers\u00f6nliche Schutzausr\u00fcstung empfohlen.<\/p>\n<h2>Test- und Charakterisierungsmethoden<\/h2>\n<p class=\"whitespace-pre-wrap\">Zu den wichtigsten Pr\u00fcfverfahren f\u00fcr Al 3004-Pulver geh\u00f6ren:<\/p>\n<ul class=\"list-disc pl-8 space-y-2\">\n<li class=\"whitespace-normal\">Analyse der chemischen Zusammensetzung mittels OES oder XRF<\/li>\n<li class=\"whitespace-normal\">Korngr\u00f6\u00dfenverteilung gem\u00e4\u00df ASTM B822-Standard<\/li>\n<li class=\"whitespace-normal\">Morphologieanalyse durch SEM<\/li>\n<li class=\"whitespace-normal\">Durchflussmenge des Pulvers gemessen mit Hall-Durchflussmesser<\/li>\n<li class=\"whitespace-normal\">Dichte bestimmt durch Helium-Pyknometrie<\/li>\n<li class=\"whitespace-normal\">Pr\u00fcfung des Verunreinigungsgrads mittels ICP-MS<\/li>\n<li class=\"whitespace-normal\">Gef\u00fcgeuntersuchung mit Hilfe der R\u00f6ntgendiffraktion<\/li>\n<\/ul>\n<p class=\"whitespace-pre-wrap\">Diese Tests gew\u00e4hrleisten die Konsistenz von Charge zu Charge und stellen sicher, dass das Pulver den Anwendungsanforderungen entspricht.<\/p>\n<h2>Vergleich zwischen Al 3004- und Al 6061-Pulver<\/h2>\n<p class=\"whitespace-pre-wrap\">Al 3004 und Al 6061 sind zwei Aluminiumlegierungspulver im Vergleich:<\/p>\n<table>\n<thead>\n<tr>\n<th>Parameter<\/th>\n<th>Al 3004<\/th>\n<th>Al 6061<\/th>\n<\/tr>\n<\/thead>\n<tbody>\n<tr>\n<td>Legierungstyp<\/td>\n<td>Nicht-w\u00e4rmebehandelbar<\/td>\n<td>W\u00e4rmebehandelbar<\/td>\n<\/tr>\n<tr>\n<td>Inhalt Mg<\/td>\n<td>0.2-0.8%<\/td>\n<td>0.8-1.2%<\/td>\n<\/tr>\n<tr>\n<td>St\u00e4rke<\/td>\n<td>Mittelm\u00e4ssig<\/td>\n<td>H\u00f6her<\/td>\n<\/tr>\n<tr>\n<td>Korrosionsbest\u00e4ndigkeit<\/td>\n<td>Ausgezeichnet<\/td>\n<td>Ausgezeichnet<\/td>\n<\/tr>\n<tr>\n<td>Schwei\u00dfbarkeit<\/td>\n<td>Ausgezeichnet<\/td>\n<td>Gut<\/td>\n<\/tr>\n<tr>\n<td>Zerspanbarkeit<\/td>\n<td>Gut<\/td>\n<td>Ausgezeichnet<\/td>\n<\/tr>\n<tr>\n<td>Kosten<\/td>\n<td>Niedriger<\/td>\n<td>H\u00f6her<\/td>\n<\/tr>\n<\/tbody>\n<\/table>\n<p>&nbsp;<\/p>\n<p class=\"whitespace-pre-wrap\">Al 3004 l\u00e4sst sich besser schwei\u00dfen, w\u00e4hrend Al 6061 eine h\u00f6here Festigkeit aufweist. Beide bieten eine ausgezeichnete Korrosionsbest\u00e4ndigkeit.<\/p>\n<h2>FAQs zu Al 3004-Pulver<\/h2>\n<p class=\"whitespace-pre-wrap\"><strong>F: Wie wird Al 3004-Pulver hergestellt?<\/strong><\/p>\n<p class=\"whitespace-pre-wrap\">A: Al 3004-Pulver wird kommerziell durch Gasverd\u00fcsung, Wasserverd\u00fcsung und mechanisches Legieren mit anschlie\u00dfender Sinterung hergestellt. Die Gasverd\u00fcsung bietet die beste Kontrolle \u00fcber die Partikeleigenschaften.<\/p>\n<p class=\"whitespace-pre-wrap\"><strong>F: Was sind die wichtigsten Anwendungen von Al 3004-Pulver?<\/strong><\/p>\n<p class=\"whitespace-pre-wrap\">A: Zu den wichtigsten Anwendungen von Al 3004-Pulver geh\u00f6ren die additive Fertigung, thermische Spritzbeschichtungen, die Herstellung von pulvermetallurgischen Teilen, Metallspritzguss, Pigmente und Schwei\u00dfzusatzdraht.<\/p>\n<p class=\"whitespace-pre-wrap\"><strong>F: Was ist die empfohlene Partikelgr\u00f6\u00dfe f\u00fcr Al 3004-Pulver f\u00fcr den 3D-Druck mit Binderstrahl?<\/strong><\/p>\n<p class=\"whitespace-pre-wrap\">A: F\u00fcr das Binder-Jetting-Verfahren liegt der typische Al 3004-Pulvergr\u00f6\u00dfenbereich bei 20-45 Mikrometern mit nahezu kugelf\u00f6rmiger Morphologie, um eine gute Pulverbettdichte und Binderinfiltration zu gew\u00e4hrleisten.<\/p>\n<p class=\"whitespace-pre-wrap\"><strong>F: Sind bei der Handhabung von Al 3004-Pulver besondere Vorsichtsma\u00dfnahmen erforderlich?<\/strong><\/p>\n<p class=\"whitespace-pre-wrap\">A: Ja, es wird empfohlen, Aluminiumpulver unter Inertatmosph\u00e4re sorgf\u00e4ltig zu handhaben und dabei ordnungsgem\u00e4\u00df Erdung, Bel\u00fcftung und PSA zu verwenden, um Feuer- oder Explosionsgefahren zu vermeiden.<\/p>\n<p class=\"whitespace-pre-wrap\"><strong>F: Wo kann ich Al 3004-Pulver kaufen, das f\u00fcr Schwei\u00dfdraht in der Luft- und Raumfahrt geeignet ist?<\/strong><\/p>\n<p class=\"whitespace-pre-wrap\">A: Hochreines, gasverd\u00fcstes Al 3004-Pulver, das den Standards der Luft- und Raumfahrt entspricht, kann von f\u00fchrenden Herstellern wie Valimet, Makin Metal Powders und ASL bezogen werden.<\/p>\n<p><\/span><\/span><\/p>","protected":false},"excerpt":{"rendered":"<p>\u00dcbersicht \u00fcber Al 3004-Pulver Al 3004 ist eine geschmiedete Aluminiumlegierung, die f\u00fcr ihre m\u00e4\u00dfige Festigkeit, hervorragende Korrosionsbest\u00e4ndigkeit, gute Formbarkeit und Schwei\u00dfbarkeit bekannt ist. Mangan erh\u00f6ht die Festigkeit durch Mischkristallverfestigung, w\u00e4hrend Magnesium die Festigkeit durch Ausscheidungsh\u00e4rtung verbessert. Zu den wichtigsten Eigenschaften von Al 3004-Pulver geh\u00f6ren: M\u00e4\u00dfige Zugfestigkeit mit ausgezeichneter Duktilit\u00e4t Sehr gute Formbarkeit und\u2026<\/p>","protected":false},"featured_media":1814,"parent":0,"template":"","meta":{"_acf_changed":false,"_kad_blocks_custom_css":"","_kad_blocks_head_custom_js":"","_kad_blocks_body_custom_js":"","_kad_blocks_footer_custom_js":"","_kad_post_transparent":"","_kad_post_title":"","_kad_post_layout":"","_kad_post_sidebar_id":"","_kad_post_content_style":"","_kad_post_vertical_padding":"","_kad_post_feature":"","_kad_post_feature_position":"","_kad_post_header":false,"_kad_post_footer":false,"_kad_post_classname":""},"product-category":[119,124],"class_list":["post-3906","product","type-product","status-publish","has-post-thumbnail","hentry","product-category-3d-printing-metal-powder","product-category-aluminum-based-alloy-powder"],"acf":[],"taxonomy_info":{"product-category":[{"value":119,"label":"3D Printing Metal Powder"},{"value":124,"label":"Aluminum Based Alloy Powder"}]},"featured_image_src_large":["https:\/\/3dpmetal.com\/wp-content\/uploads\/2024\/02\/Al-3004-powder.png",412,318,false],"author_info":[],"comment_info":"","_links":{"self":[{"href":"https:\/\/3dpmetal.com\/de\/wp-json\/wp\/v2\/product\/3906","targetHints":{"allow":["GET"]}}],"collection":[{"href":"https:\/\/3dpmetal.com\/de\/wp-json\/wp\/v2\/product"}],"about":[{"href":"https:\/\/3dpmetal.com\/de\/wp-json\/wp\/v2\/types\/product"}],"wp:featuredmedia":[{"embeddable":true,"href":"https:\/\/3dpmetal.com\/de\/wp-json\/wp\/v2\/media\/1814"}],"wp:attachment":[{"href":"https:\/\/3dpmetal.com\/de\/wp-json\/wp\/v2\/media?parent=3906"}],"wp:term":[{"taxonomy":"product-category","embeddable":true,"href":"https:\/\/3dpmetal.com\/de\/wp-json\/wp\/v2\/product-category?post=3906"}],"curies":[{"name":"wp","href":"https:\/\/api.w.org\/{rel}","templated":true}]}}