{"id":3907,"date":"2024-03-18T06:10:12","date_gmt":"2024-03-18T06:10:12","guid":{"rendered":"https:\/\/3dp.45612300.xyz\/product\/al-3104-powder\/"},"modified":"2024-03-18T06:10:12","modified_gmt":"2024-03-18T06:10:12","slug":"al-3104-powder","status":"publish","type":"product","link":"https:\/\/3dpmetal.com\/de\/product\/al-3104-powder\/","title":{"rendered":"Al 3104 Pulver"},"content":{"rendered":"<p><span style=\"vertical-align: inherit;\"><span style=\"vertical-align: inherit;\"><\/p>\n<h2>\u00dcberblick \u00fcber Al 3104-Pulver<\/h2>\n<p class=\"whitespace-pre-wrap\">Al 3104 ist eine Aluminium-Knetlegierung der Serie 3000, die f\u00fcr ihre gute Korrosionsbest\u00e4ndigkeit, hervorragende Verformbarkeit und Schwei\u00dfbarkeit bekannt ist. Manganzus\u00e4tze sorgen f\u00fcr Festigkeit durch Mischkristallverfestigung bei gleichzeitiger Beibehaltung von Duktilit\u00e4t und Z\u00e4higkeit.<\/p>\n<p class=\"whitespace-pre-wrap\">Zu den wichtigsten Eigenschaften von Al 3104-Pulver geh\u00f6ren:<\/p>\n<ul class=\"list-disc pl-8 space-y-2\">\n<li class=\"whitespace-normal\">M\u00e4\u00dfige Festigkeit mit ausgezeichneter Duktilit\u00e4t<\/li>\n<li class=\"whitespace-normal\">Sehr gute Schwei\u00dfbarkeit und Umformbarkeit<\/li>\n<li class=\"whitespace-normal\">Exzellente Korrosionsbest\u00e4ndigkeit<\/li>\n<li class=\"whitespace-normal\">Hohe thermische und elektrische Leitf\u00e4higkeit<\/li>\n<li class=\"whitespace-normal\">Geringe Dichte<\/li>\n<li class=\"whitespace-normal\">In verschiedenen Partikelgr\u00f6\u00dfenverteilungen verf\u00fcgbar<\/li>\n<\/ul>\n<p class=\"whitespace-pre-wrap\">Al 3104-Pulver eignet sich f\u00fcr chemische Tanks, Ger\u00e4te, W\u00e4rmetauscher und Anwendungen, die eine mittlere Festigkeit in Verbindung mit einer guten Korrosionsbest\u00e4ndigkeit erfordern.<\/p>\n<h2>Chemische Zusammensetzung von Al 3104-Pulver<\/h2>\n<p class=\"whitespace-pre-wrap\">Die typische chemische Zusammensetzung von Al 3104-Pulver ist:<\/p>\n<table>\n<thead>\n<tr>\n<th>Element<\/th>\n<th>Gew.-%<\/th>\n<\/tr>\n<\/thead>\n<tbody>\n<tr>\n<td>Aluminium (Al)<\/td>\n<td>Balanse<\/td>\n<\/tr>\n<tr>\n<td>Mangan (Mn)<\/td>\n<td>1.0-1.5%<\/td>\n<\/tr>\n<tr>\n<td>Silizium (Si)<\/td>\n<td>max. 0,3 %<\/td>\n<\/tr>\n<tr>\n<td>Eisen (Fe)<\/td>\n<td>0.7% max.<\/td>\n<\/tr>\n<tr>\n<td>Kupfer (Cu)<\/td>\n<td>0,25 % max.<\/td>\n<\/tr>\n<tr>\n<td>Magnesium (Mg)<\/td>\n<td>0,25 % max.<\/td>\n<\/tr>\n<tr>\n<td>Zink (Zn)<\/td>\n<td>0,20% max<\/td>\n<\/tr>\n<tr>\n<td>Chrom (Cr)<\/td>\n<td>0.05-0.20%<\/td>\n<\/tr>\n<\/tbody>\n<\/table>\n<p><img loading=\"lazy\" decoding=\"async\" class=\"size-medium wp-image-1409 aligncenter\" src=\"https:\/\/met3dp.com\/wp-content\/uploads\/2023\/09\/ed7a94ec-3c10-4b1b-87ed--300x300.jpg\" alt=\"Al 3104 Pulver\" width=\"300\" height=\"300\" title=\"\"><\/p>\n<p class=\"whitespace-pre-wrap\">Mangan ist das wichtigste Legierungselement in Aluminium 3104. Der Gehalt an Verunreinigungen durch Silizium, Eisen, Kupfer und Zink wird streng kontrolliert.<\/p>\n<h2>Eigenschaften von Al 3104-Pulver<\/h2>\n<p class=\"whitespace-pre-wrap\">Zu den wichtigsten Eigenschaften von Al 3104-Pulver geh\u00f6ren:<\/p>\n<table>\n<thead>\n<tr>\n<th>Immobilie<\/th>\n<th>Wert<\/th>\n<\/tr>\n<\/thead>\n<tbody>\n<tr>\n<td>Dichte<\/td>\n<td>2,73 g\/cm3<\/td>\n<\/tr>\n<tr>\n<td>Schmelzpunkt<\/td>\n<td>634-643\u00a1\"C<\/td>\n<\/tr>\n<tr>\n<td>W\u00e4rmeleitf\u00e4higkeit<\/td>\n<td>134 W\/mK<\/td>\n<\/tr>\n<tr>\n<td>Elektrische Leitf\u00e4higkeit<\/td>\n<td>38-42% IACS<\/td>\n<\/tr>\n<tr>\n<td>Elastizit\u00e4tsmodul<\/td>\n<td>70 GPa<\/td>\n<\/tr>\n<tr>\n<td>Poissonzahl<\/td>\n<td>0.33<\/td>\n<\/tr>\n<tr>\n<td>Zugfestigkeit<\/td>\n<td>150-195 MPa<\/td>\n<\/tr>\n<tr>\n<td>Streckgrenze<\/td>\n<td>95-120 MPa<\/td>\n<\/tr>\n<tr>\n<td>Verl\u00e4ngerung<\/td>\n<td>20-30%<\/td>\n<\/tr>\n<tr>\n<td>H\u00e4rte<\/td>\n<td>45-65 Brinell<\/td>\n<\/tr>\n<\/tbody>\n<\/table>\n<p>&nbsp;<\/p>\n<p class=\"whitespace-pre-wrap\">Die Legierung bietet eine m\u00e4\u00dfige Festigkeit bei hoher Duktilit\u00e4t und ausgezeichneter Verformbarkeit. Sie hat eine sehr gute Best\u00e4ndigkeit gegen atmosph\u00e4rische Korrosion und Meeresumgebungen.<\/p>\n<h2>Herstellungsverfahren f\u00fcr Al 3104-Pulver<\/h2>\n<p class=\"whitespace-pre-wrap\">Zu den g\u00e4ngigen Herstellungsverfahren f\u00fcr Al 3104-Pulver geh\u00f6ren:<\/p>\n<ul class=\"list-disc pl-8 space-y-2\">\n<li class=\"whitespace-normal\"><strong>Gasverd\u00fcsung<\/strong>?- Geschmolzener Legierungsstrom, der mit Hochdruck-Inertgasstrahlen in feines, kugelf\u00f6rmiges Pulver zerlegt wird. Kontrollierte Partikelgr\u00f6\u00dfenverteilung.<\/li>\n<li class=\"whitespace-normal\"><strong>Wasserzerst\u00e4ubung<\/strong>?- Hochgeschwindigkeits-Wasserstrahl zur Erzeugung feiner, unregelm\u00e4\u00dfiger Al 3104-Partikel. Wirtschaftlicher, aber h\u00f6here Sauerstoffaufnahme.<\/li>\n<li class=\"whitespace-normal\"><strong>Mechanisches Legieren<\/strong>?- Kugelmahlen von Aluminium- und Manganpulvermischungen mit anschlie\u00dfender Kaltverdichtung und Sinterung.<\/li>\n<\/ul>\n<p class=\"whitespace-pre-wrap\">Die Gaszerst\u00e4ubung bietet die beste Kontrolle \u00fcber Pulvercharakteristiken wie Partikelgr\u00f6\u00dfe, -form und Mikrostruktur.<\/p>\n<h2>Anwendungen von Al 3104-Pulver<\/h2>\n<p class=\"whitespace-pre-wrap\">Typische Anwendungen von Al 3104-Pulver sind:<\/p>\n<ul class=\"list-disc pl-8 space-y-2\">\n<li class=\"whitespace-normal\"><strong>Metallspritzguss<\/strong>?- Zur Herstellung kleiner, komplizierter Bauteile, die eine mittlere Festigkeit und gute Korrosionsbest\u00e4ndigkeit erfordern.<\/li>\n<li class=\"whitespace-normal\"><strong>Additive Fertigung<\/strong>?- Geeignet f\u00fcr Binder-Jetting sowie selektive Laserschmelzverfahren zur Herstellung komplexer Aluminiumteile.<\/li>\n<li class=\"whitespace-normal\"><strong>Pulvermetallurgie<\/strong>?- Druck- und Sinterverfahren zur Herstellung von Teilen mit guten mechanischen Eigenschaften und Zerspanbarkeit.<\/li>\n<li class=\"whitespace-normal\"><strong>W\u00e4rmespr\u00fchen<\/strong>?- Drahtbogenspritzverfahren zur Herstellung von Schutzschichten mit m\u00e4\u00dfiger Verschlei\u00df- und Korrosionsbest\u00e4ndigkeit.<\/li>\n<li class=\"whitespace-normal\"><strong>Schwei\u00dff\u00fcllstoff<\/strong>?- Wird als Zusatzdraht verwendet, um eine Schwei\u00dffestigkeit zu erzielen, die derjenigen des Grundmetalls entspricht.<\/li>\n<li class=\"whitespace-normal\"><strong>Pigmente<\/strong>?- Wird Lacken und Kunststoffen zugesetzt, um Glanz und Korrosionsschutz zu gew\u00e4hrleisten.<\/li>\n<\/ul>\n<h2>Spezifikationen von Al 3104-Pulver<\/h2>\n<p class=\"whitespace-pre-wrap\">Al 3104-Pulver ist in verschiedenen Gr\u00f6\u00dfen, Formen, Reinheitsgraden und Qualit\u00e4ten erh\u00e4ltlich:<\/p>\n<ul class=\"list-disc pl-8 space-y-2\">\n<li class=\"whitespace-normal\"><strong>Teilchengr\u00f6\u00dfe:<\/strong>Von 10-150 Mikrometer f\u00fcr AM-Methoden bis zu 300 Mikrometer f\u00fcr thermische Spr\u00fchprozesse.<\/li>\n<li class=\"whitespace-normal\"><strong>Morphologie:<\/strong>Sph\u00e4rische, k\u00f6rnige, dendritische und unregelm\u00e4\u00dfige Pulverformen. Glattes Pulver hat eine bessere Flie\u00dff\u00e4higkeit.<\/li>\n<li class=\"whitespace-normal\"><strong>Reinheit:<\/strong>? Von handels\u00fcblichen bis zu hochreinen (99,8 %) Qualit\u00e4ten, die auf die Anwendung zugeschnitten sind.<\/li>\n<li class=\"whitespace-normal\"><strong>Noten:<\/strong>Entspricht den Spezifikationen ASTM B209, EN 573, ISO 209. Kundenspezifische Qualit\u00e4ten werden angeboten.<\/li>\n<li class=\"whitespace-normal\"><strong>Flie\u00dff\u00e4higkeit:<\/strong>Das Pulver kann f\u00fcr exzellente Flie\u00dfgeschwindigkeiten \u00fcber 25 s\/50g angepasst werden.<\/li>\n<\/ul>\n<h2>Globale Lieferanten von Al 3104-Pulver<\/h2>\n<p class=\"whitespace-pre-wrap\">Einige der bedeutenden Lieferanten weltweit sind:<\/p>\n<ul class=\"list-disc pl-8 space-y-2\">\n<li class=\"whitespace-normal\">Valimet Inc. (USA)<\/li>\n<li class=\"whitespace-normal\">Makin Metal Powders (UK)<\/li>\n<li class=\"whitespace-normal\">Shanghai Chaowei Nanotechnologie (China)<\/li>\n<li class=\"whitespace-normal\">Micron Metals (USA)<\/li>\n<li class=\"whitespace-normal\">Shandong Yamei Nanotechnology (China)<\/li>\n<li class=\"whitespace-normal\">CNPC Pulvergruppe (China)<\/li>\n<li class=\"whitespace-normal\">Agni Metal (USA)<\/li>\n<\/ul>\n<p class=\"whitespace-pre-wrap\">Diese Unternehmen stellen Al 3104-Pulver her, das sich f\u00fcr AM, MIM, thermisches Spritzen, Schwei\u00dfen, Automobilbau und andere Anwendungen eignet und mit verschiedenen Verfahren hergestellt wird.<\/p>\n<h2>Al 3104 Pulver Preisgestaltung<\/h2>\n<p class=\"whitespace-pre-wrap\">Die Preisgestaltung f\u00fcr Al 3104-Pulver h\u00e4ngt von mehreren Faktoren ab:<\/p>\n<ul class=\"list-disc pl-8 space-y-2\">\n<li class=\"whitespace-normal\">Reinheitsgrade<\/li>\n<li class=\"whitespace-normal\">Pulvercharakteristik<\/li>\n<li class=\"whitespace-normal\">Produktionsverfahren<\/li>\n<li class=\"whitespace-normal\">Bestellvolumen<\/li>\n<li class=\"whitespace-normal\">Lieferant und Standort<\/li>\n<\/ul>\n<table>\n<thead>\n<tr>\n<th>Note<\/th>\n<th>Preisspanne<\/th>\n<\/tr>\n<\/thead>\n<tbody>\n<tr>\n<td>Commercial<\/td>\n<td>$5-15 pro kg<\/td>\n<\/tr>\n<tr>\n<td>Hohe Reinheit<\/td>\n<td>15-25 \u20ac pro kg<\/td>\n<\/tr>\n<tr>\n<td>Ultrafein<\/td>\n<td>25\u201345 \u20ac pro kg<\/td>\n<\/tr>\n<tr>\n<td>Extra<\/td>\n<td>45\u201390 EUR pro kg<\/td>\n<\/tr>\n<\/tbody>\n<\/table>\n<p>&nbsp;<\/p>\n<p class=\"whitespace-pre-wrap\">Hochreine, kugelf\u00f6rmige Pulver mit kontrollierter Partikelgr\u00f6\u00dfe sind wesentlich teurer als handels\u00fcbliche Al 3104-Pulversorten.<\/p>\n<h2>Lagerung und Handhabung von Al 3104-Pulver<\/h2>\n<p class=\"whitespace-pre-wrap\">Al 3104-Pulver sollte ordnungsgem\u00e4\u00df gehandhabt und gelagert werden, um zu verhindern:<\/p>\n<ul class=\"list-disc pl-8 space-y-2\">\n<li class=\"whitespace-normal\">Oxidation und Reaktion mit Feuchtigkeit<\/li>\n<li class=\"whitespace-normal\">Staubexplosionsgefahren durch Feinpulver<\/li>\n<li class=\"whitespace-normal\">Gesundheitsbeschwerden im Zusammenhang mit dem Einatmen<\/li>\n<li class=\"whitespace-normal\">Die Sicherheitsverfahren aus dem Sicherheitsdatenblatt des Lieferanten sind einzuhalten<\/li>\n<\/ul>\n<p class=\"whitespace-pre-wrap\">Bei der Handhabung des Pulvers werden Schutzgasbedeckung, korrekte Erdung, Bel\u00fcftung und pers\u00f6nliche Schutzausr\u00fcstung empfohlen.<\/p>\n<h2>Test- und Charakterisierungsmethoden<\/h2>\n<p class=\"whitespace-pre-wrap\">Zu den wichtigsten Pr\u00fcfverfahren f\u00fcr Al 3104-Pulver geh\u00f6ren:<\/p>\n<ul class=\"list-disc pl-8 space-y-2\">\n<li class=\"whitespace-normal\">Chemische Analyse mittels OES oder RFA zur Ermittlung der Zusammensetzung<\/li>\n<li class=\"whitespace-normal\">Korngr\u00f6\u00dfenverteilung gem\u00e4\u00df ASTM B822-Standard<\/li>\n<li class=\"whitespace-normal\">Morphologieanalyse durch SEM<\/li>\n<li class=\"whitespace-normal\">Mit Hall-Flie\u00dftrichter gemessene Pulverflie\u00dfrate<\/li>\n<li class=\"whitespace-normal\">Dichtebestimmung mittels Helium-Pyknometrie<\/li>\n<li class=\"whitespace-normal\">Unreinheitsanalyse durch ICP-MS<\/li>\n<li class=\"whitespace-normal\">Gef\u00fcgeuntersuchung mit Hilfe der R\u00f6ntgendiffraktion<\/li>\n<\/ul>\n<p class=\"whitespace-pre-wrap\">Diese Tests gew\u00e4hrleisten die Serienkonsistenz und die Einhaltung von Anwendungsanforderungen.<\/p>\n<h2>Vergleich zwischen Al 3104- und Al 3003-Pulvern<\/h2>\n<p class=\"whitespace-pre-wrap\">Al 3104 und Al 3003 sind zwei Aluminiumlegierungspulver im Vergleich:<\/p>\n<table>\n<thead>\n<tr>\n<th>Parameter<\/th>\n<th>Al 3104<\/th>\n<th>Zum 3003<\/th>\n<\/tr>\n<\/thead>\n<tbody>\n<tr>\n<td>Legierungstyp<\/td>\n<td>Nicht-w\u00e4rmebehandelbar<\/td>\n<td>Nicht-w\u00e4rmebehandelbar<\/td>\n<\/tr>\n<tr>\n<td>Mn-Gehalt<\/td>\n<td>1.0-1.5%<\/td>\n<td>1.0-1.5%<\/td>\n<\/tr>\n<tr>\n<td>St\u00e4rke<\/td>\n<td>Etwas niedriger<\/td>\n<td>Etwas h\u00f6her<\/td>\n<\/tr>\n<tr>\n<td>Korrosionsbest\u00e4ndigkeit<\/td>\n<td>Ausgezeichnet<\/td>\n<td>Ausgezeichnet<\/td>\n<\/tr>\n<tr>\n<td>Schwei\u00dfbarkeit<\/td>\n<td>Ausgezeichnet<\/td>\n<td>Ausgezeichnet<\/td>\n<\/tr>\n<tr>\n<td>Kosten<\/td>\n<td>Niedriger<\/td>\n<td>H\u00f6her<\/td>\n<\/tr>\n<\/tbody>\n<\/table>\n<p>&nbsp;<\/p>\n<p class=\"whitespace-pre-wrap\">Al 3104 bietet eine etwas bessere Umformbarkeit, w\u00e4hrend Al 3003 eine geringf\u00fcgig h\u00f6here Festigkeit aufweist. Beide bieten eine ausgezeichnete Korrosionsbest\u00e4ndigkeit.<\/p>\n<h2>FAQs zu Al 3104-Pulver<\/h2>\n<p class=\"whitespace-pre-wrap\"><strong>F: Wie wird Al 3104-Pulver hergestellt?<\/strong><\/p>\n<p class=\"whitespace-pre-wrap\">A: Al 3104-Pulver wird kommerziell durch Gasverd\u00fcsung, Wasserverd\u00fcsung und mechanisches Legieren mit anschlie\u00dfender Sinterung hergestellt. Die Gasverd\u00fcsung bietet die beste Kontrolle \u00fcber die Partikeleigenschaften.<\/p>\n<p class=\"whitespace-pre-wrap\"><strong>F: Was sind die Hauptanwendungen von Al 3104-Pulver?<\/strong><\/p>\n<p class=\"whitespace-pre-wrap\">A: Zu den wichtigsten Anwendungen von Al 3104-Pulver geh\u00f6ren Metall-Spritzguss, additive Fertigung, thermische Spritzschichten, pulvermetallurgische Teile, Pigmente und Schwei\u00dfzusatzdraht.<\/p>\n<p class=\"whitespace-pre-wrap\"><strong>F: Welche Pulvergr\u00f6\u00dfe von Al 3104 wird f\u00fcr den 3D-Druck mit Binderstrahl empfohlen?<\/strong><\/p>\n<p class=\"whitespace-pre-wrap\">A: F\u00fcr das Binder-Jetting-Verfahren liegt der typische Al 3104-Pulvergr\u00f6\u00dfenbereich bei 20-45 Mikrometern mit nahezu sph\u00e4rischer Morphologie, um eine gute Pulverbettdichte zu erm\u00f6glichen.<\/p>\n<p class=\"whitespace-pre-wrap\"><strong>F: Sind bei der Handhabung von Al 3104-Pulver besondere Vorsichtsma\u00dfnahmen erforderlich?<\/strong><\/p>\n<p class=\"whitespace-pre-wrap\">A: Ja, es wird empfohlen, Aluminiumpulver vorsichtig in einer inerten Atmosph\u00e4re zu handhaben und dabei eine angemessene Erdung, Bel\u00fcftung und PSA zu verwenden, um Brand- und Explosionsgefahren zu vermeiden.<\/p>\n<p class=\"whitespace-pre-wrap\"><strong>F: Wo kann ich Al 3104-Pulver kaufen, das f\u00fcr Schiffsanwendungen geeignet ist?<\/strong><\/p>\n<p class=\"whitespace-pre-wrap\">A: Al 3104-Pulver mit hoher Korrosionsbest\u00e4ndigkeit, das auf Meeresumgebungen zugeschnitten ist, kann von f\u00fchrenden Herstellern wie Valimet, Makin Metal Powders und Micron Metals bezogen werden.<\/p>\n<p><\/span><\/span><\/p>","protected":false},"excerpt":{"rendered":"<p>\u00dcberblick \u00fcber Al 3104-Pulver Al 3104 ist eine Aluminium-Knetlegierung der Serie 3000, die f\u00fcr ihre gute Korrosionsbest\u00e4ndigkeit, hervorragende Verformbarkeit und Schwei\u00dfbarkeit bekannt ist. Manganzus\u00e4tze sorgen f\u00fcr Festigkeit durch Mischkristallverfestigung bei gleichzeitiger Beibehaltung von Duktilit\u00e4t und Z\u00e4higkeit. Zu den wichtigsten Eigenschaften von Al 3104-Pulver geh\u00f6ren: M\u00e4\u00dfige Festigkeit mit ausgezeichneter Duktilit\u00e4t Sehr gute Schwei\u00dfbarkeit und Verformbarkeit Ausgezeichnete...<\/p>","protected":false},"featured_media":1816,"parent":0,"template":"","meta":{"_acf_changed":false,"_kad_blocks_custom_css":"","_kad_blocks_head_custom_js":"","_kad_blocks_body_custom_js":"","_kad_blocks_footer_custom_js":"","_kad_post_transparent":"","_kad_post_title":"","_kad_post_layout":"","_kad_post_sidebar_id":"","_kad_post_content_style":"","_kad_post_vertical_padding":"","_kad_post_feature":"","_kad_post_feature_position":"","_kad_post_header":false,"_kad_post_footer":false,"_kad_post_classname":""},"product-category":[119,124],"class_list":["post-3907","product","type-product","status-publish","has-post-thumbnail","hentry","product-category-3d-printing-metal-powder","product-category-aluminum-based-alloy-powder"],"acf":[],"taxonomy_info":{"product-category":[{"value":119,"label":"3D Printing Metal Powder"},{"value":124,"label":"Aluminum Based Alloy Powder"}]},"featured_image_src_large":["https:\/\/3dpmetal.com\/wp-content\/uploads\/2024\/02\/Al-3104-powder.png",451,429,false],"author_info":[],"comment_info":"","_links":{"self":[{"href":"https:\/\/3dpmetal.com\/de\/wp-json\/wp\/v2\/product\/3907","targetHints":{"allow":["GET"]}}],"collection":[{"href":"https:\/\/3dpmetal.com\/de\/wp-json\/wp\/v2\/product"}],"about":[{"href":"https:\/\/3dpmetal.com\/de\/wp-json\/wp\/v2\/types\/product"}],"wp:featuredmedia":[{"embeddable":true,"href":"https:\/\/3dpmetal.com\/de\/wp-json\/wp\/v2\/media\/1816"}],"wp:attachment":[{"href":"https:\/\/3dpmetal.com\/de\/wp-json\/wp\/v2\/media?parent=3907"}],"wp:term":[{"taxonomy":"product-category","embeddable":true,"href":"https:\/\/3dpmetal.com\/de\/wp-json\/wp\/v2\/product-category?post=3907"}],"curies":[{"name":"wp","href":"https:\/\/api.w.org\/{rel}","templated":true}]}}